{"id":1044,"date":"2023-09-14T10:50:59","date_gmt":"2023-09-14T10:50:59","guid":{"rendered":"http:\/\/legsedition.net\/alel\/?page_id=1044"},"modified":"2023-12-01T20:45:51","modified_gmt":"2023-12-01T20:45:51","slug":"patrimoine-et-nous","status":"publish","type":"page","link":"https:\/\/legsedition.net\/alel\/patrimoine-et-nous\/","title":{"rendered":"PATRIMOINE"},"content":{"rendered":"<div id=\"attachment_1047\" style=\"width: 1290px\" class=\"wp-caption alignleft\"><img fetchpriority=\"high\" decoding=\"async\" aria-describedby=\"caption-attachment-1047\" class=\"size-full wp-image-1047\" src=\"http:\/\/legsedition.net\/alel\/wp-content\/uploads\/2023\/09\/books-1617327_1280.jpg\" alt=\"\u00a9 Marisa_Sias\" width=\"1280\" height=\"720\" srcset=\"https:\/\/legsedition.net\/alel\/wp-content\/uploads\/2023\/09\/books-1617327_1280.jpg 1280w, https:\/\/legsedition.net\/alel\/wp-content\/uploads\/2023\/09\/books-1617327_1280-300x169.jpg 300w, https:\/\/legsedition.net\/alel\/wp-content\/uploads\/2023\/09\/books-1617327_1280-768x432.jpg 768w, https:\/\/legsedition.net\/alel\/wp-content\/uploads\/2023\/09\/books-1617327_1280-1024x576.jpg 1024w, https:\/\/legsedition.net\/alel\/wp-content\/uploads\/2023\/09\/books-1617327_1280-370x208.jpg 370w, https:\/\/legsedition.net\/alel\/wp-content\/uploads\/2023\/09\/books-1617327_1280-1040x585.jpg 1040w\" sizes=\"(max-width: 1280px) 100vw, 1280px\" \/><p id=\"caption-attachment-1047\" class=\"wp-caption-text\">\u00a9 Marisa_Sias<\/p><\/div>\n<p><em>Patrimoine&#8230;<\/em> Cette rubrique se veut avant tout un pr\u00e9texte. Un bel et vrai pr\u00e9texte ! Un de ces pr\u00e9textes qui tient la route, disons mieux. Nous vivons dans un pays o\u00f9 l\u2019on porte l\u2019oubli en soi. On en fait une partie propre \u00e0 soi, si bien parfois, il arrive m\u00eame \u00e0 certains de s\u2019oublier. On oublie m\u00eame la date de son anniversaire. Vivre dans ce pays\u00a0rel\u00e8ve tellement d&rsquo;un calvaire. Un poids qui nous p\u00e8se et nous enfonce au jour le jour. Tellement de soucis qui peuplent le quotidien\u2026<\/p>\n<p>\u00c9tant un peuple qui chante qui danse, comme l\u2019a si bien dit l\u2019Oncle Mars, l\u2019on ne prend m\u00eame pas le temps de savoir ce dont on est capable. Un peuple qui s\u2019ignore, pour reprendre le po\u00e8te Carl Brouard, et qui ignore ses propres enfants.<\/p>\n<h4><strong>La culture et nous<\/strong><\/h4>\n<p>En effet, c\u2019est Dany Laferri\u00e8re qui disait, avec justesse, au lendemain du s\u00e9isme de 2010, dans\u00a0<em>Tout bouge autour de moi,<\/em> que la culture est la seule chose qui tient debout. C\u2019est d\u2019autant plus vrai aujourd\u2019hui que toutes les institutions du pays sont \u00e0 genou.<\/p>\n<p>La rubrique <em>Patrimoine<\/em>\u2026 entend pr\u00e9senter les hommes et les femmes et les institutions ha\u00eftiennes d\u2019ici et d\u2019ailleurs qui ont marqu\u00e9 le temps et r\u00e9sist\u00e9 aux assauts\u00a0ayant\u00a0frapp\u00e9 ce pays.<\/p>\n<p>Valorisons ces hommes et ces femmes qui ont contribu\u00e9 \u00e0 \u0153uvrer pour la culture ha\u00eftienne. N\u2019oublions pas ces institutions. Nos patrimoines. Qu\u2019elles vivent au bon comme au vieux temps\u00a0!<\/p>\n<p>Que vive le patrimoine culturel et litt\u00e9raire ha\u00eftien !<\/p>\n<p>&gt;&gt;&gt;<a href=\"https:\/\/legsedition.net\/alel\/category\/ces-institutions-culturelles-et-nous\/\" target=\"_blank\">Pour aller plus loin<\/a><\/p>\n","protected":false},"excerpt":{"rendered":"<p>Patrimoine&#8230; Cette rubrique se veut avant tout un pr\u00e9texte. Un bel et vrai pr\u00e9texte ! Un de ces pr\u00e9textes qui tient la route, disons mieux. Nous vivons dans un pays o\u00f9 l\u2019on porte l\u2019oubli en soi. On en fait une partie propre \u00e0 soi, si bien parfois, il arrive m\u00eame&#8230; <a class=\"continue-reading-link\" href=\"https:\/\/legsedition.net\/alel\/patrimoine-et-nous\/\">Lire la suite <span class=\"meta-nav\">&rarr; <\/span><\/a><\/p>\n","protected":false},"author":2,"featured_media":0,"parent":0,"menu_order":0,"comment_status":"closed","ping_status":"closed","template":"","meta":{"_editorskit_title_hidden":false,"_editorskit_reading_time":0,"_editorskit_is_block_options_detached":false,"_editorskit_block_options_position":"{}","footnotes":""},"class_list":["post-1044","page","type-page","status-publish","hentry"],"yoast_head":"<!-- This site is optimized with the Yoast SEO plugin v25.0 - https:\/\/yoast.com\/wordpress\/plugins\/seo\/ -->\n<title>PATRIMOINE -<\/title>\n<meta name=\"robots\" content=\"index, follow, max-snippet:-1, max-image-preview:large, max-video-preview:-1\" \/>\n<link rel=\"canonical\" href=\"https:\/\/legsedition.net\/alel\/patrimoine-et-nous\/\" \/>\n<meta property=\"og:locale\" content=\"fr_FR\" \/>\n<meta property=\"og:type\" content=\"article\" \/>\n<meta property=\"og:title\" content=\"PATRIMOINE -\" \/>\n<meta property=\"og:description\" content=\"Patrimoine&#8230; Cette rubrique se veut avant tout un pr\u00e9texte. Un bel et vrai pr\u00e9texte ! Un de ces pr\u00e9textes qui tient la route, disons mieux. Nous vivons dans un pays o\u00f9 l\u2019on porte l\u2019oubli en soi. On en fait une partie propre \u00e0 soi, si bien parfois, il arrive m\u00eame... Lire la suite &rarr;\" \/>\n<meta property=\"og:url\" content=\"https:\/\/legsedition.net\/alel\/patrimoine-et-nous\/\" \/>\n<meta property=\"article:modified_time\" content=\"2023-12-01T20:45:51+00:00\" \/>\n<meta property=\"og:image\" content=\"http:\/\/legsedition.net\/alel\/wp-content\/uploads\/2023\/09\/books-1617327_1280.jpg\" \/>\n<meta name=\"twitter:card\" content=\"summary_large_image\" \/>\n<meta name=\"twitter:label1\" content=\"Dur\u00e9e de lecture estim\u00e9e\" \/>\n\t<meta name=\"twitter:data1\" content=\"1 minute\" \/>\n<script type=\"application\/ld+json\" class=\"yoast-schema-graph\">{\"@context\":\"https:\/\/schema.org\",\"@graph\":[{\"@type\":\"WebPage\",\"@id\":\"https:\/\/legsedition.net\/alel\/patrimoine-et-nous\/\",\"url\":\"https:\/\/legsedition.net\/alel\/patrimoine-et-nous\/\",\"name\":\"PATRIMOINE -\",\"isPartOf\":{\"@id\":\"https:\/\/legsedition.net\/alel\/#website\"},\"primaryImageOfPage\":{\"@id\":\"https:\/\/legsedition.net\/alel\/patrimoine-et-nous\/#primaryimage\"},\"image\":{\"@id\":\"https:\/\/legsedition.net\/alel\/patrimoine-et-nous\/#primaryimage\"},\"thumbnailUrl\":\"http:\/\/legsedition.net\/alel\/wp-content\/uploads\/2023\/09\/books-1617327_1280.jpg\",\"datePublished\":\"2023-09-14T10:50:59+00:00\",\"dateModified\":\"2023-12-01T20:45:51+00:00\",\"breadcrumb\":{\"@id\":\"https:\/\/legsedition.net\/alel\/patrimoine-et-nous\/#breadcrumb\"},\"inLanguage\":\"fr-FR\",\"potentialAction\":[{\"@type\":\"ReadAction\",\"target\":[\"https:\/\/legsedition.net\/alel\/patrimoine-et-nous\/\"]}]},{\"@type\":\"ImageObject\",\"inLanguage\":\"fr-FR\",\"@id\":\"https:\/\/legsedition.net\/alel\/patrimoine-et-nous\/#primaryimage\",\"url\":\"https:\/\/legsedition.net\/alel\/wp-content\/uploads\/2023\/09\/books-1617327_1280.jpg\",\"contentUrl\":\"https:\/\/legsedition.net\/alel\/wp-content\/uploads\/2023\/09\/books-1617327_1280.jpg\",\"width\":1280,\"height\":720,\"caption\":\"\u00a9 Marisa_Sias\"},{\"@type\":\"BreadcrumbList\",\"@id\":\"https:\/\/legsedition.net\/alel\/patrimoine-et-nous\/#breadcrumb\",\"itemListElement\":[{\"@type\":\"ListItem\",\"position\":1,\"name\":\"Accueil\",\"item\":\"https:\/\/legsedition.net\/alel\/\"},{\"@type\":\"ListItem\",\"position\":2,\"name\":\"PATRIMOINE\"}]},{\"@type\":\"WebSite\",\"@id\":\"https:\/\/legsedition.net\/alel\/#website\",\"url\":\"https:\/\/legsedition.net\/alel\/\",\"name\":\"\",\"description\":\"\",\"potentialAction\":[{\"@type\":\"SearchAction\",\"target\":{\"@type\":\"EntryPoint\",\"urlTemplate\":\"https:\/\/legsedition.net\/alel\/?s={search_term_string}\"},\"query-input\":{\"@type\":\"PropertyValueSpecification\",\"valueRequired\":true,\"valueName\":\"search_term_string\"}}],\"inLanguage\":\"fr-FR\"}]}<\/script>\n<!-- \/ Yoast SEO plugin. -->","yoast_head_json":{"title":"PATRIMOINE -","robots":{"index":"index","follow":"follow","max-snippet":"max-snippet:-1","max-image-preview":"max-image-preview:large","max-video-preview":"max-video-preview:-1"},"canonical":"https:\/\/legsedition.net\/alel\/patrimoine-et-nous\/","og_locale":"fr_FR","og_type":"article","og_title":"PATRIMOINE -","og_description":"Patrimoine&#8230; Cette rubrique se veut avant tout un pr\u00e9texte. Un bel et vrai pr\u00e9texte ! Un de ces pr\u00e9textes qui tient la route, disons mieux. Nous vivons dans un pays o\u00f9 l\u2019on porte l\u2019oubli en soi. On en fait une partie propre \u00e0 soi, si bien parfois, il arrive m\u00eame... Lire la suite &rarr;","og_url":"https:\/\/legsedition.net\/alel\/patrimoine-et-nous\/","article_modified_time":"2023-12-01T20:45:51+00:00","og_image":[{"url":"http:\/\/legsedition.net\/alel\/wp-content\/uploads\/2023\/09\/books-1617327_1280.jpg","type":"","width":"","height":""}],"twitter_card":"summary_large_image","twitter_misc":{"Dur\u00e9e de lecture estim\u00e9e":"1 minute"},"schema":{"@context":"https:\/\/schema.org","@graph":[{"@type":"WebPage","@id":"https:\/\/legsedition.net\/alel\/patrimoine-et-nous\/","url":"https:\/\/legsedition.net\/alel\/patrimoine-et-nous\/","name":"PATRIMOINE -","isPartOf":{"@id":"https:\/\/legsedition.net\/alel\/#website"},"primaryImageOfPage":{"@id":"https:\/\/legsedition.net\/alel\/patrimoine-et-nous\/#primaryimage"},"image":{"@id":"https:\/\/legsedition.net\/alel\/patrimoine-et-nous\/#primaryimage"},"thumbnailUrl":"http:\/\/legsedition.net\/alel\/wp-content\/uploads\/2023\/09\/books-1617327_1280.jpg","datePublished":"2023-09-14T10:50:59+00:00","dateModified":"2023-12-01T20:45:51+00:00","breadcrumb":{"@id":"https:\/\/legsedition.net\/alel\/patrimoine-et-nous\/#breadcrumb"},"inLanguage":"fr-FR","potentialAction":[{"@type":"ReadAction","target":["https:\/\/legsedition.net\/alel\/patrimoine-et-nous\/"]}]},{"@type":"ImageObject","inLanguage":"fr-FR","@id":"https:\/\/legsedition.net\/alel\/patrimoine-et-nous\/#primaryimage","url":"https:\/\/legsedition.net\/alel\/wp-content\/uploads\/2023\/09\/books-1617327_1280.jpg","contentUrl":"https:\/\/legsedition.net\/alel\/wp-content\/uploads\/2023\/09\/books-1617327_1280.jpg","width":1280,"height":720,"caption":"\u00a9 Marisa_Sias"},{"@type":"BreadcrumbList","@id":"https:\/\/legsedition.net\/alel\/patrimoine-et-nous\/#breadcrumb","itemListElement":[{"@type":"ListItem","position":1,"name":"Accueil","item":"https:\/\/legsedition.net\/alel\/"},{"@type":"ListItem","position":2,"name":"PATRIMOINE"}]},{"@type":"WebSite","@id":"https:\/\/legsedition.net\/alel\/#website","url":"https:\/\/legsedition.net\/alel\/","name":"","description":"","potentialAction":[{"@type":"SearchAction","target":{"@type":"EntryPoint","urlTemplate":"https:\/\/legsedition.net\/alel\/?s={search_term_string}"},"query-input":{"@type":"PropertyValueSpecification","valueRequired":true,"valueName":"search_term_string"}}],"inLanguage":"fr-FR"}]}},"_links":{"self":[{"href":"https:\/\/legsedition.net\/alel\/wp-json\/wp\/v2\/pages\/1044"}],"collection":[{"href":"https:\/\/legsedition.net\/alel\/wp-json\/wp\/v2\/pages"}],"about":[{"href":"https:\/\/legsedition.net\/alel\/wp-json\/wp\/v2\/types\/page"}],"author":[{"embeddable":true,"href":"https:\/\/legsedition.net\/alel\/wp-json\/wp\/v2\/users\/2"}],"replies":[{"embeddable":true,"href":"https:\/\/legsedition.net\/alel\/wp-json\/wp\/v2\/comments?post=1044"}],"version-history":[{"count":10,"href":"https:\/\/legsedition.net\/alel\/wp-json\/wp\/v2\/pages\/1044\/revisions"}],"predecessor-version":[{"id":1088,"href":"https:\/\/legsedition.net\/alel\/wp-json\/wp\/v2\/pages\/1044\/revisions\/1088"}],"wp:attachment":[{"href":"https:\/\/legsedition.net\/alel\/wp-json\/wp\/v2\/media?parent=1044"}],"curies":[{"name":"wp","href":"https:\/\/api.w.org\/{rel}","templated":true}]}}