{"id":578,"date":"2022-07-31T15:27:39","date_gmt":"2022-07-31T15:27:39","guid":{"rendered":"http:\/\/legsedition.net\/alel\/?page_id=578"},"modified":"2024-10-02T09:06:02","modified_gmt":"2024-10-02T09:06:02","slug":"multimedia-2","status":"publish","type":"page","link":"https:\/\/legsedition.net\/alel\/multimedia-2\/","title":{"rendered":"Multim\u00e9dia"},"content":{"rendered":"<div style=\"width: 643px\" class=\"wp-caption aligncenter\"><a href=\"http:\/\/legsedition.net\/alel\/wp-content\/uploads\/2022\/07\/livres-9.jpg\"><img fetchpriority=\"high\" decoding=\"async\" class=\"wp-image-876\" src=\"http:\/\/legsedition.net\/alel\/wp-content\/uploads\/2022\/07\/livres-9.jpg\" alt=\"livres-9\" width=\"633\" height=\"378\" srcset=\"https:\/\/legsedition.net\/alel\/wp-content\/uploads\/2022\/07\/livres-9.jpg 960w, https:\/\/legsedition.net\/alel\/wp-content\/uploads\/2022\/07\/livres-9-300x179.jpg 300w, https:\/\/legsedition.net\/alel\/wp-content\/uploads\/2022\/07\/livres-9-768x459.jpg 768w, https:\/\/legsedition.net\/alel\/wp-content\/uploads\/2022\/07\/livres-9-370x221.jpg 370w\" sizes=\"(max-width: 633px) 100vw, 633px\" \/><\/a><p class=\"wp-caption-text\">\u00a9 Photo prise par Willems Joseph le 7 septembre 2014<\/p><\/div>\n<p style=\"text-align: justify;\">Entre 2012 \u2013date de la cr\u00e9ation du projet <strong><a href=\"https:\/\/www.actualitte.com\/article\/interviews\/legs-editions-a-haiti-transmettre-la-passion-des-livres\/87418\" target=\"_blank\">LEGS<\/a><\/strong> \u2013 et 2018, nous avons r\u00e9alis\u00e9 et particip\u00e9 \u00e0 une s\u00e9rie d\u2019\u00e9missions qui nous a permis de vulgariser le projet et les activit\u00e9s et aussi de mettre les projecteurs sur d\u2019autres acteurs pr\u00e9sents dans le milieu. Ainsi \u00e0 travers <em><a href=\"https:\/\/www.facebook.com\/livres9\" target=\"_blank\">Livres 9<\/a><\/em>, \u00e9mission sur le livre que nous avons con\u00e7ue, en partenariat avec Magik 9, et r\u00e9alis\u00e9e sous la direction de l\u2019Association, nous avons donn\u00e9 la parole \u00e0 des acteurs de la cha\u00eene du livre. Cette \u00e9mission diffus\u00e9e tous les dimanches sur les ondes de la Radio Magik 9, 100.9 \u00e0 Port-au-Prince a eu, entre autres objectifs, d\u2019inventer une parole litt\u00e9raire neuve sur la litt\u00e9rature ha\u00eftienne et aussi de diversifier la programmation radiophonique dans le pays, laquelle a \u00e9t\u00e9 trop monotone et n\u2019accordant presqu\u2019aucune place au livre et \u00e0 la litt\u00e9rature.<\/p>\n<p style=\"text-align: justify;\">Ainsi, pendant 5 ans, soit de janvier 2014\u00a0\u00e0 juillet 2019, nous avons r\u00e9alis\u00e9 une bonne centaine d&rsquo;\u00e9missions autour du livre et de la lecture et de la politique du livre et de la culture. Des invit\u00e9s allant du plus au moins connus du public ont d\u00e9fil\u00e9 dans le petit studio de la radio \u2013 d&rsquo;abord\u00a0\u00e0 Delmas 75, puis\u00a0\u00e0 Pacot (rue Cass\u00e9us) et \u00e0 Croix-Desprez.<\/p>\n<p style=\"text-align: justify;\">Le premier invit\u00e9 que nous avons re\u00e7u pour la toute premi\u00e8re\u00a0\u00e9mission \u00e9tait Yanick Lahens qui venait de remporter le prix Carbet pour\u00a0<em>Guillaume et Nathalie.\u00a0<\/em>Ensuite, il y a eu, parmi les \u00e9crivain.e.s d\u00e9j\u00e0\u00a0confirm\u00e9.e.s, Gary Victor, Kettly Mars, Evelyne Trouillot, Jo\u00ebl Desrosiers, Lyonel Trouillot, Dominique Batraville, Claude Pierre, Pierre Clitandre, Marie Alice Th\u00e9ard, Emmelie Proph\u00e8te, Willems Edouard, Jean-Euph\u00e8le Milc\u00e9, Marc Exavier. Des moins ou peu connu.e.s ou qui\u00a0\u00e9taient\u00a0\u00e0 leur tout d\u00e9but : Jean-Emmanuel Jacquet, Jacques Adler Jean-Pierre, Mehdy Chalmers, Jean D&rsquo;Am\u00e9rique, Martine Fid\u00e8le, M\u00e9lissa B\u00e9ralus, Ricarson Dorc\u00e9. Des op\u00e9rateur.rice.s culturels : Cl\u00e9ment Benoit II, Ralph Jean-Baptiste, Taina Tranquille, Vickens D\u00e9rilus, Jean Verra Charles, Jimmy Borgella, Allenby Augustin. Des professeurs et critiques : Alix Emera,\u00a0 Nad\u00e8ve\u00a0M\u00e9nard, Darline Alexis, Thomas Spear, Carolyn Shread, Louguens Fran<em>\u00e7<\/em>ois, Djimy P\u00e9tiote, Jo\u00eblle Vitiello, Yves Chemla. Des \u00e9diteurs, librairies, journalistes et autres professionnels du livre : Frantz Duval,\u00a0Rodney Saint-\u00c9loi, Val\u00e9rie Marin La Mesl\u00e9e, Herard Jadotte, Dominique Gillerot, Frantz Carly, Anna\u00efse Chavenet, Mehdy Chalmers.<strong>\u00a0<\/strong><\/p>\n<p style=\"text-align: justify;\">Cependant, pour des raisons ind\u00e9pendantes de notre volont\u00e9, nous n&rsquo;avons pas pu garder tous ces bons moments pass\u00e9s\u00a0\u00e0 discuter du livre. Malgr\u00e9 l&rsquo;\u00e9coute que l&rsquo;\u00e9mission avait fini par avoir, elle a malheureusement \u00e9t\u00e9 trait\u00e9e en parent pauvre.\u00a0Sans sponsors, sans encadrement aucun, nous avions fait tout cela avec une grande passion. Parfois, il nous arrivait certains dimanches d&rsquo;avoir la d\u00e9sagr\u00e9able surprise de remarquer que l&rsquo;appareil devant enregistrer les \u00e9missions ne fonctionnait pas. Ou qu&rsquo;il n&rsquo;y avait pas de cd disponible quand nous avons oubli\u00e9 d&rsquo;en apporter un.<\/p>\n<p style=\"text-align: justify;\">Nous rendons ici un hommage sp\u00e9cial \u00e0 Willems Joseph, op\u00e9rateur affect\u00e9 \u00e0 l\u2019\u00e9mission qui a manifest\u00e9 un int\u00e9r\u00eat particulier \u00e0 travailler avec nous pendant toute la dur\u00e9e de l\u2019\u00e9mission. Quelquefois, et cela n\u2019arrive pas souvent, quand il se retrouve emp\u00each\u00e9, c\u2019est \u00e0 Booz Jean-Paul ou Fr\u00e9d\u00e9ric Alexis de prendre le relais. Avant de partir pour les \u00c9tats-Unis, il nous avait appris l\u2019abc en mati\u00e8re de mise en ondes, ce qui nous a permis de r\u00e9aliser nous-m\u00eames l\u2019\u00e9mission en son absence.<\/p>\n<p style=\"text-align: justify;\">Par ailleurs, nous avons aussi particip\u00e9 \u00e0 titre d\u2019invit\u00e9s \u00e0 diverses \u00e9missions culturelles pour parler et informer le public sur nos activit\u00e9s d\u2019\u00e9diteurs. <a href=\"https:\/\/lenouvelliste.com\/article\/118636\/dominique-batraville-nous-parle-a-haute-voix\" target=\"_blank\"><em>\u00c0 Haute Voix<\/em><\/a> de Dominique Batraville diffus\u00e9e sur les ondes de la Radio M\u00e9lodie FM nous a re\u00e7us en diverses occasions pour faire le point sur la question. Nous sommes tr\u00e8s reconnaissants envers lui pour cette sensibilit\u00e9 qu\u2019il a manifest\u00e9e \u00e0 notre attention et son int\u00e9r\u00eat sans faille pour notre travail. Marc Exavier nous recevait fid\u00e8lement\u00a0\u00e0 son \u00e9mission, <em><a href=\"https:\/\/lenouvelliste.com\/article\/148910\/lecture-et-compagnie-seme-lespoir\" target=\"_blank\">Lecture et Compagnie<\/a><\/em>, sur Radio Solidarit\u00e9, puis sur Espace FM. Samy Janvier nous a ouvert aussi les portes de <em>Cercle du livre\u00a0<\/em>(<a href=\"https:\/\/lenouvelliste.com\/article\/113992\/cercle-du-livre-cinq-ans-de-reves-de-passions-et-de-lecture-continue\" target=\"_blank\">Partie 1<\/a>;\u00a0<a href=\"https:\/\/lenouvelliste.com\/article\/114701\/cercle-du-livre-cinq-ans-de-reves-de-passions-et-de-lecture-continue\" target=\"_blank\">Partie 2<\/a>;\u00a0<a href=\"https:\/\/lenouvelliste.com\/article\/114702\/cercle-du-livre-cinq-ans-de-reves-de-passions-et-de-lecture-continue\" target=\"_blank\">Partie 3)<\/a>\u00a0sur Vision 2000.\u00a0Puis, il y a eu d&rsquo;autres emissions telles\u00a0<em>Pluriel\u00a0<\/em>anim\u00e9e par Jacques Adler Jean-Pierre,\u00a0<em><a href=\"https:\/\/lenouvelliste.com\/article\/177360\/wesbder-corneille-la-culture-au-pluriel\" target=\"_blank\">Pluriculture<\/a>\u00a0<\/em>pr\u00e9sent\u00e9e d&rsquo;abord par Sadrac Charles, puis Websder Corneille a pris le relais \u00e0 son d\u00e9part. Et\u00a0<em>Kiskeya, l\u2019\u00cele myst\u00e9rieuse <\/em>pr\u00e9sent\u00e9e par Marie Alice Th\u00e9ard sur la T\u00e9l\u00e9vision Canal Bleu, cha\u00eene 46. Elle a r\u00e9alis\u00e9 avec nous deux \u00e9missions autour de la revue <em>Legs et Litt\u00e9rature. <\/em><\/p>\n<p style=\"text-align: justify;\">Nous reprenons ici quelques \u00e9missions que nous avons pr\u00e9cieusement gard\u00e9es dans nos archives. Nous sommes donc tr\u00e8s heureux de les partager avec le public qui, nous esp\u00e9rons, se fera un plaisir de les \u00e9couter.<\/p>\n<p style=\"text-align: justify;\">\n<p style=\"text-align: justify;\">Pour \u00e9couter la s\u00e9lection d&rsquo;\u00e9missions, <strong><a href=\"https:\/\/legsedition.net\/alel\/category\/multimedia\/livres-9\/\" target=\"_blank\">CLIQUER ICI<\/a><\/strong><\/p>\n","protected":false},"excerpt":{"rendered":"<p>Entre 2012 \u2013date de la cr\u00e9ation du projet LEGS \u2013 et 2018, nous avons r\u00e9alis\u00e9 et particip\u00e9 \u00e0 une s\u00e9rie d\u2019\u00e9missions qui nous a permis de vulgariser le projet et les activit\u00e9s et aussi de mettre les projecteurs sur d\u2019autres acteurs pr\u00e9sents dans le milieu. Ainsi \u00e0 travers Livres 9,&#8230; <a class=\"continue-reading-link\" href=\"https:\/\/legsedition.net\/alel\/multimedia-2\/\">Lire la suite <span class=\"meta-nav\">&rarr; <\/span><\/a><\/p>\n","protected":false},"author":2,"featured_media":0,"parent":0,"menu_order":0,"comment_status":"closed","ping_status":"closed","template":"","meta":{"_editorskit_title_hidden":false,"_editorskit_reading_time":0,"_editorskit_is_block_options_detached":false,"_editorskit_block_options_position":"{}","footnotes":""},"class_list":["post-578","page","type-page","status-publish","hentry"],"yoast_head":"<!-- This site is optimized with the Yoast SEO plugin v25.0 - https:\/\/yoast.com\/wordpress\/plugins\/seo\/ -->\n<title>Multim\u00e9dia -<\/title>\n<meta name=\"robots\" content=\"index, follow, max-snippet:-1, max-image-preview:large, max-video-preview:-1\" \/>\n<link rel=\"canonical\" href=\"https:\/\/legsedition.net\/alel\/multimedia-2\/\" \/>\n<meta property=\"og:locale\" content=\"fr_FR\" \/>\n<meta property=\"og:type\" content=\"article\" \/>\n<meta property=\"og:title\" content=\"Multim\u00e9dia -\" \/>\n<meta property=\"og:description\" content=\"Entre 2012 \u2013date de la cr\u00e9ation du projet LEGS \u2013 et 2018, nous avons r\u00e9alis\u00e9 et particip\u00e9 \u00e0 une s\u00e9rie d\u2019\u00e9missions qui nous a permis de vulgariser le projet et les activit\u00e9s et aussi de mettre les projecteurs sur d\u2019autres acteurs pr\u00e9sents dans le milieu. Ainsi \u00e0 travers Livres 9,... Lire la suite &rarr;\" \/>\n<meta property=\"og:url\" content=\"https:\/\/legsedition.net\/alel\/multimedia-2\/\" \/>\n<meta property=\"article:modified_time\" content=\"2024-10-02T09:06:02+00:00\" \/>\n<meta property=\"og:image\" content=\"http:\/\/legsedition.net\/alel\/wp-content\/uploads\/2022\/07\/livres-9.jpg\" \/>\n<meta name=\"twitter:card\" content=\"summary_large_image\" \/>\n<meta name=\"twitter:label1\" content=\"Dur\u00e9e de lecture estim\u00e9e\" \/>\n\t<meta name=\"twitter:data1\" content=\"4 minutes\" \/>\n<script type=\"application\/ld+json\" class=\"yoast-schema-graph\">{\"@context\":\"https:\/\/schema.org\",\"@graph\":[{\"@type\":\"WebPage\",\"@id\":\"https:\/\/legsedition.net\/alel\/multimedia-2\/\",\"url\":\"https:\/\/legsedition.net\/alel\/multimedia-2\/\",\"name\":\"Multim\u00e9dia -\",\"isPartOf\":{\"@id\":\"https:\/\/legsedition.net\/alel\/#website\"},\"primaryImageOfPage\":{\"@id\":\"https:\/\/legsedition.net\/alel\/multimedia-2\/#primaryimage\"},\"image\":{\"@id\":\"https:\/\/legsedition.net\/alel\/multimedia-2\/#primaryimage\"},\"thumbnailUrl\":\"http:\/\/legsedition.net\/alel\/wp-content\/uploads\/2022\/07\/livres-9.jpg\",\"datePublished\":\"2022-07-31T15:27:39+00:00\",\"dateModified\":\"2024-10-02T09:06:02+00:00\",\"breadcrumb\":{\"@id\":\"https:\/\/legsedition.net\/alel\/multimedia-2\/#breadcrumb\"},\"inLanguage\":\"fr-FR\",\"potentialAction\":[{\"@type\":\"ReadAction\",\"target\":[\"https:\/\/legsedition.net\/alel\/multimedia-2\/\"]}]},{\"@type\":\"ImageObject\",\"inLanguage\":\"fr-FR\",\"@id\":\"https:\/\/legsedition.net\/alel\/multimedia-2\/#primaryimage\",\"url\":\"https:\/\/legsedition.net\/alel\/wp-content\/uploads\/2022\/07\/livres-9.jpg\",\"contentUrl\":\"https:\/\/legsedition.net\/alel\/wp-content\/uploads\/2022\/07\/livres-9.jpg\",\"width\":960,\"height\":574},{\"@type\":\"BreadcrumbList\",\"@id\":\"https:\/\/legsedition.net\/alel\/multimedia-2\/#breadcrumb\",\"itemListElement\":[{\"@type\":\"ListItem\",\"position\":1,\"name\":\"Accueil\",\"item\":\"https:\/\/legsedition.net\/alel\/\"},{\"@type\":\"ListItem\",\"position\":2,\"name\":\"Multim\u00e9dia\"}]},{\"@type\":\"WebSite\",\"@id\":\"https:\/\/legsedition.net\/alel\/#website\",\"url\":\"https:\/\/legsedition.net\/alel\/\",\"name\":\"\",\"description\":\"\",\"potentialAction\":[{\"@type\":\"SearchAction\",\"target\":{\"@type\":\"EntryPoint\",\"urlTemplate\":\"https:\/\/legsedition.net\/alel\/?s={search_term_string}\"},\"query-input\":{\"@type\":\"PropertyValueSpecification\",\"valueRequired\":true,\"valueName\":\"search_term_string\"}}],\"inLanguage\":\"fr-FR\"}]}<\/script>\n<!-- \/ Yoast SEO plugin. -->","yoast_head_json":{"title":"Multim\u00e9dia -","robots":{"index":"index","follow":"follow","max-snippet":"max-snippet:-1","max-image-preview":"max-image-preview:large","max-video-preview":"max-video-preview:-1"},"canonical":"https:\/\/legsedition.net\/alel\/multimedia-2\/","og_locale":"fr_FR","og_type":"article","og_title":"Multim\u00e9dia -","og_description":"Entre 2012 \u2013date de la cr\u00e9ation du projet LEGS \u2013 et 2018, nous avons r\u00e9alis\u00e9 et particip\u00e9 \u00e0 une s\u00e9rie d\u2019\u00e9missions qui nous a permis de vulgariser le projet et les activit\u00e9s et aussi de mettre les projecteurs sur d\u2019autres acteurs pr\u00e9sents dans le milieu. Ainsi \u00e0 travers Livres 9,... Lire la suite &rarr;","og_url":"https:\/\/legsedition.net\/alel\/multimedia-2\/","article_modified_time":"2024-10-02T09:06:02+00:00","og_image":[{"url":"http:\/\/legsedition.net\/alel\/wp-content\/uploads\/2022\/07\/livres-9.jpg","type":"","width":"","height":""}],"twitter_card":"summary_large_image","twitter_misc":{"Dur\u00e9e de lecture estim\u00e9e":"4 minutes"},"schema":{"@context":"https:\/\/schema.org","@graph":[{"@type":"WebPage","@id":"https:\/\/legsedition.net\/alel\/multimedia-2\/","url":"https:\/\/legsedition.net\/alel\/multimedia-2\/","name":"Multim\u00e9dia -","isPartOf":{"@id":"https:\/\/legsedition.net\/alel\/#website"},"primaryImageOfPage":{"@id":"https:\/\/legsedition.net\/alel\/multimedia-2\/#primaryimage"},"image":{"@id":"https:\/\/legsedition.net\/alel\/multimedia-2\/#primaryimage"},"thumbnailUrl":"http:\/\/legsedition.net\/alel\/wp-content\/uploads\/2022\/07\/livres-9.jpg","datePublished":"2022-07-31T15:27:39+00:00","dateModified":"2024-10-02T09:06:02+00:00","breadcrumb":{"@id":"https:\/\/legsedition.net\/alel\/multimedia-2\/#breadcrumb"},"inLanguage":"fr-FR","potentialAction":[{"@type":"ReadAction","target":["https:\/\/legsedition.net\/alel\/multimedia-2\/"]}]},{"@type":"ImageObject","inLanguage":"fr-FR","@id":"https:\/\/legsedition.net\/alel\/multimedia-2\/#primaryimage","url":"https:\/\/legsedition.net\/alel\/wp-content\/uploads\/2022\/07\/livres-9.jpg","contentUrl":"https:\/\/legsedition.net\/alel\/wp-content\/uploads\/2022\/07\/livres-9.jpg","width":960,"height":574},{"@type":"BreadcrumbList","@id":"https:\/\/legsedition.net\/alel\/multimedia-2\/#breadcrumb","itemListElement":[{"@type":"ListItem","position":1,"name":"Accueil","item":"https:\/\/legsedition.net\/alel\/"},{"@type":"ListItem","position":2,"name":"Multim\u00e9dia"}]},{"@type":"WebSite","@id":"https:\/\/legsedition.net\/alel\/#website","url":"https:\/\/legsedition.net\/alel\/","name":"","description":"","potentialAction":[{"@type":"SearchAction","target":{"@type":"EntryPoint","urlTemplate":"https:\/\/legsedition.net\/alel\/?s={search_term_string}"},"query-input":{"@type":"PropertyValueSpecification","valueRequired":true,"valueName":"search_term_string"}}],"inLanguage":"fr-FR"}]}},"_links":{"self":[{"href":"https:\/\/legsedition.net\/alel\/wp-json\/wp\/v2\/pages\/578"}],"collection":[{"href":"https:\/\/legsedition.net\/alel\/wp-json\/wp\/v2\/pages"}],"about":[{"href":"https:\/\/legsedition.net\/alel\/wp-json\/wp\/v2\/types\/page"}],"author":[{"embeddable":true,"href":"https:\/\/legsedition.net\/alel\/wp-json\/wp\/v2\/users\/2"}],"replies":[{"embeddable":true,"href":"https:\/\/legsedition.net\/alel\/wp-json\/wp\/v2\/comments?post=578"}],"version-history":[{"count":17,"href":"https:\/\/legsedition.net\/alel\/wp-json\/wp\/v2\/pages\/578\/revisions"}],"predecessor-version":[{"id":1156,"href":"https:\/\/legsedition.net\/alel\/wp-json\/wp\/v2\/pages\/578\/revisions\/1156"}],"wp:attachment":[{"href":"https:\/\/legsedition.net\/alel\/wp-json\/wp\/v2\/media?parent=578"}],"curies":[{"name":"wp","href":"https:\/\/api.w.org\/{rel}","templated":true}]}}