{"id":595,"date":"2022-07-31T21:03:39","date_gmt":"2022-07-31T21:03:39","guid":{"rendered":"http:\/\/legsedition.net\/alel\/?page_id=595"},"modified":"2025-01-21T15:39:59","modified_gmt":"2025-01-21T15:39:59","slug":"accueil","status":"publish","type":"page","link":"https:\/\/legsedition.net\/alel\/","title":{"rendered":"PR\u00c9SENTATION"},"content":{"rendered":"\n<p><\/p>\n\n\n\n<div class=\"alignnormal\"><div id=\"metaslider-id-1186\" style=\"width: 100%;\" class=\"ml-slider-3-106-0 metaslider metaslider-flex metaslider-1186 ml-slider has-dots-nav ms-theme-default\" role=\"region\" aria-label=\"Le legs de Vilaire\" data-height=\"300\" data-width=\"700\">\n    <div id=\"metaslider_container_1186\">\n        <div id=\"metaslider_1186\">\n            <ul class='slides'>\n                <li style=\"display: block; width: 100%;\" class=\"slide-1295 ms-image \" aria-roledescription=\"slide\" data-date=\"2024-10-15 21:42:31\" data-filename=\"IMG_0117-640x274.jpg\" data-slide-type=\"image\"><img fetchpriority=\"high\" decoding=\"async\" src=\"https:\/\/legsedition.net\/alel\/wp-content\/uploads\/2016\/10\/IMG_0117-640x274.jpg\" height=\"300\" width=\"700\" alt=\"\" class=\"slider-1186 slide-1295 msDefaultImage\" title=\"img_0117\" \/><\/li>\n                <li style=\"display: none; width: 100%;\" class=\"slide-1297 ms-image \" aria-roledescription=\"slide\" data-date=\"2024-10-15 21:42:31\" data-filename=\"10590410_516752808460715_1294429545337399502_n-700x300.jpg\" data-slide-type=\"image\"><img decoding=\"async\" src=\"https:\/\/legsedition.net\/alel\/wp-content\/uploads\/2016\/10\/10590410_516752808460715_1294429545337399502_n-700x300.jpg\" height=\"300\" width=\"700\" alt=\"\" class=\"slider-1186 slide-1297 msDefaultImage\" title=\"legs-et-litterature-projet\" \/><\/li>\n                <li style=\"display: none; width: 100%;\" class=\"slide-1298 ms-image \" aria-roledescription=\"slide\" data-date=\"2024-10-15 21:42:31\" data-filename=\"collage-Legs-et-litterature-549x235.png\" data-slide-type=\"image\"><img decoding=\"async\" src=\"https:\/\/legsedition.net\/alel\/wp-content\/uploads\/2016\/10\/collage-Legs-et-litterature-549x235.png\" height=\"300\" width=\"700\" alt=\"\" class=\"slider-1186 slide-1298 msDefaultImage\" title=\"collage-legs-et-litterature\" \/><\/li>\n                <li style=\"display: none; width: 100%;\" class=\"slide-1300 ms-image \" aria-roledescription=\"slide\" data-date=\"2024-10-15 21:44:59\" data-filename=\"Webert_Charles_parle-640x274.jpg\" data-slide-type=\"image\"><img loading=\"lazy\" decoding=\"async\" src=\"https:\/\/legsedition.net\/alel\/wp-content\/uploads\/2021\/10\/Webert_Charles_parle-640x274.jpg\" height=\"300\" width=\"700\" alt=\"\" class=\"slider-1186 slide-1300 msDefaultImage\" title=\"webert_charles_parle\" \/><\/li>\n                <li style=\"display: none; width: 100%;\" class=\"slide-1301 ms-image \" aria-roledescription=\"slide\" data-date=\"2024-10-15 21:44:59\" data-filename=\"Lancement-Quisqueya_Invitation-480x206.png\" data-slide-type=\"image\"><img loading=\"lazy\" decoding=\"async\" src=\"https:\/\/legsedition.net\/alel\/wp-content\/uploads\/2019\/03\/Lancement-Quisqueya_Invitation-480x206.png\" height=\"300\" width=\"700\" alt=\"\" class=\"slider-1186 slide-1301 msDefaultImage\" title=\"lancement-quisqueya_invitation\" \/><\/li>\n                <li style=\"display: none; width: 100%;\" class=\"slide-1302 ms-image \" aria-roledescription=\"slide\" data-date=\"2024-10-15 21:44:59\" data-filename=\"affiche-MHC-601x257.jpg\" data-slide-type=\"image\"><img loading=\"lazy\" decoding=\"async\" src=\"https:\/\/legsedition.net\/alel\/wp-content\/uploads\/2019\/03\/affiche-MHC-601x257.jpg\" height=\"300\" width=\"700\" alt=\"\" class=\"slider-1186 slide-1302 msDefaultImage\" title=\"affiche-mhc\" \/><\/li>\n                <li style=\"display: none; width: 100%;\" class=\"slide-1312 ms-image \" aria-roledescription=\"slide\" data-date=\"2024-10-15 22:18:11\" data-filename=\"Legs-et-Litterature_Art-France-Antilles-1-700x300.jpg\" data-slide-type=\"image\"><img loading=\"lazy\" decoding=\"async\" src=\"https:\/\/legsedition.net\/alel\/wp-content\/uploads\/2024\/10\/Legs-et-Litterature_Art-France-Antilles-1-700x300.jpg\" height=\"300\" width=\"700\" alt=\"\" class=\"slider-1186 slide-1312 msDefaultImage\" title=\"Legs-et-Litterature_Art-France-Antilles-1\" \/><\/li>\n            <\/ul>\n        <\/div>\n        \n    <\/div>\n<\/div><\/div>\n\n\n<p style=\"text-align: justify;\">Au d\u00e9but de l\u2019ann\u00e9e 2012, nous avions commenc\u00e9 \u00e0 nous r\u00e9unir entre jeunes \u00e9crivains, artistes et litt\u00e9raires pour trouver un terreau pouvant nous permettre de discuter, d\u2019\u00e9changer et de partager nos exp\u00e9riences en termes de recherches et travaux que nous avons r\u00e9alis\u00e9s ou comptons r\u00e9aliser. Les sujets de nos rencontres touchaient les questions li\u00e9es \u00e0 l\u2019art, la litt\u00e9rature, la philosophie et toutes autres questions touchant la culture, nous avons donc d\u00e9cider de nous mettre ensemble pour former quelque chose qui serait un espace d\u2019\u00e9changes, de fa\u00e7on formelle, une structure.<\/p>\n<p style=\"text-align: justify;\">Le tremblement de terre de 2010 ayant affect\u00e9 une grande partie des lieux et la vie culturelle dans le pays, il nous fallait trouver un pr\u00e9texte, un cadre pour pouvoir vivre et donner sens \u00e0 nos productions, nos id\u00e9es et nos r\u00eaves de cr\u00e9ateurs. Ainsi est n\u00e9 le 12 octobre 2012, <a href=\"https:\/\/actualitte.com\/article\/20609\/interviews\/legs-editions-a-haiti-transmettre-la-passion-des-livres\" target=\"_blank\" rel=\"noreferrer noopener\">LEGS<\/a>, un vaste projet porteur de r\u00eaves, d\u2019utopies pour pouvoir proposer, oser, diffuser sous quelques formes que ce soient des\u00a0propositions et des contenus pouvant aider \u00e0 la sauvegarde, la diffusion du patrimoine litt\u00e9raire et culturel d\u2019Ha\u00efti.<\/p>\n<p style=\"text-align: justify;\">De stade de projet, LEGS est pass\u00e9, en l&rsquo;espace d&rsquo;un cillement, \u00e0 une phase op\u00e9rationnelle, ayant en son sein une structure associative d\u00e9nomm\u00e9e Association Legs et Litt\u00e9rature (ALEL) produisant une revue litt\u00e9raire et th\u00e9matique d\u00e9nomm\u00e9e <em><a href=\"https:\/\/legsedition.net\/public\/propos-de-nous\/\" target=\"_blank\" rel=\"noopener\">Legs et Litt\u00e9rature<\/a>, <\/em>paraissant tous les 6 mois sous le label d\u2019une maison d\u2019\u00e9dition appel\u00e9e <a href=\"http:\/\/www.legsedition.net\" target=\"_blank\" rel=\"noopener\">LEGS EDITION<\/a>, maison d\u2019\u00e9dition ha\u00eftienne sp\u00e9cialis\u00e9e dans la publication de textes litt\u00e9raires ha\u00eftiens et francophones.<\/p>\n<p style=\"text-align: justify;\">Ayant son si\u00e8ge social \u00e0 Port-au-Prince, l\u2019Association se d\u00e9finit comme un forum de discussions, d\u2019\u00e9changes, de diffusion d\u2019informations et de formation, de libre acc\u00e8s \u00e0 la culture et au d\u00e9veloppement des pratiques litt\u00e9raires en Ha\u00efti et \u00e0 l\u2019\u00e9tranger.<\/p>\n\n\n<figure class=\"wp-block-video\"><video autoplay loop muted src=\"http:\/\/legsedition.net\/alel\/wp-content\/uploads\/2024\/12\/Books-Delivery.mp4\" playsinline><\/video><\/figure>\n\n\n\n<p style=\"text-align: justify;\">Elle a entre autres objectifs de promouvoir la litt\u00e9rature (carib\u00e9enne, francophone, latino-am\u00e9ricaine et am\u00e9ricaine) sous toutes ses formes \u00e0 travers tous les canaux, travailler \u00e0 la sauvegarde du patrimoine litt\u00e9raire et artistique ha\u00eftien, pr\u00e9coniser les valeurs ha\u00eftiennes, \u00e9tablir des passerelles de communication entre litt\u00e9ratures et cultures \u00e9trang\u00e8res et proposer des plans d\u2019actions aux instances responsables de la promotion de la culture ha\u00eftienne. Par-l\u00e0, elle entend augmenter le nombre d\u2019articles critiques sur les \u0153uvres litt\u00e9raires francophones en valorisant la recherche en litt\u00e9rature dans l\u2019espace.<\/p>\n\n\n\n<p><\/p>\n","protected":false},"excerpt":{"rendered":"<p>Au d\u00e9but de l\u2019ann\u00e9e 2012, nous avions commenc\u00e9 \u00e0 nous r\u00e9unir entre jeunes \u00e9crivains, artistes et litt\u00e9raires pour trouver un terreau pouvant nous permettre de discuter, d\u2019\u00e9changer et de partager nos exp\u00e9riences en termes de recherches et travaux que nous avons r\u00e9alis\u00e9s ou comptons r\u00e9aliser. Les sujets de nos rencontres&#8230; <a class=\"continue-reading-link\" href=\"https:\/\/legsedition.net\/alel\/\">Lire la suite <span class=\"meta-nav\">&rarr; <\/span><\/a><\/p>\n","protected":false},"author":2,"featured_media":0,"parent":0,"menu_order":0,"comment_status":"closed","ping_status":"closed","template":"","meta":{"_editorskit_title_hidden":false,"_editorskit_reading_time":0,"_editorskit_is_block_options_detached":false,"_editorskit_block_options_position":"{}","footnotes":""},"class_list":["post-595","page","type-page","status-publish","hentry"],"yoast_head":"<!-- This site is optimized with the Yoast SEO plugin v25.0 - https:\/\/yoast.com\/wordpress\/plugins\/seo\/ -->\n<title>PR\u00c9SENTATION -<\/title>\n<meta name=\"robots\" content=\"index, follow, max-snippet:-1, max-image-preview:large, max-video-preview:-1\" \/>\n<link rel=\"canonical\" href=\"https:\/\/legsedition.net\/alel\/\" \/>\n<meta property=\"og:locale\" content=\"fr_FR\" \/>\n<meta property=\"og:type\" content=\"article\" \/>\n<meta property=\"og:title\" content=\"PR\u00c9SENTATION -\" \/>\n<meta property=\"og:description\" content=\"Au d\u00e9but de l\u2019ann\u00e9e 2012, nous avions commenc\u00e9 \u00e0 nous r\u00e9unir entre jeunes \u00e9crivains, artistes et litt\u00e9raires pour trouver un terreau pouvant nous permettre de discuter, d\u2019\u00e9changer et de partager nos exp\u00e9riences en termes de recherches et travaux que nous avons r\u00e9alis\u00e9s ou comptons r\u00e9aliser. Les sujets de nos rencontres... Lire la suite &rarr;\" \/>\n<meta property=\"og:url\" content=\"https:\/\/legsedition.net\/alel\/\" \/>\n<meta property=\"article:modified_time\" content=\"2025-01-21T15:39:59+00:00\" \/>\n<meta name=\"twitter:card\" content=\"summary_large_image\" \/>\n<meta name=\"twitter:label1\" content=\"Dur\u00e9e de lecture estim\u00e9e\" \/>\n\t<meta name=\"twitter:data1\" content=\"2 minutes\" \/>\n<script type=\"application\/ld+json\" class=\"yoast-schema-graph\">{\"@context\":\"https:\/\/schema.org\",\"@graph\":[{\"@type\":\"WebPage\",\"@id\":\"https:\/\/legsedition.net\/alel\/\",\"url\":\"https:\/\/legsedition.net\/alel\/\",\"name\":\"PR\u00c9SENTATION -\",\"isPartOf\":{\"@id\":\"https:\/\/legsedition.net\/alel\/#website\"},\"datePublished\":\"2022-07-31T21:03:39+00:00\",\"dateModified\":\"2025-01-21T15:39:59+00:00\",\"breadcrumb\":{\"@id\":\"https:\/\/legsedition.net\/alel\/#breadcrumb\"},\"inLanguage\":\"fr-FR\",\"potentialAction\":[{\"@type\":\"ReadAction\",\"target\":[\"https:\/\/legsedition.net\/alel\/\"]}]},{\"@type\":\"BreadcrumbList\",\"@id\":\"https:\/\/legsedition.net\/alel\/#breadcrumb\",\"itemListElement\":[{\"@type\":\"ListItem\",\"position\":1,\"name\":\"Accueil\",\"item\":\"https:\/\/legsedition.net\/alel\/\"},{\"@type\":\"ListItem\",\"position\":2,\"name\":\"PR\u00c9SENTATION\"}]},{\"@type\":\"WebSite\",\"@id\":\"https:\/\/legsedition.net\/alel\/#website\",\"url\":\"https:\/\/legsedition.net\/alel\/\",\"name\":\"\",\"description\":\"\",\"potentialAction\":[{\"@type\":\"SearchAction\",\"target\":{\"@type\":\"EntryPoint\",\"urlTemplate\":\"https:\/\/legsedition.net\/alel\/?s={search_term_string}\"},\"query-input\":{\"@type\":\"PropertyValueSpecification\",\"valueRequired\":true,\"valueName\":\"search_term_string\"}}],\"inLanguage\":\"fr-FR\"}]}<\/script>\n<!-- \/ Yoast SEO plugin. -->","yoast_head_json":{"title":"PR\u00c9SENTATION -","robots":{"index":"index","follow":"follow","max-snippet":"max-snippet:-1","max-image-preview":"max-image-preview:large","max-video-preview":"max-video-preview:-1"},"canonical":"https:\/\/legsedition.net\/alel\/","og_locale":"fr_FR","og_type":"article","og_title":"PR\u00c9SENTATION -","og_description":"Au d\u00e9but de l\u2019ann\u00e9e 2012, nous avions commenc\u00e9 \u00e0 nous r\u00e9unir entre jeunes \u00e9crivains, artistes et litt\u00e9raires pour trouver un terreau pouvant nous permettre de discuter, d\u2019\u00e9changer et de partager nos exp\u00e9riences en termes de recherches et travaux que nous avons r\u00e9alis\u00e9s ou comptons r\u00e9aliser. Les sujets de nos rencontres... Lire la suite &rarr;","og_url":"https:\/\/legsedition.net\/alel\/","article_modified_time":"2025-01-21T15:39:59+00:00","twitter_card":"summary_large_image","twitter_misc":{"Dur\u00e9e de lecture estim\u00e9e":"2 minutes"},"schema":{"@context":"https:\/\/schema.org","@graph":[{"@type":"WebPage","@id":"https:\/\/legsedition.net\/alel\/","url":"https:\/\/legsedition.net\/alel\/","name":"PR\u00c9SENTATION -","isPartOf":{"@id":"https:\/\/legsedition.net\/alel\/#website"},"datePublished":"2022-07-31T21:03:39+00:00","dateModified":"2025-01-21T15:39:59+00:00","breadcrumb":{"@id":"https:\/\/legsedition.net\/alel\/#breadcrumb"},"inLanguage":"fr-FR","potentialAction":[{"@type":"ReadAction","target":["https:\/\/legsedition.net\/alel\/"]}]},{"@type":"BreadcrumbList","@id":"https:\/\/legsedition.net\/alel\/#breadcrumb","itemListElement":[{"@type":"ListItem","position":1,"name":"Accueil","item":"https:\/\/legsedition.net\/alel\/"},{"@type":"ListItem","position":2,"name":"PR\u00c9SENTATION"}]},{"@type":"WebSite","@id":"https:\/\/legsedition.net\/alel\/#website","url":"https:\/\/legsedition.net\/alel\/","name":"","description":"","potentialAction":[{"@type":"SearchAction","target":{"@type":"EntryPoint","urlTemplate":"https:\/\/legsedition.net\/alel\/?s={search_term_string}"},"query-input":{"@type":"PropertyValueSpecification","valueRequired":true,"valueName":"search_term_string"}}],"inLanguage":"fr-FR"}]}},"_links":{"self":[{"href":"https:\/\/legsedition.net\/alel\/wp-json\/wp\/v2\/pages\/595"}],"collection":[{"href":"https:\/\/legsedition.net\/alel\/wp-json\/wp\/v2\/pages"}],"about":[{"href":"https:\/\/legsedition.net\/alel\/wp-json\/wp\/v2\/types\/page"}],"author":[{"embeddable":true,"href":"https:\/\/legsedition.net\/alel\/wp-json\/wp\/v2\/users\/2"}],"replies":[{"embeddable":true,"href":"https:\/\/legsedition.net\/alel\/wp-json\/wp\/v2\/comments?post=595"}],"version-history":[{"count":18,"href":"https:\/\/legsedition.net\/alel\/wp-json\/wp\/v2\/pages\/595\/revisions"}],"predecessor-version":[{"id":1601,"href":"https:\/\/legsedition.net\/alel\/wp-json\/wp\/v2\/pages\/595\/revisions\/1601"}],"wp:attachment":[{"href":"https:\/\/legsedition.net\/alel\/wp-json\/wp\/v2\/media?parent=595"}],"curies":[{"name":"wp","href":"https:\/\/api.w.org\/{rel}","templated":true}]}}