{"id":966,"date":"2023-03-22T14:13:17","date_gmt":"2023-03-22T14:13:17","guid":{"rendered":"http:\/\/legsedition.net\/alel\/?page_id=966"},"modified":"2023-09-14T12:33:25","modified_gmt":"2023-09-14T12:33:25","slug":"decouvertes","status":"publish","type":"page","link":"https:\/\/legsedition.net\/alel\/decouvertes\/","title":{"rendered":"D\u00e9couvertes"},"content":{"rendered":"<div id=\"attachment_968\" style=\"width: 813px\" class=\"wp-caption aligncenter\"><img fetchpriority=\"high\" decoding=\"async\" aria-describedby=\"caption-attachment-968\" class=\"size-full wp-image-968\" src=\"http:\/\/legsedition.net\/alel\/wp-content\/uploads\/2023\/03\/camera-g70f95aa41_1920.jpg\" alt=\"Dariusz Sankowski\" width=\"803\" height=\"926\" srcset=\"https:\/\/legsedition.net\/alel\/wp-content\/uploads\/2023\/03\/camera-g70f95aa41_1920.jpg 803w, https:\/\/legsedition.net\/alel\/wp-content\/uploads\/2023\/03\/camera-g70f95aa41_1920-260x300.jpg 260w, https:\/\/legsedition.net\/alel\/wp-content\/uploads\/2023\/03\/camera-g70f95aa41_1920-768x886.jpg 768w, https:\/\/legsedition.net\/alel\/wp-content\/uploads\/2023\/03\/camera-g70f95aa41_1920-370x427.jpg 370w\" sizes=\"(max-width: 803px) 100vw, 803px\" \/><p id=\"caption-attachment-968\" class=\"wp-caption-text\">Dariusz Sankowski<\/p><\/div>\n<p style=\"text-align: justify;\">D\u00e9couvertes !<em>\u00a0<\/em>L&rsquo;une des meilleures m\u00e9thodes (et peut-\u00eatre la seule vraie) d&rsquo;approcher l\u2019\u0153uvre d&rsquo;un auteur et d\u2019une autrice ou d&rsquo;appr\u00e9hender sa d\u00e9marche litt\u00e9raire, c&rsquo;est de passer par les textes. Un auteur, c&rsquo;est d&rsquo;abord son \u0153uvre. Les \u00e9l\u00e9ments paratextuels comptent certes, au final, ne sont que des artifices qui, \u00e0 la limite pour ne pas dire dans de rares cas, peuvent \u00eatre des lieux d&rsquo;orientation de l&rsquo;\u0153uvre quand ils ne proposent pas de portes d&rsquo;entr\u00e9e. Qui a dit qu&rsquo;il \u00e9tait impossible de lire un auteur, une autrice en dehors de ses donn\u00e9es biographiques ?<\/p>\n<p style=\"text-align: justify;\"><em>D\u00e9couvertes<\/em> se veut une rubrique \u00e0 caract\u00e8re p\u00e9dagogique proposant des pistes pour lire et comprendre une \u0153uvre d&rsquo;un auteur ou d\u2019une autrice ha\u00eftienne. Elle est n\u00e9e de ce souci de valoriser la production mais \u00e9galement mieux faire conna\u00eetre la litt\u00e9rature ha\u00eftienne en la mettant (plus) \u00e0 la port\u00e9e du public scolaire et universitaire. Si la d\u00e9marche a une vis\u00e9e didactique, la rubrique n\u2019entend en rien remplacer le cours de litt\u00e9rature mais se constituer en une plus-value pour appuyer et renforcer le travail de l\u2019enseignant.<\/p>\n<p style=\"text-align: justify;\"><em>D\u00e9couvertes<\/em> s&rsquo;inscrit dans la continuit\u00e9 du projet de proposition d&rsquo;une contre-histoire de la litt\u00e9rature ha\u00eftienne laquelle met en avant le travail des femmes, d&rsquo;un c\u00f4t\u00e9, et de l&rsquo;autre, un enseignement priorisant une approche par les textes. Enseigner la litt\u00e9rature, c&rsquo;est d&rsquo;abord et avant tout l&rsquo;enseignement des textes.<\/p>\n<p style=\"text-align: justify;\">Ainsi, <em>D\u00e9couvertes<\/em> propose, outre le texte int\u00e9gral, des contenus p\u00e9dagogiques (fiches d&rsquo;auteur, r\u00e9sum\u00e9, activit\u00e9s pratiques) pour comprendre l&rsquo;\u0153uvre destin\u00e9s principalement au public scolaire et\/ou universitaire. L\u2019int\u00e9r\u00eat est d\u2019impliquer l\u2019apprenant dans l\u2019appropriation du savoir, lui permettre de participer \u00e0 la construction du sens du texte tout en \u00e9veillant sa curiosit\u00e9, d\u2019\u00e9veiller son sens critique et d\u00e9velopper l\u2019esprit cr\u00e9ateur chez lui. Cela aura aussi comme avantage de d\u00e9velopper une sorte de dynamique de lecture \u00e0 la fois connect\u00e9e et ouverte susceptible de faire naitre des communaut\u00e9s de lecteurs.<\/p>\n<p style=\"text-align: justify;\">Toutes les fiches pr\u00e9sent\u00e9es portent sur la litt\u00e9rature de langue fran\u00e7aise (avec une pr\u00e9f\u00e9rence pour la litt\u00e9rature ha\u00eftienne). Comme feuilles de route, elles entendent accompagner \u00e0 la fois l&rsquo;enseignant et l&rsquo;apprenant du cours de litt\u00e9rature pour une meilleure d\u00e9marche de la transmission et la r\u00e9ception du savoir litt\u00e9raire.<\/p>\n<p style=\"text-align: justify;\">Sachant que la lecture poss\u00e8de ce pouvoir lib\u00e9rateur capable d\u2019offrir \u00e0 l\u2019individu des horizons plus vastes pour appr\u00e9hender le monde, <em>D\u00e9couvertes<\/em> se propose de l&rsquo;accompagner pour d\u00e9passer les fronti\u00e8res et aller encore plus loin\u2026<\/p>\n<p style=\"text-align: justify;\">&gt;&gt;&gt; <a href=\"https:\/\/legsedition.net\/alel\/category\/des-auteurs-et-des-oeuvres\/\" target=\"_blank\">Pour aller plus loin<\/a><\/p>\n<p>&nbsp;<\/p>\n","protected":false},"excerpt":{"rendered":"<p>D\u00e9couvertes !\u00a0L&rsquo;une des meilleures m\u00e9thodes (et peut-\u00eatre la seule vraie) d&rsquo;approcher l\u2019\u0153uvre d&rsquo;un auteur et d\u2019une autrice ou d&rsquo;appr\u00e9hender sa d\u00e9marche litt\u00e9raire, c&rsquo;est de passer par les textes. Un auteur, c&rsquo;est d&rsquo;abord son \u0153uvre. Les \u00e9l\u00e9ments paratextuels comptent certes, au final, ne sont que des artifices qui, \u00e0 la limite&#8230; <a class=\"continue-reading-link\" href=\"https:\/\/legsedition.net\/alel\/decouvertes\/\">Lire la suite <span class=\"meta-nav\">&rarr; <\/span><\/a><\/p>\n","protected":false},"author":2,"featured_media":0,"parent":0,"menu_order":0,"comment_status":"closed","ping_status":"closed","template":"","meta":{"_editorskit_title_hidden":false,"_editorskit_reading_time":0,"_editorskit_is_block_options_detached":false,"_editorskit_block_options_position":"{}","footnotes":""},"class_list":["post-966","page","type-page","status-publish","hentry"],"yoast_head":"<!-- This site is optimized with the Yoast SEO plugin v25.0 - https:\/\/yoast.com\/wordpress\/plugins\/seo\/ -->\n<title>D\u00e9couvertes -<\/title>\n<meta name=\"robots\" content=\"index, follow, max-snippet:-1, max-image-preview:large, max-video-preview:-1\" \/>\n<link rel=\"canonical\" href=\"https:\/\/legsedition.net\/alel\/decouvertes\/\" \/>\n<meta property=\"og:locale\" content=\"fr_FR\" \/>\n<meta property=\"og:type\" content=\"article\" \/>\n<meta property=\"og:title\" content=\"D\u00e9couvertes -\" \/>\n<meta property=\"og:description\" content=\"D\u00e9couvertes !\u00a0L&rsquo;une des meilleures m\u00e9thodes (et peut-\u00eatre la seule vraie) d&rsquo;approcher l\u2019\u0153uvre d&rsquo;un auteur et d\u2019une autrice ou d&rsquo;appr\u00e9hender sa d\u00e9marche litt\u00e9raire, c&rsquo;est de passer par les textes. Un auteur, c&rsquo;est d&rsquo;abord son \u0153uvre. Les \u00e9l\u00e9ments paratextuels comptent certes, au final, ne sont que des artifices qui, \u00e0 la limite... Lire la suite &rarr;\" \/>\n<meta property=\"og:url\" content=\"https:\/\/legsedition.net\/alel\/decouvertes\/\" \/>\n<meta property=\"article:modified_time\" content=\"2023-09-14T12:33:25+00:00\" \/>\n<meta property=\"og:image\" content=\"http:\/\/legsedition.net\/alel\/wp-content\/uploads\/2023\/03\/camera-g70f95aa41_1920.jpg\" \/>\n<meta name=\"twitter:card\" content=\"summary_large_image\" \/>\n<meta name=\"twitter:label1\" content=\"Dur\u00e9e de lecture estim\u00e9e\" \/>\n\t<meta name=\"twitter:data1\" content=\"2 minutes\" \/>\n<script type=\"application\/ld+json\" class=\"yoast-schema-graph\">{\"@context\":\"https:\/\/schema.org\",\"@graph\":[{\"@type\":\"WebPage\",\"@id\":\"https:\/\/legsedition.net\/alel\/decouvertes\/\",\"url\":\"https:\/\/legsedition.net\/alel\/decouvertes\/\",\"name\":\"D\u00e9couvertes -\",\"isPartOf\":{\"@id\":\"https:\/\/legsedition.net\/alel\/#website\"},\"primaryImageOfPage\":{\"@id\":\"https:\/\/legsedition.net\/alel\/decouvertes\/#primaryimage\"},\"image\":{\"@id\":\"https:\/\/legsedition.net\/alel\/decouvertes\/#primaryimage\"},\"thumbnailUrl\":\"http:\/\/legsedition.net\/alel\/wp-content\/uploads\/2023\/03\/camera-g70f95aa41_1920.jpg\",\"datePublished\":\"2023-03-22T14:13:17+00:00\",\"dateModified\":\"2023-09-14T12:33:25+00:00\",\"breadcrumb\":{\"@id\":\"https:\/\/legsedition.net\/alel\/decouvertes\/#breadcrumb\"},\"inLanguage\":\"fr-FR\",\"potentialAction\":[{\"@type\":\"ReadAction\",\"target\":[\"https:\/\/legsedition.net\/alel\/decouvertes\/\"]}]},{\"@type\":\"ImageObject\",\"inLanguage\":\"fr-FR\",\"@id\":\"https:\/\/legsedition.net\/alel\/decouvertes\/#primaryimage\",\"url\":\"https:\/\/legsedition.net\/alel\/wp-content\/uploads\/2023\/03\/camera-g70f95aa41_1920.jpg\",\"contentUrl\":\"https:\/\/legsedition.net\/alel\/wp-content\/uploads\/2023\/03\/camera-g70f95aa41_1920.jpg\",\"width\":803,\"height\":926,\"caption\":\"Dariusz Sankowski\"},{\"@type\":\"BreadcrumbList\",\"@id\":\"https:\/\/legsedition.net\/alel\/decouvertes\/#breadcrumb\",\"itemListElement\":[{\"@type\":\"ListItem\",\"position\":1,\"name\":\"Accueil\",\"item\":\"https:\/\/legsedition.net\/alel\/\"},{\"@type\":\"ListItem\",\"position\":2,\"name\":\"D\u00e9couvertes\"}]},{\"@type\":\"WebSite\",\"@id\":\"https:\/\/legsedition.net\/alel\/#website\",\"url\":\"https:\/\/legsedition.net\/alel\/\",\"name\":\"\",\"description\":\"\",\"potentialAction\":[{\"@type\":\"SearchAction\",\"target\":{\"@type\":\"EntryPoint\",\"urlTemplate\":\"https:\/\/legsedition.net\/alel\/?s={search_term_string}\"},\"query-input\":{\"@type\":\"PropertyValueSpecification\",\"valueRequired\":true,\"valueName\":\"search_term_string\"}}],\"inLanguage\":\"fr-FR\"}]}<\/script>\n<!-- \/ Yoast SEO plugin. -->","yoast_head_json":{"title":"D\u00e9couvertes -","robots":{"index":"index","follow":"follow","max-snippet":"max-snippet:-1","max-image-preview":"max-image-preview:large","max-video-preview":"max-video-preview:-1"},"canonical":"https:\/\/legsedition.net\/alel\/decouvertes\/","og_locale":"fr_FR","og_type":"article","og_title":"D\u00e9couvertes -","og_description":"D\u00e9couvertes !\u00a0L&rsquo;une des meilleures m\u00e9thodes (et peut-\u00eatre la seule vraie) d&rsquo;approcher l\u2019\u0153uvre d&rsquo;un auteur et d\u2019une autrice ou d&rsquo;appr\u00e9hender sa d\u00e9marche litt\u00e9raire, c&rsquo;est de passer par les textes. Un auteur, c&rsquo;est d&rsquo;abord son \u0153uvre. Les \u00e9l\u00e9ments paratextuels comptent certes, au final, ne sont que des artifices qui, \u00e0 la limite... Lire la suite &rarr;","og_url":"https:\/\/legsedition.net\/alel\/decouvertes\/","article_modified_time":"2023-09-14T12:33:25+00:00","og_image":[{"url":"http:\/\/legsedition.net\/alel\/wp-content\/uploads\/2023\/03\/camera-g70f95aa41_1920.jpg","type":"","width":"","height":""}],"twitter_card":"summary_large_image","twitter_misc":{"Dur\u00e9e de lecture estim\u00e9e":"2 minutes"},"schema":{"@context":"https:\/\/schema.org","@graph":[{"@type":"WebPage","@id":"https:\/\/legsedition.net\/alel\/decouvertes\/","url":"https:\/\/legsedition.net\/alel\/decouvertes\/","name":"D\u00e9couvertes -","isPartOf":{"@id":"https:\/\/legsedition.net\/alel\/#website"},"primaryImageOfPage":{"@id":"https:\/\/legsedition.net\/alel\/decouvertes\/#primaryimage"},"image":{"@id":"https:\/\/legsedition.net\/alel\/decouvertes\/#primaryimage"},"thumbnailUrl":"http:\/\/legsedition.net\/alel\/wp-content\/uploads\/2023\/03\/camera-g70f95aa41_1920.jpg","datePublished":"2023-03-22T14:13:17+00:00","dateModified":"2023-09-14T12:33:25+00:00","breadcrumb":{"@id":"https:\/\/legsedition.net\/alel\/decouvertes\/#breadcrumb"},"inLanguage":"fr-FR","potentialAction":[{"@type":"ReadAction","target":["https:\/\/legsedition.net\/alel\/decouvertes\/"]}]},{"@type":"ImageObject","inLanguage":"fr-FR","@id":"https:\/\/legsedition.net\/alel\/decouvertes\/#primaryimage","url":"https:\/\/legsedition.net\/alel\/wp-content\/uploads\/2023\/03\/camera-g70f95aa41_1920.jpg","contentUrl":"https:\/\/legsedition.net\/alel\/wp-content\/uploads\/2023\/03\/camera-g70f95aa41_1920.jpg","width":803,"height":926,"caption":"Dariusz Sankowski"},{"@type":"BreadcrumbList","@id":"https:\/\/legsedition.net\/alel\/decouvertes\/#breadcrumb","itemListElement":[{"@type":"ListItem","position":1,"name":"Accueil","item":"https:\/\/legsedition.net\/alel\/"},{"@type":"ListItem","position":2,"name":"D\u00e9couvertes"}]},{"@type":"WebSite","@id":"https:\/\/legsedition.net\/alel\/#website","url":"https:\/\/legsedition.net\/alel\/","name":"","description":"","potentialAction":[{"@type":"SearchAction","target":{"@type":"EntryPoint","urlTemplate":"https:\/\/legsedition.net\/alel\/?s={search_term_string}"},"query-input":{"@type":"PropertyValueSpecification","valueRequired":true,"valueName":"search_term_string"}}],"inLanguage":"fr-FR"}]}},"_links":{"self":[{"href":"https:\/\/legsedition.net\/alel\/wp-json\/wp\/v2\/pages\/966"}],"collection":[{"href":"https:\/\/legsedition.net\/alel\/wp-json\/wp\/v2\/pages"}],"about":[{"href":"https:\/\/legsedition.net\/alel\/wp-json\/wp\/v2\/types\/page"}],"author":[{"embeddable":true,"href":"https:\/\/legsedition.net\/alel\/wp-json\/wp\/v2\/users\/2"}],"replies":[{"embeddable":true,"href":"https:\/\/legsedition.net\/alel\/wp-json\/wp\/v2\/comments?post=966"}],"version-history":[{"count":8,"href":"https:\/\/legsedition.net\/alel\/wp-json\/wp\/v2\/pages\/966\/revisions"}],"predecessor-version":[{"id":1075,"href":"https:\/\/legsedition.net\/alel\/wp-json\/wp\/v2\/pages\/966\/revisions\/1075"}],"wp:attachment":[{"href":"https:\/\/legsedition.net\/alel\/wp-json\/wp\/v2\/media?parent=966"}],"curies":[{"name":"wp","href":"https:\/\/api.w.org\/{rel}","templated":true}]}}