{"id":1380,"date":"2018-04-16T14:50:51","date_gmt":"2018-04-16T14:50:51","guid":{"rendered":"http:\/\/legsedition.net\/public\/?page_id=1380"},"modified":"2025-01-05T12:33:25","modified_gmt":"2025-01-05T12:33:25","slug":"la-critique-litteraire","status":"publish","type":"page","link":"https:\/\/legsedition.net\/public\/la-critique-litteraire\/","title":{"rendered":"La Critique Litt\u00e9raire"},"content":{"rendered":"<p><strong><a href=\"http:\/\/legsedition.net\/public\/wp-content\/uploads\/2017\/12\/9789997086303.jpg.png\"><img fetchpriority=\"high\" decoding=\"async\" class=\"alignleft wp-image-543 \" src=\"https:\/\/legsedition.net\/public\/wp-content\/uploads\/2017\/12\/9789997086303.jpg.png\" alt=\"\" width=\"214\" height=\"329\" srcset=\"https:\/\/legsedition.net\/public\/wp-content\/uploads\/2017\/12\/9789997086303.jpg.png 333w, https:\/\/legsedition.net\/public\/wp-content\/uploads\/2017\/12\/9789997086303.jpg-195x300.png 195w, https:\/\/legsedition.net\/public\/wp-content\/uploads\/2017\/12\/9789997086303.jpg-104x160.png 104w\" sizes=\"(max-width: 214px) 100vw, 214px\" \/><\/a><\/strong><\/p>\n<p><strong>Auteur :<\/strong> Collectif (Mirline Pierre et Dieulermesson Petit Fr\u00e8re)<\/p>\n<p><strong>Titre : <\/strong><em>La critique litt\u00e9raire. Legs et Litt\u00e9rature<\/em> no 10<\/p>\n<p><strong>Illustration de couverture<\/strong>\u00a0: Sergine Andr\u00e9<\/p>\n<p><strong style=\"font-size: revert; color: initial;\">ISBN<\/strong><span style=\"font-size: revert; color: initial;\"> : 9789997086303<\/span><\/p>\n<p><strong>Parution :\u00a0<\/strong>17 novembre 2017<\/p>\n<p><strong>Prix<\/strong>\u00a0: 1 150 HTG ; 18 USD<\/p>\n<p style=\"text-align: justify;\">Si la litt\u00e9rature dispose du pouvoir de \u00ab cr\u00e9er et transmettre des valeurs dans le monde actuel \u00bb, en jugeant de la valeur esth\u00e9tique de l\u2019\u0153uvre, la critique litt\u00e9raire tend \u00e0 rendre compte, \u00ab du fait et du fonctionnement litt\u00e9raires \u00bb, des rapports entre le savoir et la soci\u00e9t\u00e9. Patrick Sultan r\u00e9sume l\u2019activit\u00e9 critique \u00e0 trois fonctions principales : la description, l\u2019interpr\u00e9tation ou l\u2019\u00e9valuation et l\u2019appr\u00e9ciation. D\u2019o\u00f9 la question de savoir comment et avec quels outils \u00e9valuer et appr\u00e9cier une \u0153uvre litt\u00e9raire ? Peut-\u00adon, en dehors de tout \u00e0 priori, rien qu\u2019avec des consid\u00e9rations d\u2019ordre th\u00e9oriques \u00e9valuer\/interpr\u00e9ter un texte litt\u00e9raire ?<\/p>\n<p style=\"text-align: justify;\">Dans son essai <em>D\u00e9fense de la litt\u00e9rature<\/em> (1968), Claude Roy \u00e9crit ceci : \u00ab la critique litt\u00e9raire n\u2019est pas une science exacte, et j\u2019ai beau essayer de p\u00e9n\u00e9trer ce que cela veut dire, je n\u2019arrive pas \u00e0 comprendre tr\u00e8s bien le sens, si ce n\u2019est par m\u00e9taphore, ou par anticipation optimiste, de l\u2019expression \u00ab\u00a0une science de la litt\u00e9rature\u00a0\u00bb \u00bb<a href=\"#_ftn1\" name=\"_ftnref1\">[1]<\/a>. Face \u00e0 cette ambigu\u00eft\u00e9 de d\u00e9finir et de saisir le sens de la notion, il importe de nous demander \u00e0 quoi sert la critique litt\u00e9raire ? Cette question, aussi simpliste qu\u2019elle semble para\u00eetre, pr\u00e9sente des ambigu\u00eft\u00e9s dont la compr\u00e9hension renvoie autant \u00e0 deux probl\u00e9matiques indispensables et fondamentales, soulev\u00e9es par Jean Paul Sartre et Tzvetan Todorov, dans toute tentative de r\u00e9flexion sur la cr\u00e9ation litt\u00e9raire : l\u2019essence et le pouvoir de la litt\u00e9rature.<\/p>\n<p style=\"text-align: justify;\">Consid\u00e9r\u00e9e ou per\u00e7ue comme un syst\u00e8me id\u00e9ologique, selon une conception marxiste, puisqu\u2019elle v\u00e9hicule ou reproduit des ph\u00e9nom\u00e8nes de la vie, des rapports sociaux donc humains de telle \u00e9poque, la litt\u00e9rature, nonobstant son aspect immat\u00e9riel, est un lieu de cr\u00e9ation et de proposition de formes et de valeurs. Tout en \u00e9tant \u0153uvre de fiction ou cr\u00e9ation de l\u2019esprit, elle prend sa source dans la r\u00e9alit\u00e9 car l\u2019\u00e9crivain produit \u00e0 partir d\u2019un cadre spatio-temporel. Fort de ce constat, l\u2019on soutiendra qu\u2019elle participe \u00e0 la construction de l\u2019identit\u00e9 \u2013qu\u2019elle soit individuelle ou collective. En m\u00eame temps que l\u2019\u0153uvre litt\u00e9raire pr\u00e9sente tel objet de la r\u00e9alit\u00e9 ou la r\u00e9alit\u00e9 comme objet, cet objet de la r\u00e9alit\u00e9 ou la r\u00e9alit\u00e9 tout simplement devient sujet de repr\u00e9sentation auquel l\u2019individu peut s\u2019identifier ou s\u2019approprier l\u2019identification de l\u2019objet de l\u2019\u0153uvre tel qu\u2019il y est repr\u00e9sent\u00e9 suivant le syst\u00e8me d\u2019identification de l\u2019\u0153uvre en question. La litt\u00e9rature a donc, de ce fait, un double statut : social et culturel.<\/p>\n<p style=\"text-align: justify;\">Ce num\u00e9ro de la revue <em>Legs et Litt\u00e9rature<\/em> entend produire un discours sur la critique litt\u00e9raire et proposer de nouvelles pistes pour mieux r\u00e9fl\u00e9chir sur l\u2019\u0153uvre litt\u00e9raire. Il se propose de soulever les grandes questions portant sur les th\u00e9oriques esth\u00e9tiques, le genre et les pratiques litt\u00e9raires.<\/p>\n<p><strong>\u00c0\u00a0<\/strong><strong>propos des directeurs du num\u00e9ro :<\/strong><\/p>\n<p style=\"text-align: justify;\">Certifi\u00e9e \u00e8s Lettres Modernes de l\u2019\u00c9cole Normale Sup\u00e9rieure, Mirline Pierre d\u00e9tient une ma\u00eetrise en didactique des langues de l\u2019Universit\u00e9 des Antilles. Elle enseigne la litt\u00e9rature au secondaire et est formatrice \u00e0 l&rsquo;Institut fran\u00e7ais en Ha\u00efti.<\/p>\n<p style=\"text-align: justify;\">Ancien \u00e9l\u00e8ve de l\u2019\u00c9cole Normale Sup\u00e9rieure, Dieulermesson Petit Fr\u00e8re d\u00e9tient un master 2 en litt\u00e9ratures de l&rsquo;Universit\u00e9 Clermont Auvergne et une ma\u00eetrise \u00e8s lettres de l\u2019Universit\u00e9 des Antilles et de la Guyane. Po\u00e8te et critique litt\u00e9raire, il a d\u00e9j\u00e0 publi\u00e9 deux recueils de po\u00e8mes et enseigne l&rsquo;Analyse du discours \u00e0 l&rsquo;universit\u00e9 de Port-au-Prince.<\/p>\n<p>&#8212;<\/p>\n<p><a href=\"#_ftnref1\" name=\"_ftn1\">[1]<\/a>Claude Roy, <em>D\u00e9fense de la litt\u00e9rature<\/em>, Paris, Gallimard, 1968, p. 159.<\/p>\n<hr \/>\n<p><strong>Dans la presse :<\/strong><\/p>\n<p>Mario Malivert, <a href=\"https:\/\/lenouvelliste.com\/article\/220480\/quand-legs-et-litterature-braque-ses-projecteurs-sur-la-critique-litteraire\" target=\"_blank\" rel=\"noopener\">Quand\u00a0<em>Legs et Litt\u00e9rature<\/em>\u00a0braque ses projecteurs sur la critique litt\u00e9raire<\/a>, <em>Le Nouvelliste,\u00a0<\/em>02 septembre 2020.<\/p>\n<p>Elena Fermi,\u00a0<span dir=\"ltr\">\u00ab\u00a0<a href=\"https:\/\/journals.openedition.org\/studifrancesi\/21809\" target=\"_blank\" rel=\"noopener\"><em>Legs et Litt\u00e9rature<\/em>, Revue de litt\u00e9rature contemporaine,\u00a0<em>La critique litt\u00e9raire<\/em>, dir. C. Shread\u00a0\u00bb<\/a><\/span>, <em>Studi Francesi<\/em>, 189 (LXIII | III) | 2019.<\/p>\n<p>W\u00e9bert Pierre-Louis,\u00a0<a href=\"https:\/\/lenouvelliste.com\/public\/index.php\/article\/191902\/alix-emera-dessalines-dans-la-litterature-haitienne\" target=\"_blank\" rel=\"noopener\">Alix \u00c9mera: Dessalines dans la litt\u00e9rature ha\u00eftienne<\/a>, <em>Le\u00a0Nouvelliste<\/em>, 28 ao\u00fbt 2018.<\/p>\n<p>Jean Lucas Saint-Jean,\u00a0<a href=\"https:\/\/legsedition.net\/public\/wp-content\/uploads\/2019\/03\/Legs-et-Litterature-no-9_Le_national.pdf\" target=\"_blank\" rel=\"noopener\">La critique litt\u00e9raire : le nouveau-n\u00e9 de\u00a0<em>Legs et Litt\u00e9rature<\/em><\/a>,\u00a0 <em>Le National<\/em>, 22 mars 2018.<\/p>\n<p>W\u00e9bert Lahens,\u00a0<a href=\"https:\/\/lenouvelliste.com\/article\/182166\/legs-et-litterature-reflexions-sur-la-critique-litteraire\" target=\"_blank\" rel=\"noopener\"><em>Legs et Litt\u00e9rature<\/em>\u00a0: r\u00e9flexions sur la critique litt\u00e9raire<\/a>, <em>Le\u00a0Nouvelliste<\/em>, 31 janvier 2018.<\/p>\n\n\n<p><\/p>\n","protected":false},"excerpt":{"rendered":"<p>Auteur : Collectif (Mirline Pierre et Dieulermesson Petit Fr\u00e8re) Titre : La critique litt\u00e9raire. Legs et Litt\u00e9rature no 10 Illustration de couverture\u00a0: Sergine Andr\u00e9 ISBN : 9789997086303 Parution :\u00a017 novembre 2017 Prix\u00a0: 1 150 HTG ; 18 USD Si la&#8230;<\/p>\n","protected":false},"author":2,"featured_media":543,"parent":0,"menu_order":0,"comment_status":"closed","ping_status":"closed","template":"","meta":{"footnotes":""},"class_list":["post-1380","page","type-page","status-publish","has-post-thumbnail","hentry"],"yoast_head":"<!-- This site is optimized with the Yoast SEO plugin v27.3 - https:\/\/yoast.com\/product\/yoast-seo-wordpress\/ -->\n<title>La Critique Litt\u00e9raire | LEGS &Eacute;DITION<\/title>\n<meta name=\"robots\" content=\"index, follow, max-snippet:-1, max-image-preview:large, max-video-preview:-1\" \/>\n<link rel=\"canonical\" href=\"https:\/\/legsedition.net\/public\/la-critique-litteraire\/\" \/>\n<meta property=\"og:locale\" content=\"fr_FR\" \/>\n<meta property=\"og:type\" content=\"article\" \/>\n<meta property=\"og:title\" content=\"La Critique Litt\u00e9raire | LEGS &Eacute;DITION\" \/>\n<meta property=\"og:description\" content=\"Auteur : Collectif (Mirline Pierre et Dieulermesson Petit Fr\u00e8re) Titre : La critique litt\u00e9raire. Legs et Litt\u00e9rature no 10 Illustration de couverture\u00a0: Sergine Andr\u00e9 ISBN : 9789997086303 Parution :\u00a017 novembre 2017 Prix\u00a0: 1 150 HTG ; 18 USD Si la...\" \/>\n<meta property=\"og:url\" content=\"https:\/\/legsedition.net\/public\/la-critique-litteraire\/\" \/>\n<meta property=\"og:site_name\" content=\"LEGS &Eacute;DITION\" \/>\n<meta property=\"article:publisher\" content=\"https:\/\/web.facebook.com\/LegsEtLitterature\/\" \/>\n<meta property=\"article:modified_time\" content=\"2025-01-05T12:33:25+00:00\" \/>\n<meta property=\"og:image\" content=\"https:\/\/legsedition.net\/public\/wp-content\/uploads\/2017\/12\/9789997086303.jpg.png\" \/>\n\t<meta property=\"og:image:width\" content=\"333\" \/>\n\t<meta property=\"og:image:height\" content=\"512\" \/>\n\t<meta property=\"og:image:type\" content=\"image\/png\" \/>\n<meta name=\"twitter:card\" content=\"summary_large_image\" \/>\n<meta name=\"twitter:label1\" content=\"Dur\u00e9e de lecture estim\u00e9e\" \/>\n\t<meta name=\"twitter:data1\" content=\"4 minutes\" \/>\n<script type=\"application\/ld+json\" class=\"yoast-schema-graph\">{\"@context\":\"https:\\\/\\\/schema.org\",\"@graph\":[{\"@type\":\"WebPage\",\"@id\":\"https:\\\/\\\/legsedition.net\\\/public\\\/la-critique-litteraire\\\/\",\"url\":\"https:\\\/\\\/legsedition.net\\\/public\\\/la-critique-litteraire\\\/\",\"name\":\"La Critique Litt\u00e9raire | LEGS &Eacute;DITION\",\"isPartOf\":{\"@id\":\"https:\\\/\\\/legsedition.net\\\/public\\\/#website\"},\"primaryImageOfPage\":{\"@id\":\"https:\\\/\\\/legsedition.net\\\/public\\\/la-critique-litteraire\\\/#primaryimage\"},\"image\":{\"@id\":\"https:\\\/\\\/legsedition.net\\\/public\\\/la-critique-litteraire\\\/#primaryimage\"},\"thumbnailUrl\":\"https:\\\/\\\/legsedition.net\\\/public\\\/wp-content\\\/uploads\\\/2017\\\/12\\\/9789997086303.jpg.png\",\"datePublished\":\"2018-04-16T14:50:51+00:00\",\"dateModified\":\"2025-01-05T12:33:25+00:00\",\"breadcrumb\":{\"@id\":\"https:\\\/\\\/legsedition.net\\\/public\\\/la-critique-litteraire\\\/#breadcrumb\"},\"inLanguage\":\"fr-FR\",\"potentialAction\":[{\"@type\":\"ReadAction\",\"target\":[\"https:\\\/\\\/legsedition.net\\\/public\\\/la-critique-litteraire\\\/\"]}]},{\"@type\":\"ImageObject\",\"inLanguage\":\"fr-FR\",\"@id\":\"https:\\\/\\\/legsedition.net\\\/public\\\/la-critique-litteraire\\\/#primaryimage\",\"url\":\"https:\\\/\\\/legsedition.net\\\/public\\\/wp-content\\\/uploads\\\/2017\\\/12\\\/9789997086303.jpg.png\",\"contentUrl\":\"https:\\\/\\\/legsedition.net\\\/public\\\/wp-content\\\/uploads\\\/2017\\\/12\\\/9789997086303.jpg.png\",\"width\":333,\"height\":512},{\"@type\":\"BreadcrumbList\",\"@id\":\"https:\\\/\\\/legsedition.net\\\/public\\\/la-critique-litteraire\\\/#breadcrumb\",\"itemListElement\":[{\"@type\":\"ListItem\",\"position\":1,\"name\":\"Home\",\"item\":\"https:\\\/\\\/legsedition.net\\\/public\\\/\"},{\"@type\":\"ListItem\",\"position\":2,\"name\":\"La Critique Litt\u00e9raire\"}]},{\"@type\":\"WebSite\",\"@id\":\"https:\\\/\\\/legsedition.net\\\/public\\\/#website\",\"url\":\"https:\\\/\\\/legsedition.net\\\/public\\\/\",\"name\":\"LEGS &Eacute;DITION\",\"description\":\"\",\"potentialAction\":[{\"@type\":\"SearchAction\",\"target\":{\"@type\":\"EntryPoint\",\"urlTemplate\":\"https:\\\/\\\/legsedition.net\\\/public\\\/?s={search_term_string}\"},\"query-input\":{\"@type\":\"PropertyValueSpecification\",\"valueRequired\":true,\"valueName\":\"search_term_string\"}}],\"inLanguage\":\"fr-FR\"}]}<\/script>\n<!-- \/ Yoast SEO plugin. -->","yoast_head_json":{"title":"La Critique Litt\u00e9raire | LEGS &Eacute;DITION","robots":{"index":"index","follow":"follow","max-snippet":"max-snippet:-1","max-image-preview":"max-image-preview:large","max-video-preview":"max-video-preview:-1"},"canonical":"https:\/\/legsedition.net\/public\/la-critique-litteraire\/","og_locale":"fr_FR","og_type":"article","og_title":"La Critique Litt\u00e9raire | LEGS &Eacute;DITION","og_description":"Auteur : Collectif (Mirline Pierre et Dieulermesson Petit Fr\u00e8re) Titre : La critique litt\u00e9raire. Legs et Litt\u00e9rature no 10 Illustration de couverture\u00a0: Sergine Andr\u00e9 ISBN : 9789997086303 Parution :\u00a017 novembre 2017 Prix\u00a0: 1 150 HTG ; 18 USD Si la...","og_url":"https:\/\/legsedition.net\/public\/la-critique-litteraire\/","og_site_name":"LEGS &Eacute;DITION","article_publisher":"https:\/\/web.facebook.com\/LegsEtLitterature\/","article_modified_time":"2025-01-05T12:33:25+00:00","og_image":[{"width":333,"height":512,"url":"https:\/\/legsedition.net\/public\/wp-content\/uploads\/2017\/12\/9789997086303.jpg.png","type":"image\/png"}],"twitter_card":"summary_large_image","twitter_misc":{"Dur\u00e9e de lecture estim\u00e9e":"4 minutes"},"schema":{"@context":"https:\/\/schema.org","@graph":[{"@type":"WebPage","@id":"https:\/\/legsedition.net\/public\/la-critique-litteraire\/","url":"https:\/\/legsedition.net\/public\/la-critique-litteraire\/","name":"La Critique Litt\u00e9raire | LEGS &Eacute;DITION","isPartOf":{"@id":"https:\/\/legsedition.net\/public\/#website"},"primaryImageOfPage":{"@id":"https:\/\/legsedition.net\/public\/la-critique-litteraire\/#primaryimage"},"image":{"@id":"https:\/\/legsedition.net\/public\/la-critique-litteraire\/#primaryimage"},"thumbnailUrl":"https:\/\/legsedition.net\/public\/wp-content\/uploads\/2017\/12\/9789997086303.jpg.png","datePublished":"2018-04-16T14:50:51+00:00","dateModified":"2025-01-05T12:33:25+00:00","breadcrumb":{"@id":"https:\/\/legsedition.net\/public\/la-critique-litteraire\/#breadcrumb"},"inLanguage":"fr-FR","potentialAction":[{"@type":"ReadAction","target":["https:\/\/legsedition.net\/public\/la-critique-litteraire\/"]}]},{"@type":"ImageObject","inLanguage":"fr-FR","@id":"https:\/\/legsedition.net\/public\/la-critique-litteraire\/#primaryimage","url":"https:\/\/legsedition.net\/public\/wp-content\/uploads\/2017\/12\/9789997086303.jpg.png","contentUrl":"https:\/\/legsedition.net\/public\/wp-content\/uploads\/2017\/12\/9789997086303.jpg.png","width":333,"height":512},{"@type":"BreadcrumbList","@id":"https:\/\/legsedition.net\/public\/la-critique-litteraire\/#breadcrumb","itemListElement":[{"@type":"ListItem","position":1,"name":"Home","item":"https:\/\/legsedition.net\/public\/"},{"@type":"ListItem","position":2,"name":"La Critique Litt\u00e9raire"}]},{"@type":"WebSite","@id":"https:\/\/legsedition.net\/public\/#website","url":"https:\/\/legsedition.net\/public\/","name":"LEGS &Eacute;DITION","description":"","potentialAction":[{"@type":"SearchAction","target":{"@type":"EntryPoint","urlTemplate":"https:\/\/legsedition.net\/public\/?s={search_term_string}"},"query-input":{"@type":"PropertyValueSpecification","valueRequired":true,"valueName":"search_term_string"}}],"inLanguage":"fr-FR"}]}},"_links":{"self":[{"href":"https:\/\/legsedition.net\/public\/wp-json\/wp\/v2\/pages\/1380","targetHints":{"allow":["GET"]}}],"collection":[{"href":"https:\/\/legsedition.net\/public\/wp-json\/wp\/v2\/pages"}],"about":[{"href":"https:\/\/legsedition.net\/public\/wp-json\/wp\/v2\/types\/page"}],"author":[{"embeddable":true,"href":"https:\/\/legsedition.net\/public\/wp-json\/wp\/v2\/users\/2"}],"replies":[{"embeddable":true,"href":"https:\/\/legsedition.net\/public\/wp-json\/wp\/v2\/comments?post=1380"}],"version-history":[{"count":14,"href":"https:\/\/legsedition.net\/public\/wp-json\/wp\/v2\/pages\/1380\/revisions"}],"predecessor-version":[{"id":8083,"href":"https:\/\/legsedition.net\/public\/wp-json\/wp\/v2\/pages\/1380\/revisions\/8083"}],"wp:featuredmedia":[{"embeddable":true,"href":"https:\/\/legsedition.net\/public\/wp-json\/wp\/v2\/media\/543"}],"wp:attachment":[{"href":"https:\/\/legsedition.net\/public\/wp-json\/wp\/v2\/media?parent=1380"}],"curies":[{"name":"wp","href":"https:\/\/api.w.org\/{rel}","templated":true}]}}