{"id":1385,"date":"2018-04-16T14:58:37","date_gmt":"2018-04-16T14:58:37","guid":{"rendered":"http:\/\/legsedition.net\/public\/?page_id=1385"},"modified":"2025-01-04T12:37:30","modified_gmt":"2025-01-04T12:37:30","slug":"marie-vieux-chauvet","status":"publish","type":"page","link":"https:\/\/legsedition.net\/public\/marie-vieux-chauvet\/","title":{"rendered":"Marie Vieux-Chauvet"},"content":{"rendered":"<p><strong><a href=\"http:\/\/legsedition.net\/public\/wp-content\/uploads\/2017\/12\/revue-8-.png\"><img fetchpriority=\"high\" decoding=\"async\" class=\"alignleft wp-image-139 \" src=\"https:\/\/legsedition.net\/public\/wp-content\/uploads\/2017\/12\/revue-8-.png\" alt=\"\" width=\"235\" height=\"371\" srcset=\"https:\/\/legsedition.net\/public\/wp-content\/uploads\/2017\/12\/revue-8-.png 559w, https:\/\/legsedition.net\/public\/wp-content\/uploads\/2017\/12\/revue-8--416x657.png 416w, https:\/\/legsedition.net\/public\/wp-content\/uploads\/2017\/12\/revue-8--190x300.png 190w, https:\/\/legsedition.net\/public\/wp-content\/uploads\/2017\/12\/revue-8--400x632.png 400w\" sizes=\"(max-width: 235px) 100vw, 235px\" \/><\/a>Auteur :<\/strong>\u00a0 Collectif (Sous la direction de Carolyn Shread,\u00a0 Mirline Pierre et Dieulermesson Petit Frere)<\/p>\n<p><strong>Titre :<\/strong> <em>Marie Vieux-Chauvet. Legs et Litt\u00e9rature no 8<\/em><\/p>\n<p><strong>Illustration de couverture : <\/strong>Ralph Allen<\/p>\n<p><strong>Parution<\/strong> : 29 Novembre 2016<\/p>\n<p><strong>ISBN<\/strong> : 9789997086204<\/p>\n<p><strong>Prix<\/strong> : 1 150 HTG, USD 15<\/p>\n<p style=\"text-align: justify;\">Marie Vieux-Chauvet (1916-1973) est une romanci\u00e8re atypique dans toute l&rsquo;histoire de la litt\u00e9rature ha\u00eftienne. Femme lib\u00e9r\u00e9e, engag\u00e9e, r\u00e9volt\u00e9e contre son milieu et tous les r\u00e9gimes politiques qu&rsquo;elle a connus, \u00e9crivain controvers\u00e9, contest\u00e9, elle reste aujourd&rsquo;hui la femme-\u00e9crivain d\u2019Ha\u00efti qui soul\u00e8ve le plus de d\u00e9bats et de pol\u00e9miques. Auteur de la c\u00e9l\u00e8bre trilogie Amour, Col\u00e8re et Folie publi\u00e9e chez Gallimard en 1968, rapidement retir\u00e9e de la circulation par la famille par crainte des repr\u00e9sailles de Papa Doc, elle m\u00e8nera une vie d\u2019exil\u00e9e entre New York et Paris.<\/p>\n<p>Au premier abord, Marie Vieux-Chauvet, c\u2019est avant tout quelqu\u2019un qui a parl\u00e9, quelqu\u2019un \u2013 une femme \u2013 qui ose parler en pleine dictature. Et qui en subira les cons\u00e9quences. [&#8230;]\u00a0 Si ce num\u00e9ro t\u00e9moigne alors de cet acte foncier qui est celui de prendre la parole, de narrer les non-dits de la terreur, les vell\u00e9it\u00e9s devant l\u2019injustice qui rode dans tous les coins et ronge toutes les classes sociales, et si la revue <em>Legs et litt\u00e9rature<\/em> fait preuve de la continuit\u00e9 de ses mots, de l\u2019apr\u00e8s-vie de son \u0153uvre litt\u00e9raire, du sillage d\u2019une auteure dont l\u2019\u00e9nonc\u00e9 garde toute sa force, ses fra\u00eecheurs, avant de vous inviter \u00e0 d\u00e9couvrir les nouvelles critiques, les cr\u00e9ations, les entretiens et les recherches qu\u2019elle suscite, j\u2019aimerais vous faire entendre, imaginer, le temps d\u2019une expiration profonde\u00a0: ses silences.<\/p>\n<p style=\"text-align: justify;\">Ce num\u00e9ro sp\u00e9cial de la revue <em>Legs et Litt\u00e9rature<\/em> pose les grandes questions jusque-l\u00e0 non abord\u00e9es autour de la vie et l\u2019\u0153uvre de Marie Vieux-Chauvet, mais aussi propose des grilles de lecture en profondeur de ses romans.<\/p>\n<p><strong>\u00c0 <\/strong><strong>propos des directeurs du num\u00e9ro : <\/strong><\/p>\n<p style=\"text-align: justify;\">Carolyn Shread Docteure en \u00c9tudes fran\u00e7aises et francophones de l\u2019Umass Amherst, Carolyn Shread est professeure de Fran\u00e7ais et de Litt\u00e9rature francophone \u00e0 Mount Holyoke College et de Traductologie \u00e0 Smith College. Traductrice de la philosophe Catherine Malabou et de\u00a0Marie Vieux-Chauvet (<em>Les rapaces)<\/em>, elle collabore \u00e0 plusieurs revues dont\u00a0<em>Palimpsestes, et Traduction, Terminologie, r\u00e9daction.<\/em><\/p>\n<p style=\"text-align: justify;\">Certifi\u00e9e \u00e8s Lettres Modernes de l\u2019\u00c9cole Normale Sup\u00e9rieure, Mirline Pierre d\u00e9tient une ma\u00eetrise en didactique des langues de l\u2019Universit\u00e9 des Antilles. Elle enseigne la litt\u00e9rature au secondaire et est formatrice \u00e0 l&rsquo;Institut fran\u00e7ais en Ha\u00efti.<\/p>\n<p style=\"text-align: justify;\">Ancien \u00e9l\u00e8ve de l\u2019\u00c9cole Normale Sup\u00e9rieure, Dieulermesson Petit Fr\u00e8re d\u00e9tient un master 2 en litt\u00e9ratures de l&rsquo;Universit\u00e9 Clermont Auvergne et une ma\u00eetrise \u00e8s lettres de l\u2019Universit\u00e9 des Antilles et de la Guyane. Po\u00e8te et critique litt\u00e9raire, il a d\u00e9j\u00e0 publi\u00e9 deux recueils de po\u00e8mes et enseigne l&rsquo;Analyse du discours \u00e0 l&rsquo;universit\u00e9 de Port-au-Prince.<\/p>\n<hr \/>\n<p><strong>Dans la presse :<\/strong><\/p>\n<p>Marie Desvignes, <a href=\"https:\/\/www.recoursaupoeme.fr\/legs-et-litterature-n8\/\" target=\"_blank\" rel=\"noopener\">Legs et litt\u00e9rature n\u00b08. Revue ha\u00eftienne. Sp\u00e9cial Marie Vieux-Chauvet<\/a>, <em>Recours au po\u00e8me, 5\u00a0<\/em>juillet 2018.<\/p>\n<p>Marie Desvignes, <a href=\"https:\/\/lenouvelliste.com\/article\/172440\/marie-vieux-chauvet-entre-voix-et-silence\" target=\"_blank\" rel=\"noopener\">Marie Vieux-Chauvet, entre voix et silence<\/a>, <em>Le Nouvelliste,\u00a0<\/em>23 juin 2017.<\/p>\n<p>W\u00e9bert Lahens, <a href=\"https:\/\/lenouvelliste.com\/article\/169941\/marie-vieux-chauvet-seul-le-silence\" target=\"_blank\" rel=\"noopener\">Marie Vieux-Chauvet : seul, le silence\u2026<\/a>,\u00a0 <em>Le Nouvelliste,\u00a0<\/em>17 avril 2017.<\/p>\n<p>Marie-Jos\u00e9e Desvignes,\u00a0<a href=\"https:\/\/mjdesvignes.wordpress.com\/2017\/06\/16\/legs-et-litterature-n8-revue-haitienne-special-marie-vieux-chauvet-octobre-2016\/\" target=\"_blank\" rel=\"noopener\"><em>Legs et litt\u00e9rature<\/em>\u00a0n\u00b08, Revue ha\u00eftienne, Sp\u00e9cial Marie Vieux-Chauvet<\/a>, <em>Voix et Silence,\u00a0<\/em>novembre 2016.<\/p>\n","protected":false},"excerpt":{"rendered":"<p>Auteur :\u00a0 Collectif (Sous la direction de Carolyn Shread,\u00a0 Mirline Pierre et Dieulermesson Petit Frere) Titre : Marie Vieux-Chauvet. Legs et Litt\u00e9rature no 8 Illustration de couverture : Ralph Allen Parution : 29 Novembre 2016 ISBN : 9789997086204 Prix :&#8230;<\/p>\n","protected":false},"author":2,"featured_media":139,"parent":0,"menu_order":0,"comment_status":"closed","ping_status":"closed","template":"","meta":{"footnotes":""},"class_list":["post-1385","page","type-page","status-publish","has-post-thumbnail","hentry"],"yoast_head":"<!-- This site is optimized with the Yoast SEO plugin v27.3 - https:\/\/yoast.com\/product\/yoast-seo-wordpress\/ -->\n<title>Marie Vieux-Chauvet | LEGS &Eacute;DITION<\/title>\n<meta name=\"robots\" content=\"index, follow, max-snippet:-1, max-image-preview:large, max-video-preview:-1\" \/>\n<link rel=\"canonical\" href=\"https:\/\/legsedition.net\/public\/marie-vieux-chauvet\/\" \/>\n<meta property=\"og:locale\" content=\"fr_FR\" \/>\n<meta property=\"og:type\" content=\"article\" \/>\n<meta property=\"og:title\" content=\"Marie Vieux-Chauvet | LEGS &Eacute;DITION\" \/>\n<meta property=\"og:description\" content=\"Auteur :\u00a0 Collectif (Sous la direction de Carolyn Shread,\u00a0 Mirline Pierre et Dieulermesson Petit Frere) Titre : Marie Vieux-Chauvet. Legs et Litt\u00e9rature no 8 Illustration de couverture : Ralph Allen Parution : 29 Novembre 2016 ISBN : 9789997086204 Prix :...\" \/>\n<meta property=\"og:url\" content=\"https:\/\/legsedition.net\/public\/marie-vieux-chauvet\/\" \/>\n<meta property=\"og:site_name\" content=\"LEGS &Eacute;DITION\" \/>\n<meta property=\"article:publisher\" content=\"https:\/\/web.facebook.com\/LegsEtLitterature\/\" \/>\n<meta property=\"article:modified_time\" content=\"2025-01-04T12:37:30+00:00\" \/>\n<meta property=\"og:image\" content=\"https:\/\/legsedition.net\/public\/wp-content\/uploads\/2017\/12\/revue-8-.png\" \/>\n\t<meta property=\"og:image:width\" content=\"559\" \/>\n\t<meta property=\"og:image:height\" content=\"883\" \/>\n\t<meta property=\"og:image:type\" content=\"image\/png\" \/>\n<meta name=\"twitter:card\" content=\"summary_large_image\" \/>\n<meta name=\"twitter:label1\" content=\"Dur\u00e9e de lecture estim\u00e9e\" \/>\n\t<meta name=\"twitter:data1\" content=\"3 minutes\" \/>\n<script type=\"application\/ld+json\" class=\"yoast-schema-graph\">{\"@context\":\"https:\\\/\\\/schema.org\",\"@graph\":[{\"@type\":\"WebPage\",\"@id\":\"https:\\\/\\\/legsedition.net\\\/public\\\/marie-vieux-chauvet\\\/\",\"url\":\"https:\\\/\\\/legsedition.net\\\/public\\\/marie-vieux-chauvet\\\/\",\"name\":\"Marie Vieux-Chauvet | LEGS &Eacute;DITION\",\"isPartOf\":{\"@id\":\"https:\\\/\\\/legsedition.net\\\/public\\\/#website\"},\"primaryImageOfPage\":{\"@id\":\"https:\\\/\\\/legsedition.net\\\/public\\\/marie-vieux-chauvet\\\/#primaryimage\"},\"image\":{\"@id\":\"https:\\\/\\\/legsedition.net\\\/public\\\/marie-vieux-chauvet\\\/#primaryimage\"},\"thumbnailUrl\":\"https:\\\/\\\/legsedition.net\\\/public\\\/wp-content\\\/uploads\\\/2017\\\/12\\\/revue-8-.png\",\"datePublished\":\"2018-04-16T14:58:37+00:00\",\"dateModified\":\"2025-01-04T12:37:30+00:00\",\"breadcrumb\":{\"@id\":\"https:\\\/\\\/legsedition.net\\\/public\\\/marie-vieux-chauvet\\\/#breadcrumb\"},\"inLanguage\":\"fr-FR\",\"potentialAction\":[{\"@type\":\"ReadAction\",\"target\":[\"https:\\\/\\\/legsedition.net\\\/public\\\/marie-vieux-chauvet\\\/\"]}]},{\"@type\":\"ImageObject\",\"inLanguage\":\"fr-FR\",\"@id\":\"https:\\\/\\\/legsedition.net\\\/public\\\/marie-vieux-chauvet\\\/#primaryimage\",\"url\":\"https:\\\/\\\/legsedition.net\\\/public\\\/wp-content\\\/uploads\\\/2017\\\/12\\\/revue-8-.png\",\"contentUrl\":\"https:\\\/\\\/legsedition.net\\\/public\\\/wp-content\\\/uploads\\\/2017\\\/12\\\/revue-8-.png\",\"width\":559,\"height\":883},{\"@type\":\"BreadcrumbList\",\"@id\":\"https:\\\/\\\/legsedition.net\\\/public\\\/marie-vieux-chauvet\\\/#breadcrumb\",\"itemListElement\":[{\"@type\":\"ListItem\",\"position\":1,\"name\":\"Home\",\"item\":\"https:\\\/\\\/legsedition.net\\\/public\\\/\"},{\"@type\":\"ListItem\",\"position\":2,\"name\":\"Marie Vieux-Chauvet\"}]},{\"@type\":\"WebSite\",\"@id\":\"https:\\\/\\\/legsedition.net\\\/public\\\/#website\",\"url\":\"https:\\\/\\\/legsedition.net\\\/public\\\/\",\"name\":\"LEGS &Eacute;DITION\",\"description\":\"\",\"potentialAction\":[{\"@type\":\"SearchAction\",\"target\":{\"@type\":\"EntryPoint\",\"urlTemplate\":\"https:\\\/\\\/legsedition.net\\\/public\\\/?s={search_term_string}\"},\"query-input\":{\"@type\":\"PropertyValueSpecification\",\"valueRequired\":true,\"valueName\":\"search_term_string\"}}],\"inLanguage\":\"fr-FR\"}]}<\/script>\n<!-- \/ Yoast SEO plugin. -->","yoast_head_json":{"title":"Marie Vieux-Chauvet | LEGS &Eacute;DITION","robots":{"index":"index","follow":"follow","max-snippet":"max-snippet:-1","max-image-preview":"max-image-preview:large","max-video-preview":"max-video-preview:-1"},"canonical":"https:\/\/legsedition.net\/public\/marie-vieux-chauvet\/","og_locale":"fr_FR","og_type":"article","og_title":"Marie Vieux-Chauvet | LEGS &Eacute;DITION","og_description":"Auteur :\u00a0 Collectif (Sous la direction de Carolyn Shread,\u00a0 Mirline Pierre et Dieulermesson Petit Frere) Titre : Marie Vieux-Chauvet. Legs et Litt\u00e9rature no 8 Illustration de couverture : Ralph Allen Parution : 29 Novembre 2016 ISBN : 9789997086204 Prix :...","og_url":"https:\/\/legsedition.net\/public\/marie-vieux-chauvet\/","og_site_name":"LEGS &Eacute;DITION","article_publisher":"https:\/\/web.facebook.com\/LegsEtLitterature\/","article_modified_time":"2025-01-04T12:37:30+00:00","og_image":[{"width":559,"height":883,"url":"https:\/\/legsedition.net\/public\/wp-content\/uploads\/2017\/12\/revue-8-.png","type":"image\/png"}],"twitter_card":"summary_large_image","twitter_misc":{"Dur\u00e9e de lecture estim\u00e9e":"3 minutes"},"schema":{"@context":"https:\/\/schema.org","@graph":[{"@type":"WebPage","@id":"https:\/\/legsedition.net\/public\/marie-vieux-chauvet\/","url":"https:\/\/legsedition.net\/public\/marie-vieux-chauvet\/","name":"Marie Vieux-Chauvet | LEGS &Eacute;DITION","isPartOf":{"@id":"https:\/\/legsedition.net\/public\/#website"},"primaryImageOfPage":{"@id":"https:\/\/legsedition.net\/public\/marie-vieux-chauvet\/#primaryimage"},"image":{"@id":"https:\/\/legsedition.net\/public\/marie-vieux-chauvet\/#primaryimage"},"thumbnailUrl":"https:\/\/legsedition.net\/public\/wp-content\/uploads\/2017\/12\/revue-8-.png","datePublished":"2018-04-16T14:58:37+00:00","dateModified":"2025-01-04T12:37:30+00:00","breadcrumb":{"@id":"https:\/\/legsedition.net\/public\/marie-vieux-chauvet\/#breadcrumb"},"inLanguage":"fr-FR","potentialAction":[{"@type":"ReadAction","target":["https:\/\/legsedition.net\/public\/marie-vieux-chauvet\/"]}]},{"@type":"ImageObject","inLanguage":"fr-FR","@id":"https:\/\/legsedition.net\/public\/marie-vieux-chauvet\/#primaryimage","url":"https:\/\/legsedition.net\/public\/wp-content\/uploads\/2017\/12\/revue-8-.png","contentUrl":"https:\/\/legsedition.net\/public\/wp-content\/uploads\/2017\/12\/revue-8-.png","width":559,"height":883},{"@type":"BreadcrumbList","@id":"https:\/\/legsedition.net\/public\/marie-vieux-chauvet\/#breadcrumb","itemListElement":[{"@type":"ListItem","position":1,"name":"Home","item":"https:\/\/legsedition.net\/public\/"},{"@type":"ListItem","position":2,"name":"Marie Vieux-Chauvet"}]},{"@type":"WebSite","@id":"https:\/\/legsedition.net\/public\/#website","url":"https:\/\/legsedition.net\/public\/","name":"LEGS &Eacute;DITION","description":"","potentialAction":[{"@type":"SearchAction","target":{"@type":"EntryPoint","urlTemplate":"https:\/\/legsedition.net\/public\/?s={search_term_string}"},"query-input":{"@type":"PropertyValueSpecification","valueRequired":true,"valueName":"search_term_string"}}],"inLanguage":"fr-FR"}]}},"_links":{"self":[{"href":"https:\/\/legsedition.net\/public\/wp-json\/wp\/v2\/pages\/1385","targetHints":{"allow":["GET"]}}],"collection":[{"href":"https:\/\/legsedition.net\/public\/wp-json\/wp\/v2\/pages"}],"about":[{"href":"https:\/\/legsedition.net\/public\/wp-json\/wp\/v2\/types\/page"}],"author":[{"embeddable":true,"href":"https:\/\/legsedition.net\/public\/wp-json\/wp\/v2\/users\/2"}],"replies":[{"embeddable":true,"href":"https:\/\/legsedition.net\/public\/wp-json\/wp\/v2\/comments?post=1385"}],"version-history":[{"count":13,"href":"https:\/\/legsedition.net\/public\/wp-json\/wp\/v2\/pages\/1385\/revisions"}],"predecessor-version":[{"id":8072,"href":"https:\/\/legsedition.net\/public\/wp-json\/wp\/v2\/pages\/1385\/revisions\/8072"}],"wp:featuredmedia":[{"embeddable":true,"href":"https:\/\/legsedition.net\/public\/wp-json\/wp\/v2\/media\/139"}],"wp:attachment":[{"href":"https:\/\/legsedition.net\/public\/wp-json\/wp\/v2\/media?parent=1385"}],"curies":[{"name":"wp","href":"https:\/\/api.w.org\/{rel}","templated":true}]}}