{"id":1387,"date":"2018-04-16T15:04:03","date_gmt":"2018-04-16T15:04:03","guid":{"rendered":"http:\/\/legsedition.net\/public\/?page_id=1387"},"modified":"2025-02-10T10:38:57","modified_gmt":"2025-02-10T10:38:57","slug":"les-plumes-francophones-emergentes","status":"publish","type":"page","link":"https:\/\/legsedition.net\/public\/les-plumes-francophones-emergentes\/","title":{"rendered":"Les plumes francophones \u00e9mergentes"},"content":{"rendered":"<p><strong><a href=\"https:\/\/legsedition.net\/public\/wp-content\/uploads\/2017\/12\/Cover_-Legs-7.png\"><img fetchpriority=\"high\" decoding=\"async\" class=\"wp-image-105  alignleft\" src=\"https:\/\/legsedition.net\/public\/wp-content\/uploads\/2017\/12\/Cover_-Legs-7.png\" alt=\"\" width=\"215\" height=\"343\" srcset=\"https:\/\/legsedition.net\/public\/wp-content\/uploads\/2017\/12\/Cover_-Legs-7.png 290w, https:\/\/legsedition.net\/public\/wp-content\/uploads\/2017\/12\/Cover_-Legs-7-188x300.png 188w\" sizes=\"(max-width: 215px) 100vw, 215px\" \/><\/a>Titre :\u00a0<\/strong><em>Les plumes francophones \u00e9mergentes<\/em>. <em>Legs et Litt\u00e9rature<\/em> no 7<\/p>\n<p><strong>Auteur :\u00a0<\/strong>Collectif (sous la direction de W\u00e9bert Charles et Jean James Est\u00e9pha)<\/p>\n<p><strong>ISBN : <\/strong>978-99970-86-16-7<\/p>\n<p><strong>Parution<\/strong> : 29 avril 2016<\/p>\n<p><strong>Prix<\/strong>\u00a0: 1 150 HTG ; 16 USD<\/p>\n<p>En 2002, la revue litt\u00e9raire <em>Notre Librairie<\/em> publie un num\u00e9ro sp\u00e9cial, consacr\u00e9 aux nouveaux auteurs de l&rsquo;Afrique subsaharienne, de l\u2019Oc\u00e9an indien et des Cara\u00efbes ; mais surtout la nouvelle g\u00e9n\u00e9ration d\u2019\u00e9crivains de ce que l&rsquo;on appelle couramment la Francophonie. L&rsquo;ancienne g\u00e9n\u00e9ration \u00e9tait celle des grands manitous de l\u2019\u00e9criture et de la pens\u00e9e n\u00e9gro-africaine : L\u00e9opold Sedar Senghor (1906-2001), Aim\u00e9 C\u00e9saire (1913-2008), , L\u00e9on-Gontran Damas (1912-1978), \u00c9douard Glissant (1928-2011), Ahmadou Kourouma (1927-2003) notamment. La premi\u00e8re g\u00e9n\u00e9ration d\u2019\u00e9crivains francophones reconnus \u00e0 l\u2019\u00e9chelle international. Cette g\u00e9n\u00e9ration, celle des ann\u00e9es (1910-1930), \u00ab dominait \u00bb la litt\u00e9rature de 1960 \u00e0 1990. Apr\u00e8s cette p\u00e9riode, une nouvelle g\u00e9n\u00e9ration d\u2019\u00e9crivains commence \u00e0 publier et \u00e0 sortir des sentiers battus de la n\u00e9gritude ou de la cr\u00e9olit\u00e9. C&rsquo;est cette g\u00e9n\u00e9ration que le num\u00e9ro 146 de la revue <em>Notre Librairie<\/em> qualifie de nouvelle g\u00e9n\u00e9ration. On y retrouve Dany Laferri\u00e8re (1953), Yasmina Khadra (1955), Lyonel Trouillot (1956), Ananda Devi (1957), Alain Mabanckou (1966)\u2026 On peut ajouter dans la liste ais\u00e9ment Yanick Lahens (1953), Evelyne Trouillot (1954), Kettly Mars (1958), Louis-Philippe Dalembert (1962), pour Ha\u00efti ; Ernest Pepin (1950), Amadou Kone (1953), Patrick Chamoiseau (1953), notamment pour le reste de la Francophonie. Les \u00e9crivains de la g\u00e9n\u00e9ration (1950-60) cit\u00e9s plus haut sont \u00ab confirm\u00e9s \u00bb. Une g\u00e9n\u00e9ration qui commence \u00e0 publier dans les ann\u00e9es 1990, devenue mature, dirait-on, avec des esth\u00e9tiques et des convictions qui diff\u00e8rent d&rsquo;un auteur \u00e0 l&rsquo;autre.<\/p>\n<p>Depuis les ann\u00e9es 2000, notamment apr\u00e8s le s\u00e9isme du 12 janvier 2010, on assiste en Ha\u00efti \u00e0 l&rsquo;effervescence d&rsquo;une nouvelle g\u00e9n\u00e9ration d\u2019\u00e9crivains n\u00e9s pour la plupart dans les ann\u00e9es 1970-1980. Cette g\u00e9n\u00e9ration <em>post-duvalierienne<\/em> a d\u00e9j\u00e0 donn\u00e9 naissance \u00e0 des \u00e9crivains qui \u00e9mergent et d&rsquo;autres plus ou moins install\u00e9s comme Emmelie Proph\u00e8te (1971), Bonel Auguste (1973), Guy R\u00e9gis Junior (1974), James No\u00ebl (1978), Makenzy Orcel (1983), Evains W\u00eache (1984). Il faut \u00e9galement mentionner les \u00e9crivains comme Inema Jeudi, Coutech\u00e8ve Lavoie Aupont, Jean Watson Charles, Kermonde Lovely Fifi qui ont fait leur premi\u00e8re publication apr\u00e8s le s\u00e9isme. C&rsquo;est cette effervescence que ce num\u00e9ro de la revue <em>Legs et Litt\u00e9rature<\/em> tente de capter, tout en voyant ce qui se fait ailleurs.<\/p>\n<p><strong><span class=\"a-text-bold\">\u00c0\u00a0<\/span><span class=\"a-text-bold\">propos des directeurs du num\u00e9ro :<\/span><\/strong><\/p>\n<p>W\u00e9bert Charles est \u00e9conomiste. Dipl\u00f4m\u00e9 en Management culturel de l\u2019Universit\u00e9 Ouagadougou II (Burkina Faso), il est d\u00e9tenteur \u00e9galement d\u2019un Master I en \u00c9conomie des organisations et Gouvernance de l\u2019Universit\u00e9 de Picardie Jules Verne (Amiens). Chroniqueur au journal<span class=\"a-text-italic\">\u00a0<em>Le Nouvelliste<\/em><\/span>, po\u00e8te et nouvelliste, il est l\u2019auteur de\u00a0<em><span class=\"a-text-italic\">Pour que la terre s\u2019en souvienne<\/span><\/em>\u00a0(2010),\u00a0<span class=\"a-text-italic\"><em>Que l\u2019esp\u00e9rance demeure<\/em>\u00a0<\/span>(2012) et\u00a0<em><span class=\"a-text-italic\">Mar\u00e8l<\/span>\u00a0<\/em>(2013).<\/p>\n<p>Jean James Est\u00e9pha est ma\u00eetre \u00e8s Lettres de l\u2019Universit\u00e9 des Antilles et de la Guyane. Il enseigne les Lettres, fait des recherches sur les rapports entre la litt\u00e9rature et le cin\u00e9ma et a publi\u00e9 nombres d\u2019articles dans des revues et journaux.<\/p>\n\n\n<p><\/p>\n","protected":false},"excerpt":{"rendered":"<p>Titre :\u00a0Les plumes francophones \u00e9mergentes. Legs et Litt\u00e9rature no 7 Auteur :\u00a0Collectif (sous la direction de W\u00e9bert Charles et Jean James Est\u00e9pha) ISBN : 978-99970-86-16-7 Parution : 29 avril 2016 Prix\u00a0: 1 150 HTG ; 16 USD En 2002, la&#8230;<\/p>\n","protected":false},"author":2,"featured_media":105,"parent":0,"menu_order":0,"comment_status":"closed","ping_status":"closed","template":"","meta":{"footnotes":""},"class_list":["post-1387","page","type-page","status-publish","has-post-thumbnail","hentry"],"yoast_head":"<!-- This site is optimized with the Yoast SEO plugin v27.3 - https:\/\/yoast.com\/product\/yoast-seo-wordpress\/ -->\n<title>Les plumes francophones \u00e9mergentes | LEGS &Eacute;DITION<\/title>\n<meta name=\"robots\" content=\"index, follow, max-snippet:-1, max-image-preview:large, max-video-preview:-1\" \/>\n<link rel=\"canonical\" href=\"https:\/\/legsedition.net\/public\/les-plumes-francophones-emergentes\/\" \/>\n<meta property=\"og:locale\" content=\"fr_FR\" \/>\n<meta property=\"og:type\" content=\"article\" \/>\n<meta property=\"og:title\" content=\"Les plumes francophones \u00e9mergentes | LEGS &Eacute;DITION\" \/>\n<meta property=\"og:description\" content=\"Titre :\u00a0Les plumes francophones \u00e9mergentes. Legs et Litt\u00e9rature no 7 Auteur :\u00a0Collectif (sous la direction de W\u00e9bert Charles et Jean James Est\u00e9pha) ISBN : 978-99970-86-16-7 Parution : 29 avril 2016 Prix\u00a0: 1 150 HTG ; 16 USD En 2002, la...\" \/>\n<meta property=\"og:url\" content=\"https:\/\/legsedition.net\/public\/les-plumes-francophones-emergentes\/\" \/>\n<meta property=\"og:site_name\" content=\"LEGS &Eacute;DITION\" \/>\n<meta property=\"article:publisher\" content=\"https:\/\/web.facebook.com\/LegsEtLitterature\/\" \/>\n<meta property=\"article:modified_time\" content=\"2025-02-10T10:38:57+00:00\" \/>\n<meta property=\"og:image\" content=\"https:\/\/legsedition.net\/public\/wp-content\/uploads\/2017\/12\/Cover_-Legs-7.png\" \/>\n\t<meta property=\"og:image:width\" content=\"290\" \/>\n\t<meta property=\"og:image:height\" content=\"463\" \/>\n\t<meta property=\"og:image:type\" content=\"image\/png\" \/>\n<meta name=\"twitter:card\" content=\"summary_large_image\" \/>\n<meta name=\"twitter:label1\" content=\"Dur\u00e9e de lecture estim\u00e9e\" \/>\n\t<meta name=\"twitter:data1\" content=\"3 minutes\" \/>\n<script type=\"application\/ld+json\" class=\"yoast-schema-graph\">{\"@context\":\"https:\\\/\\\/schema.org\",\"@graph\":[{\"@type\":\"WebPage\",\"@id\":\"https:\\\/\\\/legsedition.net\\\/public\\\/les-plumes-francophones-emergentes\\\/\",\"url\":\"https:\\\/\\\/legsedition.net\\\/public\\\/les-plumes-francophones-emergentes\\\/\",\"name\":\"Les plumes francophones \u00e9mergentes | LEGS &Eacute;DITION\",\"isPartOf\":{\"@id\":\"https:\\\/\\\/legsedition.net\\\/public\\\/#website\"},\"primaryImageOfPage\":{\"@id\":\"https:\\\/\\\/legsedition.net\\\/public\\\/les-plumes-francophones-emergentes\\\/#primaryimage\"},\"image\":{\"@id\":\"https:\\\/\\\/legsedition.net\\\/public\\\/les-plumes-francophones-emergentes\\\/#primaryimage\"},\"thumbnailUrl\":\"https:\\\/\\\/legsedition.net\\\/public\\\/wp-content\\\/uploads\\\/2017\\\/12\\\/Cover_-Legs-7.png\",\"datePublished\":\"2018-04-16T15:04:03+00:00\",\"dateModified\":\"2025-02-10T10:38:57+00:00\",\"breadcrumb\":{\"@id\":\"https:\\\/\\\/legsedition.net\\\/public\\\/les-plumes-francophones-emergentes\\\/#breadcrumb\"},\"inLanguage\":\"fr-FR\",\"potentialAction\":[{\"@type\":\"ReadAction\",\"target\":[\"https:\\\/\\\/legsedition.net\\\/public\\\/les-plumes-francophones-emergentes\\\/\"]}]},{\"@type\":\"ImageObject\",\"inLanguage\":\"fr-FR\",\"@id\":\"https:\\\/\\\/legsedition.net\\\/public\\\/les-plumes-francophones-emergentes\\\/#primaryimage\",\"url\":\"https:\\\/\\\/legsedition.net\\\/public\\\/wp-content\\\/uploads\\\/2017\\\/12\\\/Cover_-Legs-7.png\",\"contentUrl\":\"https:\\\/\\\/legsedition.net\\\/public\\\/wp-content\\\/uploads\\\/2017\\\/12\\\/Cover_-Legs-7.png\",\"width\":290,\"height\":463},{\"@type\":\"BreadcrumbList\",\"@id\":\"https:\\\/\\\/legsedition.net\\\/public\\\/les-plumes-francophones-emergentes\\\/#breadcrumb\",\"itemListElement\":[{\"@type\":\"ListItem\",\"position\":1,\"name\":\"Home\",\"item\":\"https:\\\/\\\/legsedition.net\\\/public\\\/\"},{\"@type\":\"ListItem\",\"position\":2,\"name\":\"Les plumes francophones \u00e9mergentes\"}]},{\"@type\":\"WebSite\",\"@id\":\"https:\\\/\\\/legsedition.net\\\/public\\\/#website\",\"url\":\"https:\\\/\\\/legsedition.net\\\/public\\\/\",\"name\":\"LEGS &Eacute;DITION\",\"description\":\"\",\"potentialAction\":[{\"@type\":\"SearchAction\",\"target\":{\"@type\":\"EntryPoint\",\"urlTemplate\":\"https:\\\/\\\/legsedition.net\\\/public\\\/?s={search_term_string}\"},\"query-input\":{\"@type\":\"PropertyValueSpecification\",\"valueRequired\":true,\"valueName\":\"search_term_string\"}}],\"inLanguage\":\"fr-FR\"}]}<\/script>\n<!-- \/ Yoast SEO plugin. -->","yoast_head_json":{"title":"Les plumes francophones \u00e9mergentes | LEGS &Eacute;DITION","robots":{"index":"index","follow":"follow","max-snippet":"max-snippet:-1","max-image-preview":"max-image-preview:large","max-video-preview":"max-video-preview:-1"},"canonical":"https:\/\/legsedition.net\/public\/les-plumes-francophones-emergentes\/","og_locale":"fr_FR","og_type":"article","og_title":"Les plumes francophones \u00e9mergentes | LEGS &Eacute;DITION","og_description":"Titre :\u00a0Les plumes francophones \u00e9mergentes. Legs et Litt\u00e9rature no 7 Auteur :\u00a0Collectif (sous la direction de W\u00e9bert Charles et Jean James Est\u00e9pha) ISBN : 978-99970-86-16-7 Parution : 29 avril 2016 Prix\u00a0: 1 150 HTG ; 16 USD En 2002, la...","og_url":"https:\/\/legsedition.net\/public\/les-plumes-francophones-emergentes\/","og_site_name":"LEGS &Eacute;DITION","article_publisher":"https:\/\/web.facebook.com\/LegsEtLitterature\/","article_modified_time":"2025-02-10T10:38:57+00:00","og_image":[{"width":290,"height":463,"url":"https:\/\/legsedition.net\/public\/wp-content\/uploads\/2017\/12\/Cover_-Legs-7.png","type":"image\/png"}],"twitter_card":"summary_large_image","twitter_misc":{"Dur\u00e9e de lecture estim\u00e9e":"3 minutes"},"schema":{"@context":"https:\/\/schema.org","@graph":[{"@type":"WebPage","@id":"https:\/\/legsedition.net\/public\/les-plumes-francophones-emergentes\/","url":"https:\/\/legsedition.net\/public\/les-plumes-francophones-emergentes\/","name":"Les plumes francophones \u00e9mergentes | LEGS &Eacute;DITION","isPartOf":{"@id":"https:\/\/legsedition.net\/public\/#website"},"primaryImageOfPage":{"@id":"https:\/\/legsedition.net\/public\/les-plumes-francophones-emergentes\/#primaryimage"},"image":{"@id":"https:\/\/legsedition.net\/public\/les-plumes-francophones-emergentes\/#primaryimage"},"thumbnailUrl":"https:\/\/legsedition.net\/public\/wp-content\/uploads\/2017\/12\/Cover_-Legs-7.png","datePublished":"2018-04-16T15:04:03+00:00","dateModified":"2025-02-10T10:38:57+00:00","breadcrumb":{"@id":"https:\/\/legsedition.net\/public\/les-plumes-francophones-emergentes\/#breadcrumb"},"inLanguage":"fr-FR","potentialAction":[{"@type":"ReadAction","target":["https:\/\/legsedition.net\/public\/les-plumes-francophones-emergentes\/"]}]},{"@type":"ImageObject","inLanguage":"fr-FR","@id":"https:\/\/legsedition.net\/public\/les-plumes-francophones-emergentes\/#primaryimage","url":"https:\/\/legsedition.net\/public\/wp-content\/uploads\/2017\/12\/Cover_-Legs-7.png","contentUrl":"https:\/\/legsedition.net\/public\/wp-content\/uploads\/2017\/12\/Cover_-Legs-7.png","width":290,"height":463},{"@type":"BreadcrumbList","@id":"https:\/\/legsedition.net\/public\/les-plumes-francophones-emergentes\/#breadcrumb","itemListElement":[{"@type":"ListItem","position":1,"name":"Home","item":"https:\/\/legsedition.net\/public\/"},{"@type":"ListItem","position":2,"name":"Les plumes francophones \u00e9mergentes"}]},{"@type":"WebSite","@id":"https:\/\/legsedition.net\/public\/#website","url":"https:\/\/legsedition.net\/public\/","name":"LEGS &Eacute;DITION","description":"","potentialAction":[{"@type":"SearchAction","target":{"@type":"EntryPoint","urlTemplate":"https:\/\/legsedition.net\/public\/?s={search_term_string}"},"query-input":{"@type":"PropertyValueSpecification","valueRequired":true,"valueName":"search_term_string"}}],"inLanguage":"fr-FR"}]}},"_links":{"self":[{"href":"https:\/\/legsedition.net\/public\/wp-json\/wp\/v2\/pages\/1387","targetHints":{"allow":["GET"]}}],"collection":[{"href":"https:\/\/legsedition.net\/public\/wp-json\/wp\/v2\/pages"}],"about":[{"href":"https:\/\/legsedition.net\/public\/wp-json\/wp\/v2\/types\/page"}],"author":[{"embeddable":true,"href":"https:\/\/legsedition.net\/public\/wp-json\/wp\/v2\/users\/2"}],"replies":[{"embeddable":true,"href":"https:\/\/legsedition.net\/public\/wp-json\/wp\/v2\/comments?post=1387"}],"version-history":[{"count":13,"href":"https:\/\/legsedition.net\/public\/wp-json\/wp\/v2\/pages\/1387\/revisions"}],"predecessor-version":[{"id":8242,"href":"https:\/\/legsedition.net\/public\/wp-json\/wp\/v2\/pages\/1387\/revisions\/8242"}],"wp:featuredmedia":[{"embeddable":true,"href":"https:\/\/legsedition.net\/public\/wp-json\/wp\/v2\/media\/105"}],"wp:attachment":[{"href":"https:\/\/legsedition.net\/public\/wp-json\/wp\/v2\/media?parent=1387"}],"curies":[{"name":"wp","href":"https:\/\/api.w.org\/{rel}","templated":true}]}}