{"id":1395,"date":"2018-04-16T15:13:19","date_gmt":"2018-04-16T15:13:19","guid":{"rendered":"http:\/\/legsedition.net\/public\/?page_id=1395"},"modified":"2025-02-12T20:27:13","modified_gmt":"2025-02-12T20:27:13","slug":"dictature-revolte-et-ecritures-feminines","status":"publish","type":"page","link":"https:\/\/legsedition.net\/public\/dictature-revolte-et-ecritures-feminines\/","title":{"rendered":"Dictature, R\u00e9volte et \u00c9critures f\u00e9minines"},"content":{"rendered":"<p><a href=\"https:\/\/legsedition.net\/public\/wp-content\/uploads\/2017\/12\/LEGS3.jpg\"><img fetchpriority=\"high\" decoding=\"async\" class=\"alignleft wp-image-128 \" src=\"https:\/\/legsedition.net\/public\/wp-content\/uploads\/2017\/12\/LEGS3.jpg\" alt=\"\" width=\"247\" height=\"387\" srcset=\"https:\/\/legsedition.net\/public\/wp-content\/uploads\/2017\/12\/LEGS3.jpg 493w, https:\/\/legsedition.net\/public\/wp-content\/uploads\/2017\/12\/LEGS3-416x652.jpg 416w, https:\/\/legsedition.net\/public\/wp-content\/uploads\/2017\/12\/LEGS3-191x300.jpg 191w, https:\/\/legsedition.net\/public\/wp-content\/uploads\/2017\/12\/LEGS3-400x627.jpg 400w\" sizes=\"(max-width: 247px) 100vw, 247px\" \/><\/a><\/p>\n<p><strong>Auteur :\u00a0<\/strong>Collectif\u00a0 (Sous la direction de W\u00e9bert Charles et Carolyn Shread)<\/p>\n<p><strong>Titre :\u00a0<\/strong><em>Dictature, R\u00e9volte et \u00c9critures f\u00e9minines<\/em><em>. Revue Legs et Litt\u00e9rature\u00a0<\/em>n<sup>o<\/sup> 3<\/p>\n<p><strong>Illustration :<\/strong> DR (Nuage de mots)<\/p>\n<p><strong>Date de parution : <\/strong>9 f\u00e9vrier 2014(Avec le pr\u00e9cieux soutien de Festival Arts Gallerie)<\/p>\n<p><strong>ISBN :\u00a0<\/strong>978-14960-89-61-8<\/p>\n<p><strong>Prix :\u00a0<\/strong>1 150 HTG ; 16 USD<\/p>\n<p>L\u2019intention de ce num\u00e9ro est de donner la parole aux femmes et de voir la dictature sous un autre angle : la dictature vue et v\u00e9cue par celles-ci. Non seulement par les femmes-\u00e9crivains (Marie Vieux-Chauvet, Nadine Magloire, Janine Tavernier, Jacqueline Beaug\u00e9\u2026) mais aussi par des personnages f\u00e9minins dans les romans \u00e9crits par des femmes (Rose dans <em>Col\u00e8re<\/em> de Marie Vieux-Chauvet, Annie dans <em>Autopsie In Vivo<\/em> de Nadine Magloire, Odile dans <em>La m\u00e9moire aux abois<\/em> d\u2019Evelyne Trouillot, Nirvah dans <em>Saisons Sauvages<\/em> de Kettly Mars\u2026). Il faut \u00e9galement tenir compte de la dictature du genre, de la domination masculine. Le temps est venu de donner aux femmes le droit de parler de leur vie, de leurs exp\u00e9riences en tant que femme, de construire leur propre personnage.<\/p>\n<p>La th\u00e9orie de l&rsquo;\u00e9rotisme du colonialisme de James Arnold d\u00e9velopp\u00e9e par Corine Tachtiris dans ce pr\u00e9sent num\u00e9ro peut \u00eatre appliqu\u00e9e \u00e0 cette notion de dictature. En ce sens, les femmes subissent toujours une double dictature. Non seulement elles sont aussi victimes en tant qu&rsquo;individu du syst\u00e8me oppressif et totalitaire, mais elles sont victimes en tant que femme. Utilisees, elles deviennent m\u00eame des instruments de pouvoir. [&#8230;] La domination masculine se fait aussi sentir, comme on l\u2019a vu, dans la critique litt\u00e9raire, dans la place r\u00e9serv\u00e9e aux femmes dans les lettres ha\u00eftiennes. C\u2019est aussi pour restituer quelques figures f\u00e9minines et pour renouveler le discours sur ces femmes-\u00e9crivains que la revue <em>Legs et Litt\u00e9rature<\/em> publie ce num\u00e9ro.<\/p>\n<p><strong>\u00c0 propos des directeurs du num\u00e9ro :<\/strong><\/p>\n<p>Carolyn Shread Docteure en \u00c9tudes fran\u00e7aises et francophones de l\u2019Umass Amherst, Carolyn Shread est professeure de Fran\u00e7ais et de Litt\u00e9rature francophone \u00e0 Mount Holyoke College et de Traductologie \u00e0 Smith College. Traductrice de la philosophe Catherine Malabou et de Marie Vieux-Chauvet (<em>Les rapaces<\/em>), elle collabore \u00e0 plusieurs revues dont\u00a0<em>Palimpsestes, et Traduction, Terminologie, r\u00e9daction<\/em>.<\/p>\n<p>W\u00e9bert Charles est \u00e9conomiste. Dipl\u00f4m\u00e9 en Management culturel de l\u2019Universit\u00e9 Ouagadougou II (Burkina Faso), il est d\u00e9tenteur \u00e9galement d\u2019un Master I en \u00c9conomie des organisations et Gouvernance de l\u2019Universit\u00e9 de Picardie Jules Verne (Amiens). Chroniqueur au journal\u00a0<em>Le<\/em>\u00a0<em>Nouvelliste<\/em>, po\u00e8te et nouvelliste, il est l\u2019auteur de\u00a0<em>Pour que la terre s\u2019en souvienne (2010), Que l\u2019esp\u00e9rance demeure (2012)\u00a0<\/em>et<em>\u00a0Mar\u00e8l<\/em>\u00a0(2013).<\/p>\n<hr \/>\n<p><strong>Dans la presse :<\/strong><\/p>\n<p>Lord Edwin Byron, <a href=\"http:\/\/lenouvelliste.com\/article\/128694\/les-femmes-et-la-dictature\" target=\"_blank\" rel=\"noopener\">Les femmes et la dictature<\/a>, <em>Le Nouvelliste, <\/em>19 mars 2014.<\/p>\n","protected":false},"excerpt":{"rendered":"<p>Auteur :\u00a0Collectif\u00a0 (Sous la direction de W\u00e9bert Charles et Carolyn Shread) Titre :\u00a0Dictature, R\u00e9volte et \u00c9critures f\u00e9minines. Revue Legs et Litt\u00e9rature\u00a0no 3 Illustration : DR (Nuage de mots) Date de parution : 9 f\u00e9vrier 2014(Avec le pr\u00e9cieux soutien de Festival&#8230;<\/p>\n","protected":false},"author":2,"featured_media":146,"parent":0,"menu_order":0,"comment_status":"closed","ping_status":"closed","template":"","meta":{"footnotes":""},"class_list":["post-1395","page","type-page","status-publish","has-post-thumbnail","hentry"],"yoast_head":"<!-- This site is optimized with the Yoast SEO plugin v27.3 - https:\/\/yoast.com\/product\/yoast-seo-wordpress\/ -->\n<title>Dictature, R\u00e9volte et \u00c9critures f\u00e9minines | LEGS &Eacute;DITION<\/title>\n<meta name=\"robots\" content=\"index, follow, max-snippet:-1, max-image-preview:large, max-video-preview:-1\" \/>\n<link rel=\"canonical\" href=\"https:\/\/legsedition.net\/public\/dictature-revolte-et-ecritures-feminines\/\" \/>\n<meta property=\"og:locale\" content=\"fr_FR\" \/>\n<meta property=\"og:type\" content=\"article\" \/>\n<meta property=\"og:title\" content=\"Dictature, R\u00e9volte et \u00c9critures f\u00e9minines | LEGS &Eacute;DITION\" \/>\n<meta property=\"og:description\" content=\"Auteur :\u00a0Collectif\u00a0 (Sous la direction de W\u00e9bert Charles et Carolyn Shread) Titre :\u00a0Dictature, R\u00e9volte et \u00c9critures f\u00e9minines. Revue Legs et Litt\u00e9rature\u00a0no 3 Illustration : DR (Nuage de mots) Date de parution : 9 f\u00e9vrier 2014(Avec le pr\u00e9cieux soutien de Festival...\" \/>\n<meta property=\"og:url\" content=\"https:\/\/legsedition.net\/public\/dictature-revolte-et-ecritures-feminines\/\" \/>\n<meta property=\"og:site_name\" content=\"LEGS &Eacute;DITION\" \/>\n<meta property=\"article:publisher\" content=\"https:\/\/web.facebook.com\/LegsEtLitterature\/\" \/>\n<meta property=\"article:modified_time\" content=\"2025-02-12T20:27:13+00:00\" \/>\n<meta property=\"og:image\" content=\"https:\/\/legsedition.net\/public\/wp-content\/uploads\/2017\/12\/REVUE-3.jpg\" \/>\n\t<meta property=\"og:image:width\" content=\"494\" \/>\n\t<meta property=\"og:image:height\" content=\"734\" \/>\n\t<meta property=\"og:image:type\" content=\"image\/jpeg\" \/>\n<meta name=\"twitter:card\" content=\"summary_large_image\" \/>\n<meta name=\"twitter:label1\" content=\"Dur\u00e9e de lecture estim\u00e9e\" \/>\n\t<meta name=\"twitter:data1\" content=\"3 minutes\" \/>\n<script type=\"application\/ld+json\" class=\"yoast-schema-graph\">{\"@context\":\"https:\\\/\\\/schema.org\",\"@graph\":[{\"@type\":\"WebPage\",\"@id\":\"https:\\\/\\\/legsedition.net\\\/public\\\/dictature-revolte-et-ecritures-feminines\\\/\",\"url\":\"https:\\\/\\\/legsedition.net\\\/public\\\/dictature-revolte-et-ecritures-feminines\\\/\",\"name\":\"Dictature, R\u00e9volte et \u00c9critures f\u00e9minines | LEGS &Eacute;DITION\",\"isPartOf\":{\"@id\":\"https:\\\/\\\/legsedition.net\\\/public\\\/#website\"},\"primaryImageOfPage\":{\"@id\":\"https:\\\/\\\/legsedition.net\\\/public\\\/dictature-revolte-et-ecritures-feminines\\\/#primaryimage\"},\"image\":{\"@id\":\"https:\\\/\\\/legsedition.net\\\/public\\\/dictature-revolte-et-ecritures-feminines\\\/#primaryimage\"},\"thumbnailUrl\":\"https:\\\/\\\/legsedition.net\\\/public\\\/wp-content\\\/uploads\\\/2017\\\/12\\\/REVUE-3.jpg\",\"datePublished\":\"2018-04-16T15:13:19+00:00\",\"dateModified\":\"2025-02-12T20:27:13+00:00\",\"breadcrumb\":{\"@id\":\"https:\\\/\\\/legsedition.net\\\/public\\\/dictature-revolte-et-ecritures-feminines\\\/#breadcrumb\"},\"inLanguage\":\"fr-FR\",\"potentialAction\":[{\"@type\":\"ReadAction\",\"target\":[\"https:\\\/\\\/legsedition.net\\\/public\\\/dictature-revolte-et-ecritures-feminines\\\/\"]}]},{\"@type\":\"ImageObject\",\"inLanguage\":\"fr-FR\",\"@id\":\"https:\\\/\\\/legsedition.net\\\/public\\\/dictature-revolte-et-ecritures-feminines\\\/#primaryimage\",\"url\":\"https:\\\/\\\/legsedition.net\\\/public\\\/wp-content\\\/uploads\\\/2017\\\/12\\\/REVUE-3.jpg\",\"contentUrl\":\"https:\\\/\\\/legsedition.net\\\/public\\\/wp-content\\\/uploads\\\/2017\\\/12\\\/REVUE-3.jpg\",\"width\":494,\"height\":734},{\"@type\":\"BreadcrumbList\",\"@id\":\"https:\\\/\\\/legsedition.net\\\/public\\\/dictature-revolte-et-ecritures-feminines\\\/#breadcrumb\",\"itemListElement\":[{\"@type\":\"ListItem\",\"position\":1,\"name\":\"Home\",\"item\":\"https:\\\/\\\/legsedition.net\\\/public\\\/\"},{\"@type\":\"ListItem\",\"position\":2,\"name\":\"Dictature, R\u00e9volte et \u00c9critures f\u00e9minines\"}]},{\"@type\":\"WebSite\",\"@id\":\"https:\\\/\\\/legsedition.net\\\/public\\\/#website\",\"url\":\"https:\\\/\\\/legsedition.net\\\/public\\\/\",\"name\":\"LEGS &Eacute;DITION\",\"description\":\"\",\"potentialAction\":[{\"@type\":\"SearchAction\",\"target\":{\"@type\":\"EntryPoint\",\"urlTemplate\":\"https:\\\/\\\/legsedition.net\\\/public\\\/?s={search_term_string}\"},\"query-input\":{\"@type\":\"PropertyValueSpecification\",\"valueRequired\":true,\"valueName\":\"search_term_string\"}}],\"inLanguage\":\"fr-FR\"}]}<\/script>\n<!-- \/ Yoast SEO plugin. -->","yoast_head_json":{"title":"Dictature, R\u00e9volte et \u00c9critures f\u00e9minines | LEGS &Eacute;DITION","robots":{"index":"index","follow":"follow","max-snippet":"max-snippet:-1","max-image-preview":"max-image-preview:large","max-video-preview":"max-video-preview:-1"},"canonical":"https:\/\/legsedition.net\/public\/dictature-revolte-et-ecritures-feminines\/","og_locale":"fr_FR","og_type":"article","og_title":"Dictature, R\u00e9volte et \u00c9critures f\u00e9minines | LEGS &Eacute;DITION","og_description":"Auteur :\u00a0Collectif\u00a0 (Sous la direction de W\u00e9bert Charles et Carolyn Shread) Titre :\u00a0Dictature, R\u00e9volte et \u00c9critures f\u00e9minines. Revue Legs et Litt\u00e9rature\u00a0no 3 Illustration : DR (Nuage de mots) Date de parution : 9 f\u00e9vrier 2014(Avec le pr\u00e9cieux soutien de Festival...","og_url":"https:\/\/legsedition.net\/public\/dictature-revolte-et-ecritures-feminines\/","og_site_name":"LEGS &Eacute;DITION","article_publisher":"https:\/\/web.facebook.com\/LegsEtLitterature\/","article_modified_time":"2025-02-12T20:27:13+00:00","og_image":[{"width":494,"height":734,"url":"https:\/\/legsedition.net\/public\/wp-content\/uploads\/2017\/12\/REVUE-3.jpg","type":"image\/jpeg"}],"twitter_card":"summary_large_image","twitter_misc":{"Dur\u00e9e de lecture estim\u00e9e":"3 minutes"},"schema":{"@context":"https:\/\/schema.org","@graph":[{"@type":"WebPage","@id":"https:\/\/legsedition.net\/public\/dictature-revolte-et-ecritures-feminines\/","url":"https:\/\/legsedition.net\/public\/dictature-revolte-et-ecritures-feminines\/","name":"Dictature, R\u00e9volte et \u00c9critures f\u00e9minines | LEGS &Eacute;DITION","isPartOf":{"@id":"https:\/\/legsedition.net\/public\/#website"},"primaryImageOfPage":{"@id":"https:\/\/legsedition.net\/public\/dictature-revolte-et-ecritures-feminines\/#primaryimage"},"image":{"@id":"https:\/\/legsedition.net\/public\/dictature-revolte-et-ecritures-feminines\/#primaryimage"},"thumbnailUrl":"https:\/\/legsedition.net\/public\/wp-content\/uploads\/2017\/12\/REVUE-3.jpg","datePublished":"2018-04-16T15:13:19+00:00","dateModified":"2025-02-12T20:27:13+00:00","breadcrumb":{"@id":"https:\/\/legsedition.net\/public\/dictature-revolte-et-ecritures-feminines\/#breadcrumb"},"inLanguage":"fr-FR","potentialAction":[{"@type":"ReadAction","target":["https:\/\/legsedition.net\/public\/dictature-revolte-et-ecritures-feminines\/"]}]},{"@type":"ImageObject","inLanguage":"fr-FR","@id":"https:\/\/legsedition.net\/public\/dictature-revolte-et-ecritures-feminines\/#primaryimage","url":"https:\/\/legsedition.net\/public\/wp-content\/uploads\/2017\/12\/REVUE-3.jpg","contentUrl":"https:\/\/legsedition.net\/public\/wp-content\/uploads\/2017\/12\/REVUE-3.jpg","width":494,"height":734},{"@type":"BreadcrumbList","@id":"https:\/\/legsedition.net\/public\/dictature-revolte-et-ecritures-feminines\/#breadcrumb","itemListElement":[{"@type":"ListItem","position":1,"name":"Home","item":"https:\/\/legsedition.net\/public\/"},{"@type":"ListItem","position":2,"name":"Dictature, R\u00e9volte et \u00c9critures f\u00e9minines"}]},{"@type":"WebSite","@id":"https:\/\/legsedition.net\/public\/#website","url":"https:\/\/legsedition.net\/public\/","name":"LEGS &Eacute;DITION","description":"","potentialAction":[{"@type":"SearchAction","target":{"@type":"EntryPoint","urlTemplate":"https:\/\/legsedition.net\/public\/?s={search_term_string}"},"query-input":{"@type":"PropertyValueSpecification","valueRequired":true,"valueName":"search_term_string"}}],"inLanguage":"fr-FR"}]}},"_links":{"self":[{"href":"https:\/\/legsedition.net\/public\/wp-json\/wp\/v2\/pages\/1395","targetHints":{"allow":["GET"]}}],"collection":[{"href":"https:\/\/legsedition.net\/public\/wp-json\/wp\/v2\/pages"}],"about":[{"href":"https:\/\/legsedition.net\/public\/wp-json\/wp\/v2\/types\/page"}],"author":[{"embeddable":true,"href":"https:\/\/legsedition.net\/public\/wp-json\/wp\/v2\/users\/2"}],"replies":[{"embeddable":true,"href":"https:\/\/legsedition.net\/public\/wp-json\/wp\/v2\/comments?post=1395"}],"version-history":[{"count":12,"href":"https:\/\/legsedition.net\/public\/wp-json\/wp\/v2\/pages\/1395\/revisions"}],"predecessor-version":[{"id":8282,"href":"https:\/\/legsedition.net\/public\/wp-json\/wp\/v2\/pages\/1395\/revisions\/8282"}],"wp:featuredmedia":[{"embeddable":true,"href":"https:\/\/legsedition.net\/public\/wp-json\/wp\/v2\/media\/146"}],"wp:attachment":[{"href":"https:\/\/legsedition.net\/public\/wp-json\/wp\/v2\/media?parent=1395"}],"curies":[{"name":"wp","href":"https:\/\/api.w.org\/{rel}","templated":true}]}}