{"id":1397,"date":"2018-04-16T15:15:49","date_gmt":"2018-04-16T15:15:49","guid":{"rendered":"http:\/\/legsedition.net\/public\/?page_id=1397"},"modified":"2025-02-12T20:41:07","modified_gmt":"2025-02-12T20:41:07","slug":"erotisme-et-tabou","status":"publish","type":"page","link":"https:\/\/legsedition.net\/public\/erotisme-et-tabou\/","title":{"rendered":"\u00c9rotisme et Tabou"},"content":{"rendered":"<p><strong><a href=\"https:\/\/legsedition.net\/public\/wp-content\/uploads\/2017\/12\/aaaaaaafiche.jpg\"><img fetchpriority=\"high\" decoding=\"async\" class=\"wp-image-70  alignleft\" src=\"https:\/\/legsedition.net\/public\/wp-content\/uploads\/2017\/12\/aaaaaaafiche.jpg\" alt=\"\" width=\"251\" height=\"390\" srcset=\"https:\/\/legsedition.net\/public\/wp-content\/uploads\/2017\/12\/aaaaaaafiche.jpg 486w, https:\/\/legsedition.net\/public\/wp-content\/uploads\/2017\/12\/aaaaaaafiche-416x647.jpg 416w, https:\/\/legsedition.net\/public\/wp-content\/uploads\/2017\/12\/aaaaaaafiche-193x300.jpg 193w, https:\/\/legsedition.net\/public\/wp-content\/uploads\/2017\/12\/aaaaaaafiche-400x622.jpg 400w\" sizes=\"(max-width: 251px) 100vw, 251px\" \/><\/a>Auteur :\u00a0<\/strong>Collectif\u00a0 (Sous la direction de Dieulermesson Petit Frere et Catherine Boudet)<\/p>\n<p><strong>Titre : <\/strong><em>\u00c9rotisme et Tabou<\/em><em>. Legs et Litt\u00e9rature <\/em>n<sup>o<\/sup> 2<\/p>\n<p><strong>Illustration :<\/strong> Carla Van de Puttelaar<\/p>\n<p><strong>Parution<\/strong> : 16 Aug 2013<\/p>\n<p><strong>ISBN<\/strong> : 9781492170860<\/p>\n<p><strong>Prix<\/strong>\u00a0: 1 150 HTG ; 16 USD<\/p>\n<p>Interroger les soci\u00e9t\u00e9s, interroger l\u2019Histoire. Qu\u2019est-ce qui serait tabou et qu\u2019est-ce qui ne le serait pas ? O\u00f9 se situe la fronti\u00e8re entre \u00e9rotisme et tabou ? S\u2019affranchir du joug de l\u2019interdit s\u2019inscrit-il dans une dynamique d\u00e9viante \u2013donc hors norm\u00e9e\u2013 ou entend-il instaurer de nouveaux comportements ? Que peut la litt\u00e9rature face aux tabous sinon que de les mettre au c\u0153ur de notre quotidien en nous poussant \u00e0 les briser ? Sachant que l\u2019\u00e9rotisme est une composante importante voire m\u00eame une constante des litt\u00e9ratures du monde, il serait int\u00e9ressant de s\u2019interroger sur l&rsquo;usage que la litt\u00e9rature contemporaine fait de l&rsquo;\u00e9rotisme. Comment les \u00e9crivains ou plut\u00f4t les cr\u00e9ateurs se d\u00e9prennent des tabous sociaux et quel regard la soci\u00e9t\u00e9 porte sur leurs \u0153uvres ?<\/p>\n<p>Peut-on consid\u00e9rer l\u2019\u00e9rotisme comme transgression au point d\u2019en faire un sujet tabou quand on se r\u00e9f\u00e8re aux bienfaits (heureux) de <em>\u2018\u2018l\u2019art d\u2019aimer\u00a0?\u2019\u2019<\/em> Le peintre mauricien Firoz Ganthy aime scandaliser, dit-il, pour s\u2019affranchir de la morale sociale. Il croit que l\u2019\u00e9rotisation absolue peut aider le peintre \u00e0 se battre contre les absurdit\u00e9s de la vie. La photographe hollandaise Carla Van de Puttelaar se voit comme une interpr\u00e8te des courbes amoureuses et ses portraits \u00e0 haute intensit\u00e9 sensuelle sont tr\u00e8s suggestifs.<\/p>\n<p><strong>\u00c0 propos des directeurs du num\u00e9ro :<\/strong><\/p>\n<p>Catherine Boudet est docteur en Science politique de l\u2019Institut d\u2019\u00e9tudes politiques de Bordeaux. po\u00e8te, journaliste et professeur d\u2019Universit\u00e9. Elle est l\u2019auteure d\u2019une th\u00e8se de doctorat sur l\u2019\u00e9migration des Mauriciens d\u2019origine fran\u00e7aise (ou Franco-Mauriciens) en Afrique du Sud, et de divers articles scientifiques sur les probl\u00e9matiques de l\u2019identit\u00e9 et de la construction nationale \u00e0 Maurice.<\/p>\n<p>Dieulermesson Petit Fr\u00e8re d\u00e9tient un master 2 en litt\u00e9ratures de l\u2019Universit\u00e9 Clermont Auvergne et est ma\u00eetre \u00e8s Lettres de l\u2019Universit\u00e9 des Antilles et de la Guyane. Po\u00e8te et critique litt\u00e9raire, il a d\u00e9j\u00e0 publi\u00e9 deux recueils de po\u00e8mes et enseigne l\u2019Analyse du discours \u00e0 l\u2019universit\u00e9 de Port-au-Prince.<\/p>\n<hr \/>\n<p><strong>Dans la presse :<\/strong><\/p>\n<p>Marjory Adenet-Louvet,\u00a0<a href=\"https:\/\/legsedition.net\/public\/wp-content\/uploads\/2019\/03\/Legs-et-Litterature_Art-France-Antilles.jpg\" target=\"_blank\" rel=\"noopener\"><em>Legs et Litt\u00e9rature<\/em>\u00a0: activistes litt\u00e9raires en terre ha\u00eftienne<\/a>, <em>France-Antilles,\u00a0<\/em>f\u00e9vrier 2014.<\/p>\n<p>Dominique Batraville, <a href=\"https:\/\/soundcloud.com\/user752815543\/a-haute-voix-la-chronique-de\" target=\"_blank\" rel=\"noopener\">\u00c9rotisme et Tabou<\/a>, <em>\u00c0 Haute Voix<\/em>, octobre 2013.<\/p>\n","protected":false},"excerpt":{"rendered":"<p>Auteur :\u00a0Collectif\u00a0 (Sous la direction de Dieulermesson Petit Frere et Catherine Boudet) Titre : \u00c9rotisme et Tabou. Legs et Litt\u00e9rature no 2 Illustration : Carla Van de Puttelaar Parution : 16 Aug 2013 ISBN : 9781492170860 Prix\u00a0: 1 150 HTG&#8230;<\/p>\n","protected":false},"author":2,"featured_media":70,"parent":0,"menu_order":0,"comment_status":"closed","ping_status":"closed","template":"","meta":{"footnotes":""},"class_list":["post-1397","page","type-page","status-publish","has-post-thumbnail","hentry"],"yoast_head":"<!-- This site is optimized with the Yoast SEO plugin v27.3 - https:\/\/yoast.com\/product\/yoast-seo-wordpress\/ -->\n<title>\u00c9rotisme et Tabou | LEGS &Eacute;DITION<\/title>\n<meta name=\"robots\" content=\"index, follow, max-snippet:-1, max-image-preview:large, max-video-preview:-1\" \/>\n<link rel=\"canonical\" href=\"https:\/\/legsedition.net\/public\/erotisme-et-tabou\/\" \/>\n<meta property=\"og:locale\" content=\"fr_FR\" \/>\n<meta property=\"og:type\" content=\"article\" \/>\n<meta property=\"og:title\" content=\"\u00c9rotisme et Tabou | LEGS &Eacute;DITION\" \/>\n<meta property=\"og:description\" content=\"Auteur :\u00a0Collectif\u00a0 (Sous la direction de Dieulermesson Petit Frere et Catherine Boudet) Titre : \u00c9rotisme et Tabou. Legs et Litt\u00e9rature no 2 Illustration : Carla Van de Puttelaar Parution : 16 Aug 2013 ISBN : 9781492170860 Prix\u00a0: 1 150 HTG...\" \/>\n<meta property=\"og:url\" content=\"https:\/\/legsedition.net\/public\/erotisme-et-tabou\/\" \/>\n<meta property=\"og:site_name\" content=\"LEGS &Eacute;DITION\" \/>\n<meta property=\"article:publisher\" content=\"https:\/\/web.facebook.com\/LegsEtLitterature\/\" \/>\n<meta property=\"article:modified_time\" content=\"2025-02-12T20:41:07+00:00\" \/>\n<meta property=\"og:image\" content=\"https:\/\/legsedition.net\/public\/wp-content\/uploads\/2017\/12\/aaaaaaafiche.jpg\" \/>\n\t<meta property=\"og:image:width\" content=\"486\" \/>\n\t<meta property=\"og:image:height\" content=\"756\" \/>\n\t<meta property=\"og:image:type\" content=\"image\/jpeg\" \/>\n<meta name=\"twitter:card\" content=\"summary_large_image\" \/>\n<meta name=\"twitter:label1\" content=\"Dur\u00e9e de lecture estim\u00e9e\" \/>\n\t<meta name=\"twitter:data1\" content=\"3 minutes\" \/>\n<script type=\"application\/ld+json\" class=\"yoast-schema-graph\">{\"@context\":\"https:\\\/\\\/schema.org\",\"@graph\":[{\"@type\":\"WebPage\",\"@id\":\"https:\\\/\\\/legsedition.net\\\/public\\\/erotisme-et-tabou\\\/\",\"url\":\"https:\\\/\\\/legsedition.net\\\/public\\\/erotisme-et-tabou\\\/\",\"name\":\"\u00c9rotisme et Tabou | LEGS &Eacute;DITION\",\"isPartOf\":{\"@id\":\"https:\\\/\\\/legsedition.net\\\/public\\\/#website\"},\"primaryImageOfPage\":{\"@id\":\"https:\\\/\\\/legsedition.net\\\/public\\\/erotisme-et-tabou\\\/#primaryimage\"},\"image\":{\"@id\":\"https:\\\/\\\/legsedition.net\\\/public\\\/erotisme-et-tabou\\\/#primaryimage\"},\"thumbnailUrl\":\"https:\\\/\\\/legsedition.net\\\/public\\\/wp-content\\\/uploads\\\/2017\\\/12\\\/aaaaaaafiche.jpg\",\"datePublished\":\"2018-04-16T15:15:49+00:00\",\"dateModified\":\"2025-02-12T20:41:07+00:00\",\"breadcrumb\":{\"@id\":\"https:\\\/\\\/legsedition.net\\\/public\\\/erotisme-et-tabou\\\/#breadcrumb\"},\"inLanguage\":\"fr-FR\",\"potentialAction\":[{\"@type\":\"ReadAction\",\"target\":[\"https:\\\/\\\/legsedition.net\\\/public\\\/erotisme-et-tabou\\\/\"]}]},{\"@type\":\"ImageObject\",\"inLanguage\":\"fr-FR\",\"@id\":\"https:\\\/\\\/legsedition.net\\\/public\\\/erotisme-et-tabou\\\/#primaryimage\",\"url\":\"https:\\\/\\\/legsedition.net\\\/public\\\/wp-content\\\/uploads\\\/2017\\\/12\\\/aaaaaaafiche.jpg\",\"contentUrl\":\"https:\\\/\\\/legsedition.net\\\/public\\\/wp-content\\\/uploads\\\/2017\\\/12\\\/aaaaaaafiche.jpg\",\"width\":486,\"height\":756},{\"@type\":\"BreadcrumbList\",\"@id\":\"https:\\\/\\\/legsedition.net\\\/public\\\/erotisme-et-tabou\\\/#breadcrumb\",\"itemListElement\":[{\"@type\":\"ListItem\",\"position\":1,\"name\":\"Home\",\"item\":\"https:\\\/\\\/legsedition.net\\\/public\\\/\"},{\"@type\":\"ListItem\",\"position\":2,\"name\":\"\u00c9rotisme et Tabou\"}]},{\"@type\":\"WebSite\",\"@id\":\"https:\\\/\\\/legsedition.net\\\/public\\\/#website\",\"url\":\"https:\\\/\\\/legsedition.net\\\/public\\\/\",\"name\":\"LEGS &Eacute;DITION\",\"description\":\"\",\"potentialAction\":[{\"@type\":\"SearchAction\",\"target\":{\"@type\":\"EntryPoint\",\"urlTemplate\":\"https:\\\/\\\/legsedition.net\\\/public\\\/?s={search_term_string}\"},\"query-input\":{\"@type\":\"PropertyValueSpecification\",\"valueRequired\":true,\"valueName\":\"search_term_string\"}}],\"inLanguage\":\"fr-FR\"}]}<\/script>\n<!-- \/ Yoast SEO plugin. -->","yoast_head_json":{"title":"\u00c9rotisme et Tabou | LEGS &Eacute;DITION","robots":{"index":"index","follow":"follow","max-snippet":"max-snippet:-1","max-image-preview":"max-image-preview:large","max-video-preview":"max-video-preview:-1"},"canonical":"https:\/\/legsedition.net\/public\/erotisme-et-tabou\/","og_locale":"fr_FR","og_type":"article","og_title":"\u00c9rotisme et Tabou | LEGS &Eacute;DITION","og_description":"Auteur :\u00a0Collectif\u00a0 (Sous la direction de Dieulermesson Petit Frere et Catherine Boudet) Titre : \u00c9rotisme et Tabou. Legs et Litt\u00e9rature no 2 Illustration : Carla Van de Puttelaar Parution : 16 Aug 2013 ISBN : 9781492170860 Prix\u00a0: 1 150 HTG...","og_url":"https:\/\/legsedition.net\/public\/erotisme-et-tabou\/","og_site_name":"LEGS &Eacute;DITION","article_publisher":"https:\/\/web.facebook.com\/LegsEtLitterature\/","article_modified_time":"2025-02-12T20:41:07+00:00","og_image":[{"width":486,"height":756,"url":"https:\/\/legsedition.net\/public\/wp-content\/uploads\/2017\/12\/aaaaaaafiche.jpg","type":"image\/jpeg"}],"twitter_card":"summary_large_image","twitter_misc":{"Dur\u00e9e de lecture estim\u00e9e":"3 minutes"},"schema":{"@context":"https:\/\/schema.org","@graph":[{"@type":"WebPage","@id":"https:\/\/legsedition.net\/public\/erotisme-et-tabou\/","url":"https:\/\/legsedition.net\/public\/erotisme-et-tabou\/","name":"\u00c9rotisme et Tabou | LEGS &Eacute;DITION","isPartOf":{"@id":"https:\/\/legsedition.net\/public\/#website"},"primaryImageOfPage":{"@id":"https:\/\/legsedition.net\/public\/erotisme-et-tabou\/#primaryimage"},"image":{"@id":"https:\/\/legsedition.net\/public\/erotisme-et-tabou\/#primaryimage"},"thumbnailUrl":"https:\/\/legsedition.net\/public\/wp-content\/uploads\/2017\/12\/aaaaaaafiche.jpg","datePublished":"2018-04-16T15:15:49+00:00","dateModified":"2025-02-12T20:41:07+00:00","breadcrumb":{"@id":"https:\/\/legsedition.net\/public\/erotisme-et-tabou\/#breadcrumb"},"inLanguage":"fr-FR","potentialAction":[{"@type":"ReadAction","target":["https:\/\/legsedition.net\/public\/erotisme-et-tabou\/"]}]},{"@type":"ImageObject","inLanguage":"fr-FR","@id":"https:\/\/legsedition.net\/public\/erotisme-et-tabou\/#primaryimage","url":"https:\/\/legsedition.net\/public\/wp-content\/uploads\/2017\/12\/aaaaaaafiche.jpg","contentUrl":"https:\/\/legsedition.net\/public\/wp-content\/uploads\/2017\/12\/aaaaaaafiche.jpg","width":486,"height":756},{"@type":"BreadcrumbList","@id":"https:\/\/legsedition.net\/public\/erotisme-et-tabou\/#breadcrumb","itemListElement":[{"@type":"ListItem","position":1,"name":"Home","item":"https:\/\/legsedition.net\/public\/"},{"@type":"ListItem","position":2,"name":"\u00c9rotisme et Tabou"}]},{"@type":"WebSite","@id":"https:\/\/legsedition.net\/public\/#website","url":"https:\/\/legsedition.net\/public\/","name":"LEGS &Eacute;DITION","description":"","potentialAction":[{"@type":"SearchAction","target":{"@type":"EntryPoint","urlTemplate":"https:\/\/legsedition.net\/public\/?s={search_term_string}"},"query-input":{"@type":"PropertyValueSpecification","valueRequired":true,"valueName":"search_term_string"}}],"inLanguage":"fr-FR"}]}},"_links":{"self":[{"href":"https:\/\/legsedition.net\/public\/wp-json\/wp\/v2\/pages\/1397","targetHints":{"allow":["GET"]}}],"collection":[{"href":"https:\/\/legsedition.net\/public\/wp-json\/wp\/v2\/pages"}],"about":[{"href":"https:\/\/legsedition.net\/public\/wp-json\/wp\/v2\/types\/page"}],"author":[{"embeddable":true,"href":"https:\/\/legsedition.net\/public\/wp-json\/wp\/v2\/users\/2"}],"replies":[{"embeddable":true,"href":"https:\/\/legsedition.net\/public\/wp-json\/wp\/v2\/comments?post=1397"}],"version-history":[{"count":8,"href":"https:\/\/legsedition.net\/public\/wp-json\/wp\/v2\/pages\/1397\/revisions"}],"predecessor-version":[{"id":8286,"href":"https:\/\/legsedition.net\/public\/wp-json\/wp\/v2\/pages\/1397\/revisions\/8286"}],"wp:featuredmedia":[{"embeddable":true,"href":"https:\/\/legsedition.net\/public\/wp-json\/wp\/v2\/media\/70"}],"wp:attachment":[{"href":"https:\/\/legsedition.net\/public\/wp-json\/wp\/v2\/media?parent=1397"}],"curies":[{"name":"wp","href":"https:\/\/api.w.org\/{rel}","templated":true}]}}