{"id":1399,"date":"2018-04-16T15:19:10","date_gmt":"2018-04-16T15:19:10","guid":{"rendered":"http:\/\/legsedition.net\/public\/?page_id=1399"},"modified":"2025-02-17T14:39:00","modified_gmt":"2025-02-17T14:39:00","slug":"insularites","status":"publish","type":"page","link":"https:\/\/legsedition.net\/public\/insularites\/","title":{"rendered":"Insularit\u00e9(s)"},"content":{"rendered":"<p><strong><a href=\"https:\/\/legsedition.net\/public\/wp-content\/uploads\/2024\/11\/Revue-1.jpg\"><img fetchpriority=\"high\" decoding=\"async\" class=\"wp-image-7159  alignleft\" src=\"https:\/\/legsedition.net\/public\/wp-content\/uploads\/2024\/11\/Revue-1.jpg\" alt=\"\" width=\"237\" height=\"373\" srcset=\"https:\/\/legsedition.net\/public\/wp-content\/uploads\/2024\/11\/Revue-1.jpg 571w, https:\/\/legsedition.net\/public\/wp-content\/uploads\/2024\/11\/Revue-1-191x300.jpg 191w\" sizes=\"(max-width: 237px) 100vw, 237px\" \/><\/a>Auteur :\u00a0<\/strong>Collectif\u00a0 (Sous la direction de Dieulermesson Petit Frere et W\u00e9bert Charles)<\/p>\n<p><strong>Titre : <\/strong><em>Insularit\u00e9(s). Legs et Litt\u00e9rature <\/em>n<sup>o<\/sup> 1<\/p>\n<p><strong>Illustration :<\/strong> Michel Bernard<\/p>\n<p><strong>Parution<\/strong> : 10 Jan 2013<\/p>\n<p><strong>ISBN<\/strong> : 978-14922-56-69-4<\/p>\n<p><strong>Prix<\/strong>\u00a0: 900 HTG ; 13,50 USD<\/p>\n<p><a href=\"https:\/\/fr.calameo.com\/read\/0015313695437a5497194\" target=\"_blank\" rel=\"noopener\">S\u00e9lection Prix du livre Insulaire Ouessant 2013<\/a><\/p>\n<p>S\u00e9lection Prix Fetkann 2013<\/p>\n<p>Du continent africain au Pays du soleil levant, de la Belgique \u00e0 l\u2019ancienne M\u00e9tropole \u2013la terre des Croisades-, du pays de Goethe \u00e0 la terre de Casanova en passant par la cit\u00e9 de l\u2019Olympe, du <em>Tunnel<\/em>\u00a0d\u2019Ernesto Sabato au ch\u00e2teau du Prince Claus ou de l\u2019ing\u00e9nieux Hidalgo \u00e0 la cit\u00e9 hollywoodienne, Ha\u00efti aura fait <em>Le tour du monde en quatre-vingts jours<\/em>. Pour tout ba- gage : la litt\u00e9rature. Pour dire nos \u00eeles. Chanter nos campagnes. Raconter la vie dans le tumulte des villes. Une aventure qui passionne. Un tableau qui attire.<\/p>\n<p>Ce premier num\u00e9ro se veut une qu\u00eate et une analyse th\u00e9matique des litt\u00e9ratures des \u00eeles. Analyse qui refuse toutefois de tomber dans un d\u00e9terminisme. Comment appr\u00e9hender la cr\u00e9ation litt\u00e9raire ? Qu\u2019est-ce qui motive l\u2019\u00e9crivain et quelle est la place de l\u2019\u0153uvre dans l\u2019espace et dans le temps ?<\/p>\n<p><em>Legs et Litt\u00e9rature<\/em> donne la parole aux cr\u00e9ateurs, aux magiciens de la parole et de la plume pour dire l\u2019urgence de vivre et vivre l\u2019urgence du dire.<\/p>\n<p><strong>\u00c0\u00a0<\/strong><strong>propos des directeurs du num\u00e9ro :<\/strong><\/p>\n<p>Ancien \u00e9l\u00e8ve de l\u2019\u00c9cole Normale Sup\u00e9rieure, Dieulermesson Petit Fr\u00e8re d\u00e9tient un master 2 en litt\u00e9ratures de l\u2019Universit\u00e9 Clermont Auvergne et une ma\u00eetrise \u00e8s lettres de l\u2019Universit\u00e9 des Antilles et de la Guyane. Po\u00e8te et critique litt\u00e9raire, il a d\u00e9j\u00e0 publi\u00e9 deux recueils de po\u00e8mes et enseigne l\u2019Analyse du discours \u00e0 l\u2019universit\u00e9 de Port-au-Prince.<\/p>\n<p>W\u00e9bert Charles est \u00e9conomiste. Dipl\u00f4m\u00e9 en Management culturel de l\u2019Universit\u00e9 Ouagadougou II (Burkina Faso), il est d\u00e9tenteur \u00e9galement d\u2019un Master I en \u00c9conomie des organisations et Gouvernance de l\u2019Universit\u00e9 de Picardie Jules Verne (Amiens). Chroniqueur au journal<span class=\"a-text-italic\">\u00a0<em>Le Nouvelliste<\/em><\/span>, po\u00e8te et nouvelliste, il est l\u2019auteur de\u00a0<em><span class=\"a-text-italic\">Pour que la terre s\u2019en souvienne<\/span><\/em>\u00a0(2010),\u00a0<span class=\"a-text-italic\"><em>Que l\u2019esp\u00e9rance demeure<\/em>\u00a0<\/span>(2012) et\u00a0<em><span class=\"a-text-italic\">Mar\u00e8l<\/span>\u00a0<\/em>(2013).<\/p>\n<hr \/>\n<p><strong>Dans la presse :<\/strong><\/p>\n<p><a href=\"https:\/\/lenouvelliste.com\/article\/125411\/lancrage-dans-lile\" target=\"_blank\" rel=\"noopener\">L\u2019ancrage dans l\u2019\u00eele<\/a>, <em>Le Nouvelliste<\/em>, 18 mars 2014.<\/p>\n<p>Joe Antoine, Jean Baptiste, <a href=\"https:\/\/lenouvelliste.com\/article\/116726\/combler-le-vide-de-la-critique-litteraire-en-haiti\" target=\"_blank\" rel=\"noopener\">Combler le vide de la critique litt\u00e9raire en Ha\u00efti<\/a>, <em>Le Nouvelliste<\/em>, 14 mai 2013.<\/p>\n<p>Dieulermesson Petit Frere, <a href=\"https:\/\/lenouvelliste.com\/article\/114792\/legs-et-litterature-entre-continuite-et-rupture\" target=\"_blank\" rel=\"noopener\">Legs et Litt\u00e9rature: entre continuit\u00e9 et rupture<\/a>, <em>Le Nouvelliste<\/em>, 1er avril 2013.<\/p>\n<p>In\u00e9ma Jeudi, <a href=\"https:\/\/legsedition.net\/public\/2015\/07\/15\/lancement-de-legs-et-litterature-no-1\/\" target=\"_blank\" rel=\"noopener\">Lancement de Legs et Litt\u00e9rature No. 1<\/a>, <em>T\u00e9l\u00e9vision Nationale d&rsquo;Haiti<\/em>, mars 2013.<\/p>\n<p>Marie Alice Th\u00e9ard, <a href=\"https:\/\/legsedition.net\/public\/2015\/05\/05\/kiskeya-lile-mysterieuse-insularites-2\/\" target=\"_blank\" rel=\"noopener\">Kiskeya L\u2019\u00eele myst\u00e9rieuse \u2013 Insularit\u00e9(s) 2<\/a>, <em>T\u00e9l\u00e9vision Canal Bleu<\/em>, mars 2013.<\/p>\n<p>Dominique Batraville, <a href=\"https:\/\/legsedition.net\/public\/2015\/07\/15\/haute-voix-insularites\/\" target=\"_blank\" rel=\"noopener\">\u00c0 Haute Voix \u2013 Insularit\u00e9(s)<\/a>, <em>Radio M\u00e9lodie FM<\/em>, mars 2012.<\/p>\n<p>Marie Alice Th\u00e9ard, <a href=\"https:\/\/legsedition.net\/public\/2015\/07\/14\/kiskeya-lile-mysterieuse-insularites\/\" target=\"_blank\" rel=\"noopener\">Kiskeya L\u2019\u00eele myst\u00e9rieuse \u2013 Insularit\u00e9(s)<\/a>, <em>T\u00e9l\u00e9vision Canal Bleu<\/em>, 2012.<\/p>\n\n\n<p><\/p>\n","protected":false},"excerpt":{"rendered":"<p>Auteur :\u00a0Collectif\u00a0 (Sous la direction de Dieulermesson Petit Frere et W\u00e9bert Charles) Titre : Insularit\u00e9(s). Legs et Litt\u00e9rature no 1 Illustration : Michel Bernard Parution : 10 Jan 2013 ISBN : 978-14922-56-69-4 Prix\u00a0: 900 HTG ; 13,50 USD S\u00e9lection Prix&#8230;<\/p>\n","protected":false},"author":2,"featured_media":7159,"parent":0,"menu_order":0,"comment_status":"closed","ping_status":"closed","template":"","meta":{"footnotes":""},"class_list":["post-1399","page","type-page","status-publish","has-post-thumbnail","hentry"],"yoast_head":"<!-- This site is optimized with the Yoast SEO plugin v27.3 - https:\/\/yoast.com\/product\/yoast-seo-wordpress\/ -->\n<title>Insularit\u00e9(s) | LEGS &Eacute;DITION<\/title>\n<meta name=\"robots\" content=\"index, follow, max-snippet:-1, max-image-preview:large, max-video-preview:-1\" \/>\n<link rel=\"canonical\" href=\"https:\/\/legsedition.net\/public\/insularites\/\" \/>\n<meta property=\"og:locale\" content=\"fr_FR\" \/>\n<meta property=\"og:type\" content=\"article\" \/>\n<meta property=\"og:title\" content=\"Insularit\u00e9(s) | LEGS &Eacute;DITION\" \/>\n<meta property=\"og:description\" content=\"Auteur :\u00a0Collectif\u00a0 (Sous la direction de Dieulermesson Petit Frere et W\u00e9bert Charles) Titre : Insularit\u00e9(s). Legs et Litt\u00e9rature no 1 Illustration : Michel Bernard Parution : 10 Jan 2013 ISBN : 978-14922-56-69-4 Prix\u00a0: 900 HTG ; 13,50 USD S\u00e9lection Prix...\" \/>\n<meta property=\"og:url\" content=\"https:\/\/legsedition.net\/public\/insularites\/\" \/>\n<meta property=\"og:site_name\" content=\"LEGS &Eacute;DITION\" \/>\n<meta property=\"article:publisher\" content=\"https:\/\/web.facebook.com\/LegsEtLitterature\/\" \/>\n<meta property=\"article:modified_time\" content=\"2025-02-17T14:39:00+00:00\" \/>\n<meta property=\"og:image\" content=\"https:\/\/legsedition.net\/public\/wp-content\/uploads\/2024\/11\/Revue-1.jpg\" \/>\n\t<meta property=\"og:image:width\" content=\"571\" \/>\n\t<meta property=\"og:image:height\" content=\"899\" \/>\n\t<meta property=\"og:image:type\" content=\"image\/jpeg\" \/>\n<meta name=\"twitter:card\" content=\"summary_large_image\" \/>\n<meta name=\"twitter:label1\" content=\"Dur\u00e9e de lecture estim\u00e9e\" \/>\n\t<meta name=\"twitter:data1\" content=\"3 minutes\" \/>\n<script type=\"application\/ld+json\" class=\"yoast-schema-graph\">{\"@context\":\"https:\\\/\\\/schema.org\",\"@graph\":[{\"@type\":\"WebPage\",\"@id\":\"https:\\\/\\\/legsedition.net\\\/public\\\/insularites\\\/\",\"url\":\"https:\\\/\\\/legsedition.net\\\/public\\\/insularites\\\/\",\"name\":\"Insularit\u00e9(s) | LEGS &Eacute;DITION\",\"isPartOf\":{\"@id\":\"https:\\\/\\\/legsedition.net\\\/public\\\/#website\"},\"primaryImageOfPage\":{\"@id\":\"https:\\\/\\\/legsedition.net\\\/public\\\/insularites\\\/#primaryimage\"},\"image\":{\"@id\":\"https:\\\/\\\/legsedition.net\\\/public\\\/insularites\\\/#primaryimage\"},\"thumbnailUrl\":\"https:\\\/\\\/legsedition.net\\\/public\\\/wp-content\\\/uploads\\\/2024\\\/11\\\/Revue-1.jpg\",\"datePublished\":\"2018-04-16T15:19:10+00:00\",\"dateModified\":\"2025-02-17T14:39:00+00:00\",\"breadcrumb\":{\"@id\":\"https:\\\/\\\/legsedition.net\\\/public\\\/insularites\\\/#breadcrumb\"},\"inLanguage\":\"fr-FR\",\"potentialAction\":[{\"@type\":\"ReadAction\",\"target\":[\"https:\\\/\\\/legsedition.net\\\/public\\\/insularites\\\/\"]}]},{\"@type\":\"ImageObject\",\"inLanguage\":\"fr-FR\",\"@id\":\"https:\\\/\\\/legsedition.net\\\/public\\\/insularites\\\/#primaryimage\",\"url\":\"https:\\\/\\\/legsedition.net\\\/public\\\/wp-content\\\/uploads\\\/2024\\\/11\\\/Revue-1.jpg\",\"contentUrl\":\"https:\\\/\\\/legsedition.net\\\/public\\\/wp-content\\\/uploads\\\/2024\\\/11\\\/Revue-1.jpg\",\"width\":571,\"height\":899},{\"@type\":\"BreadcrumbList\",\"@id\":\"https:\\\/\\\/legsedition.net\\\/public\\\/insularites\\\/#breadcrumb\",\"itemListElement\":[{\"@type\":\"ListItem\",\"position\":1,\"name\":\"Home\",\"item\":\"https:\\\/\\\/legsedition.net\\\/public\\\/\"},{\"@type\":\"ListItem\",\"position\":2,\"name\":\"Insularit\u00e9(s)\"}]},{\"@type\":\"WebSite\",\"@id\":\"https:\\\/\\\/legsedition.net\\\/public\\\/#website\",\"url\":\"https:\\\/\\\/legsedition.net\\\/public\\\/\",\"name\":\"LEGS &Eacute;DITION\",\"description\":\"\",\"potentialAction\":[{\"@type\":\"SearchAction\",\"target\":{\"@type\":\"EntryPoint\",\"urlTemplate\":\"https:\\\/\\\/legsedition.net\\\/public\\\/?s={search_term_string}\"},\"query-input\":{\"@type\":\"PropertyValueSpecification\",\"valueRequired\":true,\"valueName\":\"search_term_string\"}}],\"inLanguage\":\"fr-FR\"}]}<\/script>\n<!-- \/ Yoast SEO plugin. -->","yoast_head_json":{"title":"Insularit\u00e9(s) | LEGS &Eacute;DITION","robots":{"index":"index","follow":"follow","max-snippet":"max-snippet:-1","max-image-preview":"max-image-preview:large","max-video-preview":"max-video-preview:-1"},"canonical":"https:\/\/legsedition.net\/public\/insularites\/","og_locale":"fr_FR","og_type":"article","og_title":"Insularit\u00e9(s) | LEGS &Eacute;DITION","og_description":"Auteur :\u00a0Collectif\u00a0 (Sous la direction de Dieulermesson Petit Frere et W\u00e9bert Charles) Titre : Insularit\u00e9(s). Legs et Litt\u00e9rature no 1 Illustration : Michel Bernard Parution : 10 Jan 2013 ISBN : 978-14922-56-69-4 Prix\u00a0: 900 HTG ; 13,50 USD S\u00e9lection Prix...","og_url":"https:\/\/legsedition.net\/public\/insularites\/","og_site_name":"LEGS &Eacute;DITION","article_publisher":"https:\/\/web.facebook.com\/LegsEtLitterature\/","article_modified_time":"2025-02-17T14:39:00+00:00","og_image":[{"width":571,"height":899,"url":"https:\/\/legsedition.net\/public\/wp-content\/uploads\/2024\/11\/Revue-1.jpg","type":"image\/jpeg"}],"twitter_card":"summary_large_image","twitter_misc":{"Dur\u00e9e de lecture estim\u00e9e":"3 minutes"},"schema":{"@context":"https:\/\/schema.org","@graph":[{"@type":"WebPage","@id":"https:\/\/legsedition.net\/public\/insularites\/","url":"https:\/\/legsedition.net\/public\/insularites\/","name":"Insularit\u00e9(s) | LEGS &Eacute;DITION","isPartOf":{"@id":"https:\/\/legsedition.net\/public\/#website"},"primaryImageOfPage":{"@id":"https:\/\/legsedition.net\/public\/insularites\/#primaryimage"},"image":{"@id":"https:\/\/legsedition.net\/public\/insularites\/#primaryimage"},"thumbnailUrl":"https:\/\/legsedition.net\/public\/wp-content\/uploads\/2024\/11\/Revue-1.jpg","datePublished":"2018-04-16T15:19:10+00:00","dateModified":"2025-02-17T14:39:00+00:00","breadcrumb":{"@id":"https:\/\/legsedition.net\/public\/insularites\/#breadcrumb"},"inLanguage":"fr-FR","potentialAction":[{"@type":"ReadAction","target":["https:\/\/legsedition.net\/public\/insularites\/"]}]},{"@type":"ImageObject","inLanguage":"fr-FR","@id":"https:\/\/legsedition.net\/public\/insularites\/#primaryimage","url":"https:\/\/legsedition.net\/public\/wp-content\/uploads\/2024\/11\/Revue-1.jpg","contentUrl":"https:\/\/legsedition.net\/public\/wp-content\/uploads\/2024\/11\/Revue-1.jpg","width":571,"height":899},{"@type":"BreadcrumbList","@id":"https:\/\/legsedition.net\/public\/insularites\/#breadcrumb","itemListElement":[{"@type":"ListItem","position":1,"name":"Home","item":"https:\/\/legsedition.net\/public\/"},{"@type":"ListItem","position":2,"name":"Insularit\u00e9(s)"}]},{"@type":"WebSite","@id":"https:\/\/legsedition.net\/public\/#website","url":"https:\/\/legsedition.net\/public\/","name":"LEGS &Eacute;DITION","description":"","potentialAction":[{"@type":"SearchAction","target":{"@type":"EntryPoint","urlTemplate":"https:\/\/legsedition.net\/public\/?s={search_term_string}"},"query-input":{"@type":"PropertyValueSpecification","valueRequired":true,"valueName":"search_term_string"}}],"inLanguage":"fr-FR"}]}},"_links":{"self":[{"href":"https:\/\/legsedition.net\/public\/wp-json\/wp\/v2\/pages\/1399","targetHints":{"allow":["GET"]}}],"collection":[{"href":"https:\/\/legsedition.net\/public\/wp-json\/wp\/v2\/pages"}],"about":[{"href":"https:\/\/legsedition.net\/public\/wp-json\/wp\/v2\/types\/page"}],"author":[{"embeddable":true,"href":"https:\/\/legsedition.net\/public\/wp-json\/wp\/v2\/users\/2"}],"replies":[{"embeddable":true,"href":"https:\/\/legsedition.net\/public\/wp-json\/wp\/v2\/comments?post=1399"}],"version-history":[{"count":10,"href":"https:\/\/legsedition.net\/public\/wp-json\/wp\/v2\/pages\/1399\/revisions"}],"predecessor-version":[{"id":8294,"href":"https:\/\/legsedition.net\/public\/wp-json\/wp\/v2\/pages\/1399\/revisions\/8294"}],"wp:featuredmedia":[{"embeddable":true,"href":"https:\/\/legsedition.net\/public\/wp-json\/wp\/v2\/media\/7159"}],"wp:attachment":[{"href":"https:\/\/legsedition.net\/public\/wp-json\/wp\/v2\/media?parent=1399"}],"curies":[{"name":"wp","href":"https:\/\/api.w.org\/{rel}","templated":true}]}}