{"id":1461,"date":"2018-04-17T14:29:15","date_gmt":"2018-04-17T14:29:15","guid":{"rendered":"http:\/\/legsedition.net\/public\/?page_id=1461"},"modified":"2025-10-09T13:20:53","modified_gmt":"2025-10-09T13:20:53","slug":"indran-amirthanayagam","status":"publish","type":"page","link":"https:\/\/legsedition.net\/public\/indran-amirthanayagam\/","title":{"rendered":"Indran Amirthanayagam"},"content":{"rendered":"<figure id=\"attachment_618\" aria-describedby=\"caption-attachment-618\" style=\"width: 174px\" class=\"wp-caption alignleft\"><a href=\"http:\/\/legsedition.net\/public\/wp-content\/uploads\/2017\/12\/014841_165383033a794dfab59aa22893b97364.jpg\"><img decoding=\"async\" class=\"wp-image-618 size-full\" src=\"http:\/\/legsedition.net\/public\/wp-content\/uploads\/2017\/12\/014841_165383033a794dfab59aa22893b97364.jpg\" alt=\"\" width=\"174\" height=\"175\" srcset=\"https:\/\/legsedition.net\/public\/wp-content\/uploads\/2017\/12\/014841_165383033a794dfab59aa22893b97364.jpg 174w, https:\/\/legsedition.net\/public\/wp-content\/uploads\/2017\/12\/014841_165383033a794dfab59aa22893b97364-100x100.jpg 100w, https:\/\/legsedition.net\/public\/wp-content\/uploads\/2017\/12\/014841_165383033a794dfab59aa22893b97364-150x150.jpg 150w, https:\/\/legsedition.net\/public\/wp-content\/uploads\/2017\/12\/014841_165383033a794dfab59aa22893b97364-159x160.jpg 159w\" sizes=\"(max-width: 174px) 100vw, 174px\" \/><\/a><figcaption id=\"caption-attachment-618\" class=\"wp-caption-text\">\u00a9 W\u00e9bert Charles<\/figcaption><\/figure>\n<p style=\"text-align: justify;\">N\u00e9 en 1960, Indran Amirthanayagam est un po\u00e8te et diplomate am\u00e9ricain d\u2019origine Tamil Srilankaise. Auteur de douze recueils de po\u00e8mes, il est aussi traducteur et essayiste. Ses po\u00e8mes sont publi\u00e9s dans des anthologies entre autres <em>The United States of Poetry<\/em>, <em>ALOUD: Voices from the Nuyorican Poets Cafe<\/em>, <em>Capitals<\/em>, T<em>he Open Boat: Poems from Asian America<\/em>, <em>The Nuyorasian Anthology<\/em>, <em>Indivisible<\/em>, <em>Black Lightning<\/em>, <em>Living in America<\/em>, et dans des revues dont <em>The Kenyon Review<\/em>, <em>The Massachusetts Review<\/em>, <em>Exquisite Corpse<\/em> et <em>Hanging Loose<\/em>.<\/p>\n<p style=\"text-align: justify;\">Laur\u00e9at du prix de po\u00e9sie Paterson en 1994 pour <em>The Elephants Of Reckoning<\/em> et r\u00e9cipiendiaire du prix Juegos Florales de Guaymas (Mexico) en 2006 pour son po\u00e8me <em>Juarez<\/em>, il a v\u00e9cu aussi en Sri Lanka, en Angleterre, au Canada, en C\u00f4te d\u2019Ivoire, en Inde, au Mexique, au P\u00e9rou et en Ha\u00efti.<\/p>\n<p><strong>Publications chez LEGS \u00c9DITION<\/strong><\/p>\n<p><a href=\"https:\/\/legsedition.net\/public\/2020\/02\/20\/il-nest-de-solitude-que-lile-lointaine-3\/\" target=\"_blank\" rel=\"noopener\"><em>Il n&rsquo;est de solitude que l&rsquo;\u00eele lointaine<\/em><\/a>, 2020<\/p>\n<p><a href=\"https:\/\/legsedition.net\/public\/wp-content\/uploads\/2020\/08\/Cover-il-n-est-de-solitude-1.png\"><img fetchpriority=\"high\" decoding=\"async\" class=\"alignnone wp-image-3610 size-medium\" src=\"https:\/\/legsedition.net\/public\/wp-content\/uploads\/2020\/08\/Cover-il-n-est-de-solitude-1-187x300.png\" alt=\"\" width=\"187\" height=\"300\" srcset=\"https:\/\/legsedition.net\/public\/wp-content\/uploads\/2020\/08\/Cover-il-n-est-de-solitude-1-187x300.png 187w, https:\/\/legsedition.net\/public\/wp-content\/uploads\/2020\/08\/Cover-il-n-est-de-solitude-1-100x160.png 100w, https:\/\/legsedition.net\/public\/wp-content\/uploads\/2020\/08\/Cover-il-n-est-de-solitude-1.png 301w\" sizes=\"(max-width: 187px) 100vw, 187px\" \/><\/a><\/p>\n<p><a href=\"https:\/\/legsedition.net\/public\/2020\/02\/19\/aller-retour-au-bord-de-la-mer\/\" target=\"_blank\" rel=\"noopener\"><em>Aller-Retour au bord de la mer<\/em><\/a>, 2020<\/p>\n<p><a href=\"https:\/\/legsedition.net\/public\/wp-content\/uploads\/2020\/02\/cover-aller-retour-FINAL.png\"><img decoding=\"async\" class=\"alignnone wp-image-3607 size-medium\" src=\"https:\/\/legsedition.net\/public\/wp-content\/uploads\/2020\/02\/cover-aller-retour-FINAL-189x300.png\" alt=\"\" width=\"189\" height=\"300\" srcset=\"https:\/\/legsedition.net\/public\/wp-content\/uploads\/2020\/02\/cover-aller-retour-FINAL-189x300.png 189w, https:\/\/legsedition.net\/public\/wp-content\/uploads\/2020\/02\/cover-aller-retour-FINAL-101x160.png 101w, https:\/\/legsedition.net\/public\/wp-content\/uploads\/2020\/02\/cover-aller-retour-FINAL.png 314w\" sizes=\"(max-width: 189px) 100vw, 189px\" \/><\/a><\/p>\n<p><em>Il n&rsquo;est de solitude que l&rsquo;\u00eele lointaine<\/em>, 2017<\/p>\n<p><a href=\"http:\/\/legsedition.net\/public\/wp-content\/uploads\/2017\/12\/2b24d9_6389a3b41203465b87c64561fa193b21mv2.png\"><img loading=\"lazy\" decoding=\"async\" class=\"alignnone size-medium wp-image-552\" src=\"http:\/\/legsedition.net\/public\/wp-content\/uploads\/2017\/12\/2b24d9_6389a3b41203465b87c64561fa193b21mv2-153x300.png\" alt=\"\" width=\"153\" height=\"300\" srcset=\"https:\/\/legsedition.net\/public\/wp-content\/uploads\/2017\/12\/2b24d9_6389a3b41203465b87c64561fa193b21mv2-153x300.png 153w, https:\/\/legsedition.net\/public\/wp-content\/uploads\/2017\/12\/2b24d9_6389a3b41203465b87c64561fa193b21mv2-81x160.png 81w, https:\/\/legsedition.net\/public\/wp-content\/uploads\/2017\/12\/2b24d9_6389a3b41203465b87c64561fa193b21mv2.png 254w\" sizes=\"(max-width: 153px) 100vw, 153px\" \/><\/a><\/p>\n<p><em>Aller-Retour au bord de la mer<\/em>, 2014<\/p>\n<p><a href=\"http:\/\/legsedition.net\/public\/wp-content\/uploads\/2017\/12\/Aller-retour-au-bord-de-la-mer.jpg\"><img loading=\"lazy\" decoding=\"async\" class=\"size-medium wp-image-76 alignleft\" src=\"http:\/\/legsedition.net\/public\/wp-content\/uploads\/2017\/12\/Aller-retour-au-bord-de-la-mer-148x300.jpg\" alt=\"\" width=\"148\" height=\"300\" srcset=\"https:\/\/legsedition.net\/public\/wp-content\/uploads\/2017\/12\/Aller-retour-au-bord-de-la-mer-148x300.jpg 148w, https:\/\/legsedition.net\/public\/wp-content\/uploads\/2017\/12\/Aller-retour-au-bord-de-la-mer-600x1220.jpg 600w, https:\/\/legsedition.net\/public\/wp-content\/uploads\/2017\/12\/Aller-retour-au-bord-de-la-mer-768x1562.jpg 768w, https:\/\/legsedition.net\/public\/wp-content\/uploads\/2017\/12\/Aller-retour-au-bord-de-la-mer-504x1024.jpg 504w, https:\/\/legsedition.net\/public\/wp-content\/uploads\/2017\/12\/Aller-retour-au-bord-de-la-mer-400x813.jpg 400w, https:\/\/legsedition.net\/public\/wp-content\/uploads\/2017\/12\/Aller-retour-au-bord-de-la-mer.jpg 1247w\" sizes=\"(max-width: 148px) 100vw, 148px\" \/><\/a><\/p>\n","protected":false},"excerpt":{"rendered":"<p>N\u00e9 en 1960, Indran Amirthanayagam est un po\u00e8te et diplomate am\u00e9ricain d\u2019origine Tamil Srilankaise. Auteur de douze recueils de po\u00e8mes, il est aussi traducteur et essayiste. Ses po\u00e8mes sont publi\u00e9s dans des anthologies entre autres The United States of Poetry,&#8230;<\/p>\n","protected":false},"author":2,"featured_media":0,"parent":0,"menu_order":0,"comment_status":"closed","ping_status":"closed","template":"","meta":{"footnotes":""},"class_list":["post-1461","page","type-page","status-publish","hentry","no-post-thumbnail"],"yoast_head":"<!-- This site is optimized with the Yoast SEO plugin v27.3 - https:\/\/yoast.com\/product\/yoast-seo-wordpress\/ -->\n<title>Indran Amirthanayagam | LEGS &Eacute;DITION<\/title>\n<meta name=\"robots\" content=\"index, follow, max-snippet:-1, max-image-preview:large, max-video-preview:-1\" \/>\n<link rel=\"canonical\" href=\"https:\/\/legsedition.net\/public\/indran-amirthanayagam\/\" \/>\n<meta property=\"og:locale\" content=\"fr_FR\" \/>\n<meta property=\"og:type\" content=\"article\" \/>\n<meta property=\"og:title\" content=\"Indran Amirthanayagam | LEGS &Eacute;DITION\" \/>\n<meta property=\"og:description\" content=\"N\u00e9 en 1960, Indran Amirthanayagam est un po\u00e8te et diplomate am\u00e9ricain d\u2019origine Tamil Srilankaise. Auteur de douze recueils de po\u00e8mes, il est aussi traducteur et essayiste. Ses po\u00e8mes sont publi\u00e9s dans des anthologies entre autres The United States of Poetry,...\" \/>\n<meta property=\"og:url\" content=\"https:\/\/legsedition.net\/public\/indran-amirthanayagam\/\" \/>\n<meta property=\"og:site_name\" content=\"LEGS &Eacute;DITION\" \/>\n<meta property=\"article:publisher\" content=\"https:\/\/web.facebook.com\/LegsEtLitterature\/\" \/>\n<meta property=\"article:modified_time\" content=\"2025-10-09T13:20:53+00:00\" \/>\n<meta property=\"og:image\" content=\"https:\/\/legsedition.net\/public\/wp-content\/uploads\/2017\/12\/014841_165383033a794dfab59aa22893b97364.jpg\" \/>\n\t<meta property=\"og:image:width\" content=\"174\" \/>\n\t<meta property=\"og:image:height\" content=\"175\" \/>\n\t<meta property=\"og:image:type\" content=\"image\/jpeg\" \/>\n<meta name=\"twitter:card\" content=\"summary_large_image\" \/>\n<meta name=\"twitter:label1\" content=\"Dur\u00e9e de lecture estim\u00e9e\" \/>\n\t<meta name=\"twitter:data1\" content=\"2 minutes\" \/>\n<script type=\"application\/ld+json\" class=\"yoast-schema-graph\">{\"@context\":\"https:\\\/\\\/schema.org\",\"@graph\":[{\"@type\":\"WebPage\",\"@id\":\"https:\\\/\\\/legsedition.net\\\/public\\\/indran-amirthanayagam\\\/\",\"url\":\"https:\\\/\\\/legsedition.net\\\/public\\\/indran-amirthanayagam\\\/\",\"name\":\"Indran Amirthanayagam | LEGS &Eacute;DITION\",\"isPartOf\":{\"@id\":\"https:\\\/\\\/legsedition.net\\\/public\\\/#website\"},\"primaryImageOfPage\":{\"@id\":\"https:\\\/\\\/legsedition.net\\\/public\\\/indran-amirthanayagam\\\/#primaryimage\"},\"image\":{\"@id\":\"https:\\\/\\\/legsedition.net\\\/public\\\/indran-amirthanayagam\\\/#primaryimage\"},\"thumbnailUrl\":\"http:\\\/\\\/legsedition.net\\\/public\\\/wp-content\\\/uploads\\\/2017\\\/12\\\/014841_165383033a794dfab59aa22893b97364.jpg\",\"datePublished\":\"2018-04-17T14:29:15+00:00\",\"dateModified\":\"2025-10-09T13:20:53+00:00\",\"breadcrumb\":{\"@id\":\"https:\\\/\\\/legsedition.net\\\/public\\\/indran-amirthanayagam\\\/#breadcrumb\"},\"inLanguage\":\"fr-FR\",\"potentialAction\":[{\"@type\":\"ReadAction\",\"target\":[\"https:\\\/\\\/legsedition.net\\\/public\\\/indran-amirthanayagam\\\/\"]}]},{\"@type\":\"ImageObject\",\"inLanguage\":\"fr-FR\",\"@id\":\"https:\\\/\\\/legsedition.net\\\/public\\\/indran-amirthanayagam\\\/#primaryimage\",\"url\":\"http:\\\/\\\/legsedition.net\\\/public\\\/wp-content\\\/uploads\\\/2017\\\/12\\\/014841_165383033a794dfab59aa22893b97364.jpg\",\"contentUrl\":\"http:\\\/\\\/legsedition.net\\\/public\\\/wp-content\\\/uploads\\\/2017\\\/12\\\/014841_165383033a794dfab59aa22893b97364.jpg\"},{\"@type\":\"BreadcrumbList\",\"@id\":\"https:\\\/\\\/legsedition.net\\\/public\\\/indran-amirthanayagam\\\/#breadcrumb\",\"itemListElement\":[{\"@type\":\"ListItem\",\"position\":1,\"name\":\"Home\",\"item\":\"https:\\\/\\\/legsedition.net\\\/public\\\/\"},{\"@type\":\"ListItem\",\"position\":2,\"name\":\"Indran Amirthanayagam\"}]},{\"@type\":\"WebSite\",\"@id\":\"https:\\\/\\\/legsedition.net\\\/public\\\/#website\",\"url\":\"https:\\\/\\\/legsedition.net\\\/public\\\/\",\"name\":\"LEGS &Eacute;DITION\",\"description\":\"\",\"potentialAction\":[{\"@type\":\"SearchAction\",\"target\":{\"@type\":\"EntryPoint\",\"urlTemplate\":\"https:\\\/\\\/legsedition.net\\\/public\\\/?s={search_term_string}\"},\"query-input\":{\"@type\":\"PropertyValueSpecification\",\"valueRequired\":true,\"valueName\":\"search_term_string\"}}],\"inLanguage\":\"fr-FR\"}]}<\/script>\n<!-- \/ Yoast SEO plugin. -->","yoast_head_json":{"title":"Indran Amirthanayagam | LEGS &Eacute;DITION","robots":{"index":"index","follow":"follow","max-snippet":"max-snippet:-1","max-image-preview":"max-image-preview:large","max-video-preview":"max-video-preview:-1"},"canonical":"https:\/\/legsedition.net\/public\/indran-amirthanayagam\/","og_locale":"fr_FR","og_type":"article","og_title":"Indran Amirthanayagam | LEGS &Eacute;DITION","og_description":"N\u00e9 en 1960, Indran Amirthanayagam est un po\u00e8te et diplomate am\u00e9ricain d\u2019origine Tamil Srilankaise. Auteur de douze recueils de po\u00e8mes, il est aussi traducteur et essayiste. Ses po\u00e8mes sont publi\u00e9s dans des anthologies entre autres The United States of Poetry,...","og_url":"https:\/\/legsedition.net\/public\/indran-amirthanayagam\/","og_site_name":"LEGS &Eacute;DITION","article_publisher":"https:\/\/web.facebook.com\/LegsEtLitterature\/","article_modified_time":"2025-10-09T13:20:53+00:00","og_image":[{"width":174,"height":175,"url":"https:\/\/legsedition.net\/public\/wp-content\/uploads\/2017\/12\/014841_165383033a794dfab59aa22893b97364.jpg","type":"image\/jpeg"}],"twitter_card":"summary_large_image","twitter_misc":{"Dur\u00e9e de lecture estim\u00e9e":"2 minutes"},"schema":{"@context":"https:\/\/schema.org","@graph":[{"@type":"WebPage","@id":"https:\/\/legsedition.net\/public\/indran-amirthanayagam\/","url":"https:\/\/legsedition.net\/public\/indran-amirthanayagam\/","name":"Indran Amirthanayagam | LEGS &Eacute;DITION","isPartOf":{"@id":"https:\/\/legsedition.net\/public\/#website"},"primaryImageOfPage":{"@id":"https:\/\/legsedition.net\/public\/indran-amirthanayagam\/#primaryimage"},"image":{"@id":"https:\/\/legsedition.net\/public\/indran-amirthanayagam\/#primaryimage"},"thumbnailUrl":"http:\/\/legsedition.net\/public\/wp-content\/uploads\/2017\/12\/014841_165383033a794dfab59aa22893b97364.jpg","datePublished":"2018-04-17T14:29:15+00:00","dateModified":"2025-10-09T13:20:53+00:00","breadcrumb":{"@id":"https:\/\/legsedition.net\/public\/indran-amirthanayagam\/#breadcrumb"},"inLanguage":"fr-FR","potentialAction":[{"@type":"ReadAction","target":["https:\/\/legsedition.net\/public\/indran-amirthanayagam\/"]}]},{"@type":"ImageObject","inLanguage":"fr-FR","@id":"https:\/\/legsedition.net\/public\/indran-amirthanayagam\/#primaryimage","url":"http:\/\/legsedition.net\/public\/wp-content\/uploads\/2017\/12\/014841_165383033a794dfab59aa22893b97364.jpg","contentUrl":"http:\/\/legsedition.net\/public\/wp-content\/uploads\/2017\/12\/014841_165383033a794dfab59aa22893b97364.jpg"},{"@type":"BreadcrumbList","@id":"https:\/\/legsedition.net\/public\/indran-amirthanayagam\/#breadcrumb","itemListElement":[{"@type":"ListItem","position":1,"name":"Home","item":"https:\/\/legsedition.net\/public\/"},{"@type":"ListItem","position":2,"name":"Indran Amirthanayagam"}]},{"@type":"WebSite","@id":"https:\/\/legsedition.net\/public\/#website","url":"https:\/\/legsedition.net\/public\/","name":"LEGS &Eacute;DITION","description":"","potentialAction":[{"@type":"SearchAction","target":{"@type":"EntryPoint","urlTemplate":"https:\/\/legsedition.net\/public\/?s={search_term_string}"},"query-input":{"@type":"PropertyValueSpecification","valueRequired":true,"valueName":"search_term_string"}}],"inLanguage":"fr-FR"}]}},"_links":{"self":[{"href":"https:\/\/legsedition.net\/public\/wp-json\/wp\/v2\/pages\/1461","targetHints":{"allow":["GET"]}}],"collection":[{"href":"https:\/\/legsedition.net\/public\/wp-json\/wp\/v2\/pages"}],"about":[{"href":"https:\/\/legsedition.net\/public\/wp-json\/wp\/v2\/types\/page"}],"author":[{"embeddable":true,"href":"https:\/\/legsedition.net\/public\/wp-json\/wp\/v2\/users\/2"}],"replies":[{"embeddable":true,"href":"https:\/\/legsedition.net\/public\/wp-json\/wp\/v2\/comments?post=1461"}],"version-history":[{"count":6,"href":"https:\/\/legsedition.net\/public\/wp-json\/wp\/v2\/pages\/1461\/revisions"}],"predecessor-version":[{"id":8751,"href":"https:\/\/legsedition.net\/public\/wp-json\/wp\/v2\/pages\/1461\/revisions\/8751"}],"wp:attachment":[{"href":"https:\/\/legsedition.net\/public\/wp-json\/wp\/v2\/media?parent=1461"}],"curies":[{"name":"wp","href":"https:\/\/api.w.org\/{rel}","templated":true}]}}