{"id":1463,"date":"2018-04-17T14:34:04","date_gmt":"2018-04-17T14:34:04","guid":{"rendered":"http:\/\/legsedition.net\/public\/?page_id=1463"},"modified":"2023-04-07T19:50:26","modified_gmt":"2023-04-07T19:50:26","slug":"bonel-auguste","status":"publish","type":"page","link":"https:\/\/legsedition.net\/public\/bonel-auguste\/","title":{"rendered":"Bonel Auguste"},"content":{"rendered":"<p><a href=\"http:\/\/legsedition.net\/public\/wp-content\/uploads\/2017\/05\/Bonel-Auguste.jpg\"><img decoding=\"async\" class=\"alignleft wp-image-22 \" src=\"https:\/\/legsedition.net\/public\/wp-content\/uploads\/2017\/05\/Bonel-Auguste.jpg\" alt=\"\" width=\"164\" height=\"246\" srcset=\"https:\/\/legsedition.net\/public\/wp-content\/uploads\/2017\/05\/Bonel-Auguste.jpg 320w, https:\/\/legsedition.net\/public\/wp-content\/uploads\/2017\/05\/Bonel-Auguste-200x300.jpg 200w\" sizes=\"(max-width: 164px) 100vw, 164px\" \/><\/a>Bonel Auguste est po\u00e8te, journaliste et romancier. Apr\u00e8s ses \u00e9tudes de Linguistique, il a fond\u00e9\u00a0de l\u2019atelier de po\u00e9sie \u00ab\u00a0Dimanche en po\u00e9sie\u00a0\u00bb \u00e0 la biblioth\u00e8que \u00c9toile filante, et a anim\u00e9 les \u00ab\u00a0Vendredis litt\u00e9raires\u00a0\u00bb de l\u2019universit\u00e9 Cara\u00efbe. Aujourd\u2019hui, il occupe le poste de\u00a0responsable de la section culturelle de la Radio nationale d\u2019Ha\u00efti o\u00f9 il anime<em> Le cercle des po\u00e8tes<\/em>, une \u00e9mission consacr\u00e9e \u00e0 la po\u00e9sie. Il est l\u2019auteur entre autres de\u00a0<em>D\u00e8ve lumineuse<\/em>\u00a0(2007) et \u00a0<em>Un\u00a0cri Lola<\/em>\u00a0(2013) paru chez\u00a0Vents d\u2019ailleurs.<\/p>\n<p>[<a href=\"http:\/\/ile-en-ile.org\/auguste\/\" target=\"_blank\" rel=\"noopener\">Voir la page de pr\u00e9sentation de Bonel Auguste sur \u00cele en \u00cele<\/a>]<\/p>\n<p>&nbsp;<\/p>\n<p><strong>Publication chez LEGS \u00c9DITION<\/strong><\/p>\n<p><em><a href=\"https:\/\/legsedition.net\/public\/2022\/07\/11\/nan-dans-fanm\/\" target=\"_blank\" rel=\"noopener\">nan dans fanm<\/a>,\u00a0<\/em>2022 (nouvelle \u00e9dition)<\/p>\n<p><a href=\"https:\/\/legsedition.net\/public\/wp-content\/uploads\/2022\/07\/Cover-nan-dans-fanm.png\"><img decoding=\"async\" class=\"alignnone wp-image-4616 \" src=\"https:\/\/legsedition.net\/public\/wp-content\/uploads\/2022\/07\/Cover-nan-dans-fanm-189x300.png\" alt=\"\" width=\"147\" height=\"233\" srcset=\"https:\/\/legsedition.net\/public\/wp-content\/uploads\/2022\/07\/Cover-nan-dans-fanm-189x300.png 189w, https:\/\/legsedition.net\/public\/wp-content\/uploads\/2022\/07\/Cover-nan-dans-fanm-101x160.png 101w, https:\/\/legsedition.net\/public\/wp-content\/uploads\/2022\/07\/Cover-nan-dans-fanm.png 297w\" sizes=\"(max-width: 147px) 100vw, 147px\" \/><\/a><\/p>\n<p><em><a href=\"http:\/\/legsedition.net\/public\/nan-dans-fanm\/\" target=\"_blank\" rel=\"noopener\">Nan dans fanm<\/a>,\u00a0<\/em>2014<\/p>\n<p><a href=\"http:\/\/legsedition.net\/public\/wp-content\/uploads\/2017\/12\/Bonel.jpg\"><img decoding=\"async\" class=\"size-medium wp-image-77 alignleft\" src=\"http:\/\/legsedition.net\/public\/wp-content\/uploads\/2017\/12\/Bonel-153x300.jpg\" alt=\"\" width=\"153\" height=\"300\" srcset=\"https:\/\/legsedition.net\/public\/wp-content\/uploads\/2017\/12\/Bonel-153x300.jpg 153w, https:\/\/legsedition.net\/public\/wp-content\/uploads\/2017\/12\/Bonel-600x1174.jpg 600w, https:\/\/legsedition.net\/public\/wp-content\/uploads\/2017\/12\/Bonel-768x1503.jpg 768w, https:\/\/legsedition.net\/public\/wp-content\/uploads\/2017\/12\/Bonel-523x1024.jpg 523w, https:\/\/legsedition.net\/public\/wp-content\/uploads\/2017\/12\/Bonel-400x783.jpg 400w, https:\/\/legsedition.net\/public\/wp-content\/uploads\/2017\/12\/Bonel.jpg 1269w\" sizes=\"(max-width: 153px) 100vw, 153px\" \/><\/a><\/p>\n","protected":false},"excerpt":{"rendered":"<p>Bonel Auguste est po\u00e8te, journaliste et romancier. Apr\u00e8s ses \u00e9tudes de Linguistique, il a fond\u00e9\u00a0de l\u2019atelier de po\u00e9sie \u00ab\u00a0Dimanche en po\u00e9sie\u00a0\u00bb \u00e0 la biblioth\u00e8que \u00c9toile filante, et a anim\u00e9 les \u00ab\u00a0Vendredis litt\u00e9raires\u00a0\u00bb de l\u2019universit\u00e9 Cara\u00efbe. Aujourd\u2019hui, il occupe le poste&#8230;<\/p>\n","protected":false},"author":2,"featured_media":0,"parent":0,"menu_order":0,"comment_status":"closed","ping_status":"closed","template":"","meta":{"footnotes":""},"class_list":["post-1463","page","type-page","status-publish","hentry","no-post-thumbnail"],"yoast_head":"<!-- This site is optimized with the Yoast SEO plugin v27.3 - https:\/\/yoast.com\/product\/yoast-seo-wordpress\/ -->\n<title>Bonel Auguste | LEGS &Eacute;DITION<\/title>\n<meta name=\"robots\" content=\"index, follow, max-snippet:-1, max-image-preview:large, max-video-preview:-1\" \/>\n<link rel=\"canonical\" href=\"https:\/\/legsedition.net\/public\/bonel-auguste\/\" \/>\n<meta property=\"og:locale\" content=\"fr_FR\" \/>\n<meta property=\"og:type\" content=\"article\" \/>\n<meta property=\"og:title\" content=\"Bonel Auguste | LEGS &Eacute;DITION\" \/>\n<meta property=\"og:description\" content=\"Bonel Auguste est po\u00e8te, journaliste et romancier. Apr\u00e8s ses \u00e9tudes de Linguistique, il a fond\u00e9\u00a0de l\u2019atelier de po\u00e9sie \u00ab\u00a0Dimanche en po\u00e9sie\u00a0\u00bb \u00e0 la biblioth\u00e8que \u00c9toile filante, et a anim\u00e9 les \u00ab\u00a0Vendredis litt\u00e9raires\u00a0\u00bb de l\u2019universit\u00e9 Cara\u00efbe. Aujourd\u2019hui, il occupe le poste...\" \/>\n<meta property=\"og:url\" content=\"https:\/\/legsedition.net\/public\/bonel-auguste\/\" \/>\n<meta property=\"og:site_name\" content=\"LEGS &Eacute;DITION\" \/>\n<meta property=\"article:publisher\" content=\"https:\/\/web.facebook.com\/LegsEtLitterature\/\" \/>\n<meta property=\"article:modified_time\" content=\"2023-04-07T19:50:26+00:00\" \/>\n<meta property=\"og:image\" content=\"https:\/\/legsedition.net\/public\/wp-content\/uploads\/2017\/05\/Bonel-Auguste.jpg\" \/>\n<meta name=\"twitter:card\" content=\"summary_large_image\" \/>\n<meta name=\"twitter:label1\" content=\"Dur\u00e9e de lecture estim\u00e9e\" \/>\n\t<meta name=\"twitter:data1\" content=\"1 minute\" \/>\n<script type=\"application\/ld+json\" class=\"yoast-schema-graph\">{\"@context\":\"https:\\\/\\\/schema.org\",\"@graph\":[{\"@type\":\"WebPage\",\"@id\":\"https:\\\/\\\/legsedition.net\\\/public\\\/bonel-auguste\\\/\",\"url\":\"https:\\\/\\\/legsedition.net\\\/public\\\/bonel-auguste\\\/\",\"name\":\"Bonel Auguste | LEGS &Eacute;DITION\",\"isPartOf\":{\"@id\":\"https:\\\/\\\/legsedition.net\\\/public\\\/#website\"},\"primaryImageOfPage\":{\"@id\":\"https:\\\/\\\/legsedition.net\\\/public\\\/bonel-auguste\\\/#primaryimage\"},\"image\":{\"@id\":\"https:\\\/\\\/legsedition.net\\\/public\\\/bonel-auguste\\\/#primaryimage\"},\"thumbnailUrl\":\"https:\\\/\\\/legsedition.net\\\/public\\\/wp-content\\\/uploads\\\/2017\\\/05\\\/Bonel-Auguste.jpg\",\"datePublished\":\"2018-04-17T14:34:04+00:00\",\"dateModified\":\"2023-04-07T19:50:26+00:00\",\"breadcrumb\":{\"@id\":\"https:\\\/\\\/legsedition.net\\\/public\\\/bonel-auguste\\\/#breadcrumb\"},\"inLanguage\":\"fr-FR\",\"potentialAction\":[{\"@type\":\"ReadAction\",\"target\":[\"https:\\\/\\\/legsedition.net\\\/public\\\/bonel-auguste\\\/\"]}]},{\"@type\":\"ImageObject\",\"inLanguage\":\"fr-FR\",\"@id\":\"https:\\\/\\\/legsedition.net\\\/public\\\/bonel-auguste\\\/#primaryimage\",\"url\":\"https:\\\/\\\/legsedition.net\\\/public\\\/wp-content\\\/uploads\\\/2017\\\/05\\\/Bonel-Auguste.jpg\",\"contentUrl\":\"https:\\\/\\\/legsedition.net\\\/public\\\/wp-content\\\/uploads\\\/2017\\\/05\\\/Bonel-Auguste.jpg\",\"width\":320,\"height\":480},{\"@type\":\"BreadcrumbList\",\"@id\":\"https:\\\/\\\/legsedition.net\\\/public\\\/bonel-auguste\\\/#breadcrumb\",\"itemListElement\":[{\"@type\":\"ListItem\",\"position\":1,\"name\":\"Home\",\"item\":\"https:\\\/\\\/legsedition.net\\\/public\\\/\"},{\"@type\":\"ListItem\",\"position\":2,\"name\":\"Bonel Auguste\"}]},{\"@type\":\"WebSite\",\"@id\":\"https:\\\/\\\/legsedition.net\\\/public\\\/#website\",\"url\":\"https:\\\/\\\/legsedition.net\\\/public\\\/\",\"name\":\"LEGS &Eacute;DITION\",\"description\":\"\",\"potentialAction\":[{\"@type\":\"SearchAction\",\"target\":{\"@type\":\"EntryPoint\",\"urlTemplate\":\"https:\\\/\\\/legsedition.net\\\/public\\\/?s={search_term_string}\"},\"query-input\":{\"@type\":\"PropertyValueSpecification\",\"valueRequired\":true,\"valueName\":\"search_term_string\"}}],\"inLanguage\":\"fr-FR\"}]}<\/script>\n<!-- \/ Yoast SEO plugin. -->","yoast_head_json":{"title":"Bonel Auguste | LEGS &Eacute;DITION","robots":{"index":"index","follow":"follow","max-snippet":"max-snippet:-1","max-image-preview":"max-image-preview:large","max-video-preview":"max-video-preview:-1"},"canonical":"https:\/\/legsedition.net\/public\/bonel-auguste\/","og_locale":"fr_FR","og_type":"article","og_title":"Bonel Auguste | LEGS &Eacute;DITION","og_description":"Bonel Auguste est po\u00e8te, journaliste et romancier. Apr\u00e8s ses \u00e9tudes de Linguistique, il a fond\u00e9\u00a0de l\u2019atelier de po\u00e9sie \u00ab\u00a0Dimanche en po\u00e9sie\u00a0\u00bb \u00e0 la biblioth\u00e8que \u00c9toile filante, et a anim\u00e9 les \u00ab\u00a0Vendredis litt\u00e9raires\u00a0\u00bb de l\u2019universit\u00e9 Cara\u00efbe. Aujourd\u2019hui, il occupe le poste...","og_url":"https:\/\/legsedition.net\/public\/bonel-auguste\/","og_site_name":"LEGS &Eacute;DITION","article_publisher":"https:\/\/web.facebook.com\/LegsEtLitterature\/","article_modified_time":"2023-04-07T19:50:26+00:00","og_image":[{"url":"https:\/\/legsedition.net\/public\/wp-content\/uploads\/2017\/05\/Bonel-Auguste.jpg","type":"","width":"","height":""}],"twitter_card":"summary_large_image","twitter_misc":{"Dur\u00e9e de lecture estim\u00e9e":"1 minute"},"schema":{"@context":"https:\/\/schema.org","@graph":[{"@type":"WebPage","@id":"https:\/\/legsedition.net\/public\/bonel-auguste\/","url":"https:\/\/legsedition.net\/public\/bonel-auguste\/","name":"Bonel Auguste | LEGS &Eacute;DITION","isPartOf":{"@id":"https:\/\/legsedition.net\/public\/#website"},"primaryImageOfPage":{"@id":"https:\/\/legsedition.net\/public\/bonel-auguste\/#primaryimage"},"image":{"@id":"https:\/\/legsedition.net\/public\/bonel-auguste\/#primaryimage"},"thumbnailUrl":"https:\/\/legsedition.net\/public\/wp-content\/uploads\/2017\/05\/Bonel-Auguste.jpg","datePublished":"2018-04-17T14:34:04+00:00","dateModified":"2023-04-07T19:50:26+00:00","breadcrumb":{"@id":"https:\/\/legsedition.net\/public\/bonel-auguste\/#breadcrumb"},"inLanguage":"fr-FR","potentialAction":[{"@type":"ReadAction","target":["https:\/\/legsedition.net\/public\/bonel-auguste\/"]}]},{"@type":"ImageObject","inLanguage":"fr-FR","@id":"https:\/\/legsedition.net\/public\/bonel-auguste\/#primaryimage","url":"https:\/\/legsedition.net\/public\/wp-content\/uploads\/2017\/05\/Bonel-Auguste.jpg","contentUrl":"https:\/\/legsedition.net\/public\/wp-content\/uploads\/2017\/05\/Bonel-Auguste.jpg","width":320,"height":480},{"@type":"BreadcrumbList","@id":"https:\/\/legsedition.net\/public\/bonel-auguste\/#breadcrumb","itemListElement":[{"@type":"ListItem","position":1,"name":"Home","item":"https:\/\/legsedition.net\/public\/"},{"@type":"ListItem","position":2,"name":"Bonel Auguste"}]},{"@type":"WebSite","@id":"https:\/\/legsedition.net\/public\/#website","url":"https:\/\/legsedition.net\/public\/","name":"LEGS &Eacute;DITION","description":"","potentialAction":[{"@type":"SearchAction","target":{"@type":"EntryPoint","urlTemplate":"https:\/\/legsedition.net\/public\/?s={search_term_string}"},"query-input":{"@type":"PropertyValueSpecification","valueRequired":true,"valueName":"search_term_string"}}],"inLanguage":"fr-FR"}]}},"_links":{"self":[{"href":"https:\/\/legsedition.net\/public\/wp-json\/wp\/v2\/pages\/1463","targetHints":{"allow":["GET"]}}],"collection":[{"href":"https:\/\/legsedition.net\/public\/wp-json\/wp\/v2\/pages"}],"about":[{"href":"https:\/\/legsedition.net\/public\/wp-json\/wp\/v2\/types\/page"}],"author":[{"embeddable":true,"href":"https:\/\/legsedition.net\/public\/wp-json\/wp\/v2\/users\/2"}],"replies":[{"embeddable":true,"href":"https:\/\/legsedition.net\/public\/wp-json\/wp\/v2\/comments?post=1463"}],"version-history":[{"count":8,"href":"https:\/\/legsedition.net\/public\/wp-json\/wp\/v2\/pages\/1463\/revisions"}],"predecessor-version":[{"id":5458,"href":"https:\/\/legsedition.net\/public\/wp-json\/wp\/v2\/pages\/1463\/revisions\/5458"}],"wp:attachment":[{"href":"https:\/\/legsedition.net\/public\/wp-json\/wp\/v2\/media?parent=1463"}],"curies":[{"name":"wp","href":"https:\/\/api.w.org\/{rel}","templated":true}]}}