{"id":1465,"date":"2018-04-17T14:39:35","date_gmt":"2018-04-17T14:39:35","guid":{"rendered":"http:\/\/legsedition.net\/public\/?page_id=1465"},"modified":"2023-04-07T20:12:14","modified_gmt":"2023-04-07T20:12:14","slug":"jeanie-bogart","status":"publish","type":"page","link":"https:\/\/legsedition.net\/public\/jeanie-bogart\/","title":{"rendered":"Jeanie Bogart"},"content":{"rendered":"<p>&nbsp;<\/p>\n<figure id=\"attachment_285\" aria-describedby=\"caption-attachment-285\" style=\"width: 216px\" class=\"wp-caption alignleft\"><a href=\"http:\/\/legsedition.net\/public\/wp-content\/uploads\/2017\/12\/2b24d9_ec2555f865704ffdae3f06c673c9e6bamv2.jpg\"><img fetchpriority=\"high\" decoding=\"async\" class=\"wp-image-285 \" src=\"https:\/\/legsedition.net\/public\/wp-content\/uploads\/2017\/12\/2b24d9_ec2555f865704ffdae3f06c673c9e6bamv2.jpg\" alt=\"\" width=\"216\" height=\"272\" srcset=\"https:\/\/legsedition.net\/public\/wp-content\/uploads\/2017\/12\/2b24d9_ec2555f865704ffdae3f06c673c9e6bamv2.jpg 254w, https:\/\/legsedition.net\/public\/wp-content\/uploads\/2017\/12\/2b24d9_ec2555f865704ffdae3f06c673c9e6bamv2-238x300.jpg 238w\" sizes=\"(max-width: 216px) 100vw, 216px\" \/><\/a><figcaption id=\"caption-attachment-285\" class=\"wp-caption-text\">\u00a9<a href=\"http:\/\/ile-en-ile.org\/bogart\/\" target=\"_blank\" rel=\"noopener\">ile-en-ile.org<\/a><\/figcaption><\/figure>\n<p>N\u00e9e en Ha\u00efti, Jeanie Bogart vit \u00e0 New-York o\u00f9 elle m\u00e8ne une carri\u00e8re d\u2019interpr\u00e8te. Apr\u00e8s des \u00e9tudes de journalisme, elle a \u00e9t\u00e9 reporter, pr\u00e9sentatrice et r\u00e9dactrice de nouvelles \u00e0 la radio, \u00e0 la t\u00e9l\u00e9vision en Ha\u00efti et dans quelques magazines aux \u00c9tats-Unis. C\u2019est \u00e0 New-York qu\u2019elle retrouve sa voie : la po\u00e9sie. Elle a re\u00e7u le premier prix Kalbas L\u00f2 Lakarayib en 2006 pour son po\u00e8me <em>A la foli<\/em>. Ses po\u00e8mes ont paru dans des anthologies et revue en France et \u00e0 Montr\u00e9al. <em>Un jour&#8230; tes pantoufles<\/em> est son premier recueil de po\u00e8mes.<\/p>\n<p>[<a href=\"http:\/\/ile-en-ile.org\/bogart\/\" target=\"_blank\" rel=\"noopener\">Voir la page de pr\u00e9sentation de\u00a0Jeanie Bogart\u00a0sur \u00cele en \u00cele<\/a>]<\/p>\n<p>&nbsp;<\/p>\n<p>&nbsp;<\/p>\n<p><strong>Publication chez LEGS \u00c9DITION<\/strong><\/p>\n<p><em><a href=\"https:\/\/legsedition.net\/public\/2022\/06\/11\/un-jour-tes-pantoufles\/\" target=\"_blank\" rel=\"noopener\">un jour&#8230; tes pantoufles<\/a>,\u00a0<\/em>2022<\/p>\n<p><a href=\"https:\/\/legsedition.net\/public\/wp-content\/uploads\/2022\/06\/Cover-un-jour.png\"><img decoding=\"async\" class=\"alignnone wp-image-4546 size-medium\" src=\"https:\/\/legsedition.net\/public\/wp-content\/uploads\/2022\/06\/Cover-un-jour-188x300.png\" alt=\"\" width=\"188\" height=\"300\" srcset=\"https:\/\/legsedition.net\/public\/wp-content\/uploads\/2022\/06\/Cover-un-jour-188x300.png 188w, https:\/\/legsedition.net\/public\/wp-content\/uploads\/2022\/06\/Cover-un-jour-100x160.png 100w, https:\/\/legsedition.net\/public\/wp-content\/uploads\/2022\/06\/Cover-un-jour.png 287w\" sizes=\"(max-width: 188px) 100vw, 188px\" \/><\/a><\/p>\n<p><em>Un jour&#8230; tes pantoufles\u00a0<\/em>suivi de\u00a0<em>Chevaucheuse de r\u00eaves,\u00a0<\/em>2015<\/p>\n<p><a href=\"http:\/\/legsedition.net\/public\/wp-content\/uploads\/2017\/12\/COVER-JEANIE-BOGART.png\"><img decoding=\"async\" class=\"alignnone size-medium wp-image-97\" src=\"http:\/\/legsedition.net\/public\/wp-content\/uploads\/2017\/12\/COVER-JEANIE-BOGART-157x300.png\" alt=\"\" width=\"157\" height=\"300\" srcset=\"https:\/\/legsedition.net\/public\/wp-content\/uploads\/2017\/12\/COVER-JEANIE-BOGART-157x300.png 157w, https:\/\/legsedition.net\/public\/wp-content\/uploads\/2017\/12\/COVER-JEANIE-BOGART.png 317w\" sizes=\"(max-width: 157px) 100vw, 157px\" \/><\/a><\/p>\n","protected":false},"excerpt":{"rendered":"<p>&nbsp; N\u00e9e en Ha\u00efti, Jeanie Bogart vit \u00e0 New-York o\u00f9 elle m\u00e8ne une carri\u00e8re d\u2019interpr\u00e8te. Apr\u00e8s des \u00e9tudes de journalisme, elle a \u00e9t\u00e9 reporter, pr\u00e9sentatrice et r\u00e9dactrice de nouvelles \u00e0 la radio, \u00e0 la t\u00e9l\u00e9vision en Ha\u00efti et dans quelques&#8230;<\/p>\n","protected":false},"author":2,"featured_media":0,"parent":0,"menu_order":0,"comment_status":"closed","ping_status":"closed","template":"","meta":{"footnotes":""},"class_list":["post-1465","page","type-page","status-publish","hentry","no-post-thumbnail"],"yoast_head":"<!-- This site is optimized with the Yoast SEO plugin v27.3 - https:\/\/yoast.com\/product\/yoast-seo-wordpress\/ -->\n<title>Jeanie Bogart | LEGS &Eacute;DITION<\/title>\n<meta name=\"robots\" content=\"index, follow, max-snippet:-1, max-image-preview:large, max-video-preview:-1\" \/>\n<link rel=\"canonical\" href=\"https:\/\/legsedition.net\/public\/jeanie-bogart\/\" \/>\n<meta property=\"og:locale\" content=\"fr_FR\" \/>\n<meta property=\"og:type\" content=\"article\" \/>\n<meta property=\"og:title\" content=\"Jeanie Bogart | LEGS &Eacute;DITION\" \/>\n<meta property=\"og:description\" content=\"&nbsp; N\u00e9e en Ha\u00efti, Jeanie Bogart vit \u00e0 New-York o\u00f9 elle m\u00e8ne une carri\u00e8re d\u2019interpr\u00e8te. Apr\u00e8s des \u00e9tudes de journalisme, elle a \u00e9t\u00e9 reporter, pr\u00e9sentatrice et r\u00e9dactrice de nouvelles \u00e0 la radio, \u00e0 la t\u00e9l\u00e9vision en Ha\u00efti et dans quelques...\" \/>\n<meta property=\"og:url\" content=\"https:\/\/legsedition.net\/public\/jeanie-bogart\/\" \/>\n<meta property=\"og:site_name\" content=\"LEGS &Eacute;DITION\" \/>\n<meta property=\"article:publisher\" content=\"https:\/\/web.facebook.com\/LegsEtLitterature\/\" \/>\n<meta property=\"article:modified_time\" content=\"2023-04-07T20:12:14+00:00\" \/>\n<meta property=\"og:image\" content=\"https:\/\/legsedition.net\/public\/wp-content\/uploads\/2017\/12\/2b24d9_ec2555f865704ffdae3f06c673c9e6bamv2.jpg\" \/>\n<meta name=\"twitter:card\" content=\"summary_large_image\" \/>\n<meta name=\"twitter:label1\" content=\"Dur\u00e9e de lecture estim\u00e9e\" \/>\n\t<meta name=\"twitter:data1\" content=\"1 minute\" \/>\n<script type=\"application\/ld+json\" class=\"yoast-schema-graph\">{\"@context\":\"https:\\\/\\\/schema.org\",\"@graph\":[{\"@type\":\"WebPage\",\"@id\":\"https:\\\/\\\/legsedition.net\\\/public\\\/jeanie-bogart\\\/\",\"url\":\"https:\\\/\\\/legsedition.net\\\/public\\\/jeanie-bogart\\\/\",\"name\":\"Jeanie Bogart | LEGS &Eacute;DITION\",\"isPartOf\":{\"@id\":\"https:\\\/\\\/legsedition.net\\\/public\\\/#website\"},\"primaryImageOfPage\":{\"@id\":\"https:\\\/\\\/legsedition.net\\\/public\\\/jeanie-bogart\\\/#primaryimage\"},\"image\":{\"@id\":\"https:\\\/\\\/legsedition.net\\\/public\\\/jeanie-bogart\\\/#primaryimage\"},\"thumbnailUrl\":\"https:\\\/\\\/legsedition.net\\\/public\\\/wp-content\\\/uploads\\\/2017\\\/12\\\/2b24d9_ec2555f865704ffdae3f06c673c9e6bamv2.jpg\",\"datePublished\":\"2018-04-17T14:39:35+00:00\",\"dateModified\":\"2023-04-07T20:12:14+00:00\",\"breadcrumb\":{\"@id\":\"https:\\\/\\\/legsedition.net\\\/public\\\/jeanie-bogart\\\/#breadcrumb\"},\"inLanguage\":\"fr-FR\",\"potentialAction\":[{\"@type\":\"ReadAction\",\"target\":[\"https:\\\/\\\/legsedition.net\\\/public\\\/jeanie-bogart\\\/\"]}]},{\"@type\":\"ImageObject\",\"inLanguage\":\"fr-FR\",\"@id\":\"https:\\\/\\\/legsedition.net\\\/public\\\/jeanie-bogart\\\/#primaryimage\",\"url\":\"https:\\\/\\\/legsedition.net\\\/public\\\/wp-content\\\/uploads\\\/2017\\\/12\\\/2b24d9_ec2555f865704ffdae3f06c673c9e6bamv2.jpg\",\"contentUrl\":\"https:\\\/\\\/legsedition.net\\\/public\\\/wp-content\\\/uploads\\\/2017\\\/12\\\/2b24d9_ec2555f865704ffdae3f06c673c9e6bamv2.jpg\",\"width\":254,\"height\":320,\"caption\":\"\u00a9ile-en-ile.org\"},{\"@type\":\"BreadcrumbList\",\"@id\":\"https:\\\/\\\/legsedition.net\\\/public\\\/jeanie-bogart\\\/#breadcrumb\",\"itemListElement\":[{\"@type\":\"ListItem\",\"position\":1,\"name\":\"Home\",\"item\":\"https:\\\/\\\/legsedition.net\\\/public\\\/\"},{\"@type\":\"ListItem\",\"position\":2,\"name\":\"Jeanie Bogart\"}]},{\"@type\":\"WebSite\",\"@id\":\"https:\\\/\\\/legsedition.net\\\/public\\\/#website\",\"url\":\"https:\\\/\\\/legsedition.net\\\/public\\\/\",\"name\":\"LEGS &Eacute;DITION\",\"description\":\"\",\"potentialAction\":[{\"@type\":\"SearchAction\",\"target\":{\"@type\":\"EntryPoint\",\"urlTemplate\":\"https:\\\/\\\/legsedition.net\\\/public\\\/?s={search_term_string}\"},\"query-input\":{\"@type\":\"PropertyValueSpecification\",\"valueRequired\":true,\"valueName\":\"search_term_string\"}}],\"inLanguage\":\"fr-FR\"}]}<\/script>\n<!-- \/ Yoast SEO plugin. -->","yoast_head_json":{"title":"Jeanie Bogart | LEGS &Eacute;DITION","robots":{"index":"index","follow":"follow","max-snippet":"max-snippet:-1","max-image-preview":"max-image-preview:large","max-video-preview":"max-video-preview:-1"},"canonical":"https:\/\/legsedition.net\/public\/jeanie-bogart\/","og_locale":"fr_FR","og_type":"article","og_title":"Jeanie Bogart | LEGS &Eacute;DITION","og_description":"&nbsp; N\u00e9e en Ha\u00efti, Jeanie Bogart vit \u00e0 New-York o\u00f9 elle m\u00e8ne une carri\u00e8re d\u2019interpr\u00e8te. Apr\u00e8s des \u00e9tudes de journalisme, elle a \u00e9t\u00e9 reporter, pr\u00e9sentatrice et r\u00e9dactrice de nouvelles \u00e0 la radio, \u00e0 la t\u00e9l\u00e9vision en Ha\u00efti et dans quelques...","og_url":"https:\/\/legsedition.net\/public\/jeanie-bogart\/","og_site_name":"LEGS &Eacute;DITION","article_publisher":"https:\/\/web.facebook.com\/LegsEtLitterature\/","article_modified_time":"2023-04-07T20:12:14+00:00","og_image":[{"url":"https:\/\/legsedition.net\/public\/wp-content\/uploads\/2017\/12\/2b24d9_ec2555f865704ffdae3f06c673c9e6bamv2.jpg","type":"","width":"","height":""}],"twitter_card":"summary_large_image","twitter_misc":{"Dur\u00e9e de lecture estim\u00e9e":"1 minute"},"schema":{"@context":"https:\/\/schema.org","@graph":[{"@type":"WebPage","@id":"https:\/\/legsedition.net\/public\/jeanie-bogart\/","url":"https:\/\/legsedition.net\/public\/jeanie-bogart\/","name":"Jeanie Bogart | LEGS &Eacute;DITION","isPartOf":{"@id":"https:\/\/legsedition.net\/public\/#website"},"primaryImageOfPage":{"@id":"https:\/\/legsedition.net\/public\/jeanie-bogart\/#primaryimage"},"image":{"@id":"https:\/\/legsedition.net\/public\/jeanie-bogart\/#primaryimage"},"thumbnailUrl":"https:\/\/legsedition.net\/public\/wp-content\/uploads\/2017\/12\/2b24d9_ec2555f865704ffdae3f06c673c9e6bamv2.jpg","datePublished":"2018-04-17T14:39:35+00:00","dateModified":"2023-04-07T20:12:14+00:00","breadcrumb":{"@id":"https:\/\/legsedition.net\/public\/jeanie-bogart\/#breadcrumb"},"inLanguage":"fr-FR","potentialAction":[{"@type":"ReadAction","target":["https:\/\/legsedition.net\/public\/jeanie-bogart\/"]}]},{"@type":"ImageObject","inLanguage":"fr-FR","@id":"https:\/\/legsedition.net\/public\/jeanie-bogart\/#primaryimage","url":"https:\/\/legsedition.net\/public\/wp-content\/uploads\/2017\/12\/2b24d9_ec2555f865704ffdae3f06c673c9e6bamv2.jpg","contentUrl":"https:\/\/legsedition.net\/public\/wp-content\/uploads\/2017\/12\/2b24d9_ec2555f865704ffdae3f06c673c9e6bamv2.jpg","width":254,"height":320,"caption":"\u00a9ile-en-ile.org"},{"@type":"BreadcrumbList","@id":"https:\/\/legsedition.net\/public\/jeanie-bogart\/#breadcrumb","itemListElement":[{"@type":"ListItem","position":1,"name":"Home","item":"https:\/\/legsedition.net\/public\/"},{"@type":"ListItem","position":2,"name":"Jeanie Bogart"}]},{"@type":"WebSite","@id":"https:\/\/legsedition.net\/public\/#website","url":"https:\/\/legsedition.net\/public\/","name":"LEGS &Eacute;DITION","description":"","potentialAction":[{"@type":"SearchAction","target":{"@type":"EntryPoint","urlTemplate":"https:\/\/legsedition.net\/public\/?s={search_term_string}"},"query-input":{"@type":"PropertyValueSpecification","valueRequired":true,"valueName":"search_term_string"}}],"inLanguage":"fr-FR"}]}},"_links":{"self":[{"href":"https:\/\/legsedition.net\/public\/wp-json\/wp\/v2\/pages\/1465","targetHints":{"allow":["GET"]}}],"collection":[{"href":"https:\/\/legsedition.net\/public\/wp-json\/wp\/v2\/pages"}],"about":[{"href":"https:\/\/legsedition.net\/public\/wp-json\/wp\/v2\/types\/page"}],"author":[{"embeddable":true,"href":"https:\/\/legsedition.net\/public\/wp-json\/wp\/v2\/users\/2"}],"replies":[{"embeddable":true,"href":"https:\/\/legsedition.net\/public\/wp-json\/wp\/v2\/comments?post=1465"}],"version-history":[{"count":9,"href":"https:\/\/legsedition.net\/public\/wp-json\/wp\/v2\/pages\/1465\/revisions"}],"predecessor-version":[{"id":5480,"href":"https:\/\/legsedition.net\/public\/wp-json\/wp\/v2\/pages\/1465\/revisions\/5480"}],"wp:attachment":[{"href":"https:\/\/legsedition.net\/public\/wp-json\/wp\/v2\/media?parent=1465"}],"curies":[{"name":"wp","href":"https:\/\/api.w.org\/{rel}","templated":true}]}}