{"id":1468,"date":"2018-04-17T14:56:13","date_gmt":"2018-04-17T14:56:13","guid":{"rendered":"http:\/\/legsedition.net\/public\/?page_id=1468"},"modified":"2023-04-07T20:43:35","modified_gmt":"2023-04-07T20:43:35","slug":"webert-charles","status":"publish","type":"page","link":"https:\/\/legsedition.net\/public\/webert-charles\/","title":{"rendered":"W\u00e9bert Charles"},"content":{"rendered":"<p><a href=\"http:\/\/legsedition.net\/public\/wp-content\/uploads\/2018\/01\/Webert-RFI.jpg\"><img fetchpriority=\"high\" decoding=\"async\" class=\"alignleft wp-image-1041 \" src=\"https:\/\/legsedition.net\/public\/wp-content\/uploads\/2018\/01\/Webert-RFI.jpg\" alt=\"\" width=\"308\" height=\"308\" srcset=\"https:\/\/legsedition.net\/public\/wp-content\/uploads\/2018\/01\/Webert-RFI.jpg 400w, https:\/\/legsedition.net\/public\/wp-content\/uploads\/2018\/01\/Webert-RFI-300x300.jpg 300w, https:\/\/legsedition.net\/public\/wp-content\/uploads\/2018\/01\/Webert-RFI-100x100.jpg 100w, https:\/\/legsedition.net\/public\/wp-content\/uploads\/2018\/01\/Webert-RFI-150x150.jpg 150w, https:\/\/legsedition.net\/public\/wp-content\/uploads\/2018\/01\/Webert-RFI-160x160.jpg 160w\" sizes=\"(max-width: 308px) 100vw, 308px\" \/><\/a>W\u00e9bert Charles est dipl\u00f4m\u00e9 en Sciences \u00e9conomiques de l\u2019Universit\u00e9 de Port-\u00adau-\u00adPrince et en \u00c9conomie et Gestion des entreprises d\u2019\u00e9conomie sociale et solidaire de l\u2019Universit\u00e9 Ouaga II du Burkina Faso. D\u00e9tenteur \u00e9galement d\u2019un\u00a0Master I\u00a0en \u00c9conomie des organisations et Gouvernance de l\u2019Universit\u00e9 de Picardie Jules Verne (Amiens). Chroniqueur au journal\u00a0<a href=\"http:\/\/lenouvelliste.com\/apropos\" target=\"_blank\" rel=\"nofollow noopener\" data-content=\"http:\/\/lenouvelliste.com\/apropos\" data-type=\"external\">Le Nouvelliste<\/a>, po\u00e8te et nouvelliste, il est l\u2019auteur de\u00a0<em>Pour que la terre s\u2019en souvienne<\/em>\u00a0(2010),\u00a0<em>Que l\u2019esp\u00e9rance demeure\u00a0<\/em>(2012) et\u00a0<em>Mar\u00e8l<\/em>\u00a0(2013).<\/p>\n<p>[<a href=\"http:\/\/ile-en-ile.org\/charles_webert\/\" target=\"_blank\" rel=\"noopener\">Voir la page de pr\u00e9sentation de W\u00e9bert Charles sur \u00cele en \u00cele<\/a>]<\/p>\n<p><strong>Publications chez LEGS \u00c9DITION<\/strong><\/p>\n<p><em><a href=\"http:\/\/legsedition.net\/public\/je-decouvre-leopold-s-senghor\/\" target=\"_blank\" rel=\"noopener\">Je d\u00e9couvre&#8230; L\u00e9opold Sedar Senghor<\/a>,\u00a0<\/em>2016<\/p>\n<p><a href=\"http:\/\/legsedition.net\/public\/wp-content\/uploads\/2017\/12\/Cover-Je-decouvre-SENGHOR-page001.png\"><img decoding=\"async\" class=\"size-medium wp-image-100 alignleft\" src=\"http:\/\/legsedition.net\/public\/wp-content\/uploads\/2017\/12\/Cover-Je-decouvre-SENGHOR-page001-197x300.png\" alt=\"\" width=\"197\" height=\"300\" srcset=\"https:\/\/legsedition.net\/public\/wp-content\/uploads\/2017\/12\/Cover-Je-decouvre-SENGHOR-page001-197x300.png 197w, https:\/\/legsedition.net\/public\/wp-content\/uploads\/2017\/12\/Cover-Je-decouvre-SENGHOR-page001.png 328w\" sizes=\"(max-width: 197px) 100vw, 197px\" \/><\/a><\/p>\n<p>&nbsp;<\/p>\n<p>&nbsp;<\/p>\n<p>&nbsp;<\/p>\n<p>&nbsp;<\/p>\n<p>&nbsp;<\/p>\n<p>&nbsp;<\/p>\n<p>&nbsp;<\/p>\n<p>&nbsp;<\/p>\n<p><em><a href=\"http:\/\/legsedition.net\/public\/les-plumes-francophones-emergentes\/\" target=\"_blank\" rel=\"noopener\">Les plumes francophones \u00e9mergentes<\/a>,\u00a0<\/em>2016<\/p>\n<p><a href=\"http:\/\/legsedition.net\/public\/wp-content\/uploads\/2017\/12\/Cover_-Legs-7.png\"><img decoding=\"async\" class=\"alignnone size-medium wp-image-105\" src=\"http:\/\/legsedition.net\/public\/wp-content\/uploads\/2017\/12\/Cover_-Legs-7-188x300.png\" alt=\"\" width=\"188\" height=\"300\" srcset=\"https:\/\/legsedition.net\/public\/wp-content\/uploads\/2017\/12\/Cover_-Legs-7-188x300.png 188w, https:\/\/legsedition.net\/public\/wp-content\/uploads\/2017\/12\/Cover_-Legs-7.png 290w\" sizes=\"(max-width: 188px) 100vw, 188px\" \/><\/a><\/p>\n<p><em><a href=\"http:\/\/legsedition.net\/public\/la-litterature-jeunesse\/\" target=\"_blank\" rel=\"noopener\">La litt\u00e9rature jeunesse,<\/a>\u00a0<\/em>2015<\/p>\n<p><a href=\"http:\/\/legsedition.net\/public\/wp-content\/uploads\/2017\/12\/Revue-6.png\"><img loading=\"lazy\" decoding=\"async\" class=\"size-medium wp-image-143 alignleft\" src=\"http:\/\/legsedition.net\/public\/wp-content\/uploads\/2017\/12\/Revue-6-191x300.png\" alt=\"\" width=\"191\" height=\"300\" srcset=\"https:\/\/legsedition.net\/public\/wp-content\/uploads\/2017\/12\/Revue-6-191x300.png 191w, https:\/\/legsedition.net\/public\/wp-content\/uploads\/2017\/12\/Revue-6-400x628.png 400w, https:\/\/legsedition.net\/public\/wp-content\/uploads\/2017\/12\/Revue-6.png 413w\" sizes=\"(max-width: 191px) 100vw, 191px\" \/><\/a><\/p>\n<p>&nbsp;<\/p>\n<p>&nbsp;<\/p>\n<p>&nbsp;<\/p>\n<p>&nbsp;<\/p>\n<p>&nbsp;<\/p>\n<p>&nbsp;<\/p>\n<p>&nbsp;<\/p>\n<p>&nbsp;<\/p>\n<p><em><a href=\"http:\/\/legsedition.net\/public\/migration-et-litterature-de-la-diaspora\/\" target=\"_blank\" rel=\"noopener\">Migration et Litt\u00e9rature de la Diaspora<\/a>,\u00a0<\/em>2015<\/p>\n<p><a href=\"http:\/\/legsedition.net\/public\/wp-content\/uploads\/2017\/12\/COVER-5.jpeg\"><img loading=\"lazy\" decoding=\"async\" class=\"alignnone size-medium wp-image-92\" src=\"http:\/\/legsedition.net\/public\/wp-content\/uploads\/2017\/12\/COVER-5-191x300.jpeg\" alt=\"\" width=\"191\" height=\"300\" srcset=\"https:\/\/legsedition.net\/public\/wp-content\/uploads\/2017\/12\/COVER-5-191x300.jpeg 191w, https:\/\/legsedition.net\/public\/wp-content\/uploads\/2017\/12\/COVER-5-600x941.jpeg 600w, https:\/\/legsedition.net\/public\/wp-content\/uploads\/2017\/12\/COVER-5-768x1204.jpeg 768w, https:\/\/legsedition.net\/public\/wp-content\/uploads\/2017\/12\/COVER-5-653x1024.jpeg 653w, https:\/\/legsedition.net\/public\/wp-content\/uploads\/2017\/12\/COVER-5-400x627.jpeg 400w, https:\/\/legsedition.net\/public\/wp-content\/uploads\/2017\/12\/COVER-5.jpeg 1722w\" sizes=\"(max-width: 191px) 100vw, 191px\" \/><\/a><\/p>\n<p><em><a href=\"http:\/\/legsedition.net\/public\/je-decouvre-martin-luther-king\/\" target=\"_blank\" rel=\"noopener\">Je d\u00e9couvre\u2026 Martin Luther King<\/a>,\u00a0<\/em>2014<\/p>\n<p><a href=\"http:\/\/legsedition.net\/public\/wp-content\/uploads\/2017\/12\/MARTIN.jpg\"><img loading=\"lazy\" decoding=\"async\" class=\"alignnone size-medium wp-image-130\" src=\"http:\/\/legsedition.net\/public\/wp-content\/uploads\/2017\/12\/MARTIN-191x300.jpg\" alt=\"\" width=\"191\" height=\"300\" srcset=\"https:\/\/legsedition.net\/public\/wp-content\/uploads\/2017\/12\/MARTIN-191x300.jpg 191w, https:\/\/legsedition.net\/public\/wp-content\/uploads\/2017\/12\/MARTIN-416x654.jpg 416w, https:\/\/legsedition.net\/public\/wp-content\/uploads\/2017\/12\/MARTIN-400x629.jpg 400w, https:\/\/legsedition.net\/public\/wp-content\/uploads\/2017\/12\/MARTIN.jpg 428w\" sizes=\"(max-width: 191px) 100vw, 191px\" \/><\/a><\/p>\n<p><em><a href=\"http:\/\/legsedition.net\/public\/des-maux-et-des-rues-2\/\" target=\"_blank\" rel=\"noopener\">\u2026des maux et des rues,<\/a>\u00a0<\/em>\u00a02014<\/p>\n<p><a href=\"http:\/\/legsedition.net\/public\/wp-content\/uploads\/2017\/12\/Des-maux-et-des-rues-Unique.jpg\"><img loading=\"lazy\" decoding=\"async\" class=\"alignnone size-medium wp-image-118\" src=\"http:\/\/legsedition.net\/public\/wp-content\/uploads\/2017\/12\/Des-maux-et-des-rues-Unique-159x300.jpg\" alt=\"\" width=\"159\" height=\"300\" srcset=\"https:\/\/legsedition.net\/public\/wp-content\/uploads\/2017\/12\/Des-maux-et-des-rues-Unique-159x300.jpg 159w, https:\/\/legsedition.net\/public\/wp-content\/uploads\/2017\/12\/Des-maux-et-des-rues-Unique.jpg 393w\" sizes=\"(max-width: 159px) 100vw, 159px\" \/><\/a><\/p>\n<p><em><a href=\"http:\/\/legsedition.net\/public\/50-livres-haitiens-cultes-quil-faut-avoir-lus-dans-sa-vie\/\" target=\"_blank\" rel=\"noopener\">50 livres ha\u00eftiens cultes qu\u2019il faut avoir lus dans sa vie<\/a>,\u00a0<\/em>2014<\/p>\n<p><a href=\"http:\/\/legsedition.net\/public\/wp-content\/uploads\/2017\/12\/50-livres-face.jpeg\"><img loading=\"lazy\" decoding=\"async\" class=\"alignnone size-medium wp-image-69\" src=\"http:\/\/legsedition.net\/public\/wp-content\/uploads\/2017\/12\/50-livres-face-194x300.jpeg\" alt=\"\" width=\"194\" height=\"300\" srcset=\"https:\/\/legsedition.net\/public\/wp-content\/uploads\/2017\/12\/50-livres-face-194x300.jpeg 194w, https:\/\/legsedition.net\/public\/wp-content\/uploads\/2017\/12\/50-livres-face-600x929.jpeg 600w, https:\/\/legsedition.net\/public\/wp-content\/uploads\/2017\/12\/50-livres-face-768x1190.jpeg 768w, https:\/\/legsedition.net\/public\/wp-content\/uploads\/2017\/12\/50-livres-face-661x1024.jpeg 661w, https:\/\/legsedition.net\/public\/wp-content\/uploads\/2017\/12\/50-livres-face-400x620.jpeg 400w, https:\/\/legsedition.net\/public\/wp-content\/uploads\/2017\/12\/50-livres-face.jpeg 1530w\" sizes=\"(max-width: 194px) 100vw, 194px\" \/><\/a><\/p>\n<p><em><a href=\"http:\/\/legsedition.net\/public\/traduction-reecriture-et-plagiat\/\" target=\"_blank\" rel=\"noopener\">Traduction, R\u00e9\u00e9criture et Plagiat<\/a>,\u00a0<\/em>2014<\/p>\n<p><a href=\"http:\/\/legsedition.net\/public\/wp-content\/uploads\/2017\/12\/Numero-4-LEGS.jpg\"><img loading=\"lazy\" decoding=\"async\" class=\"alignnone size-medium wp-image-133\" src=\"http:\/\/legsedition.net\/public\/wp-content\/uploads\/2017\/12\/Numero-4-LEGS-188x300.jpg\" alt=\"\" width=\"188\" height=\"300\" srcset=\"https:\/\/legsedition.net\/public\/wp-content\/uploads\/2017\/12\/Numero-4-LEGS-188x300.jpg 188w, https:\/\/legsedition.net\/public\/wp-content\/uploads\/2017\/12\/Numero-4-LEGS-416x666.jpg 416w, https:\/\/legsedition.net\/public\/wp-content\/uploads\/2017\/12\/Numero-4-LEGS-400x640.jpg 400w, https:\/\/legsedition.net\/public\/wp-content\/uploads\/2017\/12\/Numero-4-LEGS.jpg 470w\" sizes=\"(max-width: 188px) 100vw, 188px\" \/><\/a><\/p>\n<p><em><a href=\"http:\/\/legsedition.net\/public\/dictature-revolte-et-ecritures-feminines\/\" target=\"_blank\" rel=\"noopener\">Dictatures, R\u00e9voltes et \u00c9critures f\u00e9minines<\/a>,\u00a0<\/em>2014<\/p>\n<p><a href=\"http:\/\/legsedition.net\/public\/wp-content\/uploads\/2017\/12\/LEGS3.jpg\"><img loading=\"lazy\" decoding=\"async\" class=\"alignnone size-medium wp-image-128\" src=\"http:\/\/legsedition.net\/public\/wp-content\/uploads\/2017\/12\/LEGS3-191x300.jpg\" alt=\"\" width=\"191\" height=\"300\" srcset=\"https:\/\/legsedition.net\/public\/wp-content\/uploads\/2017\/12\/LEGS3-191x300.jpg 191w, https:\/\/legsedition.net\/public\/wp-content\/uploads\/2017\/12\/LEGS3-416x652.jpg 416w, https:\/\/legsedition.net\/public\/wp-content\/uploads\/2017\/12\/LEGS3-400x627.jpg 400w, https:\/\/legsedition.net\/public\/wp-content\/uploads\/2017\/12\/LEGS3.jpg 493w\" sizes=\"(max-width: 191px) 100vw, 191px\" \/><\/a><\/p>\n<p><em><a href=\"http:\/\/legsedition.net\/public\/erotisme-et-tabou\/\" target=\"_blank\" rel=\"noopener\">\u00c9rotisme et Tabou<\/a>,\u00a0<\/em>2013<\/p>\n<p><a href=\"http:\/\/legsedition.net\/public\/wp-content\/uploads\/2017\/12\/aaaaaaafiche.jpg\"><img loading=\"lazy\" decoding=\"async\" class=\"alignnone size-medium wp-image-70\" src=\"http:\/\/legsedition.net\/public\/wp-content\/uploads\/2017\/12\/aaaaaaafiche-193x300.jpg\" alt=\"\" width=\"193\" height=\"300\" srcset=\"https:\/\/legsedition.net\/public\/wp-content\/uploads\/2017\/12\/aaaaaaafiche-193x300.jpg 193w, https:\/\/legsedition.net\/public\/wp-content\/uploads\/2017\/12\/aaaaaaafiche-416x647.jpg 416w, https:\/\/legsedition.net\/public\/wp-content\/uploads\/2017\/12\/aaaaaaafiche-400x622.jpg 400w, https:\/\/legsedition.net\/public\/wp-content\/uploads\/2017\/12\/aaaaaaafiche.jpg 486w\" sizes=\"(max-width: 193px) 100vw, 193px\" \/><\/a><\/p>\n<p><em><a href=\"http:\/\/legsedition.net\/public\/insularites\/\" target=\"_blank\" rel=\"noopener\">Insularit\u00e9 (s)<\/a>,<\/em>\u00a02013<\/p>\n<p><a href=\"http:\/\/legsedition.net\/public\/wp-content\/uploads\/2017\/12\/Revue-1.jpg\"><img loading=\"lazy\" decoding=\"async\" class=\"alignnone size-medium wp-image-144\" src=\"http:\/\/legsedition.net\/public\/wp-content\/uploads\/2017\/12\/Revue-1-191x300.jpg\" alt=\"\" width=\"191\" height=\"300\" srcset=\"https:\/\/legsedition.net\/public\/wp-content\/uploads\/2017\/12\/Revue-1-191x300.jpg 191w, https:\/\/legsedition.net\/public\/wp-content\/uploads\/2017\/12\/Revue-1-416x655.jpg 416w, https:\/\/legsedition.net\/public\/wp-content\/uploads\/2017\/12\/Revue-1-400x630.jpg 400w, https:\/\/legsedition.net\/public\/wp-content\/uploads\/2017\/12\/Revue-1.jpg 571w\" sizes=\"(max-width: 191px) 100vw, 191px\" \/><\/a><\/p>\n<p>&nbsp;<\/p>\n<p>&nbsp;<\/p>\n<p>&nbsp;<\/p>\n","protected":false},"excerpt":{"rendered":"<p>W\u00e9bert Charles est dipl\u00f4m\u00e9 en Sciences \u00e9conomiques de l\u2019Universit\u00e9 de Port-\u00adau-\u00adPrince et en \u00c9conomie et Gestion des entreprises d\u2019\u00e9conomie sociale et solidaire de l\u2019Universit\u00e9 Ouaga II du Burkina Faso. D\u00e9tenteur \u00e9galement d\u2019un\u00a0Master I\u00a0en \u00c9conomie des organisations et Gouvernance de l\u2019Universit\u00e9&#8230;<\/p>\n","protected":false},"author":2,"featured_media":0,"parent":0,"menu_order":0,"comment_status":"closed","ping_status":"closed","template":"","meta":{"footnotes":""},"class_list":["post-1468","page","type-page","status-publish","hentry","no-post-thumbnail"],"yoast_head":"<!-- This site is optimized with the Yoast SEO plugin v27.3 - https:\/\/yoast.com\/product\/yoast-seo-wordpress\/ -->\n<title>W\u00e9bert Charles | LEGS &Eacute;DITION<\/title>\n<meta name=\"robots\" content=\"index, follow, max-snippet:-1, max-image-preview:large, max-video-preview:-1\" \/>\n<link rel=\"canonical\" href=\"https:\/\/legsedition.net\/public\/webert-charles\/\" \/>\n<meta property=\"og:locale\" content=\"fr_FR\" \/>\n<meta property=\"og:type\" content=\"article\" \/>\n<meta property=\"og:title\" content=\"W\u00e9bert Charles | LEGS &Eacute;DITION\" \/>\n<meta property=\"og:description\" content=\"W\u00e9bert Charles est dipl\u00f4m\u00e9 en Sciences \u00e9conomiques de l\u2019Universit\u00e9 de Port-\u00adau-\u00adPrince et en \u00c9conomie et Gestion des entreprises d\u2019\u00e9conomie sociale et solidaire de l\u2019Universit\u00e9 Ouaga II du Burkina Faso. D\u00e9tenteur \u00e9galement d\u2019un\u00a0Master I\u00a0en \u00c9conomie des organisations et Gouvernance de l\u2019Universit\u00e9...\" \/>\n<meta property=\"og:url\" content=\"https:\/\/legsedition.net\/public\/webert-charles\/\" \/>\n<meta property=\"og:site_name\" content=\"LEGS &Eacute;DITION\" \/>\n<meta property=\"article:publisher\" content=\"https:\/\/web.facebook.com\/LegsEtLitterature\/\" \/>\n<meta property=\"article:modified_time\" content=\"2023-04-07T20:43:35+00:00\" \/>\n<meta property=\"og:image\" content=\"https:\/\/legsedition.net\/public\/wp-content\/uploads\/2018\/01\/Webert-RFI.jpg\" \/>\n<meta name=\"twitter:card\" content=\"summary_large_image\" \/>\n<meta name=\"twitter:label1\" content=\"Dur\u00e9e de lecture estim\u00e9e\" \/>\n\t<meta name=\"twitter:data1\" content=\"1 minute\" \/>\n<script type=\"application\/ld+json\" class=\"yoast-schema-graph\">{\"@context\":\"https:\\\/\\\/schema.org\",\"@graph\":[{\"@type\":\"WebPage\",\"@id\":\"https:\\\/\\\/legsedition.net\\\/public\\\/webert-charles\\\/\",\"url\":\"https:\\\/\\\/legsedition.net\\\/public\\\/webert-charles\\\/\",\"name\":\"W\u00e9bert Charles | LEGS &Eacute;DITION\",\"isPartOf\":{\"@id\":\"https:\\\/\\\/legsedition.net\\\/public\\\/#website\"},\"primaryImageOfPage\":{\"@id\":\"https:\\\/\\\/legsedition.net\\\/public\\\/webert-charles\\\/#primaryimage\"},\"image\":{\"@id\":\"https:\\\/\\\/legsedition.net\\\/public\\\/webert-charles\\\/#primaryimage\"},\"thumbnailUrl\":\"https:\\\/\\\/legsedition.net\\\/public\\\/wp-content\\\/uploads\\\/2018\\\/01\\\/Webert-RFI.jpg\",\"datePublished\":\"2018-04-17T14:56:13+00:00\",\"dateModified\":\"2023-04-07T20:43:35+00:00\",\"breadcrumb\":{\"@id\":\"https:\\\/\\\/legsedition.net\\\/public\\\/webert-charles\\\/#breadcrumb\"},\"inLanguage\":\"fr-FR\",\"potentialAction\":[{\"@type\":\"ReadAction\",\"target\":[\"https:\\\/\\\/legsedition.net\\\/public\\\/webert-charles\\\/\"]}]},{\"@type\":\"ImageObject\",\"inLanguage\":\"fr-FR\",\"@id\":\"https:\\\/\\\/legsedition.net\\\/public\\\/webert-charles\\\/#primaryimage\",\"url\":\"https:\\\/\\\/legsedition.net\\\/public\\\/wp-content\\\/uploads\\\/2018\\\/01\\\/Webert-RFI.jpg\",\"contentUrl\":\"https:\\\/\\\/legsedition.net\\\/public\\\/wp-content\\\/uploads\\\/2018\\\/01\\\/Webert-RFI.jpg\",\"width\":400,\"height\":400},{\"@type\":\"BreadcrumbList\",\"@id\":\"https:\\\/\\\/legsedition.net\\\/public\\\/webert-charles\\\/#breadcrumb\",\"itemListElement\":[{\"@type\":\"ListItem\",\"position\":1,\"name\":\"Home\",\"item\":\"https:\\\/\\\/legsedition.net\\\/public\\\/\"},{\"@type\":\"ListItem\",\"position\":2,\"name\":\"W\u00e9bert Charles\"}]},{\"@type\":\"WebSite\",\"@id\":\"https:\\\/\\\/legsedition.net\\\/public\\\/#website\",\"url\":\"https:\\\/\\\/legsedition.net\\\/public\\\/\",\"name\":\"LEGS &Eacute;DITION\",\"description\":\"\",\"potentialAction\":[{\"@type\":\"SearchAction\",\"target\":{\"@type\":\"EntryPoint\",\"urlTemplate\":\"https:\\\/\\\/legsedition.net\\\/public\\\/?s={search_term_string}\"},\"query-input\":{\"@type\":\"PropertyValueSpecification\",\"valueRequired\":true,\"valueName\":\"search_term_string\"}}],\"inLanguage\":\"fr-FR\"}]}<\/script>\n<!-- \/ Yoast SEO plugin. -->","yoast_head_json":{"title":"W\u00e9bert Charles | LEGS &Eacute;DITION","robots":{"index":"index","follow":"follow","max-snippet":"max-snippet:-1","max-image-preview":"max-image-preview:large","max-video-preview":"max-video-preview:-1"},"canonical":"https:\/\/legsedition.net\/public\/webert-charles\/","og_locale":"fr_FR","og_type":"article","og_title":"W\u00e9bert Charles | LEGS &Eacute;DITION","og_description":"W\u00e9bert Charles est dipl\u00f4m\u00e9 en Sciences \u00e9conomiques de l\u2019Universit\u00e9 de Port-\u00adau-\u00adPrince et en \u00c9conomie et Gestion des entreprises d\u2019\u00e9conomie sociale et solidaire de l\u2019Universit\u00e9 Ouaga II du Burkina Faso. D\u00e9tenteur \u00e9galement d\u2019un\u00a0Master I\u00a0en \u00c9conomie des organisations et Gouvernance de l\u2019Universit\u00e9...","og_url":"https:\/\/legsedition.net\/public\/webert-charles\/","og_site_name":"LEGS &Eacute;DITION","article_publisher":"https:\/\/web.facebook.com\/LegsEtLitterature\/","article_modified_time":"2023-04-07T20:43:35+00:00","og_image":[{"url":"https:\/\/legsedition.net\/public\/wp-content\/uploads\/2018\/01\/Webert-RFI.jpg","type":"","width":"","height":""}],"twitter_card":"summary_large_image","twitter_misc":{"Dur\u00e9e de lecture estim\u00e9e":"1 minute"},"schema":{"@context":"https:\/\/schema.org","@graph":[{"@type":"WebPage","@id":"https:\/\/legsedition.net\/public\/webert-charles\/","url":"https:\/\/legsedition.net\/public\/webert-charles\/","name":"W\u00e9bert Charles | LEGS &Eacute;DITION","isPartOf":{"@id":"https:\/\/legsedition.net\/public\/#website"},"primaryImageOfPage":{"@id":"https:\/\/legsedition.net\/public\/webert-charles\/#primaryimage"},"image":{"@id":"https:\/\/legsedition.net\/public\/webert-charles\/#primaryimage"},"thumbnailUrl":"https:\/\/legsedition.net\/public\/wp-content\/uploads\/2018\/01\/Webert-RFI.jpg","datePublished":"2018-04-17T14:56:13+00:00","dateModified":"2023-04-07T20:43:35+00:00","breadcrumb":{"@id":"https:\/\/legsedition.net\/public\/webert-charles\/#breadcrumb"},"inLanguage":"fr-FR","potentialAction":[{"@type":"ReadAction","target":["https:\/\/legsedition.net\/public\/webert-charles\/"]}]},{"@type":"ImageObject","inLanguage":"fr-FR","@id":"https:\/\/legsedition.net\/public\/webert-charles\/#primaryimage","url":"https:\/\/legsedition.net\/public\/wp-content\/uploads\/2018\/01\/Webert-RFI.jpg","contentUrl":"https:\/\/legsedition.net\/public\/wp-content\/uploads\/2018\/01\/Webert-RFI.jpg","width":400,"height":400},{"@type":"BreadcrumbList","@id":"https:\/\/legsedition.net\/public\/webert-charles\/#breadcrumb","itemListElement":[{"@type":"ListItem","position":1,"name":"Home","item":"https:\/\/legsedition.net\/public\/"},{"@type":"ListItem","position":2,"name":"W\u00e9bert Charles"}]},{"@type":"WebSite","@id":"https:\/\/legsedition.net\/public\/#website","url":"https:\/\/legsedition.net\/public\/","name":"LEGS &Eacute;DITION","description":"","potentialAction":[{"@type":"SearchAction","target":{"@type":"EntryPoint","urlTemplate":"https:\/\/legsedition.net\/public\/?s={search_term_string}"},"query-input":{"@type":"PropertyValueSpecification","valueRequired":true,"valueName":"search_term_string"}}],"inLanguage":"fr-FR"}]}},"_links":{"self":[{"href":"https:\/\/legsedition.net\/public\/wp-json\/wp\/v2\/pages\/1468","targetHints":{"allow":["GET"]}}],"collection":[{"href":"https:\/\/legsedition.net\/public\/wp-json\/wp\/v2\/pages"}],"about":[{"href":"https:\/\/legsedition.net\/public\/wp-json\/wp\/v2\/types\/page"}],"author":[{"embeddable":true,"href":"https:\/\/legsedition.net\/public\/wp-json\/wp\/v2\/users\/2"}],"replies":[{"embeddable":true,"href":"https:\/\/legsedition.net\/public\/wp-json\/wp\/v2\/comments?post=1468"}],"version-history":[{"count":8,"href":"https:\/\/legsedition.net\/public\/wp-json\/wp\/v2\/pages\/1468\/revisions"}],"predecessor-version":[{"id":5508,"href":"https:\/\/legsedition.net\/public\/wp-json\/wp\/v2\/pages\/1468\/revisions\/5508"}],"wp:attachment":[{"href":"https:\/\/legsedition.net\/public\/wp-json\/wp\/v2\/media?parent=1468"}],"curies":[{"name":"wp","href":"https:\/\/api.w.org\/{rel}","templated":true}]}}