{"id":1470,"date":"2018-04-17T14:58:27","date_gmt":"2018-04-17T14:58:27","guid":{"rendered":"http:\/\/legsedition.net\/public\/?page_id=1470"},"modified":"2025-04-10T08:00:15","modified_gmt":"2025-04-10T08:00:15","slug":"sybille-claude","status":"publish","type":"page","link":"https:\/\/legsedition.net\/public\/sybille-claude\/","title":{"rendered":"Sybille Claude"},"content":{"rendered":"<figure id=\"attachment_1415\" aria-describedby=\"caption-attachment-1415\" style=\"width: 327px\" class=\"wp-caption alignleft\"><a href=\"http:\/\/legsedition.net\/public\/wp-content\/uploads\/2018\/04\/sybi.jpg\"><img fetchpriority=\"high\" decoding=\"async\" class=\"wp-image-1415 \" src=\"https:\/\/legsedition.net\/public\/wp-content\/uploads\/2018\/04\/sybi.jpg\" alt=\"\" width=\"327\" height=\"218\" srcset=\"https:\/\/legsedition.net\/public\/wp-content\/uploads\/2018\/04\/sybi.jpg 1024w, https:\/\/legsedition.net\/public\/wp-content\/uploads\/2018\/04\/sybi-600x400.jpg 600w, https:\/\/legsedition.net\/public\/wp-content\/uploads\/2018\/04\/sybi-300x200.jpg 300w, https:\/\/legsedition.net\/public\/wp-content\/uploads\/2018\/04\/sybi-768x512.jpg 768w, https:\/\/legsedition.net\/public\/wp-content\/uploads\/2018\/04\/sybi-240x160.jpg 240w, https:\/\/legsedition.net\/public\/wp-content\/uploads\/2018\/04\/sybi-272x182.jpg 272w\" sizes=\"(max-width: 327px) 100vw, 327px\" \/><\/a><figcaption id=\"caption-attachment-1415\" class=\"wp-caption-text\">\u00a9 Ruben Charles<\/figcaption><\/figure>\n<p>Sybille Claude est n\u00e9e le 29 mars 1990 \u00a0\u00e0 Delmas, Ha\u00efti. Ses \u00e9tudes secondaires termin\u00e9es, elle \u00e9tudie la Linguistique \u00e0 la facult\u00e9 de Linguistique appliqu\u00e9e de l\u2019Universit\u00e9 d\u2019\u00c9tat d\u2019Ha\u00efti. Passionn\u00e9e de lettres, elle travaille comme enseignante aux Cours priv\u00e9s Edm\u00e9 \u00e0 P\u00e9tion-Ville.<\/p>\n<p>En 2017, para\u00eet dans notre collection Textes courts, son premier roman,\u00a0<em>Le chant des blessures.<\/em>\u00a0Inspir\u00e9 d&rsquo;une histoire vraie, l&rsquo;Op\u00e9ration Bagdad en Ha\u00efti, [sc\u00e8nes\u00a0d&rsquo;\u00e9meutes et de violences qui ont suivi le d\u00e9part pour l&rsquo;exil du pr\u00e9sident Jean-Bertrand Aristide en 2004], le roman est une v\u00e9ritable \u00e9pop\u00e9e d\u2019une famille en temps d\u2019incertitude.<\/p>\n<p>Salu\u00e9 par la critique, le livre a\u00a0figur\u00e9 dans la s\u00e9lection de <em>WomenList<\/em> 2018 dans le cadre du soixante-neuvi\u00e8me salon du livre de Francfort initi\u00e9e par l\u2019Alliance internationale des \u00e9diteurs ind\u00e9pendants, gr\u00e2ce \u00e0 un partenariat avec le\u00a0<a class=\"spip_out external\" title=\"Kurt Wolff Stiftung (nouvelle fen\u00eatre)\" href=\"http:\/\/www.kurt-wolff-stiftung.de\/\" target=\"_blank\" rel=\"external noopener\">Kurt Wolff Stiftung<\/a>\u00a0(collectif d\u2019\u00e9diteurs ind\u00e9pendants allemands) et la\u00a0<a class=\"spip_out external\" title=\"Foire du livre de Francfort (nouvelle fen\u00eatre)\" href=\"https:\/\/www.buchmesse.de\/en\" target=\"_blank\" rel=\"external noopener\">Foire du livre de Francfort<\/a>.\u00a0 [<a href=\"http:\/\/ile-en-ile.org\/claude\/\" target=\"_blank\" rel=\"noopener\">Voir la page de pr\u00e9sentation de Sybille Claude sur \u00cele en \u00cele<\/a>]<\/p>\n<p><strong>Publications chez LEGS \u00c9DITION<\/strong><\/p>\n<div><\/div>\n<div><a href=\"https:\/\/legsedition.net\/public\/2023\/09\/28\/indecences\/\" target=\"_blank\" rel=\"noopener\"><i>Ind\u00e9cences<\/i><\/a><em>,\u00a0<\/em>2023\u00a0(Textes r\u00e9unis et pr\u00e9sent\u00e9s par Dieulermesson Petit Fr\u00e8re)<\/div>\n<div><\/div>\n<div><a href=\"https:\/\/legsedition.net\/public\/wp-content\/uploads\/2023\/09\/Cover_indecences.png\"><img decoding=\"async\" class=\"alignnone wp-image-6017 \" src=\"https:\/\/legsedition.net\/public\/wp-content\/uploads\/2023\/09\/Cover_indecences.png\" alt=\"\" width=\"181\" height=\"338\" srcset=\"https:\/\/legsedition.net\/public\/wp-content\/uploads\/2023\/09\/Cover_indecences.png 260w, https:\/\/legsedition.net\/public\/wp-content\/uploads\/2023\/09\/Cover_indecences-160x300.png 160w, https:\/\/legsedition.net\/public\/wp-content\/uploads\/2023\/09\/Cover_indecences-86x160.png 86w\" sizes=\"(max-width: 181px) 100vw, 181px\" \/><\/a><\/div>\n<div><\/div>\n<div><\/div>\n<div><a href=\"https:\/\/legsedition.net\/public\/litterature-et-politique-legs-et-litterature-no-14-vol\/\" target=\"_blank\" rel=\"noopener\">Litt\u00e9rature et Politique. Legs et Litt\u00e9rature<\/a>\u00a014, vol. 2<\/div>\n<div><\/div>\n<div><a href=\"https:\/\/legsedition.net\/public\/wp-content\/uploads\/2019\/11\/Cover_legs_14_vol_2.png\"><img decoding=\"async\" class=\"alignnone wp-image-3223 \" src=\"https:\/\/legsedition.net\/public\/wp-content\/uploads\/2019\/11\/Cover_legs_14_vol_2.png\" alt=\"\" width=\"180\" height=\"267\" srcset=\"https:\/\/legsedition.net\/public\/wp-content\/uploads\/2019\/11\/Cover_legs_14_vol_2.png 412w, https:\/\/legsedition.net\/public\/wp-content\/uploads\/2019\/11\/Cover_legs_14_vol_2-202x300.png 202w, https:\/\/legsedition.net\/public\/wp-content\/uploads\/2019\/11\/Cover_legs_14_vol_2-405x600.png 405w, https:\/\/legsedition.net\/public\/wp-content\/uploads\/2019\/11\/Cover_legs_14_vol_2-108x160.png 108w\" sizes=\"(max-width: 180px) 100vw, 180px\" \/><\/a><\/div>\n<div><\/div>\n<p><em><a href=\"http:\/\/legsedition.net\/public\/des-hommes-et-des-ombres\/\" target=\"_blank\" rel=\"noopener\">\u2026des hommes et des ombres<\/a>,\u00a0<\/em>2018<\/p>\n<p><a href=\"https:\/\/legsedition.net\/public\/wp-content\/uploads\/2019\/06\/cover_1_le_pere.png\"><img loading=\"lazy\" decoding=\"async\" class=\"alignnone wp-image-2890 \" src=\"https:\/\/legsedition.net\/public\/wp-content\/uploads\/2019\/06\/cover_1_le_pere.png\" alt=\"\" width=\"161\" height=\"315\" srcset=\"https:\/\/legsedition.net\/public\/wp-content\/uploads\/2019\/06\/cover_1_le_pere.png 249w, https:\/\/legsedition.net\/public\/wp-content\/uploads\/2019\/06\/cover_1_le_pere-154x300.png 154w, https:\/\/legsedition.net\/public\/wp-content\/uploads\/2019\/06\/cover_1_le_pere-82x160.png 82w\" sizes=\"(max-width: 161px) 100vw, 161px\" \/><\/a><\/p>\n<p><em><a href=\"http:\/\/legsedition.net\/public\/le-chant-des-blessures\/\" target=\"_blank\" rel=\"noopener\">Le chant des blessures<\/a>,\u00a0<\/em>2017 (<a href=\"https:\/\/www.alliance-editeurs.org\/IMG\/pdf\/womenlist-catalogue-2.pdf\" target=\"_blank\" rel=\"noopener\">S\u00e9lection WomenList FBF 2018<\/a>)<\/p>\n<p><a href=\"http:\/\/legsedition.net\/public\/wp-content\/uploads\/2018\/02\/cover_sybille_1.png\"><img loading=\"lazy\" decoding=\"async\" class=\"size-medium wp-image-1309 alignleft\" src=\"http:\/\/legsedition.net\/public\/wp-content\/uploads\/2018\/02\/cover_sybille_1-156x300.png\" alt=\"\" width=\"156\" height=\"300\" srcset=\"https:\/\/legsedition.net\/public\/wp-content\/uploads\/2018\/02\/cover_sybille_1-156x300.png 156w, https:\/\/legsedition.net\/public\/wp-content\/uploads\/2018\/02\/cover_sybille_1-83x160.png 83w, https:\/\/legsedition.net\/public\/wp-content\/uploads\/2018\/02\/cover_sybille_1.png 267w\" sizes=\"(max-width: 156px) 100vw, 156px\" \/><\/a><\/p>\n<h4><\/h4>\n<h4><\/h4>\n<h4><\/h4>\n<h4><\/h4>\n<h4><\/h4>\n<h4><\/h4>\n<h4><\/h4>\n","protected":false},"excerpt":{"rendered":"<p>Sybille Claude est n\u00e9e le 29 mars 1990 \u00a0\u00e0 Delmas, Ha\u00efti. Ses \u00e9tudes secondaires termin\u00e9es, elle \u00e9tudie la Linguistique \u00e0 la facult\u00e9 de Linguistique appliqu\u00e9e de l\u2019Universit\u00e9 d\u2019\u00c9tat d\u2019Ha\u00efti. Passionn\u00e9e de lettres, elle travaille comme enseignante aux Cours priv\u00e9s Edm\u00e9&#8230;<\/p>\n","protected":false},"author":2,"featured_media":0,"parent":0,"menu_order":0,"comment_status":"closed","ping_status":"closed","template":"","meta":{"footnotes":""},"class_list":["post-1470","page","type-page","status-publish","hentry","no-post-thumbnail"],"yoast_head":"<!-- This site is optimized with the Yoast SEO plugin v27.3 - https:\/\/yoast.com\/product\/yoast-seo-wordpress\/ -->\n<title>Sybille Claude | LEGS &Eacute;DITION<\/title>\n<meta name=\"robots\" content=\"index, follow, max-snippet:-1, max-image-preview:large, max-video-preview:-1\" \/>\n<link rel=\"canonical\" href=\"https:\/\/legsedition.net\/public\/sybille-claude\/\" \/>\n<meta property=\"og:locale\" content=\"fr_FR\" \/>\n<meta property=\"og:type\" content=\"article\" \/>\n<meta property=\"og:title\" content=\"Sybille Claude | LEGS &Eacute;DITION\" \/>\n<meta property=\"og:description\" content=\"Sybille Claude est n\u00e9e le 29 mars 1990 \u00a0\u00e0 Delmas, Ha\u00efti. Ses \u00e9tudes secondaires termin\u00e9es, elle \u00e9tudie la Linguistique \u00e0 la facult\u00e9 de Linguistique appliqu\u00e9e de l\u2019Universit\u00e9 d\u2019\u00c9tat d\u2019Ha\u00efti. Passionn\u00e9e de lettres, elle travaille comme enseignante aux Cours priv\u00e9s Edm\u00e9...\" \/>\n<meta property=\"og:url\" content=\"https:\/\/legsedition.net\/public\/sybille-claude\/\" \/>\n<meta property=\"og:site_name\" content=\"LEGS &Eacute;DITION\" \/>\n<meta property=\"article:publisher\" content=\"https:\/\/web.facebook.com\/LegsEtLitterature\/\" \/>\n<meta property=\"article:modified_time\" content=\"2025-04-10T08:00:15+00:00\" \/>\n<meta property=\"og:image\" content=\"https:\/\/legsedition.net\/public\/wp-content\/uploads\/2018\/04\/sybi.jpg\" \/>\n\t<meta property=\"og:image:width\" content=\"1024\" \/>\n\t<meta property=\"og:image:height\" content=\"683\" \/>\n\t<meta property=\"og:image:type\" content=\"image\/jpeg\" \/>\n<meta name=\"twitter:card\" content=\"summary_large_image\" \/>\n<meta name=\"twitter:label1\" content=\"Dur\u00e9e de lecture estim\u00e9e\" \/>\n\t<meta name=\"twitter:data1\" content=\"3 minutes\" \/>\n<script type=\"application\/ld+json\" class=\"yoast-schema-graph\">{\"@context\":\"https:\\\/\\\/schema.org\",\"@graph\":[{\"@type\":\"WebPage\",\"@id\":\"https:\\\/\\\/legsedition.net\\\/public\\\/sybille-claude\\\/\",\"url\":\"https:\\\/\\\/legsedition.net\\\/public\\\/sybille-claude\\\/\",\"name\":\"Sybille Claude | LEGS &Eacute;DITION\",\"isPartOf\":{\"@id\":\"https:\\\/\\\/legsedition.net\\\/public\\\/#website\"},\"primaryImageOfPage\":{\"@id\":\"https:\\\/\\\/legsedition.net\\\/public\\\/sybille-claude\\\/#primaryimage\"},\"image\":{\"@id\":\"https:\\\/\\\/legsedition.net\\\/public\\\/sybille-claude\\\/#primaryimage\"},\"thumbnailUrl\":\"https:\\\/\\\/legsedition.net\\\/public\\\/wp-content\\\/uploads\\\/2018\\\/04\\\/sybi.jpg\",\"datePublished\":\"2018-04-17T14:58:27+00:00\",\"dateModified\":\"2025-04-10T08:00:15+00:00\",\"breadcrumb\":{\"@id\":\"https:\\\/\\\/legsedition.net\\\/public\\\/sybille-claude\\\/#breadcrumb\"},\"inLanguage\":\"fr-FR\",\"potentialAction\":[{\"@type\":\"ReadAction\",\"target\":[\"https:\\\/\\\/legsedition.net\\\/public\\\/sybille-claude\\\/\"]}]},{\"@type\":\"ImageObject\",\"inLanguage\":\"fr-FR\",\"@id\":\"https:\\\/\\\/legsedition.net\\\/public\\\/sybille-claude\\\/#primaryimage\",\"url\":\"https:\\\/\\\/legsedition.net\\\/public\\\/wp-content\\\/uploads\\\/2018\\\/04\\\/sybi.jpg\",\"contentUrl\":\"https:\\\/\\\/legsedition.net\\\/public\\\/wp-content\\\/uploads\\\/2018\\\/04\\\/sybi.jpg\",\"width\":1024,\"height\":683},{\"@type\":\"BreadcrumbList\",\"@id\":\"https:\\\/\\\/legsedition.net\\\/public\\\/sybille-claude\\\/#breadcrumb\",\"itemListElement\":[{\"@type\":\"ListItem\",\"position\":1,\"name\":\"Home\",\"item\":\"https:\\\/\\\/legsedition.net\\\/public\\\/\"},{\"@type\":\"ListItem\",\"position\":2,\"name\":\"Sybille Claude\"}]},{\"@type\":\"WebSite\",\"@id\":\"https:\\\/\\\/legsedition.net\\\/public\\\/#website\",\"url\":\"https:\\\/\\\/legsedition.net\\\/public\\\/\",\"name\":\"LEGS &Eacute;DITION\",\"description\":\"\",\"potentialAction\":[{\"@type\":\"SearchAction\",\"target\":{\"@type\":\"EntryPoint\",\"urlTemplate\":\"https:\\\/\\\/legsedition.net\\\/public\\\/?s={search_term_string}\"},\"query-input\":{\"@type\":\"PropertyValueSpecification\",\"valueRequired\":true,\"valueName\":\"search_term_string\"}}],\"inLanguage\":\"fr-FR\"}]}<\/script>\n<!-- \/ Yoast SEO plugin. -->","yoast_head_json":{"title":"Sybille Claude | LEGS &Eacute;DITION","robots":{"index":"index","follow":"follow","max-snippet":"max-snippet:-1","max-image-preview":"max-image-preview:large","max-video-preview":"max-video-preview:-1"},"canonical":"https:\/\/legsedition.net\/public\/sybille-claude\/","og_locale":"fr_FR","og_type":"article","og_title":"Sybille Claude | LEGS &Eacute;DITION","og_description":"Sybille Claude est n\u00e9e le 29 mars 1990 \u00a0\u00e0 Delmas, Ha\u00efti. Ses \u00e9tudes secondaires termin\u00e9es, elle \u00e9tudie la Linguistique \u00e0 la facult\u00e9 de Linguistique appliqu\u00e9e de l\u2019Universit\u00e9 d\u2019\u00c9tat d\u2019Ha\u00efti. Passionn\u00e9e de lettres, elle travaille comme enseignante aux Cours priv\u00e9s Edm\u00e9...","og_url":"https:\/\/legsedition.net\/public\/sybille-claude\/","og_site_name":"LEGS &Eacute;DITION","article_publisher":"https:\/\/web.facebook.com\/LegsEtLitterature\/","article_modified_time":"2025-04-10T08:00:15+00:00","og_image":[{"width":1024,"height":683,"url":"https:\/\/legsedition.net\/public\/wp-content\/uploads\/2018\/04\/sybi.jpg","type":"image\/jpeg"}],"twitter_card":"summary_large_image","twitter_misc":{"Dur\u00e9e de lecture estim\u00e9e":"3 minutes"},"schema":{"@context":"https:\/\/schema.org","@graph":[{"@type":"WebPage","@id":"https:\/\/legsedition.net\/public\/sybille-claude\/","url":"https:\/\/legsedition.net\/public\/sybille-claude\/","name":"Sybille Claude | LEGS &Eacute;DITION","isPartOf":{"@id":"https:\/\/legsedition.net\/public\/#website"},"primaryImageOfPage":{"@id":"https:\/\/legsedition.net\/public\/sybille-claude\/#primaryimage"},"image":{"@id":"https:\/\/legsedition.net\/public\/sybille-claude\/#primaryimage"},"thumbnailUrl":"https:\/\/legsedition.net\/public\/wp-content\/uploads\/2018\/04\/sybi.jpg","datePublished":"2018-04-17T14:58:27+00:00","dateModified":"2025-04-10T08:00:15+00:00","breadcrumb":{"@id":"https:\/\/legsedition.net\/public\/sybille-claude\/#breadcrumb"},"inLanguage":"fr-FR","potentialAction":[{"@type":"ReadAction","target":["https:\/\/legsedition.net\/public\/sybille-claude\/"]}]},{"@type":"ImageObject","inLanguage":"fr-FR","@id":"https:\/\/legsedition.net\/public\/sybille-claude\/#primaryimage","url":"https:\/\/legsedition.net\/public\/wp-content\/uploads\/2018\/04\/sybi.jpg","contentUrl":"https:\/\/legsedition.net\/public\/wp-content\/uploads\/2018\/04\/sybi.jpg","width":1024,"height":683},{"@type":"BreadcrumbList","@id":"https:\/\/legsedition.net\/public\/sybille-claude\/#breadcrumb","itemListElement":[{"@type":"ListItem","position":1,"name":"Home","item":"https:\/\/legsedition.net\/public\/"},{"@type":"ListItem","position":2,"name":"Sybille Claude"}]},{"@type":"WebSite","@id":"https:\/\/legsedition.net\/public\/#website","url":"https:\/\/legsedition.net\/public\/","name":"LEGS &Eacute;DITION","description":"","potentialAction":[{"@type":"SearchAction","target":{"@type":"EntryPoint","urlTemplate":"https:\/\/legsedition.net\/public\/?s={search_term_string}"},"query-input":{"@type":"PropertyValueSpecification","valueRequired":true,"valueName":"search_term_string"}}],"inLanguage":"fr-FR"}]}},"_links":{"self":[{"href":"https:\/\/legsedition.net\/public\/wp-json\/wp\/v2\/pages\/1470","targetHints":{"allow":["GET"]}}],"collection":[{"href":"https:\/\/legsedition.net\/public\/wp-json\/wp\/v2\/pages"}],"about":[{"href":"https:\/\/legsedition.net\/public\/wp-json\/wp\/v2\/types\/page"}],"author":[{"embeddable":true,"href":"https:\/\/legsedition.net\/public\/wp-json\/wp\/v2\/users\/2"}],"replies":[{"embeddable":true,"href":"https:\/\/legsedition.net\/public\/wp-json\/wp\/v2\/comments?post=1470"}],"version-history":[{"count":28,"href":"https:\/\/legsedition.net\/public\/wp-json\/wp\/v2\/pages\/1470\/revisions"}],"predecessor-version":[{"id":8592,"href":"https:\/\/legsedition.net\/public\/wp-json\/wp\/v2\/pages\/1470\/revisions\/8592"}],"wp:attachment":[{"href":"https:\/\/legsedition.net\/public\/wp-json\/wp\/v2\/media?parent=1470"}],"curies":[{"name":"wp","href":"https:\/\/api.w.org\/{rel}","templated":true}]}}