{"id":1472,"date":"2018-04-17T15:01:57","date_gmt":"2018-04-17T15:01:57","guid":{"rendered":"http:\/\/legsedition.net\/public\/?page_id=1472"},"modified":"2024-08-19T16:59:19","modified_gmt":"2024-08-19T16:59:19","slug":"louis-philippe-dalembert","status":"publish","type":"page","link":"https:\/\/legsedition.net\/public\/louis-philippe-dalembert\/","title":{"rendered":"Louis-Philippe Dalembert"},"content":{"rendered":"<figure id=\"attachment_1365\" aria-describedby=\"caption-attachment-1365\" style=\"width: 232px\" class=\"wp-caption alignleft\"><a href=\"http:\/\/legsedition.net\/public\/wp-content\/uploads\/2018\/04\/LP-Dalembert-\u00a9-G\u00e9rald-Bloncourt.jpg\"><img fetchpriority=\"high\" decoding=\"async\" class=\"wp-image-1365 size-full\" src=\"https:\/\/legsedition.net\/public\/wp-content\/uploads\/2018\/04\/LP-Dalembert-\u00a9-G\u00e9rald-Bloncourt.jpg\" alt=\"\" width=\"232\" height=\"319\" srcset=\"https:\/\/legsedition.net\/public\/wp-content\/uploads\/2018\/04\/LP-Dalembert-\u00a9-G\u00e9rald-Bloncourt.jpg 232w, https:\/\/legsedition.net\/public\/wp-content\/uploads\/2018\/04\/LP-Dalembert-\u00a9-G\u00e9rald-Bloncourt-218x300.jpg 218w, https:\/\/legsedition.net\/public\/wp-content\/uploads\/2018\/04\/LP-Dalembert-\u00a9-G\u00e9rald-Bloncourt-116x160.jpg 116w\" sizes=\"(max-width: 232px) 100vw, 232px\" \/><\/a><figcaption id=\"caption-attachment-1365\" class=\"wp-caption-text\">\u00a9 G\u00e9rald Bloncourt<\/figcaption><\/figure>\n<p>Louis-Philippe Dalembert est n\u00e9 \u00e0 Port-au-Prince le 8 d\u00e9cembre 1962. Ancien \u00e9l\u00e8ve de l&rsquo;\u00c9cole normale sup\u00e9rieure, il d\u00e9tient un dipl\u00f4me en journalisme de l&rsquo;\u00c9cole sup\u00e9rieure de journalisme de Paris et un doctorat en litt\u00e9rature com-par\u00e9e de l&rsquo;Universit\u00e9 Paris III Sorbonne-Nouvelle. Globe-trotteur, ancien pensionnaire de la Villa Medicis \u00e0 Rome, il s\u00e9journe \u00e0 J\u00e9rusalem, voyage en Isra\u00ebl, en Palestine, en \u00c9gypte et en Jordanie. Laur\u00e9at du prix Casa de las Americas pour <em>Les dieux voyagent la nuit<\/em> en 2008 et du prix Thyde Monnier de la Soci\u00e9t\u00e9 des Gens de Lettres pour <em>Ballade d&rsquo;un amour inachev\u00e9<\/em> en 2013, il a re\u00e7u le prix du livre France Bleu\/Page des libraires et le prix Orange pour son dernier roman <em>Avant que les ombres s&rsquo;effacent<\/em> paru en 2017 chez Sabine Wespieser.<\/p>\n<p>[<a href=\"http:\/\/ile-en-ile.org\/dalembert\/\" target=\"_blank\" rel=\"noopener\">Voir la page de pr\u00e9sentation de Louis-Philippe Dalembert sur \u00cele en \u00cele<\/a>]<\/p>\n<p>&nbsp;<\/p>\n<p><strong>Publications chez LEGS \u00c9DITION<\/strong><\/p>\n<p><em><a href=\"http:\/\/legsedition.net\/public\/des-hommes-et-des-ombres\/\" target=\"_blank\" rel=\"noopener\">&#8230;des hommes et des ombres<\/a>,\u00a0<\/em>2018<\/p>\n<p><a href=\"http:\/\/legsedition.net\/public\/wp-content\/uploads\/2018\/08\/cover_1_le_pere.png\"><img decoding=\"async\" class=\"alignnone size-medium wp-image-1967\" src=\"http:\/\/legsedition.net\/public\/wp-content\/uploads\/2018\/08\/cover_1_le_pere-154x300.png\" alt=\"\" width=\"154\" height=\"300\" srcset=\"https:\/\/legsedition.net\/public\/wp-content\/uploads\/2018\/08\/cover_1_le_pere-154x300.png 154w, https:\/\/legsedition.net\/public\/wp-content\/uploads\/2018\/08\/cover_1_le_pere-82x160.png 82w, https:\/\/legsedition.net\/public\/wp-content\/uploads\/2018\/08\/cover_1_le_pere.png 249w\" sizes=\"(max-width: 154px) 100vw, 154px\" \/><\/a><\/p>\n<p><em><a href=\"https:\/\/wp.me\/p9BqHx-l2\" target=\"_blank\" rel=\"noopener\">Les Bas-Fonds de la m\u00e9moire<\/a>,\u00a0<\/em>2018<\/p>\n<p><a href=\"http:\/\/legsedition.net\/public\/wp-content\/uploads\/2018\/02\/cover_1_les_bas_fonds_lpd_.png\"><img decoding=\"async\" class=\"size-medium wp-image-1329 alignleft\" src=\"http:\/\/legsedition.net\/public\/wp-content\/uploads\/2018\/02\/cover_1_les_bas_fonds_lpd_-192x300.png\" alt=\"\" width=\"192\" height=\"300\" srcset=\"https:\/\/legsedition.net\/public\/wp-content\/uploads\/2018\/02\/cover_1_les_bas_fonds_lpd_-192x300.png 192w, https:\/\/legsedition.net\/public\/wp-content\/uploads\/2018\/02\/cover_1_les_bas_fonds_lpd_-102x160.png 102w, https:\/\/legsedition.net\/public\/wp-content\/uploads\/2018\/02\/cover_1_les_bas_fonds_lpd_.png 322w\" sizes=\"(max-width: 192px) 100vw, 192px\" \/><\/a><\/p>\n","protected":false},"excerpt":{"rendered":"<p>Louis-Philippe Dalembert est n\u00e9 \u00e0 Port-au-Prince le 8 d\u00e9cembre 1962. Ancien \u00e9l\u00e8ve de l&rsquo;\u00c9cole normale sup\u00e9rieure, il d\u00e9tient un dipl\u00f4me en journalisme de l&rsquo;\u00c9cole sup\u00e9rieure de journalisme de Paris et un doctorat en litt\u00e9rature com-par\u00e9e de l&rsquo;Universit\u00e9 Paris III Sorbonne-Nouvelle&#8230;.<\/p>\n","protected":false},"author":2,"featured_media":0,"parent":0,"menu_order":0,"comment_status":"closed","ping_status":"closed","template":"","meta":{"footnotes":""},"class_list":["post-1472","page","type-page","status-publish","hentry","no-post-thumbnail"],"yoast_head":"<!-- This site is optimized with the Yoast SEO plugin v27.3 - https:\/\/yoast.com\/product\/yoast-seo-wordpress\/ -->\n<title>Louis-Philippe Dalembert | LEGS &Eacute;DITION<\/title>\n<meta name=\"robots\" content=\"index, follow, max-snippet:-1, max-image-preview:large, max-video-preview:-1\" \/>\n<link rel=\"canonical\" href=\"https:\/\/legsedition.net\/public\/louis-philippe-dalembert\/\" \/>\n<meta property=\"og:locale\" content=\"fr_FR\" \/>\n<meta property=\"og:type\" content=\"article\" \/>\n<meta property=\"og:title\" content=\"Louis-Philippe Dalembert | LEGS &Eacute;DITION\" \/>\n<meta property=\"og:description\" content=\"Louis-Philippe Dalembert est n\u00e9 \u00e0 Port-au-Prince le 8 d\u00e9cembre 1962. Ancien \u00e9l\u00e8ve de l&rsquo;\u00c9cole normale sup\u00e9rieure, il d\u00e9tient un dipl\u00f4me en journalisme de l&rsquo;\u00c9cole sup\u00e9rieure de journalisme de Paris et un doctorat en litt\u00e9rature com-par\u00e9e de l&rsquo;Universit\u00e9 Paris III Sorbonne-Nouvelle....\" \/>\n<meta property=\"og:url\" content=\"https:\/\/legsedition.net\/public\/louis-philippe-dalembert\/\" \/>\n<meta property=\"og:site_name\" content=\"LEGS &Eacute;DITION\" \/>\n<meta property=\"article:publisher\" content=\"https:\/\/web.facebook.com\/LegsEtLitterature\/\" \/>\n<meta property=\"article:modified_time\" content=\"2024-08-19T16:59:19+00:00\" \/>\n<meta property=\"og:image\" content=\"http:\/\/legsedition.net\/public\/wp-content\/uploads\/2018\/08\/cover_1_le_pere-154x300.png\" \/>\n<meta name=\"twitter:card\" content=\"summary_large_image\" \/>\n<meta name=\"twitter:label1\" content=\"Dur\u00e9e de lecture estim\u00e9e\" \/>\n\t<meta name=\"twitter:data1\" content=\"1 minute\" \/>\n<script type=\"application\/ld+json\" class=\"yoast-schema-graph\">{\"@context\":\"https:\\\/\\\/schema.org\",\"@graph\":[{\"@type\":\"WebPage\",\"@id\":\"https:\\\/\\\/legsedition.net\\\/public\\\/louis-philippe-dalembert\\\/\",\"url\":\"https:\\\/\\\/legsedition.net\\\/public\\\/louis-philippe-dalembert\\\/\",\"name\":\"Louis-Philippe Dalembert | LEGS &Eacute;DITION\",\"isPartOf\":{\"@id\":\"https:\\\/\\\/legsedition.net\\\/public\\\/#website\"},\"primaryImageOfPage\":{\"@id\":\"https:\\\/\\\/legsedition.net\\\/public\\\/louis-philippe-dalembert\\\/#primaryimage\"},\"image\":{\"@id\":\"https:\\\/\\\/legsedition.net\\\/public\\\/louis-philippe-dalembert\\\/#primaryimage\"},\"thumbnailUrl\":\"http:\\\/\\\/legsedition.net\\\/public\\\/wp-content\\\/uploads\\\/2018\\\/08\\\/cover_1_le_pere-154x300.png\",\"datePublished\":\"2018-04-17T15:01:57+00:00\",\"dateModified\":\"2024-08-19T16:59:19+00:00\",\"breadcrumb\":{\"@id\":\"https:\\\/\\\/legsedition.net\\\/public\\\/louis-philippe-dalembert\\\/#breadcrumb\"},\"inLanguage\":\"fr-FR\",\"potentialAction\":[{\"@type\":\"ReadAction\",\"target\":[\"https:\\\/\\\/legsedition.net\\\/public\\\/louis-philippe-dalembert\\\/\"]}]},{\"@type\":\"ImageObject\",\"inLanguage\":\"fr-FR\",\"@id\":\"https:\\\/\\\/legsedition.net\\\/public\\\/louis-philippe-dalembert\\\/#primaryimage\",\"url\":\"http:\\\/\\\/legsedition.net\\\/public\\\/wp-content\\\/uploads\\\/2018\\\/08\\\/cover_1_le_pere-154x300.png\",\"contentUrl\":\"http:\\\/\\\/legsedition.net\\\/public\\\/wp-content\\\/uploads\\\/2018\\\/08\\\/cover_1_le_pere-154x300.png\"},{\"@type\":\"BreadcrumbList\",\"@id\":\"https:\\\/\\\/legsedition.net\\\/public\\\/louis-philippe-dalembert\\\/#breadcrumb\",\"itemListElement\":[{\"@type\":\"ListItem\",\"position\":1,\"name\":\"Home\",\"item\":\"https:\\\/\\\/legsedition.net\\\/public\\\/\"},{\"@type\":\"ListItem\",\"position\":2,\"name\":\"Louis-Philippe Dalembert\"}]},{\"@type\":\"WebSite\",\"@id\":\"https:\\\/\\\/legsedition.net\\\/public\\\/#website\",\"url\":\"https:\\\/\\\/legsedition.net\\\/public\\\/\",\"name\":\"LEGS &Eacute;DITION\",\"description\":\"\",\"potentialAction\":[{\"@type\":\"SearchAction\",\"target\":{\"@type\":\"EntryPoint\",\"urlTemplate\":\"https:\\\/\\\/legsedition.net\\\/public\\\/?s={search_term_string}\"},\"query-input\":{\"@type\":\"PropertyValueSpecification\",\"valueRequired\":true,\"valueName\":\"search_term_string\"}}],\"inLanguage\":\"fr-FR\"}]}<\/script>\n<!-- \/ Yoast SEO plugin. -->","yoast_head_json":{"title":"Louis-Philippe Dalembert | LEGS &Eacute;DITION","robots":{"index":"index","follow":"follow","max-snippet":"max-snippet:-1","max-image-preview":"max-image-preview:large","max-video-preview":"max-video-preview:-1"},"canonical":"https:\/\/legsedition.net\/public\/louis-philippe-dalembert\/","og_locale":"fr_FR","og_type":"article","og_title":"Louis-Philippe Dalembert | LEGS &Eacute;DITION","og_description":"Louis-Philippe Dalembert est n\u00e9 \u00e0 Port-au-Prince le 8 d\u00e9cembre 1962. Ancien \u00e9l\u00e8ve de l&rsquo;\u00c9cole normale sup\u00e9rieure, il d\u00e9tient un dipl\u00f4me en journalisme de l&rsquo;\u00c9cole sup\u00e9rieure de journalisme de Paris et un doctorat en litt\u00e9rature com-par\u00e9e de l&rsquo;Universit\u00e9 Paris III Sorbonne-Nouvelle....","og_url":"https:\/\/legsedition.net\/public\/louis-philippe-dalembert\/","og_site_name":"LEGS &Eacute;DITION","article_publisher":"https:\/\/web.facebook.com\/LegsEtLitterature\/","article_modified_time":"2024-08-19T16:59:19+00:00","og_image":[{"url":"http:\/\/legsedition.net\/public\/wp-content\/uploads\/2018\/08\/cover_1_le_pere-154x300.png","type":"","width":"","height":""}],"twitter_card":"summary_large_image","twitter_misc":{"Dur\u00e9e de lecture estim\u00e9e":"1 minute"},"schema":{"@context":"https:\/\/schema.org","@graph":[{"@type":"WebPage","@id":"https:\/\/legsedition.net\/public\/louis-philippe-dalembert\/","url":"https:\/\/legsedition.net\/public\/louis-philippe-dalembert\/","name":"Louis-Philippe Dalembert | LEGS &Eacute;DITION","isPartOf":{"@id":"https:\/\/legsedition.net\/public\/#website"},"primaryImageOfPage":{"@id":"https:\/\/legsedition.net\/public\/louis-philippe-dalembert\/#primaryimage"},"image":{"@id":"https:\/\/legsedition.net\/public\/louis-philippe-dalembert\/#primaryimage"},"thumbnailUrl":"http:\/\/legsedition.net\/public\/wp-content\/uploads\/2018\/08\/cover_1_le_pere-154x300.png","datePublished":"2018-04-17T15:01:57+00:00","dateModified":"2024-08-19T16:59:19+00:00","breadcrumb":{"@id":"https:\/\/legsedition.net\/public\/louis-philippe-dalembert\/#breadcrumb"},"inLanguage":"fr-FR","potentialAction":[{"@type":"ReadAction","target":["https:\/\/legsedition.net\/public\/louis-philippe-dalembert\/"]}]},{"@type":"ImageObject","inLanguage":"fr-FR","@id":"https:\/\/legsedition.net\/public\/louis-philippe-dalembert\/#primaryimage","url":"http:\/\/legsedition.net\/public\/wp-content\/uploads\/2018\/08\/cover_1_le_pere-154x300.png","contentUrl":"http:\/\/legsedition.net\/public\/wp-content\/uploads\/2018\/08\/cover_1_le_pere-154x300.png"},{"@type":"BreadcrumbList","@id":"https:\/\/legsedition.net\/public\/louis-philippe-dalembert\/#breadcrumb","itemListElement":[{"@type":"ListItem","position":1,"name":"Home","item":"https:\/\/legsedition.net\/public\/"},{"@type":"ListItem","position":2,"name":"Louis-Philippe Dalembert"}]},{"@type":"WebSite","@id":"https:\/\/legsedition.net\/public\/#website","url":"https:\/\/legsedition.net\/public\/","name":"LEGS &Eacute;DITION","description":"","potentialAction":[{"@type":"SearchAction","target":{"@type":"EntryPoint","urlTemplate":"https:\/\/legsedition.net\/public\/?s={search_term_string}"},"query-input":{"@type":"PropertyValueSpecification","valueRequired":true,"valueName":"search_term_string"}}],"inLanguage":"fr-FR"}]}},"_links":{"self":[{"href":"https:\/\/legsedition.net\/public\/wp-json\/wp\/v2\/pages\/1472","targetHints":{"allow":["GET"]}}],"collection":[{"href":"https:\/\/legsedition.net\/public\/wp-json\/wp\/v2\/pages"}],"about":[{"href":"https:\/\/legsedition.net\/public\/wp-json\/wp\/v2\/types\/page"}],"author":[{"embeddable":true,"href":"https:\/\/legsedition.net\/public\/wp-json\/wp\/v2\/users\/2"}],"replies":[{"embeddable":true,"href":"https:\/\/legsedition.net\/public\/wp-json\/wp\/v2\/comments?post=1472"}],"version-history":[{"count":7,"href":"https:\/\/legsedition.net\/public\/wp-json\/wp\/v2\/pages\/1472\/revisions"}],"predecessor-version":[{"id":6791,"href":"https:\/\/legsedition.net\/public\/wp-json\/wp\/v2\/pages\/1472\/revisions\/6791"}],"wp:attachment":[{"href":"https:\/\/legsedition.net\/public\/wp-json\/wp\/v2\/media?parent=1472"}],"curies":[{"name":"wp","href":"https:\/\/api.w.org\/{rel}","templated":true}]}}