{"id":1474,"date":"2018-04-17T15:12:30","date_gmt":"2018-04-17T15:12:30","guid":{"rendered":"http:\/\/legsedition.net\/public\/?page_id=1474"},"modified":"2025-11-04T13:52:17","modified_gmt":"2025-11-04T13:52:17","slug":"yanick-lahens","status":"publish","type":"page","link":"https:\/\/legsedition.net\/public\/yanick-lahens\/","title":{"rendered":"Yanick Lahens"},"content":{"rendered":"<figure id=\"attachment_1475\" aria-describedby=\"caption-attachment-1475\" style=\"width: 285px\" class=\"wp-caption alignleft\"><a href=\"http:\/\/legsedition.net\/public\/wp-content\/uploads\/2018\/04\/YANICK_L.jpg\"><img fetchpriority=\"high\" decoding=\"async\" class=\"wp-image-1475\" src=\"https:\/\/legsedition.net\/public\/wp-content\/uploads\/2018\/04\/YANICK_L.jpg\" alt=\"\" width=\"285\" height=\"263\" srcset=\"https:\/\/legsedition.net\/public\/wp-content\/uploads\/2018\/04\/YANICK_L.jpg 520w, https:\/\/legsedition.net\/public\/wp-content\/uploads\/2018\/04\/YANICK_L-416x384.jpg 416w, https:\/\/legsedition.net\/public\/wp-content\/uploads\/2018\/04\/YANICK_L-300x277.jpg 300w, https:\/\/legsedition.net\/public\/wp-content\/uploads\/2018\/04\/YANICK_L-173x160.jpg 173w\" sizes=\"(max-width: 285px) 100vw, 285px\" \/><\/a><figcaption id=\"caption-attachment-1475\" class=\"wp-caption-text\">\u00a9 Dieulermesson Petit Fr\u00e8re<\/figcaption><\/figure>\n<p>Yanick Lahens est n\u00e9e \u00e0 Port-au-Prince en 1953. Elle a fait des \u00e9tudes de Lettres et d\u00e9tient un dipl\u00f4me d&rsquo;\u00e9tudes approfondies (DEA) de l&rsquo;Universit\u00e9 Paris 3, Sorbonne. Elle a enseign\u00e9 \u00e0 l&rsquo;\u00c9cole normale sup\u00e9rieure de Port-au-Prince et anim\u00e9 des \u00e9missions culturelles et litt\u00e9raires \u00e0 la radio. Romanci\u00e8re, nouvelliste et essayiste, ses articles ont paru dans des revues comme <em>Boutures, Cultura, Conjonction, <a href=\"http:\/\/legsedition.net\/public\/category\/legsetlitterature\/\" target=\"_blank\" rel=\"noopener\">Legs et Litt\u00e9rature<\/a>. <\/em><\/p>\n<p>Chevalier de l&rsquo;Ordre des Arts et des Lettres, elle a obtenu le Prix Femina en 2014 pour son roman\u00a0<em>Bain de lune\u00a0paru\u00a0<\/em>chez\u00a0<a href=\"https:\/\/www.swediteur.com\/auteur\/yanick-lahens\/\" target=\"_blank\" rel=\"noopener\">Sabine Wespieser\u00a0\u00e9diteur<\/a>. Elle a \u00e9galement \u00e9t\u00e9 r\u00e9compens\u00e9 par le Prix RFO pour\u00a0<em>La couleur de l\u2019aube<\/em>\u00a0et le Prix Carbet des Lyc\u00e9ens pour\u00a0<em>Guillaume et Nathalie<\/em>. En mars 2019, elle prononce sa le\u00e7on inaugurale \u00ab\u00a0Urgence(s) d&rsquo;\u00e9crire, r\u00eave(s) d&rsquo;habiter\u00a0\u00bb au Coll\u00e8ge de France dans le cadre de la Chaire Mondes Francophones. En 2025, elle re\u00e7oit le prix du Grand roman de l&rsquo;Acad\u00e9mie fran\u00e7aise pour <em>Passag\u00e8res de nuit <\/em>(Sabine Wespieser). \u00a0[<a href=\"http:\/\/ile-en-ile.org\/lahens\/\" target=\"_blank\" rel=\"noopener\">Voir la page de pr\u00e9sentation de Yanick Lahens sur \u00cele en \u00cele<\/a>]<\/p>\n<p><a href=\"https:\/\/legsedition.net\/alel\/des-auteurs-et-des-oeuvres\/a-decouverte-de-yanick-lahens\/\" target=\"_blank\" rel=\"noopener\">Dossier p\u00e9dagogique sur la nouvelle Bain de lune, extraite du recueil <em>La petite corruption.<\/em><\/a><\/p>\n<hr \/>\n<p><strong>Publications chez LEGS \u00c9DITION<\/strong><\/p>\n<p><a href=\"https:\/\/legsedition.net\/public\/2024\/11\/04\/bain-de-lune\/\" target=\"_blank\" rel=\"noopener\"><em>Bain de lune<\/em><\/a>, 2024, <strong>(Prix Femina 2014)<\/strong>\u00a0[<a href=\"https:\/\/www.swediteur.com\/titre\/bain-de-lune\/\" target=\"_blank\" rel=\"noopener\">Droits c\u00e9d\u00e9s par Sabine Wespieser<\/a>]<\/p>\n<p><a href=\"https:\/\/legsedition.net\/public\/wp-content\/uploads\/2024\/11\/Cover-bain-de-lune-2.png\"><img decoding=\"async\" class=\"alignnone wp-image-7284\" src=\"https:\/\/legsedition.net\/public\/wp-content\/uploads\/2024\/11\/Cover-bain-de-lune-2.png\" alt=\"\" width=\"198\" height=\"307\" srcset=\"https:\/\/legsedition.net\/public\/wp-content\/uploads\/2024\/11\/Cover-bain-de-lune-2.png 568w, https:\/\/legsedition.net\/public\/wp-content\/uploads\/2024\/11\/Cover-bain-de-lune-2-194x300.png 194w\" sizes=\"(max-width: 198px) 100vw, 198px\" \/><\/a><\/p>\n<p><a href=\"https:\/\/legsedition.net\/public\/2022\/04\/10\/guillaume-et-nathalie\/\" target=\"_blank\" rel=\"noopener\"><em>Guillaume et Nathalie<\/em><\/a>, 2022, <strong>(Prix Carbet 2014; Prix ADELF 2014)<\/strong> [<a href=\"https:\/\/www.swediteur.com\/titre\/guillaume-et-nathalie\/\" target=\"_blank\" rel=\"noopener\">Droits c\u00e9d\u00e9s par Sabine Wespieser<\/a>]<\/p>\n<p><a href=\"https:\/\/legsedition.net\/public\/wp-content\/uploads\/2022\/04\/cover-guillaume-et-nathalie.png\"><img decoding=\"async\" class=\"alignnone wp-image-4549 \" src=\"https:\/\/legsedition.net\/public\/wp-content\/uploads\/2022\/04\/cover-guillaume-et-nathalie.png\" alt=\"\" width=\"209\" height=\"329\" srcset=\"https:\/\/legsedition.net\/public\/wp-content\/uploads\/2022\/04\/cover-guillaume-et-nathalie.png 307w, https:\/\/legsedition.net\/public\/wp-content\/uploads\/2022\/04\/cover-guillaume-et-nathalie-191x300.png 191w, https:\/\/legsedition.net\/public\/wp-content\/uploads\/2022\/04\/cover-guillaume-et-nathalie-102x160.png 102w\" sizes=\"(max-width: 209px) 100vw, 209px\" \/><\/a><\/p>\n<p><a href=\"https:\/\/legsedition.net\/public\/legsedition\/aparaitre\/tante-resia-et-les-dieux\/\" target=\"_blank\" rel=\"noopener\"><em>Tante R\u00e9sia et les Dieux<\/em><\/a>, 2019\u00a0[<a href=\"https:\/\/www.swediteur.com\/titre\/loiseau-parker-dans-la-nuit-et-autres-nouvelles\/\" target=\"_blank\" rel=\"noopener\">Droits c\u00e9d\u00e9s par Sabine Wespieser<\/a>]<\/p>\n<p><a href=\"https:\/\/legsedition.net\/public\/wp-content\/uploads\/2019\/05\/cover_tante_resia_1.png\"><img loading=\"lazy\" decoding=\"async\" class=\"alignnone wp-image-2755 \" src=\"https:\/\/legsedition.net\/public\/wp-content\/uploads\/2019\/05\/cover_tante_resia_1.png\" alt=\"\" width=\"207\" height=\"321\" srcset=\"https:\/\/legsedition.net\/public\/wp-content\/uploads\/2019\/05\/cover_tante_resia_1.png 295w, https:\/\/legsedition.net\/public\/wp-content\/uploads\/2019\/05\/cover_tante_resia_1-193x300.png 193w, https:\/\/legsedition.net\/public\/wp-content\/uploads\/2019\/05\/cover_tante_resia_1-103x160.png 103w\" sizes=\"(max-width: 207px) 100vw, 207px\" \/><\/a><\/p>\n<p><em><a href=\"http:\/\/legsedition.net\/public\/des-hommes-et-des-ombres\/\" target=\"_blank\" rel=\"noopener\">&#8230;des hommes et des ombres<\/a>,\u00a0<\/em>2018<\/p>\n<p><a href=\"http:\/\/legsedition.net\/public\/wp-content\/uploads\/2018\/08\/cover_1_le_pere.png\"><img loading=\"lazy\" decoding=\"async\" class=\"alignnone wp-image-1967 \" src=\"https:\/\/legsedition.net\/public\/wp-content\/uploads\/2018\/08\/cover_1_le_pere.png\" alt=\"\" width=\"208\" height=\"406\" srcset=\"https:\/\/legsedition.net\/public\/wp-content\/uploads\/2018\/08\/cover_1_le_pere.png 249w, https:\/\/legsedition.net\/public\/wp-content\/uploads\/2018\/08\/cover_1_le_pere-154x300.png 154w, https:\/\/legsedition.net\/public\/wp-content\/uploads\/2018\/08\/cover_1_le_pere-82x160.png 82w\" sizes=\"(max-width: 208px) 100vw, 208px\" \/><\/a><\/p>\n<p><em><a href=\"http:\/\/legsedition.net\/public\/douces-deroutes\/\" target=\"_blank\" rel=\"noopener\">Douces d\u00e9routes<\/a>,\u00a0<\/em>2018 [<a href=\"https:\/\/www.swediteur.com\/titre\/douces-deroutes\/\" target=\"_blank\" rel=\"noopener\">Droits c\u00e9d\u00e9s par Sabine Wespieser<\/a>]<\/p>\n<p><a href=\"http:\/\/legsedition.net\/public\/wp-content\/uploads\/2018\/07\/doucesderoutescover1.png\"><img loading=\"lazy\" decoding=\"async\" class=\"alignnone wp-image-1791 \" src=\"https:\/\/legsedition.net\/public\/wp-content\/uploads\/2018\/07\/doucesderoutescover1.png\" alt=\"\" width=\"206\" height=\"321\" srcset=\"https:\/\/legsedition.net\/public\/wp-content\/uploads\/2018\/07\/doucesderoutescover1.png 298w, https:\/\/legsedition.net\/public\/wp-content\/uploads\/2018\/07\/doucesderoutescover1-192x300.png 192w, https:\/\/legsedition.net\/public\/wp-content\/uploads\/2018\/07\/doucesderoutescover1-103x160.png 103w\" sizes=\"(max-width: 206px) 100vw, 206px\" \/><\/a><\/p>\n<p><em><a href=\"http:\/\/legsedition.net\/public\/la-folie-etait-venue-avec-la-pluie\/\" target=\"_blank\" rel=\"noopener\">La folie \u00e9tait venue avec la pluie<\/a>,\u00a0<\/em>2015 <strong>(Prix Joseph D. Charles 2015)<\/strong><\/p>\n<p><a href=\"http:\/\/legsedition.net\/public\/wp-content\/uploads\/2018\/06\/Cover-La-folie-yanick-1-page001.jpeg\"><img loading=\"lazy\" decoding=\"async\" class=\"alignnone wp-image-1688 \" src=\"https:\/\/legsedition.net\/public\/wp-content\/uploads\/2018\/06\/Cover-La-folie-yanick-1-page001.jpeg\" alt=\"\" width=\"206\" height=\"329\" srcset=\"https:\/\/legsedition.net\/public\/wp-content\/uploads\/2018\/06\/Cover-La-folie-yanick-1-page001.jpeg 1464w, https:\/\/legsedition.net\/public\/wp-content\/uploads\/2018\/06\/Cover-La-folie-yanick-1-page001-600x957.jpeg 600w, https:\/\/legsedition.net\/public\/wp-content\/uploads\/2018\/06\/Cover-La-folie-yanick-1-page001-188x300.jpeg 188w, https:\/\/legsedition.net\/public\/wp-content\/uploads\/2018\/06\/Cover-La-folie-yanick-1-page001-768x1225.jpeg 768w, https:\/\/legsedition.net\/public\/wp-content\/uploads\/2018\/06\/Cover-La-folie-yanick-1-page001-642x1024.jpeg 642w, https:\/\/legsedition.net\/public\/wp-content\/uploads\/2018\/06\/Cover-La-folie-yanick-1-page001-376x600.jpeg 376w, https:\/\/legsedition.net\/public\/wp-content\/uploads\/2018\/06\/Cover-La-folie-yanick-1-page001-100x160.jpeg 100w\" sizes=\"(max-width: 206px) 100vw, 206px\" \/><\/a><\/p>\n<p><em><a href=\"http:\/\/legsedition.net\/public\/la-petite-corruption\/\" target=\"_blank\" rel=\"noopener\">La petite corruption<\/a>,\u00a0<\/em>2014<\/p>\n<p><a href=\"http:\/\/legsedition.net\/public\/wp-content\/uploads\/2017\/12\/yanick-jpeg.jpg\"><img loading=\"lazy\" decoding=\"async\" class=\"alignleft wp-image-155 \" src=\"https:\/\/legsedition.net\/public\/wp-content\/uploads\/2017\/12\/yanick-jpeg.jpg\" alt=\"\" width=\"207\" height=\"328\" srcset=\"https:\/\/legsedition.net\/public\/wp-content\/uploads\/2017\/12\/yanick-jpeg.jpg 476w, https:\/\/legsedition.net\/public\/wp-content\/uploads\/2017\/12\/yanick-jpeg-416x661.jpg 416w, https:\/\/legsedition.net\/public\/wp-content\/uploads\/2017\/12\/yanick-jpeg-189x300.jpg 189w, https:\/\/legsedition.net\/public\/wp-content\/uploads\/2017\/12\/yanick-jpeg-400x635.jpg 400w\" sizes=\"(max-width: 207px) 100vw, 207px\" \/><\/a><\/p>\n","protected":false},"excerpt":{"rendered":"<p>Yanick Lahens est n\u00e9e \u00e0 Port-au-Prince en 1953. Elle a fait des \u00e9tudes de Lettres et d\u00e9tient un dipl\u00f4me d&rsquo;\u00e9tudes approfondies (DEA) de l&rsquo;Universit\u00e9 Paris 3, Sorbonne. Elle a enseign\u00e9 \u00e0 l&rsquo;\u00c9cole normale sup\u00e9rieure de Port-au-Prince et anim\u00e9 des \u00e9missions&#8230;<\/p>\n","protected":false},"author":2,"featured_media":0,"parent":0,"menu_order":0,"comment_status":"closed","ping_status":"closed","template":"","meta":{"footnotes":""},"class_list":["post-1474","page","type-page","status-publish","hentry","no-post-thumbnail"],"yoast_head":"<!-- This site is optimized with the Yoast SEO plugin v27.3 - https:\/\/yoast.com\/product\/yoast-seo-wordpress\/ -->\n<title>Yanick Lahens | LEGS &Eacute;DITION<\/title>\n<meta name=\"robots\" content=\"index, follow, max-snippet:-1, max-image-preview:large, max-video-preview:-1\" \/>\n<link rel=\"canonical\" href=\"https:\/\/legsedition.net\/public\/yanick-lahens\/\" \/>\n<meta property=\"og:locale\" content=\"fr_FR\" \/>\n<meta property=\"og:type\" content=\"article\" \/>\n<meta property=\"og:title\" content=\"Yanick Lahens | LEGS &Eacute;DITION\" \/>\n<meta property=\"og:description\" content=\"Yanick Lahens est n\u00e9e \u00e0 Port-au-Prince en 1953. Elle a fait des \u00e9tudes de Lettres et d\u00e9tient un dipl\u00f4me d&rsquo;\u00e9tudes approfondies (DEA) de l&rsquo;Universit\u00e9 Paris 3, Sorbonne. Elle a enseign\u00e9 \u00e0 l&rsquo;\u00c9cole normale sup\u00e9rieure de Port-au-Prince et anim\u00e9 des \u00e9missions...\" \/>\n<meta property=\"og:url\" content=\"https:\/\/legsedition.net\/public\/yanick-lahens\/\" \/>\n<meta property=\"og:site_name\" content=\"LEGS &Eacute;DITION\" \/>\n<meta property=\"article:publisher\" content=\"https:\/\/web.facebook.com\/LegsEtLitterature\/\" \/>\n<meta property=\"article:modified_time\" content=\"2025-11-04T13:52:17+00:00\" \/>\n<meta property=\"og:image\" content=\"https:\/\/legsedition.net\/public\/wp-content\/uploads\/2018\/04\/YANICK_L.jpg\" \/>\n\t<meta property=\"og:image:width\" content=\"520\" \/>\n\t<meta property=\"og:image:height\" content=\"480\" \/>\n\t<meta property=\"og:image:type\" content=\"image\/jpeg\" \/>\n<meta name=\"twitter:card\" content=\"summary_large_image\" \/>\n<meta name=\"twitter:label1\" content=\"Dur\u00e9e de lecture estim\u00e9e\" \/>\n\t<meta name=\"twitter:data1\" content=\"3 minutes\" \/>\n<script type=\"application\/ld+json\" class=\"yoast-schema-graph\">{\"@context\":\"https:\\\/\\\/schema.org\",\"@graph\":[{\"@type\":\"WebPage\",\"@id\":\"https:\\\/\\\/legsedition.net\\\/public\\\/yanick-lahens\\\/\",\"url\":\"https:\\\/\\\/legsedition.net\\\/public\\\/yanick-lahens\\\/\",\"name\":\"Yanick Lahens | LEGS &Eacute;DITION\",\"isPartOf\":{\"@id\":\"https:\\\/\\\/legsedition.net\\\/public\\\/#website\"},\"primaryImageOfPage\":{\"@id\":\"https:\\\/\\\/legsedition.net\\\/public\\\/yanick-lahens\\\/#primaryimage\"},\"image\":{\"@id\":\"https:\\\/\\\/legsedition.net\\\/public\\\/yanick-lahens\\\/#primaryimage\"},\"thumbnailUrl\":\"https:\\\/\\\/legsedition.net\\\/public\\\/wp-content\\\/uploads\\\/2018\\\/04\\\/YANICK_L.jpg\",\"datePublished\":\"2018-04-17T15:12:30+00:00\",\"dateModified\":\"2025-11-04T13:52:17+00:00\",\"breadcrumb\":{\"@id\":\"https:\\\/\\\/legsedition.net\\\/public\\\/yanick-lahens\\\/#breadcrumb\"},\"inLanguage\":\"fr-FR\",\"potentialAction\":[{\"@type\":\"ReadAction\",\"target\":[\"https:\\\/\\\/legsedition.net\\\/public\\\/yanick-lahens\\\/\"]}]},{\"@type\":\"ImageObject\",\"inLanguage\":\"fr-FR\",\"@id\":\"https:\\\/\\\/legsedition.net\\\/public\\\/yanick-lahens\\\/#primaryimage\",\"url\":\"https:\\\/\\\/legsedition.net\\\/public\\\/wp-content\\\/uploads\\\/2018\\\/04\\\/YANICK_L.jpg\",\"contentUrl\":\"https:\\\/\\\/legsedition.net\\\/public\\\/wp-content\\\/uploads\\\/2018\\\/04\\\/YANICK_L.jpg\",\"width\":520,\"height\":480},{\"@type\":\"BreadcrumbList\",\"@id\":\"https:\\\/\\\/legsedition.net\\\/public\\\/yanick-lahens\\\/#breadcrumb\",\"itemListElement\":[{\"@type\":\"ListItem\",\"position\":1,\"name\":\"Home\",\"item\":\"https:\\\/\\\/legsedition.net\\\/public\\\/\"},{\"@type\":\"ListItem\",\"position\":2,\"name\":\"Yanick Lahens\"}]},{\"@type\":\"WebSite\",\"@id\":\"https:\\\/\\\/legsedition.net\\\/public\\\/#website\",\"url\":\"https:\\\/\\\/legsedition.net\\\/public\\\/\",\"name\":\"LEGS &Eacute;DITION\",\"description\":\"\",\"potentialAction\":[{\"@type\":\"SearchAction\",\"target\":{\"@type\":\"EntryPoint\",\"urlTemplate\":\"https:\\\/\\\/legsedition.net\\\/public\\\/?s={search_term_string}\"},\"query-input\":{\"@type\":\"PropertyValueSpecification\",\"valueRequired\":true,\"valueName\":\"search_term_string\"}}],\"inLanguage\":\"fr-FR\"}]}<\/script>\n<!-- \/ Yoast SEO plugin. -->","yoast_head_json":{"title":"Yanick Lahens | LEGS &Eacute;DITION","robots":{"index":"index","follow":"follow","max-snippet":"max-snippet:-1","max-image-preview":"max-image-preview:large","max-video-preview":"max-video-preview:-1"},"canonical":"https:\/\/legsedition.net\/public\/yanick-lahens\/","og_locale":"fr_FR","og_type":"article","og_title":"Yanick Lahens | LEGS &Eacute;DITION","og_description":"Yanick Lahens est n\u00e9e \u00e0 Port-au-Prince en 1953. Elle a fait des \u00e9tudes de Lettres et d\u00e9tient un dipl\u00f4me d&rsquo;\u00e9tudes approfondies (DEA) de l&rsquo;Universit\u00e9 Paris 3, Sorbonne. Elle a enseign\u00e9 \u00e0 l&rsquo;\u00c9cole normale sup\u00e9rieure de Port-au-Prince et anim\u00e9 des \u00e9missions...","og_url":"https:\/\/legsedition.net\/public\/yanick-lahens\/","og_site_name":"LEGS &Eacute;DITION","article_publisher":"https:\/\/web.facebook.com\/LegsEtLitterature\/","article_modified_time":"2025-11-04T13:52:17+00:00","og_image":[{"width":520,"height":480,"url":"https:\/\/legsedition.net\/public\/wp-content\/uploads\/2018\/04\/YANICK_L.jpg","type":"image\/jpeg"}],"twitter_card":"summary_large_image","twitter_misc":{"Dur\u00e9e de lecture estim\u00e9e":"3 minutes"},"schema":{"@context":"https:\/\/schema.org","@graph":[{"@type":"WebPage","@id":"https:\/\/legsedition.net\/public\/yanick-lahens\/","url":"https:\/\/legsedition.net\/public\/yanick-lahens\/","name":"Yanick Lahens | LEGS &Eacute;DITION","isPartOf":{"@id":"https:\/\/legsedition.net\/public\/#website"},"primaryImageOfPage":{"@id":"https:\/\/legsedition.net\/public\/yanick-lahens\/#primaryimage"},"image":{"@id":"https:\/\/legsedition.net\/public\/yanick-lahens\/#primaryimage"},"thumbnailUrl":"https:\/\/legsedition.net\/public\/wp-content\/uploads\/2018\/04\/YANICK_L.jpg","datePublished":"2018-04-17T15:12:30+00:00","dateModified":"2025-11-04T13:52:17+00:00","breadcrumb":{"@id":"https:\/\/legsedition.net\/public\/yanick-lahens\/#breadcrumb"},"inLanguage":"fr-FR","potentialAction":[{"@type":"ReadAction","target":["https:\/\/legsedition.net\/public\/yanick-lahens\/"]}]},{"@type":"ImageObject","inLanguage":"fr-FR","@id":"https:\/\/legsedition.net\/public\/yanick-lahens\/#primaryimage","url":"https:\/\/legsedition.net\/public\/wp-content\/uploads\/2018\/04\/YANICK_L.jpg","contentUrl":"https:\/\/legsedition.net\/public\/wp-content\/uploads\/2018\/04\/YANICK_L.jpg","width":520,"height":480},{"@type":"BreadcrumbList","@id":"https:\/\/legsedition.net\/public\/yanick-lahens\/#breadcrumb","itemListElement":[{"@type":"ListItem","position":1,"name":"Home","item":"https:\/\/legsedition.net\/public\/"},{"@type":"ListItem","position":2,"name":"Yanick Lahens"}]},{"@type":"WebSite","@id":"https:\/\/legsedition.net\/public\/#website","url":"https:\/\/legsedition.net\/public\/","name":"LEGS &Eacute;DITION","description":"","potentialAction":[{"@type":"SearchAction","target":{"@type":"EntryPoint","urlTemplate":"https:\/\/legsedition.net\/public\/?s={search_term_string}"},"query-input":{"@type":"PropertyValueSpecification","valueRequired":true,"valueName":"search_term_string"}}],"inLanguage":"fr-FR"}]}},"_links":{"self":[{"href":"https:\/\/legsedition.net\/public\/wp-json\/wp\/v2\/pages\/1474","targetHints":{"allow":["GET"]}}],"collection":[{"href":"https:\/\/legsedition.net\/public\/wp-json\/wp\/v2\/pages"}],"about":[{"href":"https:\/\/legsedition.net\/public\/wp-json\/wp\/v2\/types\/page"}],"author":[{"embeddable":true,"href":"https:\/\/legsedition.net\/public\/wp-json\/wp\/v2\/users\/2"}],"replies":[{"embeddable":true,"href":"https:\/\/legsedition.net\/public\/wp-json\/wp\/v2\/comments?post=1474"}],"version-history":[{"count":29,"href":"https:\/\/legsedition.net\/public\/wp-json\/wp\/v2\/pages\/1474\/revisions"}],"predecessor-version":[{"id":8847,"href":"https:\/\/legsedition.net\/public\/wp-json\/wp\/v2\/pages\/1474\/revisions\/8847"}],"wp:attachment":[{"href":"https:\/\/legsedition.net\/public\/wp-json\/wp\/v2\/media?parent=1474"}],"curies":[{"name":"wp","href":"https:\/\/api.w.org\/{rel}","templated":true}]}}