{"id":1479,"date":"2018-04-17T15:22:52","date_gmt":"2018-04-17T15:22:52","guid":{"rendered":"http:\/\/legsedition.net\/public\/?page_id=1479"},"modified":"2023-04-07T20:09:45","modified_gmt":"2023-04-07T20:09:45","slug":"james-noel","status":"publish","type":"page","link":"https:\/\/legsedition.net\/public\/james-noel\/","title":{"rendered":"James No\u00ebl"},"content":{"rendered":"<p style=\"text-align: left;\"><a href=\"http:\/\/legsedition.net\/public\/wp-content\/uploads\/2018\/01\/MWiiW4ryL5.jpg\"><img fetchpriority=\"high\" decoding=\"async\" class=\"alignleft wp-image-767 \" src=\"https:\/\/legsedition.net\/public\/wp-content\/uploads\/2018\/01\/MWiiW4ryL5.jpg\" alt=\"\" width=\"356\" height=\"196\" srcset=\"https:\/\/legsedition.net\/public\/wp-content\/uploads\/2018\/01\/MWiiW4ryL5.jpg 600w, https:\/\/legsedition.net\/public\/wp-content\/uploads\/2018\/01\/MWiiW4ryL5-300x165.jpg 300w, https:\/\/legsedition.net\/public\/wp-content\/uploads\/2018\/01\/MWiiW4ryL5-280x154.jpg 280w\" sizes=\"(max-width: 356px) 100vw, 356px\" \/><\/a>Po\u00e8te, animateur et op\u00e9rateur culturel, James No\u00ebl est n\u00e9 \u00e0 Hinche le 17 mars 1978. Auteur d\u2019une oeuvre po\u00e9tique assez dense parue en Ha\u00efti, au Canada et en France, il a dirig\u00e9 l\u2019<em>Anthologie de la po\u00e9sie ha\u00eftienne<\/em>\u00a0parue en 2015 chez Seuil\u00a0(Points). Laur\u00e9at du prix Fetkann en 2008 pour\u00a0<em>Le sang visible du vitrier<\/em>,\u00a0il est le ma\u00eetre d\u2019oeuvre de la revue\u00a0<em>Intranqu\u2019Illit\u00e9s<\/em>\u00a0publi\u00e9e aux \u00e9ditions Zulma. Ancien pensionnaire de la villa Medicis \u00e0 Rome en 2012,\u00a0Chevalier de l\u2019Ordre des Arts et des Lettres en 2017, son premier roman,\u00a0<em>Belle merveille,\u00a0<\/em>a paru aux \u00e9ditions Zulma.\u00a0[<a href=\"http:\/\/ile-en-ile.org\/noel\/\" target=\"_blank\" rel=\"noopener\">Voir la page de pr\u00e9sentation de James No\u00ebl sur \u00cele en \u00cele<\/a>]<\/p>\n<p>&nbsp;<\/p>\n<p><strong>Publication chez LEGS \u00c9DITION<\/strong><\/p>\n<p><em><a href=\"http:\/\/legsedition.net\/public\/majigridji\/\" target=\"_blank\" rel=\"noopener\">Maji Gri Dji<\/a>,\u00a0<\/em>2017<\/p>\n<p><a href=\"http:\/\/legsedition.net\/public\/wp-content\/uploads\/2017\/12\/978-99970-86-24-2.jpg\"><img decoding=\"async\" class=\"size-medium wp-image-549 alignleft\" src=\"http:\/\/legsedition.net\/public\/wp-content\/uploads\/2017\/12\/978-99970-86-24-2-151x300.jpg\" alt=\"\" width=\"151\" height=\"300\" srcset=\"https:\/\/legsedition.net\/public\/wp-content\/uploads\/2017\/12\/978-99970-86-24-2-151x300.jpg 151w, https:\/\/legsedition.net\/public\/wp-content\/uploads\/2017\/12\/978-99970-86-24-2-302x600.jpg 302w, https:\/\/legsedition.net\/public\/wp-content\/uploads\/2017\/12\/978-99970-86-24-2-81x160.jpg 81w, https:\/\/legsedition.net\/public\/wp-content\/uploads\/2017\/12\/978-99970-86-24-2.jpg 304w\" sizes=\"(max-width: 151px) 100vw, 151px\" \/><\/a><\/p>\n","protected":false},"excerpt":{"rendered":"<p>Po\u00e8te, animateur et op\u00e9rateur culturel, James No\u00ebl est n\u00e9 \u00e0 Hinche le 17 mars 1978. Auteur d\u2019une oeuvre po\u00e9tique assez dense parue en Ha\u00efti, au Canada et en France, il a dirig\u00e9 l\u2019Anthologie de la po\u00e9sie ha\u00eftienne\u00a0parue en 2015 chez&#8230;<\/p>\n","protected":false},"author":2,"featured_media":0,"parent":0,"menu_order":0,"comment_status":"closed","ping_status":"closed","template":"","meta":{"footnotes":""},"class_list":["post-1479","page","type-page","status-publish","hentry","no-post-thumbnail"],"yoast_head":"<!-- This site is optimized with the Yoast SEO plugin v27.3 - https:\/\/yoast.com\/product\/yoast-seo-wordpress\/ -->\n<title>James No\u00ebl | LEGS &Eacute;DITION<\/title>\n<meta name=\"robots\" content=\"index, follow, max-snippet:-1, max-image-preview:large, max-video-preview:-1\" \/>\n<link rel=\"canonical\" href=\"https:\/\/legsedition.net\/public\/james-noel\/\" \/>\n<meta property=\"og:locale\" content=\"fr_FR\" \/>\n<meta property=\"og:type\" content=\"article\" \/>\n<meta property=\"og:title\" content=\"James No\u00ebl | LEGS &Eacute;DITION\" \/>\n<meta property=\"og:description\" content=\"Po\u00e8te, animateur et op\u00e9rateur culturel, James No\u00ebl est n\u00e9 \u00e0 Hinche le 17 mars 1978. Auteur d\u2019une oeuvre po\u00e9tique assez dense parue en Ha\u00efti, au Canada et en France, il a dirig\u00e9 l\u2019Anthologie de la po\u00e9sie ha\u00eftienne\u00a0parue en 2015 chez...\" \/>\n<meta property=\"og:url\" content=\"https:\/\/legsedition.net\/public\/james-noel\/\" \/>\n<meta property=\"og:site_name\" content=\"LEGS &Eacute;DITION\" \/>\n<meta property=\"article:publisher\" content=\"https:\/\/web.facebook.com\/LegsEtLitterature\/\" \/>\n<meta property=\"article:modified_time\" content=\"2023-04-07T20:09:45+00:00\" \/>\n<meta property=\"og:image\" content=\"https:\/\/legsedition.net\/public\/wp-content\/uploads\/2018\/01\/MWiiW4ryL5.jpg\" \/>\n<meta name=\"twitter:card\" content=\"summary_large_image\" \/>\n<meta name=\"twitter:label1\" content=\"Dur\u00e9e de lecture estim\u00e9e\" \/>\n\t<meta name=\"twitter:data1\" content=\"1 minute\" \/>\n<script type=\"application\/ld+json\" class=\"yoast-schema-graph\">{\"@context\":\"https:\\\/\\\/schema.org\",\"@graph\":[{\"@type\":\"WebPage\",\"@id\":\"https:\\\/\\\/legsedition.net\\\/public\\\/james-noel\\\/\",\"url\":\"https:\\\/\\\/legsedition.net\\\/public\\\/james-noel\\\/\",\"name\":\"James No\u00ebl | LEGS &Eacute;DITION\",\"isPartOf\":{\"@id\":\"https:\\\/\\\/legsedition.net\\\/public\\\/#website\"},\"primaryImageOfPage\":{\"@id\":\"https:\\\/\\\/legsedition.net\\\/public\\\/james-noel\\\/#primaryimage\"},\"image\":{\"@id\":\"https:\\\/\\\/legsedition.net\\\/public\\\/james-noel\\\/#primaryimage\"},\"thumbnailUrl\":\"https:\\\/\\\/legsedition.net\\\/public\\\/wp-content\\\/uploads\\\/2018\\\/01\\\/MWiiW4ryL5.jpg\",\"datePublished\":\"2018-04-17T15:22:52+00:00\",\"dateModified\":\"2023-04-07T20:09:45+00:00\",\"breadcrumb\":{\"@id\":\"https:\\\/\\\/legsedition.net\\\/public\\\/james-noel\\\/#breadcrumb\"},\"inLanguage\":\"fr-FR\",\"potentialAction\":[{\"@type\":\"ReadAction\",\"target\":[\"https:\\\/\\\/legsedition.net\\\/public\\\/james-noel\\\/\"]}]},{\"@type\":\"ImageObject\",\"inLanguage\":\"fr-FR\",\"@id\":\"https:\\\/\\\/legsedition.net\\\/public\\\/james-noel\\\/#primaryimage\",\"url\":\"https:\\\/\\\/legsedition.net\\\/public\\\/wp-content\\\/uploads\\\/2018\\\/01\\\/MWiiW4ryL5.jpg\",\"contentUrl\":\"https:\\\/\\\/legsedition.net\\\/public\\\/wp-content\\\/uploads\\\/2018\\\/01\\\/MWiiW4ryL5.jpg\",\"width\":600,\"height\":330},{\"@type\":\"BreadcrumbList\",\"@id\":\"https:\\\/\\\/legsedition.net\\\/public\\\/james-noel\\\/#breadcrumb\",\"itemListElement\":[{\"@type\":\"ListItem\",\"position\":1,\"name\":\"Home\",\"item\":\"https:\\\/\\\/legsedition.net\\\/public\\\/\"},{\"@type\":\"ListItem\",\"position\":2,\"name\":\"James No\u00ebl\"}]},{\"@type\":\"WebSite\",\"@id\":\"https:\\\/\\\/legsedition.net\\\/public\\\/#website\",\"url\":\"https:\\\/\\\/legsedition.net\\\/public\\\/\",\"name\":\"LEGS &Eacute;DITION\",\"description\":\"\",\"potentialAction\":[{\"@type\":\"SearchAction\",\"target\":{\"@type\":\"EntryPoint\",\"urlTemplate\":\"https:\\\/\\\/legsedition.net\\\/public\\\/?s={search_term_string}\"},\"query-input\":{\"@type\":\"PropertyValueSpecification\",\"valueRequired\":true,\"valueName\":\"search_term_string\"}}],\"inLanguage\":\"fr-FR\"}]}<\/script>\n<!-- \/ Yoast SEO plugin. -->","yoast_head_json":{"title":"James No\u00ebl | LEGS &Eacute;DITION","robots":{"index":"index","follow":"follow","max-snippet":"max-snippet:-1","max-image-preview":"max-image-preview:large","max-video-preview":"max-video-preview:-1"},"canonical":"https:\/\/legsedition.net\/public\/james-noel\/","og_locale":"fr_FR","og_type":"article","og_title":"James No\u00ebl | LEGS &Eacute;DITION","og_description":"Po\u00e8te, animateur et op\u00e9rateur culturel, James No\u00ebl est n\u00e9 \u00e0 Hinche le 17 mars 1978. Auteur d\u2019une oeuvre po\u00e9tique assez dense parue en Ha\u00efti, au Canada et en France, il a dirig\u00e9 l\u2019Anthologie de la po\u00e9sie ha\u00eftienne\u00a0parue en 2015 chez...","og_url":"https:\/\/legsedition.net\/public\/james-noel\/","og_site_name":"LEGS &Eacute;DITION","article_publisher":"https:\/\/web.facebook.com\/LegsEtLitterature\/","article_modified_time":"2023-04-07T20:09:45+00:00","og_image":[{"url":"https:\/\/legsedition.net\/public\/wp-content\/uploads\/2018\/01\/MWiiW4ryL5.jpg","type":"","width":"","height":""}],"twitter_card":"summary_large_image","twitter_misc":{"Dur\u00e9e de lecture estim\u00e9e":"1 minute"},"schema":{"@context":"https:\/\/schema.org","@graph":[{"@type":"WebPage","@id":"https:\/\/legsedition.net\/public\/james-noel\/","url":"https:\/\/legsedition.net\/public\/james-noel\/","name":"James No\u00ebl | LEGS &Eacute;DITION","isPartOf":{"@id":"https:\/\/legsedition.net\/public\/#website"},"primaryImageOfPage":{"@id":"https:\/\/legsedition.net\/public\/james-noel\/#primaryimage"},"image":{"@id":"https:\/\/legsedition.net\/public\/james-noel\/#primaryimage"},"thumbnailUrl":"https:\/\/legsedition.net\/public\/wp-content\/uploads\/2018\/01\/MWiiW4ryL5.jpg","datePublished":"2018-04-17T15:22:52+00:00","dateModified":"2023-04-07T20:09:45+00:00","breadcrumb":{"@id":"https:\/\/legsedition.net\/public\/james-noel\/#breadcrumb"},"inLanguage":"fr-FR","potentialAction":[{"@type":"ReadAction","target":["https:\/\/legsedition.net\/public\/james-noel\/"]}]},{"@type":"ImageObject","inLanguage":"fr-FR","@id":"https:\/\/legsedition.net\/public\/james-noel\/#primaryimage","url":"https:\/\/legsedition.net\/public\/wp-content\/uploads\/2018\/01\/MWiiW4ryL5.jpg","contentUrl":"https:\/\/legsedition.net\/public\/wp-content\/uploads\/2018\/01\/MWiiW4ryL5.jpg","width":600,"height":330},{"@type":"BreadcrumbList","@id":"https:\/\/legsedition.net\/public\/james-noel\/#breadcrumb","itemListElement":[{"@type":"ListItem","position":1,"name":"Home","item":"https:\/\/legsedition.net\/public\/"},{"@type":"ListItem","position":2,"name":"James No\u00ebl"}]},{"@type":"WebSite","@id":"https:\/\/legsedition.net\/public\/#website","url":"https:\/\/legsedition.net\/public\/","name":"LEGS &Eacute;DITION","description":"","potentialAction":[{"@type":"SearchAction","target":{"@type":"EntryPoint","urlTemplate":"https:\/\/legsedition.net\/public\/?s={search_term_string}"},"query-input":{"@type":"PropertyValueSpecification","valueRequired":true,"valueName":"search_term_string"}}],"inLanguage":"fr-FR"}]}},"_links":{"self":[{"href":"https:\/\/legsedition.net\/public\/wp-json\/wp\/v2\/pages\/1479","targetHints":{"allow":["GET"]}}],"collection":[{"href":"https:\/\/legsedition.net\/public\/wp-json\/wp\/v2\/pages"}],"about":[{"href":"https:\/\/legsedition.net\/public\/wp-json\/wp\/v2\/types\/page"}],"author":[{"embeddable":true,"href":"https:\/\/legsedition.net\/public\/wp-json\/wp\/v2\/users\/2"}],"replies":[{"embeddable":true,"href":"https:\/\/legsedition.net\/public\/wp-json\/wp\/v2\/comments?post=1479"}],"version-history":[{"count":5,"href":"https:\/\/legsedition.net\/public\/wp-json\/wp\/v2\/pages\/1479\/revisions"}],"predecessor-version":[{"id":5478,"href":"https:\/\/legsedition.net\/public\/wp-json\/wp\/v2\/pages\/1479\/revisions\/5478"}],"wp:attachment":[{"href":"https:\/\/legsedition.net\/public\/wp-json\/wp\/v2\/media?parent=1479"}],"curies":[{"name":"wp","href":"https:\/\/api.w.org\/{rel}","templated":true}]}}