{"id":1481,"date":"2018-04-17T15:28:54","date_gmt":"2018-04-17T15:28:54","guid":{"rendered":"http:\/\/legsedition.net\/public\/?page_id=1481"},"modified":"2024-11-07T10:53:01","modified_gmt":"2024-11-07T10:53:01","slug":"makenzy-orcel","status":"publish","type":"page","link":"https:\/\/legsedition.net\/public\/makenzy-orcel\/","title":{"rendered":"Makenzy Orcel"},"content":{"rendered":"<p><a href=\"https:\/\/legsedition.net\/public\/wp-content\/uploads\/2018\/01\/orcel-makenzy-.jpg\"><img fetchpriority=\"high\" decoding=\"async\" class=\"alignleft wp-image-766 \" src=\"https:\/\/legsedition.net\/public\/wp-content\/uploads\/2018\/01\/orcel-makenzy-.jpg\" alt=\"\" width=\"388\" height=\"214\" srcset=\"https:\/\/legsedition.net\/public\/wp-content\/uploads\/2018\/01\/orcel-makenzy-.jpg 580w, https:\/\/legsedition.net\/public\/wp-content\/uploads\/2018\/01\/orcel-makenzy--416x230.jpg 416w, https:\/\/legsedition.net\/public\/wp-content\/uploads\/2018\/01\/orcel-makenzy--300x166.jpg 300w, https:\/\/legsedition.net\/public\/wp-content\/uploads\/2018\/01\/orcel-makenzy--280x154.jpg 280w\" sizes=\"(max-width: 388px) 100vw, 388px\" \/><\/a>Makenzy Orcel est n\u00e9 \u00e0 Port-au-Prince le 18 septembre 1983. Po\u00e8te\u00a0et romancier, il a publi\u00e9 son premier livre de po\u00e8mes,\u00a0<em>La douleur de l\u2019\u00e9treinte<\/em>, \u00e0 compte d\u2019auteur, en 2007. C\u2019est en 2010, quelques mois apr\u00e8s le s\u00e9isme, qu\u2019il signe chez\u00a0M\u00e9moire d\u2019encrier\u00a0au Canada, son premier roman,<em>\u00a0Les immortelles<\/em>, qui attira les projecteurs sur sa personne. Repris en 2012 aux \u00e9ditions Zulma, le livre est salu\u00e9 par le Prix Thyde-Monier de la SGDL. Chevalier de l&rsquo;Ordre des Arts et des Lettres en 2017, il a re\u00e7u entre autres le Prix \u00c9thophile, le Prix Louis-Guillout, le Prix Litt\u00e9raire des Cara\u00efbes\u00a0de l\u2019ADELF, et le Prix Litt\u00e9rature-Monde, pour son roman\u00a0<em>L\u2019Ombre animale\u00a0<\/em>paru chez Zulma.\u00a0[<a href=\"http:\/\/ile-en-ile.org\/orcel\/\" target=\"_blank\" rel=\"noopener\">Voir la page de pr\u00e9sentation de Makenzy Orcel sur \u00cele en \u00cele<\/a>]<\/p>\n<p><strong>Publication chez LEGS \u00c9DITION<\/strong><\/p>\n<p><a href=\"https:\/\/legsedition.net\/public\/2022\/07\/08\/miwo-miba-2\/\" target=\"_blank\" rel=\"noopener\"><em>miwo miba<\/em><\/a>, 2022<\/p>\n<p><a href=\"https:\/\/legsedition.net\/public\/wp-content\/uploads\/2022\/05\/cover-miwo-miba.png\"><img decoding=\"async\" class=\"alignnone wp-image-4510 size-medium\" src=\"https:\/\/legsedition.net\/public\/wp-content\/uploads\/2022\/05\/cover-miwo-miba-192x300.png\" alt=\"\" width=\"192\" height=\"300\" srcset=\"https:\/\/legsedition.net\/public\/wp-content\/uploads\/2022\/05\/cover-miwo-miba-192x300.png 192w, https:\/\/legsedition.net\/public\/wp-content\/uploads\/2022\/05\/cover-miwo-miba-102x160.png 102w, https:\/\/legsedition.net\/public\/wp-content\/uploads\/2022\/05\/cover-miwo-miba.png 309w\" sizes=\"(max-width: 192px) 100vw, 192px\" \/><\/a><\/p>\n<p><em>Miwo Miba,\u00a0<\/em>2017<\/p>\n<p><a href=\"http:\/\/legsedition.net\/public\/wp-content\/uploads\/2017\/12\/cover_miwo_miba.jpg\"><img decoding=\"async\" class=\"size-medium wp-image-107 alignleft\" src=\"http:\/\/legsedition.net\/public\/wp-content\/uploads\/2017\/12\/cover_miwo_miba-153x300.jpg\" alt=\"\" width=\"153\" height=\"300\" srcset=\"https:\/\/legsedition.net\/public\/wp-content\/uploads\/2017\/12\/cover_miwo_miba-153x300.jpg 153w, https:\/\/legsedition.net\/public\/wp-content\/uploads\/2017\/12\/cover_miwo_miba.jpg 226w\" sizes=\"(max-width: 153px) 100vw, 153px\" \/><\/a><\/p>\n","protected":false},"excerpt":{"rendered":"<p>Makenzy Orcel est n\u00e9 \u00e0 Port-au-Prince le 18 septembre 1983. Po\u00e8te\u00a0et romancier, il a publi\u00e9 son premier livre de po\u00e8mes,\u00a0La douleur de l\u2019\u00e9treinte, \u00e0 compte d\u2019auteur, en 2007. C\u2019est en 2010, quelques mois apr\u00e8s le s\u00e9isme, qu\u2019il signe chez\u00a0M\u00e9moire d\u2019encrier\u00a0au&#8230;<\/p>\n","protected":false},"author":2,"featured_media":0,"parent":0,"menu_order":0,"comment_status":"closed","ping_status":"closed","template":"","meta":{"footnotes":""},"class_list":["post-1481","page","type-page","status-publish","hentry","no-post-thumbnail"],"yoast_head":"<!-- This site is optimized with the Yoast SEO plugin v27.3 - https:\/\/yoast.com\/product\/yoast-seo-wordpress\/ -->\n<title>Makenzy Orcel | LEGS &Eacute;DITION<\/title>\n<meta name=\"robots\" content=\"index, follow, max-snippet:-1, max-image-preview:large, max-video-preview:-1\" \/>\n<link rel=\"canonical\" href=\"https:\/\/legsedition.net\/public\/makenzy-orcel\/\" \/>\n<meta property=\"og:locale\" content=\"fr_FR\" \/>\n<meta property=\"og:type\" content=\"article\" \/>\n<meta property=\"og:title\" content=\"Makenzy Orcel | LEGS &Eacute;DITION\" \/>\n<meta property=\"og:description\" content=\"Makenzy Orcel est n\u00e9 \u00e0 Port-au-Prince le 18 septembre 1983. Po\u00e8te\u00a0et romancier, il a publi\u00e9 son premier livre de po\u00e8mes,\u00a0La douleur de l\u2019\u00e9treinte, \u00e0 compte d\u2019auteur, en 2007. C\u2019est en 2010, quelques mois apr\u00e8s le s\u00e9isme, qu\u2019il signe chez\u00a0M\u00e9moire d\u2019encrier\u00a0au...\" \/>\n<meta property=\"og:url\" content=\"https:\/\/legsedition.net\/public\/makenzy-orcel\/\" \/>\n<meta property=\"og:site_name\" content=\"LEGS &Eacute;DITION\" \/>\n<meta property=\"article:publisher\" content=\"https:\/\/web.facebook.com\/LegsEtLitterature\/\" \/>\n<meta property=\"article:modified_time\" content=\"2024-11-07T10:53:01+00:00\" \/>\n<meta property=\"og:image\" content=\"https:\/\/legsedition.net\/public\/wp-content\/uploads\/2018\/01\/orcel-makenzy-.jpg\" \/>\n\t<meta property=\"og:image:width\" content=\"580\" \/>\n\t<meta property=\"og:image:height\" content=\"320\" \/>\n\t<meta property=\"og:image:type\" content=\"image\/jpeg\" \/>\n<meta name=\"twitter:card\" content=\"summary_large_image\" \/>\n<meta name=\"twitter:label1\" content=\"Dur\u00e9e de lecture estim\u00e9e\" \/>\n\t<meta name=\"twitter:data1\" content=\"2 minutes\" \/>\n<script type=\"application\/ld+json\" class=\"yoast-schema-graph\">{\"@context\":\"https:\\\/\\\/schema.org\",\"@graph\":[{\"@type\":\"WebPage\",\"@id\":\"https:\\\/\\\/legsedition.net\\\/public\\\/makenzy-orcel\\\/\",\"url\":\"https:\\\/\\\/legsedition.net\\\/public\\\/makenzy-orcel\\\/\",\"name\":\"Makenzy Orcel | LEGS &Eacute;DITION\",\"isPartOf\":{\"@id\":\"https:\\\/\\\/legsedition.net\\\/public\\\/#website\"},\"primaryImageOfPage\":{\"@id\":\"https:\\\/\\\/legsedition.net\\\/public\\\/makenzy-orcel\\\/#primaryimage\"},\"image\":{\"@id\":\"https:\\\/\\\/legsedition.net\\\/public\\\/makenzy-orcel\\\/#primaryimage\"},\"thumbnailUrl\":\"https:\\\/\\\/legsedition.net\\\/public\\\/wp-content\\\/uploads\\\/2018\\\/01\\\/orcel-makenzy-.jpg\",\"datePublished\":\"2018-04-17T15:28:54+00:00\",\"dateModified\":\"2024-11-07T10:53:01+00:00\",\"breadcrumb\":{\"@id\":\"https:\\\/\\\/legsedition.net\\\/public\\\/makenzy-orcel\\\/#breadcrumb\"},\"inLanguage\":\"fr-FR\",\"potentialAction\":[{\"@type\":\"ReadAction\",\"target\":[\"https:\\\/\\\/legsedition.net\\\/public\\\/makenzy-orcel\\\/\"]}]},{\"@type\":\"ImageObject\",\"inLanguage\":\"fr-FR\",\"@id\":\"https:\\\/\\\/legsedition.net\\\/public\\\/makenzy-orcel\\\/#primaryimage\",\"url\":\"https:\\\/\\\/legsedition.net\\\/public\\\/wp-content\\\/uploads\\\/2018\\\/01\\\/orcel-makenzy-.jpg\",\"contentUrl\":\"https:\\\/\\\/legsedition.net\\\/public\\\/wp-content\\\/uploads\\\/2018\\\/01\\\/orcel-makenzy-.jpg\",\"width\":580,\"height\":320},{\"@type\":\"BreadcrumbList\",\"@id\":\"https:\\\/\\\/legsedition.net\\\/public\\\/makenzy-orcel\\\/#breadcrumb\",\"itemListElement\":[{\"@type\":\"ListItem\",\"position\":1,\"name\":\"Home\",\"item\":\"https:\\\/\\\/legsedition.net\\\/public\\\/\"},{\"@type\":\"ListItem\",\"position\":2,\"name\":\"Makenzy Orcel\"}]},{\"@type\":\"WebSite\",\"@id\":\"https:\\\/\\\/legsedition.net\\\/public\\\/#website\",\"url\":\"https:\\\/\\\/legsedition.net\\\/public\\\/\",\"name\":\"LEGS &Eacute;DITION\",\"description\":\"\",\"potentialAction\":[{\"@type\":\"SearchAction\",\"target\":{\"@type\":\"EntryPoint\",\"urlTemplate\":\"https:\\\/\\\/legsedition.net\\\/public\\\/?s={search_term_string}\"},\"query-input\":{\"@type\":\"PropertyValueSpecification\",\"valueRequired\":true,\"valueName\":\"search_term_string\"}}],\"inLanguage\":\"fr-FR\"}]}<\/script>\n<!-- \/ Yoast SEO plugin. -->","yoast_head_json":{"title":"Makenzy Orcel | LEGS &Eacute;DITION","robots":{"index":"index","follow":"follow","max-snippet":"max-snippet:-1","max-image-preview":"max-image-preview:large","max-video-preview":"max-video-preview:-1"},"canonical":"https:\/\/legsedition.net\/public\/makenzy-orcel\/","og_locale":"fr_FR","og_type":"article","og_title":"Makenzy Orcel | LEGS &Eacute;DITION","og_description":"Makenzy Orcel est n\u00e9 \u00e0 Port-au-Prince le 18 septembre 1983. Po\u00e8te\u00a0et romancier, il a publi\u00e9 son premier livre de po\u00e8mes,\u00a0La douleur de l\u2019\u00e9treinte, \u00e0 compte d\u2019auteur, en 2007. C\u2019est en 2010, quelques mois apr\u00e8s le s\u00e9isme, qu\u2019il signe chez\u00a0M\u00e9moire d\u2019encrier\u00a0au...","og_url":"https:\/\/legsedition.net\/public\/makenzy-orcel\/","og_site_name":"LEGS &Eacute;DITION","article_publisher":"https:\/\/web.facebook.com\/LegsEtLitterature\/","article_modified_time":"2024-11-07T10:53:01+00:00","og_image":[{"width":580,"height":320,"url":"https:\/\/legsedition.net\/public\/wp-content\/uploads\/2018\/01\/orcel-makenzy-.jpg","type":"image\/jpeg"}],"twitter_card":"summary_large_image","twitter_misc":{"Dur\u00e9e de lecture estim\u00e9e":"2 minutes"},"schema":{"@context":"https:\/\/schema.org","@graph":[{"@type":"WebPage","@id":"https:\/\/legsedition.net\/public\/makenzy-orcel\/","url":"https:\/\/legsedition.net\/public\/makenzy-orcel\/","name":"Makenzy Orcel | LEGS &Eacute;DITION","isPartOf":{"@id":"https:\/\/legsedition.net\/public\/#website"},"primaryImageOfPage":{"@id":"https:\/\/legsedition.net\/public\/makenzy-orcel\/#primaryimage"},"image":{"@id":"https:\/\/legsedition.net\/public\/makenzy-orcel\/#primaryimage"},"thumbnailUrl":"https:\/\/legsedition.net\/public\/wp-content\/uploads\/2018\/01\/orcel-makenzy-.jpg","datePublished":"2018-04-17T15:28:54+00:00","dateModified":"2024-11-07T10:53:01+00:00","breadcrumb":{"@id":"https:\/\/legsedition.net\/public\/makenzy-orcel\/#breadcrumb"},"inLanguage":"fr-FR","potentialAction":[{"@type":"ReadAction","target":["https:\/\/legsedition.net\/public\/makenzy-orcel\/"]}]},{"@type":"ImageObject","inLanguage":"fr-FR","@id":"https:\/\/legsedition.net\/public\/makenzy-orcel\/#primaryimage","url":"https:\/\/legsedition.net\/public\/wp-content\/uploads\/2018\/01\/orcel-makenzy-.jpg","contentUrl":"https:\/\/legsedition.net\/public\/wp-content\/uploads\/2018\/01\/orcel-makenzy-.jpg","width":580,"height":320},{"@type":"BreadcrumbList","@id":"https:\/\/legsedition.net\/public\/makenzy-orcel\/#breadcrumb","itemListElement":[{"@type":"ListItem","position":1,"name":"Home","item":"https:\/\/legsedition.net\/public\/"},{"@type":"ListItem","position":2,"name":"Makenzy Orcel"}]},{"@type":"WebSite","@id":"https:\/\/legsedition.net\/public\/#website","url":"https:\/\/legsedition.net\/public\/","name":"LEGS &Eacute;DITION","description":"","potentialAction":[{"@type":"SearchAction","target":{"@type":"EntryPoint","urlTemplate":"https:\/\/legsedition.net\/public\/?s={search_term_string}"},"query-input":{"@type":"PropertyValueSpecification","valueRequired":true,"valueName":"search_term_string"}}],"inLanguage":"fr-FR"}]}},"_links":{"self":[{"href":"https:\/\/legsedition.net\/public\/wp-json\/wp\/v2\/pages\/1481","targetHints":{"allow":["GET"]}}],"collection":[{"href":"https:\/\/legsedition.net\/public\/wp-json\/wp\/v2\/pages"}],"about":[{"href":"https:\/\/legsedition.net\/public\/wp-json\/wp\/v2\/types\/page"}],"author":[{"embeddable":true,"href":"https:\/\/legsedition.net\/public\/wp-json\/wp\/v2\/users\/2"}],"replies":[{"embeddable":true,"href":"https:\/\/legsedition.net\/public\/wp-json\/wp\/v2\/comments?post=1481"}],"version-history":[{"count":9,"href":"https:\/\/legsedition.net\/public\/wp-json\/wp\/v2\/pages\/1481\/revisions"}],"predecessor-version":[{"id":7137,"href":"https:\/\/legsedition.net\/public\/wp-json\/wp\/v2\/pages\/1481\/revisions\/7137"}],"wp:attachment":[{"href":"https:\/\/legsedition.net\/public\/wp-json\/wp\/v2\/media?parent=1481"}],"curies":[{"name":"wp","href":"https:\/\/api.w.org\/{rel}","templated":true}]}}