{"id":1488,"date":"2018-04-17T16:06:30","date_gmt":"2018-04-17T16:06:30","guid":{"rendered":"http:\/\/legsedition.net\/public\/?page_id=1488"},"modified":"2023-04-07T20:05:54","modified_gmt":"2023-04-07T20:05:54","slug":"guy-junior-regis","status":"publish","type":"page","link":"https:\/\/legsedition.net\/public\/guy-junior-regis\/","title":{"rendered":"Guy Junior R\u00e9gis"},"content":{"rendered":"<p><a href=\"http:\/\/legsedition.net\/public\/wp-content\/uploads\/2017\/12\/2b24d9_c0e0c0ced5054d9ebd6710a0eea786e2mv2.jpg\"><img decoding=\"async\" class=\"alignleft wp-image-629 size-full\" src=\"https:\/\/legsedition.net\/public\/wp-content\/uploads\/2017\/12\/2b24d9_c0e0c0ced5054d9ebd6710a0eea786e2mv2.jpg\" alt=\"\" width=\"140\" height=\"169\" srcset=\"https:\/\/legsedition.net\/public\/wp-content\/uploads\/2017\/12\/2b24d9_c0e0c0ced5054d9ebd6710a0eea786e2mv2.jpg 140w, https:\/\/legsedition.net\/public\/wp-content\/uploads\/2017\/12\/2b24d9_c0e0c0ced5054d9ebd6710a0eea786e2mv2-133x160.jpg 133w\" sizes=\"(max-width: 140px) 100vw, 140px\" \/><\/a>Guy Junior R\u00e9gis a fait des \u00e9tudes en anthropologie et en psychologie. Dramaturge, metteur en sc\u00e8ne, po\u00e8te et com\u00e9dien, il a fond\u00e9 en 2001, avec d\u2019autres artistes, le collectif \u00ab\u00a0NOUS Th\u00e9\u00e2tre\u00a0\u00bb, mouvement qui a apport\u00e9 un nouveau souffle au th\u00e9\u00e2tre ha\u00eftien. Directeur de l\u2019Association de th\u00e9\u00e2tre Quatre chemins, il a traduit en cr\u00e9ole ha\u00eftien\u00a0<em>L\u2019\u00e9trange<\/em>r\u00a0d\u2019Albert Camus paru aux\u00a0Presses nationales d\u2019Ha\u00efti\u00a0en 2008. Il a pr\u00e9sent\u00e9 plusieurs de ses cr\u00e9ations sur la sc\u00e8ne du Tarmac de la Villette \u00e0 Paris, dont le\u00a0dernier est\u00a0<em>Dezafi<\/em>\u00a0de Frank\u00e9tienne en 2015. Il est l&rsquo;auteur d&rsquo;une dizaine de pi\u00e8ces de th\u00e9\u00e2tre parus chez Vents d&rsquo;Ailleurs et Les solitaires intempestifs et d&rsquo;un roman,\u00a0<em>Le troph\u00e9e des capitaux <\/em>(2011)publi\u00e9s chez Vents d&rsquo;Ailleurs.<\/p>\n<p>[<a href=\"http:\/\/ile-en-ile.org\/regis\/\" target=\"_blank\" rel=\"noopener\">Voir la page de pr\u00e9sentation de Guy R\u00e9gis Jr sur \u00cele en \u00cele<\/a>]<\/p>\n<p>&nbsp;<\/p>\n<p><strong>Publications chez LEGS \u00c9DITION<\/strong><\/p>\n<p>&nbsp;<\/p>\n<p><em><a href=\"https:\/\/legsedition.net\/public\/2020\/02\/20\/powem-entedi-ak-lot-powem\/\" target=\"_blank\" rel=\"noopener\">Pow\u00e8m ent\u00e8di ak l\u00f2t pow\u00e8m<\/a>, <\/em>2020<\/p>\n<p><a href=\"https:\/\/legsedition.net\/public\/wp-content\/uploads\/2020\/02\/cover_guy.png\"><img fetchpriority=\"high\" decoding=\"async\" class=\"alignnone wp-image-3364 size-medium\" src=\"https:\/\/legsedition.net\/public\/wp-content\/uploads\/2020\/02\/cover_guy-192x300.png\" alt=\"\" width=\"192\" height=\"300\" srcset=\"https:\/\/legsedition.net\/public\/wp-content\/uploads\/2020\/02\/cover_guy-192x300.png 192w, https:\/\/legsedition.net\/public\/wp-content\/uploads\/2020\/02\/cover_guy-102x160.png 102w, https:\/\/legsedition.net\/public\/wp-content\/uploads\/2020\/02\/cover_guy.png 313w\" sizes=\"(max-width: 192px) 100vw, 192px\" \/><\/a><\/p>\n<p><a href=\"http:\/\/legsedition.net\/public\/des-hommes-et-des-ombres\/\" target=\"_blank\" rel=\"noopener\"><em>&#8230;des hommes et des ombres,<\/em><\/a> 2018<\/p>\n<p><a href=\"http:\/\/legsedition.net\/public\/wp-content\/uploads\/2018\/08\/cover_1_le_pere.png\"><img decoding=\"async\" class=\"alignnone size-medium wp-image-1967\" src=\"http:\/\/legsedition.net\/public\/wp-content\/uploads\/2018\/08\/cover_1_le_pere-154x300.png\" alt=\"\" width=\"154\" height=\"300\" srcset=\"https:\/\/legsedition.net\/public\/wp-content\/uploads\/2018\/08\/cover_1_le_pere-154x300.png 154w, https:\/\/legsedition.net\/public\/wp-content\/uploads\/2018\/08\/cover_1_le_pere-82x160.png 82w, https:\/\/legsedition.net\/public\/wp-content\/uploads\/2018\/08\/cover_1_le_pere.png 249w\" sizes=\"(max-width: 154px) 100vw, 154px\" \/><\/a><\/p>\n<p><em>Pow\u00e8m ent\u00e8di,\u00a0<\/em>2016<\/p>\n<p><a href=\"http:\/\/legsedition.net\/public\/wp-content\/uploads\/2017\/12\/COVER-POWEM-ENTEDI-.jpg\"><img loading=\"lazy\" decoding=\"async\" class=\"size-medium wp-image-111 alignleft\" src=\"http:\/\/legsedition.net\/public\/wp-content\/uploads\/2017\/12\/COVER-POWEM-ENTEDI--150x300.jpg\" alt=\"\" width=\"150\" height=\"300\" srcset=\"https:\/\/legsedition.net\/public\/wp-content\/uploads\/2017\/12\/COVER-POWEM-ENTEDI--150x300.jpg 150w, https:\/\/legsedition.net\/public\/wp-content\/uploads\/2017\/12\/COVER-POWEM-ENTEDI--416x832.jpg 416w, https:\/\/legsedition.net\/public\/wp-content\/uploads\/2017\/12\/COVER-POWEM-ENTEDI--400x800.jpg 400w, https:\/\/legsedition.net\/public\/wp-content\/uploads\/2017\/12\/COVER-POWEM-ENTEDI-.jpg 418w\" sizes=\"(max-width: 150px) 100vw, 150px\" \/><\/a><\/p>\n","protected":false},"excerpt":{"rendered":"<p>Guy Junior R\u00e9gis a fait des \u00e9tudes en anthropologie et en psychologie. Dramaturge, metteur en sc\u00e8ne, po\u00e8te et com\u00e9dien, il a fond\u00e9 en 2001, avec d\u2019autres artistes, le collectif \u00ab\u00a0NOUS Th\u00e9\u00e2tre\u00a0\u00bb, mouvement qui a apport\u00e9 un nouveau souffle au th\u00e9\u00e2tre&#8230;<\/p>\n","protected":false},"author":2,"featured_media":0,"parent":0,"menu_order":0,"comment_status":"closed","ping_status":"closed","template":"","meta":{"footnotes":""},"class_list":["post-1488","page","type-page","status-publish","hentry","no-post-thumbnail"],"yoast_head":"<!-- This site is optimized with the Yoast SEO plugin v27.3 - https:\/\/yoast.com\/product\/yoast-seo-wordpress\/ -->\n<title>Guy Junior R\u00e9gis | LEGS &Eacute;DITION<\/title>\n<meta name=\"robots\" content=\"index, follow, max-snippet:-1, max-image-preview:large, max-video-preview:-1\" \/>\n<link rel=\"canonical\" href=\"https:\/\/legsedition.net\/public\/guy-junior-regis\/\" \/>\n<meta property=\"og:locale\" content=\"fr_FR\" \/>\n<meta property=\"og:type\" content=\"article\" \/>\n<meta property=\"og:title\" content=\"Guy Junior R\u00e9gis | LEGS &Eacute;DITION\" \/>\n<meta property=\"og:description\" content=\"Guy Junior R\u00e9gis a fait des \u00e9tudes en anthropologie et en psychologie. Dramaturge, metteur en sc\u00e8ne, po\u00e8te et com\u00e9dien, il a fond\u00e9 en 2001, avec d\u2019autres artistes, le collectif \u00ab\u00a0NOUS Th\u00e9\u00e2tre\u00a0\u00bb, mouvement qui a apport\u00e9 un nouveau souffle au th\u00e9\u00e2tre...\" \/>\n<meta property=\"og:url\" content=\"https:\/\/legsedition.net\/public\/guy-junior-regis\/\" \/>\n<meta property=\"og:site_name\" content=\"LEGS &Eacute;DITION\" \/>\n<meta property=\"article:publisher\" content=\"https:\/\/web.facebook.com\/LegsEtLitterature\/\" \/>\n<meta property=\"article:modified_time\" content=\"2023-04-07T20:05:54+00:00\" \/>\n<meta property=\"og:image\" content=\"https:\/\/legsedition.net\/public\/wp-content\/uploads\/2017\/12\/2b24d9_c0e0c0ced5054d9ebd6710a0eea786e2mv2.jpg\" \/>\n<meta name=\"twitter:card\" content=\"summary_large_image\" \/>\n<meta name=\"twitter:label1\" content=\"Dur\u00e9e de lecture estim\u00e9e\" \/>\n\t<meta name=\"twitter:data1\" content=\"1 minute\" \/>\n<script type=\"application\/ld+json\" class=\"yoast-schema-graph\">{\"@context\":\"https:\\\/\\\/schema.org\",\"@graph\":[{\"@type\":\"WebPage\",\"@id\":\"https:\\\/\\\/legsedition.net\\\/public\\\/guy-junior-regis\\\/\",\"url\":\"https:\\\/\\\/legsedition.net\\\/public\\\/guy-junior-regis\\\/\",\"name\":\"Guy Junior R\u00e9gis | LEGS &Eacute;DITION\",\"isPartOf\":{\"@id\":\"https:\\\/\\\/legsedition.net\\\/public\\\/#website\"},\"primaryImageOfPage\":{\"@id\":\"https:\\\/\\\/legsedition.net\\\/public\\\/guy-junior-regis\\\/#primaryimage\"},\"image\":{\"@id\":\"https:\\\/\\\/legsedition.net\\\/public\\\/guy-junior-regis\\\/#primaryimage\"},\"thumbnailUrl\":\"https:\\\/\\\/legsedition.net\\\/public\\\/wp-content\\\/uploads\\\/2017\\\/12\\\/2b24d9_c0e0c0ced5054d9ebd6710a0eea786e2mv2.jpg\",\"datePublished\":\"2018-04-17T16:06:30+00:00\",\"dateModified\":\"2023-04-07T20:05:54+00:00\",\"breadcrumb\":{\"@id\":\"https:\\\/\\\/legsedition.net\\\/public\\\/guy-junior-regis\\\/#breadcrumb\"},\"inLanguage\":\"fr-FR\",\"potentialAction\":[{\"@type\":\"ReadAction\",\"target\":[\"https:\\\/\\\/legsedition.net\\\/public\\\/guy-junior-regis\\\/\"]}]},{\"@type\":\"ImageObject\",\"inLanguage\":\"fr-FR\",\"@id\":\"https:\\\/\\\/legsedition.net\\\/public\\\/guy-junior-regis\\\/#primaryimage\",\"url\":\"https:\\\/\\\/legsedition.net\\\/public\\\/wp-content\\\/uploads\\\/2017\\\/12\\\/2b24d9_c0e0c0ced5054d9ebd6710a0eea786e2mv2.jpg\",\"contentUrl\":\"https:\\\/\\\/legsedition.net\\\/public\\\/wp-content\\\/uploads\\\/2017\\\/12\\\/2b24d9_c0e0c0ced5054d9ebd6710a0eea786e2mv2.jpg\",\"width\":140,\"height\":169},{\"@type\":\"BreadcrumbList\",\"@id\":\"https:\\\/\\\/legsedition.net\\\/public\\\/guy-junior-regis\\\/#breadcrumb\",\"itemListElement\":[{\"@type\":\"ListItem\",\"position\":1,\"name\":\"Home\",\"item\":\"https:\\\/\\\/legsedition.net\\\/public\\\/\"},{\"@type\":\"ListItem\",\"position\":2,\"name\":\"Guy Junior R\u00e9gis\"}]},{\"@type\":\"WebSite\",\"@id\":\"https:\\\/\\\/legsedition.net\\\/public\\\/#website\",\"url\":\"https:\\\/\\\/legsedition.net\\\/public\\\/\",\"name\":\"LEGS &Eacute;DITION\",\"description\":\"\",\"potentialAction\":[{\"@type\":\"SearchAction\",\"target\":{\"@type\":\"EntryPoint\",\"urlTemplate\":\"https:\\\/\\\/legsedition.net\\\/public\\\/?s={search_term_string}\"},\"query-input\":{\"@type\":\"PropertyValueSpecification\",\"valueRequired\":true,\"valueName\":\"search_term_string\"}}],\"inLanguage\":\"fr-FR\"}]}<\/script>\n<!-- \/ Yoast SEO plugin. -->","yoast_head_json":{"title":"Guy Junior R\u00e9gis | LEGS &Eacute;DITION","robots":{"index":"index","follow":"follow","max-snippet":"max-snippet:-1","max-image-preview":"max-image-preview:large","max-video-preview":"max-video-preview:-1"},"canonical":"https:\/\/legsedition.net\/public\/guy-junior-regis\/","og_locale":"fr_FR","og_type":"article","og_title":"Guy Junior R\u00e9gis | LEGS &Eacute;DITION","og_description":"Guy Junior R\u00e9gis a fait des \u00e9tudes en anthropologie et en psychologie. Dramaturge, metteur en sc\u00e8ne, po\u00e8te et com\u00e9dien, il a fond\u00e9 en 2001, avec d\u2019autres artistes, le collectif \u00ab\u00a0NOUS Th\u00e9\u00e2tre\u00a0\u00bb, mouvement qui a apport\u00e9 un nouveau souffle au th\u00e9\u00e2tre...","og_url":"https:\/\/legsedition.net\/public\/guy-junior-regis\/","og_site_name":"LEGS &Eacute;DITION","article_publisher":"https:\/\/web.facebook.com\/LegsEtLitterature\/","article_modified_time":"2023-04-07T20:05:54+00:00","og_image":[{"url":"https:\/\/legsedition.net\/public\/wp-content\/uploads\/2017\/12\/2b24d9_c0e0c0ced5054d9ebd6710a0eea786e2mv2.jpg","type":"","width":"","height":""}],"twitter_card":"summary_large_image","twitter_misc":{"Dur\u00e9e de lecture estim\u00e9e":"1 minute"},"schema":{"@context":"https:\/\/schema.org","@graph":[{"@type":"WebPage","@id":"https:\/\/legsedition.net\/public\/guy-junior-regis\/","url":"https:\/\/legsedition.net\/public\/guy-junior-regis\/","name":"Guy Junior R\u00e9gis | LEGS &Eacute;DITION","isPartOf":{"@id":"https:\/\/legsedition.net\/public\/#website"},"primaryImageOfPage":{"@id":"https:\/\/legsedition.net\/public\/guy-junior-regis\/#primaryimage"},"image":{"@id":"https:\/\/legsedition.net\/public\/guy-junior-regis\/#primaryimage"},"thumbnailUrl":"https:\/\/legsedition.net\/public\/wp-content\/uploads\/2017\/12\/2b24d9_c0e0c0ced5054d9ebd6710a0eea786e2mv2.jpg","datePublished":"2018-04-17T16:06:30+00:00","dateModified":"2023-04-07T20:05:54+00:00","breadcrumb":{"@id":"https:\/\/legsedition.net\/public\/guy-junior-regis\/#breadcrumb"},"inLanguage":"fr-FR","potentialAction":[{"@type":"ReadAction","target":["https:\/\/legsedition.net\/public\/guy-junior-regis\/"]}]},{"@type":"ImageObject","inLanguage":"fr-FR","@id":"https:\/\/legsedition.net\/public\/guy-junior-regis\/#primaryimage","url":"https:\/\/legsedition.net\/public\/wp-content\/uploads\/2017\/12\/2b24d9_c0e0c0ced5054d9ebd6710a0eea786e2mv2.jpg","contentUrl":"https:\/\/legsedition.net\/public\/wp-content\/uploads\/2017\/12\/2b24d9_c0e0c0ced5054d9ebd6710a0eea786e2mv2.jpg","width":140,"height":169},{"@type":"BreadcrumbList","@id":"https:\/\/legsedition.net\/public\/guy-junior-regis\/#breadcrumb","itemListElement":[{"@type":"ListItem","position":1,"name":"Home","item":"https:\/\/legsedition.net\/public\/"},{"@type":"ListItem","position":2,"name":"Guy Junior R\u00e9gis"}]},{"@type":"WebSite","@id":"https:\/\/legsedition.net\/public\/#website","url":"https:\/\/legsedition.net\/public\/","name":"LEGS &Eacute;DITION","description":"","potentialAction":[{"@type":"SearchAction","target":{"@type":"EntryPoint","urlTemplate":"https:\/\/legsedition.net\/public\/?s={search_term_string}"},"query-input":{"@type":"PropertyValueSpecification","valueRequired":true,"valueName":"search_term_string"}}],"inLanguage":"fr-FR"}]}},"_links":{"self":[{"href":"https:\/\/legsedition.net\/public\/wp-json\/wp\/v2\/pages\/1488","targetHints":{"allow":["GET"]}}],"collection":[{"href":"https:\/\/legsedition.net\/public\/wp-json\/wp\/v2\/pages"}],"about":[{"href":"https:\/\/legsedition.net\/public\/wp-json\/wp\/v2\/types\/page"}],"author":[{"embeddable":true,"href":"https:\/\/legsedition.net\/public\/wp-json\/wp\/v2\/users\/2"}],"replies":[{"embeddable":true,"href":"https:\/\/legsedition.net\/public\/wp-json\/wp\/v2\/comments?post=1488"}],"version-history":[{"count":10,"href":"https:\/\/legsedition.net\/public\/wp-json\/wp\/v2\/pages\/1488\/revisions"}],"predecessor-version":[{"id":5475,"href":"https:\/\/legsedition.net\/public\/wp-json\/wp\/v2\/pages\/1488\/revisions\/5475"}],"wp:attachment":[{"href":"https:\/\/legsedition.net\/public\/wp-json\/wp\/v2\/media?parent=1488"}],"curies":[{"name":"wp","href":"https:\/\/api.w.org\/{rel}","templated":true}]}}