{"id":1490,"date":"2018-04-17T16:14:28","date_gmt":"2018-04-17T16:14:28","guid":{"rendered":"http:\/\/legsedition.net\/public\/?page_id=1490"},"modified":"2020-10-19T20:42:11","modified_gmt":"2020-10-19T20:42:11","slug":"janine-tavernier","status":"publish","type":"page","link":"https:\/\/legsedition.net\/public\/janine-tavernier\/","title":{"rendered":"Janine Tavernier"},"content":{"rendered":"<div id=\"i38v5hgz\" class=\"txtNew\" data-packed=\"true\">\n<figure id=\"attachment_620\" aria-describedby=\"caption-attachment-620\" style=\"width: 174px\" class=\"wp-caption alignleft\"><a href=\"http:\/\/legsedition.net\/public\/wp-content\/uploads\/2017\/12\/014841_4a8f3ef9f7ce4d0eac35bdb40d2001f1.jpg\"><img decoding=\"async\" class=\"size-full wp-image-620\" src=\"http:\/\/legsedition.net\/public\/wp-content\/uploads\/2017\/12\/014841_4a8f3ef9f7ce4d0eac35bdb40d2001f1.jpg\" alt=\"\" width=\"174\" height=\"175\" srcset=\"https:\/\/legsedition.net\/public\/wp-content\/uploads\/2017\/12\/014841_4a8f3ef9f7ce4d0eac35bdb40d2001f1.jpg 174w, https:\/\/legsedition.net\/public\/wp-content\/uploads\/2017\/12\/014841_4a8f3ef9f7ce4d0eac35bdb40d2001f1-100x100.jpg 100w, https:\/\/legsedition.net\/public\/wp-content\/uploads\/2017\/12\/014841_4a8f3ef9f7ce4d0eac35bdb40d2001f1-150x150.jpg 150w, https:\/\/legsedition.net\/public\/wp-content\/uploads\/2017\/12\/014841_4a8f3ef9f7ce4d0eac35bdb40d2001f1-159x160.jpg 159w\" sizes=\"(max-width: 174px) 100vw, 174px\" \/><\/a><figcaption id=\"caption-attachment-620\" class=\"wp-caption-text\">\u00a9<a href=\"http:\/\/ile-en-ile.org\/tavernier\/\" target=\"_blank\" rel=\"noopener\">ile-en-ile.org<\/a><\/figcaption><\/figure>\n<p class=\"font_5\">Janine Tavernier est n\u00e9e \u00e0 Port-au-Prince en 1935. Exil\u00e9e en 1967 avec sa famille aux \u00c9tats-Unis, elle fait des \u00e9tudes universitaires \u00e0 San Francisco State University en Californie o\u00f9 elle obtient une licence en lettres fran\u00e7aises, puis \u00e0\u00a0New York University o\u00f9 elle obtient une ma\u00eetrise en langue fran\u00e7aise et en civilisation fran\u00e7aise, et \u00e0 l\u2019universit\u00e9 de Californie \u00e0 Davis o\u00f9 elle obtient un doctorat en litt\u00e9raire fran\u00e7aise avec une sp\u00e9cialit\u00e9 en francophonie. Po\u00e9tesse majeure des ann\u00e9es 1960 en Ha\u00efti, elle est, selon le critique litt\u00e9raire Pierre Raymond Dumas, \u00ab l\u2019une des plus dou\u00e9es et des plus attachantes de nos po\u00e9tesses \u00bb.\u00a0[<a href=\"http:\/\/ile-en-ile.org\/tavernier\/\" target=\"_blank\" rel=\"noopener\">Voir la page de pr\u00e9sentation de Janine Tavernier sur \u00cele en \u00cele<\/a>]<\/p>\n<p>&nbsp;<\/p>\n<p><strong>Publication chez LEGS \u00c9DITION<\/strong><\/p>\n<p><a href=\"http:\/\/legsedition.net\/public\/ombre-ensoleillee-suivi-de-splendeur\/\" target=\"_blank\" rel=\"noopener\"><em>Ombre ensoleill\u00e9e\u00a0<\/em>suivi de\u00a0<\/a><em>Splendeur,\u00a0<\/em>2014<\/p>\n<p><a href=\"http:\/\/legsedition.net\/public\/wp-content\/uploads\/2017\/12\/Ombre-ensoleillee-Face.jpg\"><img fetchpriority=\"high\" decoding=\"async\" class=\"size-medium wp-image-136 alignleft\" src=\"http:\/\/legsedition.net\/public\/wp-content\/uploads\/2017\/12\/Ombre-ensoleillee-Face-184x300.jpg\" alt=\"\" width=\"184\" height=\"300\" srcset=\"https:\/\/legsedition.net\/public\/wp-content\/uploads\/2017\/12\/Ombre-ensoleillee-Face-184x300.jpg 184w, https:\/\/legsedition.net\/public\/wp-content\/uploads\/2017\/12\/Ombre-ensoleillee-Face-416x678.jpg 416w, https:\/\/legsedition.net\/public\/wp-content\/uploads\/2017\/12\/Ombre-ensoleillee-Face-400x652.jpg 400w, https:\/\/legsedition.net\/public\/wp-content\/uploads\/2017\/12\/Ombre-ensoleillee-Face.jpg 466w\" sizes=\"(max-width: 184px) 100vw, 184px\" \/><\/a><\/p>\n<\/div>\n<p>&nbsp;<\/p>\n<p>&nbsp;<\/p>\n","protected":false},"excerpt":{"rendered":"<p>Janine Tavernier est n\u00e9e \u00e0 Port-au-Prince en 1935. Exil\u00e9e en 1967 avec sa famille aux \u00c9tats-Unis, elle fait des \u00e9tudes universitaires \u00e0 San Francisco State University en Californie o\u00f9 elle obtient une licence en lettres fran\u00e7aises, puis \u00e0\u00a0New York University&#8230;<\/p>\n","protected":false},"author":2,"featured_media":0,"parent":0,"menu_order":0,"comment_status":"closed","ping_status":"closed","template":"","meta":{"footnotes":""},"class_list":["post-1490","page","type-page","status-publish","hentry","no-post-thumbnail"],"yoast_head":"<!-- This site is optimized with the Yoast SEO plugin v27.3 - https:\/\/yoast.com\/product\/yoast-seo-wordpress\/ -->\n<title>Janine Tavernier | LEGS &Eacute;DITION<\/title>\n<meta name=\"robots\" content=\"index, follow, max-snippet:-1, max-image-preview:large, max-video-preview:-1\" \/>\n<link rel=\"canonical\" href=\"https:\/\/legsedition.net\/public\/janine-tavernier\/\" \/>\n<meta property=\"og:locale\" content=\"fr_FR\" \/>\n<meta property=\"og:type\" content=\"article\" \/>\n<meta property=\"og:title\" content=\"Janine Tavernier | LEGS &Eacute;DITION\" \/>\n<meta property=\"og:description\" content=\"Janine Tavernier est n\u00e9e \u00e0 Port-au-Prince en 1935. Exil\u00e9e en 1967 avec sa famille aux \u00c9tats-Unis, elle fait des \u00e9tudes universitaires \u00e0 San Francisco State University en Californie o\u00f9 elle obtient une licence en lettres fran\u00e7aises, puis \u00e0\u00a0New York University...\" \/>\n<meta property=\"og:url\" content=\"https:\/\/legsedition.net\/public\/janine-tavernier\/\" \/>\n<meta property=\"og:site_name\" content=\"LEGS &Eacute;DITION\" \/>\n<meta property=\"article:publisher\" content=\"https:\/\/web.facebook.com\/LegsEtLitterature\/\" \/>\n<meta property=\"article:modified_time\" content=\"2020-10-19T20:42:11+00:00\" \/>\n<meta property=\"og:image\" content=\"http:\/\/legsedition.net\/public\/wp-content\/uploads\/2017\/12\/014841_4a8f3ef9f7ce4d0eac35bdb40d2001f1.jpg\" \/>\n<meta name=\"twitter:card\" content=\"summary_large_image\" \/>\n<meta name=\"twitter:label1\" content=\"Dur\u00e9e de lecture estim\u00e9e\" \/>\n\t<meta name=\"twitter:data1\" content=\"1 minute\" \/>\n<script type=\"application\/ld+json\" class=\"yoast-schema-graph\">{\"@context\":\"https:\\\/\\\/schema.org\",\"@graph\":[{\"@type\":\"WebPage\",\"@id\":\"https:\\\/\\\/legsedition.net\\\/public\\\/janine-tavernier\\\/\",\"url\":\"https:\\\/\\\/legsedition.net\\\/public\\\/janine-tavernier\\\/\",\"name\":\"Janine Tavernier | LEGS &Eacute;DITION\",\"isPartOf\":{\"@id\":\"https:\\\/\\\/legsedition.net\\\/public\\\/#website\"},\"primaryImageOfPage\":{\"@id\":\"https:\\\/\\\/legsedition.net\\\/public\\\/janine-tavernier\\\/#primaryimage\"},\"image\":{\"@id\":\"https:\\\/\\\/legsedition.net\\\/public\\\/janine-tavernier\\\/#primaryimage\"},\"thumbnailUrl\":\"http:\\\/\\\/legsedition.net\\\/public\\\/wp-content\\\/uploads\\\/2017\\\/12\\\/014841_4a8f3ef9f7ce4d0eac35bdb40d2001f1.jpg\",\"datePublished\":\"2018-04-17T16:14:28+00:00\",\"dateModified\":\"2020-10-19T20:42:11+00:00\",\"breadcrumb\":{\"@id\":\"https:\\\/\\\/legsedition.net\\\/public\\\/janine-tavernier\\\/#breadcrumb\"},\"inLanguage\":\"fr-FR\",\"potentialAction\":[{\"@type\":\"ReadAction\",\"target\":[\"https:\\\/\\\/legsedition.net\\\/public\\\/janine-tavernier\\\/\"]}]},{\"@type\":\"ImageObject\",\"inLanguage\":\"fr-FR\",\"@id\":\"https:\\\/\\\/legsedition.net\\\/public\\\/janine-tavernier\\\/#primaryimage\",\"url\":\"http:\\\/\\\/legsedition.net\\\/public\\\/wp-content\\\/uploads\\\/2017\\\/12\\\/014841_4a8f3ef9f7ce4d0eac35bdb40d2001f1.jpg\",\"contentUrl\":\"http:\\\/\\\/legsedition.net\\\/public\\\/wp-content\\\/uploads\\\/2017\\\/12\\\/014841_4a8f3ef9f7ce4d0eac35bdb40d2001f1.jpg\"},{\"@type\":\"BreadcrumbList\",\"@id\":\"https:\\\/\\\/legsedition.net\\\/public\\\/janine-tavernier\\\/#breadcrumb\",\"itemListElement\":[{\"@type\":\"ListItem\",\"position\":1,\"name\":\"Home\",\"item\":\"https:\\\/\\\/legsedition.net\\\/public\\\/\"},{\"@type\":\"ListItem\",\"position\":2,\"name\":\"Janine Tavernier\"}]},{\"@type\":\"WebSite\",\"@id\":\"https:\\\/\\\/legsedition.net\\\/public\\\/#website\",\"url\":\"https:\\\/\\\/legsedition.net\\\/public\\\/\",\"name\":\"LEGS &Eacute;DITION\",\"description\":\"\",\"potentialAction\":[{\"@type\":\"SearchAction\",\"target\":{\"@type\":\"EntryPoint\",\"urlTemplate\":\"https:\\\/\\\/legsedition.net\\\/public\\\/?s={search_term_string}\"},\"query-input\":{\"@type\":\"PropertyValueSpecification\",\"valueRequired\":true,\"valueName\":\"search_term_string\"}}],\"inLanguage\":\"fr-FR\"}]}<\/script>\n<!-- \/ Yoast SEO plugin. -->","yoast_head_json":{"title":"Janine Tavernier | LEGS &Eacute;DITION","robots":{"index":"index","follow":"follow","max-snippet":"max-snippet:-1","max-image-preview":"max-image-preview:large","max-video-preview":"max-video-preview:-1"},"canonical":"https:\/\/legsedition.net\/public\/janine-tavernier\/","og_locale":"fr_FR","og_type":"article","og_title":"Janine Tavernier | LEGS &Eacute;DITION","og_description":"Janine Tavernier est n\u00e9e \u00e0 Port-au-Prince en 1935. Exil\u00e9e en 1967 avec sa famille aux \u00c9tats-Unis, elle fait des \u00e9tudes universitaires \u00e0 San Francisco State University en Californie o\u00f9 elle obtient une licence en lettres fran\u00e7aises, puis \u00e0\u00a0New York University...","og_url":"https:\/\/legsedition.net\/public\/janine-tavernier\/","og_site_name":"LEGS &Eacute;DITION","article_publisher":"https:\/\/web.facebook.com\/LegsEtLitterature\/","article_modified_time":"2020-10-19T20:42:11+00:00","og_image":[{"url":"http:\/\/legsedition.net\/public\/wp-content\/uploads\/2017\/12\/014841_4a8f3ef9f7ce4d0eac35bdb40d2001f1.jpg","type":"","width":"","height":""}],"twitter_card":"summary_large_image","twitter_misc":{"Dur\u00e9e de lecture estim\u00e9e":"1 minute"},"schema":{"@context":"https:\/\/schema.org","@graph":[{"@type":"WebPage","@id":"https:\/\/legsedition.net\/public\/janine-tavernier\/","url":"https:\/\/legsedition.net\/public\/janine-tavernier\/","name":"Janine Tavernier | LEGS &Eacute;DITION","isPartOf":{"@id":"https:\/\/legsedition.net\/public\/#website"},"primaryImageOfPage":{"@id":"https:\/\/legsedition.net\/public\/janine-tavernier\/#primaryimage"},"image":{"@id":"https:\/\/legsedition.net\/public\/janine-tavernier\/#primaryimage"},"thumbnailUrl":"http:\/\/legsedition.net\/public\/wp-content\/uploads\/2017\/12\/014841_4a8f3ef9f7ce4d0eac35bdb40d2001f1.jpg","datePublished":"2018-04-17T16:14:28+00:00","dateModified":"2020-10-19T20:42:11+00:00","breadcrumb":{"@id":"https:\/\/legsedition.net\/public\/janine-tavernier\/#breadcrumb"},"inLanguage":"fr-FR","potentialAction":[{"@type":"ReadAction","target":["https:\/\/legsedition.net\/public\/janine-tavernier\/"]}]},{"@type":"ImageObject","inLanguage":"fr-FR","@id":"https:\/\/legsedition.net\/public\/janine-tavernier\/#primaryimage","url":"http:\/\/legsedition.net\/public\/wp-content\/uploads\/2017\/12\/014841_4a8f3ef9f7ce4d0eac35bdb40d2001f1.jpg","contentUrl":"http:\/\/legsedition.net\/public\/wp-content\/uploads\/2017\/12\/014841_4a8f3ef9f7ce4d0eac35bdb40d2001f1.jpg"},{"@type":"BreadcrumbList","@id":"https:\/\/legsedition.net\/public\/janine-tavernier\/#breadcrumb","itemListElement":[{"@type":"ListItem","position":1,"name":"Home","item":"https:\/\/legsedition.net\/public\/"},{"@type":"ListItem","position":2,"name":"Janine Tavernier"}]},{"@type":"WebSite","@id":"https:\/\/legsedition.net\/public\/#website","url":"https:\/\/legsedition.net\/public\/","name":"LEGS &Eacute;DITION","description":"","potentialAction":[{"@type":"SearchAction","target":{"@type":"EntryPoint","urlTemplate":"https:\/\/legsedition.net\/public\/?s={search_term_string}"},"query-input":{"@type":"PropertyValueSpecification","valueRequired":true,"valueName":"search_term_string"}}],"inLanguage":"fr-FR"}]}},"_links":{"self":[{"href":"https:\/\/legsedition.net\/public\/wp-json\/wp\/v2\/pages\/1490","targetHints":{"allow":["GET"]}}],"collection":[{"href":"https:\/\/legsedition.net\/public\/wp-json\/wp\/v2\/pages"}],"about":[{"href":"https:\/\/legsedition.net\/public\/wp-json\/wp\/v2\/types\/page"}],"author":[{"embeddable":true,"href":"https:\/\/legsedition.net\/public\/wp-json\/wp\/v2\/users\/2"}],"replies":[{"embeddable":true,"href":"https:\/\/legsedition.net\/public\/wp-json\/wp\/v2\/comments?post=1490"}],"version-history":[{"count":4,"href":"https:\/\/legsedition.net\/public\/wp-json\/wp\/v2\/pages\/1490\/revisions"}],"predecessor-version":[{"id":3684,"href":"https:\/\/legsedition.net\/public\/wp-json\/wp\/v2\/pages\/1490\/revisions\/3684"}],"wp:attachment":[{"href":"https:\/\/legsedition.net\/public\/wp-json\/wp\/v2\/media?parent=1490"}],"curies":[{"name":"wp","href":"https:\/\/api.w.org\/{rel}","templated":true}]}}