{"id":1492,"date":"2018-04-17T16:22:23","date_gmt":"2018-04-17T16:22:23","guid":{"rendered":"http:\/\/legsedition.net\/public\/?page_id=1492"},"modified":"2025-01-25T17:01:22","modified_gmt":"2025-01-25T17:01:22","slug":"marie-alice-theard","status":"publish","type":"page","link":"https:\/\/legsedition.net\/public\/marie-alice-theard\/","title":{"rendered":"Marie-Alice Th\u00e9ard"},"content":{"rendered":"<p><a href=\"http:\/\/legsedition.net\/public\/wp-content\/uploads\/2017\/12\/014841_af53de3ff2144c2c8a6aebff7f0934a3.jpg\"><img fetchpriority=\"high\" decoding=\"async\" class=\"size-medium wp-image-289 alignleft\" src=\"http:\/\/legsedition.net\/public\/wp-content\/uploads\/2017\/12\/014841_af53de3ff2144c2c8a6aebff7f0934a3-238x300.jpg\" alt=\"\" width=\"238\" height=\"300\" srcset=\"https:\/\/legsedition.net\/public\/wp-content\/uploads\/2017\/12\/014841_af53de3ff2144c2c8a6aebff7f0934a3-238x300.jpg 238w, https:\/\/legsedition.net\/public\/wp-content\/uploads\/2017\/12\/014841_af53de3ff2144c2c8a6aebff7f0934a3.jpg 254w\" sizes=\"(max-width: 238px) 100vw, 238px\" \/><\/a>Marie Alice Th\u00e9ard est n\u00e9e \u00e0 Port-au-Prince en 1948. Elle a grandi aux Cayes, la deuxi\u00e8me ville d\u2019Ha\u00efti entre terre et montagnes, le regard berc\u00e9 par la beaut\u00e9 des plages et la clart\u00e9 de la v\u00e9g\u00e9tation. Elle a fait des \u00e9tudes en Secr\u00e9tariat bilingue et en H\u00f4tellerie \u00e0 La Salle University de Chicago \u00e0 Illinois et en Histoire de l\u2019art \u00e0 l\u2019Institut fran\u00e7ais sous la direction de Michel Philippe Lerebours.<\/p>\n<p>Pendant environ dix ans, elle a anim\u00e9 sur Canal Bleu, une \u00e9mission artistique et culturelle assez pris\u00e9e, Kiskeya, l\u2019\u00eele myst\u00e9rieuse qui a vu d\u00e9filer sur le petit \u00e9cran des personnalit\u00e9s embl\u00e9matiques de la production litt\u00e9raire et artistique du pays.<\/p>\n<p>Galeriste et commissaire d\u2019exposition \u00e0 Festival Arts, galerie d\u2019art qu\u2019elle a cr\u00e9\u00e9e dans les ann\u00e9es 1980, et qui promeut la peinture ha\u00eftienne. Docteur honoris causa in humanities, elle est aussi po\u00e8te, romanci\u00e8re, critique d\u2019art et essayiste.\u00a0En 2013, elle a publi\u00e9 un important volume sur l\u2019art f\u00e9minin en Ha\u00efti intitul\u00e9 <em>Pr\u00e9sence f\u00e9minine dans l\u2019art ha\u00eftien<\/em>\u00a0une r\u00e9flexion critique colossale surla place et l\u2019apport des femmes ha\u00eftiennes dans la cr\u00e9ation artistique. [<a href=\"http:\/\/ile-en-ile.org\/theard\/\" target=\"_blank\" rel=\"noopener\">Voir la page de pr\u00e9sentation de Marie Alice Th\u00e9ard sur \u00cele en \u00cele<\/a>]<\/p>\n<p><strong>Publication chez LEGS \u00c9DITION<\/strong><\/p>\n<p><em><a href=\"http:\/\/legsedition.net\/public\/star\/\" target=\"_blank\" rel=\"noopener\">Star<\/a>,\u00a0<\/em>2016<\/p>\n<p><a href=\"http:\/\/legsedition.net\/public\/wp-content\/uploads\/2017\/12\/Star_MAT.png\"><img decoding=\"async\" class=\"alignnone size-medium wp-image-148\" src=\"http:\/\/legsedition.net\/public\/wp-content\/uploads\/2017\/12\/Star_MAT-185x300.png\" alt=\"\" width=\"185\" height=\"300\" srcset=\"https:\/\/legsedition.net\/public\/wp-content\/uploads\/2017\/12\/Star_MAT-185x300.png 185w, https:\/\/legsedition.net\/public\/wp-content\/uploads\/2017\/12\/Star_MAT-416x676.png 416w, https:\/\/legsedition.net\/public\/wp-content\/uploads\/2017\/12\/Star_MAT-400x650.png 400w, https:\/\/legsedition.net\/public\/wp-content\/uploads\/2017\/12\/Star_MAT.png 480w\" sizes=\"(max-width: 185px) 100vw, 185px\" \/><\/a><\/p>\n<p><em><a href=\"http:\/\/legsedition.net\/public\/des-maux-et-des-rues-2\/\" target=\"_blank\" rel=\"noopener\">&#8230;des maux et des rues<\/a>,\u00a0<\/em>2014<\/p>\n<p><a href=\"http:\/\/legsedition.net\/public\/wp-content\/uploads\/2017\/12\/Des-maux-et-des-rues-Unique.jpg\"><img decoding=\"async\" class=\"size-medium wp-image-118 alignleft\" src=\"http:\/\/legsedition.net\/public\/wp-content\/uploads\/2017\/12\/Des-maux-et-des-rues-Unique-159x300.jpg\" alt=\"\" width=\"159\" height=\"300\" srcset=\"https:\/\/legsedition.net\/public\/wp-content\/uploads\/2017\/12\/Des-maux-et-des-rues-Unique-159x300.jpg 159w, https:\/\/legsedition.net\/public\/wp-content\/uploads\/2017\/12\/Des-maux-et-des-rues-Unique.jpg 393w\" sizes=\"(max-width: 159px) 100vw, 159px\" \/><\/a><\/p>\n","protected":false},"excerpt":{"rendered":"<p>Marie Alice Th\u00e9ard est n\u00e9e \u00e0 Port-au-Prince en 1948. Elle a grandi aux Cayes, la deuxi\u00e8me ville d\u2019Ha\u00efti entre terre et montagnes, le regard berc\u00e9 par la beaut\u00e9 des plages et la clart\u00e9 de la v\u00e9g\u00e9tation. Elle a fait des&#8230;<\/p>\n","protected":false},"author":2,"featured_media":0,"parent":0,"menu_order":0,"comment_status":"closed","ping_status":"closed","template":"","meta":{"footnotes":""},"class_list":["post-1492","page","type-page","status-publish","hentry","no-post-thumbnail"],"yoast_head":"<!-- This site is optimized with the Yoast SEO plugin v27.4 - https:\/\/yoast.com\/product\/yoast-seo-wordpress\/ -->\n<title>Marie-Alice Th\u00e9ard | LEGS &Eacute;DITION<\/title>\n<meta name=\"robots\" content=\"index, follow, max-snippet:-1, max-image-preview:large, max-video-preview:-1\" \/>\n<link rel=\"canonical\" href=\"https:\/\/legsedition.net\/public\/marie-alice-theard\/\" \/>\n<meta property=\"og:locale\" content=\"fr_FR\" \/>\n<meta property=\"og:type\" content=\"article\" \/>\n<meta property=\"og:title\" content=\"Marie-Alice Th\u00e9ard | LEGS &Eacute;DITION\" \/>\n<meta property=\"og:description\" content=\"Marie Alice Th\u00e9ard est n\u00e9e \u00e0 Port-au-Prince en 1948. Elle a grandi aux Cayes, la deuxi\u00e8me ville d\u2019Ha\u00efti entre terre et montagnes, le regard berc\u00e9 par la beaut\u00e9 des plages et la clart\u00e9 de la v\u00e9g\u00e9tation. Elle a fait des...\" \/>\n<meta property=\"og:url\" content=\"https:\/\/legsedition.net\/public\/marie-alice-theard\/\" \/>\n<meta property=\"og:site_name\" content=\"LEGS &Eacute;DITION\" \/>\n<meta property=\"article:publisher\" content=\"https:\/\/web.facebook.com\/LegsEtLitterature\/\" \/>\n<meta property=\"article:modified_time\" content=\"2025-01-25T17:01:22+00:00\" \/>\n<meta property=\"og:image\" content=\"https:\/\/legsedition.net\/public\/wp-content\/uploads\/2017\/12\/014841_af53de3ff2144c2c8a6aebff7f0934a3.jpg\" \/>\n\t<meta property=\"og:image:width\" content=\"254\" \/>\n\t<meta property=\"og:image:height\" content=\"320\" \/>\n\t<meta property=\"og:image:type\" content=\"image\/jpeg\" \/>\n<meta name=\"twitter:card\" content=\"summary_large_image\" \/>\n<meta name=\"twitter:label1\" content=\"Dur\u00e9e de lecture estim\u00e9e\" \/>\n\t<meta name=\"twitter:data1\" content=\"2 minutes\" \/>\n<script type=\"application\/ld+json\" class=\"yoast-schema-graph\">{\"@context\":\"https:\\\/\\\/schema.org\",\"@graph\":[{\"@type\":\"WebPage\",\"@id\":\"https:\\\/\\\/legsedition.net\\\/public\\\/marie-alice-theard\\\/\",\"url\":\"https:\\\/\\\/legsedition.net\\\/public\\\/marie-alice-theard\\\/\",\"name\":\"Marie-Alice Th\u00e9ard | LEGS &Eacute;DITION\",\"isPartOf\":{\"@id\":\"https:\\\/\\\/legsedition.net\\\/public\\\/#website\"},\"primaryImageOfPage\":{\"@id\":\"https:\\\/\\\/legsedition.net\\\/public\\\/marie-alice-theard\\\/#primaryimage\"},\"image\":{\"@id\":\"https:\\\/\\\/legsedition.net\\\/public\\\/marie-alice-theard\\\/#primaryimage\"},\"thumbnailUrl\":\"http:\\\/\\\/legsedition.net\\\/public\\\/wp-content\\\/uploads\\\/2017\\\/12\\\/014841_af53de3ff2144c2c8a6aebff7f0934a3-238x300.jpg\",\"datePublished\":\"2018-04-17T16:22:23+00:00\",\"dateModified\":\"2025-01-25T17:01:22+00:00\",\"breadcrumb\":{\"@id\":\"https:\\\/\\\/legsedition.net\\\/public\\\/marie-alice-theard\\\/#breadcrumb\"},\"inLanguage\":\"fr-FR\",\"potentialAction\":[{\"@type\":\"ReadAction\",\"target\":[\"https:\\\/\\\/legsedition.net\\\/public\\\/marie-alice-theard\\\/\"]}]},{\"@type\":\"ImageObject\",\"inLanguage\":\"fr-FR\",\"@id\":\"https:\\\/\\\/legsedition.net\\\/public\\\/marie-alice-theard\\\/#primaryimage\",\"url\":\"http:\\\/\\\/legsedition.net\\\/public\\\/wp-content\\\/uploads\\\/2017\\\/12\\\/014841_af53de3ff2144c2c8a6aebff7f0934a3-238x300.jpg\",\"contentUrl\":\"http:\\\/\\\/legsedition.net\\\/public\\\/wp-content\\\/uploads\\\/2017\\\/12\\\/014841_af53de3ff2144c2c8a6aebff7f0934a3-238x300.jpg\"},{\"@type\":\"BreadcrumbList\",\"@id\":\"https:\\\/\\\/legsedition.net\\\/public\\\/marie-alice-theard\\\/#breadcrumb\",\"itemListElement\":[{\"@type\":\"ListItem\",\"position\":1,\"name\":\"Home\",\"item\":\"https:\\\/\\\/legsedition.net\\\/public\\\/\"},{\"@type\":\"ListItem\",\"position\":2,\"name\":\"Marie-Alice Th\u00e9ard\"}]},{\"@type\":\"WebSite\",\"@id\":\"https:\\\/\\\/legsedition.net\\\/public\\\/#website\",\"url\":\"https:\\\/\\\/legsedition.net\\\/public\\\/\",\"name\":\"LEGS &Eacute;DITION\",\"description\":\"\",\"potentialAction\":[{\"@type\":\"SearchAction\",\"target\":{\"@type\":\"EntryPoint\",\"urlTemplate\":\"https:\\\/\\\/legsedition.net\\\/public\\\/?s={search_term_string}\"},\"query-input\":{\"@type\":\"PropertyValueSpecification\",\"valueRequired\":true,\"valueName\":\"search_term_string\"}}],\"inLanguage\":\"fr-FR\"}]}<\/script>\n<!-- \/ Yoast SEO plugin. -->","yoast_head_json":{"title":"Marie-Alice Th\u00e9ard | LEGS &Eacute;DITION","robots":{"index":"index","follow":"follow","max-snippet":"max-snippet:-1","max-image-preview":"max-image-preview:large","max-video-preview":"max-video-preview:-1"},"canonical":"https:\/\/legsedition.net\/public\/marie-alice-theard\/","og_locale":"fr_FR","og_type":"article","og_title":"Marie-Alice Th\u00e9ard | LEGS &Eacute;DITION","og_description":"Marie Alice Th\u00e9ard est n\u00e9e \u00e0 Port-au-Prince en 1948. Elle a grandi aux Cayes, la deuxi\u00e8me ville d\u2019Ha\u00efti entre terre et montagnes, le regard berc\u00e9 par la beaut\u00e9 des plages et la clart\u00e9 de la v\u00e9g\u00e9tation. Elle a fait des...","og_url":"https:\/\/legsedition.net\/public\/marie-alice-theard\/","og_site_name":"LEGS &Eacute;DITION","article_publisher":"https:\/\/web.facebook.com\/LegsEtLitterature\/","article_modified_time":"2025-01-25T17:01:22+00:00","og_image":[{"width":254,"height":320,"url":"https:\/\/legsedition.net\/public\/wp-content\/uploads\/2017\/12\/014841_af53de3ff2144c2c8a6aebff7f0934a3.jpg","type":"image\/jpeg"}],"twitter_card":"summary_large_image","twitter_misc":{"Dur\u00e9e de lecture estim\u00e9e":"2 minutes"},"schema":{"@context":"https:\/\/schema.org","@graph":[{"@type":"WebPage","@id":"https:\/\/legsedition.net\/public\/marie-alice-theard\/","url":"https:\/\/legsedition.net\/public\/marie-alice-theard\/","name":"Marie-Alice Th\u00e9ard | LEGS &Eacute;DITION","isPartOf":{"@id":"https:\/\/legsedition.net\/public\/#website"},"primaryImageOfPage":{"@id":"https:\/\/legsedition.net\/public\/marie-alice-theard\/#primaryimage"},"image":{"@id":"https:\/\/legsedition.net\/public\/marie-alice-theard\/#primaryimage"},"thumbnailUrl":"http:\/\/legsedition.net\/public\/wp-content\/uploads\/2017\/12\/014841_af53de3ff2144c2c8a6aebff7f0934a3-238x300.jpg","datePublished":"2018-04-17T16:22:23+00:00","dateModified":"2025-01-25T17:01:22+00:00","breadcrumb":{"@id":"https:\/\/legsedition.net\/public\/marie-alice-theard\/#breadcrumb"},"inLanguage":"fr-FR","potentialAction":[{"@type":"ReadAction","target":["https:\/\/legsedition.net\/public\/marie-alice-theard\/"]}]},{"@type":"ImageObject","inLanguage":"fr-FR","@id":"https:\/\/legsedition.net\/public\/marie-alice-theard\/#primaryimage","url":"http:\/\/legsedition.net\/public\/wp-content\/uploads\/2017\/12\/014841_af53de3ff2144c2c8a6aebff7f0934a3-238x300.jpg","contentUrl":"http:\/\/legsedition.net\/public\/wp-content\/uploads\/2017\/12\/014841_af53de3ff2144c2c8a6aebff7f0934a3-238x300.jpg"},{"@type":"BreadcrumbList","@id":"https:\/\/legsedition.net\/public\/marie-alice-theard\/#breadcrumb","itemListElement":[{"@type":"ListItem","position":1,"name":"Home","item":"https:\/\/legsedition.net\/public\/"},{"@type":"ListItem","position":2,"name":"Marie-Alice Th\u00e9ard"}]},{"@type":"WebSite","@id":"https:\/\/legsedition.net\/public\/#website","url":"https:\/\/legsedition.net\/public\/","name":"LEGS &Eacute;DITION","description":"","potentialAction":[{"@type":"SearchAction","target":{"@type":"EntryPoint","urlTemplate":"https:\/\/legsedition.net\/public\/?s={search_term_string}"},"query-input":{"@type":"PropertyValueSpecification","valueRequired":true,"valueName":"search_term_string"}}],"inLanguage":"fr-FR"}]}},"_links":{"self":[{"href":"https:\/\/legsedition.net\/public\/wp-json\/wp\/v2\/pages\/1492","targetHints":{"allow":["GET"]}}],"collection":[{"href":"https:\/\/legsedition.net\/public\/wp-json\/wp\/v2\/pages"}],"about":[{"href":"https:\/\/legsedition.net\/public\/wp-json\/wp\/v2\/types\/page"}],"author":[{"embeddable":true,"href":"https:\/\/legsedition.net\/public\/wp-json\/wp\/v2\/users\/2"}],"replies":[{"embeddable":true,"href":"https:\/\/legsedition.net\/public\/wp-json\/wp\/v2\/comments?post=1492"}],"version-history":[{"count":6,"href":"https:\/\/legsedition.net\/public\/wp-json\/wp\/v2\/pages\/1492\/revisions"}],"predecessor-version":[{"id":8171,"href":"https:\/\/legsedition.net\/public\/wp-json\/wp\/v2\/pages\/1492\/revisions\/8171"}],"wp:attachment":[{"href":"https:\/\/legsedition.net\/public\/wp-json\/wp\/v2\/media?parent=1492"}],"curies":[{"name":"wp","href":"https:\/\/api.w.org\/{rel}","templated":true}]}}