{"id":1496,"date":"2018-04-17T16:31:40","date_gmt":"2018-04-17T16:31:40","guid":{"rendered":"http:\/\/legsedition.net\/public\/?page_id=1496"},"modified":"2024-11-07T08:27:16","modified_gmt":"2024-11-07T08:27:16","slug":"taina-tranquille","status":"publish","type":"page","link":"https:\/\/legsedition.net\/public\/taina-tranquille\/","title":{"rendered":"Ta\u00efna Tranquille"},"content":{"rendered":"<p><a href=\"http:\/\/legsedition.net\/public\/wp-content\/uploads\/2017\/12\/2b24d9_b048a0073adb4122a4589d2a947ffbb2mv2.jpg\"><img fetchpriority=\"high\" decoding=\"async\" class=\"alignleft wp-image-288 size-full\" src=\"https:\/\/legsedition.net\/public\/wp-content\/uploads\/2017\/12\/2b24d9_b048a0073adb4122a4589d2a947ffbb2mv2.jpg\" alt=\"\" width=\"254\" height=\"320\" srcset=\"https:\/\/legsedition.net\/public\/wp-content\/uploads\/2017\/12\/2b24d9_b048a0073adb4122a4589d2a947ffbb2mv2.jpg 254w, https:\/\/legsedition.net\/public\/wp-content\/uploads\/2017\/12\/2b24d9_b048a0073adb4122a4589d2a947ffbb2mv2-238x300.jpg 238w\" sizes=\"(max-width: 254px) 100vw, 254px\" \/><\/a>Ta\u00efna Tranquille est n\u00e9e \u00e0 Port-au-Prince en 1987. Toute jeune, elle s\u2019int\u00e9resse aux livres et d\u00e9couvre l\u2019univers de la lecture. Ses \u00e9tudes secondaires termin\u00e9es, elle s\u2019inscrit \u00e0 la Facult\u00e9 des Sciences humaines de l\u2019Universit\u00e9 d\u2019\u00c9tat d\u2019Ha\u00efti o\u00f9 elle a fait des \u00e9tudes en Travail social.\u00a0Elle a anim\u00e9 dans le temps l\u2019\u00e9mission\u00a0<em>Cercle du livre<\/em>\u00a0sur la radio Vision 2000 aux c\u00f4t\u00e9s de Samy Janvier. Biblioth\u00e9caire, animatrice d&rsquo;ateliers pour enfants, elle est responsable de la section enfantine de la Biblioth\u00e8que nationale d&rsquo;Ha\u00efti et membre de l&rsquo;Association des biblioth\u00e9caires, des documentalistes et des archivistes d&rsquo;Ha\u00efti (ABDAH).<\/p>\n<p><strong>Publication chez LEGS \u00c9DITION<\/strong><\/p>\n<p><em><a href=\"https:\/\/legsedition.net\/public\/2018\/08\/05\/les-petites-chaussures-rouges-et-autres-histoires-2\/\" target=\"_blank\" rel=\"noopener\">Les petites chaussures rouges et autres histoires<\/a>,\u00a0<\/em>2016, 2018<\/p>\n<p><a href=\"http:\/\/legsedition.net\/public\/wp-content\/uploads\/2018\/06\/petites_chaussure.png\"><img decoding=\"async\" class=\"alignnone size-medium wp-image-1667\" src=\"http:\/\/legsedition.net\/public\/wp-content\/uploads\/2018\/06\/petites_chaussure-195x300.png\" alt=\"\" width=\"195\" height=\"300\" srcset=\"https:\/\/legsedition.net\/public\/wp-content\/uploads\/2018\/06\/petites_chaussure-195x300.png 195w, https:\/\/legsedition.net\/public\/wp-content\/uploads\/2018\/06\/petites_chaussure-104x160.png 104w, https:\/\/legsedition.net\/public\/wp-content\/uploads\/2018\/06\/petites_chaussure.png 327w\" sizes=\"(max-width: 195px) 100vw, 195px\" \/><\/a><\/p>\n","protected":false},"excerpt":{"rendered":"<p>Ta\u00efna Tranquille est n\u00e9e \u00e0 Port-au-Prince en 1987. Toute jeune, elle s\u2019int\u00e9resse aux livres et d\u00e9couvre l\u2019univers de la lecture. Ses \u00e9tudes secondaires termin\u00e9es, elle s\u2019inscrit \u00e0 la Facult\u00e9 des Sciences humaines de l\u2019Universit\u00e9 d\u2019\u00c9tat d\u2019Ha\u00efti o\u00f9 elle a fait&#8230;<\/p>\n","protected":false},"author":2,"featured_media":0,"parent":0,"menu_order":0,"comment_status":"closed","ping_status":"closed","template":"","meta":{"footnotes":""},"class_list":["post-1496","page","type-page","status-publish","hentry","no-post-thumbnail"],"yoast_head":"<!-- This site is optimized with the Yoast SEO plugin v27.3 - https:\/\/yoast.com\/product\/yoast-seo-wordpress\/ -->\n<title>Ta\u00efna Tranquille | LEGS &Eacute;DITION<\/title>\n<meta name=\"robots\" content=\"index, follow, max-snippet:-1, max-image-preview:large, max-video-preview:-1\" \/>\n<link rel=\"canonical\" href=\"https:\/\/legsedition.net\/public\/taina-tranquille\/\" \/>\n<meta property=\"og:locale\" content=\"fr_FR\" \/>\n<meta property=\"og:type\" content=\"article\" \/>\n<meta property=\"og:title\" content=\"Ta\u00efna Tranquille | LEGS &Eacute;DITION\" \/>\n<meta property=\"og:description\" content=\"Ta\u00efna Tranquille est n\u00e9e \u00e0 Port-au-Prince en 1987. Toute jeune, elle s\u2019int\u00e9resse aux livres et d\u00e9couvre l\u2019univers de la lecture. Ses \u00e9tudes secondaires termin\u00e9es, elle s\u2019inscrit \u00e0 la Facult\u00e9 des Sciences humaines de l\u2019Universit\u00e9 d\u2019\u00c9tat d\u2019Ha\u00efti o\u00f9 elle a fait...\" \/>\n<meta property=\"og:url\" content=\"https:\/\/legsedition.net\/public\/taina-tranquille\/\" \/>\n<meta property=\"og:site_name\" content=\"LEGS &Eacute;DITION\" \/>\n<meta property=\"article:publisher\" content=\"https:\/\/web.facebook.com\/LegsEtLitterature\/\" \/>\n<meta property=\"article:modified_time\" content=\"2024-11-07T08:27:16+00:00\" \/>\n<meta property=\"og:image\" content=\"https:\/\/legsedition.net\/public\/wp-content\/uploads\/2017\/12\/2b24d9_b048a0073adb4122a4589d2a947ffbb2mv2.jpg\" \/>\n\t<meta property=\"og:image:width\" content=\"254\" \/>\n\t<meta property=\"og:image:height\" content=\"320\" \/>\n\t<meta property=\"og:image:type\" content=\"image\/jpeg\" \/>\n<meta name=\"twitter:card\" content=\"summary_large_image\" \/>\n<meta name=\"twitter:label1\" content=\"Dur\u00e9e de lecture estim\u00e9e\" \/>\n\t<meta name=\"twitter:data1\" content=\"1 minute\" \/>\n<script type=\"application\/ld+json\" class=\"yoast-schema-graph\">{\"@context\":\"https:\\\/\\\/schema.org\",\"@graph\":[{\"@type\":\"WebPage\",\"@id\":\"https:\\\/\\\/legsedition.net\\\/public\\\/taina-tranquille\\\/\",\"url\":\"https:\\\/\\\/legsedition.net\\\/public\\\/taina-tranquille\\\/\",\"name\":\"Ta\u00efna Tranquille | LEGS &Eacute;DITION\",\"isPartOf\":{\"@id\":\"https:\\\/\\\/legsedition.net\\\/public\\\/#website\"},\"primaryImageOfPage\":{\"@id\":\"https:\\\/\\\/legsedition.net\\\/public\\\/taina-tranquille\\\/#primaryimage\"},\"image\":{\"@id\":\"https:\\\/\\\/legsedition.net\\\/public\\\/taina-tranquille\\\/#primaryimage\"},\"thumbnailUrl\":\"https:\\\/\\\/legsedition.net\\\/public\\\/wp-content\\\/uploads\\\/2017\\\/12\\\/2b24d9_b048a0073adb4122a4589d2a947ffbb2mv2.jpg\",\"datePublished\":\"2018-04-17T16:31:40+00:00\",\"dateModified\":\"2024-11-07T08:27:16+00:00\",\"breadcrumb\":{\"@id\":\"https:\\\/\\\/legsedition.net\\\/public\\\/taina-tranquille\\\/#breadcrumb\"},\"inLanguage\":\"fr-FR\",\"potentialAction\":[{\"@type\":\"ReadAction\",\"target\":[\"https:\\\/\\\/legsedition.net\\\/public\\\/taina-tranquille\\\/\"]}]},{\"@type\":\"ImageObject\",\"inLanguage\":\"fr-FR\",\"@id\":\"https:\\\/\\\/legsedition.net\\\/public\\\/taina-tranquille\\\/#primaryimage\",\"url\":\"https:\\\/\\\/legsedition.net\\\/public\\\/wp-content\\\/uploads\\\/2017\\\/12\\\/2b24d9_b048a0073adb4122a4589d2a947ffbb2mv2.jpg\",\"contentUrl\":\"https:\\\/\\\/legsedition.net\\\/public\\\/wp-content\\\/uploads\\\/2017\\\/12\\\/2b24d9_b048a0073adb4122a4589d2a947ffbb2mv2.jpg\",\"width\":254,\"height\":320},{\"@type\":\"BreadcrumbList\",\"@id\":\"https:\\\/\\\/legsedition.net\\\/public\\\/taina-tranquille\\\/#breadcrumb\",\"itemListElement\":[{\"@type\":\"ListItem\",\"position\":1,\"name\":\"Home\",\"item\":\"https:\\\/\\\/legsedition.net\\\/public\\\/\"},{\"@type\":\"ListItem\",\"position\":2,\"name\":\"Ta\u00efna Tranquille\"}]},{\"@type\":\"WebSite\",\"@id\":\"https:\\\/\\\/legsedition.net\\\/public\\\/#website\",\"url\":\"https:\\\/\\\/legsedition.net\\\/public\\\/\",\"name\":\"LEGS &Eacute;DITION\",\"description\":\"\",\"potentialAction\":[{\"@type\":\"SearchAction\",\"target\":{\"@type\":\"EntryPoint\",\"urlTemplate\":\"https:\\\/\\\/legsedition.net\\\/public\\\/?s={search_term_string}\"},\"query-input\":{\"@type\":\"PropertyValueSpecification\",\"valueRequired\":true,\"valueName\":\"search_term_string\"}}],\"inLanguage\":\"fr-FR\"}]}<\/script>\n<!-- \/ Yoast SEO plugin. -->","yoast_head_json":{"title":"Ta\u00efna Tranquille | LEGS &Eacute;DITION","robots":{"index":"index","follow":"follow","max-snippet":"max-snippet:-1","max-image-preview":"max-image-preview:large","max-video-preview":"max-video-preview:-1"},"canonical":"https:\/\/legsedition.net\/public\/taina-tranquille\/","og_locale":"fr_FR","og_type":"article","og_title":"Ta\u00efna Tranquille | LEGS &Eacute;DITION","og_description":"Ta\u00efna Tranquille est n\u00e9e \u00e0 Port-au-Prince en 1987. Toute jeune, elle s\u2019int\u00e9resse aux livres et d\u00e9couvre l\u2019univers de la lecture. Ses \u00e9tudes secondaires termin\u00e9es, elle s\u2019inscrit \u00e0 la Facult\u00e9 des Sciences humaines de l\u2019Universit\u00e9 d\u2019\u00c9tat d\u2019Ha\u00efti o\u00f9 elle a fait...","og_url":"https:\/\/legsedition.net\/public\/taina-tranquille\/","og_site_name":"LEGS &Eacute;DITION","article_publisher":"https:\/\/web.facebook.com\/LegsEtLitterature\/","article_modified_time":"2024-11-07T08:27:16+00:00","og_image":[{"width":254,"height":320,"url":"https:\/\/legsedition.net\/public\/wp-content\/uploads\/2017\/12\/2b24d9_b048a0073adb4122a4589d2a947ffbb2mv2.jpg","type":"image\/jpeg"}],"twitter_card":"summary_large_image","twitter_misc":{"Dur\u00e9e de lecture estim\u00e9e":"1 minute"},"schema":{"@context":"https:\/\/schema.org","@graph":[{"@type":"WebPage","@id":"https:\/\/legsedition.net\/public\/taina-tranquille\/","url":"https:\/\/legsedition.net\/public\/taina-tranquille\/","name":"Ta\u00efna Tranquille | LEGS &Eacute;DITION","isPartOf":{"@id":"https:\/\/legsedition.net\/public\/#website"},"primaryImageOfPage":{"@id":"https:\/\/legsedition.net\/public\/taina-tranquille\/#primaryimage"},"image":{"@id":"https:\/\/legsedition.net\/public\/taina-tranquille\/#primaryimage"},"thumbnailUrl":"https:\/\/legsedition.net\/public\/wp-content\/uploads\/2017\/12\/2b24d9_b048a0073adb4122a4589d2a947ffbb2mv2.jpg","datePublished":"2018-04-17T16:31:40+00:00","dateModified":"2024-11-07T08:27:16+00:00","breadcrumb":{"@id":"https:\/\/legsedition.net\/public\/taina-tranquille\/#breadcrumb"},"inLanguage":"fr-FR","potentialAction":[{"@type":"ReadAction","target":["https:\/\/legsedition.net\/public\/taina-tranquille\/"]}]},{"@type":"ImageObject","inLanguage":"fr-FR","@id":"https:\/\/legsedition.net\/public\/taina-tranquille\/#primaryimage","url":"https:\/\/legsedition.net\/public\/wp-content\/uploads\/2017\/12\/2b24d9_b048a0073adb4122a4589d2a947ffbb2mv2.jpg","contentUrl":"https:\/\/legsedition.net\/public\/wp-content\/uploads\/2017\/12\/2b24d9_b048a0073adb4122a4589d2a947ffbb2mv2.jpg","width":254,"height":320},{"@type":"BreadcrumbList","@id":"https:\/\/legsedition.net\/public\/taina-tranquille\/#breadcrumb","itemListElement":[{"@type":"ListItem","position":1,"name":"Home","item":"https:\/\/legsedition.net\/public\/"},{"@type":"ListItem","position":2,"name":"Ta\u00efna Tranquille"}]},{"@type":"WebSite","@id":"https:\/\/legsedition.net\/public\/#website","url":"https:\/\/legsedition.net\/public\/","name":"LEGS &Eacute;DITION","description":"","potentialAction":[{"@type":"SearchAction","target":{"@type":"EntryPoint","urlTemplate":"https:\/\/legsedition.net\/public\/?s={search_term_string}"},"query-input":{"@type":"PropertyValueSpecification","valueRequired":true,"valueName":"search_term_string"}}],"inLanguage":"fr-FR"}]}},"_links":{"self":[{"href":"https:\/\/legsedition.net\/public\/wp-json\/wp\/v2\/pages\/1496","targetHints":{"allow":["GET"]}}],"collection":[{"href":"https:\/\/legsedition.net\/public\/wp-json\/wp\/v2\/pages"}],"about":[{"href":"https:\/\/legsedition.net\/public\/wp-json\/wp\/v2\/types\/page"}],"author":[{"embeddable":true,"href":"https:\/\/legsedition.net\/public\/wp-json\/wp\/v2\/users\/2"}],"replies":[{"embeddable":true,"href":"https:\/\/legsedition.net\/public\/wp-json\/wp\/v2\/comments?post=1496"}],"version-history":[{"count":4,"href":"https:\/\/legsedition.net\/public\/wp-json\/wp\/v2\/pages\/1496\/revisions"}],"predecessor-version":[{"id":7135,"href":"https:\/\/legsedition.net\/public\/wp-json\/wp\/v2\/pages\/1496\/revisions\/7135"}],"wp:attachment":[{"href":"https:\/\/legsedition.net\/public\/wp-json\/wp\/v2\/media?parent=1496"}],"curies":[{"name":"wp","href":"https:\/\/api.w.org\/{rel}","templated":true}]}}