{"id":1529,"date":"2018-05-13T20:12:49","date_gmt":"2018-05-13T20:12:49","guid":{"rendered":"http:\/\/legsedition.net\/public\/?page_id=1529"},"modified":"2019-01-26T19:29:22","modified_gmt":"2019-01-26T19:29:22","slug":"il-nest-de-solitude-que-lile-lointaine","status":"publish","type":"page","link":"https:\/\/legsedition.net\/public\/il-nest-de-solitude-que-lile-lointaine\/","title":{"rendered":"Il n&rsquo;est de solitude que l&rsquo;\u00eele lointaine"},"content":{"rendered":"<p><a href=\"http:\/\/legsedition.net\/public\/wp-content\/uploads\/2017\/12\/2b24d9_6389a3b41203465b87c64561fa193b21mv2.png\"><img decoding=\"async\" class=\"size-medium wp-image-552 alignleft\" src=\"http:\/\/legsedition.net\/public\/wp-content\/uploads\/2017\/12\/2b24d9_6389a3b41203465b87c64561fa193b21mv2-153x300.png\" alt=\"\" width=\"153\" height=\"300\" srcset=\"https:\/\/legsedition.net\/public\/wp-content\/uploads\/2017\/12\/2b24d9_6389a3b41203465b87c64561fa193b21mv2-153x300.png 153w, https:\/\/legsedition.net\/public\/wp-content\/uploads\/2017\/12\/2b24d9_6389a3b41203465b87c64561fa193b21mv2-81x160.png 81w, https:\/\/legsedition.net\/public\/wp-content\/uploads\/2017\/12\/2b24d9_6389a3b41203465b87c64561fa193b21mv2.png 254w\" sizes=\"(max-width: 153px) 100vw, 153px\" \/><\/a><strong>Parution : 08 Nov 2017<\/strong><\/p>\n<p><strong>ISBN : 9789997086310<\/strong><\/p>\n<p><strong>Prix :\u00a0\u00a0 500 HTG ; 12 USD<\/strong><\/p>\n<p>D\u2019un lyrisme profond, l\u2019auteur se donne \u00e0 voir \u00e0 c\u0153ur joie jusque dans ses intimit\u00e9s imparfaites. Entre champ de r\u00e9volte et de regrets, hymne de joie et de paix, les po\u00e8mes disent les conqu\u00eates et les d\u00e9routes du po\u00e8te, les promesses folles des temps \u00e0 venir et le silence lourd des nuits du pays lointain, le cri des d\u00e9parts, les bruits et les matins brumeux de ce nouveau monde qui l\u2019attend. D\u2019une \u00e9criture lumineuse, <em>il n\u2019est de solitude que l\u2019\u00eele lointaine<\/em> est une po\u00e9sie du c\u0153ur, du corps, des vents contraires et des r\u00eaves insulaires.<\/p>\n<p>&nbsp;<\/p>\n","protected":false},"excerpt":{"rendered":"<p>Parution : 08 Nov 2017 ISBN : 9789997086310 Prix :\u00a0\u00a0 500 HTG ; 12 USD D\u2019un lyrisme profond, l\u2019auteur se donne \u00e0 voir \u00e0 c\u0153ur joie jusque dans ses intimit\u00e9s imparfaites. Entre champ de r\u00e9volte et de regrets, hymne de&#8230;<\/p>\n","protected":false},"author":2,"featured_media":0,"parent":0,"menu_order":0,"comment_status":"closed","ping_status":"closed","template":"","meta":{"footnotes":""},"class_list":["post-1529","page","type-page","status-publish","hentry","no-post-thumbnail"],"yoast_head":"<!-- This site is optimized with the Yoast SEO plugin v27.3 - https:\/\/yoast.com\/product\/yoast-seo-wordpress\/ -->\n<title>Il n&#039;est de solitude que l&#039;\u00eele lointaine | LEGS &Eacute;DITION<\/title>\n<meta name=\"robots\" content=\"index, follow, max-snippet:-1, max-image-preview:large, max-video-preview:-1\" \/>\n<link rel=\"canonical\" href=\"https:\/\/legsedition.net\/public\/il-nest-de-solitude-que-lile-lointaine\/\" \/>\n<meta property=\"og:locale\" content=\"fr_FR\" \/>\n<meta property=\"og:type\" content=\"article\" \/>\n<meta property=\"og:title\" content=\"Il n&#039;est de solitude que l&#039;\u00eele lointaine | LEGS &Eacute;DITION\" \/>\n<meta property=\"og:description\" content=\"Parution : 08 Nov 2017 ISBN : 9789997086310 Prix :\u00a0\u00a0 500 HTG ; 12 USD D\u2019un lyrisme profond, l\u2019auteur se donne \u00e0 voir \u00e0 c\u0153ur joie jusque dans ses intimit\u00e9s imparfaites. Entre champ de r\u00e9volte et de regrets, hymne de...\" \/>\n<meta property=\"og:url\" content=\"https:\/\/legsedition.net\/public\/il-nest-de-solitude-que-lile-lointaine\/\" \/>\n<meta property=\"og:site_name\" content=\"LEGS &Eacute;DITION\" \/>\n<meta property=\"article:publisher\" content=\"https:\/\/web.facebook.com\/LegsEtLitterature\/\" \/>\n<meta property=\"article:modified_time\" content=\"2019-01-26T19:29:22+00:00\" \/>\n<meta property=\"og:image\" content=\"http:\/\/legsedition.net\/public\/wp-content\/uploads\/2017\/12\/2b24d9_6389a3b41203465b87c64561fa193b21mv2-153x300.png\" \/>\n<meta name=\"twitter:card\" content=\"summary_large_image\" \/>\n<meta name=\"twitter:label1\" content=\"Dur\u00e9e de lecture estim\u00e9e\" \/>\n\t<meta name=\"twitter:data1\" content=\"1 minute\" \/>\n<script type=\"application\/ld+json\" class=\"yoast-schema-graph\">{\"@context\":\"https:\\\/\\\/schema.org\",\"@graph\":[{\"@type\":\"WebPage\",\"@id\":\"https:\\\/\\\/legsedition.net\\\/public\\\/il-nest-de-solitude-que-lile-lointaine\\\/\",\"url\":\"https:\\\/\\\/legsedition.net\\\/public\\\/il-nest-de-solitude-que-lile-lointaine\\\/\",\"name\":\"Il n'est de solitude que l'\u00eele lointaine | LEGS &Eacute;DITION\",\"isPartOf\":{\"@id\":\"https:\\\/\\\/legsedition.net\\\/public\\\/#website\"},\"primaryImageOfPage\":{\"@id\":\"https:\\\/\\\/legsedition.net\\\/public\\\/il-nest-de-solitude-que-lile-lointaine\\\/#primaryimage\"},\"image\":{\"@id\":\"https:\\\/\\\/legsedition.net\\\/public\\\/il-nest-de-solitude-que-lile-lointaine\\\/#primaryimage\"},\"thumbnailUrl\":\"http:\\\/\\\/legsedition.net\\\/public\\\/wp-content\\\/uploads\\\/2017\\\/12\\\/2b24d9_6389a3b41203465b87c64561fa193b21mv2-153x300.png\",\"datePublished\":\"2018-05-13T20:12:49+00:00\",\"dateModified\":\"2019-01-26T19:29:22+00:00\",\"breadcrumb\":{\"@id\":\"https:\\\/\\\/legsedition.net\\\/public\\\/il-nest-de-solitude-que-lile-lointaine\\\/#breadcrumb\"},\"inLanguage\":\"fr-FR\",\"potentialAction\":[{\"@type\":\"ReadAction\",\"target\":[\"https:\\\/\\\/legsedition.net\\\/public\\\/il-nest-de-solitude-que-lile-lointaine\\\/\"]}]},{\"@type\":\"ImageObject\",\"inLanguage\":\"fr-FR\",\"@id\":\"https:\\\/\\\/legsedition.net\\\/public\\\/il-nest-de-solitude-que-lile-lointaine\\\/#primaryimage\",\"url\":\"http:\\\/\\\/legsedition.net\\\/public\\\/wp-content\\\/uploads\\\/2017\\\/12\\\/2b24d9_6389a3b41203465b87c64561fa193b21mv2-153x300.png\",\"contentUrl\":\"http:\\\/\\\/legsedition.net\\\/public\\\/wp-content\\\/uploads\\\/2017\\\/12\\\/2b24d9_6389a3b41203465b87c64561fa193b21mv2-153x300.png\"},{\"@type\":\"BreadcrumbList\",\"@id\":\"https:\\\/\\\/legsedition.net\\\/public\\\/il-nest-de-solitude-que-lile-lointaine\\\/#breadcrumb\",\"itemListElement\":[{\"@type\":\"ListItem\",\"position\":1,\"name\":\"Home\",\"item\":\"https:\\\/\\\/legsedition.net\\\/public\\\/\"},{\"@type\":\"ListItem\",\"position\":2,\"name\":\"Il n&#8217;est de solitude que l&#8217;\u00eele lointaine\"}]},{\"@type\":\"WebSite\",\"@id\":\"https:\\\/\\\/legsedition.net\\\/public\\\/#website\",\"url\":\"https:\\\/\\\/legsedition.net\\\/public\\\/\",\"name\":\"LEGS &Eacute;DITION\",\"description\":\"\",\"potentialAction\":[{\"@type\":\"SearchAction\",\"target\":{\"@type\":\"EntryPoint\",\"urlTemplate\":\"https:\\\/\\\/legsedition.net\\\/public\\\/?s={search_term_string}\"},\"query-input\":{\"@type\":\"PropertyValueSpecification\",\"valueRequired\":true,\"valueName\":\"search_term_string\"}}],\"inLanguage\":\"fr-FR\"}]}<\/script>\n<!-- \/ Yoast SEO plugin. -->","yoast_head_json":{"title":"Il n'est de solitude que l'\u00eele lointaine | LEGS &Eacute;DITION","robots":{"index":"index","follow":"follow","max-snippet":"max-snippet:-1","max-image-preview":"max-image-preview:large","max-video-preview":"max-video-preview:-1"},"canonical":"https:\/\/legsedition.net\/public\/il-nest-de-solitude-que-lile-lointaine\/","og_locale":"fr_FR","og_type":"article","og_title":"Il n'est de solitude que l'\u00eele lointaine | LEGS &Eacute;DITION","og_description":"Parution : 08 Nov 2017 ISBN : 9789997086310 Prix :\u00a0\u00a0 500 HTG ; 12 USD D\u2019un lyrisme profond, l\u2019auteur se donne \u00e0 voir \u00e0 c\u0153ur joie jusque dans ses intimit\u00e9s imparfaites. Entre champ de r\u00e9volte et de regrets, hymne de...","og_url":"https:\/\/legsedition.net\/public\/il-nest-de-solitude-que-lile-lointaine\/","og_site_name":"LEGS &Eacute;DITION","article_publisher":"https:\/\/web.facebook.com\/LegsEtLitterature\/","article_modified_time":"2019-01-26T19:29:22+00:00","og_image":[{"url":"http:\/\/legsedition.net\/public\/wp-content\/uploads\/2017\/12\/2b24d9_6389a3b41203465b87c64561fa193b21mv2-153x300.png","type":"","width":"","height":""}],"twitter_card":"summary_large_image","twitter_misc":{"Dur\u00e9e de lecture estim\u00e9e":"1 minute"},"schema":{"@context":"https:\/\/schema.org","@graph":[{"@type":"WebPage","@id":"https:\/\/legsedition.net\/public\/il-nest-de-solitude-que-lile-lointaine\/","url":"https:\/\/legsedition.net\/public\/il-nest-de-solitude-que-lile-lointaine\/","name":"Il n'est de solitude que l'\u00eele lointaine | LEGS &Eacute;DITION","isPartOf":{"@id":"https:\/\/legsedition.net\/public\/#website"},"primaryImageOfPage":{"@id":"https:\/\/legsedition.net\/public\/il-nest-de-solitude-que-lile-lointaine\/#primaryimage"},"image":{"@id":"https:\/\/legsedition.net\/public\/il-nest-de-solitude-que-lile-lointaine\/#primaryimage"},"thumbnailUrl":"http:\/\/legsedition.net\/public\/wp-content\/uploads\/2017\/12\/2b24d9_6389a3b41203465b87c64561fa193b21mv2-153x300.png","datePublished":"2018-05-13T20:12:49+00:00","dateModified":"2019-01-26T19:29:22+00:00","breadcrumb":{"@id":"https:\/\/legsedition.net\/public\/il-nest-de-solitude-que-lile-lointaine\/#breadcrumb"},"inLanguage":"fr-FR","potentialAction":[{"@type":"ReadAction","target":["https:\/\/legsedition.net\/public\/il-nest-de-solitude-que-lile-lointaine\/"]}]},{"@type":"ImageObject","inLanguage":"fr-FR","@id":"https:\/\/legsedition.net\/public\/il-nest-de-solitude-que-lile-lointaine\/#primaryimage","url":"http:\/\/legsedition.net\/public\/wp-content\/uploads\/2017\/12\/2b24d9_6389a3b41203465b87c64561fa193b21mv2-153x300.png","contentUrl":"http:\/\/legsedition.net\/public\/wp-content\/uploads\/2017\/12\/2b24d9_6389a3b41203465b87c64561fa193b21mv2-153x300.png"},{"@type":"BreadcrumbList","@id":"https:\/\/legsedition.net\/public\/il-nest-de-solitude-que-lile-lointaine\/#breadcrumb","itemListElement":[{"@type":"ListItem","position":1,"name":"Home","item":"https:\/\/legsedition.net\/public\/"},{"@type":"ListItem","position":2,"name":"Il n&#8217;est de solitude que l&#8217;\u00eele lointaine"}]},{"@type":"WebSite","@id":"https:\/\/legsedition.net\/public\/#website","url":"https:\/\/legsedition.net\/public\/","name":"LEGS &Eacute;DITION","description":"","potentialAction":[{"@type":"SearchAction","target":{"@type":"EntryPoint","urlTemplate":"https:\/\/legsedition.net\/public\/?s={search_term_string}"},"query-input":{"@type":"PropertyValueSpecification","valueRequired":true,"valueName":"search_term_string"}}],"inLanguage":"fr-FR"}]}},"_links":{"self":[{"href":"https:\/\/legsedition.net\/public\/wp-json\/wp\/v2\/pages\/1529","targetHints":{"allow":["GET"]}}],"collection":[{"href":"https:\/\/legsedition.net\/public\/wp-json\/wp\/v2\/pages"}],"about":[{"href":"https:\/\/legsedition.net\/public\/wp-json\/wp\/v2\/types\/page"}],"author":[{"embeddable":true,"href":"https:\/\/legsedition.net\/public\/wp-json\/wp\/v2\/users\/2"}],"replies":[{"embeddable":true,"href":"https:\/\/legsedition.net\/public\/wp-json\/wp\/v2\/comments?post=1529"}],"version-history":[{"count":2,"href":"https:\/\/legsedition.net\/public\/wp-json\/wp\/v2\/pages\/1529\/revisions"}],"predecessor-version":[{"id":2418,"href":"https:\/\/legsedition.net\/public\/wp-json\/wp\/v2\/pages\/1529\/revisions\/2418"}],"wp:attachment":[{"href":"https:\/\/legsedition.net\/public\/wp-json\/wp\/v2\/media?parent=1529"}],"curies":[{"name":"wp","href":"https:\/\/api.w.org\/{rel}","templated":true}]}}