{"id":1535,"date":"2018-05-13T20:21:39","date_gmt":"2018-05-13T20:21:39","guid":{"rendered":"http:\/\/legsedition.net\/public\/?page_id=1535"},"modified":"2023-05-08T10:36:31","modified_gmt":"2023-05-08T10:36:31","slug":"le-chant-des-blessures","status":"publish","type":"page","link":"https:\/\/legsedition.net\/public\/le-chant-des-blessures\/","title":{"rendered":"Le chant des blessures"},"content":{"rendered":"<p><strong><a href=\"http:\/\/legsedition.net\/public\/wp-content\/uploads\/2018\/02\/cover_sybille_1.png\"><img decoding=\"async\" class=\"size-medium wp-image-1309 alignleft\" src=\"http:\/\/legsedition.net\/public\/wp-content\/uploads\/2018\/02\/cover_sybille_1-156x300.png\" alt=\"\" width=\"156\" height=\"300\" srcset=\"https:\/\/legsedition.net\/public\/wp-content\/uploads\/2018\/02\/cover_sybille_1-156x300.png 156w, https:\/\/legsedition.net\/public\/wp-content\/uploads\/2018\/02\/cover_sybille_1-83x160.png 83w, https:\/\/legsedition.net\/public\/wp-content\/uploads\/2018\/02\/cover_sybille_1.png 267w\" sizes=\"(max-width: 156px) 100vw, 156px\" \/><\/a><\/strong><\/p>\n<p><strong>Auteur : <\/strong>Sybille Claude<\/p>\n<p><strong>Titre : <\/strong><em>Le chant des blessures\u00a0\u00a0<\/em><\/p>\n<p><strong>Collection : <\/strong>Textes Courts<\/p>\n<p><strong>Couverture :\u00a0<\/strong>Ruben Charles<\/p>\n<p><strong>Parution : <\/strong>05 Aug 2017<\/p>\n<p><strong>ISBN : <\/strong>978-99970-86-27-3<\/p>\n<p><strong>Prix :\u00a0<\/strong>12.10 USD<\/p>\n<p>En pleine p\u00e9riode d\u2019op\u00e9ration Bagdad \u00e0 Port-au-Prince, un homme, po\u00e8te et p\u00e8re de famille, est assassin\u00e9 de cinq balles \u00e0 la t\u00eate. Une m\u00e8re mourante, d\u00e9sesp\u00e9r\u00e9e et abattue succombe devant le d\u00e9sastre banal et le poids d\u2019une vie ingrate, am\u00e8re et trop lourde \u00e0 supporter. Face au d\u00e9sarroi de son pays, le fils d\u00e9cide de prendre le large en qu\u00eate de paradis artificiels sous d\u2019autres cieux. Et c\u2019est la d\u00e9b\u00e2cle. Seule reste, la petite Sarah qui, \u00e0 travers les livres et la po\u00e9sie, cherche \u00e0 recoller les morceaux de sa vie.\u00a0<em>Le chant des blessures\u00a0<\/em>est\u00a0une v\u00e9ritable \u00e9pop\u00e9e d&rsquo;une famille en temps d&rsquo;incertitude.<\/p>\n<p>Entre cri de r\u00e9volte et chant d&rsquo;espoir, <em>Le chant des blessures<\/em> raconte le destin tragique d&rsquo;une famille d\u00e9munie face aux al\u00e9as d&rsquo;un pr\u00e9sent sans avenir et incapable de faire face aux al\u00e9as de la vie. \u00c9crit dans une langue lumineuse et po\u00e9tique, ce roman est aussi le proc\u00e8s d&rsquo;une soci\u00e9t\u00e9 d\u00e9labr\u00e9e, livr\u00e9e \u00e0 la violence et \u00e0 la mis\u00e8re, \u00e0 l&rsquo;exode et au d\u00e9sespoir.<\/p>\n<p>&nbsp;<\/p>\n<h4><strong>Dans la presse:<\/strong><\/h4>\n<p>Le chant des blessures, D\u00e9borah P\u00e9p\u00e9,\u00a0<em>Legs et Litt\u00e9rature\u00a0<\/em>no 17, vol. 1, aout 2021<\/p>\n<p><a href=\"https:\/\/lenouvelliste.com\/article\/225123\/le-chant-des-blessures-de-sybille-claude\" target=\"_blank\" rel=\"noopener\">Le chant des blessures de Sybille Claude<\/a>, Ricot Marc Sony,\u00a0<em>Le Nouvelliste,\u00a0<\/em>14 janvier 2021.<\/p>\n<p><a href=\"https:\/\/alalettre.mondoblog.org\/2020\/07\/22\/sybille-claude-le-chant-dune-promesse\/\" target=\"_blank\" rel=\"noopener\">Sybille Claude, le chant d&rsquo;une promesse<\/a>, Dieulermesson Petit Fr\u00e8re,\u00a0<em>Coin d&rsquo;Encre<\/em>, 22 juillet 2020.<\/p>\n<p><a href=\"https:\/\/publishingperspectives.com\/2018\/10\/france-international-alliance-independent-publishers-womanlist-at-frankfurt\/\" target=\"_blank\" rel=\"noopener\">WomenList from Paris-Bases International Alliance of Independent Publishers<\/a>, Olivia Snaije, <em>Publishing Perspectives,\u00a0<\/em>5 octobre 2018.<\/p>\n<p><a href=\"http:\/\/www.lenational.org\/le-chant-des-blessures-le-cri-dun-ecrivain\/\" target=\"_blank\" rel=\"noopener\">Le chant des blessures : le cri d\u2019un \u00e9crivain<\/a>,\u00a0Jean-Lucas Saint-Jean, <em>Le National<\/em>, 1er ao\u00fbt 2018.<\/p>\n<p><a href=\"http:\/\/legsedition.net\/public\/actualites\/sybille-claude-dans-la-selection-womenlist-2018\/\" target=\"_blank\" rel=\"noopener\">Le chant des blessures dans la s\u00e9lection du WomenList 2018<\/a>, Alliance Internationale des \u00c9diteurs Ind\u00e9pendants.<\/p>\n<p><a href=\"https:\/\/lenouvelliste.com\/article\/187986\/sybille-claude-entonne-le-chant-des-blessures\" target=\"_blank\" rel=\"noopener\">Sybille Claude entonne le chant des blessures<\/a>,\u00a0Wolgenson No\u00ebl, <em>Le Nouvelliste<\/em>, mercredi 30 mai 2018.<\/p>\n<p><a href=\"http:\/\/www.lenouvelliste.com\/public\/index.php\/article\/182058\/le-chant-des-blessures-de-sybille-claude\" target=\"_blank\" rel=\"noopener\">Le Chant des blessures de Sybille Claude<\/a>,\u00a0Marie-Jos\u00e9e Desvignes, <em>Le Nouvelliste<\/em>, lundi 22 janvier 2018.<\/p>\n<p><a href=\"http:\/\/www.lacauselitteraire.fr\/le-chant-des-blessures-sybille-claude\" target=\"_blank\" rel=\"noopener\">Le chant des blessures, Sybille Claude<\/a>, Cathy Garcia,\u00a0<em>La cause litt\u00e9raire,\u00a0<\/em>lundi 08 janvier 2018.<\/p>\n<p><a href=\"https:\/\/www.amazon.com\/Critique-Litt%C3%A9raire-Revue-Litt%C3%A9rature-French\/dp\/9997086309\/ref=sr_1_1?ie=UTF8&amp;qid=1535125441&amp;sr=8-1&amp;keywords=la+critique+litteraire+legs\" target=\"_blank\" rel=\"noopener\">Le chant des blessures de Sybille Claude<\/a>, Mirline Pierre,\u00a0<em>Legs et Litt\u00e9rature\u00a0<\/em>No 10, Novembre 2017.<\/p>\n<p><a href=\"https:\/\/mjdesvignes.wordpress.com\/category\/articles-et-chroniques\/litterature-haiti\/\" target=\"_blank\" rel=\"noopener noreferrer\">Le chant des blessures, Sybille Claude<\/a>, Marie-Jos\u00e9e Desvignes, V<em>oix et Silence,<\/em>\u00a021 octobre 2017.<\/p>\n<p><a href=\"http:\/\/www.lenational.org\/chant-blessures-jusquau-bout-de-lincertitude\/\" target=\"_blank\" rel=\"noopener noreferrer\">Le chant des blessures : jusqu\u2019au bout de l\u2019incertitude<\/a>, Jean Watson Charles, <em>Le National,\u00a0<\/em>14 septembre 2017.<\/p>\n<p>&nbsp;<\/p>\n<p>&nbsp;<\/p>\n<p>&nbsp;<\/p>\n<p><strong>\u00a0<\/strong><\/p>\n","protected":false},"excerpt":{"rendered":"<p>Auteur : Sybille Claude Titre : Le chant des blessures\u00a0\u00a0 Collection : Textes Courts Couverture :\u00a0Ruben Charles Parution : 05 Aug 2017 ISBN : 978-99970-86-27-3 Prix :\u00a012.10 USD En pleine p\u00e9riode d\u2019op\u00e9ration Bagdad \u00e0 Port-au-Prince, un homme, po\u00e8te et p\u00e8re&#8230;<\/p>\n","protected":false},"author":2,"featured_media":0,"parent":0,"menu_order":0,"comment_status":"closed","ping_status":"closed","template":"","meta":{"footnotes":""},"class_list":["post-1535","page","type-page","status-publish","hentry","no-post-thumbnail"],"yoast_head":"<!-- This site is optimized with the Yoast SEO plugin v27.3 - https:\/\/yoast.com\/product\/yoast-seo-wordpress\/ -->\n<title>Le chant des blessures | LEGS &Eacute;DITION<\/title>\n<meta name=\"robots\" content=\"index, follow, max-snippet:-1, max-image-preview:large, max-video-preview:-1\" \/>\n<link rel=\"canonical\" href=\"https:\/\/legsedition.net\/public\/le-chant-des-blessures\/\" \/>\n<meta property=\"og:locale\" content=\"fr_FR\" \/>\n<meta property=\"og:type\" content=\"article\" \/>\n<meta property=\"og:title\" content=\"Le chant des blessures | LEGS &Eacute;DITION\" \/>\n<meta property=\"og:description\" content=\"Auteur : Sybille Claude Titre : Le chant des blessures\u00a0\u00a0 Collection : Textes Courts Couverture :\u00a0Ruben Charles Parution : 05 Aug 2017 ISBN : 978-99970-86-27-3 Prix :\u00a012.10 USD En pleine p\u00e9riode d\u2019op\u00e9ration Bagdad \u00e0 Port-au-Prince, un homme, po\u00e8te et p\u00e8re...\" \/>\n<meta property=\"og:url\" content=\"https:\/\/legsedition.net\/public\/le-chant-des-blessures\/\" \/>\n<meta property=\"og:site_name\" content=\"LEGS &Eacute;DITION\" \/>\n<meta property=\"article:publisher\" content=\"https:\/\/web.facebook.com\/LegsEtLitterature\/\" \/>\n<meta property=\"article:modified_time\" content=\"2023-05-08T10:36:31+00:00\" \/>\n<meta property=\"og:image\" content=\"http:\/\/legsedition.net\/public\/wp-content\/uploads\/2018\/02\/cover_sybille_1-156x300.png\" \/>\n<meta name=\"twitter:card\" content=\"summary_large_image\" \/>\n<meta name=\"twitter:label1\" content=\"Dur\u00e9e de lecture estim\u00e9e\" \/>\n\t<meta name=\"twitter:data1\" content=\"2 minutes\" \/>\n<script type=\"application\/ld+json\" class=\"yoast-schema-graph\">{\"@context\":\"https:\\\/\\\/schema.org\",\"@graph\":[{\"@type\":\"WebPage\",\"@id\":\"https:\\\/\\\/legsedition.net\\\/public\\\/le-chant-des-blessures\\\/\",\"url\":\"https:\\\/\\\/legsedition.net\\\/public\\\/le-chant-des-blessures\\\/\",\"name\":\"Le chant des blessures | LEGS &Eacute;DITION\",\"isPartOf\":{\"@id\":\"https:\\\/\\\/legsedition.net\\\/public\\\/#website\"},\"primaryImageOfPage\":{\"@id\":\"https:\\\/\\\/legsedition.net\\\/public\\\/le-chant-des-blessures\\\/#primaryimage\"},\"image\":{\"@id\":\"https:\\\/\\\/legsedition.net\\\/public\\\/le-chant-des-blessures\\\/#primaryimage\"},\"thumbnailUrl\":\"http:\\\/\\\/legsedition.net\\\/public\\\/wp-content\\\/uploads\\\/2018\\\/02\\\/cover_sybille_1-156x300.png\",\"datePublished\":\"2018-05-13T20:21:39+00:00\",\"dateModified\":\"2023-05-08T10:36:31+00:00\",\"breadcrumb\":{\"@id\":\"https:\\\/\\\/legsedition.net\\\/public\\\/le-chant-des-blessures\\\/#breadcrumb\"},\"inLanguage\":\"fr-FR\",\"potentialAction\":[{\"@type\":\"ReadAction\",\"target\":[\"https:\\\/\\\/legsedition.net\\\/public\\\/le-chant-des-blessures\\\/\"]}]},{\"@type\":\"ImageObject\",\"inLanguage\":\"fr-FR\",\"@id\":\"https:\\\/\\\/legsedition.net\\\/public\\\/le-chant-des-blessures\\\/#primaryimage\",\"url\":\"http:\\\/\\\/legsedition.net\\\/public\\\/wp-content\\\/uploads\\\/2018\\\/02\\\/cover_sybille_1-156x300.png\",\"contentUrl\":\"http:\\\/\\\/legsedition.net\\\/public\\\/wp-content\\\/uploads\\\/2018\\\/02\\\/cover_sybille_1-156x300.png\"},{\"@type\":\"BreadcrumbList\",\"@id\":\"https:\\\/\\\/legsedition.net\\\/public\\\/le-chant-des-blessures\\\/#breadcrumb\",\"itemListElement\":[{\"@type\":\"ListItem\",\"position\":1,\"name\":\"Home\",\"item\":\"https:\\\/\\\/legsedition.net\\\/public\\\/\"},{\"@type\":\"ListItem\",\"position\":2,\"name\":\"Le chant des blessures\"}]},{\"@type\":\"WebSite\",\"@id\":\"https:\\\/\\\/legsedition.net\\\/public\\\/#website\",\"url\":\"https:\\\/\\\/legsedition.net\\\/public\\\/\",\"name\":\"LEGS &Eacute;DITION\",\"description\":\"\",\"potentialAction\":[{\"@type\":\"SearchAction\",\"target\":{\"@type\":\"EntryPoint\",\"urlTemplate\":\"https:\\\/\\\/legsedition.net\\\/public\\\/?s={search_term_string}\"},\"query-input\":{\"@type\":\"PropertyValueSpecification\",\"valueRequired\":true,\"valueName\":\"search_term_string\"}}],\"inLanguage\":\"fr-FR\"}]}<\/script>\n<!-- \/ Yoast SEO plugin. -->","yoast_head_json":{"title":"Le chant des blessures | LEGS &Eacute;DITION","robots":{"index":"index","follow":"follow","max-snippet":"max-snippet:-1","max-image-preview":"max-image-preview:large","max-video-preview":"max-video-preview:-1"},"canonical":"https:\/\/legsedition.net\/public\/le-chant-des-blessures\/","og_locale":"fr_FR","og_type":"article","og_title":"Le chant des blessures | LEGS &Eacute;DITION","og_description":"Auteur : Sybille Claude Titre : Le chant des blessures\u00a0\u00a0 Collection : Textes Courts Couverture :\u00a0Ruben Charles Parution : 05 Aug 2017 ISBN : 978-99970-86-27-3 Prix :\u00a012.10 USD En pleine p\u00e9riode d\u2019op\u00e9ration Bagdad \u00e0 Port-au-Prince, un homme, po\u00e8te et p\u00e8re...","og_url":"https:\/\/legsedition.net\/public\/le-chant-des-blessures\/","og_site_name":"LEGS &Eacute;DITION","article_publisher":"https:\/\/web.facebook.com\/LegsEtLitterature\/","article_modified_time":"2023-05-08T10:36:31+00:00","og_image":[{"url":"http:\/\/legsedition.net\/public\/wp-content\/uploads\/2018\/02\/cover_sybille_1-156x300.png","type":"","width":"","height":""}],"twitter_card":"summary_large_image","twitter_misc":{"Dur\u00e9e de lecture estim\u00e9e":"2 minutes"},"schema":{"@context":"https:\/\/schema.org","@graph":[{"@type":"WebPage","@id":"https:\/\/legsedition.net\/public\/le-chant-des-blessures\/","url":"https:\/\/legsedition.net\/public\/le-chant-des-blessures\/","name":"Le chant des blessures | LEGS &Eacute;DITION","isPartOf":{"@id":"https:\/\/legsedition.net\/public\/#website"},"primaryImageOfPage":{"@id":"https:\/\/legsedition.net\/public\/le-chant-des-blessures\/#primaryimage"},"image":{"@id":"https:\/\/legsedition.net\/public\/le-chant-des-blessures\/#primaryimage"},"thumbnailUrl":"http:\/\/legsedition.net\/public\/wp-content\/uploads\/2018\/02\/cover_sybille_1-156x300.png","datePublished":"2018-05-13T20:21:39+00:00","dateModified":"2023-05-08T10:36:31+00:00","breadcrumb":{"@id":"https:\/\/legsedition.net\/public\/le-chant-des-blessures\/#breadcrumb"},"inLanguage":"fr-FR","potentialAction":[{"@type":"ReadAction","target":["https:\/\/legsedition.net\/public\/le-chant-des-blessures\/"]}]},{"@type":"ImageObject","inLanguage":"fr-FR","@id":"https:\/\/legsedition.net\/public\/le-chant-des-blessures\/#primaryimage","url":"http:\/\/legsedition.net\/public\/wp-content\/uploads\/2018\/02\/cover_sybille_1-156x300.png","contentUrl":"http:\/\/legsedition.net\/public\/wp-content\/uploads\/2018\/02\/cover_sybille_1-156x300.png"},{"@type":"BreadcrumbList","@id":"https:\/\/legsedition.net\/public\/le-chant-des-blessures\/#breadcrumb","itemListElement":[{"@type":"ListItem","position":1,"name":"Home","item":"https:\/\/legsedition.net\/public\/"},{"@type":"ListItem","position":2,"name":"Le chant des blessures"}]},{"@type":"WebSite","@id":"https:\/\/legsedition.net\/public\/#website","url":"https:\/\/legsedition.net\/public\/","name":"LEGS &Eacute;DITION","description":"","potentialAction":[{"@type":"SearchAction","target":{"@type":"EntryPoint","urlTemplate":"https:\/\/legsedition.net\/public\/?s={search_term_string}"},"query-input":{"@type":"PropertyValueSpecification","valueRequired":true,"valueName":"search_term_string"}}],"inLanguage":"fr-FR"}]}},"_links":{"self":[{"href":"https:\/\/legsedition.net\/public\/wp-json\/wp\/v2\/pages\/1535","targetHints":{"allow":["GET"]}}],"collection":[{"href":"https:\/\/legsedition.net\/public\/wp-json\/wp\/v2\/pages"}],"about":[{"href":"https:\/\/legsedition.net\/public\/wp-json\/wp\/v2\/types\/page"}],"author":[{"embeddable":true,"href":"https:\/\/legsedition.net\/public\/wp-json\/wp\/v2\/users\/2"}],"replies":[{"embeddable":true,"href":"https:\/\/legsedition.net\/public\/wp-json\/wp\/v2\/comments?post=1535"}],"version-history":[{"count":11,"href":"https:\/\/legsedition.net\/public\/wp-json\/wp\/v2\/pages\/1535\/revisions"}],"predecessor-version":[{"id":5582,"href":"https:\/\/legsedition.net\/public\/wp-json\/wp\/v2\/pages\/1535\/revisions\/5582"}],"wp:attachment":[{"href":"https:\/\/legsedition.net\/public\/wp-json\/wp\/v2\/media?parent=1535"}],"curies":[{"name":"wp","href":"https:\/\/api.w.org\/{rel}","templated":true}]}}