{"id":1541,"date":"2018-05-13T20:29:46","date_gmt":"2018-05-13T20:29:46","guid":{"rendered":"http:\/\/legsedition.net\/public\/?page_id=1541"},"modified":"2026-01-25T13:06:33","modified_gmt":"2026-01-25T13:06:33","slug":"majigridji","status":"publish","type":"page","link":"https:\/\/legsedition.net\/public\/majigridji\/","title":{"rendered":"Majigridji"},"content":{"rendered":"<p><strong>\u00a0Auteur : <\/strong>James No\u00ebl<strong><a href=\"http:\/\/legsedition.net\/public\/wp-content\/uploads\/2017\/12\/978-99970-86-24-2.jpg\"><img decoding=\"async\" class=\"size-medium wp-image-549 alignleft\" src=\"http:\/\/legsedition.net\/public\/wp-content\/uploads\/2017\/12\/978-99970-86-24-2-151x300.jpg\" alt=\"\" width=\"151\" height=\"300\" srcset=\"https:\/\/legsedition.net\/public\/wp-content\/uploads\/2017\/12\/978-99970-86-24-2-151x300.jpg 151w, https:\/\/legsedition.net\/public\/wp-content\/uploads\/2017\/12\/978-99970-86-24-2-302x600.jpg 302w, https:\/\/legsedition.net\/public\/wp-content\/uploads\/2017\/12\/978-99970-86-24-2-81x160.jpg 81w, https:\/\/legsedition.net\/public\/wp-content\/uploads\/2017\/12\/978-99970-86-24-2.jpg 304w\" sizes=\"(max-width: 151px) 100vw, 151px\" \/><\/a><\/strong><\/p>\n<p><strong>Titre : <\/strong>Majigridji<\/p>\n<p><strong>Collection : <\/strong><a href=\"https:\/\/legsedition.net\/public\/collection-poesie\/\" target=\"_blank\" rel=\"noopener\">Po\u00e9sie<\/a><\/p>\n<p><strong>Parution :\u00a0<\/strong> 18 mai 2017<\/p>\n<p><strong>ISBN : <\/strong>9789997086242 | <a href=\"https:\/\/www.amazon.com\/Majigridji-James-No%C3%ABl\/dp\/9997086244\/ref=sr_1_1?crid=L10P3BX90B8I&amp;dib=eyJ2IjoiMSJ9.JBypA3qvdEsdnrg4w01ctg.gBc0lhlnleBVSZ-lQ4zcchRSwySDFifpvKJ8mg8zaHs&amp;dib_tag=se&amp;keywords=Majigridji%2C+James+No%C3%ABl&amp;qid=1769346328&amp;sprefix=majigridji%2C+james+no%C3%ABl%2Caps%2C176&amp;sr=8-1\" target=\"_blank\" rel=\"noopener\">Commander ICI<\/a><\/p>\n<p><strong>Prix :\u00a0 \u00a0<\/strong>500 HTG ; 12 USD<\/p>\n<p><em>Majigridji<\/em> se yon liv ki desinen san f\u00f2s kote mezi tras ak koul\u00e8 lavi nan peyi Dayiti. Tankou yon kamera, li ranmase an gwo kou an detay tout mak dw\u00e8t nan doul\u00e8 p\u00e8p la. Se tout foli l\u00e8z\u00f2m \u2013foli damou kou foli pouvwa, foli sanble ak sa nou pa ye ak foli viv\u2013 pow\u00e8m yo charye. Pow\u00e8t la pa f\u00e8 kat chimen pou li di nou \u00ab tout gous lespwa\/ kase de bout \u00bb nan mitan kalfou van pote ale.<\/p>\n<p>Rekey sila plis yon antoloji. Li gen ladan l 3 liv : <em>Majigridji<\/em>, <em>Kab\u00f2n 47<\/em> ak <em>Bon nouv\u00e8l\/bonbon fanm<\/em>. Pow\u00e8m yo pale de lanmou, lanmitye ak lanm\u00f2. Yo ab\u00f2de tou l\u00f2t sij\u00e8 tankou bote fanm, pwobl\u00e8m sosyal ak politik kap boulvese bil peyi Dayiti.<\/p>\n<p style=\"text-align: justify;\">[<em>Majigridji<\/em> est un recueil fait sur mesure et qui donne \u00e0 voir les traces et les couleurs de la vie en Ha\u00efti. Comme un appareil photo, il recueille avec exactitude toutes les empreintes de la douleur dans la vie et le corps de son peuple. C&rsquo;est toute la folie humaine \u2013 folie d&rsquo;amour et folie du pouvoir, folie de ressembler \u00e0 ce que nous ne sommes pas et la folie de vivre \u2013 que v\u00e9hiculent les po\u00e8mes. Le po\u00e8te ne passe pas par quatre chemins pour nous dire \u00ab toutes les cosses d&rsquo;espoir \/ sont cass\u00e9es et se perdent \u00bb au milieu des carrefours que le vent emporte.<\/p>\n<p style=\"text-align: justify;\">Ce recueil est plus qu&rsquo;une anthologie. Il comprend 3 livres : <em>Majigridji, Kab\u00f2n 47<\/em> ak <em>Bon nouv\u00e8l\/bonbon fanm<\/em>. Les po\u00e8mes parlent d&rsquo;amour, d&rsquo;amiti\u00e9 et de mort. Ils abordent \u00e9galement d&rsquo;autres sujets tels que la beaut\u00e9 et le corps des femmes, les probl\u00e8mes sociaux et politiques qui bouleversent Ha\u00efti, la terre du po\u00e8te].<\/p>\n<p><strong>\u00c0 propos de l\u2019auteur :\u00a0<\/strong><\/p>\n<p style=\"text-align: justify;\">Po\u00e8te, animateur et op\u00e9rateur culturel, James No\u00ebl est n\u00e9 \u00e0 Hinche le 17 mars 1978. Auteur d\u2019une oeuvre po\u00e9tique assez dense parue en Ha\u00efti, au Canada et en France, il a dirig\u00e9 l\u2019<em>Anthologie de la po\u00e9sie ha\u00eftienne<\/em> parue en 2015 chez Seuil (Points).\u00a0<em>Majigridji\u00a0<\/em>est sa premi\u00e8re grande anthologie en langue cr\u00e9ole.<\/p>\n","protected":false},"excerpt":{"rendered":"<p>\u00a0Auteur : James No\u00ebl Titre : Majigridji Collection : Po\u00e9sie Parution :\u00a0 18 mai 2017 ISBN : 9789997086242 | Commander ICI Prix :\u00a0 \u00a0500 HTG ; 12 USD Majigridji se yon liv ki desinen san f\u00f2s kote mezi tras ak&#8230;<\/p>\n","protected":false},"author":2,"featured_media":96,"parent":0,"menu_order":0,"comment_status":"closed","ping_status":"closed","template":"","meta":{"footnotes":""},"class_list":["post-1541","page","type-page","status-publish","has-post-thumbnail","hentry"],"yoast_head":"<!-- This site is optimized with the Yoast SEO plugin v27.3 - https:\/\/yoast.com\/product\/yoast-seo-wordpress\/ -->\n<title>Majigridji | LEGS &Eacute;DITION<\/title>\n<meta name=\"robots\" content=\"index, follow, max-snippet:-1, max-image-preview:large, max-video-preview:-1\" \/>\n<link rel=\"canonical\" href=\"https:\/\/legsedition.net\/public\/majigridji\/\" \/>\n<meta property=\"og:locale\" content=\"fr_FR\" \/>\n<meta property=\"og:type\" content=\"article\" \/>\n<meta property=\"og:title\" content=\"Majigridji | LEGS &Eacute;DITION\" \/>\n<meta property=\"og:description\" content=\"\u00a0Auteur : James No\u00ebl Titre : Majigridji Collection : Po\u00e9sie Parution :\u00a0 18 mai 2017 ISBN : 9789997086242 | Commander ICI Prix :\u00a0 \u00a0500 HTG ; 12 USD Majigridji se yon liv ki desinen san f\u00f2s kote mezi tras ak...\" \/>\n<meta property=\"og:url\" content=\"https:\/\/legsedition.net\/public\/majigridji\/\" \/>\n<meta property=\"og:site_name\" content=\"LEGS &Eacute;DITION\" \/>\n<meta property=\"article:publisher\" content=\"https:\/\/web.facebook.com\/LegsEtLitterature\/\" \/>\n<meta property=\"article:modified_time\" content=\"2026-01-25T13:06:33+00:00\" \/>\n<meta property=\"og:image\" content=\"https:\/\/legsedition.net\/public\/wp-content\/uploads\/2017\/12\/cover_james_1ere.jpg\" \/>\n\t<meta property=\"og:image:width\" content=\"304\" \/>\n\t<meta property=\"og:image:height\" content=\"603\" \/>\n\t<meta property=\"og:image:type\" content=\"image\/jpeg\" \/>\n<meta name=\"twitter:card\" content=\"summary_large_image\" \/>\n<meta name=\"twitter:label1\" content=\"Dur\u00e9e de lecture estim\u00e9e\" \/>\n\t<meta name=\"twitter:data1\" content=\"3 minutes\" \/>\n<script type=\"application\/ld+json\" class=\"yoast-schema-graph\">{\"@context\":\"https:\\\/\\\/schema.org\",\"@graph\":[{\"@type\":\"WebPage\",\"@id\":\"https:\\\/\\\/legsedition.net\\\/public\\\/majigridji\\\/\",\"url\":\"https:\\\/\\\/legsedition.net\\\/public\\\/majigridji\\\/\",\"name\":\"Majigridji | LEGS &Eacute;DITION\",\"isPartOf\":{\"@id\":\"https:\\\/\\\/legsedition.net\\\/public\\\/#website\"},\"primaryImageOfPage\":{\"@id\":\"https:\\\/\\\/legsedition.net\\\/public\\\/majigridji\\\/#primaryimage\"},\"image\":{\"@id\":\"https:\\\/\\\/legsedition.net\\\/public\\\/majigridji\\\/#primaryimage\"},\"thumbnailUrl\":\"https:\\\/\\\/legsedition.net\\\/public\\\/wp-content\\\/uploads\\\/2017\\\/12\\\/cover_james_1ere.jpg\",\"datePublished\":\"2018-05-13T20:29:46+00:00\",\"dateModified\":\"2026-01-25T13:06:33+00:00\",\"breadcrumb\":{\"@id\":\"https:\\\/\\\/legsedition.net\\\/public\\\/majigridji\\\/#breadcrumb\"},\"inLanguage\":\"fr-FR\",\"potentialAction\":[{\"@type\":\"ReadAction\",\"target\":[\"https:\\\/\\\/legsedition.net\\\/public\\\/majigridji\\\/\"]}]},{\"@type\":\"ImageObject\",\"inLanguage\":\"fr-FR\",\"@id\":\"https:\\\/\\\/legsedition.net\\\/public\\\/majigridji\\\/#primaryimage\",\"url\":\"https:\\\/\\\/legsedition.net\\\/public\\\/wp-content\\\/uploads\\\/2017\\\/12\\\/cover_james_1ere.jpg\",\"contentUrl\":\"https:\\\/\\\/legsedition.net\\\/public\\\/wp-content\\\/uploads\\\/2017\\\/12\\\/cover_james_1ere.jpg\",\"width\":304,\"height\":603},{\"@type\":\"BreadcrumbList\",\"@id\":\"https:\\\/\\\/legsedition.net\\\/public\\\/majigridji\\\/#breadcrumb\",\"itemListElement\":[{\"@type\":\"ListItem\",\"position\":1,\"name\":\"Home\",\"item\":\"https:\\\/\\\/legsedition.net\\\/public\\\/\"},{\"@type\":\"ListItem\",\"position\":2,\"name\":\"Majigridji\"}]},{\"@type\":\"WebSite\",\"@id\":\"https:\\\/\\\/legsedition.net\\\/public\\\/#website\",\"url\":\"https:\\\/\\\/legsedition.net\\\/public\\\/\",\"name\":\"LEGS &Eacute;DITION\",\"description\":\"\",\"potentialAction\":[{\"@type\":\"SearchAction\",\"target\":{\"@type\":\"EntryPoint\",\"urlTemplate\":\"https:\\\/\\\/legsedition.net\\\/public\\\/?s={search_term_string}\"},\"query-input\":{\"@type\":\"PropertyValueSpecification\",\"valueRequired\":true,\"valueName\":\"search_term_string\"}}],\"inLanguage\":\"fr-FR\"}]}<\/script>\n<!-- \/ Yoast SEO plugin. -->","yoast_head_json":{"title":"Majigridji | LEGS &Eacute;DITION","robots":{"index":"index","follow":"follow","max-snippet":"max-snippet:-1","max-image-preview":"max-image-preview:large","max-video-preview":"max-video-preview:-1"},"canonical":"https:\/\/legsedition.net\/public\/majigridji\/","og_locale":"fr_FR","og_type":"article","og_title":"Majigridji | LEGS &Eacute;DITION","og_description":"\u00a0Auteur : James No\u00ebl Titre : Majigridji Collection : Po\u00e9sie Parution :\u00a0 18 mai 2017 ISBN : 9789997086242 | Commander ICI Prix :\u00a0 \u00a0500 HTG ; 12 USD Majigridji se yon liv ki desinen san f\u00f2s kote mezi tras ak...","og_url":"https:\/\/legsedition.net\/public\/majigridji\/","og_site_name":"LEGS &Eacute;DITION","article_publisher":"https:\/\/web.facebook.com\/LegsEtLitterature\/","article_modified_time":"2026-01-25T13:06:33+00:00","og_image":[{"width":304,"height":603,"url":"https:\/\/legsedition.net\/public\/wp-content\/uploads\/2017\/12\/cover_james_1ere.jpg","type":"image\/jpeg"}],"twitter_card":"summary_large_image","twitter_misc":{"Dur\u00e9e de lecture estim\u00e9e":"3 minutes"},"schema":{"@context":"https:\/\/schema.org","@graph":[{"@type":"WebPage","@id":"https:\/\/legsedition.net\/public\/majigridji\/","url":"https:\/\/legsedition.net\/public\/majigridji\/","name":"Majigridji | LEGS &Eacute;DITION","isPartOf":{"@id":"https:\/\/legsedition.net\/public\/#website"},"primaryImageOfPage":{"@id":"https:\/\/legsedition.net\/public\/majigridji\/#primaryimage"},"image":{"@id":"https:\/\/legsedition.net\/public\/majigridji\/#primaryimage"},"thumbnailUrl":"https:\/\/legsedition.net\/public\/wp-content\/uploads\/2017\/12\/cover_james_1ere.jpg","datePublished":"2018-05-13T20:29:46+00:00","dateModified":"2026-01-25T13:06:33+00:00","breadcrumb":{"@id":"https:\/\/legsedition.net\/public\/majigridji\/#breadcrumb"},"inLanguage":"fr-FR","potentialAction":[{"@type":"ReadAction","target":["https:\/\/legsedition.net\/public\/majigridji\/"]}]},{"@type":"ImageObject","inLanguage":"fr-FR","@id":"https:\/\/legsedition.net\/public\/majigridji\/#primaryimage","url":"https:\/\/legsedition.net\/public\/wp-content\/uploads\/2017\/12\/cover_james_1ere.jpg","contentUrl":"https:\/\/legsedition.net\/public\/wp-content\/uploads\/2017\/12\/cover_james_1ere.jpg","width":304,"height":603},{"@type":"BreadcrumbList","@id":"https:\/\/legsedition.net\/public\/majigridji\/#breadcrumb","itemListElement":[{"@type":"ListItem","position":1,"name":"Home","item":"https:\/\/legsedition.net\/public\/"},{"@type":"ListItem","position":2,"name":"Majigridji"}]},{"@type":"WebSite","@id":"https:\/\/legsedition.net\/public\/#website","url":"https:\/\/legsedition.net\/public\/","name":"LEGS &Eacute;DITION","description":"","potentialAction":[{"@type":"SearchAction","target":{"@type":"EntryPoint","urlTemplate":"https:\/\/legsedition.net\/public\/?s={search_term_string}"},"query-input":{"@type":"PropertyValueSpecification","valueRequired":true,"valueName":"search_term_string"}}],"inLanguage":"fr-FR"}]}},"_links":{"self":[{"href":"https:\/\/legsedition.net\/public\/wp-json\/wp\/v2\/pages\/1541","targetHints":{"allow":["GET"]}}],"collection":[{"href":"https:\/\/legsedition.net\/public\/wp-json\/wp\/v2\/pages"}],"about":[{"href":"https:\/\/legsedition.net\/public\/wp-json\/wp\/v2\/types\/page"}],"author":[{"embeddable":true,"href":"https:\/\/legsedition.net\/public\/wp-json\/wp\/v2\/users\/2"}],"replies":[{"embeddable":true,"href":"https:\/\/legsedition.net\/public\/wp-json\/wp\/v2\/comments?post=1541"}],"version-history":[{"count":8,"href":"https:\/\/legsedition.net\/public\/wp-json\/wp\/v2\/pages\/1541\/revisions"}],"predecessor-version":[{"id":9175,"href":"https:\/\/legsedition.net\/public\/wp-json\/wp\/v2\/pages\/1541\/revisions\/9175"}],"wp:featuredmedia":[{"embeddable":true,"href":"https:\/\/legsedition.net\/public\/wp-json\/wp\/v2\/media\/96"}],"wp:attachment":[{"href":"https:\/\/legsedition.net\/public\/wp-json\/wp\/v2\/media?parent=1541"}],"curies":[{"name":"wp","href":"https:\/\/api.w.org\/{rel}","templated":true}]}}