{"id":1545,"date":"2018-05-13T20:35:32","date_gmt":"2018-05-13T20:35:32","guid":{"rendered":"http:\/\/legsedition.net\/public\/?page_id=1545"},"modified":"2019-06-13T23:29:09","modified_gmt":"2019-06-13T23:29:09","slug":"powem-entedi","status":"publish","type":"page","link":"https:\/\/legsedition.net\/public\/powem-entedi\/","title":{"rendered":"Pow\u00e8m ent\u00e8di"},"content":{"rendered":"<p><strong><a href=\"https:\/\/legsedition.net\/public\/wp-content\/uploads\/2017\/12\/powem-entedi.jpg\"><img decoding=\"async\" class=\"size-medium wp-image-138 alignleft\" src=\"https:\/\/legsedition.net\/public\/wp-content\/uploads\/2017\/12\/powem-entedi-150x300.jpg\" alt=\"\" width=\"150\" height=\"300\" srcset=\"https:\/\/legsedition.net\/public\/wp-content\/uploads\/2017\/12\/powem-entedi-150x300.jpg 150w, https:\/\/legsedition.net\/public\/wp-content\/uploads\/2017\/12\/powem-entedi-416x832.jpg 416w, https:\/\/legsedition.net\/public\/wp-content\/uploads\/2017\/12\/powem-entedi-400x800.jpg 400w, https:\/\/legsedition.net\/public\/wp-content\/uploads\/2017\/12\/powem-entedi.jpg 418w\" sizes=\"(max-width: 150px) 100vw, 150px\" \/><\/a>Parution : 25 Oct 2016<\/strong><\/p>\n<p><strong>ISBN : 9789997086198<\/strong><\/p>\n<p><strong>Prix :\u00a0 \u00a0500 HTG | 12 USD<\/strong><\/p>\n<p><em>Pow\u00e8m ent\u00e8di<\/em> se yon liv ki fet ak yon seri mo ki di san lasisin tout koze moun p\u00e8 pale lajounen. Li rasanble tout paw\u00f2l dous ki f\u00e8 lavi boujonnen nan mitan lannuit. Chak pow\u00e8m nan liv sa a se yon ochan pou lavi ka flewonnen menm l\u00e8 lannuit bare sol\u00e8y nan pwent douvanjou. Se yon chante lespwa pow\u00e8t la pote, yon v\u00e8v\u00e8 l trase pou lanmou gaye san mezi tankou pidetwal nan sezon Nw\u00e8l.<\/p>\n<p>&nbsp;<\/p>\n<p>&nbsp;<\/p>\n<p><strong>Dans la presse :\u00a0<\/strong><\/p>\n<p class=\"entry-title\"><a href=\"http:\/\/www.loophaiti.com\/content\/powem-entedi-de-guy-regis-junior\" target=\"_blank\" rel=\"noopener\">\u00ab Pow\u00e8m ent\u00e8di \u00bb de Guy R\u00e9gis Junior<\/a>,\u00a0<em>Loop Ha\u00efti,\u00a0<\/em>6 novembre 2016.<\/p>\n","protected":false},"excerpt":{"rendered":"<p>Parution : 25 Oct 2016 ISBN : 9789997086198 Prix :\u00a0 \u00a0500 HTG | 12 USD Pow\u00e8m ent\u00e8di se yon liv ki fet ak yon seri mo ki di san lasisin tout koze moun p\u00e8 pale lajounen. Li rasanble tout paw\u00f2l&#8230;<\/p>\n","protected":false},"author":2,"featured_media":0,"parent":0,"menu_order":0,"comment_status":"closed","ping_status":"closed","template":"","meta":{"footnotes":""},"class_list":["post-1545","page","type-page","status-publish","hentry","no-post-thumbnail"],"yoast_head":"<!-- This site is optimized with the Yoast SEO plugin v27.3 - https:\/\/yoast.com\/product\/yoast-seo-wordpress\/ -->\n<title>Pow\u00e8m ent\u00e8di | LEGS &Eacute;DITION<\/title>\n<meta name=\"robots\" content=\"index, follow, max-snippet:-1, max-image-preview:large, max-video-preview:-1\" \/>\n<link rel=\"canonical\" href=\"https:\/\/legsedition.net\/public\/powem-entedi\/\" \/>\n<meta property=\"og:locale\" content=\"fr_FR\" \/>\n<meta property=\"og:type\" content=\"article\" \/>\n<meta property=\"og:title\" content=\"Pow\u00e8m ent\u00e8di | LEGS &Eacute;DITION\" \/>\n<meta property=\"og:description\" content=\"Parution : 25 Oct 2016 ISBN : 9789997086198 Prix :\u00a0 \u00a0500 HTG | 12 USD Pow\u00e8m ent\u00e8di se yon liv ki fet ak yon seri mo ki di san lasisin tout koze moun p\u00e8 pale lajounen. Li rasanble tout paw\u00f2l...\" \/>\n<meta property=\"og:url\" content=\"https:\/\/legsedition.net\/public\/powem-entedi\/\" \/>\n<meta property=\"og:site_name\" content=\"LEGS &Eacute;DITION\" \/>\n<meta property=\"article:publisher\" content=\"https:\/\/web.facebook.com\/LegsEtLitterature\/\" \/>\n<meta property=\"article:modified_time\" content=\"2019-06-13T23:29:09+00:00\" \/>\n<meta property=\"og:image\" content=\"https:\/\/legsedition.net\/public\/wp-content\/uploads\/2017\/12\/powem-entedi-150x300.jpg\" \/>\n<meta name=\"twitter:card\" content=\"summary_large_image\" \/>\n<meta name=\"twitter:label1\" content=\"Dur\u00e9e de lecture estim\u00e9e\" \/>\n\t<meta name=\"twitter:data1\" content=\"1 minute\" \/>\n<script type=\"application\/ld+json\" class=\"yoast-schema-graph\">{\"@context\":\"https:\\\/\\\/schema.org\",\"@graph\":[{\"@type\":\"WebPage\",\"@id\":\"https:\\\/\\\/legsedition.net\\\/public\\\/powem-entedi\\\/\",\"url\":\"https:\\\/\\\/legsedition.net\\\/public\\\/powem-entedi\\\/\",\"name\":\"Pow\u00e8m ent\u00e8di | LEGS &Eacute;DITION\",\"isPartOf\":{\"@id\":\"https:\\\/\\\/legsedition.net\\\/public\\\/#website\"},\"primaryImageOfPage\":{\"@id\":\"https:\\\/\\\/legsedition.net\\\/public\\\/powem-entedi\\\/#primaryimage\"},\"image\":{\"@id\":\"https:\\\/\\\/legsedition.net\\\/public\\\/powem-entedi\\\/#primaryimage\"},\"thumbnailUrl\":\"https:\\\/\\\/legsedition.net\\\/public\\\/wp-content\\\/uploads\\\/2017\\\/12\\\/powem-entedi-150x300.jpg\",\"datePublished\":\"2018-05-13T20:35:32+00:00\",\"dateModified\":\"2019-06-13T23:29:09+00:00\",\"breadcrumb\":{\"@id\":\"https:\\\/\\\/legsedition.net\\\/public\\\/powem-entedi\\\/#breadcrumb\"},\"inLanguage\":\"fr-FR\",\"potentialAction\":[{\"@type\":\"ReadAction\",\"target\":[\"https:\\\/\\\/legsedition.net\\\/public\\\/powem-entedi\\\/\"]}]},{\"@type\":\"ImageObject\",\"inLanguage\":\"fr-FR\",\"@id\":\"https:\\\/\\\/legsedition.net\\\/public\\\/powem-entedi\\\/#primaryimage\",\"url\":\"https:\\\/\\\/legsedition.net\\\/public\\\/wp-content\\\/uploads\\\/2017\\\/12\\\/powem-entedi.jpg\",\"contentUrl\":\"https:\\\/\\\/legsedition.net\\\/public\\\/wp-content\\\/uploads\\\/2017\\\/12\\\/powem-entedi.jpg\",\"width\":418,\"height\":836},{\"@type\":\"BreadcrumbList\",\"@id\":\"https:\\\/\\\/legsedition.net\\\/public\\\/powem-entedi\\\/#breadcrumb\",\"itemListElement\":[{\"@type\":\"ListItem\",\"position\":1,\"name\":\"Home\",\"item\":\"https:\\\/\\\/legsedition.net\\\/public\\\/\"},{\"@type\":\"ListItem\",\"position\":2,\"name\":\"Pow\u00e8m ent\u00e8di\"}]},{\"@type\":\"WebSite\",\"@id\":\"https:\\\/\\\/legsedition.net\\\/public\\\/#website\",\"url\":\"https:\\\/\\\/legsedition.net\\\/public\\\/\",\"name\":\"LEGS &Eacute;DITION\",\"description\":\"\",\"potentialAction\":[{\"@type\":\"SearchAction\",\"target\":{\"@type\":\"EntryPoint\",\"urlTemplate\":\"https:\\\/\\\/legsedition.net\\\/public\\\/?s={search_term_string}\"},\"query-input\":{\"@type\":\"PropertyValueSpecification\",\"valueRequired\":true,\"valueName\":\"search_term_string\"}}],\"inLanguage\":\"fr-FR\"}]}<\/script>\n<!-- \/ Yoast SEO plugin. -->","yoast_head_json":{"title":"Pow\u00e8m ent\u00e8di | LEGS &Eacute;DITION","robots":{"index":"index","follow":"follow","max-snippet":"max-snippet:-1","max-image-preview":"max-image-preview:large","max-video-preview":"max-video-preview:-1"},"canonical":"https:\/\/legsedition.net\/public\/powem-entedi\/","og_locale":"fr_FR","og_type":"article","og_title":"Pow\u00e8m ent\u00e8di | LEGS &Eacute;DITION","og_description":"Parution : 25 Oct 2016 ISBN : 9789997086198 Prix :\u00a0 \u00a0500 HTG | 12 USD Pow\u00e8m ent\u00e8di se yon liv ki fet ak yon seri mo ki di san lasisin tout koze moun p\u00e8 pale lajounen. Li rasanble tout paw\u00f2l...","og_url":"https:\/\/legsedition.net\/public\/powem-entedi\/","og_site_name":"LEGS &Eacute;DITION","article_publisher":"https:\/\/web.facebook.com\/LegsEtLitterature\/","article_modified_time":"2019-06-13T23:29:09+00:00","og_image":[{"url":"https:\/\/legsedition.net\/public\/wp-content\/uploads\/2017\/12\/powem-entedi-150x300.jpg","type":"","width":"","height":""}],"twitter_card":"summary_large_image","twitter_misc":{"Dur\u00e9e de lecture estim\u00e9e":"1 minute"},"schema":{"@context":"https:\/\/schema.org","@graph":[{"@type":"WebPage","@id":"https:\/\/legsedition.net\/public\/powem-entedi\/","url":"https:\/\/legsedition.net\/public\/powem-entedi\/","name":"Pow\u00e8m ent\u00e8di | LEGS &Eacute;DITION","isPartOf":{"@id":"https:\/\/legsedition.net\/public\/#website"},"primaryImageOfPage":{"@id":"https:\/\/legsedition.net\/public\/powem-entedi\/#primaryimage"},"image":{"@id":"https:\/\/legsedition.net\/public\/powem-entedi\/#primaryimage"},"thumbnailUrl":"https:\/\/legsedition.net\/public\/wp-content\/uploads\/2017\/12\/powem-entedi-150x300.jpg","datePublished":"2018-05-13T20:35:32+00:00","dateModified":"2019-06-13T23:29:09+00:00","breadcrumb":{"@id":"https:\/\/legsedition.net\/public\/powem-entedi\/#breadcrumb"},"inLanguage":"fr-FR","potentialAction":[{"@type":"ReadAction","target":["https:\/\/legsedition.net\/public\/powem-entedi\/"]}]},{"@type":"ImageObject","inLanguage":"fr-FR","@id":"https:\/\/legsedition.net\/public\/powem-entedi\/#primaryimage","url":"https:\/\/legsedition.net\/public\/wp-content\/uploads\/2017\/12\/powem-entedi.jpg","contentUrl":"https:\/\/legsedition.net\/public\/wp-content\/uploads\/2017\/12\/powem-entedi.jpg","width":418,"height":836},{"@type":"BreadcrumbList","@id":"https:\/\/legsedition.net\/public\/powem-entedi\/#breadcrumb","itemListElement":[{"@type":"ListItem","position":1,"name":"Home","item":"https:\/\/legsedition.net\/public\/"},{"@type":"ListItem","position":2,"name":"Pow\u00e8m ent\u00e8di"}]},{"@type":"WebSite","@id":"https:\/\/legsedition.net\/public\/#website","url":"https:\/\/legsedition.net\/public\/","name":"LEGS &Eacute;DITION","description":"","potentialAction":[{"@type":"SearchAction","target":{"@type":"EntryPoint","urlTemplate":"https:\/\/legsedition.net\/public\/?s={search_term_string}"},"query-input":{"@type":"PropertyValueSpecification","valueRequired":true,"valueName":"search_term_string"}}],"inLanguage":"fr-FR"}]}},"_links":{"self":[{"href":"https:\/\/legsedition.net\/public\/wp-json\/wp\/v2\/pages\/1545","targetHints":{"allow":["GET"]}}],"collection":[{"href":"https:\/\/legsedition.net\/public\/wp-json\/wp\/v2\/pages"}],"about":[{"href":"https:\/\/legsedition.net\/public\/wp-json\/wp\/v2\/types\/page"}],"author":[{"embeddable":true,"href":"https:\/\/legsedition.net\/public\/wp-json\/wp\/v2\/users\/2"}],"replies":[{"embeddable":true,"href":"https:\/\/legsedition.net\/public\/wp-json\/wp\/v2\/comments?post=1545"}],"version-history":[{"count":6,"href":"https:\/\/legsedition.net\/public\/wp-json\/wp\/v2\/pages\/1545\/revisions"}],"predecessor-version":[{"id":2629,"href":"https:\/\/legsedition.net\/public\/wp-json\/wp\/v2\/pages\/1545\/revisions\/2629"}],"wp:attachment":[{"href":"https:\/\/legsedition.net\/public\/wp-json\/wp\/v2\/media?parent=1545"}],"curies":[{"name":"wp","href":"https:\/\/api.w.org\/{rel}","templated":true}]}}