{"id":1549,"date":"2018-05-13T20:39:27","date_gmt":"2018-05-13T20:39:27","guid":{"rendered":"http:\/\/legsedition.net\/public\/?page_id=1549"},"modified":"2026-02-01T07:04:56","modified_gmt":"2026-02-01T07:04:56","slug":"poemes-choisis","status":"publish","type":"page","link":"https:\/\/legsedition.net\/public\/poemes-choisis\/","title":{"rendered":"Po\u00e8mes choisis"},"content":{"rendered":"<p><strong><a href=\"https:\/\/legsedition.net\/public\/wp-content\/uploads\/2021\/07\/Cover_Durand.png\"><img fetchpriority=\"high\" decoding=\"async\" class=\"alignleft wp-image-4050 \" src=\"https:\/\/legsedition.net\/public\/wp-content\/uploads\/2021\/07\/Cover_Durand.png\" alt=\"\" width=\"227\" height=\"342\" srcset=\"https:\/\/legsedition.net\/public\/wp-content\/uploads\/2021\/07\/Cover_Durand.png 301w, https:\/\/legsedition.net\/public\/wp-content\/uploads\/2021\/07\/Cover_Durand-199x300.png 199w, https:\/\/legsedition.net\/public\/wp-content\/uploads\/2021\/07\/Cover_Durand-106x160.png 106w\" sizes=\"(max-width: 227px) 100vw, 227px\" \/><\/a><\/strong><strong>Auteur : Oswald Durand<\/strong><\/p>\n<p><strong>Titre<\/strong> : Po\u00e8mes choisis (notes et commentaires de Jean James Est\u00e9pha)<\/p>\n<p><strong>Collection :<\/strong> <a href=\"https:\/\/legsedition.net\/public\/collection-classique\/\" target=\"_blank\" rel=\"noopener\">Classique<\/a><\/p>\n<p><strong>Parution :\u00a0 <\/strong>29 avril 2016<\/p>\n<p><strong>ISBN : <\/strong>978-\u00ad99970\u00ad86\u00ad-18-\u00ad1<\/p>\n<p><strong>Prix : <\/strong>12 USD | <a href=\"https:\/\/www.amazon.com\/Po%C3%A8mes-choisis-Collection-Classique-French\/dp\/999708618X\/ref=sr_1_1?crid=2TFSKTTOL1VJG&amp;dib=eyJ2IjoiMSJ9.M-whHATUE3ZhHkmJdrWOVXyNYIoSKAY0KvcjiY3bcl6WGntTybh5wdOyPbXlKhU1pCMXgPXhnxXLrGyQP3S65vf67Ey6d2SWb6D2dY9amSVVVKMIpzi2ypxrkFLFW1iX2x3I9MphQhaI1YlOGUVLa2__wGZu1ftBxxm-SZCSP3HjQvdUHbrQ_GT0nILmJR5P8g9M4wEpNa7q3ZrmwgvSbe-HTgw850DqDECLdEP7gNk.0eMc1aKAeZ8_9gT8E84Yp_Qx9pobxhf-TezcGLh1fPA&amp;dib_tag=se&amp;keywords=Po%C3%A8mes+choisis&amp;qid=1769929440&amp;sprefix=le+bal+masqu%C3%A9+et+autres+nouvelles%2Caps%2C322&amp;sr=8-1\" target=\"_blank\" rel=\"noopener\">Commander ICI<\/a><\/p>\n<p style=\"text-align: justify;\">\u00c0 priori, il semble fort difficile de parler d\u2019Oswald Durand \u2013ce fils d\u2019Ha\u00efti n\u00e9 trente-six ans apr\u00e8s l\u2019ind\u00e9pendance- sans employer des m\u00e9taphores et des p\u00e9riphrases portant avec elles la r\u00e9sonnance \u00e9vidente de superlatifs\u00a0: le premier grand po\u00e8te de la litt\u00e9rature ha\u00eftienne; le po\u00e8te original dans l\u2019imitation\u00a0; le po\u00e8te de la nature, de l\u2019amour, de la douleur et de la patrie; le premier \u00e0 avoir \u00e9crit un po\u00e8me en langue ha\u00eftienne (Choucoune), si l\u2019on consid\u00e8re que Duvivier de la Mahauti\u00e8re, auteur de <i>Liz\u00e8t quitt\u00e9 laplenn<\/i> (1749), \u00e9tait un colon\u00a0; p\u00e9diatre et voyeur le barde national (Achour, 2010), le chanteur de la femme ha\u00eftienne\u2026 En 1879 Christian R\u00e9gulus, dans le journal <i>Le Vigilant<\/i> e\u00fbt m\u00eame \u00e0 \u00e9crire que: \u00ab Oswald Durand a \u00e9t\u00e9 pour nous ce que Dante fut pour l\u2019Italie, Shakespeare pour l\u2019Angleterre et Goethe pour l\u2019Allemagne \u00bb.[\u2026]\u00a0<sup><a href=\"#_ftn1\" name=\"_ftnref1\">[1]<\/a><\/sup><\/p>\n<p><a href=\"#_ftnref1\" name=\"_ftn1\"><\/a>Souvent consid\u00e9r\u00e9 comme un homme ou po\u00e8te \u00e0 femmes par les amants du biographisme en raison de ses amours et aventures r\u00e9elles ou suppos\u00e9es avec des femmes invent\u00e9es, imagin\u00e9es ou authentiques, Oswald Durand est un \u00e9crivain dont la biographie sentimentale ou la biographie tout court est assez mal connue. Pourtant, dans certains cas, la vie de Durand, contrairement \u00e0 celle de certains auteurs comme Franck Fouch\u00e9, Miguel de Cervantes, William Shakespeare, Joanne Kathleen Rowling, Ian Flemming, Stan Lee\u2026 semble \u00eatre plus connue que ses \u0153uvres.<\/p>\n<p>Au-del\u00e0 d\u2019une lecture enferm\u00e9e dans des explications psychanalytiques, le pr\u00e9sent \u00ab\u00a0Textes choisis\u00a0\u00bb de Durand lance une v\u00e9ritable invitation \u00e0 la d\u00e9couverte de la po\u00e9sie d\u2019un homme inscrit dans une \u00e9poque et surtout \u00e0 l\u2019exploration du moins connu chez Durand\u00a0: le texte.<br \/>\n[&#8230;]<br \/>\nLa po\u00e9sie de Durand est vivante, color\u00e9e et pleine de chaleur parce qu\u2019elle r\u00e9unit les \u00e9l\u00e9ments essentiels de la vie : la nature, la femme, la lutte pour le bien commun qu&rsquo;est la libert\u00e9. La nature est pour le po\u00e8te un lieu didactique o\u00f9 il observe et apprend si bien qu\u2019il se rend compte que sa qu\u00eate des mots n\u2019est pas diff\u00e9rente du travail de l\u2019abeille qui butine. Une telle activit\u00e9 est propice \u00e0 l\u2019apparition du soleil, symbole du renouveau, de l\u2019espoir, de la vie r\u00e9v\u00e9l\u00e9e au petit matin&#8230;<\/p>\n<p style=\"text-align: right;\"><strong>Jean James Est\u00e9pha<\/strong><\/p>\n<hr \/>\n<p style=\"text-align: justify;\"><b>\u00c0 propos de l&rsquo;auteur<br \/>\n<\/b>\u200b\u200b\u200b\u200b\u200b\u200b\u200bOswald Durand, n\u00e9 en Ha\u00efti en 1840, est un po\u00e8te majeur de la litt\u00e9rature ha\u00eftienne. Journaliste et professeur, auteur du c\u00e9l\u00e8bre po\u00e8me en cr\u00e9ole <em>Choucoune<\/em>, Durand a publi\u00e9 en 1896 son unique recueil de po\u00e8mes,\u00a0<em>Rires et pleurs<\/em>. Il meurt le 22 avril 1906.<\/p>\n<p>&#8212;<\/p>\n<p style=\"text-align: justify;\"><a href=\"#_ftnref1\" name=\"_ftn1\">[1]<\/a> Ces propos sont rapport\u00e9s par Chaulet C. Achour dans son Dictionnaire litt\u00e9raire d\u2019\u00e9crivains francophones classiques. (titre complet du livre, et les donn\u00e9es sur l\u2019\u00e9dition)<\/p>\n","protected":false},"excerpt":{"rendered":"<p>Auteur : Oswald Durand Titre : Po\u00e8mes choisis (notes et commentaires de Jean James Est\u00e9pha) Collection : Classique Parution :\u00a0 29 avril 2016 ISBN : 978-\u00ad99970\u00ad86\u00ad-18-\u00ad1 Prix : 12 USD | Commander ICI \u00c0 priori, il semble fort difficile de&#8230;<\/p>\n","protected":false},"author":2,"featured_media":4050,"parent":0,"menu_order":0,"comment_status":"closed","ping_status":"closed","template":"","meta":{"footnotes":""},"class_list":["post-1549","page","type-page","status-publish","has-post-thumbnail","hentry"],"yoast_head":"<!-- This site is optimized with the Yoast SEO plugin v27.3 - https:\/\/yoast.com\/product\/yoast-seo-wordpress\/ -->\n<title>Po\u00e8mes choisis | LEGS &Eacute;DITION<\/title>\n<meta name=\"robots\" content=\"index, follow, max-snippet:-1, max-image-preview:large, max-video-preview:-1\" \/>\n<link rel=\"canonical\" href=\"https:\/\/legsedition.net\/public\/poemes-choisis\/\" \/>\n<meta property=\"og:locale\" content=\"fr_FR\" \/>\n<meta property=\"og:type\" content=\"article\" \/>\n<meta property=\"og:title\" content=\"Po\u00e8mes choisis | LEGS &Eacute;DITION\" \/>\n<meta property=\"og:description\" content=\"Auteur : Oswald Durand Titre : Po\u00e8mes choisis (notes et commentaires de Jean James Est\u00e9pha) Collection : Classique Parution :\u00a0 29 avril 2016 ISBN : 978-\u00ad99970\u00ad86\u00ad-18-\u00ad1 Prix : 12 USD | Commander ICI \u00c0 priori, il semble fort difficile de...\" \/>\n<meta property=\"og:url\" content=\"https:\/\/legsedition.net\/public\/poemes-choisis\/\" \/>\n<meta property=\"og:site_name\" content=\"LEGS &Eacute;DITION\" \/>\n<meta property=\"article:publisher\" content=\"https:\/\/web.facebook.com\/LegsEtLitterature\/\" \/>\n<meta property=\"article:modified_time\" content=\"2026-02-01T07:04:56+00:00\" \/>\n<meta property=\"og:image\" content=\"https:\/\/legsedition.net\/public\/wp-content\/uploads\/2021\/07\/Cover_Durand.png\" \/>\n\t<meta property=\"og:image:width\" content=\"301\" \/>\n\t<meta property=\"og:image:height\" content=\"454\" \/>\n\t<meta property=\"og:image:type\" content=\"image\/png\" \/>\n<meta name=\"twitter:card\" content=\"summary_large_image\" \/>\n<meta name=\"twitter:label1\" content=\"Dur\u00e9e de lecture estim\u00e9e\" \/>\n\t<meta name=\"twitter:data1\" content=\"3 minutes\" \/>\n<script type=\"application\/ld+json\" class=\"yoast-schema-graph\">{\"@context\":\"https:\\\/\\\/schema.org\",\"@graph\":[{\"@type\":\"WebPage\",\"@id\":\"https:\\\/\\\/legsedition.net\\\/public\\\/poemes-choisis\\\/\",\"url\":\"https:\\\/\\\/legsedition.net\\\/public\\\/poemes-choisis\\\/\",\"name\":\"Po\u00e8mes choisis | LEGS &Eacute;DITION\",\"isPartOf\":{\"@id\":\"https:\\\/\\\/legsedition.net\\\/public\\\/#website\"},\"primaryImageOfPage\":{\"@id\":\"https:\\\/\\\/legsedition.net\\\/public\\\/poemes-choisis\\\/#primaryimage\"},\"image\":{\"@id\":\"https:\\\/\\\/legsedition.net\\\/public\\\/poemes-choisis\\\/#primaryimage\"},\"thumbnailUrl\":\"https:\\\/\\\/legsedition.net\\\/public\\\/wp-content\\\/uploads\\\/2021\\\/07\\\/Cover_Durand.png\",\"datePublished\":\"2018-05-13T20:39:27+00:00\",\"dateModified\":\"2026-02-01T07:04:56+00:00\",\"breadcrumb\":{\"@id\":\"https:\\\/\\\/legsedition.net\\\/public\\\/poemes-choisis\\\/#breadcrumb\"},\"inLanguage\":\"fr-FR\",\"potentialAction\":[{\"@type\":\"ReadAction\",\"target\":[\"https:\\\/\\\/legsedition.net\\\/public\\\/poemes-choisis\\\/\"]}]},{\"@type\":\"ImageObject\",\"inLanguage\":\"fr-FR\",\"@id\":\"https:\\\/\\\/legsedition.net\\\/public\\\/poemes-choisis\\\/#primaryimage\",\"url\":\"https:\\\/\\\/legsedition.net\\\/public\\\/wp-content\\\/uploads\\\/2021\\\/07\\\/Cover_Durand.png\",\"contentUrl\":\"https:\\\/\\\/legsedition.net\\\/public\\\/wp-content\\\/uploads\\\/2021\\\/07\\\/Cover_Durand.png\",\"width\":301,\"height\":454},{\"@type\":\"BreadcrumbList\",\"@id\":\"https:\\\/\\\/legsedition.net\\\/public\\\/poemes-choisis\\\/#breadcrumb\",\"itemListElement\":[{\"@type\":\"ListItem\",\"position\":1,\"name\":\"Home\",\"item\":\"https:\\\/\\\/legsedition.net\\\/public\\\/\"},{\"@type\":\"ListItem\",\"position\":2,\"name\":\"Po\u00e8mes choisis\"}]},{\"@type\":\"WebSite\",\"@id\":\"https:\\\/\\\/legsedition.net\\\/public\\\/#website\",\"url\":\"https:\\\/\\\/legsedition.net\\\/public\\\/\",\"name\":\"LEGS &Eacute;DITION\",\"description\":\"\",\"potentialAction\":[{\"@type\":\"SearchAction\",\"target\":{\"@type\":\"EntryPoint\",\"urlTemplate\":\"https:\\\/\\\/legsedition.net\\\/public\\\/?s={search_term_string}\"},\"query-input\":{\"@type\":\"PropertyValueSpecification\",\"valueRequired\":true,\"valueName\":\"search_term_string\"}}],\"inLanguage\":\"fr-FR\"}]}<\/script>\n<!-- \/ Yoast SEO plugin. -->","yoast_head_json":{"title":"Po\u00e8mes choisis | LEGS &Eacute;DITION","robots":{"index":"index","follow":"follow","max-snippet":"max-snippet:-1","max-image-preview":"max-image-preview:large","max-video-preview":"max-video-preview:-1"},"canonical":"https:\/\/legsedition.net\/public\/poemes-choisis\/","og_locale":"fr_FR","og_type":"article","og_title":"Po\u00e8mes choisis | LEGS &Eacute;DITION","og_description":"Auteur : Oswald Durand Titre : Po\u00e8mes choisis (notes et commentaires de Jean James Est\u00e9pha) Collection : Classique Parution :\u00a0 29 avril 2016 ISBN : 978-\u00ad99970\u00ad86\u00ad-18-\u00ad1 Prix : 12 USD | Commander ICI \u00c0 priori, il semble fort difficile de...","og_url":"https:\/\/legsedition.net\/public\/poemes-choisis\/","og_site_name":"LEGS &Eacute;DITION","article_publisher":"https:\/\/web.facebook.com\/LegsEtLitterature\/","article_modified_time":"2026-02-01T07:04:56+00:00","og_image":[{"width":301,"height":454,"url":"https:\/\/legsedition.net\/public\/wp-content\/uploads\/2021\/07\/Cover_Durand.png","type":"image\/png"}],"twitter_card":"summary_large_image","twitter_misc":{"Dur\u00e9e de lecture estim\u00e9e":"3 minutes"},"schema":{"@context":"https:\/\/schema.org","@graph":[{"@type":"WebPage","@id":"https:\/\/legsedition.net\/public\/poemes-choisis\/","url":"https:\/\/legsedition.net\/public\/poemes-choisis\/","name":"Po\u00e8mes choisis | LEGS &Eacute;DITION","isPartOf":{"@id":"https:\/\/legsedition.net\/public\/#website"},"primaryImageOfPage":{"@id":"https:\/\/legsedition.net\/public\/poemes-choisis\/#primaryimage"},"image":{"@id":"https:\/\/legsedition.net\/public\/poemes-choisis\/#primaryimage"},"thumbnailUrl":"https:\/\/legsedition.net\/public\/wp-content\/uploads\/2021\/07\/Cover_Durand.png","datePublished":"2018-05-13T20:39:27+00:00","dateModified":"2026-02-01T07:04:56+00:00","breadcrumb":{"@id":"https:\/\/legsedition.net\/public\/poemes-choisis\/#breadcrumb"},"inLanguage":"fr-FR","potentialAction":[{"@type":"ReadAction","target":["https:\/\/legsedition.net\/public\/poemes-choisis\/"]}]},{"@type":"ImageObject","inLanguage":"fr-FR","@id":"https:\/\/legsedition.net\/public\/poemes-choisis\/#primaryimage","url":"https:\/\/legsedition.net\/public\/wp-content\/uploads\/2021\/07\/Cover_Durand.png","contentUrl":"https:\/\/legsedition.net\/public\/wp-content\/uploads\/2021\/07\/Cover_Durand.png","width":301,"height":454},{"@type":"BreadcrumbList","@id":"https:\/\/legsedition.net\/public\/poemes-choisis\/#breadcrumb","itemListElement":[{"@type":"ListItem","position":1,"name":"Home","item":"https:\/\/legsedition.net\/public\/"},{"@type":"ListItem","position":2,"name":"Po\u00e8mes choisis"}]},{"@type":"WebSite","@id":"https:\/\/legsedition.net\/public\/#website","url":"https:\/\/legsedition.net\/public\/","name":"LEGS &Eacute;DITION","description":"","potentialAction":[{"@type":"SearchAction","target":{"@type":"EntryPoint","urlTemplate":"https:\/\/legsedition.net\/public\/?s={search_term_string}"},"query-input":{"@type":"PropertyValueSpecification","valueRequired":true,"valueName":"search_term_string"}}],"inLanguage":"fr-FR"}]}},"_links":{"self":[{"href":"https:\/\/legsedition.net\/public\/wp-json\/wp\/v2\/pages\/1549","targetHints":{"allow":["GET"]}}],"collection":[{"href":"https:\/\/legsedition.net\/public\/wp-json\/wp\/v2\/pages"}],"about":[{"href":"https:\/\/legsedition.net\/public\/wp-json\/wp\/v2\/types\/page"}],"author":[{"embeddable":true,"href":"https:\/\/legsedition.net\/public\/wp-json\/wp\/v2\/users\/2"}],"replies":[{"embeddable":true,"href":"https:\/\/legsedition.net\/public\/wp-json\/wp\/v2\/comments?post=1549"}],"version-history":[{"count":10,"href":"https:\/\/legsedition.net\/public\/wp-json\/wp\/v2\/pages\/1549\/revisions"}],"predecessor-version":[{"id":9196,"href":"https:\/\/legsedition.net\/public\/wp-json\/wp\/v2\/pages\/1549\/revisions\/9196"}],"wp:featuredmedia":[{"embeddable":true,"href":"https:\/\/legsedition.net\/public\/wp-json\/wp\/v2\/media\/4050"}],"wp:attachment":[{"href":"https:\/\/legsedition.net\/public\/wp-json\/wp\/v2\/media?parent=1549"}],"curies":[{"name":"wp","href":"https:\/\/api.w.org\/{rel}","templated":true}]}}