{"id":1551,"date":"2018-05-13T20:44:33","date_gmt":"2018-05-13T20:44:33","guid":{"rendered":"http:\/\/legsedition.net\/public\/?page_id=1551"},"modified":"2026-02-18T13:32:04","modified_gmt":"2026-02-18T13:32:04","slug":"je-decouvre-marie-vieux-chauvet","status":"publish","type":"page","link":"https:\/\/legsedition.net\/public\/je-decouvre-marie-vieux-chauvet\/","title":{"rendered":"Je d\u00e9couvre\u2026 Marie Vieux Chauvet"},"content":{"rendered":"<p><strong><a href=\"http:\/\/legsedition.net\/public\/wp-content\/uploads\/2017\/12\/Cover-Je-decouvre-MVCHaiti-page001.png\"><img fetchpriority=\"high\" decoding=\"async\" class=\"size-medium wp-image-99 alignleft\" src=\"http:\/\/legsedition.net\/public\/wp-content\/uploads\/2017\/12\/Cover-Je-decouvre-MVCHaiti-page001-197x300.png\" alt=\"\" width=\"197\" height=\"300\" srcset=\"https:\/\/legsedition.net\/public\/wp-content\/uploads\/2017\/12\/Cover-Je-decouvre-MVCHaiti-page001-197x300.png 197w, https:\/\/legsedition.net\/public\/wp-content\/uploads\/2017\/12\/Cover-Je-decouvre-MVCHaiti-page001.png 329w\" sizes=\"(max-width: 197px) 100vw, 197px\" \/><\/a>Titre: <\/strong>Je decouvre&#8230; Marie Vieux-Chauvet<\/p>\n<p><strong>Auteur : <\/strong>Dieulermesson Petit Fr\u00e8re<\/p>\n<p><strong>Dessins : <\/strong>Fritzg\u00e9rald Muscadin et Joram Mercier<\/p>\n<p><strong>Collection : <\/strong><a href=\"https:\/\/legsedition.net\/public\/collection-je-decouvre-jeunesse\/\" target=\"_blank\" rel=\"noopener\">Je d\u00e9couvre&#8230;\/Jeunesse<\/a><\/p>\n<p><strong>Parution : <\/strong>29 avril 2016<\/p>\n<p><strong>ISBN : <\/strong>978-99970-86-13-6 | <a href=\"https:\/\/www.amazon.com\/Je-decouvre-Marie-Vieux-Chauvet-French\/dp\/9997086139\/ref=sr_1_1?dib=eyJ2IjoiMSJ9.2O-NCe8cQsWiDUQLnH39Cw.KykEvsSSgAZhvqtWUSiCZFKtKaXD8q_OT3Oa2HjcGwc&amp;dib_tag=se&amp;keywords=Je+d%C3%A9couvre%E2%80%A6+Marie+Vieux+Chauvet&amp;qid=1771421505&amp;sr=8-1\" target=\"_blank\" rel=\"noopener\">Commander ICI<\/a><\/p>\n<p><strong>Prix :\u00a0 \u00a0<\/strong>500 HTG ; 10 USD<\/p>\n<p>Mes chers amis, savez-vous qu&rsquo;Ha\u00efti est un pays qui a produit de grands artistes, \u00e9crivains et cr\u00e9ateurs ? Nous sommes un grand peuple et nous avons un patrimoine culturel et litt\u00e9raire tr\u00e8s riche. Aujourd\u2019hui, je vais vous conter l\u2019histoire d\u2019une grande femme de lettres ha\u00eftienne\u00a0tr\u00e8s connue\u00a0: Marie Vieux-Chauvet. L&rsquo;ann\u00e9e 2016 marque le centenaire de sa naissance. Je vous invite donc \u00e0 d\u00e9couvrir cette grande romanci\u00e8re et dramaturge.<\/p>\n<p>Issue d&rsquo;une famille bourgeoise, Marie Vieux est n\u00e9e \u00e0 Port-au-Prince le 16 septembre 1916. Son p\u00e8re, Constant Vieux, est un homme politique. Il a \u00e9t\u00e9 s\u00e9nateur et ambassadeur de la R\u00e9publique d&rsquo;Ha\u00efti. Sa m\u00e8re, D\u00e9lia Nones, est une \u00e9trang\u00e8re, une jeune fille d\u2019une famille juive antillaise venue des Iles Vierges. La petite Marie a grandi dans une ambiance familiale assez heureuse en plein c\u0153ur de la premi\u00e8re occupation\u00a0am\u00e9ricaine. Elle a eu trois s\u0153urs, D\u00e9lia, Clara, Liliane et un fr\u00e8re qui s\u2019appelle Max.<\/p>\n<p>Marie Vieux a grandi dans la capitale ha\u00eftienne, a appris \u00e0 d\u00e9couvrir le beau Port-au-Prince des ann\u00e9es 1940 avec ses beaux quartiers et ses rues propres. La situation ais\u00e9e de sa famille lui a permis de vivre une enfance heureuse. Elle a fait des \u00e9tudes \u00e0 l&rsquo;\u00c9cole normale des institutrices. \u00c0 dix-sept ans, elle obtient un brevet \u00e9l\u00e9mentaire qui l\u2019habilite \u00e0 exercer le m\u00e9tier d\u2019enseignant.<\/p>\n<p>Toute petite, elle commence \u00e0 nourrir les id\u00e9es de justice, d\u2019\u00e9galit\u00e9 et se penche sur la mis\u00e8re des pauvres. En d\u00e9pit de son statut de bourgeoise, elle ne restera pas indiff\u00e9rente aux conditions de vie difficile des gens du bas-peuple.<\/p>\n<p><strong>\u00c0\u00a0<\/strong><strong><span class=\"a-text-bold\">propos de l\u2019auteur :<\/span><\/strong><\/p>\n<p>Dieulermesson Petit Fr\u00e8re d\u00e9tient un master 2 en Litt\u00e9ratures, Id\u00e9es, Po\u00e9tiques de l\u2019Universit\u00e9 Blaise Pascal (Clermont-Ferrand). \u00c9diteur et critique litt\u00e9raire, il a publi\u00e9 de nombreux travaux sur la litt\u00e9rature dans la revue\u00a0<em>Legs et Litt\u00e9rature<\/em>\u00a0dont il est le co-fondateur.<\/p>\n<hr \/>\n<p><strong>Dans la presse :<\/strong><\/p>\n<p>W\u00e9bert Pierre-Louis, <a href=\"https:\/\/lenouvelliste.com\/article\/218276\/les-enfants-decouvrent-marie-vieux-chauvet\" target=\"_blank\" rel=\"noopener\">Les enfants d\u00e9couvrent Marie Vieux Chauvet<\/a>,\u00a0<em>Le Nouvelliste,\u00a0<\/em>8 juin 2020<\/p>\n<p>St\u00e9phane Saintil, <a href=\"https:\/\/www.lenouvelliste.com\/public\/article\/202642\/je-decouvre-marie-vieux-chauvet\" target=\"_blank\" rel=\"noopener\">\u00a0Je d\u00e9couvre Marie Vieux-Chauvet<\/a>, <em>Le Nouvelliste,\u00a0<\/em>7 juin 2019.<\/p>\n<p>Dieulermesson Petit Frere, <a href=\"https:\/\/lenouvelliste.com\/article\/159203\/marie-vieux-chauvet-decouverte-par-les-enfants\" target=\"_blank\" rel=\"noopener\">Marie Vieux-Chauvet d\u00e9couverte par les enfants<\/a>, <em>Ticket Magazine,\u00a0<\/em>24 mai 2016.<\/p>\n","protected":false},"excerpt":{"rendered":"<p>Titre: Je decouvre&#8230; Marie Vieux-Chauvet Auteur : Dieulermesson Petit Fr\u00e8re Dessins : Fritzg\u00e9rald Muscadin et Joram Mercier Collection : Je d\u00e9couvre&#8230;\/Jeunesse Parution : 29 avril 2016 ISBN : 978-99970-86-13-6 | Commander ICI Prix :\u00a0 \u00a0500 HTG ; 10 USD Mes&#8230;<\/p>\n","protected":false},"author":2,"featured_media":84,"parent":0,"menu_order":0,"comment_status":"closed","ping_status":"closed","template":"","meta":{"footnotes":""},"class_list":["post-1551","page","type-page","status-publish","has-post-thumbnail","hentry"],"yoast_head":"<!-- This site is optimized with the Yoast SEO plugin v27.3 - https:\/\/yoast.com\/product\/yoast-seo-wordpress\/ -->\n<title>Je d\u00e9couvre\u2026 Marie Vieux Chauvet | LEGS &Eacute;DITION<\/title>\n<meta name=\"robots\" content=\"index, follow, max-snippet:-1, max-image-preview:large, max-video-preview:-1\" \/>\n<link rel=\"canonical\" href=\"https:\/\/legsedition.net\/public\/je-decouvre-marie-vieux-chauvet\/\" \/>\n<meta property=\"og:locale\" content=\"fr_FR\" \/>\n<meta property=\"og:type\" content=\"article\" \/>\n<meta property=\"og:title\" content=\"Je d\u00e9couvre\u2026 Marie Vieux Chauvet | LEGS &Eacute;DITION\" \/>\n<meta property=\"og:description\" content=\"Titre: Je decouvre&#8230; Marie Vieux-Chauvet Auteur : Dieulermesson Petit Fr\u00e8re Dessins : Fritzg\u00e9rald Muscadin et Joram Mercier Collection : Je d\u00e9couvre&#8230;\/Jeunesse Parution : 29 avril 2016 ISBN : 978-99970-86-13-6 | Commander ICI Prix :\u00a0 \u00a0500 HTG ; 10 USD Mes...\" \/>\n<meta property=\"og:url\" content=\"https:\/\/legsedition.net\/public\/je-decouvre-marie-vieux-chauvet\/\" \/>\n<meta property=\"og:site_name\" content=\"LEGS &Eacute;DITION\" \/>\n<meta property=\"article:publisher\" content=\"https:\/\/web.facebook.com\/LegsEtLitterature\/\" \/>\n<meta property=\"article:modified_time\" content=\"2026-02-18T13:32:04+00:00\" \/>\n<meta property=\"og:image\" content=\"https:\/\/legsedition.net\/public\/wp-content\/uploads\/2017\/12\/chauvet.png\" \/>\n\t<meta property=\"og:image:width\" content=\"329\" \/>\n\t<meta property=\"og:image:height\" content=\"502\" \/>\n\t<meta property=\"og:image:type\" content=\"image\/png\" \/>\n<meta name=\"twitter:card\" content=\"summary_large_image\" \/>\n<meta name=\"twitter:label1\" content=\"Dur\u00e9e de lecture estim\u00e9e\" \/>\n\t<meta name=\"twitter:data1\" content=\"3 minutes\" \/>\n<script type=\"application\/ld+json\" class=\"yoast-schema-graph\">{\"@context\":\"https:\\\/\\\/schema.org\",\"@graph\":[{\"@type\":\"WebPage\",\"@id\":\"https:\\\/\\\/legsedition.net\\\/public\\\/je-decouvre-marie-vieux-chauvet\\\/\",\"url\":\"https:\\\/\\\/legsedition.net\\\/public\\\/je-decouvre-marie-vieux-chauvet\\\/\",\"name\":\"Je d\u00e9couvre\u2026 Marie Vieux Chauvet | LEGS &Eacute;DITION\",\"isPartOf\":{\"@id\":\"https:\\\/\\\/legsedition.net\\\/public\\\/#website\"},\"primaryImageOfPage\":{\"@id\":\"https:\\\/\\\/legsedition.net\\\/public\\\/je-decouvre-marie-vieux-chauvet\\\/#primaryimage\"},\"image\":{\"@id\":\"https:\\\/\\\/legsedition.net\\\/public\\\/je-decouvre-marie-vieux-chauvet\\\/#primaryimage\"},\"thumbnailUrl\":\"https:\\\/\\\/legsedition.net\\\/public\\\/wp-content\\\/uploads\\\/2017\\\/12\\\/chauvet.png\",\"datePublished\":\"2018-05-13T20:44:33+00:00\",\"dateModified\":\"2026-02-18T13:32:04+00:00\",\"breadcrumb\":{\"@id\":\"https:\\\/\\\/legsedition.net\\\/public\\\/je-decouvre-marie-vieux-chauvet\\\/#breadcrumb\"},\"inLanguage\":\"fr-FR\",\"potentialAction\":[{\"@type\":\"ReadAction\",\"target\":[\"https:\\\/\\\/legsedition.net\\\/public\\\/je-decouvre-marie-vieux-chauvet\\\/\"]}]},{\"@type\":\"ImageObject\",\"inLanguage\":\"fr-FR\",\"@id\":\"https:\\\/\\\/legsedition.net\\\/public\\\/je-decouvre-marie-vieux-chauvet\\\/#primaryimage\",\"url\":\"https:\\\/\\\/legsedition.net\\\/public\\\/wp-content\\\/uploads\\\/2017\\\/12\\\/chauvet.png\",\"contentUrl\":\"https:\\\/\\\/legsedition.net\\\/public\\\/wp-content\\\/uploads\\\/2017\\\/12\\\/chauvet.png\",\"width\":329,\"height\":502},{\"@type\":\"BreadcrumbList\",\"@id\":\"https:\\\/\\\/legsedition.net\\\/public\\\/je-decouvre-marie-vieux-chauvet\\\/#breadcrumb\",\"itemListElement\":[{\"@type\":\"ListItem\",\"position\":1,\"name\":\"Home\",\"item\":\"https:\\\/\\\/legsedition.net\\\/public\\\/\"},{\"@type\":\"ListItem\",\"position\":2,\"name\":\"Je d\u00e9couvre\u2026 Marie Vieux Chauvet\"}]},{\"@type\":\"WebSite\",\"@id\":\"https:\\\/\\\/legsedition.net\\\/public\\\/#website\",\"url\":\"https:\\\/\\\/legsedition.net\\\/public\\\/\",\"name\":\"LEGS &Eacute;DITION\",\"description\":\"\",\"potentialAction\":[{\"@type\":\"SearchAction\",\"target\":{\"@type\":\"EntryPoint\",\"urlTemplate\":\"https:\\\/\\\/legsedition.net\\\/public\\\/?s={search_term_string}\"},\"query-input\":{\"@type\":\"PropertyValueSpecification\",\"valueRequired\":true,\"valueName\":\"search_term_string\"}}],\"inLanguage\":\"fr-FR\"}]}<\/script>\n<!-- \/ Yoast SEO plugin. -->","yoast_head_json":{"title":"Je d\u00e9couvre\u2026 Marie Vieux Chauvet | LEGS &Eacute;DITION","robots":{"index":"index","follow":"follow","max-snippet":"max-snippet:-1","max-image-preview":"max-image-preview:large","max-video-preview":"max-video-preview:-1"},"canonical":"https:\/\/legsedition.net\/public\/je-decouvre-marie-vieux-chauvet\/","og_locale":"fr_FR","og_type":"article","og_title":"Je d\u00e9couvre\u2026 Marie Vieux Chauvet | LEGS &Eacute;DITION","og_description":"Titre: Je decouvre&#8230; Marie Vieux-Chauvet Auteur : Dieulermesson Petit Fr\u00e8re Dessins : Fritzg\u00e9rald Muscadin et Joram Mercier Collection : Je d\u00e9couvre&#8230;\/Jeunesse Parution : 29 avril 2016 ISBN : 978-99970-86-13-6 | Commander ICI Prix :\u00a0 \u00a0500 HTG ; 10 USD Mes...","og_url":"https:\/\/legsedition.net\/public\/je-decouvre-marie-vieux-chauvet\/","og_site_name":"LEGS &Eacute;DITION","article_publisher":"https:\/\/web.facebook.com\/LegsEtLitterature\/","article_modified_time":"2026-02-18T13:32:04+00:00","og_image":[{"width":329,"height":502,"url":"https:\/\/legsedition.net\/public\/wp-content\/uploads\/2017\/12\/chauvet.png","type":"image\/png"}],"twitter_card":"summary_large_image","twitter_misc":{"Dur\u00e9e de lecture estim\u00e9e":"3 minutes"},"schema":{"@context":"https:\/\/schema.org","@graph":[{"@type":"WebPage","@id":"https:\/\/legsedition.net\/public\/je-decouvre-marie-vieux-chauvet\/","url":"https:\/\/legsedition.net\/public\/je-decouvre-marie-vieux-chauvet\/","name":"Je d\u00e9couvre\u2026 Marie Vieux Chauvet | LEGS &Eacute;DITION","isPartOf":{"@id":"https:\/\/legsedition.net\/public\/#website"},"primaryImageOfPage":{"@id":"https:\/\/legsedition.net\/public\/je-decouvre-marie-vieux-chauvet\/#primaryimage"},"image":{"@id":"https:\/\/legsedition.net\/public\/je-decouvre-marie-vieux-chauvet\/#primaryimage"},"thumbnailUrl":"https:\/\/legsedition.net\/public\/wp-content\/uploads\/2017\/12\/chauvet.png","datePublished":"2018-05-13T20:44:33+00:00","dateModified":"2026-02-18T13:32:04+00:00","breadcrumb":{"@id":"https:\/\/legsedition.net\/public\/je-decouvre-marie-vieux-chauvet\/#breadcrumb"},"inLanguage":"fr-FR","potentialAction":[{"@type":"ReadAction","target":["https:\/\/legsedition.net\/public\/je-decouvre-marie-vieux-chauvet\/"]}]},{"@type":"ImageObject","inLanguage":"fr-FR","@id":"https:\/\/legsedition.net\/public\/je-decouvre-marie-vieux-chauvet\/#primaryimage","url":"https:\/\/legsedition.net\/public\/wp-content\/uploads\/2017\/12\/chauvet.png","contentUrl":"https:\/\/legsedition.net\/public\/wp-content\/uploads\/2017\/12\/chauvet.png","width":329,"height":502},{"@type":"BreadcrumbList","@id":"https:\/\/legsedition.net\/public\/je-decouvre-marie-vieux-chauvet\/#breadcrumb","itemListElement":[{"@type":"ListItem","position":1,"name":"Home","item":"https:\/\/legsedition.net\/public\/"},{"@type":"ListItem","position":2,"name":"Je d\u00e9couvre\u2026 Marie Vieux Chauvet"}]},{"@type":"WebSite","@id":"https:\/\/legsedition.net\/public\/#website","url":"https:\/\/legsedition.net\/public\/","name":"LEGS &Eacute;DITION","description":"","potentialAction":[{"@type":"SearchAction","target":{"@type":"EntryPoint","urlTemplate":"https:\/\/legsedition.net\/public\/?s={search_term_string}"},"query-input":{"@type":"PropertyValueSpecification","valueRequired":true,"valueName":"search_term_string"}}],"inLanguage":"fr-FR"}]}},"_links":{"self":[{"href":"https:\/\/legsedition.net\/public\/wp-json\/wp\/v2\/pages\/1551","targetHints":{"allow":["GET"]}}],"collection":[{"href":"https:\/\/legsedition.net\/public\/wp-json\/wp\/v2\/pages"}],"about":[{"href":"https:\/\/legsedition.net\/public\/wp-json\/wp\/v2\/types\/page"}],"author":[{"embeddable":true,"href":"https:\/\/legsedition.net\/public\/wp-json\/wp\/v2\/users\/2"}],"replies":[{"embeddable":true,"href":"https:\/\/legsedition.net\/public\/wp-json\/wp\/v2\/comments?post=1551"}],"version-history":[{"count":8,"href":"https:\/\/legsedition.net\/public\/wp-json\/wp\/v2\/pages\/1551\/revisions"}],"predecessor-version":[{"id":9246,"href":"https:\/\/legsedition.net\/public\/wp-json\/wp\/v2\/pages\/1551\/revisions\/9246"}],"wp:featuredmedia":[{"embeddable":true,"href":"https:\/\/legsedition.net\/public\/wp-json\/wp\/v2\/media\/84"}],"wp:attachment":[{"href":"https:\/\/legsedition.net\/public\/wp-json\/wp\/v2\/media?parent=1551"}],"curies":[{"name":"wp","href":"https:\/\/api.w.org\/{rel}","templated":true}]}}