{"id":1553,"date":"2018-05-13T20:48:05","date_gmt":"2018-05-13T20:48:05","guid":{"rendered":"http:\/\/legsedition.net\/public\/?page_id=1553"},"modified":"2026-02-18T13:44:59","modified_gmt":"2026-02-18T13:44:59","slug":"je-decouvre-leopold-s-senghor","status":"publish","type":"page","link":"https:\/\/legsedition.net\/public\/je-decouvre-leopold-s-senghor\/","title":{"rendered":"Je d\u00e9couvre\u2026 L\u00e9opold S. Senghor"},"content":{"rendered":"<p><strong><a href=\"http:\/\/legsedition.net\/public\/wp-content\/uploads\/2017\/12\/senghor.png\"><img fetchpriority=\"high\" decoding=\"async\" class=\"size-medium wp-image-147 alignleft\" src=\"http:\/\/legsedition.net\/public\/wp-content\/uploads\/2017\/12\/senghor-197x300.png\" alt=\"\" width=\"197\" height=\"300\" srcset=\"https:\/\/legsedition.net\/public\/wp-content\/uploads\/2017\/12\/senghor-197x300.png 197w, https:\/\/legsedition.net\/public\/wp-content\/uploads\/2017\/12\/senghor.png 328w\" sizes=\"(max-width: 197px) 100vw, 197px\" \/><\/a>Titre :\u00a0<\/strong> Je d\u00e9couvre L\u00e9opold Sedar Senghor<\/p>\n<p><strong>Auteur : <\/strong>W\u00e9bert Charles<\/p>\n<p><strong>Dessins : <\/strong>Joram Mercier<\/p>\n<p><strong>Collection : <\/strong><a href=\"https:\/\/legsedition.net\/public\/collection-je-decouvre-jeunesse\/\" target=\"_blank\" rel=\"noopener\">Je d\u00e9couvre&#8230;\/Jeunesse<\/a><\/p>\n<p><strong>Parution :\u00a0 <\/strong>29 Avril 2016<\/p>\n<p><strong>ISBN : <\/strong>978\u00ad99970\u00ad86\u00ad15\u00ad0 | <a href=\"https:\/\/www.amazon.com\/decouvre-Leopold-Sedar-Senghor-French\/dp\/9997086155\/ref=sr_1_1?crid=6MTT78ZD8QOP&amp;dib=eyJ2IjoiMSJ9.TStkq6-tsL1ol_IMvBi_mztMt6qu8Z6EzsXkrgM60yg.sYjcCitfX9CAvQ20QHkF_bwK8rQM8tsM0YP9y7kfbZA&amp;dib_tag=se&amp;keywords=Je+d%C3%A9couvre%E2%80%A6+L%C3%A9opold+S.+Senghor&amp;qid=1771422273&amp;sprefix=je+d%C3%A9couvre+l%C3%A9opold+s.+senghor%2Caps%2C182&amp;sr=8-1\" target=\"_blank\" rel=\"noopener\">Commander ICI<\/a><\/p>\n<p><strong>Prix :<\/strong> 10 USD<\/p>\n<div data-cke-filler-webkit=\"start\" data-cke-temp=\"1\"><\/div>\n<p>Aujourd\u2019hui, les enfants, je vais vous raconter l\u2019histoire d\u2019un Africain tr\u00e8s connu dans le monde : le S\u00e9n\u00e9galais L\u00e9opold S\u00e9dar Senghor. C\u2019est le premier pr\u00e9sident de la R\u00e9publique du S\u00e9n\u00e9gal\u00a0; un homme qui a lutt\u00e9 avec ses amis pour am\u00e9liorer la vie des hommes \u00e0 la peau noire dans le monde entier.<\/p>\n<p>La premi\u00e8re partie de l\u2019histoire se passe \u00e0 Dakar, l\u2019actuelle capitale de la R\u00e9publique du S\u00e9n\u00e9gal. C\u2019est un pays lointain d\u2019o\u00f9 viennent peut-\u00eatre nos arri\u00e8re-arri\u00e8re-arri\u00e8re-arri\u00e8re-grands-parents. Pour y aller, il nous faut prendre trois fois l\u2019avion, vous savez, cet appareil volant qui va tr\u00e8s vite dans le ciel en d\u00e9chirant les nuages. Apr\u00e8s plus de seize heures de temps de vol, nous sommes enfin arriv\u00e9s \u00e0 l\u2019a\u00e9roport international L\u00e9opold S\u00e9dar Senghor de Dakar (vous voyez, l\u2019a\u00e9roport porte son nom !). Il fait tout aussi chaud qu\u2019en Ha\u00efti.<\/p>\n<p>Pour rencontrer le petit L\u00e9opold S\u00e9dar Senghor, nous irons \u00e0 <i>Joal<\/i>, un village du S\u00e9n\u00e9gal. Quoique fatigu\u00e9s, nous allons rouler pendant deux heures.\u00a0<i>Joal<\/i> est un village situ\u00e9 au sud-est de Dakar, la capitale du S\u00e9n\u00e9gal. C\u2019est l\u00e0 que naquit L\u00e9opold S\u00e9dar Senghor le mardi 9 octobre 1906. \u00c0 l\u2019\u00e9poque, ce n\u2019\u00e9tait pas Dakar la capitale du pays, mais plut\u00f4t une tr\u00e8s belle ville appel\u00e9e Saint-Louis. Le S\u00e9n\u00e9gal n\u2019\u00e9tait pas un pays ind\u00e9pendant, il \u00e9tait encore colonis\u00e9 par la France.<\/p>\n<p><b>\u00c0 propos de l\u2019auteur :<\/b><\/p>\n<p>W\u00e9bert Charles est \u00e9conomiste. Dipl\u00f4m\u00e9 en Management culturel de l\u2019Universit\u00e9 Ouagadougou II (Burkina Faso), il est d\u00e9tenteur \u00e9galement d\u2019un\u00a0Master I\u00a0en \u00c9conomie des organisations et Gouvernance de l\u2019Universit\u00e9 de Picardie Jules Verne (Amiens). Chroniqueur au journal<i>\u00a0Le Nouvelliste<\/i>, po\u00e8te et nouvelliste, il est l\u2019auteur de\u00a0<i>Pour que la terre s\u2019en souvienne<\/i>\u00a0(2010),\u00a0<i>Que l\u2019esp\u00e9rance demeure\u00a0<\/i>(2012) et\u00a0<i>Mar\u00e8l<\/i>\u00a0(2013).<\/p>\n<hr \/>\n<p><strong>Dans la presse :\u00a0<\/strong><\/p>\n<div data-cke-filler-webkit=\"end\" data-cke-temp=\"1\">Dieulermesson Petit Fr\u00e8re, <a href=\"https:\/\/lenouvelliste.com\/article\/159241\/redecouvrir-leopold-sedar-senghor\" target=\"_blank\" rel=\"noopener\">(Re)d\u00e9couvrir L\u00e9opold S\u00e9dar Senghor<\/a>, <em>Le Nouvelliste,\u00a0<\/em>25 mai 2016.<\/div>\n","protected":false},"excerpt":{"rendered":"<p>Titre :\u00a0 Je d\u00e9couvre L\u00e9opold Sedar Senghor Auteur : W\u00e9bert Charles Dessins : Joram Mercier Collection : Je d\u00e9couvre&#8230;\/Jeunesse Parution :\u00a0 29 Avril 2016 ISBN : 978\u00ad99970\u00ad86\u00ad15\u00ad0 | Commander ICI Prix : 10 USD Aujourd\u2019hui, les enfants, je vais vous&#8230;<\/p>\n","protected":false},"author":2,"featured_media":147,"parent":0,"menu_order":0,"comment_status":"closed","ping_status":"closed","template":"","meta":{"footnotes":""},"class_list":["post-1553","page","type-page","status-publish","has-post-thumbnail","hentry"],"yoast_head":"<!-- This site is optimized with the Yoast SEO plugin v27.3 - https:\/\/yoast.com\/product\/yoast-seo-wordpress\/ -->\n<title>Je d\u00e9couvre\u2026 L\u00e9opold S. Senghor | LEGS &Eacute;DITION<\/title>\n<meta name=\"robots\" content=\"index, follow, max-snippet:-1, max-image-preview:large, max-video-preview:-1\" \/>\n<link rel=\"canonical\" href=\"https:\/\/legsedition.net\/public\/je-decouvre-leopold-s-senghor\/\" \/>\n<meta property=\"og:locale\" content=\"fr_FR\" \/>\n<meta property=\"og:type\" content=\"article\" \/>\n<meta property=\"og:title\" content=\"Je d\u00e9couvre\u2026 L\u00e9opold S. Senghor | LEGS &Eacute;DITION\" \/>\n<meta property=\"og:description\" content=\"Titre :\u00a0 Je d\u00e9couvre L\u00e9opold Sedar Senghor Auteur : W\u00e9bert Charles Dessins : Joram Mercier Collection : Je d\u00e9couvre&#8230;\/Jeunesse Parution :\u00a0 29 Avril 2016 ISBN : 978\u00ad99970\u00ad86\u00ad15\u00ad0 | Commander ICI Prix : 10 USD Aujourd\u2019hui, les enfants, je vais vous...\" \/>\n<meta property=\"og:url\" content=\"https:\/\/legsedition.net\/public\/je-decouvre-leopold-s-senghor\/\" \/>\n<meta property=\"og:site_name\" content=\"LEGS &Eacute;DITION\" \/>\n<meta property=\"article:publisher\" content=\"https:\/\/web.facebook.com\/LegsEtLitterature\/\" \/>\n<meta property=\"article:modified_time\" content=\"2026-02-18T13:44:59+00:00\" \/>\n<meta property=\"og:image\" content=\"https:\/\/legsedition.net\/public\/wp-content\/uploads\/2017\/12\/senghor.png\" \/>\n\t<meta property=\"og:image:width\" content=\"328\" \/>\n\t<meta property=\"og:image:height\" content=\"500\" \/>\n\t<meta property=\"og:image:type\" content=\"image\/png\" \/>\n<meta name=\"twitter:card\" content=\"summary_large_image\" \/>\n<meta name=\"twitter:label1\" content=\"Dur\u00e9e de lecture estim\u00e9e\" \/>\n\t<meta name=\"twitter:data1\" content=\"3 minutes\" \/>\n<script type=\"application\/ld+json\" class=\"yoast-schema-graph\">{\"@context\":\"https:\\\/\\\/schema.org\",\"@graph\":[{\"@type\":\"WebPage\",\"@id\":\"https:\\\/\\\/legsedition.net\\\/public\\\/je-decouvre-leopold-s-senghor\\\/\",\"url\":\"https:\\\/\\\/legsedition.net\\\/public\\\/je-decouvre-leopold-s-senghor\\\/\",\"name\":\"Je d\u00e9couvre\u2026 L\u00e9opold S. Senghor | LEGS &Eacute;DITION\",\"isPartOf\":{\"@id\":\"https:\\\/\\\/legsedition.net\\\/public\\\/#website\"},\"primaryImageOfPage\":{\"@id\":\"https:\\\/\\\/legsedition.net\\\/public\\\/je-decouvre-leopold-s-senghor\\\/#primaryimage\"},\"image\":{\"@id\":\"https:\\\/\\\/legsedition.net\\\/public\\\/je-decouvre-leopold-s-senghor\\\/#primaryimage\"},\"thumbnailUrl\":\"https:\\\/\\\/legsedition.net\\\/public\\\/wp-content\\\/uploads\\\/2017\\\/12\\\/senghor.png\",\"datePublished\":\"2018-05-13T20:48:05+00:00\",\"dateModified\":\"2026-02-18T13:44:59+00:00\",\"breadcrumb\":{\"@id\":\"https:\\\/\\\/legsedition.net\\\/public\\\/je-decouvre-leopold-s-senghor\\\/#breadcrumb\"},\"inLanguage\":\"fr-FR\",\"potentialAction\":[{\"@type\":\"ReadAction\",\"target\":[\"https:\\\/\\\/legsedition.net\\\/public\\\/je-decouvre-leopold-s-senghor\\\/\"]}]},{\"@type\":\"ImageObject\",\"inLanguage\":\"fr-FR\",\"@id\":\"https:\\\/\\\/legsedition.net\\\/public\\\/je-decouvre-leopold-s-senghor\\\/#primaryimage\",\"url\":\"https:\\\/\\\/legsedition.net\\\/public\\\/wp-content\\\/uploads\\\/2017\\\/12\\\/senghor.png\",\"contentUrl\":\"https:\\\/\\\/legsedition.net\\\/public\\\/wp-content\\\/uploads\\\/2017\\\/12\\\/senghor.png\",\"width\":328,\"height\":500},{\"@type\":\"BreadcrumbList\",\"@id\":\"https:\\\/\\\/legsedition.net\\\/public\\\/je-decouvre-leopold-s-senghor\\\/#breadcrumb\",\"itemListElement\":[{\"@type\":\"ListItem\",\"position\":1,\"name\":\"Home\",\"item\":\"https:\\\/\\\/legsedition.net\\\/public\\\/\"},{\"@type\":\"ListItem\",\"position\":2,\"name\":\"Je d\u00e9couvre\u2026 L\u00e9opold S. Senghor\"}]},{\"@type\":\"WebSite\",\"@id\":\"https:\\\/\\\/legsedition.net\\\/public\\\/#website\",\"url\":\"https:\\\/\\\/legsedition.net\\\/public\\\/\",\"name\":\"LEGS &Eacute;DITION\",\"description\":\"\",\"potentialAction\":[{\"@type\":\"SearchAction\",\"target\":{\"@type\":\"EntryPoint\",\"urlTemplate\":\"https:\\\/\\\/legsedition.net\\\/public\\\/?s={search_term_string}\"},\"query-input\":{\"@type\":\"PropertyValueSpecification\",\"valueRequired\":true,\"valueName\":\"search_term_string\"}}],\"inLanguage\":\"fr-FR\"}]}<\/script>\n<!-- \/ Yoast SEO plugin. -->","yoast_head_json":{"title":"Je d\u00e9couvre\u2026 L\u00e9opold S. Senghor | LEGS &Eacute;DITION","robots":{"index":"index","follow":"follow","max-snippet":"max-snippet:-1","max-image-preview":"max-image-preview:large","max-video-preview":"max-video-preview:-1"},"canonical":"https:\/\/legsedition.net\/public\/je-decouvre-leopold-s-senghor\/","og_locale":"fr_FR","og_type":"article","og_title":"Je d\u00e9couvre\u2026 L\u00e9opold S. Senghor | LEGS &Eacute;DITION","og_description":"Titre :\u00a0 Je d\u00e9couvre L\u00e9opold Sedar Senghor Auteur : W\u00e9bert Charles Dessins : Joram Mercier Collection : Je d\u00e9couvre&#8230;\/Jeunesse Parution :\u00a0 29 Avril 2016 ISBN : 978\u00ad99970\u00ad86\u00ad15\u00ad0 | Commander ICI Prix : 10 USD Aujourd\u2019hui, les enfants, je vais vous...","og_url":"https:\/\/legsedition.net\/public\/je-decouvre-leopold-s-senghor\/","og_site_name":"LEGS &Eacute;DITION","article_publisher":"https:\/\/web.facebook.com\/LegsEtLitterature\/","article_modified_time":"2026-02-18T13:44:59+00:00","og_image":[{"width":328,"height":500,"url":"https:\/\/legsedition.net\/public\/wp-content\/uploads\/2017\/12\/senghor.png","type":"image\/png"}],"twitter_card":"summary_large_image","twitter_misc":{"Dur\u00e9e de lecture estim\u00e9e":"3 minutes"},"schema":{"@context":"https:\/\/schema.org","@graph":[{"@type":"WebPage","@id":"https:\/\/legsedition.net\/public\/je-decouvre-leopold-s-senghor\/","url":"https:\/\/legsedition.net\/public\/je-decouvre-leopold-s-senghor\/","name":"Je d\u00e9couvre\u2026 L\u00e9opold S. Senghor | LEGS &Eacute;DITION","isPartOf":{"@id":"https:\/\/legsedition.net\/public\/#website"},"primaryImageOfPage":{"@id":"https:\/\/legsedition.net\/public\/je-decouvre-leopold-s-senghor\/#primaryimage"},"image":{"@id":"https:\/\/legsedition.net\/public\/je-decouvre-leopold-s-senghor\/#primaryimage"},"thumbnailUrl":"https:\/\/legsedition.net\/public\/wp-content\/uploads\/2017\/12\/senghor.png","datePublished":"2018-05-13T20:48:05+00:00","dateModified":"2026-02-18T13:44:59+00:00","breadcrumb":{"@id":"https:\/\/legsedition.net\/public\/je-decouvre-leopold-s-senghor\/#breadcrumb"},"inLanguage":"fr-FR","potentialAction":[{"@type":"ReadAction","target":["https:\/\/legsedition.net\/public\/je-decouvre-leopold-s-senghor\/"]}]},{"@type":"ImageObject","inLanguage":"fr-FR","@id":"https:\/\/legsedition.net\/public\/je-decouvre-leopold-s-senghor\/#primaryimage","url":"https:\/\/legsedition.net\/public\/wp-content\/uploads\/2017\/12\/senghor.png","contentUrl":"https:\/\/legsedition.net\/public\/wp-content\/uploads\/2017\/12\/senghor.png","width":328,"height":500},{"@type":"BreadcrumbList","@id":"https:\/\/legsedition.net\/public\/je-decouvre-leopold-s-senghor\/#breadcrumb","itemListElement":[{"@type":"ListItem","position":1,"name":"Home","item":"https:\/\/legsedition.net\/public\/"},{"@type":"ListItem","position":2,"name":"Je d\u00e9couvre\u2026 L\u00e9opold S. Senghor"}]},{"@type":"WebSite","@id":"https:\/\/legsedition.net\/public\/#website","url":"https:\/\/legsedition.net\/public\/","name":"LEGS &Eacute;DITION","description":"","potentialAction":[{"@type":"SearchAction","target":{"@type":"EntryPoint","urlTemplate":"https:\/\/legsedition.net\/public\/?s={search_term_string}"},"query-input":{"@type":"PropertyValueSpecification","valueRequired":true,"valueName":"search_term_string"}}],"inLanguage":"fr-FR"}]}},"_links":{"self":[{"href":"https:\/\/legsedition.net\/public\/wp-json\/wp\/v2\/pages\/1553","targetHints":{"allow":["GET"]}}],"collection":[{"href":"https:\/\/legsedition.net\/public\/wp-json\/wp\/v2\/pages"}],"about":[{"href":"https:\/\/legsedition.net\/public\/wp-json\/wp\/v2\/types\/page"}],"author":[{"embeddable":true,"href":"https:\/\/legsedition.net\/public\/wp-json\/wp\/v2\/users\/2"}],"replies":[{"embeddable":true,"href":"https:\/\/legsedition.net\/public\/wp-json\/wp\/v2\/comments?post=1553"}],"version-history":[{"count":8,"href":"https:\/\/legsedition.net\/public\/wp-json\/wp\/v2\/pages\/1553\/revisions"}],"predecessor-version":[{"id":9255,"href":"https:\/\/legsedition.net\/public\/wp-json\/wp\/v2\/pages\/1553\/revisions\/9255"}],"wp:featuredmedia":[{"embeddable":true,"href":"https:\/\/legsedition.net\/public\/wp-json\/wp\/v2\/media\/147"}],"wp:attachment":[{"href":"https:\/\/legsedition.net\/public\/wp-json\/wp\/v2\/media?parent=1553"}],"curies":[{"name":"wp","href":"https:\/\/api.w.org\/{rel}","templated":true}]}}