{"id":1555,"date":"2018-05-13T20:50:54","date_gmt":"2018-05-13T20:50:54","guid":{"rendered":"http:\/\/legsedition.net\/public\/?page_id=1555"},"modified":"2026-02-18T13:43:33","modified_gmt":"2026-02-18T13:43:33","slug":"je-decouvre-charlemagne-peralte","status":"publish","type":"page","link":"https:\/\/legsedition.net\/public\/je-decouvre-charlemagne-peralte\/","title":{"rendered":"Je d\u00e9couvre\u2026 Charlemagne P\u00e9ralte"},"content":{"rendered":"<p><strong>\u00a0Auteur : <\/strong>Mirline Pierre<strong><a href=\"http:\/\/legsedition.net\/public\/wp-content\/uploads\/2017\/12\/1ere-de-couverture.png\"><img fetchpriority=\"high\" decoding=\"async\" class=\"alignleft wp-image-66\" src=\"http:\/\/legsedition.net\/public\/wp-content\/uploads\/2017\/12\/1ere-de-couverture-196x300.png\" alt=\"\" width=\"203\" height=\"311\" srcset=\"https:\/\/legsedition.net\/public\/wp-content\/uploads\/2017\/12\/1ere-de-couverture-196x300.png 196w, https:\/\/legsedition.net\/public\/wp-content\/uploads\/2017\/12\/1ere-de-couverture.png 329w\" sizes=\"(max-width: 203px) 100vw, 203px\" \/><\/a><\/strong><\/p>\n<p><strong>Titre : <\/strong>Je d\u00e9couvre&#8230; Charlemagne P\u00e9ralte<\/p>\n<p><strong>Collection : <\/strong><a href=\"https:\/\/legsedition.net\/public\/collection-je-decouvre-jeunesse\/\" target=\"_blank\" rel=\"noopener\">Je d\u00e9couvre&#8230;\/Jeunesse<\/a><\/p>\n<p><strong>Parution : <\/strong>29 Avril 2016<\/p>\n<p><strong>ISBN : <\/strong>978-99970-86-14-3 | <a href=\"https:\/\/www.amazon.com\/Je-decouvre-Charlemagne-Peralte-French\/dp\/9997086147\/ref=sr_1_1?crid=6JIPEA378FBN&amp;dib=eyJ2IjoiMSJ9.vB1XB2gnJ68Woyp-S5I7UdG6NsSHyBYfoq5DiLiasgUEDu1nIJnJLNo_Brj-nekZ-OnfnUyH1qY6JZNk18Xs-M0I71AGvc1Bza_Zjzk3_9kHDRGraaYDUhPnbXNPMHAkouKgPSZWAnG5eC9mpQK_w9oHfFlJuF673zepb_qfcm-xlmTaJY57dRzf3VWjlpemCvRyX5PxLVJrhDlkZNjIJwYy42NTqrQ900bfgavNjfM.o9rWuBaQtWo8p-vcM0ZnSqoujqwUTFlMp3GYaaOm54E&amp;dib_tag=se&amp;keywords=Je+d%C3%A9couvre%E2%80%A6+Charlemagne+P%C3%A9ralte&amp;qid=1771422179&amp;sprefix=je+d%C3%A9couvre+charlemagne+p%C3%A9ralte%2Caps%2C187&amp;sr=8-1\" target=\"_blank\" rel=\"noopener\">Commander ICI<\/a><\/p>\n<p><strong>Prix :\u00a0 <\/strong>10 USD<\/p>\n<p style=\"text-align: justify;\">Mes chers enfants et amis du monde entier, je viens vous parler de Charlemagne P\u00e9ralte, un personnage de l\u2019histoire d\u2019Ha\u00efti. Un guerrier et un bon patriote. En 1915, il a \u00e9t\u00e9 l\u2019un des premiers \u00e0 prendre une position ouverte contre la premi\u00e8re occupation am\u00e9ricaine. Il s\u2019est battu corps et \u00e2me pour chasser les militaires du territoire ha\u00eftien. Il est aussi de ceux qui croient qu\u2019Ha\u00efti peut r\u00e9soudre ses probl\u00e8mes entre fr\u00e8res et s\u0153urs sans la pr\u00e9sence de l\u2019\u00e9tranger.<\/p>\n<p style=\"text-align: justify;\">Charlemagne P\u00e9ralte \u00e9tait un beau petit gar\u00e7on. Il \u00e9tait intelligent, aimable et respectueux. Il a v\u00e9cu \u00e0 Hinche, une belle petite ville situ\u00e9e dans le Centre du pays. C\u2019est l\u00e0 qu\u2019il est n\u00e9 le 18 octobre 1885. Il s\u2019appelait \u00e0 la v\u00e9rit\u00e9 Fran\u00e7ois Borgia P\u00e9ralte. Sa m\u00e8re s\u2019appelait Anne Marie Louise Claire Emmanuel et son p\u00e8re le g\u00e9n\u00e9ral R\u00e9my Mass\u00e9na P\u00e9ralte. Il avait trois fr\u00e8res, Sa\u00fcl, Saint-R\u00e9my, Aur\u00e8le et une s\u0153ur, V\u00e9ronique. Les cinq vivaient heureux dans leur ville natale\u00a0sous la protection de leur p\u00e8re et de leur m\u00e8re.<\/p>\n<p style=\"text-align: justify;\">Illustr\u00e9 des dessins de Fritzg\u00e9rald Muscadin, ce livre se veut aussi un hommage \u00e0 la grandeur de Charlemagne P\u00e9ralte, ce h\u00e9ros qui a affront\u00e9 avec courage les marines de la premi\u00e8re occupation am\u00e9ricaine d&rsquo;Haiti en 1915. Mod\u00e8le de bravoure, guerrier farouche et v\u00e9ritable patriote, P\u00e9ralte a tout fait pour rendre \u00e0 son pays sa dignit\u00e9 souill\u00e9e par l\u2019Occupant.<\/p>\n<p>N\u00e9 le 18 octobre 1885 \u00e0 Hinche, dans le d\u00e9partement du Centre, il a men\u00e9, avec son fr\u00e8re de combat Beno\u00eet Batraville (les Cacos compris), une r\u00e9sistance extr\u00eame \u00e0 l\u2019occupation am\u00e9ricaine jusqu\u2019\u00e0 son assassinat par les Am\u00e9ricains le 1er novembre 1919.<\/p>\n<p style=\"text-align: right;\"><strong>Mirline Pierre<\/strong><\/p>\n<p style=\"text-align: justify;\"><strong><span class=\"a-text-bold\">A propos de l&rsquo;auteure :<\/span><br \/>\n<\/strong><br \/>\nMirline Pierre est n\u00e9e aux Cayes le 3 f\u00e9vrier 1990. \u00c9ditrice, nouvelliste et essayiste, elle a fait des \u00e9tudes de Lettres \u00e0 l&rsquo;\u00c9cole Normale Sup\u00e9rieure de Port-au-Prince et de ma\u00eetrise en Fran\u00e7ais Langue \u00c9trang\u00e8re (FLE) de l&rsquo;Universit\u00e9 des Antilles en Guadeloupe. Elle a publi\u00e9 de nombreux articles dans la revue\u00a0<span class=\"a-text-italic\">Legs et Litt<\/span>\u00e9<span class=\"a-text-italic\">rature\u00a0<\/span>dont elle est la r\u00e9dactrice en chef.<\/p>\n<hr \/>\n<p><strong>Dans la presse :<\/strong><\/p>\n<p>Dieulermesson Petit Fr\u00e8re,\u00a0<a href=\"https:\/\/lenouvelliste.com\/article\/159242\/mirline-pierre-parle-de-charlemagne-peralte-aux-enfants\" target=\"_blank\" rel=\"noopener\">Mirline Pierre parle de Charlemagne P\u00e9ralte aux enfants<\/a>, <em>Le Nouvelliste,\u00a0<\/em>25 mai 2016.<\/p>\n","protected":false},"excerpt":{"rendered":"<p>\u00a0Auteur : Mirline Pierre Titre : Je d\u00e9couvre&#8230; Charlemagne P\u00e9ralte Collection : Je d\u00e9couvre&#8230;\/Jeunesse Parution : 29 Avril 2016 ISBN : 978-99970-86-14-3 | Commander ICI Prix :\u00a0 10 USD Mes chers enfants et amis du monde entier, je viens vous&#8230;<\/p>\n","protected":false},"author":2,"featured_media":66,"parent":0,"menu_order":0,"comment_status":"closed","ping_status":"closed","template":"","meta":{"footnotes":""},"class_list":["post-1555","page","type-page","status-publish","has-post-thumbnail","hentry"],"yoast_head":"<!-- This site is optimized with the Yoast SEO plugin v27.3 - https:\/\/yoast.com\/product\/yoast-seo-wordpress\/ -->\n<title>Je d\u00e9couvre\u2026 Charlemagne P\u00e9ralte | LEGS &Eacute;DITION<\/title>\n<meta name=\"robots\" content=\"index, follow, max-snippet:-1, max-image-preview:large, max-video-preview:-1\" \/>\n<link rel=\"canonical\" href=\"https:\/\/legsedition.net\/public\/je-decouvre-charlemagne-peralte\/\" \/>\n<meta property=\"og:locale\" content=\"fr_FR\" \/>\n<meta property=\"og:type\" content=\"article\" \/>\n<meta property=\"og:title\" content=\"Je d\u00e9couvre\u2026 Charlemagne P\u00e9ralte | LEGS &Eacute;DITION\" \/>\n<meta property=\"og:description\" content=\"\u00a0Auteur : Mirline Pierre Titre : Je d\u00e9couvre&#8230; Charlemagne P\u00e9ralte Collection : Je d\u00e9couvre&#8230;\/Jeunesse Parution : 29 Avril 2016 ISBN : 978-99970-86-14-3 | Commander ICI Prix :\u00a0 10 USD Mes chers enfants et amis du monde entier, je viens vous...\" \/>\n<meta property=\"og:url\" content=\"https:\/\/legsedition.net\/public\/je-decouvre-charlemagne-peralte\/\" \/>\n<meta property=\"og:site_name\" content=\"LEGS &Eacute;DITION\" \/>\n<meta property=\"article:publisher\" content=\"https:\/\/web.facebook.com\/LegsEtLitterature\/\" \/>\n<meta property=\"article:modified_time\" content=\"2026-02-18T13:43:33+00:00\" \/>\n<meta property=\"og:image\" content=\"https:\/\/legsedition.net\/public\/wp-content\/uploads\/2017\/12\/1ere-de-couverture.png\" \/>\n\t<meta property=\"og:image:width\" content=\"329\" \/>\n\t<meta property=\"og:image:height\" content=\"504\" \/>\n\t<meta property=\"og:image:type\" content=\"image\/png\" \/>\n<meta name=\"twitter:card\" content=\"summary_large_image\" \/>\n<meta name=\"twitter:label1\" content=\"Dur\u00e9e de lecture estim\u00e9e\" \/>\n\t<meta name=\"twitter:data1\" content=\"3 minutes\" \/>\n<script type=\"application\/ld+json\" class=\"yoast-schema-graph\">{\"@context\":\"https:\\\/\\\/schema.org\",\"@graph\":[{\"@type\":\"WebPage\",\"@id\":\"https:\\\/\\\/legsedition.net\\\/public\\\/je-decouvre-charlemagne-peralte\\\/\",\"url\":\"https:\\\/\\\/legsedition.net\\\/public\\\/je-decouvre-charlemagne-peralte\\\/\",\"name\":\"Je d\u00e9couvre\u2026 Charlemagne P\u00e9ralte | LEGS &Eacute;DITION\",\"isPartOf\":{\"@id\":\"https:\\\/\\\/legsedition.net\\\/public\\\/#website\"},\"primaryImageOfPage\":{\"@id\":\"https:\\\/\\\/legsedition.net\\\/public\\\/je-decouvre-charlemagne-peralte\\\/#primaryimage\"},\"image\":{\"@id\":\"https:\\\/\\\/legsedition.net\\\/public\\\/je-decouvre-charlemagne-peralte\\\/#primaryimage\"},\"thumbnailUrl\":\"https:\\\/\\\/legsedition.net\\\/public\\\/wp-content\\\/uploads\\\/2017\\\/12\\\/1ere-de-couverture.png\",\"datePublished\":\"2018-05-13T20:50:54+00:00\",\"dateModified\":\"2026-02-18T13:43:33+00:00\",\"breadcrumb\":{\"@id\":\"https:\\\/\\\/legsedition.net\\\/public\\\/je-decouvre-charlemagne-peralte\\\/#breadcrumb\"},\"inLanguage\":\"fr-FR\",\"potentialAction\":[{\"@type\":\"ReadAction\",\"target\":[\"https:\\\/\\\/legsedition.net\\\/public\\\/je-decouvre-charlemagne-peralte\\\/\"]}]},{\"@type\":\"ImageObject\",\"inLanguage\":\"fr-FR\",\"@id\":\"https:\\\/\\\/legsedition.net\\\/public\\\/je-decouvre-charlemagne-peralte\\\/#primaryimage\",\"url\":\"https:\\\/\\\/legsedition.net\\\/public\\\/wp-content\\\/uploads\\\/2017\\\/12\\\/1ere-de-couverture.png\",\"contentUrl\":\"https:\\\/\\\/legsedition.net\\\/public\\\/wp-content\\\/uploads\\\/2017\\\/12\\\/1ere-de-couverture.png\",\"width\":329,\"height\":504},{\"@type\":\"BreadcrumbList\",\"@id\":\"https:\\\/\\\/legsedition.net\\\/public\\\/je-decouvre-charlemagne-peralte\\\/#breadcrumb\",\"itemListElement\":[{\"@type\":\"ListItem\",\"position\":1,\"name\":\"Home\",\"item\":\"https:\\\/\\\/legsedition.net\\\/public\\\/\"},{\"@type\":\"ListItem\",\"position\":2,\"name\":\"Je d\u00e9couvre\u2026 Charlemagne P\u00e9ralte\"}]},{\"@type\":\"WebSite\",\"@id\":\"https:\\\/\\\/legsedition.net\\\/public\\\/#website\",\"url\":\"https:\\\/\\\/legsedition.net\\\/public\\\/\",\"name\":\"LEGS &Eacute;DITION\",\"description\":\"\",\"potentialAction\":[{\"@type\":\"SearchAction\",\"target\":{\"@type\":\"EntryPoint\",\"urlTemplate\":\"https:\\\/\\\/legsedition.net\\\/public\\\/?s={search_term_string}\"},\"query-input\":{\"@type\":\"PropertyValueSpecification\",\"valueRequired\":true,\"valueName\":\"search_term_string\"}}],\"inLanguage\":\"fr-FR\"}]}<\/script>\n<!-- \/ Yoast SEO plugin. -->","yoast_head_json":{"title":"Je d\u00e9couvre\u2026 Charlemagne P\u00e9ralte | LEGS &Eacute;DITION","robots":{"index":"index","follow":"follow","max-snippet":"max-snippet:-1","max-image-preview":"max-image-preview:large","max-video-preview":"max-video-preview:-1"},"canonical":"https:\/\/legsedition.net\/public\/je-decouvre-charlemagne-peralte\/","og_locale":"fr_FR","og_type":"article","og_title":"Je d\u00e9couvre\u2026 Charlemagne P\u00e9ralte | LEGS &Eacute;DITION","og_description":"\u00a0Auteur : Mirline Pierre Titre : Je d\u00e9couvre&#8230; Charlemagne P\u00e9ralte Collection : Je d\u00e9couvre&#8230;\/Jeunesse Parution : 29 Avril 2016 ISBN : 978-99970-86-14-3 | Commander ICI Prix :\u00a0 10 USD Mes chers enfants et amis du monde entier, je viens vous...","og_url":"https:\/\/legsedition.net\/public\/je-decouvre-charlemagne-peralte\/","og_site_name":"LEGS &Eacute;DITION","article_publisher":"https:\/\/web.facebook.com\/LegsEtLitterature\/","article_modified_time":"2026-02-18T13:43:33+00:00","og_image":[{"width":329,"height":504,"url":"https:\/\/legsedition.net\/public\/wp-content\/uploads\/2017\/12\/1ere-de-couverture.png","type":"image\/png"}],"twitter_card":"summary_large_image","twitter_misc":{"Dur\u00e9e de lecture estim\u00e9e":"3 minutes"},"schema":{"@context":"https:\/\/schema.org","@graph":[{"@type":"WebPage","@id":"https:\/\/legsedition.net\/public\/je-decouvre-charlemagne-peralte\/","url":"https:\/\/legsedition.net\/public\/je-decouvre-charlemagne-peralte\/","name":"Je d\u00e9couvre\u2026 Charlemagne P\u00e9ralte | LEGS &Eacute;DITION","isPartOf":{"@id":"https:\/\/legsedition.net\/public\/#website"},"primaryImageOfPage":{"@id":"https:\/\/legsedition.net\/public\/je-decouvre-charlemagne-peralte\/#primaryimage"},"image":{"@id":"https:\/\/legsedition.net\/public\/je-decouvre-charlemagne-peralte\/#primaryimage"},"thumbnailUrl":"https:\/\/legsedition.net\/public\/wp-content\/uploads\/2017\/12\/1ere-de-couverture.png","datePublished":"2018-05-13T20:50:54+00:00","dateModified":"2026-02-18T13:43:33+00:00","breadcrumb":{"@id":"https:\/\/legsedition.net\/public\/je-decouvre-charlemagne-peralte\/#breadcrumb"},"inLanguage":"fr-FR","potentialAction":[{"@type":"ReadAction","target":["https:\/\/legsedition.net\/public\/je-decouvre-charlemagne-peralte\/"]}]},{"@type":"ImageObject","inLanguage":"fr-FR","@id":"https:\/\/legsedition.net\/public\/je-decouvre-charlemagne-peralte\/#primaryimage","url":"https:\/\/legsedition.net\/public\/wp-content\/uploads\/2017\/12\/1ere-de-couverture.png","contentUrl":"https:\/\/legsedition.net\/public\/wp-content\/uploads\/2017\/12\/1ere-de-couverture.png","width":329,"height":504},{"@type":"BreadcrumbList","@id":"https:\/\/legsedition.net\/public\/je-decouvre-charlemagne-peralte\/#breadcrumb","itemListElement":[{"@type":"ListItem","position":1,"name":"Home","item":"https:\/\/legsedition.net\/public\/"},{"@type":"ListItem","position":2,"name":"Je d\u00e9couvre\u2026 Charlemagne P\u00e9ralte"}]},{"@type":"WebSite","@id":"https:\/\/legsedition.net\/public\/#website","url":"https:\/\/legsedition.net\/public\/","name":"LEGS &Eacute;DITION","description":"","potentialAction":[{"@type":"SearchAction","target":{"@type":"EntryPoint","urlTemplate":"https:\/\/legsedition.net\/public\/?s={search_term_string}"},"query-input":{"@type":"PropertyValueSpecification","valueRequired":true,"valueName":"search_term_string"}}],"inLanguage":"fr-FR"}]}},"_links":{"self":[{"href":"https:\/\/legsedition.net\/public\/wp-json\/wp\/v2\/pages\/1555","targetHints":{"allow":["GET"]}}],"collection":[{"href":"https:\/\/legsedition.net\/public\/wp-json\/wp\/v2\/pages"}],"about":[{"href":"https:\/\/legsedition.net\/public\/wp-json\/wp\/v2\/types\/page"}],"author":[{"embeddable":true,"href":"https:\/\/legsedition.net\/public\/wp-json\/wp\/v2\/users\/2"}],"replies":[{"embeddable":true,"href":"https:\/\/legsedition.net\/public\/wp-json\/wp\/v2\/comments?post=1555"}],"version-history":[{"count":10,"href":"https:\/\/legsedition.net\/public\/wp-json\/wp\/v2\/pages\/1555\/revisions"}],"predecessor-version":[{"id":9254,"href":"https:\/\/legsedition.net\/public\/wp-json\/wp\/v2\/pages\/1555\/revisions\/9254"}],"wp:featuredmedia":[{"embeddable":true,"href":"https:\/\/legsedition.net\/public\/wp-json\/wp\/v2\/media\/66"}],"wp:attachment":[{"href":"https:\/\/legsedition.net\/public\/wp-json\/wp\/v2\/media?parent=1555"}],"curies":[{"name":"wp","href":"https:\/\/api.w.org\/{rel}","templated":true}]}}