{"id":1559,"date":"2018-05-13T20:56:02","date_gmt":"2018-05-13T20:56:02","guid":{"rendered":"http:\/\/legsedition.net\/public\/?page_id=1559"},"modified":"2024-11-11T19:02:06","modified_gmt":"2024-11-11T19:02:06","slug":"la-vie-solitaire-pendant-loccupation-americaine","status":"publish","type":"page","link":"https:\/\/legsedition.net\/public\/la-vie-solitaire-pendant-loccupation-americaine\/","title":{"rendered":"La vie solitaire pendant l&rsquo;occupation am\u00e9ricaine"},"content":{"rendered":"<p><strong><a href=\"https:\/\/legsedition.net\/public\/wp-content\/uploads\/2024\/11\/cover-la-vie-solitaire-2.png\"><img fetchpriority=\"high\" decoding=\"async\" class=\"wp-image-7250 size-full alignleft\" src=\"https:\/\/legsedition.net\/public\/wp-content\/uploads\/2024\/11\/cover-la-vie-solitaire-2.png\" alt=\"\" width=\"240\" height=\"417\" srcset=\"https:\/\/legsedition.net\/public\/wp-content\/uploads\/2024\/11\/cover-la-vie-solitaire-2.png 240w, https:\/\/legsedition.net\/public\/wp-content\/uploads\/2024\/11\/cover-la-vie-solitaire-2-173x300.png 173w\" sizes=\"(max-width: 240px) 100vw, 240px\" \/><\/a><\/strong><\/p>\n<p><strong>Auteur : <\/strong>Etzer Vilaire<\/p>\n<p><strong>Titre : <\/strong>La vie solitaire pendant l&rsquo;Occupation am\u00e9ricaine (avec le soutien de l&rsquo;Ambassade de Suisse en Ha\u00efti)<\/p>\n<p><strong>Parution : <\/strong>08 Septembre 2015<\/p>\n<p><strong>ISBN : <\/strong>9789997086105<\/p>\n<p>Non-commercialis\u00e9*<\/p>\n<p>Etzer Vilaire est souvent reproch\u00e9 par la critique litt\u00e9raire de s\u2019\u00eatre irr\u00e9m\u00e9diablement vautr\u00e9 dans un long silence pendant l\u2019occupation am\u00e9ricaine ou de s\u2019\u00eatre plong\u00e9 dans une remise en question de son talent de po\u00e8te apr\u00e8s avoir re\u00e7u le prix Davaine de l\u2019Acad\u00e9mie fran\u00e7aise. Etzer Vilaire n\u2019aurait rien \u00e9crit apr\u00e8s ce \u00ab malheureux bonheur \u00bb qui lui arriva en 1912 et se contenta de publier son \u0153uvre compl\u00e8te sur les conseils de son ami fran\u00e7ais l\u2019\u00e9diteur Georges Barral.<\/p>\n<p>Voil\u00e0 ce que rapporte l\u2019histoire officielle de la litt\u00e9rature ha\u00eftienne et que ce livre que nous publions ici vient de d\u00e9mentir. Remettre les pendules \u00e0 l\u2019heure, telle est la t\u00e2che que s\u2019est donn\u00e9e la jeune maison ha\u00eftienne LEGS \u00c9DITION, engag\u00e9e dans le combat de proposer une contre-histoire de la litt\u00e9rature ha\u00eftienne par les textes.<\/p>\n<hr \/>\n<p>* Tir\u00e9 \u00e0 5 000 exemplaires, ce livre a \u00e9t\u00e9 distribu\u00e9 gratuitement dans 227 \u00e9coles et 70 biblioth\u00e8ques et centres culturels de 7 d\u00e9partements du pays.<\/p>\n<p><strong>Dans la presse :\u00a0<\/strong><\/p>\n<p>Claude Bernard S\u00e9rant, <a href=\"https:\/\/lenouvelliste.com\/article\/154570\/humeurs-dartistes-pour-saluer-deux-projets-culturels\" target=\"_blank\" rel=\"noopener\">Humeurs d\u2019artistes pour saluer deux projets culturels<\/a>,\u00a0<em>Le Nouvelliste,\u00a0<\/em>18 janvier 2016.<\/p>\n<p>Webert Lahens, <a href=\"https:\/\/lenouvelliste.com\/article\/151525\/le-poete-etzer-vilaire-et-loccupation-americaine\" target=\"_blank\" rel=\"noopener\">Le po\u00e8te Etzer Vilaire et l\u2019occupation am\u00e9ricaine<\/a>, <em>Le Nouvelliste<\/em>, 23 octobre 2015.<\/p>\n","protected":false},"excerpt":{"rendered":"<p>Auteur : Etzer Vilaire Titre : La vie solitaire pendant l&rsquo;Occupation am\u00e9ricaine (avec le soutien de l&rsquo;Ambassade de Suisse en Ha\u00efti) Parution : 08 Septembre 2015 ISBN : 9789997086105 Non-commercialis\u00e9* Etzer Vilaire est souvent reproch\u00e9 par la critique litt\u00e9raire de&#8230;<\/p>\n","protected":false},"author":2,"featured_media":0,"parent":0,"menu_order":0,"comment_status":"closed","ping_status":"closed","template":"","meta":{"footnotes":""},"class_list":["post-1559","page","type-page","status-publish","hentry","no-post-thumbnail"],"yoast_head":"<!-- This site is optimized with the Yoast SEO plugin v27.3 - https:\/\/yoast.com\/product\/yoast-seo-wordpress\/ -->\n<title>La vie solitaire pendant l&#039;occupation am\u00e9ricaine | LEGS &Eacute;DITION<\/title>\n<meta name=\"robots\" content=\"index, follow, max-snippet:-1, max-image-preview:large, max-video-preview:-1\" \/>\n<link rel=\"canonical\" href=\"https:\/\/legsedition.net\/public\/la-vie-solitaire-pendant-loccupation-americaine\/\" \/>\n<meta property=\"og:locale\" content=\"fr_FR\" \/>\n<meta property=\"og:type\" content=\"article\" \/>\n<meta property=\"og:title\" content=\"La vie solitaire pendant l&#039;occupation am\u00e9ricaine | LEGS &Eacute;DITION\" \/>\n<meta property=\"og:description\" content=\"Auteur : Etzer Vilaire Titre : La vie solitaire pendant l&rsquo;Occupation am\u00e9ricaine (avec le soutien de l&rsquo;Ambassade de Suisse en Ha\u00efti) Parution : 08 Septembre 2015 ISBN : 9789997086105 Non-commercialis\u00e9* Etzer Vilaire est souvent reproch\u00e9 par la critique litt\u00e9raire de...\" \/>\n<meta property=\"og:url\" content=\"https:\/\/legsedition.net\/public\/la-vie-solitaire-pendant-loccupation-americaine\/\" \/>\n<meta property=\"og:site_name\" content=\"LEGS &Eacute;DITION\" \/>\n<meta property=\"article:publisher\" content=\"https:\/\/web.facebook.com\/LegsEtLitterature\/\" \/>\n<meta property=\"article:modified_time\" content=\"2024-11-11T19:02:06+00:00\" \/>\n<meta property=\"og:image\" content=\"https:\/\/legsedition.net\/public\/wp-content\/uploads\/2024\/11\/cover-la-vie-solitaire-2.png\" \/>\n\t<meta property=\"og:image:width\" content=\"240\" \/>\n\t<meta property=\"og:image:height\" content=\"417\" \/>\n\t<meta property=\"og:image:type\" content=\"image\/png\" \/>\n<meta name=\"twitter:card\" content=\"summary_large_image\" \/>\n<meta name=\"twitter:label1\" content=\"Dur\u00e9e de lecture estim\u00e9e\" \/>\n\t<meta name=\"twitter:data1\" content=\"2 minutes\" \/>\n<script type=\"application\/ld+json\" class=\"yoast-schema-graph\">{\"@context\":\"https:\\\/\\\/schema.org\",\"@graph\":[{\"@type\":\"WebPage\",\"@id\":\"https:\\\/\\\/legsedition.net\\\/public\\\/la-vie-solitaire-pendant-loccupation-americaine\\\/\",\"url\":\"https:\\\/\\\/legsedition.net\\\/public\\\/la-vie-solitaire-pendant-loccupation-americaine\\\/\",\"name\":\"La vie solitaire pendant l'occupation am\u00e9ricaine | LEGS &Eacute;DITION\",\"isPartOf\":{\"@id\":\"https:\\\/\\\/legsedition.net\\\/public\\\/#website\"},\"primaryImageOfPage\":{\"@id\":\"https:\\\/\\\/legsedition.net\\\/public\\\/la-vie-solitaire-pendant-loccupation-americaine\\\/#primaryimage\"},\"image\":{\"@id\":\"https:\\\/\\\/legsedition.net\\\/public\\\/la-vie-solitaire-pendant-loccupation-americaine\\\/#primaryimage\"},\"thumbnailUrl\":\"https:\\\/\\\/legsedition.net\\\/public\\\/wp-content\\\/uploads\\\/2024\\\/11\\\/cover-la-vie-solitaire-2.png\",\"datePublished\":\"2018-05-13T20:56:02+00:00\",\"dateModified\":\"2024-11-11T19:02:06+00:00\",\"breadcrumb\":{\"@id\":\"https:\\\/\\\/legsedition.net\\\/public\\\/la-vie-solitaire-pendant-loccupation-americaine\\\/#breadcrumb\"},\"inLanguage\":\"fr-FR\",\"potentialAction\":[{\"@type\":\"ReadAction\",\"target\":[\"https:\\\/\\\/legsedition.net\\\/public\\\/la-vie-solitaire-pendant-loccupation-americaine\\\/\"]}]},{\"@type\":\"ImageObject\",\"inLanguage\":\"fr-FR\",\"@id\":\"https:\\\/\\\/legsedition.net\\\/public\\\/la-vie-solitaire-pendant-loccupation-americaine\\\/#primaryimage\",\"url\":\"https:\\\/\\\/legsedition.net\\\/public\\\/wp-content\\\/uploads\\\/2024\\\/11\\\/cover-la-vie-solitaire-2.png\",\"contentUrl\":\"https:\\\/\\\/legsedition.net\\\/public\\\/wp-content\\\/uploads\\\/2024\\\/11\\\/cover-la-vie-solitaire-2.png\",\"width\":240,\"height\":417},{\"@type\":\"BreadcrumbList\",\"@id\":\"https:\\\/\\\/legsedition.net\\\/public\\\/la-vie-solitaire-pendant-loccupation-americaine\\\/#breadcrumb\",\"itemListElement\":[{\"@type\":\"ListItem\",\"position\":1,\"name\":\"Home\",\"item\":\"https:\\\/\\\/legsedition.net\\\/public\\\/\"},{\"@type\":\"ListItem\",\"position\":2,\"name\":\"La vie solitaire pendant l&rsquo;occupation am\u00e9ricaine\"}]},{\"@type\":\"WebSite\",\"@id\":\"https:\\\/\\\/legsedition.net\\\/public\\\/#website\",\"url\":\"https:\\\/\\\/legsedition.net\\\/public\\\/\",\"name\":\"LEGS &Eacute;DITION\",\"description\":\"\",\"potentialAction\":[{\"@type\":\"SearchAction\",\"target\":{\"@type\":\"EntryPoint\",\"urlTemplate\":\"https:\\\/\\\/legsedition.net\\\/public\\\/?s={search_term_string}\"},\"query-input\":{\"@type\":\"PropertyValueSpecification\",\"valueRequired\":true,\"valueName\":\"search_term_string\"}}],\"inLanguage\":\"fr-FR\"}]}<\/script>\n<!-- \/ Yoast SEO plugin. -->","yoast_head_json":{"title":"La vie solitaire pendant l'occupation am\u00e9ricaine | LEGS &Eacute;DITION","robots":{"index":"index","follow":"follow","max-snippet":"max-snippet:-1","max-image-preview":"max-image-preview:large","max-video-preview":"max-video-preview:-1"},"canonical":"https:\/\/legsedition.net\/public\/la-vie-solitaire-pendant-loccupation-americaine\/","og_locale":"fr_FR","og_type":"article","og_title":"La vie solitaire pendant l'occupation am\u00e9ricaine | LEGS &Eacute;DITION","og_description":"Auteur : Etzer Vilaire Titre : La vie solitaire pendant l&rsquo;Occupation am\u00e9ricaine (avec le soutien de l&rsquo;Ambassade de Suisse en Ha\u00efti) Parution : 08 Septembre 2015 ISBN : 9789997086105 Non-commercialis\u00e9* Etzer Vilaire est souvent reproch\u00e9 par la critique litt\u00e9raire de...","og_url":"https:\/\/legsedition.net\/public\/la-vie-solitaire-pendant-loccupation-americaine\/","og_site_name":"LEGS &Eacute;DITION","article_publisher":"https:\/\/web.facebook.com\/LegsEtLitterature\/","article_modified_time":"2024-11-11T19:02:06+00:00","og_image":[{"width":240,"height":417,"url":"https:\/\/legsedition.net\/public\/wp-content\/uploads\/2024\/11\/cover-la-vie-solitaire-2.png","type":"image\/png"}],"twitter_card":"summary_large_image","twitter_misc":{"Dur\u00e9e de lecture estim\u00e9e":"2 minutes"},"schema":{"@context":"https:\/\/schema.org","@graph":[{"@type":"WebPage","@id":"https:\/\/legsedition.net\/public\/la-vie-solitaire-pendant-loccupation-americaine\/","url":"https:\/\/legsedition.net\/public\/la-vie-solitaire-pendant-loccupation-americaine\/","name":"La vie solitaire pendant l'occupation am\u00e9ricaine | LEGS &Eacute;DITION","isPartOf":{"@id":"https:\/\/legsedition.net\/public\/#website"},"primaryImageOfPage":{"@id":"https:\/\/legsedition.net\/public\/la-vie-solitaire-pendant-loccupation-americaine\/#primaryimage"},"image":{"@id":"https:\/\/legsedition.net\/public\/la-vie-solitaire-pendant-loccupation-americaine\/#primaryimage"},"thumbnailUrl":"https:\/\/legsedition.net\/public\/wp-content\/uploads\/2024\/11\/cover-la-vie-solitaire-2.png","datePublished":"2018-05-13T20:56:02+00:00","dateModified":"2024-11-11T19:02:06+00:00","breadcrumb":{"@id":"https:\/\/legsedition.net\/public\/la-vie-solitaire-pendant-loccupation-americaine\/#breadcrumb"},"inLanguage":"fr-FR","potentialAction":[{"@type":"ReadAction","target":["https:\/\/legsedition.net\/public\/la-vie-solitaire-pendant-loccupation-americaine\/"]}]},{"@type":"ImageObject","inLanguage":"fr-FR","@id":"https:\/\/legsedition.net\/public\/la-vie-solitaire-pendant-loccupation-americaine\/#primaryimage","url":"https:\/\/legsedition.net\/public\/wp-content\/uploads\/2024\/11\/cover-la-vie-solitaire-2.png","contentUrl":"https:\/\/legsedition.net\/public\/wp-content\/uploads\/2024\/11\/cover-la-vie-solitaire-2.png","width":240,"height":417},{"@type":"BreadcrumbList","@id":"https:\/\/legsedition.net\/public\/la-vie-solitaire-pendant-loccupation-americaine\/#breadcrumb","itemListElement":[{"@type":"ListItem","position":1,"name":"Home","item":"https:\/\/legsedition.net\/public\/"},{"@type":"ListItem","position":2,"name":"La vie solitaire pendant l&rsquo;occupation am\u00e9ricaine"}]},{"@type":"WebSite","@id":"https:\/\/legsedition.net\/public\/#website","url":"https:\/\/legsedition.net\/public\/","name":"LEGS &Eacute;DITION","description":"","potentialAction":[{"@type":"SearchAction","target":{"@type":"EntryPoint","urlTemplate":"https:\/\/legsedition.net\/public\/?s={search_term_string}"},"query-input":{"@type":"PropertyValueSpecification","valueRequired":true,"valueName":"search_term_string"}}],"inLanguage":"fr-FR"}]}},"_links":{"self":[{"href":"https:\/\/legsedition.net\/public\/wp-json\/wp\/v2\/pages\/1559","targetHints":{"allow":["GET"]}}],"collection":[{"href":"https:\/\/legsedition.net\/public\/wp-json\/wp\/v2\/pages"}],"about":[{"href":"https:\/\/legsedition.net\/public\/wp-json\/wp\/v2\/types\/page"}],"author":[{"embeddable":true,"href":"https:\/\/legsedition.net\/public\/wp-json\/wp\/v2\/users\/2"}],"replies":[{"embeddable":true,"href":"https:\/\/legsedition.net\/public\/wp-json\/wp\/v2\/comments?post=1559"}],"version-history":[{"count":5,"href":"https:\/\/legsedition.net\/public\/wp-json\/wp\/v2\/pages\/1559\/revisions"}],"predecessor-version":[{"id":7256,"href":"https:\/\/legsedition.net\/public\/wp-json\/wp\/v2\/pages\/1559\/revisions\/7256"}],"wp:attachment":[{"href":"https:\/\/legsedition.net\/public\/wp-json\/wp\/v2\/media?parent=1559"}],"curies":[{"name":"wp","href":"https:\/\/api.w.org\/{rel}","templated":true}]}}