{"id":1561,"date":"2018-05-13T20:58:14","date_gmt":"2018-05-13T20:58:14","guid":{"rendered":"http:\/\/legsedition.net\/public\/?page_id=1561"},"modified":"2026-04-05T11:15:18","modified_gmt":"2026-04-05T11:15:18","slug":"la-folie-etait-venue-avec-la-pluie","status":"publish","type":"page","link":"https:\/\/legsedition.net\/public\/la-folie-etait-venue-avec-la-pluie\/","title":{"rendered":"La folie \u00e9tait venue avec la pluie"},"content":{"rendered":"<p><strong><a href=\"http:\/\/legsedition.net\/public\/wp-content\/uploads\/2017\/12\/Cover-La-folie-yanick-1-page001.jpeg\"><img fetchpriority=\"high\" decoding=\"async\" class=\"alignleft wp-image-101 \" src=\"https:\/\/legsedition.net\/public\/wp-content\/uploads\/2017\/12\/Cover-La-folie-yanick-1-page001-642x1024.jpeg\" alt=\"\" width=\"251\" height=\"400\" srcset=\"https:\/\/legsedition.net\/public\/wp-content\/uploads\/2017\/12\/Cover-La-folie-yanick-1-page001-642x1024.jpeg 642w, https:\/\/legsedition.net\/public\/wp-content\/uploads\/2017\/12\/Cover-La-folie-yanick-1-page001-600x957.jpeg 600w, https:\/\/legsedition.net\/public\/wp-content\/uploads\/2017\/12\/Cover-La-folie-yanick-1-page001-188x300.jpeg 188w, https:\/\/legsedition.net\/public\/wp-content\/uploads\/2017\/12\/Cover-La-folie-yanick-1-page001-768x1225.jpeg 768w, https:\/\/legsedition.net\/public\/wp-content\/uploads\/2017\/12\/Cover-La-folie-yanick-1-page001-400x638.jpeg 400w, https:\/\/legsedition.net\/public\/wp-content\/uploads\/2017\/12\/Cover-La-folie-yanick-1-page001.jpeg 1464w\" sizes=\"(max-width: 251px) 100vw, 251px\" \/><\/a>Auteur : <\/strong>Yanick Lahens<\/p>\n<p><strong>Titre : <\/strong>La folie \u00e9tait venue avec la pluie<\/p>\n<p><strong>Collection : <\/strong><a href=\"https:\/\/legsedition.net\/public\/collection-voix-feminines\/\" target=\"_blank\" rel=\"noopener\">Voix F\u00e9minines<\/a><\/p>\n<p><strong>Couverture : <\/strong>Ad\u00e9ola Bamb\u00e9<\/p>\n<p><strong>Parution : <\/strong>10 Avril 2015<\/p>\n<p><strong>ISBN : <\/strong>978-9997086-09-9<\/p>\n<p><strong>Prix :\u00a0 \u00a01<\/strong>2.25 USD | <a href=\"https:\/\/www.amazon.com\/folie-%C3%A9tait-venue-pluie-French\/dp\/9997086090\/ref=sr_1_1?crid=236KR51QGIVX3&amp;dib=eyJ2IjoiMSJ9.rcg0BfZgZBJmY7L2RnQkXLn-POP__MvExAzL5mV1gVI.Dr7-N-YPPygVOtL888QRvMwEMQnHBvav4NZ4VXKOEPk&amp;dib_tag=se&amp;keywords=La+folie+%C3%A9tait+venue+avec+la+pluie&amp;qid=1775386944&amp;sprefix=la+folie+%C3%A9tait+venue+avec+la+pluie%2Caps%2C249&amp;sr=8-1\" target=\"_blank\" rel=\"noopener\">Commander ICI<\/a><\/p>\n<p><strong>Prix Joseph D. Charles 2015<\/strong><\/p>\n<p style=\"text-align: justify;\">Si vous lisez ce livre en Ha\u00efti, vous connaissez d\u00e9j\u00e0 Yanick Lahens. Aucun besoin de vous pr\u00e9senter cette \u00e9crivaine qui s\u2019engage. Qui, depuis vingt ans, s\u2019acharne \u00e0 narrer la vie des Ha\u00eftiens afin d\u2019imaginer un lendemain meilleur. Si, par contre, vous faites partie de ceux qui viennent de d\u00e9couvrir la laur\u00e9ate du prix Femina avec l\u2019\u00e9pop\u00e9e <em>Bain de lune <\/em>(2014), vous aurez de quoi vous d\u00e9lecter dans son \u0153uvre. C\u2019est Yanick Lahens qui, apr\u00e8s le s\u00e9isme du 12 janvier 2010, offrira une histoire d\u2019amour, <em>Guillaume et Nathalie <\/em>(2013), comme baume. Mais qui, aussi, s\u2019engagera dans les camps et aux c\u00f4t\u00e9s des jeunes et, dans <em>Failles <\/em>(2010)<em>, <\/em>fera le compte rendu d\u2019une douleur nationale. D\u00e8s lors, ce n\u2019est pas sur l\u2019auteure, mais plut\u00f4t, sur la circulation de ses textes que nous pencherons, le temps de pr\u00e9parer la lecture de son troisi\u00e8me recueil de nouvelles. Constatons pour commencer donc qu\u2019avec <em>La folie \u00e9tait venue avec la pluie <\/em>(2006), sa pr\u00e9dilection pour un genre suppos\u00e9 minoritaire s\u2019affirme, apr\u00e8s un premier <em>Tante R\u00e9sia et les Dieux, nouvelles d\u2019Ha\u00efti <\/em>(1994) et, par la suite, <em>La petite corruption <\/em>(1999).<\/p>\n<p style=\"text-align: justify;\">Derni\u00e8rement, l\u2019\u0153uvre de Yanick Lahens commence \u00e0 circuler au-del\u00e0 de ses murs.<a href=\"#_ftn1\" name=\"_ftnref1\">[1]<\/a> Et ceci, non seulement en France et dans d\u2019autres pays francophones, mais \u00e9galement, \u00e0 partir de 2010, dans des pays anglophones, gr\u00e2ce \u00e0 la publication dans la collection CARAF<a href=\"#_ftn2\" name=\"_ftnref2\">[2]<\/a> de la traduction d\u2019une s\u00e9lection de nouvelles tir\u00e9es des trois recueils\u00a0: <em>Aunt R\u00e9sia and the Spirits and Other Stories<\/em>, r\u00e9alis\u00e9e par Betty Wilson, accompagn\u00e9 d\u2019une pr\u00e9face d\u2019Edwidge Danticat, infatigable dans sa promotion de la litt\u00e9rature ha\u00eftienne aux \u00c9tats-Unis, ainsi que d\u2019une excellente postface de Marie-Agn\u00e8s Sourieau.<\/p>\n<p style=\"text-align: justify;\">[&#8230;]<\/p>\n<p style=\"text-align: justify;\">Je ne signale point ces succ\u00e8s outre-mer pour l\u00e9gitimer le travail de Yanick Lahens. Inutile, une telle approbation pour les Ha\u00eftiens qui admettent son talent depuis longtemps d\u00e9j\u00e0. Non, ce que je cherche \u00e0 souligner, c\u2019est ce que repr\u00e9sente la r\u00e9\u00e9dition de son troisi\u00e8me recueil de nouvelles chez LEGS \u00c9DITION. Car apr\u00e8s les cinq romans publi\u00e9s en France chez Sabine Wespieser, c\u2019est aussi dans sa d\u00e9cision de se faire \u00e9diter en Ha\u00efti, et ceci, maintenant chez une maison d\u2019\u00e9dition de la nouvelle g\u00e9n\u00e9ration, que l\u2019auteur s\u2019engage. Si apr\u00e8s la r\u00e9\u00e9dition de <em>La petite corruption <\/em>en 2014, LEGS \u00c9DITION est \u00e0 la deuxi\u00e8me r\u00e9\u00e9dition de son \u0153uvre pour un public ha\u00eftien, c\u2019est que l\u2019auteure tient \u00e0 \u00eatre lue chez elle. Dans le jeu de prestige et d\u2019\u00e9dition internationale, c\u2019est le choix de s\u2019impliquer dans la vie litt\u00e9raire du pays. Implication qui compte pour quelque chose. Pour beaucoup m\u00eame. Y a-t-il l\u00e0-dedans un \u00e9l\u00e9ment de marronnage de la litt\u00e9rature-monde qui risquerait d\u2019approprier Yanick Lahens sans cette d\u00e9termination de s\u2019ancrer chez elle dans tout ce qu\u2019elle fait\u00a0? Par amour, et malgr\u00e9 tout.<\/p>\n<p>[&#8230;]<\/p>\n<p style=\"text-align: justify;\">Les nouvelles de Yanick Lahens racontent la vie quotidienne ha\u00eftienne sans la m\u00e9nager \u2013avec toute la violence, la misogynie et la mis\u00e8re dont ses r\u00e9cits attestent. Mais, il y a aussi chez elle ce refus qui fait l\u2019espoir. M\u00eame s\u2019il ne s\u2019agit que de l\u2019\u00e9chapp\u00e9e belle de la jeune protagoniste dans la nouvelle \u00e9ponyme du pr\u00e9sent recueil, lorsqu\u2019elle proteste : \u00ab la premi\u00e8re fois, je ne voudrais pas que ce soit Obner \u00bb. Et moi non plus, je ne le voudrais pas. De tout mon c\u0153ur. Pour une fois que ce ne soit pas une histoire de viol. Pour une fois. \u00ab J\u2019ai douze ans et je me sens forte et belle \u00bb.<\/p>\n<p><a href=\"#_ftnref1\" name=\"_ftn1\"><\/a><\/p>\n<p style=\"text-align: right;\"><strong>Carolyn Shread<\/strong><\/p>\n<p><strong>\u00c0 propos de l\u2019auteure:<\/strong><\/p>\n<p style=\"text-align: justify;\">Yanick Lahens est n\u00e9e \u00e0 Port-au-Prince en 1953. D\u00e9tentrice d\u2019un Dipl\u00f4me d\u2019\u00c9tudes Approfondies (DEA) en Lettres de l\u2019Universit\u00e9 Paris-Sorbonne, \u00e0 son retour en Ha\u00efti, elle a enseign\u00e9 les lettres \u00e0 l\u2019\u00c9cole normale sup\u00e9rieure jusqu\u2019en 1995. Auteure de nombreux articles parus dans des revues dont\u00a0<em>Chemins<\/em>\u00a0<em>critiques<\/em>,\u00a0<em>Cultura<\/em>,\u00a0<em>Boutures<\/em>,\u00a0<em>Conjonction<\/em>\u00a0et\u00a0<em>Legs et Litt\u00e9rature<\/em>, elle a publi\u00e9 son premier livre, un essai,\u00a0<em>L\u2019exil : entre l\u2019ancrage et la fuite, l\u2019\u00e9crivain ha\u00eftien<\/em>\u00a0en 1990. Son premier roman,\u00a0<em>Dans la maison du p\u00e8re<\/em>, paru en 2000, a re\u00e7u en 2002, le Prix du salon du livre de Leipzig. Laur\u00e9ate du prix Millepages en 2008 et du Prix du Livre RFO 2009 pour\u00a0<em>La Couleur de l\u2019aube<\/em>, elle a obtenu le prix Femina pour son roman\u00a0<em>Bain de lune<\/em>\u00a0en 2014 paru chez Sabine Wespieser. En 2020, le prix Carbet de la Cara\u00efbe lui est d\u00e9cern\u00e9 pour l\u2019ensemble de son \u0153uvre.<\/p>\n<p>&#8211; &#8212;<\/p>\n<p style=\"text-align: justify;\"><a href=\"#_ftnref1\" name=\"_ftn1\">[1]<\/a>Voir Vitiello, Jo\u00eblle. \u00ab\u00a0De l\u2019autre c\u00f4t\u00e9 de mes murs : le d\u00e9sir de l\u2019engagement dans l\u2019\u00e9criture de Yanick Lahens\u00a0\u00bb, <em>\u00c9crire en pays assi\u00e9g\u00e9\/Writing under Siege<\/em>, eds. Marie-Agn\u00e8s Sourieau et Kathleen M. Balutansky, Amsterdam\/NY\u00a0: Rodopi, 2004, pp. 169-190.<\/p>\n<p style=\"text-align: justify;\"><a href=\"#_ftnref2\" name=\"_ftn2\">[2]<\/a> CARAF (<em>Caribbean and African literature translated from French<\/em>) est une collection des presses de l\u2019Universit\u00e9 de Virginie sp\u00e9cialis\u00e9e dans la traduction de litt\u00e9rature francophone.<\/p>\n<hr \/>\n<p><strong>Dans la Presse :<\/strong><\/p>\n<p>Schultz Laurent Jr, <a href=\"https:\/\/www.lenational.org\/post_article.php?cul=1349\" target=\"_blank\" rel=\"noopener\">Le com\u00e9dien Farid Sauvignon est d\u00e9c\u00e9d\u00e9<\/a>,\u00a0<em>Le National,\u00a0<\/em>20 octobre 2023.<\/p>\n<p><a href=\"https:\/\/legsedition.net\/public\/2023\/10\/16\/le-comedien-farid-sauvignon-est-decede\/\" target=\"_blank\" rel=\"noopener\">Le com\u00e9dien Farid Sauvignon est d\u00e9c\u00e9d\u00e9<\/a>, LEGS EDITION, 16 octobre 2023.<\/p>\n<p>Marc Sony Ricot, <a href=\"https:\/\/lenouvelliste.com\/article\/244942\/le-comedien-haitien-farid-sauvignon-est-mort\" target=\"_blank\" rel=\"noopener\">Le com\u00e9dien ha\u00eftien Farid Sauvignon est mort<\/a>,\u00a0<em>Le Nouvelliste,\u00a0<\/em>16 octobre 2023.<\/p>\n<p>Gr\u00e2ce Minlib\u00e9, <a href=\"https:\/\/graceminlibe.wordpress.com\/2019\/06\/09\/la-folie-etait-venue-avec-la-pluie\/\" target=\"_blank\" rel=\"noopener\">La folie \u00e9tait venue avec la pluie<\/a>,\u00a0<em>Les notes de Gr\u00e2ce M.,\u00a0<\/em>9 juin 2019.<\/p>\n<p><a href=\"https:\/\/www.helenesuniverse.com\/2019\/05\/02\/la-folie-etait-venue-avec-la-pluie-yanick-lahens\/\" target=\"_blank\" rel=\"noopener\">La folie \u00e9tait venue avec la pluie, Yanick LAHENS<\/a>,\u00a0<em>Hel\u00e8ne&rsquo;s Univers, <\/em>2 juin 2019.<\/p>\n<p><a href=\"https:\/\/africultures.com\/murmures\/?no=18885&amp;utm_source=newsletter&amp;utm_medium=email&amp;utm_campaign=561\" target=\"_blank\" rel=\"noopener\">Le Prix Joseph D. Charles 2015 d\u00e9cern\u00e9 \u00e0 Yanick Lahens<\/a>,\u00a0<em>Africultures,\u00a0<\/em>septembre 2015.<\/p>\n<p><a href=\"https:\/\/repeatingislands.com\/2015\/09\/13\/yanick-lahens-receives-the-2015-joseph-d-charles-prize\/\" target=\"_blank\" rel=\"noopener\">Yanick Lahens received the 2015 Joseph D. Charles Prize<\/a><\/p>\n<p><a href=\"http:\/\/dev.lenational.org\/le-prix-joseph-d-charles-2015-attribue-a-yanick-lahens-pour-la-folie-etait-venue-avec-la-pluie\/\" target=\"_blank\" rel=\"noopener\">Le prix Joseph D. Charles attribu\u00e9 \u00e0 Yanick Lahens pour La folie \u00e9tait venue avec la pluie<\/a><\/p>\n","protected":false},"excerpt":{"rendered":"<p>Auteur : Yanick Lahens Titre : La folie \u00e9tait venue avec la pluie Collection : Voix F\u00e9minines Couverture : Ad\u00e9ola Bamb\u00e9 Parution : 10 Avril 2015 ISBN : 978-9997086-09-9 Prix :\u00a0 \u00a012.25 USD | Commander ICI Prix Joseph D. Charles&#8230;<\/p>\n","protected":false},"author":2,"featured_media":1688,"parent":0,"menu_order":0,"comment_status":"closed","ping_status":"closed","template":"","meta":{"footnotes":""},"class_list":["post-1561","page","type-page","status-publish","has-post-thumbnail","hentry"],"yoast_head":"<!-- This site is optimized with the Yoast SEO plugin v27.3 - https:\/\/yoast.com\/product\/yoast-seo-wordpress\/ -->\n<title>La folie \u00e9tait venue avec la pluie | LEGS &Eacute;DITION<\/title>\n<meta name=\"robots\" content=\"index, follow, max-snippet:-1, max-image-preview:large, max-video-preview:-1\" \/>\n<link rel=\"canonical\" href=\"https:\/\/legsedition.net\/public\/la-folie-etait-venue-avec-la-pluie\/\" \/>\n<meta property=\"og:locale\" content=\"fr_FR\" \/>\n<meta property=\"og:type\" content=\"article\" \/>\n<meta property=\"og:title\" content=\"La folie \u00e9tait venue avec la pluie | LEGS &Eacute;DITION\" \/>\n<meta property=\"og:description\" content=\"Auteur : Yanick Lahens Titre : La folie \u00e9tait venue avec la pluie Collection : Voix F\u00e9minines Couverture : Ad\u00e9ola Bamb\u00e9 Parution : 10 Avril 2015 ISBN : 978-9997086-09-9 Prix :\u00a0 \u00a012.25 USD | Commander ICI Prix Joseph D. Charles...\" \/>\n<meta property=\"og:url\" content=\"https:\/\/legsedition.net\/public\/la-folie-etait-venue-avec-la-pluie\/\" \/>\n<meta property=\"og:site_name\" content=\"LEGS &Eacute;DITION\" \/>\n<meta property=\"article:publisher\" content=\"https:\/\/web.facebook.com\/LegsEtLitterature\/\" \/>\n<meta property=\"article:modified_time\" content=\"2026-04-05T11:15:18+00:00\" \/>\n<meta property=\"og:image\" content=\"https:\/\/legsedition.net\/public\/wp-content\/uploads\/2018\/06\/Cover-La-folie-yanick-1-page001.jpeg\" \/>\n\t<meta property=\"og:image:width\" content=\"1464\" \/>\n\t<meta property=\"og:image:height\" content=\"2336\" \/>\n\t<meta property=\"og:image:type\" content=\"image\/jpeg\" \/>\n<meta name=\"twitter:card\" content=\"summary_large_image\" \/>\n<meta name=\"twitter:label1\" content=\"Dur\u00e9e de lecture estim\u00e9e\" \/>\n\t<meta name=\"twitter:data1\" content=\"6 minutes\" \/>\n<script type=\"application\/ld+json\" class=\"yoast-schema-graph\">{\"@context\":\"https:\\\/\\\/schema.org\",\"@graph\":[{\"@type\":\"WebPage\",\"@id\":\"https:\\\/\\\/legsedition.net\\\/public\\\/la-folie-etait-venue-avec-la-pluie\\\/\",\"url\":\"https:\\\/\\\/legsedition.net\\\/public\\\/la-folie-etait-venue-avec-la-pluie\\\/\",\"name\":\"La folie \u00e9tait venue avec la pluie | LEGS &Eacute;DITION\",\"isPartOf\":{\"@id\":\"https:\\\/\\\/legsedition.net\\\/public\\\/#website\"},\"primaryImageOfPage\":{\"@id\":\"https:\\\/\\\/legsedition.net\\\/public\\\/la-folie-etait-venue-avec-la-pluie\\\/#primaryimage\"},\"image\":{\"@id\":\"https:\\\/\\\/legsedition.net\\\/public\\\/la-folie-etait-venue-avec-la-pluie\\\/#primaryimage\"},\"thumbnailUrl\":\"https:\\\/\\\/legsedition.net\\\/public\\\/wp-content\\\/uploads\\\/2018\\\/06\\\/Cover-La-folie-yanick-1-page001.jpeg\",\"datePublished\":\"2018-05-13T20:58:14+00:00\",\"dateModified\":\"2026-04-05T11:15:18+00:00\",\"breadcrumb\":{\"@id\":\"https:\\\/\\\/legsedition.net\\\/public\\\/la-folie-etait-venue-avec-la-pluie\\\/#breadcrumb\"},\"inLanguage\":\"fr-FR\",\"potentialAction\":[{\"@type\":\"ReadAction\",\"target\":[\"https:\\\/\\\/legsedition.net\\\/public\\\/la-folie-etait-venue-avec-la-pluie\\\/\"]}]},{\"@type\":\"ImageObject\",\"inLanguage\":\"fr-FR\",\"@id\":\"https:\\\/\\\/legsedition.net\\\/public\\\/la-folie-etait-venue-avec-la-pluie\\\/#primaryimage\",\"url\":\"https:\\\/\\\/legsedition.net\\\/public\\\/wp-content\\\/uploads\\\/2018\\\/06\\\/Cover-La-folie-yanick-1-page001.jpeg\",\"contentUrl\":\"https:\\\/\\\/legsedition.net\\\/public\\\/wp-content\\\/uploads\\\/2018\\\/06\\\/Cover-La-folie-yanick-1-page001.jpeg\",\"width\":1464,\"height\":2336},{\"@type\":\"BreadcrumbList\",\"@id\":\"https:\\\/\\\/legsedition.net\\\/public\\\/la-folie-etait-venue-avec-la-pluie\\\/#breadcrumb\",\"itemListElement\":[{\"@type\":\"ListItem\",\"position\":1,\"name\":\"Home\",\"item\":\"https:\\\/\\\/legsedition.net\\\/public\\\/\"},{\"@type\":\"ListItem\",\"position\":2,\"name\":\"La folie \u00e9tait venue avec la pluie\"}]},{\"@type\":\"WebSite\",\"@id\":\"https:\\\/\\\/legsedition.net\\\/public\\\/#website\",\"url\":\"https:\\\/\\\/legsedition.net\\\/public\\\/\",\"name\":\"LEGS &Eacute;DITION\",\"description\":\"\",\"potentialAction\":[{\"@type\":\"SearchAction\",\"target\":{\"@type\":\"EntryPoint\",\"urlTemplate\":\"https:\\\/\\\/legsedition.net\\\/public\\\/?s={search_term_string}\"},\"query-input\":{\"@type\":\"PropertyValueSpecification\",\"valueRequired\":true,\"valueName\":\"search_term_string\"}}],\"inLanguage\":\"fr-FR\"}]}<\/script>\n<!-- \/ Yoast SEO plugin. -->","yoast_head_json":{"title":"La folie \u00e9tait venue avec la pluie | LEGS &Eacute;DITION","robots":{"index":"index","follow":"follow","max-snippet":"max-snippet:-1","max-image-preview":"max-image-preview:large","max-video-preview":"max-video-preview:-1"},"canonical":"https:\/\/legsedition.net\/public\/la-folie-etait-venue-avec-la-pluie\/","og_locale":"fr_FR","og_type":"article","og_title":"La folie \u00e9tait venue avec la pluie | LEGS &Eacute;DITION","og_description":"Auteur : Yanick Lahens Titre : La folie \u00e9tait venue avec la pluie Collection : Voix F\u00e9minines Couverture : Ad\u00e9ola Bamb\u00e9 Parution : 10 Avril 2015 ISBN : 978-9997086-09-9 Prix :\u00a0 \u00a012.25 USD | Commander ICI Prix Joseph D. Charles...","og_url":"https:\/\/legsedition.net\/public\/la-folie-etait-venue-avec-la-pluie\/","og_site_name":"LEGS &Eacute;DITION","article_publisher":"https:\/\/web.facebook.com\/LegsEtLitterature\/","article_modified_time":"2026-04-05T11:15:18+00:00","og_image":[{"width":1464,"height":2336,"url":"https:\/\/legsedition.net\/public\/wp-content\/uploads\/2018\/06\/Cover-La-folie-yanick-1-page001.jpeg","type":"image\/jpeg"}],"twitter_card":"summary_large_image","twitter_misc":{"Dur\u00e9e de lecture estim\u00e9e":"6 minutes"},"schema":{"@context":"https:\/\/schema.org","@graph":[{"@type":"WebPage","@id":"https:\/\/legsedition.net\/public\/la-folie-etait-venue-avec-la-pluie\/","url":"https:\/\/legsedition.net\/public\/la-folie-etait-venue-avec-la-pluie\/","name":"La folie \u00e9tait venue avec la pluie | LEGS &Eacute;DITION","isPartOf":{"@id":"https:\/\/legsedition.net\/public\/#website"},"primaryImageOfPage":{"@id":"https:\/\/legsedition.net\/public\/la-folie-etait-venue-avec-la-pluie\/#primaryimage"},"image":{"@id":"https:\/\/legsedition.net\/public\/la-folie-etait-venue-avec-la-pluie\/#primaryimage"},"thumbnailUrl":"https:\/\/legsedition.net\/public\/wp-content\/uploads\/2018\/06\/Cover-La-folie-yanick-1-page001.jpeg","datePublished":"2018-05-13T20:58:14+00:00","dateModified":"2026-04-05T11:15:18+00:00","breadcrumb":{"@id":"https:\/\/legsedition.net\/public\/la-folie-etait-venue-avec-la-pluie\/#breadcrumb"},"inLanguage":"fr-FR","potentialAction":[{"@type":"ReadAction","target":["https:\/\/legsedition.net\/public\/la-folie-etait-venue-avec-la-pluie\/"]}]},{"@type":"ImageObject","inLanguage":"fr-FR","@id":"https:\/\/legsedition.net\/public\/la-folie-etait-venue-avec-la-pluie\/#primaryimage","url":"https:\/\/legsedition.net\/public\/wp-content\/uploads\/2018\/06\/Cover-La-folie-yanick-1-page001.jpeg","contentUrl":"https:\/\/legsedition.net\/public\/wp-content\/uploads\/2018\/06\/Cover-La-folie-yanick-1-page001.jpeg","width":1464,"height":2336},{"@type":"BreadcrumbList","@id":"https:\/\/legsedition.net\/public\/la-folie-etait-venue-avec-la-pluie\/#breadcrumb","itemListElement":[{"@type":"ListItem","position":1,"name":"Home","item":"https:\/\/legsedition.net\/public\/"},{"@type":"ListItem","position":2,"name":"La folie \u00e9tait venue avec la pluie"}]},{"@type":"WebSite","@id":"https:\/\/legsedition.net\/public\/#website","url":"https:\/\/legsedition.net\/public\/","name":"LEGS &Eacute;DITION","description":"","potentialAction":[{"@type":"SearchAction","target":{"@type":"EntryPoint","urlTemplate":"https:\/\/legsedition.net\/public\/?s={search_term_string}"},"query-input":{"@type":"PropertyValueSpecification","valueRequired":true,"valueName":"search_term_string"}}],"inLanguage":"fr-FR"}]}},"_links":{"self":[{"href":"https:\/\/legsedition.net\/public\/wp-json\/wp\/v2\/pages\/1561","targetHints":{"allow":["GET"]}}],"collection":[{"href":"https:\/\/legsedition.net\/public\/wp-json\/wp\/v2\/pages"}],"about":[{"href":"https:\/\/legsedition.net\/public\/wp-json\/wp\/v2\/types\/page"}],"author":[{"embeddable":true,"href":"https:\/\/legsedition.net\/public\/wp-json\/wp\/v2\/users\/2"}],"replies":[{"embeddable":true,"href":"https:\/\/legsedition.net\/public\/wp-json\/wp\/v2\/comments?post=1561"}],"version-history":[{"count":12,"href":"https:\/\/legsedition.net\/public\/wp-json\/wp\/v2\/pages\/1561\/revisions"}],"predecessor-version":[{"id":9438,"href":"https:\/\/legsedition.net\/public\/wp-json\/wp\/v2\/pages\/1561\/revisions\/9438"}],"wp:featuredmedia":[{"embeddable":true,"href":"https:\/\/legsedition.net\/public\/wp-json\/wp\/v2\/media\/1688"}],"wp:attachment":[{"href":"https:\/\/legsedition.net\/public\/wp-json\/wp\/v2\/media?parent=1561"}],"curies":[{"name":"wp","href":"https:\/\/api.w.org\/{rel}","templated":true}]}}