{"id":1567,"date":"2018-05-13T21:06:01","date_gmt":"2018-05-13T21:06:01","guid":{"rendered":"http:\/\/legsedition.net\/public\/?page_id=1567"},"modified":"2026-02-18T13:42:10","modified_gmt":"2026-02-18T13:42:10","slug":"je-decouvre-dany-laferriere","status":"publish","type":"page","link":"https:\/\/legsedition.net\/public\/je-decouvre-dany-laferriere\/","title":{"rendered":"Je d\u00e9couvre\u2026 Dany Laferri\u00e8re"},"content":{"rendered":"<p><strong><a href=\"http:\/\/legsedition.net\/public\/wp-content\/uploads\/2017\/12\/DANY.jpg\"><img fetchpriority=\"high\" decoding=\"async\" class=\"size-medium wp-image-116 alignleft\" src=\"http:\/\/legsedition.net\/public\/wp-content\/uploads\/2017\/12\/DANY-194x300.jpg\" alt=\"\" width=\"194\" height=\"300\" srcset=\"https:\/\/legsedition.net\/public\/wp-content\/uploads\/2017\/12\/DANY-194x300.jpg 194w, https:\/\/legsedition.net\/public\/wp-content\/uploads\/2017\/12\/DANY-416x642.jpg 416w, https:\/\/legsedition.net\/public\/wp-content\/uploads\/2017\/12\/DANY-400x617.jpg 400w, https:\/\/legsedition.net\/public\/wp-content\/uploads\/2017\/12\/DANY.jpg 440w\" sizes=\"(max-width: 194px) 100vw, 194px\" \/><\/a><\/strong><\/p>\n<p><strong>Titre : <\/strong>Je d\u00e9couvre&#8230; Dany Laferri\u00e8re<\/p>\n<p><strong>Auteur<\/strong> : Mirline Pierre<\/p>\n<p><strong>Dessins : <\/strong>Fritzg\u00e9rald Muscadin<\/p>\n<p><strong>Collection :\u00a0<\/strong><a href=\"https:\/\/legsedition.net\/public\/collection-je-decouvre-jeunesse\/\" target=\"_blank\" rel=\"noopener\">Je d\u00e9couvre&#8230;\/Jeunesse<\/a><\/p>\n<p><strong>Parution : <\/strong>04 Novembre 2014<\/p>\n<p><strong>ISBN : <\/strong>978-99970-86-06-8 | <a href=\"https:\/\/www.amazon.com\/Je-d%C3%A9couvre-Dany-Laferri%C3%A8re-French\/dp\/9997086066\/ref=sr_1_1?crid=1YA4P4D51MH3W&amp;dib=eyJ2IjoiMSJ9.uio8BictvUwVmH0FzGx9HytwE9aw_-UnTIc5wsq2Xi4_mUG_LZDsu6qxQwJl84nmypOIDFGecpvZg6bccqts7E0KsZDTVHr2HRpJEBpMPSv4DaMgaFLmQQ9q_yY5qS43a0eRAG3U00DioljgEfdSUGsHY23-P2DmE2_ZkoSHgSv9NLOR8GDhcKUwz09SRIkk.gxvPoZAWVFAEJYR9-qbIhyFTNYLPMAymRkpC3OgmejM&amp;dib_tag=se&amp;keywords=Je+d%C3%A9couvre%E2%80%A6+Dany+Laferri%C3%A8re&amp;qid=1771422099&amp;sprefix=je+d%C3%A9couvre+dany+laferri%C3%A8re%2Caps%2C215&amp;sr=8-1\" target=\"_blank\" rel=\"noopener\">Commander ICI<\/a><\/p>\n<p><strong>Prix :\u00a0 \u00a0<\/strong>10 USD<\/p>\n<p>Les enfants, savez-vous qu\u2019il existe de grands hommes et de grandes dames qui ont marqu\u00e9 l\u2019histoire\u00a0de l\u2019humanit\u00e9\u00a0? Des hommes et des femmes que nous pouvons avoir comme mod\u00e8les durant toute notre vie. Parce qu\u2019ils ont r\u00e9alis\u00e9 de grandes choses qui peuvent nous inspirer et nous porter \u00e0 travailler pour r\u00e9aliser nos r\u00eaves.<\/p>\n<p>Voil\u00e0, mes chers enfants, aujourd\u2019hui, je vais vous faire faire la connaissance d\u2019un grand homme. Il en existe plein d\u2019autres dans le monde, mais je suis oblig\u00e9e de faire un choix un peu arbitraire. C\u2019est un \u00e9crivain d\u2019origine ha\u00eftienne, tr\u00e8s connu dans le monde entier. Il est aussi sc\u00e9nariste et maintenant acad\u00e9micien. Il s\u2019appelle Windsor Kl\u00e9bert Laferri\u00e8re. Dany Laferri\u00e8re est n\u00e9 le 13 avril 1953 \u00e0 Port-au-Prince, quatre ans avant l\u2019arriv\u00e9e de Fran\u00e7ois Duvalier au pouvoir. Fils d\u2019un p\u00e8re intellectuel, Windsor Kl\u00e9bert Laferri\u00e8re, et d\u2019une m\u00e8re archiviste, Marie Nelson qui a travaill\u00e9 \u00e0 la mairie de Port-au-Prince.<\/p>\n<p>Mieux connu sous son nom d\u2019emprunt Dany Laferri\u00e8re. Il vivait \u00e0 Montr\u00e9al \u00e0 un moment donn\u00e9, sa terre d\u2019accueil apr\u00e8s avoir fui la dictature de Papa Doc. Maintenant il si\u00e8ge parmi les Immortels de l\u2019Acad\u00e9mie fran\u00e7aise qui r\u00e9fl\u00e9chissent sur l\u2019avenir de la langue fran\u00e7aise. Bienvenue, mes chers amis, dans l\u2019univers de Dany.<\/p>\n<p><b>A propos de l\u2019auteure :<\/b><\/p>\n<p>Mirline Pierre est n\u00e9e aux Cayes le 3 f\u00e9vrier 1990. \u00c9ditrice, nouvelliste et essayiste, elle a fait des \u00e9tudes de Lettres \u00e0 l\u2019\u00c9cole Normale Sup\u00e9rieure de Port-au-Prince et de ma\u00eetrise en Fran\u00e7ais Langue \u00c9trang\u00e8re (FLE) de l\u2019Universit\u00e9 des Antilles en Guadeloupe. Elle a publi\u00e9 de nombreux articles dans la revue\u00a0<i>Legs et Litt<\/i>\u00e9<i>rature\u00a0<\/i>dont elle est la r\u00e9dactrice en chef.<\/p>\n<hr \/>\n<h4><strong>Dans la presse :<\/strong><\/h4>\n<p>Mario Malivert,<a href=\"https:\/\/lenouvelliste.com\/article\/202639\/laissez-venir-a-dany-laferriere-les-petits-enfants\" target=\"_blank\" rel=\"noopener\">\u00a0Laissez venir \u00e0 Dany Laferri\u00e8re les petits enfants<\/a>,\u00a0<em>Le Nouvelliste,\u00a0<\/em>mercredi 05 juin 2019.<\/p>\n<p>Katiana St-Sauveur, <a href=\"https:\/\/lenouvelliste.com\/article\/159117\/dany-laferriere-raconte-aux-enfants\" target=\"_blank\" rel=\"noopener\">Dany Laferri\u00e8re racont\u00e9 aux enfants<\/a>,\u00a0<em>Ticket Magazine,\u00a0<\/em>23 mai 2016.<\/p>\n<p>W\u00e9bert Lahens, <a href=\"https:\/\/lenouvelliste.com\/article\/157727\/dany-laferriere-se-decouvre\" target=\"_blank\" rel=\"noopener\">Dany Laferri\u00e8re se d\u00e9couvre&#8230;<\/a>, <em>Le Nouvelliste,\u00a0<\/em>13 avril 2016.<\/p>\n","protected":false},"excerpt":{"rendered":"<p>Titre : Je d\u00e9couvre&#8230; Dany Laferri\u00e8re Auteur : Mirline Pierre Dessins : Fritzg\u00e9rald Muscadin Collection :\u00a0Je d\u00e9couvre&#8230;\/Jeunesse Parution : 04 Novembre 2014 ISBN : 978-99970-86-06-8 | Commander ICI Prix :\u00a0 \u00a010 USD Les enfants, savez-vous qu\u2019il existe de grands hommes&#8230;<\/p>\n","protected":false},"author":2,"featured_media":116,"parent":0,"menu_order":0,"comment_status":"closed","ping_status":"closed","template":"","meta":{"footnotes":""},"class_list":["post-1567","page","type-page","status-publish","has-post-thumbnail","hentry"],"yoast_head":"<!-- This site is optimized with the Yoast SEO plugin v27.3 - https:\/\/yoast.com\/product\/yoast-seo-wordpress\/ -->\n<title>Je d\u00e9couvre\u2026 Dany Laferri\u00e8re | LEGS &Eacute;DITION<\/title>\n<meta name=\"robots\" content=\"index, follow, max-snippet:-1, max-image-preview:large, max-video-preview:-1\" \/>\n<link rel=\"canonical\" href=\"https:\/\/legsedition.net\/public\/je-decouvre-dany-laferriere\/\" \/>\n<meta property=\"og:locale\" content=\"fr_FR\" \/>\n<meta property=\"og:type\" content=\"article\" \/>\n<meta property=\"og:title\" content=\"Je d\u00e9couvre\u2026 Dany Laferri\u00e8re | LEGS &Eacute;DITION\" \/>\n<meta property=\"og:description\" content=\"Titre : Je d\u00e9couvre&#8230; Dany Laferri\u00e8re Auteur : Mirline Pierre Dessins : Fritzg\u00e9rald Muscadin Collection :\u00a0Je d\u00e9couvre&#8230;\/Jeunesse Parution : 04 Novembre 2014 ISBN : 978-99970-86-06-8 | Commander ICI Prix :\u00a0 \u00a010 USD Les enfants, savez-vous qu\u2019il existe de grands hommes...\" \/>\n<meta property=\"og:url\" content=\"https:\/\/legsedition.net\/public\/je-decouvre-dany-laferriere\/\" \/>\n<meta property=\"og:site_name\" content=\"LEGS &Eacute;DITION\" \/>\n<meta property=\"article:publisher\" content=\"https:\/\/web.facebook.com\/LegsEtLitterature\/\" \/>\n<meta property=\"article:modified_time\" content=\"2026-02-18T13:42:10+00:00\" \/>\n<meta property=\"og:image\" content=\"https:\/\/legsedition.net\/public\/wp-content\/uploads\/2017\/12\/DANY.jpg\" \/>\n\t<meta property=\"og:image:width\" content=\"440\" \/>\n\t<meta property=\"og:image:height\" content=\"679\" \/>\n\t<meta property=\"og:image:type\" content=\"image\/jpeg\" \/>\n<meta name=\"twitter:card\" content=\"summary_large_image\" \/>\n<meta name=\"twitter:label1\" content=\"Dur\u00e9e de lecture estim\u00e9e\" \/>\n\t<meta name=\"twitter:data1\" content=\"3 minutes\" \/>\n<script type=\"application\/ld+json\" class=\"yoast-schema-graph\">{\"@context\":\"https:\\\/\\\/schema.org\",\"@graph\":[{\"@type\":\"WebPage\",\"@id\":\"https:\\\/\\\/legsedition.net\\\/public\\\/je-decouvre-dany-laferriere\\\/\",\"url\":\"https:\\\/\\\/legsedition.net\\\/public\\\/je-decouvre-dany-laferriere\\\/\",\"name\":\"Je d\u00e9couvre\u2026 Dany Laferri\u00e8re | LEGS &Eacute;DITION\",\"isPartOf\":{\"@id\":\"https:\\\/\\\/legsedition.net\\\/public\\\/#website\"},\"primaryImageOfPage\":{\"@id\":\"https:\\\/\\\/legsedition.net\\\/public\\\/je-decouvre-dany-laferriere\\\/#primaryimage\"},\"image\":{\"@id\":\"https:\\\/\\\/legsedition.net\\\/public\\\/je-decouvre-dany-laferriere\\\/#primaryimage\"},\"thumbnailUrl\":\"https:\\\/\\\/legsedition.net\\\/public\\\/wp-content\\\/uploads\\\/2017\\\/12\\\/DANY.jpg\",\"datePublished\":\"2018-05-13T21:06:01+00:00\",\"dateModified\":\"2026-02-18T13:42:10+00:00\",\"breadcrumb\":{\"@id\":\"https:\\\/\\\/legsedition.net\\\/public\\\/je-decouvre-dany-laferriere\\\/#breadcrumb\"},\"inLanguage\":\"fr-FR\",\"potentialAction\":[{\"@type\":\"ReadAction\",\"target\":[\"https:\\\/\\\/legsedition.net\\\/public\\\/je-decouvre-dany-laferriere\\\/\"]}]},{\"@type\":\"ImageObject\",\"inLanguage\":\"fr-FR\",\"@id\":\"https:\\\/\\\/legsedition.net\\\/public\\\/je-decouvre-dany-laferriere\\\/#primaryimage\",\"url\":\"https:\\\/\\\/legsedition.net\\\/public\\\/wp-content\\\/uploads\\\/2017\\\/12\\\/DANY.jpg\",\"contentUrl\":\"https:\\\/\\\/legsedition.net\\\/public\\\/wp-content\\\/uploads\\\/2017\\\/12\\\/DANY.jpg\",\"width\":440,\"height\":679},{\"@type\":\"BreadcrumbList\",\"@id\":\"https:\\\/\\\/legsedition.net\\\/public\\\/je-decouvre-dany-laferriere\\\/#breadcrumb\",\"itemListElement\":[{\"@type\":\"ListItem\",\"position\":1,\"name\":\"Home\",\"item\":\"https:\\\/\\\/legsedition.net\\\/public\\\/\"},{\"@type\":\"ListItem\",\"position\":2,\"name\":\"Je d\u00e9couvre\u2026 Dany Laferri\u00e8re\"}]},{\"@type\":\"WebSite\",\"@id\":\"https:\\\/\\\/legsedition.net\\\/public\\\/#website\",\"url\":\"https:\\\/\\\/legsedition.net\\\/public\\\/\",\"name\":\"LEGS &Eacute;DITION\",\"description\":\"\",\"potentialAction\":[{\"@type\":\"SearchAction\",\"target\":{\"@type\":\"EntryPoint\",\"urlTemplate\":\"https:\\\/\\\/legsedition.net\\\/public\\\/?s={search_term_string}\"},\"query-input\":{\"@type\":\"PropertyValueSpecification\",\"valueRequired\":true,\"valueName\":\"search_term_string\"}}],\"inLanguage\":\"fr-FR\"}]}<\/script>\n<!-- \/ Yoast SEO plugin. -->","yoast_head_json":{"title":"Je d\u00e9couvre\u2026 Dany Laferri\u00e8re | LEGS &Eacute;DITION","robots":{"index":"index","follow":"follow","max-snippet":"max-snippet:-1","max-image-preview":"max-image-preview:large","max-video-preview":"max-video-preview:-1"},"canonical":"https:\/\/legsedition.net\/public\/je-decouvre-dany-laferriere\/","og_locale":"fr_FR","og_type":"article","og_title":"Je d\u00e9couvre\u2026 Dany Laferri\u00e8re | LEGS &Eacute;DITION","og_description":"Titre : Je d\u00e9couvre&#8230; Dany Laferri\u00e8re Auteur : Mirline Pierre Dessins : Fritzg\u00e9rald Muscadin Collection :\u00a0Je d\u00e9couvre&#8230;\/Jeunesse Parution : 04 Novembre 2014 ISBN : 978-99970-86-06-8 | Commander ICI Prix :\u00a0 \u00a010 USD Les enfants, savez-vous qu\u2019il existe de grands hommes...","og_url":"https:\/\/legsedition.net\/public\/je-decouvre-dany-laferriere\/","og_site_name":"LEGS &Eacute;DITION","article_publisher":"https:\/\/web.facebook.com\/LegsEtLitterature\/","article_modified_time":"2026-02-18T13:42:10+00:00","og_image":[{"width":440,"height":679,"url":"https:\/\/legsedition.net\/public\/wp-content\/uploads\/2017\/12\/DANY.jpg","type":"image\/jpeg"}],"twitter_card":"summary_large_image","twitter_misc":{"Dur\u00e9e de lecture estim\u00e9e":"3 minutes"},"schema":{"@context":"https:\/\/schema.org","@graph":[{"@type":"WebPage","@id":"https:\/\/legsedition.net\/public\/je-decouvre-dany-laferriere\/","url":"https:\/\/legsedition.net\/public\/je-decouvre-dany-laferriere\/","name":"Je d\u00e9couvre\u2026 Dany Laferri\u00e8re | LEGS &Eacute;DITION","isPartOf":{"@id":"https:\/\/legsedition.net\/public\/#website"},"primaryImageOfPage":{"@id":"https:\/\/legsedition.net\/public\/je-decouvre-dany-laferriere\/#primaryimage"},"image":{"@id":"https:\/\/legsedition.net\/public\/je-decouvre-dany-laferriere\/#primaryimage"},"thumbnailUrl":"https:\/\/legsedition.net\/public\/wp-content\/uploads\/2017\/12\/DANY.jpg","datePublished":"2018-05-13T21:06:01+00:00","dateModified":"2026-02-18T13:42:10+00:00","breadcrumb":{"@id":"https:\/\/legsedition.net\/public\/je-decouvre-dany-laferriere\/#breadcrumb"},"inLanguage":"fr-FR","potentialAction":[{"@type":"ReadAction","target":["https:\/\/legsedition.net\/public\/je-decouvre-dany-laferriere\/"]}]},{"@type":"ImageObject","inLanguage":"fr-FR","@id":"https:\/\/legsedition.net\/public\/je-decouvre-dany-laferriere\/#primaryimage","url":"https:\/\/legsedition.net\/public\/wp-content\/uploads\/2017\/12\/DANY.jpg","contentUrl":"https:\/\/legsedition.net\/public\/wp-content\/uploads\/2017\/12\/DANY.jpg","width":440,"height":679},{"@type":"BreadcrumbList","@id":"https:\/\/legsedition.net\/public\/je-decouvre-dany-laferriere\/#breadcrumb","itemListElement":[{"@type":"ListItem","position":1,"name":"Home","item":"https:\/\/legsedition.net\/public\/"},{"@type":"ListItem","position":2,"name":"Je d\u00e9couvre\u2026 Dany Laferri\u00e8re"}]},{"@type":"WebSite","@id":"https:\/\/legsedition.net\/public\/#website","url":"https:\/\/legsedition.net\/public\/","name":"LEGS &Eacute;DITION","description":"","potentialAction":[{"@type":"SearchAction","target":{"@type":"EntryPoint","urlTemplate":"https:\/\/legsedition.net\/public\/?s={search_term_string}"},"query-input":{"@type":"PropertyValueSpecification","valueRequired":true,"valueName":"search_term_string"}}],"inLanguage":"fr-FR"}]}},"_links":{"self":[{"href":"https:\/\/legsedition.net\/public\/wp-json\/wp\/v2\/pages\/1567","targetHints":{"allow":["GET"]}}],"collection":[{"href":"https:\/\/legsedition.net\/public\/wp-json\/wp\/v2\/pages"}],"about":[{"href":"https:\/\/legsedition.net\/public\/wp-json\/wp\/v2\/types\/page"}],"author":[{"embeddable":true,"href":"https:\/\/legsedition.net\/public\/wp-json\/wp\/v2\/users\/2"}],"replies":[{"embeddable":true,"href":"https:\/\/legsedition.net\/public\/wp-json\/wp\/v2\/comments?post=1567"}],"version-history":[{"count":8,"href":"https:\/\/legsedition.net\/public\/wp-json\/wp\/v2\/pages\/1567\/revisions"}],"predecessor-version":[{"id":9252,"href":"https:\/\/legsedition.net\/public\/wp-json\/wp\/v2\/pages\/1567\/revisions\/9252"}],"wp:featuredmedia":[{"embeddable":true,"href":"https:\/\/legsedition.net\/public\/wp-json\/wp\/v2\/media\/116"}],"wp:attachment":[{"href":"https:\/\/legsedition.net\/public\/wp-json\/wp\/v2\/media?parent=1567"}],"curies":[{"name":"wp","href":"https:\/\/api.w.org\/{rel}","templated":true}]}}