{"id":1569,"date":"2018-05-13T21:09:17","date_gmt":"2018-05-13T21:09:17","guid":{"rendered":"http:\/\/legsedition.net\/public\/?page_id=1569"},"modified":"2026-02-01T07:06:22","modified_gmt":"2026-02-01T07:06:22","slug":"les-dix-hommes-noirs","status":"publish","type":"page","link":"https:\/\/legsedition.net\/public\/les-dix-hommes-noirs\/","title":{"rendered":"Les dix hommes noirs"},"content":{"rendered":"<p><strong><a href=\"https:\/\/legsedition.net\/public\/wp-content\/uploads\/2021\/07\/Cover_dix-hommes.png\"><img fetchpriority=\"high\" decoding=\"async\" class=\"wp-image-4052  alignleft\" src=\"https:\/\/legsedition.net\/public\/wp-content\/uploads\/2021\/07\/Cover_dix-hommes.png\" alt=\"\" width=\"212\" height=\"318\" srcset=\"https:\/\/legsedition.net\/public\/wp-content\/uploads\/2021\/07\/Cover_dix-hommes.png 301w, https:\/\/legsedition.net\/public\/wp-content\/uploads\/2021\/07\/Cover_dix-hommes-200x300.png 200w, https:\/\/legsedition.net\/public\/wp-content\/uploads\/2021\/07\/Cover_dix-hommes-107x160.png 107w\" sizes=\"(max-width: 212px) 100vw, 212px\" \/><\/a>Auteur : <\/strong>Etzer Vilaire<\/p>\n<p><strong>Titre : <\/strong><em>Les dix hommes noirs\u00a0<\/em>(Notes et commentaires de Dieulermesson Petit Fr\u00e8re)<\/p>\n<p><strong>Collection : <\/strong><a href=\"https:\/\/legsedition.net\/public\/collection-classique\/\" target=\"_blank\" rel=\"noopener\">Classique<\/a><\/p>\n<p><strong>Couverture : <\/strong>Fr\u00e9d\u00e9rique Blaise<\/p>\n<p><strong>Parution : <\/strong>22 octobre 2014<\/p>\n<p><strong>ISBN : <\/strong>978-9997086-00-6<\/p>\n<p><strong>Prix :\u00a0 \u00a0<\/strong>625 HTG ; 11 USD | <a href=\"https:\/\/www.amazon.com\/dix-hommes-noirs-French\/dp\/9997086007\/ref=sr_1_1?crid=3EFV35N1JC9DC&amp;dib=eyJ2IjoiMSJ9.B00iq7rCDwCxxxOTDgFu1zrGPs1qrP-_UM9QHa-9cqo.H2bqzc7Q0oWGagv4Qx_pjc9amS_8DUYRrRiq6K2nVg8&amp;dib_tag=se&amp;keywords=Les+dix+hommes+noirs&amp;qid=1769929517&amp;sprefix=les+dix+hommes+noirs%2Caps%2C518&amp;sr=8-1\" target=\"_blank\" rel=\"noopener\">Commander ICI<\/a><\/p>\n<p>Paru pour la premi\u00e8re fois en 1901, c&rsquo;est l&rsquo;un des po\u00e8mes les plus connus de l&rsquo;histoire de la litt\u00e9rature ha\u00eftienne. L&rsquo;un des po\u00e8mes qui raconte et traduit le mieux le mal-\u00eatre du 20<sup>e<\/sup> si\u00e8cle ha\u00eftien. Nombres de critiques y ont vu le proc\u00e8s d&rsquo;une soci\u00e9t\u00e9 au comble de son d\u00e9clin. Face aux probl\u00e8mes de la vie, dix jeunes se d\u00e9cident un soir, apr\u00e8s avoir c\u00e9l\u00e9br\u00e9 la vie, en organisant un banquet, de se donner la mort en revenant chacun sur les \u00e9v\u00e9nements qui les ont marqu\u00e9s et ont tu\u00e9 tous leurs r\u00eaves de vivre. Du premier (le patriote) jusqu&rsquo;au dernier homme (Franck, le plus jeune), chacun \u00e9num\u00e8re les d\u00e9ceptions et les regrets qui les ont conduit sur ce sentier sinistre.<\/p>\n<p>Le po\u00e8te Seymour Pradel, du mouvement de La Ronde, affirme dix ans apr\u00e8s sa sortie :<\/p>\n<blockquote><p><em>ce po\u00e8me est le proc\u00e8s-verbal de l&rsquo;\u00e2me d&rsquo;une g\u00e9n\u00e9ration, dress\u00e9 par un po\u00e8te et un observateur. Il renferme une analyse aigu\u00eb et juste de la crise qui en 1900 failli emporter toutes nos \u00e9nergies : il repr\u00e9sente peut-\u00eatre l&rsquo;\u0153uvre la plus caract\u00e9ristique.<\/em><\/p><\/blockquote>\n<p>Pour sa part, le romancier et essayiste Jean-Claude Fignole souligne dans son essai <em>Etzer Vilaire, ce m\u00e9connu<\/em> que :<\/p>\n<blockquote><p><em>Face aux probl\u00e8mes de toutes sortes, les dix hommes noirs paraissent traqu\u00e9s et veulent \u00e9liminer les causes de leurs souffrances, c\u2019est-\u00e0-dire, la soci\u00e9t\u00e9 et leurs produits. Mouvement de soi vers la r\u00e9alisation pour la changer. Mais, parce que depuis longtemps cette r\u00e9alit\u00e9 les oppresse, elle a couv\u00e9 en eux pour atteindre \u00e0 des dimensions obsessionnelles d\u2019autant que les personnages sont pouss\u00e9s vers l\u2019acte de lib\u00e9ration sans puissance de l\u2019accomplir&#8230;<\/em><\/p><\/blockquote>\n<p><strong>A propos de l&rsquo;auteur: <\/strong><\/p>\n<p>Poete, journaliste, enseignant et avocat, Etzer Vilaire nait \u00e0 J\u00e9r\u00e9mie, dans le sud-ouest d&rsquo;Ha\u00efti, le 7 avril 1872. Il est probablement l\u2019auteur\u00a0 le plus prolifique de sa g\u00e9n\u00e9ration. Professeur, avocat et po\u00e8te, il a collabor\u00e9 \u00e0 la revue <em>La Ronde\u00a0<\/em> aux c\u00f4t\u00e9 d\u2019\u00e9crivains comme Sylvain, P\u00e9tion, Moravia. Il meurt en 1951 \u00e0 l&rsquo;\u00e2ge de 72 ans.<\/p>\n<hr \/>\n<p><strong>Dans la presse :<\/strong><\/p>\n<p>Aide-m\u00e9moire, Les dix hommes noirs<em>,<\/em><a href=\"https:\/\/legsedition.net\/public\/wp-content\/uploads\/2024\/11\/Haiti_monde_les_dix_hommes_noirs.jpg\" target=\"_blank\" rel=\"noopener\"><em> Haiti-Monde<\/em><\/a>, no 29-30, mars avril 2016.<\/p>\n","protected":false},"excerpt":{"rendered":"<p>Auteur : Etzer Vilaire Titre : Les dix hommes noirs\u00a0(Notes et commentaires de Dieulermesson Petit Fr\u00e8re) Collection : Classique Couverture : Fr\u00e9d\u00e9rique Blaise Parution : 22 octobre 2014 ISBN : 978-9997086-00-6 Prix :\u00a0 \u00a0625 HTG ; 11 USD | Commander&#8230;<\/p>\n","protected":false},"author":2,"featured_media":4052,"parent":0,"menu_order":0,"comment_status":"closed","ping_status":"closed","template":"","meta":{"footnotes":""},"class_list":["post-1569","page","type-page","status-publish","has-post-thumbnail","hentry"],"yoast_head":"<!-- This site is optimized with the Yoast SEO plugin v27.3 - https:\/\/yoast.com\/product\/yoast-seo-wordpress\/ -->\n<title>Les dix hommes noirs | LEGS &Eacute;DITION<\/title>\n<meta name=\"robots\" content=\"index, follow, max-snippet:-1, max-image-preview:large, max-video-preview:-1\" \/>\n<link rel=\"canonical\" href=\"https:\/\/legsedition.net\/public\/les-dix-hommes-noirs\/\" \/>\n<meta property=\"og:locale\" content=\"fr_FR\" \/>\n<meta property=\"og:type\" content=\"article\" \/>\n<meta property=\"og:title\" content=\"Les dix hommes noirs | LEGS &Eacute;DITION\" \/>\n<meta property=\"og:description\" content=\"Auteur : Etzer Vilaire Titre : Les dix hommes noirs\u00a0(Notes et commentaires de Dieulermesson Petit Fr\u00e8re) Collection : Classique Couverture : Fr\u00e9d\u00e9rique Blaise Parution : 22 octobre 2014 ISBN : 978-9997086-00-6 Prix :\u00a0 \u00a0625 HTG ; 11 USD | Commander...\" \/>\n<meta property=\"og:url\" content=\"https:\/\/legsedition.net\/public\/les-dix-hommes-noirs\/\" \/>\n<meta property=\"og:site_name\" content=\"LEGS &Eacute;DITION\" \/>\n<meta property=\"article:publisher\" content=\"https:\/\/web.facebook.com\/LegsEtLitterature\/\" \/>\n<meta property=\"article:modified_time\" content=\"2026-02-01T07:06:22+00:00\" \/>\n<meta property=\"og:image\" content=\"https:\/\/legsedition.net\/public\/wp-content\/uploads\/2021\/07\/Cover_dix-hommes.png\" \/>\n\t<meta property=\"og:image:width\" content=\"301\" \/>\n\t<meta property=\"og:image:height\" content=\"452\" \/>\n\t<meta property=\"og:image:type\" content=\"image\/png\" \/>\n<meta name=\"twitter:card\" content=\"summary_large_image\" \/>\n<meta name=\"twitter:label1\" content=\"Dur\u00e9e de lecture estim\u00e9e\" \/>\n\t<meta name=\"twitter:data1\" content=\"2 minutes\" \/>\n<script type=\"application\/ld+json\" class=\"yoast-schema-graph\">{\"@context\":\"https:\\\/\\\/schema.org\",\"@graph\":[{\"@type\":\"WebPage\",\"@id\":\"https:\\\/\\\/legsedition.net\\\/public\\\/les-dix-hommes-noirs\\\/\",\"url\":\"https:\\\/\\\/legsedition.net\\\/public\\\/les-dix-hommes-noirs\\\/\",\"name\":\"Les dix hommes noirs | LEGS &Eacute;DITION\",\"isPartOf\":{\"@id\":\"https:\\\/\\\/legsedition.net\\\/public\\\/#website\"},\"primaryImageOfPage\":{\"@id\":\"https:\\\/\\\/legsedition.net\\\/public\\\/les-dix-hommes-noirs\\\/#primaryimage\"},\"image\":{\"@id\":\"https:\\\/\\\/legsedition.net\\\/public\\\/les-dix-hommes-noirs\\\/#primaryimage\"},\"thumbnailUrl\":\"https:\\\/\\\/legsedition.net\\\/public\\\/wp-content\\\/uploads\\\/2021\\\/07\\\/Cover_dix-hommes.png\",\"datePublished\":\"2018-05-13T21:09:17+00:00\",\"dateModified\":\"2026-02-01T07:06:22+00:00\",\"breadcrumb\":{\"@id\":\"https:\\\/\\\/legsedition.net\\\/public\\\/les-dix-hommes-noirs\\\/#breadcrumb\"},\"inLanguage\":\"fr-FR\",\"potentialAction\":[{\"@type\":\"ReadAction\",\"target\":[\"https:\\\/\\\/legsedition.net\\\/public\\\/les-dix-hommes-noirs\\\/\"]}]},{\"@type\":\"ImageObject\",\"inLanguage\":\"fr-FR\",\"@id\":\"https:\\\/\\\/legsedition.net\\\/public\\\/les-dix-hommes-noirs\\\/#primaryimage\",\"url\":\"https:\\\/\\\/legsedition.net\\\/public\\\/wp-content\\\/uploads\\\/2021\\\/07\\\/Cover_dix-hommes.png\",\"contentUrl\":\"https:\\\/\\\/legsedition.net\\\/public\\\/wp-content\\\/uploads\\\/2021\\\/07\\\/Cover_dix-hommes.png\",\"width\":301,\"height\":452},{\"@type\":\"BreadcrumbList\",\"@id\":\"https:\\\/\\\/legsedition.net\\\/public\\\/les-dix-hommes-noirs\\\/#breadcrumb\",\"itemListElement\":[{\"@type\":\"ListItem\",\"position\":1,\"name\":\"Home\",\"item\":\"https:\\\/\\\/legsedition.net\\\/public\\\/\"},{\"@type\":\"ListItem\",\"position\":2,\"name\":\"Les dix hommes noirs\"}]},{\"@type\":\"WebSite\",\"@id\":\"https:\\\/\\\/legsedition.net\\\/public\\\/#website\",\"url\":\"https:\\\/\\\/legsedition.net\\\/public\\\/\",\"name\":\"LEGS &Eacute;DITION\",\"description\":\"\",\"potentialAction\":[{\"@type\":\"SearchAction\",\"target\":{\"@type\":\"EntryPoint\",\"urlTemplate\":\"https:\\\/\\\/legsedition.net\\\/public\\\/?s={search_term_string}\"},\"query-input\":{\"@type\":\"PropertyValueSpecification\",\"valueRequired\":true,\"valueName\":\"search_term_string\"}}],\"inLanguage\":\"fr-FR\"}]}<\/script>\n<!-- \/ Yoast SEO plugin. -->","yoast_head_json":{"title":"Les dix hommes noirs | LEGS &Eacute;DITION","robots":{"index":"index","follow":"follow","max-snippet":"max-snippet:-1","max-image-preview":"max-image-preview:large","max-video-preview":"max-video-preview:-1"},"canonical":"https:\/\/legsedition.net\/public\/les-dix-hommes-noirs\/","og_locale":"fr_FR","og_type":"article","og_title":"Les dix hommes noirs | LEGS &Eacute;DITION","og_description":"Auteur : Etzer Vilaire Titre : Les dix hommes noirs\u00a0(Notes et commentaires de Dieulermesson Petit Fr\u00e8re) Collection : Classique Couverture : Fr\u00e9d\u00e9rique Blaise Parution : 22 octobre 2014 ISBN : 978-9997086-00-6 Prix :\u00a0 \u00a0625 HTG ; 11 USD | Commander...","og_url":"https:\/\/legsedition.net\/public\/les-dix-hommes-noirs\/","og_site_name":"LEGS &Eacute;DITION","article_publisher":"https:\/\/web.facebook.com\/LegsEtLitterature\/","article_modified_time":"2026-02-01T07:06:22+00:00","og_image":[{"width":301,"height":452,"url":"https:\/\/legsedition.net\/public\/wp-content\/uploads\/2021\/07\/Cover_dix-hommes.png","type":"image\/png"}],"twitter_card":"summary_large_image","twitter_misc":{"Dur\u00e9e de lecture estim\u00e9e":"2 minutes"},"schema":{"@context":"https:\/\/schema.org","@graph":[{"@type":"WebPage","@id":"https:\/\/legsedition.net\/public\/les-dix-hommes-noirs\/","url":"https:\/\/legsedition.net\/public\/les-dix-hommes-noirs\/","name":"Les dix hommes noirs | LEGS &Eacute;DITION","isPartOf":{"@id":"https:\/\/legsedition.net\/public\/#website"},"primaryImageOfPage":{"@id":"https:\/\/legsedition.net\/public\/les-dix-hommes-noirs\/#primaryimage"},"image":{"@id":"https:\/\/legsedition.net\/public\/les-dix-hommes-noirs\/#primaryimage"},"thumbnailUrl":"https:\/\/legsedition.net\/public\/wp-content\/uploads\/2021\/07\/Cover_dix-hommes.png","datePublished":"2018-05-13T21:09:17+00:00","dateModified":"2026-02-01T07:06:22+00:00","breadcrumb":{"@id":"https:\/\/legsedition.net\/public\/les-dix-hommes-noirs\/#breadcrumb"},"inLanguage":"fr-FR","potentialAction":[{"@type":"ReadAction","target":["https:\/\/legsedition.net\/public\/les-dix-hommes-noirs\/"]}]},{"@type":"ImageObject","inLanguage":"fr-FR","@id":"https:\/\/legsedition.net\/public\/les-dix-hommes-noirs\/#primaryimage","url":"https:\/\/legsedition.net\/public\/wp-content\/uploads\/2021\/07\/Cover_dix-hommes.png","contentUrl":"https:\/\/legsedition.net\/public\/wp-content\/uploads\/2021\/07\/Cover_dix-hommes.png","width":301,"height":452},{"@type":"BreadcrumbList","@id":"https:\/\/legsedition.net\/public\/les-dix-hommes-noirs\/#breadcrumb","itemListElement":[{"@type":"ListItem","position":1,"name":"Home","item":"https:\/\/legsedition.net\/public\/"},{"@type":"ListItem","position":2,"name":"Les dix hommes noirs"}]},{"@type":"WebSite","@id":"https:\/\/legsedition.net\/public\/#website","url":"https:\/\/legsedition.net\/public\/","name":"LEGS &Eacute;DITION","description":"","potentialAction":[{"@type":"SearchAction","target":{"@type":"EntryPoint","urlTemplate":"https:\/\/legsedition.net\/public\/?s={search_term_string}"},"query-input":{"@type":"PropertyValueSpecification","valueRequired":true,"valueName":"search_term_string"}}],"inLanguage":"fr-FR"}]}},"_links":{"self":[{"href":"https:\/\/legsedition.net\/public\/wp-json\/wp\/v2\/pages\/1569","targetHints":{"allow":["GET"]}}],"collection":[{"href":"https:\/\/legsedition.net\/public\/wp-json\/wp\/v2\/pages"}],"about":[{"href":"https:\/\/legsedition.net\/public\/wp-json\/wp\/v2\/types\/page"}],"author":[{"embeddable":true,"href":"https:\/\/legsedition.net\/public\/wp-json\/wp\/v2\/users\/2"}],"replies":[{"embeddable":true,"href":"https:\/\/legsedition.net\/public\/wp-json\/wp\/v2\/comments?post=1569"}],"version-history":[{"count":18,"href":"https:\/\/legsedition.net\/public\/wp-json\/wp\/v2\/pages\/1569\/revisions"}],"predecessor-version":[{"id":9197,"href":"https:\/\/legsedition.net\/public\/wp-json\/wp\/v2\/pages\/1569\/revisions\/9197"}],"wp:featuredmedia":[{"embeddable":true,"href":"https:\/\/legsedition.net\/public\/wp-json\/wp\/v2\/media\/4052"}],"wp:attachment":[{"href":"https:\/\/legsedition.net\/public\/wp-json\/wp\/v2\/media?parent=1569"}],"curies":[{"name":"wp","href":"https:\/\/api.w.org\/{rel}","templated":true}]}}