{"id":1573,"date":"2018-05-13T21:21:17","date_gmt":"2018-05-13T21:21:17","guid":{"rendered":"http:\/\/legsedition.net\/public\/?page_id=1573"},"modified":"2026-02-18T13:35:33","modified_gmt":"2026-02-18T13:35:33","slug":"je-decouvre-martin-luther-king","status":"publish","type":"page","link":"https:\/\/legsedition.net\/public\/je-decouvre-martin-luther-king\/","title":{"rendered":"Je d\u00e9couvre\u2026 Martin Luther King"},"content":{"rendered":"<p><strong>Auteur : <\/strong>W\u00e9bert Charles<strong><a href=\"http:\/\/legsedition.net\/public\/wp-content\/uploads\/2017\/12\/MARTIN.jpg\"><img fetchpriority=\"high\" decoding=\"async\" class=\"size-medium wp-image-130 alignleft\" src=\"http:\/\/legsedition.net\/public\/wp-content\/uploads\/2017\/12\/MARTIN-191x300.jpg\" alt=\"\" width=\"191\" height=\"300\" srcset=\"https:\/\/legsedition.net\/public\/wp-content\/uploads\/2017\/12\/MARTIN-191x300.jpg 191w, https:\/\/legsedition.net\/public\/wp-content\/uploads\/2017\/12\/MARTIN-416x654.jpg 416w, https:\/\/legsedition.net\/public\/wp-content\/uploads\/2017\/12\/MARTIN-400x629.jpg 400w, https:\/\/legsedition.net\/public\/wp-content\/uploads\/2017\/12\/MARTIN.jpg 428w\" sizes=\"(max-width: 191px) 100vw, 191px\" \/><\/a><\/strong><\/p>\n<p><strong>Titre : <\/strong>Je d\u00e9couvre&#8230; Martin Luther King<\/p>\n<p><strong>Dessins : <\/strong>Renley S\u00e9raphin<\/p>\n<p><strong>Collection : <\/strong><a href=\"https:\/\/legsedition.net\/public\/collection-je-decouvre-jeunesse\/\" target=\"_blank\" rel=\"noopener\">Je d\u00e9couvre\/Jeunesse<\/a><\/p>\n<p><strong>Parution : <\/strong>02 Sep 2014<\/p>\n<p><strong>ISBN <\/strong>: 978-99970-86-04-4 | <a href=\"https:\/\/www.amazon.com\/d%C3%A9couvre-Martin-Luther-King-French\/dp\/999708604X\/ref=sr_1_1?crid=19IAANVIJR05S&amp;dib=eyJ2IjoiMSJ9.CpLSCAylrNUa7SmCXC0qcBFpZlxIfxPCb60Vs0UwY76pbWUKf6jkO9VYGuAihTSGvP9AM3akgxNc23Zw9jRtdijd0fOYoT1gs7_78_zFRjETHtj2gwuGiJmcMPios9sAyH_rdL2ZRzBL8Lwu-BXtXXlLtTKcnquq4PwZQuLjkm_skkC-bxzKbmiBguqkShUvtYQcT4PP2Rn8J6KLUhij4_OcRAvb_MM7kqYNaTTk28I.vALRmbxLbLI2zL2MgUPUcDyP1m-578UiS9KwXEsk9AQ&amp;dib_tag=se&amp;keywords=Je+d%C3%A9couvre%E2%80%A6+Martin+Luther+King&amp;qid=1771421684&amp;sprefix=je+d%C3%A9couvre+martin+luther+king%2Caps%2C278&amp;sr=8-1\" target=\"_blank\" rel=\"noopener\">Commander ICI<\/a><\/p>\n<p><strong>Prix :\u00a0 <\/strong>\u00a0500 HTG ; 10 USD<\/p>\n<div data-cke-filler-webkit=\"start\" data-cke-temp=\"1\"><\/div>\n<p>Aujourd\u2019hui, les enfants, je vais vous raconter l\u2019histoire du pasteur Martin Luther King fils. Un grand homme Noir qui a lib\u00e9r\u00e9 ses fr\u00e8res du pr\u00e9jug\u00e9 de couleur aux \u00c9tats-Unis d\u2019Am\u00e9rique. Comme tous les grands hommes de l\u2019Histoire, Martin Luther King a \u00e9t\u00e9 une fois dans sa vie un enfant. Comme vous. Mais, lui, il vivait au 20\u00e8me si\u00e8cle, alors que vous, vous \u00eates au 21\u00e8me si\u00e8cle. Le petit Martin Luther King naquit le 15 janvier 1929 \u00e0 Atlanta, une ville des \u00c9tats-Unis d\u2019Am\u00e9rique que l\u2019on appelait le portail du Sud, dans l\u2019\u00c9tat de Georgie.<\/p>\n<p>Comme tous les grands hommes de l\u2019Histoire, Martin Luther King a \u00e9t\u00e9 une fois dans sa vie un enfant. Comme vous. Mais, lui, il vivait au 20\u00e8me si\u00e8cle, alors que vous, vous \u00eates au 21\u00e8me si\u00e8cle. Le petit Martin Luther King naquit le 15 janvier 1929 \u00e0 Atlanta, une ville des \u00c9tats-Unis d\u2019Am\u00e9rique que l\u2019on appelait \u00ab le portail du Sud \u00bb, dans l\u2019\u00c9tat de Georgie. Son p\u00e8re Martin Luther King p\u00e8re et sa m\u00e8re Alberta Williams King \u00e9taient des religieux baptistes. Malgr\u00e9 que son p\u00e8re ait \u00e9t\u00e9 s\u00e9v\u00e8re et fort, il l\u2019aimait aussi bien que sa m\u00e8re qui \u00e9tait douce et gentille. \u00c0 cette \u00e9poque-l\u00e0, dans le Sud des \u00c9tats-Unis d\u2019Am\u00e9rique, chez Tonton Sam, les enfants blancs ne pouvaient pas jouer avec les enfants noirs, ils ne pouvaient m\u00eame pas aller jouer dans les jardins publics, s\u2019acheter un d\u00e9licieux <i>hamburger<\/i> dans un restaurant, ni aller voir un bon film \u00e0 peine sorti dans une salle de cin\u00e9ma. Les enfants noirs s\u2019ennuyaient beaucoup.<\/p>\n<p>C\u2019\u00e9tait l\u2019\u00e9poque s\u00e9gr\u00e9gationniste aux \u00c9tats-Unis.<br \/>\n<b><br \/>\nA propos de l&rsquo;auteur :<\/b><\/p>\n<p>W\u00e9bert Charles est \u00e9conomiste. Dipl\u00f4m\u00e9 en Management culturel de l\u2019Universit\u00e9 Ouagadougou II (Burkina Faso), il est d\u00e9tenteur \u00e9galement d\u2019un\u00a0Master I\u00a0en \u00c9conomie des organisations et Gouvernance de l\u2019Universit\u00e9 de Picardie Jules Verne (Amiens). Chroniqueur au journal<i>\u00a0Le Nouvelliste<\/i>, po\u00e8te et nouvelliste, il est l\u2019auteur de\u00a0<i>Pour que la terre s\u2019en souvienne<\/i>\u00a0(2010),\u00a0<i>Que l\u2019esp\u00e9rance demeure\u00a0<\/i>(2012) et\u00a0<i>Mar\u00e8l<\/i>\u00a0(2013).<\/p>\n<div data-cke-filler-webkit=\"end\" data-cke-temp=\"1\">\n<hr \/>\n<\/div>\n<p><strong>Dans la presse :<\/strong><\/p>\n<p>Schultz Laurent Jr, <a href=\"https:\/\/lenouvelliste.com\/article\/140560\/pour-commemorer-la-journee-de-martin-luther-king-jr\" target=\"_blank\" rel=\"noopener\">Pour comm\u00e9morer la journ\u00e9e de Martin Luther King Jr<\/a>,\u00a0<em>Le Nouvelliste,\u00a0<\/em>21 janvier 2015.<\/p>\n","protected":false},"excerpt":{"rendered":"<p>Auteur : W\u00e9bert Charles Titre : Je d\u00e9couvre&#8230; Martin Luther King Dessins : Renley S\u00e9raphin Collection : Je d\u00e9couvre\/Jeunesse Parution : 02 Sep 2014 ISBN : 978-99970-86-04-4 | Commander ICI Prix :\u00a0 \u00a0500 HTG ; 10 USD Aujourd\u2019hui, les enfants,&#8230;<\/p>\n","protected":false},"author":2,"featured_media":130,"parent":0,"menu_order":0,"comment_status":"closed","ping_status":"closed","template":"","meta":{"footnotes":""},"class_list":["post-1573","page","type-page","status-publish","has-post-thumbnail","hentry"],"yoast_head":"<!-- This site is optimized with the Yoast SEO plugin v27.3 - https:\/\/yoast.com\/product\/yoast-seo-wordpress\/ -->\n<title>Je d\u00e9couvre\u2026 Martin Luther King | LEGS &Eacute;DITION<\/title>\n<meta name=\"robots\" content=\"index, follow, max-snippet:-1, max-image-preview:large, max-video-preview:-1\" \/>\n<link rel=\"canonical\" href=\"https:\/\/legsedition.net\/public\/je-decouvre-martin-luther-king\/\" \/>\n<meta property=\"og:locale\" content=\"fr_FR\" \/>\n<meta property=\"og:type\" content=\"article\" \/>\n<meta property=\"og:title\" content=\"Je d\u00e9couvre\u2026 Martin Luther King | LEGS &Eacute;DITION\" \/>\n<meta property=\"og:description\" content=\"Auteur : W\u00e9bert Charles Titre : Je d\u00e9couvre&#8230; Martin Luther King Dessins : Renley S\u00e9raphin Collection : Je d\u00e9couvre\/Jeunesse Parution : 02 Sep 2014 ISBN : 978-99970-86-04-4 | Commander ICI Prix :\u00a0 \u00a0500 HTG ; 10 USD Aujourd\u2019hui, les enfants,...\" \/>\n<meta property=\"og:url\" content=\"https:\/\/legsedition.net\/public\/je-decouvre-martin-luther-king\/\" \/>\n<meta property=\"og:site_name\" content=\"LEGS &Eacute;DITION\" \/>\n<meta property=\"article:publisher\" content=\"https:\/\/web.facebook.com\/LegsEtLitterature\/\" \/>\n<meta property=\"article:modified_time\" content=\"2026-02-18T13:35:33+00:00\" \/>\n<meta property=\"og:image\" content=\"https:\/\/legsedition.net\/public\/wp-content\/uploads\/2017\/12\/MARTIN.jpg\" \/>\n\t<meta property=\"og:image:width\" content=\"428\" \/>\n\t<meta property=\"og:image:height\" content=\"673\" \/>\n\t<meta property=\"og:image:type\" content=\"image\/jpeg\" \/>\n<meta name=\"twitter:card\" content=\"summary_large_image\" \/>\n<meta name=\"twitter:label1\" content=\"Dur\u00e9e de lecture estim\u00e9e\" \/>\n\t<meta name=\"twitter:data1\" content=\"3 minutes\" \/>\n<script type=\"application\/ld+json\" class=\"yoast-schema-graph\">{\"@context\":\"https:\\\/\\\/schema.org\",\"@graph\":[{\"@type\":\"WebPage\",\"@id\":\"https:\\\/\\\/legsedition.net\\\/public\\\/je-decouvre-martin-luther-king\\\/\",\"url\":\"https:\\\/\\\/legsedition.net\\\/public\\\/je-decouvre-martin-luther-king\\\/\",\"name\":\"Je d\u00e9couvre\u2026 Martin Luther King | LEGS &Eacute;DITION\",\"isPartOf\":{\"@id\":\"https:\\\/\\\/legsedition.net\\\/public\\\/#website\"},\"primaryImageOfPage\":{\"@id\":\"https:\\\/\\\/legsedition.net\\\/public\\\/je-decouvre-martin-luther-king\\\/#primaryimage\"},\"image\":{\"@id\":\"https:\\\/\\\/legsedition.net\\\/public\\\/je-decouvre-martin-luther-king\\\/#primaryimage\"},\"thumbnailUrl\":\"https:\\\/\\\/legsedition.net\\\/public\\\/wp-content\\\/uploads\\\/2017\\\/12\\\/MARTIN.jpg\",\"datePublished\":\"2018-05-13T21:21:17+00:00\",\"dateModified\":\"2026-02-18T13:35:33+00:00\",\"breadcrumb\":{\"@id\":\"https:\\\/\\\/legsedition.net\\\/public\\\/je-decouvre-martin-luther-king\\\/#breadcrumb\"},\"inLanguage\":\"fr-FR\",\"potentialAction\":[{\"@type\":\"ReadAction\",\"target\":[\"https:\\\/\\\/legsedition.net\\\/public\\\/je-decouvre-martin-luther-king\\\/\"]}]},{\"@type\":\"ImageObject\",\"inLanguage\":\"fr-FR\",\"@id\":\"https:\\\/\\\/legsedition.net\\\/public\\\/je-decouvre-martin-luther-king\\\/#primaryimage\",\"url\":\"https:\\\/\\\/legsedition.net\\\/public\\\/wp-content\\\/uploads\\\/2017\\\/12\\\/MARTIN.jpg\",\"contentUrl\":\"https:\\\/\\\/legsedition.net\\\/public\\\/wp-content\\\/uploads\\\/2017\\\/12\\\/MARTIN.jpg\",\"width\":428,\"height\":673},{\"@type\":\"BreadcrumbList\",\"@id\":\"https:\\\/\\\/legsedition.net\\\/public\\\/je-decouvre-martin-luther-king\\\/#breadcrumb\",\"itemListElement\":[{\"@type\":\"ListItem\",\"position\":1,\"name\":\"Home\",\"item\":\"https:\\\/\\\/legsedition.net\\\/public\\\/\"},{\"@type\":\"ListItem\",\"position\":2,\"name\":\"Je d\u00e9couvre\u2026 Martin Luther King\"}]},{\"@type\":\"WebSite\",\"@id\":\"https:\\\/\\\/legsedition.net\\\/public\\\/#website\",\"url\":\"https:\\\/\\\/legsedition.net\\\/public\\\/\",\"name\":\"LEGS &Eacute;DITION\",\"description\":\"\",\"potentialAction\":[{\"@type\":\"SearchAction\",\"target\":{\"@type\":\"EntryPoint\",\"urlTemplate\":\"https:\\\/\\\/legsedition.net\\\/public\\\/?s={search_term_string}\"},\"query-input\":{\"@type\":\"PropertyValueSpecification\",\"valueRequired\":true,\"valueName\":\"search_term_string\"}}],\"inLanguage\":\"fr-FR\"}]}<\/script>\n<!-- \/ Yoast SEO plugin. -->","yoast_head_json":{"title":"Je d\u00e9couvre\u2026 Martin Luther King | LEGS &Eacute;DITION","robots":{"index":"index","follow":"follow","max-snippet":"max-snippet:-1","max-image-preview":"max-image-preview:large","max-video-preview":"max-video-preview:-1"},"canonical":"https:\/\/legsedition.net\/public\/je-decouvre-martin-luther-king\/","og_locale":"fr_FR","og_type":"article","og_title":"Je d\u00e9couvre\u2026 Martin Luther King | LEGS &Eacute;DITION","og_description":"Auteur : W\u00e9bert Charles Titre : Je d\u00e9couvre&#8230; Martin Luther King Dessins : Renley S\u00e9raphin Collection : Je d\u00e9couvre\/Jeunesse Parution : 02 Sep 2014 ISBN : 978-99970-86-04-4 | Commander ICI Prix :\u00a0 \u00a0500 HTG ; 10 USD Aujourd\u2019hui, les enfants,...","og_url":"https:\/\/legsedition.net\/public\/je-decouvre-martin-luther-king\/","og_site_name":"LEGS &Eacute;DITION","article_publisher":"https:\/\/web.facebook.com\/LegsEtLitterature\/","article_modified_time":"2026-02-18T13:35:33+00:00","og_image":[{"width":428,"height":673,"url":"https:\/\/legsedition.net\/public\/wp-content\/uploads\/2017\/12\/MARTIN.jpg","type":"image\/jpeg"}],"twitter_card":"summary_large_image","twitter_misc":{"Dur\u00e9e de lecture estim\u00e9e":"3 minutes"},"schema":{"@context":"https:\/\/schema.org","@graph":[{"@type":"WebPage","@id":"https:\/\/legsedition.net\/public\/je-decouvre-martin-luther-king\/","url":"https:\/\/legsedition.net\/public\/je-decouvre-martin-luther-king\/","name":"Je d\u00e9couvre\u2026 Martin Luther King | LEGS &Eacute;DITION","isPartOf":{"@id":"https:\/\/legsedition.net\/public\/#website"},"primaryImageOfPage":{"@id":"https:\/\/legsedition.net\/public\/je-decouvre-martin-luther-king\/#primaryimage"},"image":{"@id":"https:\/\/legsedition.net\/public\/je-decouvre-martin-luther-king\/#primaryimage"},"thumbnailUrl":"https:\/\/legsedition.net\/public\/wp-content\/uploads\/2017\/12\/MARTIN.jpg","datePublished":"2018-05-13T21:21:17+00:00","dateModified":"2026-02-18T13:35:33+00:00","breadcrumb":{"@id":"https:\/\/legsedition.net\/public\/je-decouvre-martin-luther-king\/#breadcrumb"},"inLanguage":"fr-FR","potentialAction":[{"@type":"ReadAction","target":["https:\/\/legsedition.net\/public\/je-decouvre-martin-luther-king\/"]}]},{"@type":"ImageObject","inLanguage":"fr-FR","@id":"https:\/\/legsedition.net\/public\/je-decouvre-martin-luther-king\/#primaryimage","url":"https:\/\/legsedition.net\/public\/wp-content\/uploads\/2017\/12\/MARTIN.jpg","contentUrl":"https:\/\/legsedition.net\/public\/wp-content\/uploads\/2017\/12\/MARTIN.jpg","width":428,"height":673},{"@type":"BreadcrumbList","@id":"https:\/\/legsedition.net\/public\/je-decouvre-martin-luther-king\/#breadcrumb","itemListElement":[{"@type":"ListItem","position":1,"name":"Home","item":"https:\/\/legsedition.net\/public\/"},{"@type":"ListItem","position":2,"name":"Je d\u00e9couvre\u2026 Martin Luther King"}]},{"@type":"WebSite","@id":"https:\/\/legsedition.net\/public\/#website","url":"https:\/\/legsedition.net\/public\/","name":"LEGS &Eacute;DITION","description":"","potentialAction":[{"@type":"SearchAction","target":{"@type":"EntryPoint","urlTemplate":"https:\/\/legsedition.net\/public\/?s={search_term_string}"},"query-input":{"@type":"PropertyValueSpecification","valueRequired":true,"valueName":"search_term_string"}}],"inLanguage":"fr-FR"}]}},"_links":{"self":[{"href":"https:\/\/legsedition.net\/public\/wp-json\/wp\/v2\/pages\/1573","targetHints":{"allow":["GET"]}}],"collection":[{"href":"https:\/\/legsedition.net\/public\/wp-json\/wp\/v2\/pages"}],"about":[{"href":"https:\/\/legsedition.net\/public\/wp-json\/wp\/v2\/types\/page"}],"author":[{"embeddable":true,"href":"https:\/\/legsedition.net\/public\/wp-json\/wp\/v2\/users\/2"}],"replies":[{"embeddable":true,"href":"https:\/\/legsedition.net\/public\/wp-json\/wp\/v2\/comments?post=1573"}],"version-history":[{"count":8,"href":"https:\/\/legsedition.net\/public\/wp-json\/wp\/v2\/pages\/1573\/revisions"}],"predecessor-version":[{"id":9248,"href":"https:\/\/legsedition.net\/public\/wp-json\/wp\/v2\/pages\/1573\/revisions\/9248"}],"wp:featuredmedia":[{"embeddable":true,"href":"https:\/\/legsedition.net\/public\/wp-json\/wp\/v2\/media\/130"}],"wp:attachment":[{"href":"https:\/\/legsedition.net\/public\/wp-json\/wp\/v2\/media?parent=1573"}],"curies":[{"name":"wp","href":"https:\/\/api.w.org\/{rel}","templated":true}]}}