{"id":1577,"date":"2018-05-13T21:29:17","date_gmt":"2018-05-13T21:29:17","guid":{"rendered":"http:\/\/legsedition.net\/public\/?page_id=1577"},"modified":"2026-02-18T13:37:27","modified_gmt":"2026-02-18T13:37:27","slug":"je-decouvre-viviane-gauthier","status":"publish","type":"page","link":"https:\/\/legsedition.net\/public\/je-decouvre-viviane-gauthier\/","title":{"rendered":"Je d\u00e9couvre\u2026 Vivianne Gauthier"},"content":{"rendered":"<p><strong>Titre : <\/strong>Je d\u00e9couvre&#8230; Vivianne Gauthie<strong>r<a href=\"http:\/\/legsedition.net\/public\/wp-content\/uploads\/2017\/12\/VIVIANNE.jpg\"><img fetchpriority=\"high\" decoding=\"async\" class=\"size-medium wp-image-150 alignleft\" src=\"http:\/\/legsedition.net\/public\/wp-content\/uploads\/2017\/12\/VIVIANNE-194x300.jpg\" alt=\"\" width=\"194\" height=\"300\" srcset=\"https:\/\/legsedition.net\/public\/wp-content\/uploads\/2017\/12\/VIVIANNE-194x300.jpg 194w, https:\/\/legsedition.net\/public\/wp-content\/uploads\/2017\/12\/VIVIANNE-416x643.jpg 416w, https:\/\/legsedition.net\/public\/wp-content\/uploads\/2017\/12\/VIVIANNE-400x618.jpg 400w, https:\/\/legsedition.net\/public\/wp-content\/uploads\/2017\/12\/VIVIANNE.jpg 438w\" sizes=\"(max-width: 194px) 100vw, 194px\" \/><\/a><\/strong><\/p>\n<p><strong>Auteur : <\/strong>Dieulermesson Petit Frere<\/p>\n<p><strong>Dessins : <\/strong>Joram Mercier<\/p>\n<p><strong>Collection : <\/strong><a href=\"https:\/\/legsedition.net\/public\/collection-je-decouvre-jeunesse\/\" target=\"_blank\" rel=\"noopener\">Je d\u00e9couvre&#8230;\/Jeunesse<\/a><\/p>\n<p><strong>Parution :\u00a0 <\/strong>28 octobre 2014<\/p>\n<p><strong>ISBN : <\/strong>978-99970-86-05-1 | <a href=\"https:\/\/www.amazon.com\/Je-d%C3%A9couvre-Vivianne-Gauthier-French\/dp\/9997086058\/ref=sr_1_1?crid=2QHNTQZ24LYN4&amp;dib=eyJ2IjoiMSJ9.nTgm9OaTECGATsplGuYi7Q.2Mzioaf5eqKVsI8RsPHXdcwKoOm1K82gFUpODyPYOVg&amp;dib_tag=se&amp;keywords=Je+d%C3%A9couvre%E2%80%A6+Vivianne+Gauthier&amp;qid=1771421763&amp;sprefix=je+d%C3%A9couvre+vivianne+gauthier%2Caps%2C224&amp;sr=8-1\" target=\"_blank\" rel=\"noopener\">Commander ICI<\/a><\/p>\n<p><strong>Prix :\u00a0 \u00a0<\/strong>500 HTG ; 10 USD<\/p>\n<p>Vivianne Gauthier est une r\u00e9f\u00e9rence s\u00fbre dans le monde de la danse en Ha\u00efti. Elle est notre carte de visite. Je me suis rendu chez elle en plusieurs occasions. Je ne me rappelle pas vraiment de la date exacte \u00e0 laquelle je l\u2019ai rencontr\u00e9e pour la premi\u00e8re fois, mais la premi\u00e8re visite, j\u2019en garde un souvenir intact. C\u2019\u00e9tait un apr\u00e8s-midi, juste apr\u00e8s l\u2019\u00e9cole. Maillot blanc, short bleu, coiffure impeccable, elle m\u2019a re\u00e7u chaleureusement dans l\u2019arri\u00e8re-cour de sa magnifique maison \u00e0 l\u2019avenue N, style <em>gingerbread<\/em>, construite au tout d\u00e9but des ann\u00e9es 1930.<\/p>\n<p>Danseuse accomplie, assidue au travail, Vivianne est une chor\u00e9graphe atypique. Le visage expressif, le sourire accueillant, elle avance avec une gr\u00e2ce infinie, sans musique, la danse dans tout son corps. Une vraie passionn\u00e9e au top de sa forme. Elle est encore pleine de vivacit\u00e9 malgr\u00e9 son \u00e2ge avanc\u00e9. Le corps est un vrai moyen de communication. Un support sans faille de l\u2019expression artistique. La d\u00e9marche de Vivianne le dit avec \u00e9loquence. N\u00e9e le 17 mars 1918 \u00e0 Port-au-Prince,sous le gouvernement de Louis Borno, soit trois ans apr\u00e8s le d\u00e9but de l\u2019occupation am\u00e9ricaine d\u2019Ha\u00efti, Vivianne Gauthier est l\u2019a\u00een\u00e9e d\u2019une famille de six enfants dont cinq filles (Lucienne, Yolande, Monique, Ghislaine, Vivianne) et un gar\u00e7on, G\u00e9rard.<\/p>\n<p>[&#8230;]<\/p>\n<p>Vivianne est l\u2019arri\u00e8re-petite-fille du pr\u00e9sident Florvil Hyppolite (oct. 1889-mars 1896), le 17<sup>\u00e8me <\/sup>chef d\u2019\u00c9tat d\u2019Ha\u00efti. Elle descend de la droite lign\u00e9e de Jean-Jacques Dessalines, le p\u00e8re fondateur de la nation ha\u00eftienne. Ce dernier s\u2019est fait couronner sous le nom de Jacques 1<sup>er<\/sup>, le 8 octobre 1804 et est devenu, du coup, le premier empereur d\u2019Ha\u00efti.<\/p>\n<p><strong>\u00c0\u00a0<\/strong><strong><span class=\"a-text-bold\">propos de l\u2019auteur :<\/span><\/strong><\/p>\n<p>Dieulermesson Petit Fr\u00e8re d\u00e9tient un master 2 en Litt\u00e9ratures, Id\u00e9es, Po\u00e9tiques de l\u2019Universit\u00e9 Blaise Pascal (Clermont-Ferrand). \u00c9diteur et critique litt\u00e9raire, il a publi\u00e9 de nombreux travaux sur la litt\u00e9rature dans la revue\u00a0<em>Legs et Litt\u00e9rature<\/em>\u00a0dont il est le co-fondateur.<\/p>\n<hr \/>\n<p><strong>Dans la presse :<\/strong><\/p>\n<p>Elien Pierre, <a href=\"https:\/\/lenouvelliste.com\/article\/247135\/viviane-gauthier-femme-et-icone-haitienne\" target=\"_blank\" rel=\"noopener\">Viviane Gauthier, femme et ic\u00f4ne ha\u00eftienne<\/a>, <em>Le Nouvelliste,\u00a0<\/em>8 mars 2024.<\/p>\n<p class=\"LC20lb MBeuO DKV0Md\">Dieulermesson Petit Fr\u00e8re, <a href=\"https:\/\/lenouvelliste.com\/article\/171829\/des-eleves-de-linend-decouvrent-vivianne-gauthier\" target=\"_blank\" rel=\"noopener\">Des \u00e9l\u00e8ves de l&rsquo;INEND d\u00e9couvrent Vivianne Gauthie<\/a>r,\u00a0<em>Le Nouvelliste,\u00a0<\/em>8 juin 2017.<\/p>\n<p>Obel Lamy, <a href=\"https:\/\/haiti.loopnews.com\/content\/pluie-dhommages-vivianne-gauthier\" target=\"_blank\" rel=\"noopener\">Pluie d\u2019hommages pour Vivianne Gauthier<\/a>,\u00a0<em>Loop Haiti,\u00a0<\/em>2 juin 2017.<\/p>\n","protected":false},"excerpt":{"rendered":"<p>Titre : Je d\u00e9couvre&#8230; Vivianne Gauthier Auteur : Dieulermesson Petit Frere Dessins : Joram Mercier Collection : Je d\u00e9couvre&#8230;\/Jeunesse Parution :\u00a0 28 octobre 2014 ISBN : 978-99970-86-05-1 | Commander ICI Prix :\u00a0 \u00a0500 HTG ; 10 USD Vivianne Gauthier est&#8230;<\/p>\n","protected":false},"author":2,"featured_media":555,"parent":0,"menu_order":0,"comment_status":"closed","ping_status":"closed","template":"","meta":{"footnotes":""},"class_list":["post-1577","page","type-page","status-publish","has-post-thumbnail","hentry"],"yoast_head":"<!-- This site is optimized with the Yoast SEO plugin v27.3 - https:\/\/yoast.com\/product\/yoast-seo-wordpress\/ -->\n<title>Je d\u00e9couvre\u2026 Vivianne Gauthier | LEGS &Eacute;DITION<\/title>\n<meta name=\"robots\" content=\"index, follow, max-snippet:-1, max-image-preview:large, max-video-preview:-1\" \/>\n<link rel=\"canonical\" href=\"https:\/\/legsedition.net\/public\/je-decouvre-viviane-gauthier\/\" \/>\n<meta property=\"og:locale\" content=\"fr_FR\" \/>\n<meta property=\"og:type\" content=\"article\" \/>\n<meta property=\"og:title\" content=\"Je d\u00e9couvre\u2026 Vivianne Gauthier | LEGS &Eacute;DITION\" \/>\n<meta property=\"og:description\" content=\"Titre : Je d\u00e9couvre&#8230; Vivianne Gauthier Auteur : Dieulermesson Petit Frere Dessins : Joram Mercier Collection : Je d\u00e9couvre&#8230;\/Jeunesse Parution :\u00a0 28 octobre 2014 ISBN : 978-99970-86-05-1 | Commander ICI Prix :\u00a0 \u00a0500 HTG ; 10 USD Vivianne Gauthier est...\" \/>\n<meta property=\"og:url\" content=\"https:\/\/legsedition.net\/public\/je-decouvre-viviane-gauthier\/\" \/>\n<meta property=\"og:site_name\" content=\"LEGS &Eacute;DITION\" \/>\n<meta property=\"article:publisher\" content=\"https:\/\/web.facebook.com\/LegsEtLitterature\/\" \/>\n<meta property=\"article:modified_time\" content=\"2026-02-18T13:37:27+00:00\" \/>\n<meta property=\"og:image\" content=\"https:\/\/legsedition.net\/public\/wp-content\/uploads\/2017\/12\/viviane.jpg\" \/>\n\t<meta property=\"og:image:width\" content=\"328\" \/>\n\t<meta property=\"og:image:height\" content=\"500\" \/>\n\t<meta property=\"og:image:type\" content=\"image\/jpeg\" \/>\n<meta name=\"twitter:card\" content=\"summary_large_image\" \/>\n<meta name=\"twitter:label1\" content=\"Dur\u00e9e de lecture estim\u00e9e\" \/>\n\t<meta name=\"twitter:data1\" content=\"3 minutes\" \/>\n<script type=\"application\/ld+json\" class=\"yoast-schema-graph\">{\"@context\":\"https:\\\/\\\/schema.org\",\"@graph\":[{\"@type\":\"WebPage\",\"@id\":\"https:\\\/\\\/legsedition.net\\\/public\\\/je-decouvre-viviane-gauthier\\\/\",\"url\":\"https:\\\/\\\/legsedition.net\\\/public\\\/je-decouvre-viviane-gauthier\\\/\",\"name\":\"Je d\u00e9couvre\u2026 Vivianne Gauthier | LEGS &Eacute;DITION\",\"isPartOf\":{\"@id\":\"https:\\\/\\\/legsedition.net\\\/public\\\/#website\"},\"primaryImageOfPage\":{\"@id\":\"https:\\\/\\\/legsedition.net\\\/public\\\/je-decouvre-viviane-gauthier\\\/#primaryimage\"},\"image\":{\"@id\":\"https:\\\/\\\/legsedition.net\\\/public\\\/je-decouvre-viviane-gauthier\\\/#primaryimage\"},\"thumbnailUrl\":\"https:\\\/\\\/legsedition.net\\\/public\\\/wp-content\\\/uploads\\\/2017\\\/12\\\/viviane.jpg\",\"datePublished\":\"2018-05-13T21:29:17+00:00\",\"dateModified\":\"2026-02-18T13:37:27+00:00\",\"breadcrumb\":{\"@id\":\"https:\\\/\\\/legsedition.net\\\/public\\\/je-decouvre-viviane-gauthier\\\/#breadcrumb\"},\"inLanguage\":\"fr-FR\",\"potentialAction\":[{\"@type\":\"ReadAction\",\"target\":[\"https:\\\/\\\/legsedition.net\\\/public\\\/je-decouvre-viviane-gauthier\\\/\"]}]},{\"@type\":\"ImageObject\",\"inLanguage\":\"fr-FR\",\"@id\":\"https:\\\/\\\/legsedition.net\\\/public\\\/je-decouvre-viviane-gauthier\\\/#primaryimage\",\"url\":\"https:\\\/\\\/legsedition.net\\\/public\\\/wp-content\\\/uploads\\\/2017\\\/12\\\/viviane.jpg\",\"contentUrl\":\"https:\\\/\\\/legsedition.net\\\/public\\\/wp-content\\\/uploads\\\/2017\\\/12\\\/viviane.jpg\",\"width\":328,\"height\":500},{\"@type\":\"BreadcrumbList\",\"@id\":\"https:\\\/\\\/legsedition.net\\\/public\\\/je-decouvre-viviane-gauthier\\\/#breadcrumb\",\"itemListElement\":[{\"@type\":\"ListItem\",\"position\":1,\"name\":\"Home\",\"item\":\"https:\\\/\\\/legsedition.net\\\/public\\\/\"},{\"@type\":\"ListItem\",\"position\":2,\"name\":\"Je d\u00e9couvre\u2026 Vivianne Gauthier\"}]},{\"@type\":\"WebSite\",\"@id\":\"https:\\\/\\\/legsedition.net\\\/public\\\/#website\",\"url\":\"https:\\\/\\\/legsedition.net\\\/public\\\/\",\"name\":\"LEGS &Eacute;DITION\",\"description\":\"\",\"potentialAction\":[{\"@type\":\"SearchAction\",\"target\":{\"@type\":\"EntryPoint\",\"urlTemplate\":\"https:\\\/\\\/legsedition.net\\\/public\\\/?s={search_term_string}\"},\"query-input\":{\"@type\":\"PropertyValueSpecification\",\"valueRequired\":true,\"valueName\":\"search_term_string\"}}],\"inLanguage\":\"fr-FR\"}]}<\/script>\n<!-- \/ Yoast SEO plugin. -->","yoast_head_json":{"title":"Je d\u00e9couvre\u2026 Vivianne Gauthier | LEGS &Eacute;DITION","robots":{"index":"index","follow":"follow","max-snippet":"max-snippet:-1","max-image-preview":"max-image-preview:large","max-video-preview":"max-video-preview:-1"},"canonical":"https:\/\/legsedition.net\/public\/je-decouvre-viviane-gauthier\/","og_locale":"fr_FR","og_type":"article","og_title":"Je d\u00e9couvre\u2026 Vivianne Gauthier | LEGS &Eacute;DITION","og_description":"Titre : Je d\u00e9couvre&#8230; Vivianne Gauthier Auteur : Dieulermesson Petit Frere Dessins : Joram Mercier Collection : Je d\u00e9couvre&#8230;\/Jeunesse Parution :\u00a0 28 octobre 2014 ISBN : 978-99970-86-05-1 | Commander ICI Prix :\u00a0 \u00a0500 HTG ; 10 USD Vivianne Gauthier est...","og_url":"https:\/\/legsedition.net\/public\/je-decouvre-viviane-gauthier\/","og_site_name":"LEGS &Eacute;DITION","article_publisher":"https:\/\/web.facebook.com\/LegsEtLitterature\/","article_modified_time":"2026-02-18T13:37:27+00:00","og_image":[{"width":328,"height":500,"url":"https:\/\/legsedition.net\/public\/wp-content\/uploads\/2017\/12\/viviane.jpg","type":"image\/jpeg"}],"twitter_card":"summary_large_image","twitter_misc":{"Dur\u00e9e de lecture estim\u00e9e":"3 minutes"},"schema":{"@context":"https:\/\/schema.org","@graph":[{"@type":"WebPage","@id":"https:\/\/legsedition.net\/public\/je-decouvre-viviane-gauthier\/","url":"https:\/\/legsedition.net\/public\/je-decouvre-viviane-gauthier\/","name":"Je d\u00e9couvre\u2026 Vivianne Gauthier | LEGS &Eacute;DITION","isPartOf":{"@id":"https:\/\/legsedition.net\/public\/#website"},"primaryImageOfPage":{"@id":"https:\/\/legsedition.net\/public\/je-decouvre-viviane-gauthier\/#primaryimage"},"image":{"@id":"https:\/\/legsedition.net\/public\/je-decouvre-viviane-gauthier\/#primaryimage"},"thumbnailUrl":"https:\/\/legsedition.net\/public\/wp-content\/uploads\/2017\/12\/viviane.jpg","datePublished":"2018-05-13T21:29:17+00:00","dateModified":"2026-02-18T13:37:27+00:00","breadcrumb":{"@id":"https:\/\/legsedition.net\/public\/je-decouvre-viviane-gauthier\/#breadcrumb"},"inLanguage":"fr-FR","potentialAction":[{"@type":"ReadAction","target":["https:\/\/legsedition.net\/public\/je-decouvre-viviane-gauthier\/"]}]},{"@type":"ImageObject","inLanguage":"fr-FR","@id":"https:\/\/legsedition.net\/public\/je-decouvre-viviane-gauthier\/#primaryimage","url":"https:\/\/legsedition.net\/public\/wp-content\/uploads\/2017\/12\/viviane.jpg","contentUrl":"https:\/\/legsedition.net\/public\/wp-content\/uploads\/2017\/12\/viviane.jpg","width":328,"height":500},{"@type":"BreadcrumbList","@id":"https:\/\/legsedition.net\/public\/je-decouvre-viviane-gauthier\/#breadcrumb","itemListElement":[{"@type":"ListItem","position":1,"name":"Home","item":"https:\/\/legsedition.net\/public\/"},{"@type":"ListItem","position":2,"name":"Je d\u00e9couvre\u2026 Vivianne Gauthier"}]},{"@type":"WebSite","@id":"https:\/\/legsedition.net\/public\/#website","url":"https:\/\/legsedition.net\/public\/","name":"LEGS &Eacute;DITION","description":"","potentialAction":[{"@type":"SearchAction","target":{"@type":"EntryPoint","urlTemplate":"https:\/\/legsedition.net\/public\/?s={search_term_string}"},"query-input":{"@type":"PropertyValueSpecification","valueRequired":true,"valueName":"search_term_string"}}],"inLanguage":"fr-FR"}]}},"_links":{"self":[{"href":"https:\/\/legsedition.net\/public\/wp-json\/wp\/v2\/pages\/1577","targetHints":{"allow":["GET"]}}],"collection":[{"href":"https:\/\/legsedition.net\/public\/wp-json\/wp\/v2\/pages"}],"about":[{"href":"https:\/\/legsedition.net\/public\/wp-json\/wp\/v2\/types\/page"}],"author":[{"embeddable":true,"href":"https:\/\/legsedition.net\/public\/wp-json\/wp\/v2\/users\/2"}],"replies":[{"embeddable":true,"href":"https:\/\/legsedition.net\/public\/wp-json\/wp\/v2\/comments?post=1577"}],"version-history":[{"count":9,"href":"https:\/\/legsedition.net\/public\/wp-json\/wp\/v2\/pages\/1577\/revisions"}],"predecessor-version":[{"id":9250,"href":"https:\/\/legsedition.net\/public\/wp-json\/wp\/v2\/pages\/1577\/revisions\/9250"}],"wp:featuredmedia":[{"embeddable":true,"href":"https:\/\/legsedition.net\/public\/wp-json\/wp\/v2\/media\/555"}],"wp:attachment":[{"href":"https:\/\/legsedition.net\/public\/wp-json\/wp\/v2\/media?parent=1577"}],"curies":[{"name":"wp","href":"https:\/\/api.w.org\/{rel}","templated":true}]}}