{"id":1584,"date":"2018-05-13T21:45:42","date_gmt":"2018-05-13T21:45:42","guid":{"rendered":"http:\/\/legsedition.net\/public\/?page_id=1584"},"modified":"2026-04-05T11:01:26","modified_gmt":"2026-04-05T11:01:26","slug":"ombre-ensoleillee-suivi-de-splendeur","status":"publish","type":"page","link":"https:\/\/legsedition.net\/public\/ombre-ensoleillee-suivi-de-splendeur\/","title":{"rendered":"Ombre ensoleill\u00e9e suivi de Splendeur"},"content":{"rendered":"<p><strong><a href=\"http:\/\/legsedition.net\/public\/wp-content\/uploads\/2017\/12\/Ombre-ensoleillee-Face.jpg\"><img fetchpriority=\"high\" decoding=\"async\" class=\"size-medium wp-image-136 alignleft\" src=\"http:\/\/legsedition.net\/public\/wp-content\/uploads\/2017\/12\/Ombre-ensoleillee-Face-184x300.jpg\" alt=\"\" width=\"184\" height=\"300\" srcset=\"https:\/\/legsedition.net\/public\/wp-content\/uploads\/2017\/12\/Ombre-ensoleillee-Face-184x300.jpg 184w, https:\/\/legsedition.net\/public\/wp-content\/uploads\/2017\/12\/Ombre-ensoleillee-Face-416x678.jpg 416w, https:\/\/legsedition.net\/public\/wp-content\/uploads\/2017\/12\/Ombre-ensoleillee-Face-400x652.jpg 400w, https:\/\/legsedition.net\/public\/wp-content\/uploads\/2017\/12\/Ombre-ensoleillee-Face.jpg 466w\" sizes=\"(max-width: 184px) 100vw, 184px\" \/><\/a>Titre : <\/strong><em>Ombre ensoleill\u00e9e suivi de Splendeur<\/em><\/p>\n<p><strong>Auteur : <\/strong>Janine Tavernier<\/p>\n<p><strong>Collection : <\/strong><a href=\"https:\/\/legsedition.net\/public\/collection-voix-feminines\/\" target=\"_blank\" rel=\"noopener\">Voix F\u00e9minines<\/a><\/p>\n<p><strong>Parution : <\/strong>17 octobre 2014<\/p>\n<p><strong>ISBN : <\/strong>978\u00ad-99970\u00ad80\u00ad-49-\u00ad3 | <a href=\"https:\/\/www.amazon.com\/Ombre-ensoleill%C3%A9e-suivi-Splendeur-French\/dp\/9997080491\/ref=sr_1_1?crid=1CPIJ449731PQ&amp;dib=eyJ2IjoiMSJ9.12kqTDjA00cFfP5HbyrHwQ.m9eC84QRpE96Y0UnW9qqMOLkAIHXQCvPAxKIwhl3HXY&amp;dib_tag=se&amp;keywords=Ombre+ensoleill%C3%A9e+suivi+de+Splendeur&amp;qid=1775386454&amp;sprefix=ombre+ensoleill%C3%A9e+suivi+de+splendeur%2Caps%2C203&amp;sr=8-1\" target=\"_blank\" rel=\"noopener\">Commander ICI<\/a><\/p>\n<p><strong>Prix :\u00a0\u00a0 <\/strong>12.85 USD<\/p>\n<p style=\"text-align: justify;\">Ainsi, cinquante ans apr\u00e8s sa parution, nous voguons tou-jours au grand large dans la barque que nous offre Janine Tavernier. Barque d\u2019une construction r\u00e9solue, solide, m\u00eame si elle n\u2019est faite que de mots sur papier, mots m\u00e2ch\u00e9s, mots d\u2019amour, de d\u00e9sespoir et de solidarit\u00e9.<\/p>\n<p style=\"text-align: justify;\">D\u00e9di\u00e9 \u00e0 \u00ab la force vive \u00bb qui n\u2019est autre que \u00ab le n\u00e8gre de ma vie \u00bb, dans son <em>Ombre ensoleill\u00e9e<\/em> l\u2019auteure va pr\u00e9senter ce que Roland Morisseau, dans la pr\u00e9face de 1961, nomme l\u2019innovation du \u00ab baisser-lever de chaque jour \u00bb. Au fils des ann\u00e9es, cet amour quotidien s\u2019est-il affirm\u00e9 ou s\u2019est-il plut\u00f4t effrit\u00e9 pour un public du vingt et uni\u00e8me si\u00e8cle ?<\/p>\n<p>[&#8230;]<\/p>\n<p style=\"text-align: justify;\">Est-ce une d\u00e9ception anticip\u00e9e qui explique que deux ans plus tard, dans <em>Splendeurs <\/em>(1963), le po\u00e8te-t\u00e9moin, voix de l\u2019espoir devant les meilleurs lendemains se noie, de plus en plus, dans le tourbillon des \u00ab\u00a0liqueurs fortes de mon pays\u00a0\u00bb devant \u00ab\u00a0le socle de l\u2019impitoyable Solitude\u00a0\u00bb\u00a0? Le m\u00e9nage \u00e0 trois passe du moi-toi-lui \u00e0 \u00ab\u00a0l\u2019alcool la folie et moi.\u00a0\u00bb Les po\u00e8mes de ce recueil arborent une densit\u00e9 de structures qui chercheraient \u00e0 mettre de l\u2019ordre dans le d\u00e9sordre des amours, des abandons, car \u00ab\u00a0j\u2019ai vu filer les \u00e9toiles une \u00e0 une\u00a0\u00bb et \u00ab\u00a0il faut plier bagages et s\u2019en aller\u00a0\u00bb.<\/p>\n<p>[&#8230;]<\/p>\n<p>Cinquante ans plus tard nous voguons avec Janine Tavernier dont le \u00ab c\u0153ur est une caravelle qui s\u2019en va patiemment \/ portant dans sa coque fragile l\u2019espoir neuf de mes fr\u00e8res \u00bb, mais c\u2019est pour amener avec nous les s\u0153urs oubli\u00e9es dans un amour universel, dite fraternel. Et si elle s\u2019oublie ceci faisant, nous ne l\u2019oublions pas en amenant devant le public la r\u00e9\u00e9dition de ses po\u00e8mes.<\/p>\n<p style=\"text-align: right;\"><strong>Dr. Carolyn Shread<\/strong><\/p>\n<p><strong>\u00c0 propos de l\u2019auteure\u00a0:<\/strong><\/p>\n<p style=\"text-align: justify;\">N\u00e9e en 1935, Janine Tavernier a fait des \u00e9tudes jusqu\u2019au doctorat en langue et litt\u00e9rature \u00e0 l\u2019universit\u00e9 de Californie \u00e0 Davis. Apr\u00e8s avoir enseign\u00e9 pendant pr\u00e8s de vingt ans aux \u00c9tats-Unis, elle a pris sa retraite et s\u2019est install\u00e9e en Ha\u00efti depuis 2007. De retour aux \u00c9tats-Unis quelques ann\u00e9es plus tard, elle continue \u00e0 \u00e9crire. Consid\u00e9r\u00e9e comme l\u2019une des satellites du mouvement Ha\u00efti litt\u00e9raire des ann\u00e9es 1960 aux c\u00f4t\u00e9s de Marie Vieux-Chauvet et Jacqueline Beaug\u00e9-Rosier, elle publie en 1961 son premier recueil de po\u00e8mes, <em>Ombre ensoleill\u00e9e,\u00a0<\/em>et\u00a0<em>Splendeur\u00a0<\/em>en 1963. Elle est l&rsquo;auteure de deux romans, <i>Fleurs de muraille <\/i>(2000) et <em style=\"color: initial;\">La Gravitante <\/em>(2007). Elle d\u00e9c\u00e8de \u00e0 Tampa, en Floride, le 27 f\u00e9vrier 2019.<\/p>\n<hr \/>\n<p><strong>Dans la presse :<\/strong><\/p>\n<p><a href=\"https:\/\/lenouvelliste.com\/article\/199110\/apres-lamour-de-janine-tavernier\" target=\"_blank\" rel=\"noopener\">Apr\u00e8s l&rsquo;amour de Janine Tavernier<\/a>,\u00a0<em>Le Nouvelliste,\u00a0<\/em>10 avril 2019.<\/p>\n<p><a href=\"https:\/\/legsedition.net\/public\/2019\/03\/05\/janine-tavernier-sest-eteinte\/\" target=\"_blank\" rel=\"noopener\">Janine Tavernier s\u2019est \u00e9teinte<\/a>, LEGS EDITION, 5 mars 2019.<\/p>\n<p>Carl-Henry Pierre,\u00a0<a href=\"http:\/\/www.lenational.org\/janine-tavernier-sensibilite-a-fleur-de-peau\/\" target=\"_blank\" rel=\"noopener\">Janine Tavernier, une sensibilit\u00e9 \u00e0 fleur de peau<\/a>,\u00a0<em>Le National,\u00a0<\/em>lundi 11 janvier 2016. [<a href=\"https:\/\/legsedition.net\/public\/wp-content\/uploads\/2024\/01\/Jeanine_Tavernier_Le_National.pdf\" target=\"_blank\" rel=\"noopener\">Lire en PDF<\/a>]<\/p>\n<p>W\u00e9bert Charles, <a href=\"http:\/\/lenouvelliste.com\/lenouvelliste\/article\/141740\/Non-Janine-Tavernier-nest-pas-morte\" target=\"_blank\" rel=\"noopener\">Non, Janine Tavernier n\u2019est pas morte!<\/a>, <em>Le Nouvelliste, <\/em>mercredi 25 f\u00e9vrier 2015.<\/p>\n","protected":false},"excerpt":{"rendered":"<p>Titre : Ombre ensoleill\u00e9e suivi de Splendeur Auteur : Janine Tavernier Collection : Voix F\u00e9minines Parution : 17 octobre 2014 ISBN : 978\u00ad-99970\u00ad80\u00ad-49-\u00ad3 | Commander ICI Prix :\u00a0\u00a0 12.85 USD Ainsi, cinquante ans apr\u00e8s sa parution, nous voguons tou-jours au&#8230;<\/p>\n","protected":false},"author":2,"featured_media":136,"parent":0,"menu_order":0,"comment_status":"closed","ping_status":"closed","template":"","meta":{"footnotes":""},"class_list":["post-1584","page","type-page","status-publish","has-post-thumbnail","hentry"],"yoast_head":"<!-- This site is optimized with the Yoast SEO plugin v27.3 - https:\/\/yoast.com\/product\/yoast-seo-wordpress\/ -->\n<title>Ombre ensoleill\u00e9e suivi de Splendeur | LEGS &Eacute;DITION<\/title>\n<meta name=\"robots\" content=\"index, follow, max-snippet:-1, max-image-preview:large, max-video-preview:-1\" \/>\n<link rel=\"canonical\" href=\"https:\/\/legsedition.net\/public\/ombre-ensoleillee-suivi-de-splendeur\/\" \/>\n<meta property=\"og:locale\" content=\"fr_FR\" \/>\n<meta property=\"og:type\" content=\"article\" \/>\n<meta property=\"og:title\" content=\"Ombre ensoleill\u00e9e suivi de Splendeur | LEGS &Eacute;DITION\" \/>\n<meta property=\"og:description\" content=\"Titre : Ombre ensoleill\u00e9e suivi de Splendeur Auteur : Janine Tavernier Collection : Voix F\u00e9minines Parution : 17 octobre 2014 ISBN : 978\u00ad-99970\u00ad80\u00ad-49-\u00ad3 | Commander ICI Prix :\u00a0\u00a0 12.85 USD Ainsi, cinquante ans apr\u00e8s sa parution, nous voguons tou-jours au...\" \/>\n<meta property=\"og:url\" content=\"https:\/\/legsedition.net\/public\/ombre-ensoleillee-suivi-de-splendeur\/\" \/>\n<meta property=\"og:site_name\" content=\"LEGS &Eacute;DITION\" \/>\n<meta property=\"article:publisher\" content=\"https:\/\/web.facebook.com\/LegsEtLitterature\/\" \/>\n<meta property=\"article:modified_time\" content=\"2026-04-05T11:01:26+00:00\" \/>\n<meta property=\"og:image\" content=\"https:\/\/legsedition.net\/public\/wp-content\/uploads\/2017\/12\/Ombre-ensoleillee-Face.jpg\" \/>\n\t<meta property=\"og:image:width\" content=\"466\" \/>\n\t<meta property=\"og:image:height\" content=\"760\" \/>\n\t<meta property=\"og:image:type\" content=\"image\/jpeg\" \/>\n<meta name=\"twitter:card\" content=\"summary_large_image\" \/>\n<meta name=\"twitter:label1\" content=\"Dur\u00e9e de lecture estim\u00e9e\" \/>\n\t<meta name=\"twitter:data1\" content=\"3 minutes\" \/>\n<script type=\"application\/ld+json\" class=\"yoast-schema-graph\">{\"@context\":\"https:\\\/\\\/schema.org\",\"@graph\":[{\"@type\":\"WebPage\",\"@id\":\"https:\\\/\\\/legsedition.net\\\/public\\\/ombre-ensoleillee-suivi-de-splendeur\\\/\",\"url\":\"https:\\\/\\\/legsedition.net\\\/public\\\/ombre-ensoleillee-suivi-de-splendeur\\\/\",\"name\":\"Ombre ensoleill\u00e9e suivi de Splendeur | LEGS &Eacute;DITION\",\"isPartOf\":{\"@id\":\"https:\\\/\\\/legsedition.net\\\/public\\\/#website\"},\"primaryImageOfPage\":{\"@id\":\"https:\\\/\\\/legsedition.net\\\/public\\\/ombre-ensoleillee-suivi-de-splendeur\\\/#primaryimage\"},\"image\":{\"@id\":\"https:\\\/\\\/legsedition.net\\\/public\\\/ombre-ensoleillee-suivi-de-splendeur\\\/#primaryimage\"},\"thumbnailUrl\":\"https:\\\/\\\/legsedition.net\\\/public\\\/wp-content\\\/uploads\\\/2017\\\/12\\\/Ombre-ensoleillee-Face.jpg\",\"datePublished\":\"2018-05-13T21:45:42+00:00\",\"dateModified\":\"2026-04-05T11:01:26+00:00\",\"breadcrumb\":{\"@id\":\"https:\\\/\\\/legsedition.net\\\/public\\\/ombre-ensoleillee-suivi-de-splendeur\\\/#breadcrumb\"},\"inLanguage\":\"fr-FR\",\"potentialAction\":[{\"@type\":\"ReadAction\",\"target\":[\"https:\\\/\\\/legsedition.net\\\/public\\\/ombre-ensoleillee-suivi-de-splendeur\\\/\"]}]},{\"@type\":\"ImageObject\",\"inLanguage\":\"fr-FR\",\"@id\":\"https:\\\/\\\/legsedition.net\\\/public\\\/ombre-ensoleillee-suivi-de-splendeur\\\/#primaryimage\",\"url\":\"https:\\\/\\\/legsedition.net\\\/public\\\/wp-content\\\/uploads\\\/2017\\\/12\\\/Ombre-ensoleillee-Face.jpg\",\"contentUrl\":\"https:\\\/\\\/legsedition.net\\\/public\\\/wp-content\\\/uploads\\\/2017\\\/12\\\/Ombre-ensoleillee-Face.jpg\",\"width\":466,\"height\":760},{\"@type\":\"BreadcrumbList\",\"@id\":\"https:\\\/\\\/legsedition.net\\\/public\\\/ombre-ensoleillee-suivi-de-splendeur\\\/#breadcrumb\",\"itemListElement\":[{\"@type\":\"ListItem\",\"position\":1,\"name\":\"Home\",\"item\":\"https:\\\/\\\/legsedition.net\\\/public\\\/\"},{\"@type\":\"ListItem\",\"position\":2,\"name\":\"Ombre ensoleill\u00e9e suivi de Splendeur\"}]},{\"@type\":\"WebSite\",\"@id\":\"https:\\\/\\\/legsedition.net\\\/public\\\/#website\",\"url\":\"https:\\\/\\\/legsedition.net\\\/public\\\/\",\"name\":\"LEGS &Eacute;DITION\",\"description\":\"\",\"potentialAction\":[{\"@type\":\"SearchAction\",\"target\":{\"@type\":\"EntryPoint\",\"urlTemplate\":\"https:\\\/\\\/legsedition.net\\\/public\\\/?s={search_term_string}\"},\"query-input\":{\"@type\":\"PropertyValueSpecification\",\"valueRequired\":true,\"valueName\":\"search_term_string\"}}],\"inLanguage\":\"fr-FR\"}]}<\/script>\n<!-- \/ Yoast SEO plugin. -->","yoast_head_json":{"title":"Ombre ensoleill\u00e9e suivi de Splendeur | LEGS &Eacute;DITION","robots":{"index":"index","follow":"follow","max-snippet":"max-snippet:-1","max-image-preview":"max-image-preview:large","max-video-preview":"max-video-preview:-1"},"canonical":"https:\/\/legsedition.net\/public\/ombre-ensoleillee-suivi-de-splendeur\/","og_locale":"fr_FR","og_type":"article","og_title":"Ombre ensoleill\u00e9e suivi de Splendeur | LEGS &Eacute;DITION","og_description":"Titre : Ombre ensoleill\u00e9e suivi de Splendeur Auteur : Janine Tavernier Collection : Voix F\u00e9minines Parution : 17 octobre 2014 ISBN : 978\u00ad-99970\u00ad80\u00ad-49-\u00ad3 | Commander ICI Prix :\u00a0\u00a0 12.85 USD Ainsi, cinquante ans apr\u00e8s sa parution, nous voguons tou-jours au...","og_url":"https:\/\/legsedition.net\/public\/ombre-ensoleillee-suivi-de-splendeur\/","og_site_name":"LEGS &Eacute;DITION","article_publisher":"https:\/\/web.facebook.com\/LegsEtLitterature\/","article_modified_time":"2026-04-05T11:01:26+00:00","og_image":[{"width":466,"height":760,"url":"https:\/\/legsedition.net\/public\/wp-content\/uploads\/2017\/12\/Ombre-ensoleillee-Face.jpg","type":"image\/jpeg"}],"twitter_card":"summary_large_image","twitter_misc":{"Dur\u00e9e de lecture estim\u00e9e":"3 minutes"},"schema":{"@context":"https:\/\/schema.org","@graph":[{"@type":"WebPage","@id":"https:\/\/legsedition.net\/public\/ombre-ensoleillee-suivi-de-splendeur\/","url":"https:\/\/legsedition.net\/public\/ombre-ensoleillee-suivi-de-splendeur\/","name":"Ombre ensoleill\u00e9e suivi de Splendeur | LEGS &Eacute;DITION","isPartOf":{"@id":"https:\/\/legsedition.net\/public\/#website"},"primaryImageOfPage":{"@id":"https:\/\/legsedition.net\/public\/ombre-ensoleillee-suivi-de-splendeur\/#primaryimage"},"image":{"@id":"https:\/\/legsedition.net\/public\/ombre-ensoleillee-suivi-de-splendeur\/#primaryimage"},"thumbnailUrl":"https:\/\/legsedition.net\/public\/wp-content\/uploads\/2017\/12\/Ombre-ensoleillee-Face.jpg","datePublished":"2018-05-13T21:45:42+00:00","dateModified":"2026-04-05T11:01:26+00:00","breadcrumb":{"@id":"https:\/\/legsedition.net\/public\/ombre-ensoleillee-suivi-de-splendeur\/#breadcrumb"},"inLanguage":"fr-FR","potentialAction":[{"@type":"ReadAction","target":["https:\/\/legsedition.net\/public\/ombre-ensoleillee-suivi-de-splendeur\/"]}]},{"@type":"ImageObject","inLanguage":"fr-FR","@id":"https:\/\/legsedition.net\/public\/ombre-ensoleillee-suivi-de-splendeur\/#primaryimage","url":"https:\/\/legsedition.net\/public\/wp-content\/uploads\/2017\/12\/Ombre-ensoleillee-Face.jpg","contentUrl":"https:\/\/legsedition.net\/public\/wp-content\/uploads\/2017\/12\/Ombre-ensoleillee-Face.jpg","width":466,"height":760},{"@type":"BreadcrumbList","@id":"https:\/\/legsedition.net\/public\/ombre-ensoleillee-suivi-de-splendeur\/#breadcrumb","itemListElement":[{"@type":"ListItem","position":1,"name":"Home","item":"https:\/\/legsedition.net\/public\/"},{"@type":"ListItem","position":2,"name":"Ombre ensoleill\u00e9e suivi de Splendeur"}]},{"@type":"WebSite","@id":"https:\/\/legsedition.net\/public\/#website","url":"https:\/\/legsedition.net\/public\/","name":"LEGS &Eacute;DITION","description":"","potentialAction":[{"@type":"SearchAction","target":{"@type":"EntryPoint","urlTemplate":"https:\/\/legsedition.net\/public\/?s={search_term_string}"},"query-input":{"@type":"PropertyValueSpecification","valueRequired":true,"valueName":"search_term_string"}}],"inLanguage":"fr-FR"}]}},"_links":{"self":[{"href":"https:\/\/legsedition.net\/public\/wp-json\/wp\/v2\/pages\/1584","targetHints":{"allow":["GET"]}}],"collection":[{"href":"https:\/\/legsedition.net\/public\/wp-json\/wp\/v2\/pages"}],"about":[{"href":"https:\/\/legsedition.net\/public\/wp-json\/wp\/v2\/types\/page"}],"author":[{"embeddable":true,"href":"https:\/\/legsedition.net\/public\/wp-json\/wp\/v2\/users\/2"}],"replies":[{"embeddable":true,"href":"https:\/\/legsedition.net\/public\/wp-json\/wp\/v2\/comments?post=1584"}],"version-history":[{"count":10,"href":"https:\/\/legsedition.net\/public\/wp-json\/wp\/v2\/pages\/1584\/revisions"}],"predecessor-version":[{"id":9434,"href":"https:\/\/legsedition.net\/public\/wp-json\/wp\/v2\/pages\/1584\/revisions\/9434"}],"wp:featuredmedia":[{"embeddable":true,"href":"https:\/\/legsedition.net\/public\/wp-json\/wp\/v2\/media\/136"}],"wp:attachment":[{"href":"https:\/\/legsedition.net\/public\/wp-json\/wp\/v2\/media?parent=1584"}],"curies":[{"name":"wp","href":"https:\/\/api.w.org\/{rel}","templated":true}]}}