{"id":1590,"date":"2018-05-13T21:54:44","date_gmt":"2018-05-13T21:54:44","guid":{"rendered":"http:\/\/legsedition.net\/public\/?page_id=1590"},"modified":"2026-02-22T07:32:46","modified_gmt":"2026-02-22T07:32:46","slug":"50-livres-haitiens-cultes-quil-faut-avoir-lus-dans-sa-vie","status":"publish","type":"page","link":"https:\/\/legsedition.net\/public\/50-livres-haitiens-cultes-quil-faut-avoir-lus-dans-sa-vie\/","title":{"rendered":"50 livres ha\u00eftiens cultes qu&rsquo;il faut avoir lus dans sa vie"},"content":{"rendered":"<p><strong><a href=\"https:\/\/legsedition.net\/public\/wp-content\/uploads\/2021\/07\/Cover_50-livres.png\"><img fetchpriority=\"high\" decoding=\"async\" class=\"alignleft wp-image-4062 \" src=\"https:\/\/legsedition.net\/public\/wp-content\/uploads\/2021\/07\/Cover_50-livres.png\" alt=\"\" width=\"203\" height=\"305\" srcset=\"https:\/\/legsedition.net\/public\/wp-content\/uploads\/2021\/07\/Cover_50-livres.png 302w, https:\/\/legsedition.net\/public\/wp-content\/uploads\/2021\/07\/Cover_50-livres-200x300.png 200w, https:\/\/legsedition.net\/public\/wp-content\/uploads\/2021\/07\/Cover_50-livres-106x160.png 106w\" sizes=\"(max-width: 203px) 100vw, 203px\" \/><\/a>Auteur : <\/strong><a href=\"https:\/\/legsedition.net\/public\/webert-charles\/\">W\u00e9bert Charles<\/a>, <a href=\"https:\/\/legsedition.net\/public\/mirline-pierre\/\">Mirline Pierre<\/a>, <a href=\"https:\/\/legsedition.net\/public\/dieulermesson-petit-frere\/\">Dieulermesson Petit Frere<\/a><\/p>\n<p><strong>Titre :\u00a0<\/strong><em>50 livres ha\u00eftiens cultes qu&rsquo;il faut avoir lus dans sa vie<\/em><\/p>\n<p><strong>Collection :<\/strong> <a href=\"https:\/\/legsedition.net\/public\/collection-critique\/\" target=\"_blank\" rel=\"noopener\">Critique<\/a><\/p>\n<p><strong>Parution :\u00a0 \u00a0<\/strong>11 Mai 2014<\/p>\n<p><strong>ISBN :<\/strong> 978\u00ad-14995-24-72-7 | <a href=\"https:\/\/www.amazon.com\/livres-ha%C3%AFtiens-cultes-avoir-French\/dp\/1499524722\/ref=sr_1_1?crid=17YU5DCCQXI9D&amp;dib=eyJ2IjoiMSJ9.gHVxWwCPlBf0Yuhl7XzRjA.iDVKeXOIZDAcBB8a_k61hNi0jJI2pswjvU36pRexg2k&amp;dib_tag=se&amp;keywords=50+livres+ha%C3%AFtiens+cultes+qu%27il+faut+avoir+lus+dans+sa+vie&amp;nsdOptOutParam=true&amp;qid=1771425217&amp;sprefix=50+livres+ha%C3%AFtiens+cultes+qu%27il+faut+avoir+lus+dans+sa+vie%2Caps%2C287&amp;sr=8-1\" target=\"_blank\" rel=\"noopener\">Commander ICI<\/a><\/p>\n<p><strong>Prix :\u00a0 \u00a0<\/strong>15 USD<\/p>\n<p>1804-2014\u00a0: voil\u00e0 d\u00e9j\u00e0 210 ans de productions litt\u00e9raires en Ha\u00efti. Deux si\u00e8cles d\u2019une riche production. Avec des textes de grande valeur. De haute port\u00e9e. En deux si\u00e8cles, la litt\u00e9rature aura mis tout le quotidien d\u2019Ha\u00efti dans le prisme de l\u2019imaginaire. Difficile de \u00a0r\u00e9pertorier en l\u2019espace d\u2019un cillement l\u2019ensemble de cette floraison d\u2019\u0153uvres dispers\u00e9es \u00e7\u00e0 et l\u00e0 sur le globe. Une litt\u00e9rature travers\u00e9e par des th\u00e9matiques vari\u00e9es, les unes plus profondes que les autres.<\/p>\n<p style=\"text-align: justify;\"><span class=\"fontstyle0\">Avez\u00ad-vous d\u00e9j\u00e0 lu <\/span><em><span class=\"fontstyle2\">Dezafi <\/span><\/em><span class=\"fontstyle0\">? <\/span><em><span class=\"fontstyle2\">Bon Dieu rit <\/span><\/em><span class=\"fontstyle0\">? Que raconte le premier roman de la litt\u00e9rature ha\u00eftienne ? Quelles relations existe-\u00adt-\u00adil entre l\u2019univers romanesque de Jacques Roumain et celui de P\u00e9tion Savain ? Quels sont les plus beaux romans paysans de la litt\u00e9rature ha\u00eftienne ? Comment Jean\u00ad Price-Mars aborde-\u00adt-\u00adil le folklore, l\u2019art ha\u00eftien et la litt\u00e9rature ha\u00eftienne ? Que doit la litt\u00e9rature aux mythes ?\u00a0<\/span><em><span class=\"fontstyle2\">50 livres ha\u00eftiens cultes qu\u2019il faut avoir lus dans sa vie <\/span><\/em><span class=\"fontstyle0\">est un livre plein de livres. Des livres lus et approuv\u00e9s\u2026<\/span><\/p>\n<p style=\"text-align: justify;\"><em>50 livres ha\u00eftiens cultes qu\u2019il faut avoir lus dans sa vie<\/em> doit nous permettre de prendre le pouls de la production litt\u00e9raire ha\u00eftienne \u00e0 travers diff\u00e9rents genres et des \u0153uvres majeures allant des premiers temps de la cr\u00e9ation jusqu\u2019\u00e0 l\u2019\u00e9poque contemporaine. Une vue panoramique de la production litt\u00e9raire de 1859 (date de la publication de <em>Stella<\/em>), jusqu\u2019\u00e0 2013 sans aucun souci de classer les \u0153uvres. Ce livre se veut un guide d\u2019orientation autant pour les jeunes lecteurs que pour les grands passionn\u00e9s, amants, amateurs et consommateurs de litt\u00e9rature ha\u00eftienne. Il se donne pour t\u00e2che de piquer leur curiosit\u00e9 et leur donner des envies de lecture.<\/p>\n<p style=\"text-align: justify;\">Ce livre donne une vue panoramique de la production litt\u00e9raire ha\u00eftienne de 1859 (date de la publication de <em>Stella<\/em>, le premier roman ha\u00eftien) jusqu\u2019\u00e0 2013. Un v\u00e9ritable guide d\u2019orientation pour les jeunes lecteurs, passionn\u00e9s et amants des lettres ha\u00eftiennes.<\/p>\n<p style=\"text-align: right;\"><strong>Les auteurs<\/strong><\/p>\n<p><strong>Lire un extrait : <\/strong><\/p>\n<div class=\"_3d-flip-book  fb3d-fullscreen-mode full-size\" data-id=\"0\" data-mode=\"fullscreen\" data-title=\"false\" data-template=\"short-white-book-view\" data-lightbox=\"dark-shadow\" data-urlparam=\"fb3d-page\" data-page-n=\"0\" data-pdf=\"https:\/\/legsedition.net\/public\/wp-content\/uploads\/2026\/02\/Extrait-Web-50-livres-haitiens-cultes.pdf\" data-tax=\"null\" data-thumbnail=\"\" data-cols=\"3\" data-book-template=\"default\" data-trigger=\"\"><\/div>\n<p><strong>\u00c0 propos des auteurs : <\/strong><\/p>\n<p style=\"text-align: justify;\">W\u00e9bert Charles est \u00e9conomiste. Dipl\u00f4m\u00e9 en Management culturel de l\u2019Universit\u00e9 Ouagadougou II (Burkina Faso), po\u00e8te et nouvelliste, il a d\u00e9j\u00e0 publi\u00e9 trois recueils de po\u00e8mes.<\/p>\n<p style=\"text-align: justify;\">Mirline Pierre est certifi\u00e9e \u00e8s Lettres Modernes de l\u2019\u00c9cole Normale Sup\u00e9rieure. Elle pr\u00e9pare un master en Philosophie et critiques contemporaines de la culture \u00e0 l\u2019Universit\u00e9 Paris 8.<\/p>\n<p style=\"text-align: justify;\">Dieulermesson Petit Fr\u00e8re est ma\u00eetre \u00e8s Lettres de l\u2019Universit\u00e9 des Antilles et de la Guyane. Po\u00e8te et critique litt\u00e9raire, il a d\u00e9j\u00e0 publi\u00e9 deux recueils de po\u00e8mes.<\/p>\n<hr \/>\n<p><strong>Dans la presse :<\/strong><\/p>\n<p>Peguy C. Pierre,\u00a0<a href=\"https:\/\/lenouvelliste.com\/article\/132200\/50-livres-haitiens-cultes-selon-legs-edition\" target=\"_blank\" rel=\"noopener\">50 livres ha\u00eftiens cultes selon Legs Edition<\/a>, 10 juin 2014.<\/p>\n","protected":false},"excerpt":{"rendered":"<p>Auteur : W\u00e9bert Charles, Mirline Pierre, Dieulermesson Petit Frere Titre :\u00a050 livres ha\u00eftiens cultes qu&rsquo;il faut avoir lus dans sa vie Collection : Critique Parution :\u00a0 \u00a011 Mai 2014 ISBN : 978\u00ad-14995-24-72-7 | Commander ICI Prix :\u00a0 \u00a015 USD 1804-2014\u00a0:&#8230;<\/p>\n","protected":false},"author":2,"featured_media":4062,"parent":0,"menu_order":0,"comment_status":"closed","ping_status":"closed","template":"","meta":{"footnotes":""},"class_list":["post-1590","page","type-page","status-publish","has-post-thumbnail","hentry"],"yoast_head":"<!-- This site is optimized with the Yoast SEO plugin v27.3 - https:\/\/yoast.com\/product\/yoast-seo-wordpress\/ -->\n<title>50 livres ha\u00eftiens cultes qu&#039;il faut avoir lus dans sa vie | LEGS &Eacute;DITION<\/title>\n<meta name=\"robots\" content=\"index, follow, max-snippet:-1, max-image-preview:large, max-video-preview:-1\" \/>\n<link rel=\"canonical\" href=\"https:\/\/legsedition.net\/public\/50-livres-haitiens-cultes-quil-faut-avoir-lus-dans-sa-vie\/\" \/>\n<meta property=\"og:locale\" content=\"fr_FR\" \/>\n<meta property=\"og:type\" content=\"article\" \/>\n<meta property=\"og:title\" content=\"50 livres ha\u00eftiens cultes qu&#039;il faut avoir lus dans sa vie | LEGS &Eacute;DITION\" \/>\n<meta property=\"og:description\" content=\"Auteur : W\u00e9bert Charles, Mirline Pierre, Dieulermesson Petit Frere Titre :\u00a050 livres ha\u00eftiens cultes qu&rsquo;il faut avoir lus dans sa vie Collection : Critique Parution :\u00a0 \u00a011 Mai 2014 ISBN : 978\u00ad-14995-24-72-7 | Commander ICI Prix :\u00a0 \u00a015 USD 1804-2014\u00a0:...\" \/>\n<meta property=\"og:url\" content=\"https:\/\/legsedition.net\/public\/50-livres-haitiens-cultes-quil-faut-avoir-lus-dans-sa-vie\/\" \/>\n<meta property=\"og:site_name\" content=\"LEGS &Eacute;DITION\" \/>\n<meta property=\"article:publisher\" content=\"https:\/\/web.facebook.com\/LegsEtLitterature\/\" \/>\n<meta property=\"article:modified_time\" content=\"2026-02-22T07:32:46+00:00\" \/>\n<meta property=\"og:image\" content=\"https:\/\/legsedition.net\/public\/wp-content\/uploads\/2021\/07\/Cover_50-livres.png\" \/>\n\t<meta property=\"og:image:width\" content=\"302\" \/>\n\t<meta property=\"og:image:height\" content=\"454\" \/>\n\t<meta property=\"og:image:type\" content=\"image\/png\" \/>\n<meta name=\"twitter:card\" content=\"summary_large_image\" \/>\n<meta name=\"twitter:label1\" content=\"Dur\u00e9e de lecture estim\u00e9e\" \/>\n\t<meta name=\"twitter:data1\" content=\"3 minutes\" \/>\n<script type=\"application\/ld+json\" class=\"yoast-schema-graph\">{\"@context\":\"https:\\\/\\\/schema.org\",\"@graph\":[{\"@type\":\"WebPage\",\"@id\":\"https:\\\/\\\/legsedition.net\\\/public\\\/50-livres-haitiens-cultes-quil-faut-avoir-lus-dans-sa-vie\\\/\",\"url\":\"https:\\\/\\\/legsedition.net\\\/public\\\/50-livres-haitiens-cultes-quil-faut-avoir-lus-dans-sa-vie\\\/\",\"name\":\"50 livres ha\u00eftiens cultes qu'il faut avoir lus dans sa vie | LEGS &Eacute;DITION\",\"isPartOf\":{\"@id\":\"https:\\\/\\\/legsedition.net\\\/public\\\/#website\"},\"primaryImageOfPage\":{\"@id\":\"https:\\\/\\\/legsedition.net\\\/public\\\/50-livres-haitiens-cultes-quil-faut-avoir-lus-dans-sa-vie\\\/#primaryimage\"},\"image\":{\"@id\":\"https:\\\/\\\/legsedition.net\\\/public\\\/50-livres-haitiens-cultes-quil-faut-avoir-lus-dans-sa-vie\\\/#primaryimage\"},\"thumbnailUrl\":\"https:\\\/\\\/legsedition.net\\\/public\\\/wp-content\\\/uploads\\\/2021\\\/07\\\/Cover_50-livres.png\",\"datePublished\":\"2018-05-13T21:54:44+00:00\",\"dateModified\":\"2026-02-22T07:32:46+00:00\",\"breadcrumb\":{\"@id\":\"https:\\\/\\\/legsedition.net\\\/public\\\/50-livres-haitiens-cultes-quil-faut-avoir-lus-dans-sa-vie\\\/#breadcrumb\"},\"inLanguage\":\"fr-FR\",\"potentialAction\":[{\"@type\":\"ReadAction\",\"target\":[\"https:\\\/\\\/legsedition.net\\\/public\\\/50-livres-haitiens-cultes-quil-faut-avoir-lus-dans-sa-vie\\\/\"]}]},{\"@type\":\"ImageObject\",\"inLanguage\":\"fr-FR\",\"@id\":\"https:\\\/\\\/legsedition.net\\\/public\\\/50-livres-haitiens-cultes-quil-faut-avoir-lus-dans-sa-vie\\\/#primaryimage\",\"url\":\"https:\\\/\\\/legsedition.net\\\/public\\\/wp-content\\\/uploads\\\/2021\\\/07\\\/Cover_50-livres.png\",\"contentUrl\":\"https:\\\/\\\/legsedition.net\\\/public\\\/wp-content\\\/uploads\\\/2021\\\/07\\\/Cover_50-livres.png\",\"width\":302,\"height\":454},{\"@type\":\"BreadcrumbList\",\"@id\":\"https:\\\/\\\/legsedition.net\\\/public\\\/50-livres-haitiens-cultes-quil-faut-avoir-lus-dans-sa-vie\\\/#breadcrumb\",\"itemListElement\":[{\"@type\":\"ListItem\",\"position\":1,\"name\":\"Home\",\"item\":\"https:\\\/\\\/legsedition.net\\\/public\\\/\"},{\"@type\":\"ListItem\",\"position\":2,\"name\":\"50 livres ha\u00eftiens cultes qu&rsquo;il faut avoir lus dans sa vie\"}]},{\"@type\":\"WebSite\",\"@id\":\"https:\\\/\\\/legsedition.net\\\/public\\\/#website\",\"url\":\"https:\\\/\\\/legsedition.net\\\/public\\\/\",\"name\":\"LEGS &Eacute;DITION\",\"description\":\"\",\"potentialAction\":[{\"@type\":\"SearchAction\",\"target\":{\"@type\":\"EntryPoint\",\"urlTemplate\":\"https:\\\/\\\/legsedition.net\\\/public\\\/?s={search_term_string}\"},\"query-input\":{\"@type\":\"PropertyValueSpecification\",\"valueRequired\":true,\"valueName\":\"search_term_string\"}}],\"inLanguage\":\"fr-FR\"}]}<\/script>\n<!-- \/ Yoast SEO plugin. -->","yoast_head_json":{"title":"50 livres ha\u00eftiens cultes qu'il faut avoir lus dans sa vie | LEGS &Eacute;DITION","robots":{"index":"index","follow":"follow","max-snippet":"max-snippet:-1","max-image-preview":"max-image-preview:large","max-video-preview":"max-video-preview:-1"},"canonical":"https:\/\/legsedition.net\/public\/50-livres-haitiens-cultes-quil-faut-avoir-lus-dans-sa-vie\/","og_locale":"fr_FR","og_type":"article","og_title":"50 livres ha\u00eftiens cultes qu'il faut avoir lus dans sa vie | LEGS &Eacute;DITION","og_description":"Auteur : W\u00e9bert Charles, Mirline Pierre, Dieulermesson Petit Frere Titre :\u00a050 livres ha\u00eftiens cultes qu&rsquo;il faut avoir lus dans sa vie Collection : Critique Parution :\u00a0 \u00a011 Mai 2014 ISBN : 978\u00ad-14995-24-72-7 | Commander ICI Prix :\u00a0 \u00a015 USD 1804-2014\u00a0:...","og_url":"https:\/\/legsedition.net\/public\/50-livres-haitiens-cultes-quil-faut-avoir-lus-dans-sa-vie\/","og_site_name":"LEGS &Eacute;DITION","article_publisher":"https:\/\/web.facebook.com\/LegsEtLitterature\/","article_modified_time":"2026-02-22T07:32:46+00:00","og_image":[{"width":302,"height":454,"url":"https:\/\/legsedition.net\/public\/wp-content\/uploads\/2021\/07\/Cover_50-livres.png","type":"image\/png"}],"twitter_card":"summary_large_image","twitter_misc":{"Dur\u00e9e de lecture estim\u00e9e":"3 minutes"},"schema":{"@context":"https:\/\/schema.org","@graph":[{"@type":"WebPage","@id":"https:\/\/legsedition.net\/public\/50-livres-haitiens-cultes-quil-faut-avoir-lus-dans-sa-vie\/","url":"https:\/\/legsedition.net\/public\/50-livres-haitiens-cultes-quil-faut-avoir-lus-dans-sa-vie\/","name":"50 livres ha\u00eftiens cultes qu'il faut avoir lus dans sa vie | LEGS &Eacute;DITION","isPartOf":{"@id":"https:\/\/legsedition.net\/public\/#website"},"primaryImageOfPage":{"@id":"https:\/\/legsedition.net\/public\/50-livres-haitiens-cultes-quil-faut-avoir-lus-dans-sa-vie\/#primaryimage"},"image":{"@id":"https:\/\/legsedition.net\/public\/50-livres-haitiens-cultes-quil-faut-avoir-lus-dans-sa-vie\/#primaryimage"},"thumbnailUrl":"https:\/\/legsedition.net\/public\/wp-content\/uploads\/2021\/07\/Cover_50-livres.png","datePublished":"2018-05-13T21:54:44+00:00","dateModified":"2026-02-22T07:32:46+00:00","breadcrumb":{"@id":"https:\/\/legsedition.net\/public\/50-livres-haitiens-cultes-quil-faut-avoir-lus-dans-sa-vie\/#breadcrumb"},"inLanguage":"fr-FR","potentialAction":[{"@type":"ReadAction","target":["https:\/\/legsedition.net\/public\/50-livres-haitiens-cultes-quil-faut-avoir-lus-dans-sa-vie\/"]}]},{"@type":"ImageObject","inLanguage":"fr-FR","@id":"https:\/\/legsedition.net\/public\/50-livres-haitiens-cultes-quil-faut-avoir-lus-dans-sa-vie\/#primaryimage","url":"https:\/\/legsedition.net\/public\/wp-content\/uploads\/2021\/07\/Cover_50-livres.png","contentUrl":"https:\/\/legsedition.net\/public\/wp-content\/uploads\/2021\/07\/Cover_50-livres.png","width":302,"height":454},{"@type":"BreadcrumbList","@id":"https:\/\/legsedition.net\/public\/50-livres-haitiens-cultes-quil-faut-avoir-lus-dans-sa-vie\/#breadcrumb","itemListElement":[{"@type":"ListItem","position":1,"name":"Home","item":"https:\/\/legsedition.net\/public\/"},{"@type":"ListItem","position":2,"name":"50 livres ha\u00eftiens cultes qu&rsquo;il faut avoir lus dans sa vie"}]},{"@type":"WebSite","@id":"https:\/\/legsedition.net\/public\/#website","url":"https:\/\/legsedition.net\/public\/","name":"LEGS &Eacute;DITION","description":"","potentialAction":[{"@type":"SearchAction","target":{"@type":"EntryPoint","urlTemplate":"https:\/\/legsedition.net\/public\/?s={search_term_string}"},"query-input":{"@type":"PropertyValueSpecification","valueRequired":true,"valueName":"search_term_string"}}],"inLanguage":"fr-FR"}]}},"_links":{"self":[{"href":"https:\/\/legsedition.net\/public\/wp-json\/wp\/v2\/pages\/1590","targetHints":{"allow":["GET"]}}],"collection":[{"href":"https:\/\/legsedition.net\/public\/wp-json\/wp\/v2\/pages"}],"about":[{"href":"https:\/\/legsedition.net\/public\/wp-json\/wp\/v2\/types\/page"}],"author":[{"embeddable":true,"href":"https:\/\/legsedition.net\/public\/wp-json\/wp\/v2\/users\/2"}],"replies":[{"embeddable":true,"href":"https:\/\/legsedition.net\/public\/wp-json\/wp\/v2\/comments?post=1590"}],"version-history":[{"count":15,"href":"https:\/\/legsedition.net\/public\/wp-json\/wp\/v2\/pages\/1590\/revisions"}],"predecessor-version":[{"id":9303,"href":"https:\/\/legsedition.net\/public\/wp-json\/wp\/v2\/pages\/1590\/revisions\/9303"}],"wp:featuredmedia":[{"embeddable":true,"href":"https:\/\/legsedition.net\/public\/wp-json\/wp\/v2\/media\/4062"}],"wp:attachment":[{"href":"https:\/\/legsedition.net\/public\/wp-json\/wp\/v2\/media?parent=1590"}],"curies":[{"name":"wp","href":"https:\/\/api.w.org\/{rel}","templated":true}]}}