{"id":1601,"date":"2018-05-13T22:06:56","date_gmt":"2018-05-13T22:06:56","guid":{"rendered":"http:\/\/legsedition.net\/public\/?page_id=1601"},"modified":"2026-02-01T07:11:11","modified_gmt":"2026-02-01T07:11:11","slug":"poesies-completes","status":"publish","type":"page","link":"https:\/\/legsedition.net\/public\/poesies-completes\/","title":{"rendered":"Po\u00e9sies compl\u00e8tes"},"content":{"rendered":"<p><strong><a href=\"https:\/\/legsedition.net\/public\/wp-content\/uploads\/2021\/07\/Screenshot-197.png\"><img fetchpriority=\"high\" decoding=\"async\" class=\"alignleft wp-image-4057 \" src=\"https:\/\/legsedition.net\/public\/wp-content\/uploads\/2021\/07\/Screenshot-197.png\" alt=\"\" width=\"224\" height=\"342\" srcset=\"https:\/\/legsedition.net\/public\/wp-content\/uploads\/2021\/07\/Screenshot-197.png 299w, https:\/\/legsedition.net\/public\/wp-content\/uploads\/2021\/07\/Screenshot-197-197x300.png 197w, https:\/\/legsedition.net\/public\/wp-content\/uploads\/2021\/07\/Screenshot-197-105x160.png 105w\" sizes=\"(max-width: 224px) 100vw, 224px\" \/><\/a>Auteur : <\/strong>Coriolan Ardouin<\/p>\n<p><strong>Titre :<\/strong> Po\u00e9sies compl\u00e8tes<\/p>\n<p><strong>Collection : <\/strong><a href=\"https:\/\/legsedition.net\/public\/collection-classique\/\" target=\"_blank\" rel=\"noopener\">Classique<\/a><\/p>\n<p><strong>Parution :\u00a0 <\/strong>29 Jan 2014<\/p>\n<p><strong>ISBN : <\/strong>978-1495309-23-6<\/p>\n<p><strong>Prix :\u00a0 \u00a0<\/strong>625 HTG ; 10 USD | <a href=\"https:\/\/www.amazon.com\/Po%C3%A9sies-compl%C3%A8tes-French-Coriolan-Ardouin\/dp\/9997071034\/ref=sr_1_1?crid=3E1HJMAYTYU8P&amp;dib=eyJ2IjoiMSJ9.69-GW4u9gGiL9kDqshgsfGWezQLrGECdr0JNNpRkg-0.BkmBaTSXQJ1Y_wyD1D7adcyfk5-Xb8cNFtQ8vWWg0EU&amp;dib_tag=se&amp;keywords=Po%C3%A9sies+compl%C3%A8tes+ardouin&amp;qid=1769929837&amp;sprefix=po%C3%A9sies+compl%C3%A8tes+ardoui%2Caps%2C203&amp;sr=8-1\" target=\"_blank\" rel=\"noopener\">Commander ICI<\/a><\/p>\n<p style=\"text-align: justify;\">La premi\u00e8re publication des po\u00e8mes de Coriolan Ardouin date de 1837. C&rsquo;est \u00e0 titre posthume qu&rsquo;ils ont ete publies par les soins d&rsquo;Emile Nau sous le titre de <em>Reliques d&rsquo;un po\u00e8te ha\u00eftien. <\/em>L&rsquo;on notera que toute sa po\u00e9sie est travers\u00e9e par un souffle m\u00e9lancolique, car toute sa vie a \u00e9t\u00e9 jalonn\u00e9e de trag\u00e9die.<\/p>\n<p style=\"text-align: justify;\">Analysant, sa po\u00e9sie, le professeur et critique Eddy Arnold Jean a soulign\u00e9 que :<\/p>\n<blockquote>\n<p style=\"text-align: justify;\"><em>Ce qui rend vivante la po\u00e9sie d&rsquo;un Coriolan Ardouin, c&rsquo;est moins son attache au pass\u00e9 que le sens du partage qui porte le po\u00e8te \u00e0 se pencher sur le malheur des autres et \u00e0 d\u00e9noncer toutes les formes d&rsquo;aberration. \u00c0 cet \u00e9gard, Coriolan Ardouin, pass\u00e9 comme une com\u00e8te dans l&rsquo;histoire de la litt\u00e9rature ha\u00eftienne, a droit \u00e0 la reconnaissance de la post\u00e9rit\u00e9..<\/em><\/p>\n<\/blockquote>\n<p style=\"text-align: justify;\">\u00c2me infortun\u00e9e, po\u00e8te suicidaire, l\u2019\u0153uvre d\u2019Ardouin, tout comme sa vie, est un chant\/champ de ruines. C\u2019est une po\u00e9sie et une vie faites de pleurs, de lamentations et d\u2019angoisse. Jamais po\u00e8te n\u2019a autant souffert dans sa chair et son \u00e2me. \u00c0 lire ses po\u00e8mes, l\u2019on ne peut s\u2019emp\u00eacher de se plaindre sur son sort.<\/p>\n<hr \/>\n<p><strong>\u00c0\u00a0propos de l&rsquo;auteur<\/strong><\/p>\n<p style=\"text-align: justify;\">Coriolan Ardouin est n\u00e9 \u00e0 Port-au-Prince le 11 d\u00e9cembre 1812. Po\u00e8te r\u00e9cup\u00e9r\u00e9 par l\u2019\u00c9cole de 1836, il n\u2019a publi\u00e9 aucun recueil de po\u00e8mes. Ses textes ont paru dans des revues dont\u00a0<em>La revue des Colonies<\/em>,\u00a0<em>La Revue contemporaine<\/em>\u00a0et\u00a0<em>La Revue des Deux Mondes<\/em>. Il meurt en 1835 \u00e0 23 ans.\u00a0Deux ans apr\u00e8s sa mort, soit en 1837, \u00c9mile Nau rassemble ses po\u00e8mes qu\u2019il publie sous le titre de\u00a0<em>Reliques d\u2019un po\u00e8te ha\u00eftien<\/em>.<\/p>\n","protected":false},"excerpt":{"rendered":"<p>Auteur : Coriolan Ardouin Titre : Po\u00e9sies compl\u00e8tes Collection : Classique Parution :\u00a0 29 Jan 2014 ISBN : 978-1495309-23-6 Prix :\u00a0 \u00a0625 HTG ; 10 USD | Commander ICI La premi\u00e8re publication des po\u00e8mes de Coriolan Ardouin date de 1837&#8230;.<\/p>\n","protected":false},"author":2,"featured_media":0,"parent":0,"menu_order":0,"comment_status":"closed","ping_status":"closed","template":"","meta":{"footnotes":""},"class_list":["post-1601","page","type-page","status-publish","hentry","no-post-thumbnail"],"yoast_head":"<!-- This site is optimized with the Yoast SEO plugin v27.3 - https:\/\/yoast.com\/product\/yoast-seo-wordpress\/ -->\n<title>Po\u00e9sies compl\u00e8tes | LEGS &Eacute;DITION<\/title>\n<meta name=\"robots\" content=\"index, follow, max-snippet:-1, max-image-preview:large, max-video-preview:-1\" \/>\n<link rel=\"canonical\" href=\"https:\/\/legsedition.net\/public\/poesies-completes\/\" \/>\n<meta property=\"og:locale\" content=\"fr_FR\" \/>\n<meta property=\"og:type\" content=\"article\" \/>\n<meta property=\"og:title\" content=\"Po\u00e9sies compl\u00e8tes | LEGS &Eacute;DITION\" \/>\n<meta property=\"og:description\" content=\"Auteur : Coriolan Ardouin Titre : Po\u00e9sies compl\u00e8tes Collection : Classique Parution :\u00a0 29 Jan 2014 ISBN : 978-1495309-23-6 Prix :\u00a0 \u00a0625 HTG ; 10 USD | Commander ICI La premi\u00e8re publication des po\u00e8mes de Coriolan Ardouin date de 1837....\" \/>\n<meta property=\"og:url\" content=\"https:\/\/legsedition.net\/public\/poesies-completes\/\" \/>\n<meta property=\"og:site_name\" content=\"LEGS &Eacute;DITION\" \/>\n<meta property=\"article:publisher\" content=\"https:\/\/web.facebook.com\/LegsEtLitterature\/\" \/>\n<meta property=\"article:modified_time\" content=\"2026-02-01T07:11:11+00:00\" \/>\n<meta property=\"og:image\" content=\"https:\/\/legsedition.net\/public\/wp-content\/uploads\/2021\/07\/Screenshot-197.png\" \/>\n\t<meta property=\"og:image:width\" content=\"299\" \/>\n\t<meta property=\"og:image:height\" content=\"456\" \/>\n\t<meta property=\"og:image:type\" content=\"image\/png\" \/>\n<meta name=\"twitter:card\" content=\"summary_large_image\" \/>\n<meta name=\"twitter:label1\" content=\"Dur\u00e9e de lecture estim\u00e9e\" \/>\n\t<meta name=\"twitter:data1\" content=\"2 minutes\" \/>\n<script type=\"application\/ld+json\" class=\"yoast-schema-graph\">{\"@context\":\"https:\\\/\\\/schema.org\",\"@graph\":[{\"@type\":\"WebPage\",\"@id\":\"https:\\\/\\\/legsedition.net\\\/public\\\/poesies-completes\\\/\",\"url\":\"https:\\\/\\\/legsedition.net\\\/public\\\/poesies-completes\\\/\",\"name\":\"Po\u00e9sies compl\u00e8tes | LEGS &Eacute;DITION\",\"isPartOf\":{\"@id\":\"https:\\\/\\\/legsedition.net\\\/public\\\/#website\"},\"primaryImageOfPage\":{\"@id\":\"https:\\\/\\\/legsedition.net\\\/public\\\/poesies-completes\\\/#primaryimage\"},\"image\":{\"@id\":\"https:\\\/\\\/legsedition.net\\\/public\\\/poesies-completes\\\/#primaryimage\"},\"thumbnailUrl\":\"https:\\\/\\\/legsedition.net\\\/public\\\/wp-content\\\/uploads\\\/2021\\\/07\\\/Screenshot-197.png\",\"datePublished\":\"2018-05-13T22:06:56+00:00\",\"dateModified\":\"2026-02-01T07:11:11+00:00\",\"breadcrumb\":{\"@id\":\"https:\\\/\\\/legsedition.net\\\/public\\\/poesies-completes\\\/#breadcrumb\"},\"inLanguage\":\"fr-FR\",\"potentialAction\":[{\"@type\":\"ReadAction\",\"target\":[\"https:\\\/\\\/legsedition.net\\\/public\\\/poesies-completes\\\/\"]}]},{\"@type\":\"ImageObject\",\"inLanguage\":\"fr-FR\",\"@id\":\"https:\\\/\\\/legsedition.net\\\/public\\\/poesies-completes\\\/#primaryimage\",\"url\":\"https:\\\/\\\/legsedition.net\\\/public\\\/wp-content\\\/uploads\\\/2021\\\/07\\\/Screenshot-197.png\",\"contentUrl\":\"https:\\\/\\\/legsedition.net\\\/public\\\/wp-content\\\/uploads\\\/2021\\\/07\\\/Screenshot-197.png\",\"width\":299,\"height\":456},{\"@type\":\"BreadcrumbList\",\"@id\":\"https:\\\/\\\/legsedition.net\\\/public\\\/poesies-completes\\\/#breadcrumb\",\"itemListElement\":[{\"@type\":\"ListItem\",\"position\":1,\"name\":\"Home\",\"item\":\"https:\\\/\\\/legsedition.net\\\/public\\\/\"},{\"@type\":\"ListItem\",\"position\":2,\"name\":\"Po\u00e9sies compl\u00e8tes\"}]},{\"@type\":\"WebSite\",\"@id\":\"https:\\\/\\\/legsedition.net\\\/public\\\/#website\",\"url\":\"https:\\\/\\\/legsedition.net\\\/public\\\/\",\"name\":\"LEGS &Eacute;DITION\",\"description\":\"\",\"potentialAction\":[{\"@type\":\"SearchAction\",\"target\":{\"@type\":\"EntryPoint\",\"urlTemplate\":\"https:\\\/\\\/legsedition.net\\\/public\\\/?s={search_term_string}\"},\"query-input\":{\"@type\":\"PropertyValueSpecification\",\"valueRequired\":true,\"valueName\":\"search_term_string\"}}],\"inLanguage\":\"fr-FR\"}]}<\/script>\n<!-- \/ Yoast SEO plugin. -->","yoast_head_json":{"title":"Po\u00e9sies compl\u00e8tes | LEGS &Eacute;DITION","robots":{"index":"index","follow":"follow","max-snippet":"max-snippet:-1","max-image-preview":"max-image-preview:large","max-video-preview":"max-video-preview:-1"},"canonical":"https:\/\/legsedition.net\/public\/poesies-completes\/","og_locale":"fr_FR","og_type":"article","og_title":"Po\u00e9sies compl\u00e8tes | LEGS &Eacute;DITION","og_description":"Auteur : Coriolan Ardouin Titre : Po\u00e9sies compl\u00e8tes Collection : Classique Parution :\u00a0 29 Jan 2014 ISBN : 978-1495309-23-6 Prix :\u00a0 \u00a0625 HTG ; 10 USD | Commander ICI La premi\u00e8re publication des po\u00e8mes de Coriolan Ardouin date de 1837....","og_url":"https:\/\/legsedition.net\/public\/poesies-completes\/","og_site_name":"LEGS &Eacute;DITION","article_publisher":"https:\/\/web.facebook.com\/LegsEtLitterature\/","article_modified_time":"2026-02-01T07:11:11+00:00","og_image":[{"width":299,"height":456,"url":"https:\/\/legsedition.net\/public\/wp-content\/uploads\/2021\/07\/Screenshot-197.png","type":"image\/png"}],"twitter_card":"summary_large_image","twitter_misc":{"Dur\u00e9e de lecture estim\u00e9e":"2 minutes"},"schema":{"@context":"https:\/\/schema.org","@graph":[{"@type":"WebPage","@id":"https:\/\/legsedition.net\/public\/poesies-completes\/","url":"https:\/\/legsedition.net\/public\/poesies-completes\/","name":"Po\u00e9sies compl\u00e8tes | LEGS &Eacute;DITION","isPartOf":{"@id":"https:\/\/legsedition.net\/public\/#website"},"primaryImageOfPage":{"@id":"https:\/\/legsedition.net\/public\/poesies-completes\/#primaryimage"},"image":{"@id":"https:\/\/legsedition.net\/public\/poesies-completes\/#primaryimage"},"thumbnailUrl":"https:\/\/legsedition.net\/public\/wp-content\/uploads\/2021\/07\/Screenshot-197.png","datePublished":"2018-05-13T22:06:56+00:00","dateModified":"2026-02-01T07:11:11+00:00","breadcrumb":{"@id":"https:\/\/legsedition.net\/public\/poesies-completes\/#breadcrumb"},"inLanguage":"fr-FR","potentialAction":[{"@type":"ReadAction","target":["https:\/\/legsedition.net\/public\/poesies-completes\/"]}]},{"@type":"ImageObject","inLanguage":"fr-FR","@id":"https:\/\/legsedition.net\/public\/poesies-completes\/#primaryimage","url":"https:\/\/legsedition.net\/public\/wp-content\/uploads\/2021\/07\/Screenshot-197.png","contentUrl":"https:\/\/legsedition.net\/public\/wp-content\/uploads\/2021\/07\/Screenshot-197.png","width":299,"height":456},{"@type":"BreadcrumbList","@id":"https:\/\/legsedition.net\/public\/poesies-completes\/#breadcrumb","itemListElement":[{"@type":"ListItem","position":1,"name":"Home","item":"https:\/\/legsedition.net\/public\/"},{"@type":"ListItem","position":2,"name":"Po\u00e9sies compl\u00e8tes"}]},{"@type":"WebSite","@id":"https:\/\/legsedition.net\/public\/#website","url":"https:\/\/legsedition.net\/public\/","name":"LEGS &Eacute;DITION","description":"","potentialAction":[{"@type":"SearchAction","target":{"@type":"EntryPoint","urlTemplate":"https:\/\/legsedition.net\/public\/?s={search_term_string}"},"query-input":{"@type":"PropertyValueSpecification","valueRequired":true,"valueName":"search_term_string"}}],"inLanguage":"fr-FR"}]}},"_links":{"self":[{"href":"https:\/\/legsedition.net\/public\/wp-json\/wp\/v2\/pages\/1601","targetHints":{"allow":["GET"]}}],"collection":[{"href":"https:\/\/legsedition.net\/public\/wp-json\/wp\/v2\/pages"}],"about":[{"href":"https:\/\/legsedition.net\/public\/wp-json\/wp\/v2\/types\/page"}],"author":[{"embeddable":true,"href":"https:\/\/legsedition.net\/public\/wp-json\/wp\/v2\/users\/2"}],"replies":[{"embeddable":true,"href":"https:\/\/legsedition.net\/public\/wp-json\/wp\/v2\/comments?post=1601"}],"version-history":[{"count":8,"href":"https:\/\/legsedition.net\/public\/wp-json\/wp\/v2\/pages\/1601\/revisions"}],"predecessor-version":[{"id":9203,"href":"https:\/\/legsedition.net\/public\/wp-json\/wp\/v2\/pages\/1601\/revisions\/9203"}],"wp:attachment":[{"href":"https:\/\/legsedition.net\/public\/wp-json\/wp\/v2\/media?parent=1601"}],"curies":[{"name":"wp","href":"https:\/\/api.w.org\/{rel}","templated":true}]}}