{"id":1603,"date":"2018-05-13T22:11:23","date_gmt":"2018-05-13T22:11:23","guid":{"rendered":"http:\/\/legsedition.net\/public\/?page_id=1603"},"modified":"2026-02-01T07:10:05","modified_gmt":"2026-02-01T07:10:05","slug":"confidences-et-melancolies","status":"publish","type":"page","link":"https:\/\/legsedition.net\/public\/confidences-et-melancolies\/","title":{"rendered":"Confidences et M\u00e9lancolies"},"content":{"rendered":"<p><strong><a href=\"https:\/\/legsedition.net\/public\/wp-content\/uploads\/2022\/08\/Cover_Confidences-202x300.png\"><img fetchpriority=\"high\" decoding=\"async\" class=\"alignleft wp-image-4761 size-full\" src=\"https:\/\/legsedition.net\/public\/wp-content\/uploads\/2022\/08\/Cover_Confidences-202x300.png\" alt=\"\" width=\"202\" height=\"300\" srcset=\"https:\/\/legsedition.net\/public\/wp-content\/uploads\/2022\/08\/Cover_Confidences-202x300.png 202w, https:\/\/legsedition.net\/public\/wp-content\/uploads\/2022\/08\/Cover_Confidences-202x300-108x160.png 108w\" sizes=\"(max-width: 202px) 100vw, 202px\" \/><\/a>Auteur : <\/strong>Georges Sylvain<\/p>\n<p><strong>Titre : <\/strong>Confidences et m\u00e9lancolies (notes et commentaires de Dieulermesson Petit Fr\u00e8re)<\/p>\n<p><strong>Collection : <\/strong><a href=\"https:\/\/legsedition.net\/public\/collection-classique\/\" target=\"_blank\" rel=\"noopener\">Classique<\/a><\/p>\n<p><strong>Parution : <\/strong>20 Jan 2014<\/p>\n<p><strong>ISBN : <\/strong>978-14952-71-80-9<\/p>\n<p><strong>Prix :\u00a0 \u00a0<\/strong>10 USD | <a href=\"https:\/\/www.amazon.com\/Confidences-M%C3%A9lancolies-direction-W%C3%A9bert-Charles\/dp\/1495271803\/ref=sr_1_1?crid=3LFHZAXEDL78K&amp;dib=eyJ2IjoiMSJ9.yg411H7_H3BpqfKrsDaAmOrnJ2yXVqmCJl6HmALZzvzhglRZVJeqBMZsCM5I2HFzs7HbtNJXBfJjxlR6_ScV-g.FEgBXGA1r1VranCylUPLkxhC9bxkpGBRZguw5QIOtTE&amp;dib_tag=se&amp;keywords=Confidences+et+M%C3%A9lancolies&amp;qid=1769929772&amp;sprefix=confidences+et+m%C3%A9lancolies%2Caps%2C217&amp;sr=8-1\" target=\"_blank\" rel=\"noopener\">Commander ICI<\/a><\/p>\n<p style=\"text-align: justify;\">Plus d\u2019un si\u00e8cle nous s\u00e9pare de la premi\u00e8re \u00e9dition des<em> Confidences et m\u00e9lancolies<\/em>. Toutefois, les po\u00e8mes gardent encore toute leur beaut\u00e9. Le titre du recueil \u00e9voque, \u00e0 premi\u00e8re vue, une invitation. Invitation au silence et \u00e0 se laisser p\u00e9n\u00e9trer par les \u00e9motions qui traversent l\u2019\u0153uvre. Il met en \u00e9vidence l\u2019une de ses caract\u00e9ristiques essentielles \u00e0 savoir une conscience qui se d\u00e9voile.<\/p>\n<p style=\"text-align: justify;\">[&#8230;]<\/p>\n<p style=\"text-align: justify;\">Toute l\u2019inspiration de Sylvain, son \u00e9nergie et sa vigueur se trouvent r\u00e9unies dans ce recueil. Du symbolisme de sa jeunesse jusqu\u2019\u00e0 ses ann\u00e9es tendres dans le froid glacial de Paris et ses r\u00eaves les plus fous ou m\u00eame consolants dans ses temps de solitude. [&#8230;] Sylvain est un po\u00e8te engag\u00e9. Cet engagement s\u2019exprime non seulement \u00e0 travers les positions qu\u2019il a prises contre l\u2019occupation am\u00e9ricaine au lendemain du 28 juillet 1915 mais \u00e9galement dans les conf\u00e9rences et les textes qu\u2019il a produits. A partir de cette date, il se voit investi d\u2019une mission. D\u00e9fendre la terre natale contre l\u2019oppression et l\u2019avilissement des forces \u00e9trang\u00e8re. En plus de prendre la d\u00e9fense des opprim\u00e9s, des exil\u00e9s et des laisser pour compte. La lecture de certains textes de <em>Confidences et M\u00e9lancolies<\/em> peut bien en t\u00e9moigner.<\/p>\n<hr \/>\n<p><strong>\u00c0\u00a0propos de l&rsquo;auteur :\u00a0<\/strong><\/p>\n<p style=\"text-align: justify;\">Po\u00e8te, essayiste, diplomate et homme politique, Georges Sylvain na\u00eet le 2 avril 1865 \u00e0 Puerto-Plata en R\u00e9publique dominicaine. Il fait ses \u00e9tudes chez les fr\u00e8res de l\u2019Instruction Chr\u00e9tienne de Port-de-Paix, fr\u00e9quente ensuite le Petit S\u00e9minaire Coll\u00e8ge Saint-Martial de Port-au-Prince et le Coll\u00e8ge Stanislas de Paris.\u00a0Auteur d\u2019un unique recueil de po\u00e8mes,\u00a0<em>Confidences et M\u00e9lancolies,\u00a0<\/em>publi\u00e9 en 1902, et d&rsquo;un recueil de fables en cr\u00e9ole, <em>Cric-Crac,\u00a0<\/em>adaptation des\u00a0<em>Fables<\/em>\u00a0de La Fontaine,\u00a0et trois essais. Il meurt le 2 ao\u00fbt 1925 \u00e0 Port-au-Prince<\/p>\n\n\n<p><\/p>\n","protected":false},"excerpt":{"rendered":"<p>Auteur : Georges Sylvain Titre : Confidences et m\u00e9lancolies (notes et commentaires de Dieulermesson Petit Fr\u00e8re) Collection : Classique Parution : 20 Jan 2014 ISBN : 978-14952-71-80-9 Prix :\u00a0 \u00a010 USD | Commander ICI Plus d\u2019un si\u00e8cle nous s\u00e9pare de&#8230;<\/p>\n","protected":false},"author":2,"featured_media":4761,"parent":0,"menu_order":0,"comment_status":"closed","ping_status":"closed","template":"","meta":{"footnotes":""},"class_list":["post-1603","page","type-page","status-publish","has-post-thumbnail","hentry"],"yoast_head":"<!-- This site is optimized with the Yoast SEO plugin v27.3 - https:\/\/yoast.com\/product\/yoast-seo-wordpress\/ -->\n<title>Confidences et M\u00e9lancolies | LEGS &Eacute;DITION<\/title>\n<meta name=\"robots\" content=\"index, follow, max-snippet:-1, max-image-preview:large, max-video-preview:-1\" \/>\n<link rel=\"canonical\" href=\"https:\/\/legsedition.net\/public\/confidences-et-melancolies\/\" \/>\n<meta property=\"og:locale\" content=\"fr_FR\" \/>\n<meta property=\"og:type\" content=\"article\" \/>\n<meta property=\"og:title\" content=\"Confidences et M\u00e9lancolies | LEGS &Eacute;DITION\" \/>\n<meta property=\"og:description\" content=\"Auteur : Georges Sylvain Titre : Confidences et m\u00e9lancolies (notes et commentaires de Dieulermesson Petit Fr\u00e8re) Collection : Classique Parution : 20 Jan 2014 ISBN : 978-14952-71-80-9 Prix :\u00a0 \u00a010 USD | Commander ICI Plus d\u2019un si\u00e8cle nous s\u00e9pare de...\" \/>\n<meta property=\"og:url\" content=\"https:\/\/legsedition.net\/public\/confidences-et-melancolies\/\" \/>\n<meta property=\"og:site_name\" content=\"LEGS &Eacute;DITION\" \/>\n<meta property=\"article:publisher\" content=\"https:\/\/web.facebook.com\/LegsEtLitterature\/\" \/>\n<meta property=\"article:modified_time\" content=\"2026-02-01T07:10:05+00:00\" \/>\n<meta property=\"og:image\" content=\"https:\/\/legsedition.net\/public\/wp-content\/uploads\/2022\/08\/Cover_Confidences-202x300.png\" \/>\n\t<meta property=\"og:image:width\" content=\"202\" \/>\n\t<meta property=\"og:image:height\" content=\"300\" \/>\n\t<meta property=\"og:image:type\" content=\"image\/png\" \/>\n<meta name=\"twitter:card\" content=\"summary_large_image\" \/>\n<meta name=\"twitter:label1\" content=\"Dur\u00e9e de lecture estim\u00e9e\" \/>\n\t<meta name=\"twitter:data1\" content=\"2 minutes\" \/>\n<script type=\"application\/ld+json\" class=\"yoast-schema-graph\">{\"@context\":\"https:\\\/\\\/schema.org\",\"@graph\":[{\"@type\":\"WebPage\",\"@id\":\"https:\\\/\\\/legsedition.net\\\/public\\\/confidences-et-melancolies\\\/\",\"url\":\"https:\\\/\\\/legsedition.net\\\/public\\\/confidences-et-melancolies\\\/\",\"name\":\"Confidences et M\u00e9lancolies | LEGS &Eacute;DITION\",\"isPartOf\":{\"@id\":\"https:\\\/\\\/legsedition.net\\\/public\\\/#website\"},\"primaryImageOfPage\":{\"@id\":\"https:\\\/\\\/legsedition.net\\\/public\\\/confidences-et-melancolies\\\/#primaryimage\"},\"image\":{\"@id\":\"https:\\\/\\\/legsedition.net\\\/public\\\/confidences-et-melancolies\\\/#primaryimage\"},\"thumbnailUrl\":\"https:\\\/\\\/legsedition.net\\\/public\\\/wp-content\\\/uploads\\\/2022\\\/08\\\/Cover_Confidences-202x300.png\",\"datePublished\":\"2018-05-13T22:11:23+00:00\",\"dateModified\":\"2026-02-01T07:10:05+00:00\",\"breadcrumb\":{\"@id\":\"https:\\\/\\\/legsedition.net\\\/public\\\/confidences-et-melancolies\\\/#breadcrumb\"},\"inLanguage\":\"fr-FR\",\"potentialAction\":[{\"@type\":\"ReadAction\",\"target\":[\"https:\\\/\\\/legsedition.net\\\/public\\\/confidences-et-melancolies\\\/\"]}]},{\"@type\":\"ImageObject\",\"inLanguage\":\"fr-FR\",\"@id\":\"https:\\\/\\\/legsedition.net\\\/public\\\/confidences-et-melancolies\\\/#primaryimage\",\"url\":\"https:\\\/\\\/legsedition.net\\\/public\\\/wp-content\\\/uploads\\\/2022\\\/08\\\/Cover_Confidences-202x300.png\",\"contentUrl\":\"https:\\\/\\\/legsedition.net\\\/public\\\/wp-content\\\/uploads\\\/2022\\\/08\\\/Cover_Confidences-202x300.png\",\"width\":202,\"height\":300},{\"@type\":\"BreadcrumbList\",\"@id\":\"https:\\\/\\\/legsedition.net\\\/public\\\/confidences-et-melancolies\\\/#breadcrumb\",\"itemListElement\":[{\"@type\":\"ListItem\",\"position\":1,\"name\":\"Home\",\"item\":\"https:\\\/\\\/legsedition.net\\\/public\\\/\"},{\"@type\":\"ListItem\",\"position\":2,\"name\":\"Confidences et M\u00e9lancolies\"}]},{\"@type\":\"WebSite\",\"@id\":\"https:\\\/\\\/legsedition.net\\\/public\\\/#website\",\"url\":\"https:\\\/\\\/legsedition.net\\\/public\\\/\",\"name\":\"LEGS &Eacute;DITION\",\"description\":\"\",\"potentialAction\":[{\"@type\":\"SearchAction\",\"target\":{\"@type\":\"EntryPoint\",\"urlTemplate\":\"https:\\\/\\\/legsedition.net\\\/public\\\/?s={search_term_string}\"},\"query-input\":{\"@type\":\"PropertyValueSpecification\",\"valueRequired\":true,\"valueName\":\"search_term_string\"}}],\"inLanguage\":\"fr-FR\"}]}<\/script>\n<!-- \/ Yoast SEO plugin. -->","yoast_head_json":{"title":"Confidences et M\u00e9lancolies | LEGS &Eacute;DITION","robots":{"index":"index","follow":"follow","max-snippet":"max-snippet:-1","max-image-preview":"max-image-preview:large","max-video-preview":"max-video-preview:-1"},"canonical":"https:\/\/legsedition.net\/public\/confidences-et-melancolies\/","og_locale":"fr_FR","og_type":"article","og_title":"Confidences et M\u00e9lancolies | LEGS &Eacute;DITION","og_description":"Auteur : Georges Sylvain Titre : Confidences et m\u00e9lancolies (notes et commentaires de Dieulermesson Petit Fr\u00e8re) Collection : Classique Parution : 20 Jan 2014 ISBN : 978-14952-71-80-9 Prix :\u00a0 \u00a010 USD | Commander ICI Plus d\u2019un si\u00e8cle nous s\u00e9pare de...","og_url":"https:\/\/legsedition.net\/public\/confidences-et-melancolies\/","og_site_name":"LEGS &Eacute;DITION","article_publisher":"https:\/\/web.facebook.com\/LegsEtLitterature\/","article_modified_time":"2026-02-01T07:10:05+00:00","og_image":[{"width":202,"height":300,"url":"https:\/\/legsedition.net\/public\/wp-content\/uploads\/2022\/08\/Cover_Confidences-202x300.png","type":"image\/png"}],"twitter_card":"summary_large_image","twitter_misc":{"Dur\u00e9e de lecture estim\u00e9e":"2 minutes"},"schema":{"@context":"https:\/\/schema.org","@graph":[{"@type":"WebPage","@id":"https:\/\/legsedition.net\/public\/confidences-et-melancolies\/","url":"https:\/\/legsedition.net\/public\/confidences-et-melancolies\/","name":"Confidences et M\u00e9lancolies | LEGS &Eacute;DITION","isPartOf":{"@id":"https:\/\/legsedition.net\/public\/#website"},"primaryImageOfPage":{"@id":"https:\/\/legsedition.net\/public\/confidences-et-melancolies\/#primaryimage"},"image":{"@id":"https:\/\/legsedition.net\/public\/confidences-et-melancolies\/#primaryimage"},"thumbnailUrl":"https:\/\/legsedition.net\/public\/wp-content\/uploads\/2022\/08\/Cover_Confidences-202x300.png","datePublished":"2018-05-13T22:11:23+00:00","dateModified":"2026-02-01T07:10:05+00:00","breadcrumb":{"@id":"https:\/\/legsedition.net\/public\/confidences-et-melancolies\/#breadcrumb"},"inLanguage":"fr-FR","potentialAction":[{"@type":"ReadAction","target":["https:\/\/legsedition.net\/public\/confidences-et-melancolies\/"]}]},{"@type":"ImageObject","inLanguage":"fr-FR","@id":"https:\/\/legsedition.net\/public\/confidences-et-melancolies\/#primaryimage","url":"https:\/\/legsedition.net\/public\/wp-content\/uploads\/2022\/08\/Cover_Confidences-202x300.png","contentUrl":"https:\/\/legsedition.net\/public\/wp-content\/uploads\/2022\/08\/Cover_Confidences-202x300.png","width":202,"height":300},{"@type":"BreadcrumbList","@id":"https:\/\/legsedition.net\/public\/confidences-et-melancolies\/#breadcrumb","itemListElement":[{"@type":"ListItem","position":1,"name":"Home","item":"https:\/\/legsedition.net\/public\/"},{"@type":"ListItem","position":2,"name":"Confidences et M\u00e9lancolies"}]},{"@type":"WebSite","@id":"https:\/\/legsedition.net\/public\/#website","url":"https:\/\/legsedition.net\/public\/","name":"LEGS &Eacute;DITION","description":"","potentialAction":[{"@type":"SearchAction","target":{"@type":"EntryPoint","urlTemplate":"https:\/\/legsedition.net\/public\/?s={search_term_string}"},"query-input":{"@type":"PropertyValueSpecification","valueRequired":true,"valueName":"search_term_string"}}],"inLanguage":"fr-FR"}]}},"_links":{"self":[{"href":"https:\/\/legsedition.net\/public\/wp-json\/wp\/v2\/pages\/1603","targetHints":{"allow":["GET"]}}],"collection":[{"href":"https:\/\/legsedition.net\/public\/wp-json\/wp\/v2\/pages"}],"about":[{"href":"https:\/\/legsedition.net\/public\/wp-json\/wp\/v2\/types\/page"}],"author":[{"embeddable":true,"href":"https:\/\/legsedition.net\/public\/wp-json\/wp\/v2\/users\/2"}],"replies":[{"embeddable":true,"href":"https:\/\/legsedition.net\/public\/wp-json\/wp\/v2\/comments?post=1603"}],"version-history":[{"count":6,"href":"https:\/\/legsedition.net\/public\/wp-json\/wp\/v2\/pages\/1603\/revisions"}],"predecessor-version":[{"id":9202,"href":"https:\/\/legsedition.net\/public\/wp-json\/wp\/v2\/pages\/1603\/revisions\/9202"}],"wp:featuredmedia":[{"embeddable":true,"href":"https:\/\/legsedition.net\/public\/wp-json\/wp\/v2\/media\/4761"}],"wp:attachment":[{"href":"https:\/\/legsedition.net\/public\/wp-json\/wp\/v2\/media?parent=1603"}],"curies":[{"name":"wp","href":"https:\/\/api.w.org\/{rel}","templated":true}]}}