{"id":1655,"date":"2018-06-07T17:49:44","date_gmt":"2018-06-07T17:49:44","guid":{"rendered":"http:\/\/legsedition.net\/public\/?page_id=1655"},"modified":"2026-04-24T20:29:30","modified_gmt":"2026-04-24T20:29:30","slug":"identites-races-et-couleurs","status":"publish","type":"page","link":"https:\/\/legsedition.net\/public\/identites-races-et-couleurs\/","title":{"rendered":"Identit\u00e9s, Races et Couleurs"},"content":{"rendered":"<p><a href=\"http:\/\/legsedition.net\/public\/wp-content\/uploads\/2018\/01\/cover_legs_11_1.png\"><img fetchpriority=\"high\" decoding=\"async\" class=\"alignleft wp-image-1405 \" src=\"https:\/\/legsedition.net\/public\/wp-content\/uploads\/2018\/01\/cover_legs_11_1.png\" alt=\"\" width=\"244\" height=\"381\" srcset=\"https:\/\/legsedition.net\/public\/wp-content\/uploads\/2018\/01\/cover_legs_11_1.png 318w, https:\/\/legsedition.net\/public\/wp-content\/uploads\/2018\/01\/cover_legs_11_1-192x300.png 192w, https:\/\/legsedition.net\/public\/wp-content\/uploads\/2018\/01\/cover_legs_11_1-103x160.png 103w\" sizes=\"(max-width: 244px) 100vw, 244px\" \/><\/a><\/p>\n<p><strong>Auteur<\/strong> : Collectif (Sous la direction de Carolyn Shread, Mirline Pierre et Dieulermesson Petit Fr\u00e8re)<\/p>\n<p><strong>Titre<\/strong> : <em>Identit<\/em><em>\u00e9s, Races et Couleurs. Legs et Litt\u00e9rature<\/em> n<sup>o<\/sup> 11<\/p>\n<p><strong>Illustration<\/strong> : Jhonny Jean (Festival Arts Galerie)<\/p>\n<p><strong>ISBN<\/strong> : 978-99970-86-30-3<\/p>\n<p><strong>Parution<\/strong> : 29 mai 2018<\/p>\n<p><strong>Prix<\/strong>\u00a0: 1 150 HTG ; 18 USD<\/p>\n<p style=\"text-align: justify;\">Les notions des identit\u00e9s, identifications, de races et de cultures sont au c\u0153ur des r\u00e9flexions des\u00a0 litt\u00e9ratures postcoloniales. Identit\u00e9s et cultures \u00e9tant des entit\u00e9s instables, des ph\u00e9nom\u00e8nes complexes, dont les usages \u2013qu\u2019ils soient symboliques ou pratiques\u2013 feront toujours l\u2019objet de cat\u00e9gories id\u00e9ologiques particuli\u00e8res. Le corps noir, par exemple, est \u00e0 un carrefour de son histoire o\u00f9 il est \u00e0 la fois objet et sujet de repr\u00e9sentations, de contre-repr\u00e9sentation\u00a0; il ne cesse de s\u2019inventer ou de se r\u00e9-inventer \u00e0 travers de nouvelles s\u00e9miotiques ou de rationalit\u00e9s fictionnelles porteuses de nouvelles d\u00e9colonialit\u00e9s des repr\u00e9sentations racistes et assujettissantes. S\u2019il s\u2019invente, c\u2019est parce que la \u00ab\u00a0noirceur\u00a0\u00bb tout comme la \u00ab\u00a0blancheur\u00a0\u00bb des corps sont des masques sociaux visant \u00e0 naturaliser la domination (Matthieu Renault).<\/p>\n<p style=\"text-align: justify;\">Du corps\u00a0 noir connect\u00e9 au corps saisi dans sa positionalit\u00e9<sup><a href=\"#_ftn1\" name=\"_ftnref1\">[1]<\/a>)<\/sup>, atlantique ou dans cosmopolitisme. La corpor\u00e9it\u00e9 noire ne s\u2019enferme pas dans les sch\u00e8mes de repr\u00e9sentation racisant parce qu\u2019elle les d\u00e9fait par la contre-\u00ab fa\u00e7on \u00bb (dans le sens de \u00ab faire \u00bb contre) et en \u00e9laborant son propre contre-discours, parce que, comme tout corps, le corps noir est toujours d\u00e9j\u00e0 pris dans les rets de pouvoir \u2014tant le pouvoir colonial raciste que le pouvoir postcolonial reproduisant les formes d\u2019assignation du premier \u2014 les formes de r\u00e9sistance s\u2019organisent depuis ces derniers. Ainsi, en plus de s\u2019int\u00e9resser \u00e0 ces anciennes formes d\u2019assignation des corps et des nouvelles formes, des identit\u00e9s autant que des minorit\u00e9s, ce num\u00e9ro entend explorer les anciennes formes de r\u00e9sistance desdits corps soit sous forme d\u2019esth\u00e9tisation, de dissidence, de contre-\u00e9criture par l\u2019interm\u00e9diaire des litt\u00e9ratures et des arts particuli\u00e8rement.<\/p>\n<p>[\u2026]<\/p>\n<p>Comment h\u00e9rite-t-on du capital \u00e9pidermique ou de son corps ? Comment \u00ab sauver sa peau \u00bb<sup><a href=\"#_ftn1\" name=\"_ftnref1\">[2]<\/a><\/sup>) de ses h\u00e9ritages complexes et ambigu\u00ebs ? Comment porter\/supporter son corps lorsqu\u2019il\u00a0 est d\u00e9j\u00e0 ab\u00eem\u00e9 par certains \u00ab sch\u00e8mes de repr\u00e9sentations \u00bb d\u00e9gradants et qu\u2019en est-il lorsqu\u2019on est fatigu\u00e9 d\u2019\u00eatre r\u00e9duit \u00e0 son \u00e9piderme ? Que faire de ces \u00ab m\u00e9moires souffrantes \u00bb<sup><a href=\"#_ftn2\" name=\"_ftnref2\">[3]<\/a><\/sup>) qui affectent l\u2019\u00e9panouissement et le devenir heureux des anciens corps esclavagis\u00e9s ? Peut-on \u00eatre fatigu\u00e9 d\u2019\u00eatre \u00ab soi \u00bb sans se fatiguer de son corps, plus pr\u00e9cis\u00e9ment de son \u00e9piderme, parce que tout \u00ab soi \u00bb se constitue quelque part par l\u2019interm\u00e9diaire d\u2019un certain rapport \u00e0 son propre corps ? O\u00f9 se situent les fronti\u00e8res entre les identit\u00e9s nationales, les migrants et l\u2019h\u00e9ritage du racisme postcolonial\u00a0? Peut-on envisager une d\u00e9construction de la notion de la race en dehors des repr\u00e9sentations et sch\u00e8mes structurants de la colonialit\u00e9\u00a0?<\/p>\n<p><a href=\"#_ftnref1\" name=\"_ftn1\"><\/a><\/p>\n<p>Par ce num\u00e9ro,\u00a0<em>Legs et Litt\u00e9rature<\/em>\u00a0entend cr\u00e9er les conditions de penser et de panser les exp\u00e9riences douloureuses de l\u2019\u00e9piderme, des minorit\u00e9s et d\u2019ouvrir des pistes de recherche pour d\u00e9nicher les lieux de r\u00e9sistance et d\u2019\u00e9mancipation du corps, des identit\u00e9s.<\/p>\n<p><strong><span class=\"a-text-bold\">\u00c0\u00a0<\/span><span class=\"a-text-bold\">propos des directeurs du num\u00e9ro :<\/span><\/strong><\/p>\n<p>Carolyn Shread Docteure en \u00c9tudes fran\u00e7aises et francophones de l\u2019Umass Amherst, Carolyn Shread est professeure de Fran\u00e7ais et de Litt\u00e9rature francophone \u00e0 Mount Holyoke College et de Traductologie \u00e0 Smith College. Traductrice de la philosophe Catherine Malabou et de Marie Vieux-Chauvet (<span class=\"a-text-italic\"><em>Les rapaces<\/em>)<\/span>, elle collabore \u00e0 plusieurs revues dont\u00a0<span class=\"a-text-italic\"><em>Palimpsestes<\/em>, et <em>Traduction, Terminologie, r\u00e9daction<\/em>.<\/span><\/p>\n<p>Certifi\u00e9e \u00e8s Lettres Modernes de l\u2019\u00c9cole Normale Sup\u00e9rieure, Mirline Pierre d\u00e9tient une ma\u00eetrise en didactique des langues de l\u2019Universit\u00e9 des Antilles. Elle enseigne la litt\u00e9rature au secondaire et est formatrice \u00e0 l\u2019Institut fran\u00e7ais en Ha\u00efti.<\/p>\n<p>Dieulermesson Petit Fr\u00e8re d\u00e9tient un master 2 en litt\u00e9ratures de l\u2019Universit\u00e9 Clermont Auvergne et est ma\u00eetre \u00e8s Lettres de l\u2019Universit\u00e9 des Antilles et de la Guyane. Po\u00e8te et critique litt\u00e9raire, il a d\u00e9j\u00e0 publi\u00e9 deux recueils de po\u00e8mes et enseigne l\u2019Analyse du discours \u00e0 l\u2019universit\u00e9 de Port-au-Prince.<\/p>\n<p>______<\/p>\n<p>Pour lire l&rsquo;\u00e9ditorial, <a href=\"https:\/\/legsedition.net\/public\/2018\/07\/25\/editorial-les-caraibes-et-ses-logiques-coloristes-race-racisme-et-formes-de-resistance\/\" target=\"_blank\" rel=\"noopener\">CLIQUER ICI<\/a><\/p>\n<p>&#8212;<\/p>\n<p><strong>notes :\u00a0<\/strong><\/p>\n<p><a href=\"#_ftnref1\" name=\"_ftn1\">[1]<\/a> Sarah Fila Bakabadio, \u00ab Photographie et g\u00e9ographie corporelle de l\u2019Atlantique noir \u00bb, <em>Blackness<\/em>, in, <em>Politique africaine<\/em>, n\u00b0 136, 2014, pp. 21-40, p. 22.<\/p>\n<p><a href=\"#_ftnref1\" name=\"_ftn1\">[2]<\/a> Seloua Luste Boulbina, <em>L\u2019Afrique et ses fant\u00f4mes. \u00c9crire l\u2019Apr\u00e8s<\/em>, Paris, 2015, p. 21.<\/p>\n<p><a href=\"#_ftnref2\" name=\"_ftn2\">[3]<\/a> Edlyn Dorismond, <em>L\u2019\u00e8re du m\u00e9tissage<\/em>, Paris, Anibwe, 2013, p. 198.<\/p>\n<hr \/>\n<p><strong>Dans la presse :\u00a0<\/strong><\/p>\n<p>W\u00e9bert Lahens,\u00a0<a href=\"https:\/\/lenouvelliste.com\/public\/article\/192475\/identites-races-et-couleurs\" target=\"_blank\" rel=\"noopener\">Identit\u00e9s, races et couleurs<\/a>, <em>Le Nouvelliste,\u00a0<\/em>12 septembre 2018.<\/p>\n<p>Carl-Henri Pierre,\u00a0<a href=\"https:\/\/lunion.ht\/2018\/09\/13\/revue-legs-et-litterature-identites-races-et-couleurs\/\" target=\"_blank\" rel=\"noopener\">Revue\u00a0<em>Legs et Litt\u00e9rature<\/em>: Identit\u00e9s, races et couleurs<\/a>, <em>L\u2019Union,\u00a0<\/em>13 septembre 2018.<\/p>\n<div class=\"apss-social-share apss-theme-1 clearfix\">\n<div class=\"apss-facebook apss-single-icon\"><\/div>\n<\/div>\n","protected":false},"excerpt":{"rendered":"<p>Auteur : Collectif (Sous la direction de Carolyn Shread, Mirline Pierre et Dieulermesson Petit Fr\u00e8re) Titre : Identit\u00e9s, Races et Couleurs. Legs et Litt\u00e9rature no 11 Illustration : Jhonny Jean (Festival Arts Galerie) ISBN : 978-99970-86-30-3 Parution : 29 mai&#8230;<\/p>\n","protected":false},"author":2,"featured_media":1405,"parent":0,"menu_order":0,"comment_status":"closed","ping_status":"closed","template":"","meta":{"footnotes":""},"class_list":["post-1655","page","type-page","status-publish","has-post-thumbnail","hentry"],"yoast_head":"<!-- This site is optimized with the Yoast SEO plugin v27.5 - https:\/\/yoast.com\/product\/yoast-seo-wordpress\/ -->\n<title>Identit\u00e9s, Races et Couleurs | LEGS &Eacute;DITION<\/title>\n<meta name=\"robots\" content=\"index, follow, max-snippet:-1, max-image-preview:large, max-video-preview:-1\" \/>\n<link rel=\"canonical\" href=\"https:\/\/legsedition.net\/public\/identites-races-et-couleurs\/\" \/>\n<meta property=\"og:locale\" content=\"fr_FR\" \/>\n<meta property=\"og:type\" content=\"article\" \/>\n<meta property=\"og:title\" content=\"Identit\u00e9s, Races et Couleurs | LEGS &Eacute;DITION\" \/>\n<meta property=\"og:description\" content=\"Auteur : Collectif (Sous la direction de Carolyn Shread, Mirline Pierre et Dieulermesson Petit Fr\u00e8re) Titre : Identit\u00e9s, Races et Couleurs. Legs et Litt\u00e9rature no 11 Illustration : Jhonny Jean (Festival Arts Galerie) ISBN : 978-99970-86-30-3 Parution : 29 mai...\" \/>\n<meta property=\"og:url\" content=\"https:\/\/legsedition.net\/public\/identites-races-et-couleurs\/\" \/>\n<meta property=\"og:site_name\" content=\"LEGS &Eacute;DITION\" \/>\n<meta property=\"article:publisher\" content=\"https:\/\/web.facebook.com\/LegsEtLitterature\/\" \/>\n<meta property=\"article:modified_time\" content=\"2026-04-24T20:29:30+00:00\" \/>\n<meta property=\"og:image\" content=\"https:\/\/legsedition.net\/public\/wp-content\/uploads\/2018\/01\/cover_legs_11_1.png\" \/>\n\t<meta property=\"og:image:width\" content=\"318\" \/>\n\t<meta property=\"og:image:height\" content=\"496\" \/>\n\t<meta property=\"og:image:type\" content=\"image\/png\" \/>\n<meta name=\"twitter:card\" content=\"summary_large_image\" \/>\n<meta name=\"twitter:label1\" content=\"Dur\u00e9e de lecture estim\u00e9e\" \/>\n\t<meta name=\"twitter:data1\" content=\"4 minutes\" \/>\n<script type=\"application\/ld+json\" class=\"yoast-schema-graph\">{\"@context\":\"https:\\\/\\\/schema.org\",\"@graph\":[{\"@type\":\"WebPage\",\"@id\":\"https:\\\/\\\/legsedition.net\\\/public\\\/identites-races-et-couleurs\\\/\",\"url\":\"https:\\\/\\\/legsedition.net\\\/public\\\/identites-races-et-couleurs\\\/\",\"name\":\"Identit\u00e9s, Races et Couleurs | LEGS &Eacute;DITION\",\"isPartOf\":{\"@id\":\"https:\\\/\\\/legsedition.net\\\/public\\\/#website\"},\"primaryImageOfPage\":{\"@id\":\"https:\\\/\\\/legsedition.net\\\/public\\\/identites-races-et-couleurs\\\/#primaryimage\"},\"image\":{\"@id\":\"https:\\\/\\\/legsedition.net\\\/public\\\/identites-races-et-couleurs\\\/#primaryimage\"},\"thumbnailUrl\":\"https:\\\/\\\/legsedition.net\\\/public\\\/wp-content\\\/uploads\\\/2018\\\/01\\\/cover_legs_11_1.png\",\"datePublished\":\"2018-06-07T17:49:44+00:00\",\"dateModified\":\"2026-04-24T20:29:30+00:00\",\"breadcrumb\":{\"@id\":\"https:\\\/\\\/legsedition.net\\\/public\\\/identites-races-et-couleurs\\\/#breadcrumb\"},\"inLanguage\":\"fr-FR\",\"potentialAction\":[{\"@type\":\"ReadAction\",\"target\":[\"https:\\\/\\\/legsedition.net\\\/public\\\/identites-races-et-couleurs\\\/\"]}]},{\"@type\":\"ImageObject\",\"inLanguage\":\"fr-FR\",\"@id\":\"https:\\\/\\\/legsedition.net\\\/public\\\/identites-races-et-couleurs\\\/#primaryimage\",\"url\":\"https:\\\/\\\/legsedition.net\\\/public\\\/wp-content\\\/uploads\\\/2018\\\/01\\\/cover_legs_11_1.png\",\"contentUrl\":\"https:\\\/\\\/legsedition.net\\\/public\\\/wp-content\\\/uploads\\\/2018\\\/01\\\/cover_legs_11_1.png\",\"width\":318,\"height\":496},{\"@type\":\"BreadcrumbList\",\"@id\":\"https:\\\/\\\/legsedition.net\\\/public\\\/identites-races-et-couleurs\\\/#breadcrumb\",\"itemListElement\":[{\"@type\":\"ListItem\",\"position\":1,\"name\":\"Home\",\"item\":\"https:\\\/\\\/legsedition.net\\\/public\\\/\"},{\"@type\":\"ListItem\",\"position\":2,\"name\":\"Identit\u00e9s, Races et Couleurs\"}]},{\"@type\":\"WebSite\",\"@id\":\"https:\\\/\\\/legsedition.net\\\/public\\\/#website\",\"url\":\"https:\\\/\\\/legsedition.net\\\/public\\\/\",\"name\":\"LEGS &Eacute;DITION\",\"description\":\"\",\"potentialAction\":[{\"@type\":\"SearchAction\",\"target\":{\"@type\":\"EntryPoint\",\"urlTemplate\":\"https:\\\/\\\/legsedition.net\\\/public\\\/?s={search_term_string}\"},\"query-input\":{\"@type\":\"PropertyValueSpecification\",\"valueRequired\":true,\"valueName\":\"search_term_string\"}}],\"inLanguage\":\"fr-FR\"}]}<\/script>\n<!-- \/ Yoast SEO plugin. -->","yoast_head_json":{"title":"Identit\u00e9s, Races et Couleurs | LEGS &Eacute;DITION","robots":{"index":"index","follow":"follow","max-snippet":"max-snippet:-1","max-image-preview":"max-image-preview:large","max-video-preview":"max-video-preview:-1"},"canonical":"https:\/\/legsedition.net\/public\/identites-races-et-couleurs\/","og_locale":"fr_FR","og_type":"article","og_title":"Identit\u00e9s, Races et Couleurs | LEGS &Eacute;DITION","og_description":"Auteur : Collectif (Sous la direction de Carolyn Shread, Mirline Pierre et Dieulermesson Petit Fr\u00e8re) Titre : Identit\u00e9s, Races et Couleurs. Legs et Litt\u00e9rature no 11 Illustration : Jhonny Jean (Festival Arts Galerie) ISBN : 978-99970-86-30-3 Parution : 29 mai...","og_url":"https:\/\/legsedition.net\/public\/identites-races-et-couleurs\/","og_site_name":"LEGS &Eacute;DITION","article_publisher":"https:\/\/web.facebook.com\/LegsEtLitterature\/","article_modified_time":"2026-04-24T20:29:30+00:00","og_image":[{"width":318,"height":496,"url":"https:\/\/legsedition.net\/public\/wp-content\/uploads\/2018\/01\/cover_legs_11_1.png","type":"image\/png"}],"twitter_card":"summary_large_image","twitter_misc":{"Dur\u00e9e de lecture estim\u00e9e":"4 minutes"},"schema":{"@context":"https:\/\/schema.org","@graph":[{"@type":"WebPage","@id":"https:\/\/legsedition.net\/public\/identites-races-et-couleurs\/","url":"https:\/\/legsedition.net\/public\/identites-races-et-couleurs\/","name":"Identit\u00e9s, Races et Couleurs | LEGS &Eacute;DITION","isPartOf":{"@id":"https:\/\/legsedition.net\/public\/#website"},"primaryImageOfPage":{"@id":"https:\/\/legsedition.net\/public\/identites-races-et-couleurs\/#primaryimage"},"image":{"@id":"https:\/\/legsedition.net\/public\/identites-races-et-couleurs\/#primaryimage"},"thumbnailUrl":"https:\/\/legsedition.net\/public\/wp-content\/uploads\/2018\/01\/cover_legs_11_1.png","datePublished":"2018-06-07T17:49:44+00:00","dateModified":"2026-04-24T20:29:30+00:00","breadcrumb":{"@id":"https:\/\/legsedition.net\/public\/identites-races-et-couleurs\/#breadcrumb"},"inLanguage":"fr-FR","potentialAction":[{"@type":"ReadAction","target":["https:\/\/legsedition.net\/public\/identites-races-et-couleurs\/"]}]},{"@type":"ImageObject","inLanguage":"fr-FR","@id":"https:\/\/legsedition.net\/public\/identites-races-et-couleurs\/#primaryimage","url":"https:\/\/legsedition.net\/public\/wp-content\/uploads\/2018\/01\/cover_legs_11_1.png","contentUrl":"https:\/\/legsedition.net\/public\/wp-content\/uploads\/2018\/01\/cover_legs_11_1.png","width":318,"height":496},{"@type":"BreadcrumbList","@id":"https:\/\/legsedition.net\/public\/identites-races-et-couleurs\/#breadcrumb","itemListElement":[{"@type":"ListItem","position":1,"name":"Home","item":"https:\/\/legsedition.net\/public\/"},{"@type":"ListItem","position":2,"name":"Identit\u00e9s, Races et Couleurs"}]},{"@type":"WebSite","@id":"https:\/\/legsedition.net\/public\/#website","url":"https:\/\/legsedition.net\/public\/","name":"LEGS &Eacute;DITION","description":"","potentialAction":[{"@type":"SearchAction","target":{"@type":"EntryPoint","urlTemplate":"https:\/\/legsedition.net\/public\/?s={search_term_string}"},"query-input":{"@type":"PropertyValueSpecification","valueRequired":true,"valueName":"search_term_string"}}],"inLanguage":"fr-FR"}]}},"_links":{"self":[{"href":"https:\/\/legsedition.net\/public\/wp-json\/wp\/v2\/pages\/1655","targetHints":{"allow":["GET"]}}],"collection":[{"href":"https:\/\/legsedition.net\/public\/wp-json\/wp\/v2\/pages"}],"about":[{"href":"https:\/\/legsedition.net\/public\/wp-json\/wp\/v2\/types\/page"}],"author":[{"embeddable":true,"href":"https:\/\/legsedition.net\/public\/wp-json\/wp\/v2\/users\/2"}],"replies":[{"embeddable":true,"href":"https:\/\/legsedition.net\/public\/wp-json\/wp\/v2\/comments?post=1655"}],"version-history":[{"count":10,"href":"https:\/\/legsedition.net\/public\/wp-json\/wp\/v2\/pages\/1655\/revisions"}],"predecessor-version":[{"id":9499,"href":"https:\/\/legsedition.net\/public\/wp-json\/wp\/v2\/pages\/1655\/revisions\/9499"}],"wp:featuredmedia":[{"embeddable":true,"href":"https:\/\/legsedition.net\/public\/wp-json\/wp\/v2\/media\/1405"}],"wp:attachment":[{"href":"https:\/\/legsedition.net\/public\/wp-json\/wp\/v2\/media?parent=1655"}],"curies":[{"name":"wp","href":"https:\/\/api.w.org\/{rel}","templated":true}]}}