{"id":1692,"date":"2018-06-10T17:01:54","date_gmt":"2018-06-10T17:01:54","guid":{"rendered":"http:\/\/legsedition.net\/public\/?page_id=1692"},"modified":"2024-11-11T14:51:07","modified_gmt":"2024-11-11T14:51:07","slug":"collection-hybrides","status":"publish","type":"page","link":"https:\/\/legsedition.net\/public\/collection-hybrides\/","title":{"rendered":"Collection Hybrides"},"content":{"rendered":"<p>La collection <em>Hybrides<\/em> est destin\u00e9e \u00e0 la publication des \u0153uvres ou des \u00e9crivains ha\u00eftiens et \u00e9trangers hors-cat\u00e9gorie et francophones.<\/p>\n<p>Parce que nous nous situons \u00e0 la crois\u00e9e des chemins, au centre des carrefours, nous sommes ouverts \u00e0 tous les vents du monde, d\u2019o\u00f9 qu\u2019ils viennent.<\/p>\n<p>Cette collection est \u00e0 l\u2019image de cette diversit\u00e9 constituant l\u2019essence des litt\u00e9ratures francophones qui se pr\u00e9sentent comme des mosa\u00efques de la culture. Elle donne \u00e0 \u00e9couter les voix multiples, \u00e0 voir la diversalit\u00e9 de ces litt\u00e9ratures qui ne cessent d\u2019\u00e9mouvoir, de surprendre et de d\u00e9centrer les imaginaires\u2026<\/p>\n<p><em>Hybrides<\/em>, pour initier le dialogue, casser les fronti\u00e8res et jeter les ponts pour la libre circulation des id\u00e9es\u2026<\/p>\n<p><b>\u0152uvres<\/b><strong>\u00a0publi\u00e9es<\/strong><\/p>\n<p><a href=\"https:\/\/legsedition.net\/public\/point-cardinal\/\" target=\"_blank\" rel=\"noopener\"><em>Point Cardinal<\/em><\/a>, L\u00e9onor de R\u00e9condo<\/p>\n<p><a href=\"https:\/\/legsedition.net\/public\/wp-content\/uploads\/2019\/07\/cover_leonor_de_recondo_dos.png\"><img fetchpriority=\"high\" decoding=\"async\" class=\"alignnone size-medium wp-image-2997\" src=\"https:\/\/legsedition.net\/public\/wp-content\/uploads\/2019\/07\/cover_leonor_de_recondo_dos-196x300.png\" alt=\"\" width=\"196\" height=\"300\" srcset=\"https:\/\/legsedition.net\/public\/wp-content\/uploads\/2019\/07\/cover_leonor_de_recondo_dos-196x300.png 196w, https:\/\/legsedition.net\/public\/wp-content\/uploads\/2019\/07\/cover_leonor_de_recondo_dos-105x160.png 105w, https:\/\/legsedition.net\/public\/wp-content\/uploads\/2019\/07\/cover_leonor_de_recondo_dos.png 322w\" sizes=\"(max-width: 196px) 100vw, 196px\" \/><\/a><\/p>\n<p><a href=\"https:\/\/legsedition.net\/public\/en-attendant-le-bout-de-la-caverne\/\" target=\"_blank\" rel=\"noopener\">En attendant le bout de la caverne<\/a>, Milady Auguste<\/p>\n<p><a href=\"https:\/\/legsedition.net\/public\/wp-content\/uploads\/2018\/08\/en_attendant_le_bout1.png\"><img decoding=\"async\" class=\"alignnone wp-image-1855 \" src=\"https:\/\/legsedition.net\/public\/wp-content\/uploads\/2018\/08\/en_attendant_le_bout1.png\" alt=\"\" width=\"199\" height=\"307\" srcset=\"https:\/\/legsedition.net\/public\/wp-content\/uploads\/2018\/08\/en_attendant_le_bout1.png 322w, https:\/\/legsedition.net\/public\/wp-content\/uploads\/2018\/08\/en_attendant_le_bout1-195x300.png 195w, https:\/\/legsedition.net\/public\/wp-content\/uploads\/2018\/08\/en_attendant_le_bout1-104x160.png 104w\" sizes=\"(max-width: 199px) 100vw, 199px\" \/><\/a><\/p>\n<p><em><a href=\"https:\/\/legsedition.net\/public\/les-bas-fonds-de-la-memoire\/\" target=\"_blank\" rel=\"noopener\">Les Bas-Fonds de la m\u00e9moire<\/a>,\u00a0<\/em>Louis-Philippe Dalembert<\/p>\n<p><a href=\"https:\/\/legsedition.net\/public\/wp-content\/uploads\/2018\/02\/cover_1_les_bas_fonds_lpd_.png\"><img decoding=\"async\" class=\"alignnone wp-image-1329 \" src=\"https:\/\/legsedition.net\/public\/wp-content\/uploads\/2018\/02\/cover_1_les_bas_fonds_lpd_.png\" alt=\"\" width=\"200\" height=\"312\" srcset=\"https:\/\/legsedition.net\/public\/wp-content\/uploads\/2018\/02\/cover_1_les_bas_fonds_lpd_.png 322w, https:\/\/legsedition.net\/public\/wp-content\/uploads\/2018\/02\/cover_1_les_bas_fonds_lpd_-192x300.png 192w, https:\/\/legsedition.net\/public\/wp-content\/uploads\/2018\/02\/cover_1_les_bas_fonds_lpd_-102x160.png 102w\" sizes=\"(max-width: 200px) 100vw, 200px\" \/><\/a><\/p>\n","protected":false},"excerpt":{"rendered":"<p>La collection Hybrides est destin\u00e9e \u00e0 la publication des \u0153uvres ou des \u00e9crivains ha\u00eftiens et \u00e9trangers hors-cat\u00e9gorie et francophones. Parce que nous nous situons \u00e0 la crois\u00e9e des chemins, au centre des carrefours, nous sommes ouverts \u00e0 tous les vents&#8230;<\/p>\n","protected":false},"author":2,"featured_media":0,"parent":0,"menu_order":0,"comment_status":"closed","ping_status":"closed","template":"","meta":{"footnotes":""},"class_list":["post-1692","page","type-page","status-publish","hentry","no-post-thumbnail"],"yoast_head":"<!-- This site is optimized with the Yoast SEO plugin v27.3 - https:\/\/yoast.com\/product\/yoast-seo-wordpress\/ -->\n<title>Collection Hybrides | LEGS &Eacute;DITION<\/title>\n<meta name=\"robots\" content=\"index, follow, max-snippet:-1, max-image-preview:large, max-video-preview:-1\" \/>\n<link rel=\"canonical\" href=\"https:\/\/legsedition.net\/public\/collection-hybrides\/\" \/>\n<meta property=\"og:locale\" content=\"fr_FR\" \/>\n<meta property=\"og:type\" content=\"article\" \/>\n<meta property=\"og:title\" content=\"Collection Hybrides | LEGS &Eacute;DITION\" \/>\n<meta property=\"og:description\" content=\"La collection Hybrides est destin\u00e9e \u00e0 la publication des \u0153uvres ou des \u00e9crivains ha\u00eftiens et \u00e9trangers hors-cat\u00e9gorie et francophones. Parce que nous nous situons \u00e0 la crois\u00e9e des chemins, au centre des carrefours, nous sommes ouverts \u00e0 tous les vents...\" \/>\n<meta property=\"og:url\" content=\"https:\/\/legsedition.net\/public\/collection-hybrides\/\" \/>\n<meta property=\"og:site_name\" content=\"LEGS &Eacute;DITION\" \/>\n<meta property=\"article:publisher\" content=\"https:\/\/web.facebook.com\/LegsEtLitterature\/\" \/>\n<meta property=\"article:modified_time\" content=\"2024-11-11T14:51:07+00:00\" \/>\n<meta property=\"og:image\" content=\"https:\/\/legsedition.net\/public\/wp-content\/uploads\/2019\/07\/cover_leonor_de_recondo_dos.png\" \/>\n\t<meta property=\"og:image:width\" content=\"322\" \/>\n\t<meta property=\"og:image:height\" content=\"493\" \/>\n\t<meta property=\"og:image:type\" content=\"image\/png\" \/>\n<meta name=\"twitter:card\" content=\"summary_large_image\" \/>\n<script type=\"application\/ld+json\" class=\"yoast-schema-graph\">{\"@context\":\"https:\\\/\\\/schema.org\",\"@graph\":[{\"@type\":\"WebPage\",\"@id\":\"https:\\\/\\\/legsedition.net\\\/public\\\/collection-hybrides\\\/\",\"url\":\"https:\\\/\\\/legsedition.net\\\/public\\\/collection-hybrides\\\/\",\"name\":\"Collection Hybrides | LEGS &Eacute;DITION\",\"isPartOf\":{\"@id\":\"https:\\\/\\\/legsedition.net\\\/public\\\/#website\"},\"primaryImageOfPage\":{\"@id\":\"https:\\\/\\\/legsedition.net\\\/public\\\/collection-hybrides\\\/#primaryimage\"},\"image\":{\"@id\":\"https:\\\/\\\/legsedition.net\\\/public\\\/collection-hybrides\\\/#primaryimage\"},\"thumbnailUrl\":\"https:\\\/\\\/legsedition.net\\\/public\\\/wp-content\\\/uploads\\\/2019\\\/07\\\/cover_leonor_de_recondo_dos-196x300.png\",\"datePublished\":\"2018-06-10T17:01:54+00:00\",\"dateModified\":\"2024-11-11T14:51:07+00:00\",\"breadcrumb\":{\"@id\":\"https:\\\/\\\/legsedition.net\\\/public\\\/collection-hybrides\\\/#breadcrumb\"},\"inLanguage\":\"fr-FR\",\"potentialAction\":[{\"@type\":\"ReadAction\",\"target\":[\"https:\\\/\\\/legsedition.net\\\/public\\\/collection-hybrides\\\/\"]}]},{\"@type\":\"ImageObject\",\"inLanguage\":\"fr-FR\",\"@id\":\"https:\\\/\\\/legsedition.net\\\/public\\\/collection-hybrides\\\/#primaryimage\",\"url\":\"https:\\\/\\\/legsedition.net\\\/public\\\/wp-content\\\/uploads\\\/2019\\\/07\\\/cover_leonor_de_recondo_dos.png\",\"contentUrl\":\"https:\\\/\\\/legsedition.net\\\/public\\\/wp-content\\\/uploads\\\/2019\\\/07\\\/cover_leonor_de_recondo_dos.png\",\"width\":322,\"height\":493},{\"@type\":\"BreadcrumbList\",\"@id\":\"https:\\\/\\\/legsedition.net\\\/public\\\/collection-hybrides\\\/#breadcrumb\",\"itemListElement\":[{\"@type\":\"ListItem\",\"position\":1,\"name\":\"Home\",\"item\":\"https:\\\/\\\/legsedition.net\\\/public\\\/\"},{\"@type\":\"ListItem\",\"position\":2,\"name\":\"Collection Hybrides\"}]},{\"@type\":\"WebSite\",\"@id\":\"https:\\\/\\\/legsedition.net\\\/public\\\/#website\",\"url\":\"https:\\\/\\\/legsedition.net\\\/public\\\/\",\"name\":\"LEGS &Eacute;DITION\",\"description\":\"\",\"potentialAction\":[{\"@type\":\"SearchAction\",\"target\":{\"@type\":\"EntryPoint\",\"urlTemplate\":\"https:\\\/\\\/legsedition.net\\\/public\\\/?s={search_term_string}\"},\"query-input\":{\"@type\":\"PropertyValueSpecification\",\"valueRequired\":true,\"valueName\":\"search_term_string\"}}],\"inLanguage\":\"fr-FR\"}]}<\/script>\n<!-- \/ Yoast SEO plugin. -->","yoast_head_json":{"title":"Collection Hybrides | LEGS &Eacute;DITION","robots":{"index":"index","follow":"follow","max-snippet":"max-snippet:-1","max-image-preview":"max-image-preview:large","max-video-preview":"max-video-preview:-1"},"canonical":"https:\/\/legsedition.net\/public\/collection-hybrides\/","og_locale":"fr_FR","og_type":"article","og_title":"Collection Hybrides | LEGS &Eacute;DITION","og_description":"La collection Hybrides est destin\u00e9e \u00e0 la publication des \u0153uvres ou des \u00e9crivains ha\u00eftiens et \u00e9trangers hors-cat\u00e9gorie et francophones. Parce que nous nous situons \u00e0 la crois\u00e9e des chemins, au centre des carrefours, nous sommes ouverts \u00e0 tous les vents...","og_url":"https:\/\/legsedition.net\/public\/collection-hybrides\/","og_site_name":"LEGS &Eacute;DITION","article_publisher":"https:\/\/web.facebook.com\/LegsEtLitterature\/","article_modified_time":"2024-11-11T14:51:07+00:00","og_image":[{"width":322,"height":493,"url":"https:\/\/legsedition.net\/public\/wp-content\/uploads\/2019\/07\/cover_leonor_de_recondo_dos.png","type":"image\/png"}],"twitter_card":"summary_large_image","schema":{"@context":"https:\/\/schema.org","@graph":[{"@type":"WebPage","@id":"https:\/\/legsedition.net\/public\/collection-hybrides\/","url":"https:\/\/legsedition.net\/public\/collection-hybrides\/","name":"Collection Hybrides | LEGS &Eacute;DITION","isPartOf":{"@id":"https:\/\/legsedition.net\/public\/#website"},"primaryImageOfPage":{"@id":"https:\/\/legsedition.net\/public\/collection-hybrides\/#primaryimage"},"image":{"@id":"https:\/\/legsedition.net\/public\/collection-hybrides\/#primaryimage"},"thumbnailUrl":"https:\/\/legsedition.net\/public\/wp-content\/uploads\/2019\/07\/cover_leonor_de_recondo_dos-196x300.png","datePublished":"2018-06-10T17:01:54+00:00","dateModified":"2024-11-11T14:51:07+00:00","breadcrumb":{"@id":"https:\/\/legsedition.net\/public\/collection-hybrides\/#breadcrumb"},"inLanguage":"fr-FR","potentialAction":[{"@type":"ReadAction","target":["https:\/\/legsedition.net\/public\/collection-hybrides\/"]}]},{"@type":"ImageObject","inLanguage":"fr-FR","@id":"https:\/\/legsedition.net\/public\/collection-hybrides\/#primaryimage","url":"https:\/\/legsedition.net\/public\/wp-content\/uploads\/2019\/07\/cover_leonor_de_recondo_dos.png","contentUrl":"https:\/\/legsedition.net\/public\/wp-content\/uploads\/2019\/07\/cover_leonor_de_recondo_dos.png","width":322,"height":493},{"@type":"BreadcrumbList","@id":"https:\/\/legsedition.net\/public\/collection-hybrides\/#breadcrumb","itemListElement":[{"@type":"ListItem","position":1,"name":"Home","item":"https:\/\/legsedition.net\/public\/"},{"@type":"ListItem","position":2,"name":"Collection Hybrides"}]},{"@type":"WebSite","@id":"https:\/\/legsedition.net\/public\/#website","url":"https:\/\/legsedition.net\/public\/","name":"LEGS &Eacute;DITION","description":"","potentialAction":[{"@type":"SearchAction","target":{"@type":"EntryPoint","urlTemplate":"https:\/\/legsedition.net\/public\/?s={search_term_string}"},"query-input":{"@type":"PropertyValueSpecification","valueRequired":true,"valueName":"search_term_string"}}],"inLanguage":"fr-FR"}]}},"_links":{"self":[{"href":"https:\/\/legsedition.net\/public\/wp-json\/wp\/v2\/pages\/1692","targetHints":{"allow":["GET"]}}],"collection":[{"href":"https:\/\/legsedition.net\/public\/wp-json\/wp\/v2\/pages"}],"about":[{"href":"https:\/\/legsedition.net\/public\/wp-json\/wp\/v2\/types\/page"}],"author":[{"embeddable":true,"href":"https:\/\/legsedition.net\/public\/wp-json\/wp\/v2\/users\/2"}],"replies":[{"embeddable":true,"href":"https:\/\/legsedition.net\/public\/wp-json\/wp\/v2\/comments?post=1692"}],"version-history":[{"count":12,"href":"https:\/\/legsedition.net\/public\/wp-json\/wp\/v2\/pages\/1692\/revisions"}],"predecessor-version":[{"id":7247,"href":"https:\/\/legsedition.net\/public\/wp-json\/wp\/v2\/pages\/1692\/revisions\/7247"}],"wp:attachment":[{"href":"https:\/\/legsedition.net\/public\/wp-json\/wp\/v2\/media?parent=1692"}],"curies":[{"name":"wp","href":"https:\/\/api.w.org\/{rel}","templated":true}]}}