{"id":1839,"date":"2018-08-09T16:33:55","date_gmt":"2018-08-09T16:33:55","guid":{"rendered":"http:\/\/legsedition.net\/public\/?page_id=1839"},"modified":"2026-04-05T10:48:01","modified_gmt":"2026-04-05T10:48:01","slug":"douces-deroutes","status":"publish","type":"page","link":"https:\/\/legsedition.net\/public\/douces-deroutes\/","title":{"rendered":"Douces d\u00e9routes"},"content":{"rendered":"<p><strong><a href=\"https:\/\/legsedition.net\/public\/wp-content\/uploads\/2018\/07\/doucesderoutescover1.png\"><img fetchpriority=\"high\" decoding=\"async\" class=\"alignleft wp-image-1791 \" src=\"https:\/\/legsedition.net\/public\/wp-content\/uploads\/2018\/07\/doucesderoutescover1.png\" alt=\"\" width=\"241\" height=\"376\" srcset=\"https:\/\/legsedition.net\/public\/wp-content\/uploads\/2018\/07\/doucesderoutescover1.png 298w, https:\/\/legsedition.net\/public\/wp-content\/uploads\/2018\/07\/doucesderoutescover1-192x300.png 192w, https:\/\/legsedition.net\/public\/wp-content\/uploads\/2018\/07\/doucesderoutescover1-103x160.png 103w\" sizes=\"(max-width: 241px) 100vw, 241px\" \/><\/a>Auteur : <\/strong>Yanick Lahens<\/p>\n<p><strong>Titre : <\/strong>Douces d\u00e9routes<\/p>\n<p><strong>Couverture : <\/strong>Ruben Charles<\/p>\n<p><strong>Parution : <\/strong>\u00a06 ao\u00fbt 2018<\/p>\n<p><strong>Collection : <\/strong><a href=\"https:\/\/legsedition.net\/public\/collection-voix-feminines\/\" target=\"_blank\" rel=\"noopener\">Voix F\u00e9minines<\/a><\/p>\n<p><strong>ISBN\u00a0: <\/strong>978-99970-86-35-8 | <a href=\"https:\/\/www.amazon.com\/Douces-d%C3%A9routes-French-Yanick-Lahens\/dp\/9997086392\/ref=sr_1_1?crid=1YLY7FUODWUIY&amp;dib=eyJ2IjoiMSJ9.NAREPIXN27Yk-PIMEGZChg.OOKk3MKrgt7mKJNym4bU-DTkgvk33i4TFCbgytskA5w&amp;dib_tag=se&amp;keywords=Douces+d%C3%A9routes&amp;qid=1775386049&amp;sprefix=douces+d%C3%A9routes%2Caps%2C187&amp;sr=8-1\" target=\"_blank\" rel=\"noopener\">Commander ICI<\/a><\/p>\n<p><strong>Prix :\u00a0 <\/strong>\u00a0USD 16,75<\/p>\n<p style=\"text-align: justify;\">Dans un pays min\u00e9 par la corruption, le juge Raymond Berthier a \u00e9t\u00e9 assassin\u00e9 pour son int\u00e9grit\u00e9 et sa conviction. Six mois apr\u00e8s, l&rsquo;enqu\u00eate pi\u00e9tine toujours et sa famille attend de conna\u00ectre les mobiles et les auteurs de ce crime. Entre-temps, Joubert alias Jojo Piment Pik\u00e9 continue de semer la terreur dans la cit\u00e9. Francis, un journaliste fran\u00e7ais arriv\u00e9 pour un reportage sur le pays, d\u00e9couvre les diverses facettes de la ville. En p\u00e9n\u00e9trant le petit cercle vicieux et vici\u00e9 de l\u2019homme d&rsquo;affaires\u00a0Sami Hamid, le jeune avocat Cyprien Norvilus voit la vie autrement. Au moment o\u00f9 Pierre re\u00e7oit du monde chez lui, Brune continue \u00e0 chanter pour ne pas d\u00e9sesp\u00e9rer de la vie et \u00c9z\u00e9chiel se r\u00e9fugie dans la po\u00e9sie pour fuir la mis\u00e8re de son quartier.<\/p>\n<p style=\"text-align: justify;\">Entre d\u00e9rive douce et chant d&rsquo;ombre, <em>Douces d\u00e9routes<\/em> \u00e9voque la lancinante question de l\u2019avenir d&rsquo;une soci\u00e9t\u00e9 qui s\u2019enfonce au quotidien dans le gouffre.<\/p>\n<p><strong>\u00c0 propos de l\u2019auteure:<\/strong><\/p>\n<p style=\"text-align: justify;\">Yanick Lahens est n\u00e9e \u00e0 Port-au-Prince en 1953. D\u00e9tentrice d\u2019un Dipl\u00f4me d\u2019\u00c9tudes Approfondies (DEA) en Lettres de l\u2019Universit\u00e9 Paris-Sorbonne, \u00e0 son retour en Ha\u00efti, elle a enseign\u00e9 les lettres \u00e0 l\u2019\u00c9cole normale sup\u00e9rieure jusqu\u2019en 1995. Auteure de nombreux articles parus dans des revues dont\u00a0<em>Chemins<\/em>\u00a0<em>critiques<\/em>,\u00a0<em>Cultura<\/em>,\u00a0<em>Boutures<\/em>,\u00a0<em>Conjonction<\/em>\u00a0et\u00a0<em>Legs et Litt\u00e9rature<\/em>, elle a publi\u00e9 son premier livre, un essai,\u00a0<em>L\u2019exil : entre l\u2019ancrage et la fuite, l\u2019\u00e9crivain ha\u00eftien<\/em>\u00a0en 1990. Son premier roman,\u00a0<em>Dans la maison du p\u00e8re<\/em>, paru en 2000, a re\u00e7u en 2002, le Prix du salon du livre de Leipzig. Laur\u00e9ate du prix Millepages en 2008 et du Prix du Livre RFO 2009 pour\u00a0<em>La Couleur de l\u2019aube<\/em>, elle a obtenu le prix Femina pour son roman\u00a0<em>Bain de lune<\/em> en 2014 paru chez Sabine Wespieser. En 2020, le prix Carbet de la Cara\u00efbe lui est d\u00e9cern\u00e9 pour l\u2019ensemble de son \u0153uvre.<\/p>\n<hr \/>\n<h4><strong>Dans la presse:<\/strong><\/h4>\n<p><a href=\"https:\/\/lenouvelliste.com\/public\/index.php\/article\/203116\/douces-deroutes-de-yanick-lahens-un-roman-percutant\" target=\"_blank\" rel=\"noopener\">Douces d\u00e9routes de Yanick Lahens, un roman percutant<\/a>, Arnoux Daniel Appolon,\u00a0<em>Le Nouvelliste, <\/em>19 juin 2019<\/p>\n<p><a href=\"http:\/\/lenational.org\/post_free.php?elif=1_CONTENUE\/culture&amp;rebmun=3528\" target=\"_blank\" rel=\"noopener\">Douces d\u00e9routes ou l&rsquo;\u00e9criture du chaos ha\u00eftien<\/a>, Carline Legros,\u00a0<em>Le National,\u00a0<\/em>7 mars 2019<\/p>\n<p><a href=\"https:\/\/lenouvelliste.com\/article\/185982\/yanick-lahens-ces-derives-qui-deroutent\" target=\"_blank\" rel=\"noopener\">Yanick Lahens, ces d\u00e9rives qui d\u00e9routent<\/a>, Dieulermesson Petit Fr\u00e8re,\u00a0<em>Le Nouvelliste,\u00a0<\/em>13 avril 2018<\/p>\n<p><a href=\"http:\/\/www.liberation.fr\/debats\/2018\/02\/25\/francophonie-en-haiti-breve-chronique-d-une-delocalisation_1632225\" target=\"_blank\" rel=\"noopener\">Francophonie en Ha\u00efti : br\u00eave chronique d\u2019une d\u00e9lib\u00e9ration<\/a>, Yanick Lahens,\u00a0<em>Lib\u00e9ration,\u00a0<\/em>25 f\u00e9vrier 2018<\/p>\n<p><a href=\"http:\/\/legsedition.net\/public\/wp-content\/uploads\/2018\/08\/KMBT_C284e-20180219131811.pdf\" target=\"_blank\" rel=\"noopener\">Sensualit\u00e9 et peur \u00e0 Port-au-Prince<\/a>, Guy Duplay,\u00a0<em>La Libre.be,\u00a0<\/em>14 f\u00e9vrier 2018<\/p>\n<p><a href=\"http:\/\/next.liberation.fr\/livres\/2018\/01\/19\/port-au-prince-un-amour-qui-passe-par-de-grandes-coleres_1623753\" target=\"_blank\" rel=\"noopener\">\u00ab Port-au-Prince, \u00ab\u00a0un amour qui passe par de grandes col\u00e8res\u00a0\u00bb.<\/a>\u00a0Yanick Lahens raconte\u00a0<em>Douces d\u00e9routes<\/em>\u00a0\u00bb, Fr\u00e9d\u00e9rique Roussel,\u00a0<em>Lib\u00e9ration<\/em>, samedi 20 et dimanche 21 janvier 2018<\/p>\n<p><a href=\"https:\/\/www.lemonde.fr\/livres\/article\/2018\/01\/11\/yanick-lahens-dans-port-au-prince-brulante_5240179_3260.html\" target=\"_blank\" rel=\"noopener\">\u00ab Yanick Lahens dans Port-au-Prince br\u00fblante \u00bb<\/a>, Gladys Marivat,\u00a0<em>Le Monde des Livres<\/em>, vendredi 12 janvier 2018<\/p>\n<p><a href=\"http:\/\/www.livreshebdo.eu\/article\/dompter-les-chutes\" target=\"_blank\" rel=\"noopener\">Dompter les chutes,<\/a>\u00a0Kereen Elkaim,\u00a0<em>Livres Hebdo,\u00a0<\/em>4 janvier 2018<\/p>\n","protected":false},"excerpt":{"rendered":"<p>Auteur : Yanick Lahens Titre : Douces d\u00e9routes Couverture : Ruben Charles Parution : \u00a06 ao\u00fbt 2018 Collection : Voix F\u00e9minines ISBN\u00a0: 978-99970-86-35-8 | Commander ICI Prix :\u00a0 \u00a0USD 16,75 Dans un pays min\u00e9 par la corruption, le juge Raymond&#8230;<\/p>\n","protected":false},"author":2,"featured_media":1791,"parent":0,"menu_order":0,"comment_status":"closed","ping_status":"closed","template":"","meta":{"footnotes":""},"class_list":["post-1839","page","type-page","status-publish","has-post-thumbnail","hentry"],"yoast_head":"<!-- This site is optimized with the Yoast SEO plugin v27.3 - https:\/\/yoast.com\/product\/yoast-seo-wordpress\/ -->\n<title>Douces d\u00e9routes | LEGS &Eacute;DITION<\/title>\n<meta name=\"robots\" content=\"index, follow, max-snippet:-1, max-image-preview:large, max-video-preview:-1\" \/>\n<link rel=\"canonical\" href=\"https:\/\/legsedition.net\/public\/douces-deroutes\/\" \/>\n<meta property=\"og:locale\" content=\"fr_FR\" \/>\n<meta property=\"og:type\" content=\"article\" \/>\n<meta property=\"og:title\" content=\"Douces d\u00e9routes | LEGS &Eacute;DITION\" \/>\n<meta property=\"og:description\" content=\"Auteur : Yanick Lahens Titre : Douces d\u00e9routes Couverture : Ruben Charles Parution : \u00a06 ao\u00fbt 2018 Collection : Voix F\u00e9minines ISBN\u00a0: 978-99970-86-35-8 | Commander ICI Prix :\u00a0 \u00a0USD 16,75 Dans un pays min\u00e9 par la corruption, le juge Raymond...\" \/>\n<meta property=\"og:url\" content=\"https:\/\/legsedition.net\/public\/douces-deroutes\/\" \/>\n<meta property=\"og:site_name\" content=\"LEGS &Eacute;DITION\" \/>\n<meta property=\"article:publisher\" content=\"https:\/\/web.facebook.com\/LegsEtLitterature\/\" \/>\n<meta property=\"article:modified_time\" content=\"2026-04-05T10:48:01+00:00\" \/>\n<meta property=\"og:image\" content=\"https:\/\/legsedition.net\/public\/wp-content\/uploads\/2018\/07\/doucesderoutescover1.png\" \/>\n\t<meta property=\"og:image:width\" content=\"298\" \/>\n\t<meta property=\"og:image:height\" content=\"465\" \/>\n\t<meta property=\"og:image:type\" content=\"image\/png\" \/>\n<meta name=\"twitter:card\" content=\"summary_large_image\" \/>\n<meta name=\"twitter:label1\" content=\"Dur\u00e9e de lecture estim\u00e9e\" \/>\n\t<meta name=\"twitter:data1\" content=\"3 minutes\" \/>\n<script type=\"application\/ld+json\" class=\"yoast-schema-graph\">{\"@context\":\"https:\\\/\\\/schema.org\",\"@graph\":[{\"@type\":\"WebPage\",\"@id\":\"https:\\\/\\\/legsedition.net\\\/public\\\/douces-deroutes\\\/\",\"url\":\"https:\\\/\\\/legsedition.net\\\/public\\\/douces-deroutes\\\/\",\"name\":\"Douces d\u00e9routes | LEGS &Eacute;DITION\",\"isPartOf\":{\"@id\":\"https:\\\/\\\/legsedition.net\\\/public\\\/#website\"},\"primaryImageOfPage\":{\"@id\":\"https:\\\/\\\/legsedition.net\\\/public\\\/douces-deroutes\\\/#primaryimage\"},\"image\":{\"@id\":\"https:\\\/\\\/legsedition.net\\\/public\\\/douces-deroutes\\\/#primaryimage\"},\"thumbnailUrl\":\"https:\\\/\\\/legsedition.net\\\/public\\\/wp-content\\\/uploads\\\/2018\\\/07\\\/doucesderoutescover1.png\",\"datePublished\":\"2018-08-09T16:33:55+00:00\",\"dateModified\":\"2026-04-05T10:48:01+00:00\",\"breadcrumb\":{\"@id\":\"https:\\\/\\\/legsedition.net\\\/public\\\/douces-deroutes\\\/#breadcrumb\"},\"inLanguage\":\"fr-FR\",\"potentialAction\":[{\"@type\":\"ReadAction\",\"target\":[\"https:\\\/\\\/legsedition.net\\\/public\\\/douces-deroutes\\\/\"]}]},{\"@type\":\"ImageObject\",\"inLanguage\":\"fr-FR\",\"@id\":\"https:\\\/\\\/legsedition.net\\\/public\\\/douces-deroutes\\\/#primaryimage\",\"url\":\"https:\\\/\\\/legsedition.net\\\/public\\\/wp-content\\\/uploads\\\/2018\\\/07\\\/doucesderoutescover1.png\",\"contentUrl\":\"https:\\\/\\\/legsedition.net\\\/public\\\/wp-content\\\/uploads\\\/2018\\\/07\\\/doucesderoutescover1.png\",\"width\":298,\"height\":465},{\"@type\":\"BreadcrumbList\",\"@id\":\"https:\\\/\\\/legsedition.net\\\/public\\\/douces-deroutes\\\/#breadcrumb\",\"itemListElement\":[{\"@type\":\"ListItem\",\"position\":1,\"name\":\"Home\",\"item\":\"https:\\\/\\\/legsedition.net\\\/public\\\/\"},{\"@type\":\"ListItem\",\"position\":2,\"name\":\"Douces d\u00e9routes\"}]},{\"@type\":\"WebSite\",\"@id\":\"https:\\\/\\\/legsedition.net\\\/public\\\/#website\",\"url\":\"https:\\\/\\\/legsedition.net\\\/public\\\/\",\"name\":\"LEGS &Eacute;DITION\",\"description\":\"\",\"potentialAction\":[{\"@type\":\"SearchAction\",\"target\":{\"@type\":\"EntryPoint\",\"urlTemplate\":\"https:\\\/\\\/legsedition.net\\\/public\\\/?s={search_term_string}\"},\"query-input\":{\"@type\":\"PropertyValueSpecification\",\"valueRequired\":true,\"valueName\":\"search_term_string\"}}],\"inLanguage\":\"fr-FR\"}]}<\/script>\n<!-- \/ Yoast SEO plugin. -->","yoast_head_json":{"title":"Douces d\u00e9routes | LEGS &Eacute;DITION","robots":{"index":"index","follow":"follow","max-snippet":"max-snippet:-1","max-image-preview":"max-image-preview:large","max-video-preview":"max-video-preview:-1"},"canonical":"https:\/\/legsedition.net\/public\/douces-deroutes\/","og_locale":"fr_FR","og_type":"article","og_title":"Douces d\u00e9routes | LEGS &Eacute;DITION","og_description":"Auteur : Yanick Lahens Titre : Douces d\u00e9routes Couverture : Ruben Charles Parution : \u00a06 ao\u00fbt 2018 Collection : Voix F\u00e9minines ISBN\u00a0: 978-99970-86-35-8 | Commander ICI Prix :\u00a0 \u00a0USD 16,75 Dans un pays min\u00e9 par la corruption, le juge Raymond...","og_url":"https:\/\/legsedition.net\/public\/douces-deroutes\/","og_site_name":"LEGS &Eacute;DITION","article_publisher":"https:\/\/web.facebook.com\/LegsEtLitterature\/","article_modified_time":"2026-04-05T10:48:01+00:00","og_image":[{"width":298,"height":465,"url":"https:\/\/legsedition.net\/public\/wp-content\/uploads\/2018\/07\/doucesderoutescover1.png","type":"image\/png"}],"twitter_card":"summary_large_image","twitter_misc":{"Dur\u00e9e de lecture estim\u00e9e":"3 minutes"},"schema":{"@context":"https:\/\/schema.org","@graph":[{"@type":"WebPage","@id":"https:\/\/legsedition.net\/public\/douces-deroutes\/","url":"https:\/\/legsedition.net\/public\/douces-deroutes\/","name":"Douces d\u00e9routes | LEGS &Eacute;DITION","isPartOf":{"@id":"https:\/\/legsedition.net\/public\/#website"},"primaryImageOfPage":{"@id":"https:\/\/legsedition.net\/public\/douces-deroutes\/#primaryimage"},"image":{"@id":"https:\/\/legsedition.net\/public\/douces-deroutes\/#primaryimage"},"thumbnailUrl":"https:\/\/legsedition.net\/public\/wp-content\/uploads\/2018\/07\/doucesderoutescover1.png","datePublished":"2018-08-09T16:33:55+00:00","dateModified":"2026-04-05T10:48:01+00:00","breadcrumb":{"@id":"https:\/\/legsedition.net\/public\/douces-deroutes\/#breadcrumb"},"inLanguage":"fr-FR","potentialAction":[{"@type":"ReadAction","target":["https:\/\/legsedition.net\/public\/douces-deroutes\/"]}]},{"@type":"ImageObject","inLanguage":"fr-FR","@id":"https:\/\/legsedition.net\/public\/douces-deroutes\/#primaryimage","url":"https:\/\/legsedition.net\/public\/wp-content\/uploads\/2018\/07\/doucesderoutescover1.png","contentUrl":"https:\/\/legsedition.net\/public\/wp-content\/uploads\/2018\/07\/doucesderoutescover1.png","width":298,"height":465},{"@type":"BreadcrumbList","@id":"https:\/\/legsedition.net\/public\/douces-deroutes\/#breadcrumb","itemListElement":[{"@type":"ListItem","position":1,"name":"Home","item":"https:\/\/legsedition.net\/public\/"},{"@type":"ListItem","position":2,"name":"Douces d\u00e9routes"}]},{"@type":"WebSite","@id":"https:\/\/legsedition.net\/public\/#website","url":"https:\/\/legsedition.net\/public\/","name":"LEGS &Eacute;DITION","description":"","potentialAction":[{"@type":"SearchAction","target":{"@type":"EntryPoint","urlTemplate":"https:\/\/legsedition.net\/public\/?s={search_term_string}"},"query-input":{"@type":"PropertyValueSpecification","valueRequired":true,"valueName":"search_term_string"}}],"inLanguage":"fr-FR"}]}},"_links":{"self":[{"href":"https:\/\/legsedition.net\/public\/wp-json\/wp\/v2\/pages\/1839","targetHints":{"allow":["GET"]}}],"collection":[{"href":"https:\/\/legsedition.net\/public\/wp-json\/wp\/v2\/pages"}],"about":[{"href":"https:\/\/legsedition.net\/public\/wp-json\/wp\/v2\/types\/page"}],"author":[{"embeddable":true,"href":"https:\/\/legsedition.net\/public\/wp-json\/wp\/v2\/users\/2"}],"replies":[{"embeddable":true,"href":"https:\/\/legsedition.net\/public\/wp-json\/wp\/v2\/comments?post=1839"}],"version-history":[{"count":12,"href":"https:\/\/legsedition.net\/public\/wp-json\/wp\/v2\/pages\/1839\/revisions"}],"predecessor-version":[{"id":9425,"href":"https:\/\/legsedition.net\/public\/wp-json\/wp\/v2\/pages\/1839\/revisions\/9425"}],"wp:featuredmedia":[{"embeddable":true,"href":"https:\/\/legsedition.net\/public\/wp-json\/wp\/v2\/media\/1791"}],"wp:attachment":[{"href":"https:\/\/legsedition.net\/public\/wp-json\/wp\/v2\/media?parent=1839"}],"curies":[{"name":"wp","href":"https:\/\/api.w.org\/{rel}","templated":true}]}}