{"id":1854,"date":"2018-08-22T17:32:42","date_gmt":"2018-08-22T17:32:42","guid":{"rendered":"http:\/\/legsedition.net\/public\/?page_id=1854"},"modified":"2024-12-17T07:10:47","modified_gmt":"2024-12-17T07:10:47","slug":"milady-auguste","status":"publish","type":"page","link":"https:\/\/legsedition.net\/public\/milady-auguste\/","title":{"rendered":"Milady Auguste"},"content":{"rendered":"<figure id=\"attachment_1853\" aria-describedby=\"caption-attachment-1853\" style=\"width: 267px\" class=\"wp-caption alignleft\"><a href=\"http:\/\/legsedition.net\/public\/wp-content\/uploads\/2018\/08\/photo-milady.jpg\"><img fetchpriority=\"high\" decoding=\"async\" class=\"wp-image-1853 \" src=\"https:\/\/legsedition.net\/public\/wp-content\/uploads\/2018\/08\/photo-milady.jpg\" alt=\"\" width=\"267\" height=\"260\" srcset=\"https:\/\/legsedition.net\/public\/wp-content\/uploads\/2018\/08\/photo-milady.jpg 840w, https:\/\/legsedition.net\/public\/wp-content\/uploads\/2018\/08\/photo-milady-600x584.jpg 600w, https:\/\/legsedition.net\/public\/wp-content\/uploads\/2018\/08\/photo-milady-300x292.jpg 300w, https:\/\/legsedition.net\/public\/wp-content\/uploads\/2018\/08\/photo-milady-768x747.jpg 768w, https:\/\/legsedition.net\/public\/wp-content\/uploads\/2018\/08\/photo-milady-165x160.jpg 165w\" sizes=\"(max-width: 267px) 100vw, 267px\" \/><\/a><figcaption id=\"caption-attachment-1853\" class=\"wp-caption-text\">\u00a9 Alain Lescouflair<\/figcaption><\/figure>\n<p>N\u00e9e le 1er f\u00e9vrier 1992, Milady Auguste a fait des \u00e9tudes de m\u00e9decine \u00e0 l&rsquo;Universit\u00e9 Notre Dame d&rsquo;Ha\u00efti. Auteure de scripts pour la compagnie de danse Jo\u00eblle Donatien Belot, elle partage sa vie entre la m\u00e9decine et la litt\u00e9rature. Finaliste du prix litt\u00e9raire Henri Deschamps 2015 et blogueuse d&rsquo;<a href=\"http:\/\/ayibopost.com\/\" target=\"_blank\" rel=\"noopener\"><em>Ayibopost<\/em><\/a>,\u00a0<em>En attendant le bout de la caverne<\/em> est son premier roman.\u00a0[<a href=\"http:\/\/ile-en-ile.org\/auguste_milady\/\" target=\"_blank\" rel=\"noopener\">Voir la page de pr\u00e9sentation de Milady Auguste sur \u00cele en \u00cele<\/a>]<\/p>\n<p>__________________________________________________________<\/p>\n<p><strong>Publication chez LEGS \u00c9DITION<\/strong><\/p>\n<p><a href=\"https:\/\/legsedition.net\/public\/en-attendant-le-bout-de-la-caverne\/\" target=\"_blank\" rel=\"noopener\"><em>En attendant le bout de la caverne<\/em><\/a>, 2018<\/p>\n<p><a href=\"http:\/\/legsedition.net\/public\/wp-content\/uploads\/2018\/08\/en_attendant_le_bout1.png\"><img decoding=\"async\" class=\"alignnone size-medium wp-image-1855\" src=\"http:\/\/legsedition.net\/public\/wp-content\/uploads\/2018\/08\/en_attendant_le_bout1-195x300.png\" alt=\"\" width=\"195\" height=\"300\" srcset=\"https:\/\/legsedition.net\/public\/wp-content\/uploads\/2018\/08\/en_attendant_le_bout1-195x300.png 195w, https:\/\/legsedition.net\/public\/wp-content\/uploads\/2018\/08\/en_attendant_le_bout1-104x160.png 104w, https:\/\/legsedition.net\/public\/wp-content\/uploads\/2018\/08\/en_attendant_le_bout1.png 322w\" sizes=\"(max-width: 195px) 100vw, 195px\" \/><\/a><\/p>\n<p><strong>Dans la presse :<\/strong><\/p>\n<p><a href=\"https:\/\/lenouvelliste.com\/article\/241542\/la-bibliotheque-ideale-de-milady-auguste\" target=\"_blank\" rel=\"noopener\">La biblioth\u00e8que id\u00e9ale de Milady Auguste<\/a>, Marc Sony Ricot,\u00a0<em>Le nouvelliste, <\/em>30 mars 2023.<\/p>\n<p><a href=\"https:\/\/lenouvelliste.com\/article\/237346\/une-renaissance-dans-la-litterature-feminine?fbclid=IwAR2xYhyk3nj2VIkI4zpyVREYWD5tuZuAI_M6PmkJ2SohHtS29rJHoHj95iA\" target=\"_blank\" rel=\"noopener\">Une renaissance dans la litt\u00e9rature f\u00e9minine<\/a>, Marc Sony Ricot, <em>Le Nouvelliste<\/em>, 03 ao\u00fbt 2022.<\/p>\n<p><a href=\"https:\/\/www.lenouvelliste.com\/article\/204957\/en-attendant-le-bout-de-la-caverne-un-vrai-polar\" target=\"_blank\" rel=\"noopener\">En attendant le bout de la caverne, un vrai polar<\/a>,\u00a0Jessie Tataille, <em>Le Nouvelliste<\/em>, 12 ao\u00fbt 2019.<\/p>\n<p><a href=\"https:\/\/dofen.news\/milady-auguste-signe-un-premier-roman-riche-en-intrigues\/\" target=\"_blank\" rel=\"noopener\">Milady Auguste signe un premier roman riche en intrigues<\/a>, Ren\u00e9e Vancie Manigat,\u00a0<em>Dofens News<\/em>, 10 juin 2019.<\/p>\n","protected":false},"excerpt":{"rendered":"<p>N\u00e9e le 1er f\u00e9vrier 1992, Milady Auguste a fait des \u00e9tudes de m\u00e9decine \u00e0 l&rsquo;Universit\u00e9 Notre Dame d&rsquo;Ha\u00efti. Auteure de scripts pour la compagnie de danse Jo\u00eblle Donatien Belot, elle partage sa vie entre la m\u00e9decine et la litt\u00e9rature. Finaliste&#8230;<\/p>\n","protected":false},"author":2,"featured_media":0,"parent":0,"menu_order":0,"comment_status":"closed","ping_status":"closed","template":"","meta":{"footnotes":""},"class_list":["post-1854","page","type-page","status-publish","hentry","no-post-thumbnail"],"yoast_head":"<!-- This site is optimized with the Yoast SEO plugin v27.3 - https:\/\/yoast.com\/product\/yoast-seo-wordpress\/ -->\n<title>Milady Auguste | LEGS &Eacute;DITION<\/title>\n<meta name=\"robots\" content=\"index, follow, max-snippet:-1, max-image-preview:large, max-video-preview:-1\" \/>\n<link rel=\"canonical\" href=\"https:\/\/legsedition.net\/public\/milady-auguste\/\" \/>\n<meta property=\"og:locale\" content=\"fr_FR\" \/>\n<meta property=\"og:type\" content=\"article\" \/>\n<meta property=\"og:title\" content=\"Milady Auguste | LEGS &Eacute;DITION\" \/>\n<meta property=\"og:description\" content=\"N\u00e9e le 1er f\u00e9vrier 1992, Milady Auguste a fait des \u00e9tudes de m\u00e9decine \u00e0 l&rsquo;Universit\u00e9 Notre Dame d&rsquo;Ha\u00efti. Auteure de scripts pour la compagnie de danse Jo\u00eblle Donatien Belot, elle partage sa vie entre la m\u00e9decine et la litt\u00e9rature. Finaliste...\" \/>\n<meta property=\"og:url\" content=\"https:\/\/legsedition.net\/public\/milady-auguste\/\" \/>\n<meta property=\"og:site_name\" content=\"LEGS &Eacute;DITION\" \/>\n<meta property=\"article:publisher\" content=\"https:\/\/web.facebook.com\/LegsEtLitterature\/\" \/>\n<meta property=\"article:modified_time\" content=\"2024-12-17T07:10:47+00:00\" \/>\n<meta property=\"og:image\" content=\"https:\/\/legsedition.net\/public\/wp-content\/uploads\/2018\/08\/photo-milady.jpg\" \/>\n\t<meta property=\"og:image:width\" content=\"840\" \/>\n\t<meta property=\"og:image:height\" content=\"817\" \/>\n\t<meta property=\"og:image:type\" content=\"image\/jpeg\" \/>\n<meta name=\"twitter:card\" content=\"summary_large_image\" \/>\n<meta name=\"twitter:label1\" content=\"Dur\u00e9e de lecture estim\u00e9e\" \/>\n\t<meta name=\"twitter:data1\" content=\"2 minutes\" \/>\n<script type=\"application\/ld+json\" class=\"yoast-schema-graph\">{\"@context\":\"https:\\\/\\\/schema.org\",\"@graph\":[{\"@type\":\"WebPage\",\"@id\":\"https:\\\/\\\/legsedition.net\\\/public\\\/milady-auguste\\\/\",\"url\":\"https:\\\/\\\/legsedition.net\\\/public\\\/milady-auguste\\\/\",\"name\":\"Milady Auguste | LEGS &Eacute;DITION\",\"isPartOf\":{\"@id\":\"https:\\\/\\\/legsedition.net\\\/public\\\/#website\"},\"primaryImageOfPage\":{\"@id\":\"https:\\\/\\\/legsedition.net\\\/public\\\/milady-auguste\\\/#primaryimage\"},\"image\":{\"@id\":\"https:\\\/\\\/legsedition.net\\\/public\\\/milady-auguste\\\/#primaryimage\"},\"thumbnailUrl\":\"https:\\\/\\\/legsedition.net\\\/public\\\/wp-content\\\/uploads\\\/2018\\\/08\\\/photo-milady.jpg\",\"datePublished\":\"2018-08-22T17:32:42+00:00\",\"dateModified\":\"2024-12-17T07:10:47+00:00\",\"breadcrumb\":{\"@id\":\"https:\\\/\\\/legsedition.net\\\/public\\\/milady-auguste\\\/#breadcrumb\"},\"inLanguage\":\"fr-FR\",\"potentialAction\":[{\"@type\":\"ReadAction\",\"target\":[\"https:\\\/\\\/legsedition.net\\\/public\\\/milady-auguste\\\/\"]}]},{\"@type\":\"ImageObject\",\"inLanguage\":\"fr-FR\",\"@id\":\"https:\\\/\\\/legsedition.net\\\/public\\\/milady-auguste\\\/#primaryimage\",\"url\":\"https:\\\/\\\/legsedition.net\\\/public\\\/wp-content\\\/uploads\\\/2018\\\/08\\\/photo-milady.jpg\",\"contentUrl\":\"https:\\\/\\\/legsedition.net\\\/public\\\/wp-content\\\/uploads\\\/2018\\\/08\\\/photo-milady.jpg\",\"width\":840,\"height\":817,\"caption\":\"Processed with VSCO with c1 preset\"},{\"@type\":\"BreadcrumbList\",\"@id\":\"https:\\\/\\\/legsedition.net\\\/public\\\/milady-auguste\\\/#breadcrumb\",\"itemListElement\":[{\"@type\":\"ListItem\",\"position\":1,\"name\":\"Home\",\"item\":\"https:\\\/\\\/legsedition.net\\\/public\\\/\"},{\"@type\":\"ListItem\",\"position\":2,\"name\":\"Milady Auguste\"}]},{\"@type\":\"WebSite\",\"@id\":\"https:\\\/\\\/legsedition.net\\\/public\\\/#website\",\"url\":\"https:\\\/\\\/legsedition.net\\\/public\\\/\",\"name\":\"LEGS &Eacute;DITION\",\"description\":\"\",\"potentialAction\":[{\"@type\":\"SearchAction\",\"target\":{\"@type\":\"EntryPoint\",\"urlTemplate\":\"https:\\\/\\\/legsedition.net\\\/public\\\/?s={search_term_string}\"},\"query-input\":{\"@type\":\"PropertyValueSpecification\",\"valueRequired\":true,\"valueName\":\"search_term_string\"}}],\"inLanguage\":\"fr-FR\"}]}<\/script>\n<!-- \/ Yoast SEO plugin. -->","yoast_head_json":{"title":"Milady Auguste | LEGS &Eacute;DITION","robots":{"index":"index","follow":"follow","max-snippet":"max-snippet:-1","max-image-preview":"max-image-preview:large","max-video-preview":"max-video-preview:-1"},"canonical":"https:\/\/legsedition.net\/public\/milady-auguste\/","og_locale":"fr_FR","og_type":"article","og_title":"Milady Auguste | LEGS &Eacute;DITION","og_description":"N\u00e9e le 1er f\u00e9vrier 1992, Milady Auguste a fait des \u00e9tudes de m\u00e9decine \u00e0 l&rsquo;Universit\u00e9 Notre Dame d&rsquo;Ha\u00efti. Auteure de scripts pour la compagnie de danse Jo\u00eblle Donatien Belot, elle partage sa vie entre la m\u00e9decine et la litt\u00e9rature. Finaliste...","og_url":"https:\/\/legsedition.net\/public\/milady-auguste\/","og_site_name":"LEGS &Eacute;DITION","article_publisher":"https:\/\/web.facebook.com\/LegsEtLitterature\/","article_modified_time":"2024-12-17T07:10:47+00:00","og_image":[{"width":840,"height":817,"url":"https:\/\/legsedition.net\/public\/wp-content\/uploads\/2018\/08\/photo-milady.jpg","type":"image\/jpeg"}],"twitter_card":"summary_large_image","twitter_misc":{"Dur\u00e9e de lecture estim\u00e9e":"2 minutes"},"schema":{"@context":"https:\/\/schema.org","@graph":[{"@type":"WebPage","@id":"https:\/\/legsedition.net\/public\/milady-auguste\/","url":"https:\/\/legsedition.net\/public\/milady-auguste\/","name":"Milady Auguste | LEGS &Eacute;DITION","isPartOf":{"@id":"https:\/\/legsedition.net\/public\/#website"},"primaryImageOfPage":{"@id":"https:\/\/legsedition.net\/public\/milady-auguste\/#primaryimage"},"image":{"@id":"https:\/\/legsedition.net\/public\/milady-auguste\/#primaryimage"},"thumbnailUrl":"https:\/\/legsedition.net\/public\/wp-content\/uploads\/2018\/08\/photo-milady.jpg","datePublished":"2018-08-22T17:32:42+00:00","dateModified":"2024-12-17T07:10:47+00:00","breadcrumb":{"@id":"https:\/\/legsedition.net\/public\/milady-auguste\/#breadcrumb"},"inLanguage":"fr-FR","potentialAction":[{"@type":"ReadAction","target":["https:\/\/legsedition.net\/public\/milady-auguste\/"]}]},{"@type":"ImageObject","inLanguage":"fr-FR","@id":"https:\/\/legsedition.net\/public\/milady-auguste\/#primaryimage","url":"https:\/\/legsedition.net\/public\/wp-content\/uploads\/2018\/08\/photo-milady.jpg","contentUrl":"https:\/\/legsedition.net\/public\/wp-content\/uploads\/2018\/08\/photo-milady.jpg","width":840,"height":817,"caption":"Processed with VSCO with c1 preset"},{"@type":"BreadcrumbList","@id":"https:\/\/legsedition.net\/public\/milady-auguste\/#breadcrumb","itemListElement":[{"@type":"ListItem","position":1,"name":"Home","item":"https:\/\/legsedition.net\/public\/"},{"@type":"ListItem","position":2,"name":"Milady Auguste"}]},{"@type":"WebSite","@id":"https:\/\/legsedition.net\/public\/#website","url":"https:\/\/legsedition.net\/public\/","name":"LEGS &Eacute;DITION","description":"","potentialAction":[{"@type":"SearchAction","target":{"@type":"EntryPoint","urlTemplate":"https:\/\/legsedition.net\/public\/?s={search_term_string}"},"query-input":{"@type":"PropertyValueSpecification","valueRequired":true,"valueName":"search_term_string"}}],"inLanguage":"fr-FR"}]}},"_links":{"self":[{"href":"https:\/\/legsedition.net\/public\/wp-json\/wp\/v2\/pages\/1854","targetHints":{"allow":["GET"]}}],"collection":[{"href":"https:\/\/legsedition.net\/public\/wp-json\/wp\/v2\/pages"}],"about":[{"href":"https:\/\/legsedition.net\/public\/wp-json\/wp\/v2\/types\/page"}],"author":[{"embeddable":true,"href":"https:\/\/legsedition.net\/public\/wp-json\/wp\/v2\/users\/2"}],"replies":[{"embeddable":true,"href":"https:\/\/legsedition.net\/public\/wp-json\/wp\/v2\/comments?post=1854"}],"version-history":[{"count":14,"href":"https:\/\/legsedition.net\/public\/wp-json\/wp\/v2\/pages\/1854\/revisions"}],"predecessor-version":[{"id":7898,"href":"https:\/\/legsedition.net\/public\/wp-json\/wp\/v2\/pages\/1854\/revisions\/7898"}],"wp:attachment":[{"href":"https:\/\/legsedition.net\/public\/wp-json\/wp\/v2\/media?parent=1854"}],"curies":[{"name":"wp","href":"https:\/\/api.w.org\/{rel}","templated":true}]}}