{"id":1989,"date":"2018-10-04T14:11:40","date_gmt":"2018-10-04T14:11:40","guid":{"rendered":"http:\/\/legsedition.net\/public\/?page_id=1989"},"modified":"2023-04-07T20:33:39","modified_gmt":"2023-04-07T20:33:39","slug":"soussoule-guerrier","status":"publish","type":"page","link":"https:\/\/legsedition.net\/public\/soussoule-guerrier\/","title":{"rendered":"Soussoule Guerrier"},"content":{"rendered":"<p><a href=\"http:\/\/legsedition.net\/public\/wp-content\/uploads\/2018\/10\/soussoule_1_pic.jpg\"><img fetchpriority=\"high\" decoding=\"async\" class=\"alignleft wp-image-1986 \" src=\"https:\/\/legsedition.net\/public\/wp-content\/uploads\/2018\/10\/soussoule_1_pic.jpg\" alt=\"\" width=\"259\" height=\"309\" srcset=\"https:\/\/legsedition.net\/public\/wp-content\/uploads\/2018\/10\/soussoule_1_pic.jpg 1627w, https:\/\/legsedition.net\/public\/wp-content\/uploads\/2018\/10\/soussoule_1_pic-600x717.jpg 600w, https:\/\/legsedition.net\/public\/wp-content\/uploads\/2018\/10\/soussoule_1_pic-251x300.jpg 251w, https:\/\/legsedition.net\/public\/wp-content\/uploads\/2018\/10\/soussoule_1_pic-768x918.jpg 768w, https:\/\/legsedition.net\/public\/wp-content\/uploads\/2018\/10\/soussoule_1_pic-857x1024.jpg 857w, https:\/\/legsedition.net\/public\/wp-content\/uploads\/2018\/10\/soussoule_1_pic-502x600.jpg 502w, https:\/\/legsedition.net\/public\/wp-content\/uploads\/2018\/10\/soussoule_1_pic-134x160.jpg 134w\" sizes=\"(max-width: 259px) 100vw, 259px\" \/><\/a><span class=\"fontstyle0\">Soussoule Guerrier est n\u00e9e le 11 f\u00e9vrier 1991 \u00e0 Cavaillon dans le Sud d&rsquo;Ha\u00efti. Elle a fait des \u00e9tudes en Gestion et d&rsquo;Administration \u00e0 l&rsquo;Universit\u00e9 Cara\u00efbe. Passionn\u00e9e de litt\u00e9rature jeunesse,\u00a0<\/span><em><span class=\"fontstyle2\">Le voyage de Calou et autres histoires <\/span><\/em><span class=\"fontstyle0\">est son premier livre.<\/span><\/p>\n<p>&nbsp;<\/p>\n<p>&nbsp;<\/p>\n<p>&nbsp;<\/p>\n<p>&nbsp;<\/p>\n<p>&nbsp;<\/p>\n<p><strong>Publication chez LEGS \u00c9DITION<\/strong><\/p>\n<p><a href=\"http:\/\/legsedition.net\/public\/legsedition\/aparaitre\/le-voyage-de-calou-et-autres-contes\/\" target=\"_blank\" rel=\"noopener\"><em>Le voyage de Calou et autres nouvelles<\/em><\/a>, 2018<\/p>\n<p><a href=\"http:\/\/legsedition.net\/public\/wp-content\/uploads\/2018\/06\/cover_voyage_de_calou_1.png\"><img decoding=\"async\" class=\"size-medium wp-image-1969 alignleft\" src=\"http:\/\/legsedition.net\/public\/wp-content\/uploads\/2018\/06\/cover_voyage_de_calou_1-198x300.png\" alt=\"\" width=\"198\" height=\"300\" srcset=\"https:\/\/legsedition.net\/public\/wp-content\/uploads\/2018\/06\/cover_voyage_de_calou_1-198x300.png 198w, https:\/\/legsedition.net\/public\/wp-content\/uploads\/2018\/06\/cover_voyage_de_calou_1-106x160.png 106w, https:\/\/legsedition.net\/public\/wp-content\/uploads\/2018\/06\/cover_voyage_de_calou_1.png 329w\" sizes=\"(max-width: 198px) 100vw, 198px\" \/><\/a><\/p>\n","protected":false},"excerpt":{"rendered":"<p>Soussoule Guerrier est n\u00e9e le 11 f\u00e9vrier 1991 \u00e0 Cavaillon dans le Sud d&rsquo;Ha\u00efti. Elle a fait des \u00e9tudes en Gestion et d&rsquo;Administration \u00e0 l&rsquo;Universit\u00e9 Cara\u00efbe. Passionn\u00e9e de litt\u00e9rature jeunesse,\u00a0Le voyage de Calou et autres histoires est son premier livre&#8230;.<\/p>\n","protected":false},"author":2,"featured_media":0,"parent":0,"menu_order":0,"comment_status":"closed","ping_status":"closed","template":"","meta":{"footnotes":""},"class_list":["post-1989","page","type-page","status-publish","hentry","no-post-thumbnail"],"yoast_head":"<!-- This site is optimized with the Yoast SEO plugin v27.3 - https:\/\/yoast.com\/product\/yoast-seo-wordpress\/ -->\n<title>Soussoule Guerrier | LEGS &Eacute;DITION<\/title>\n<meta name=\"robots\" content=\"index, follow, max-snippet:-1, max-image-preview:large, max-video-preview:-1\" \/>\n<link rel=\"canonical\" href=\"https:\/\/legsedition.net\/public\/soussoule-guerrier\/\" \/>\n<meta property=\"og:locale\" content=\"fr_FR\" \/>\n<meta property=\"og:type\" content=\"article\" \/>\n<meta property=\"og:title\" content=\"Soussoule Guerrier | LEGS &Eacute;DITION\" \/>\n<meta property=\"og:description\" content=\"Soussoule Guerrier est n\u00e9e le 11 f\u00e9vrier 1991 \u00e0 Cavaillon dans le Sud d&rsquo;Ha\u00efti. Elle a fait des \u00e9tudes en Gestion et d&rsquo;Administration \u00e0 l&rsquo;Universit\u00e9 Cara\u00efbe. Passionn\u00e9e de litt\u00e9rature jeunesse,\u00a0Le voyage de Calou et autres histoires est son premier livre....\" \/>\n<meta property=\"og:url\" content=\"https:\/\/legsedition.net\/public\/soussoule-guerrier\/\" \/>\n<meta property=\"og:site_name\" content=\"LEGS &Eacute;DITION\" \/>\n<meta property=\"article:publisher\" content=\"https:\/\/web.facebook.com\/LegsEtLitterature\/\" \/>\n<meta property=\"article:modified_time\" content=\"2023-04-07T20:33:39+00:00\" \/>\n<meta property=\"og:image\" content=\"https:\/\/legsedition.net\/public\/wp-content\/uploads\/2018\/10\/soussoule_1_pic.jpg\" \/>\n<meta name=\"twitter:card\" content=\"summary_large_image\" \/>\n<script type=\"application\/ld+json\" class=\"yoast-schema-graph\">{\"@context\":\"https:\\\/\\\/schema.org\",\"@graph\":[{\"@type\":\"WebPage\",\"@id\":\"https:\\\/\\\/legsedition.net\\\/public\\\/soussoule-guerrier\\\/\",\"url\":\"https:\\\/\\\/legsedition.net\\\/public\\\/soussoule-guerrier\\\/\",\"name\":\"Soussoule Guerrier | LEGS &Eacute;DITION\",\"isPartOf\":{\"@id\":\"https:\\\/\\\/legsedition.net\\\/public\\\/#website\"},\"primaryImageOfPage\":{\"@id\":\"https:\\\/\\\/legsedition.net\\\/public\\\/soussoule-guerrier\\\/#primaryimage\"},\"image\":{\"@id\":\"https:\\\/\\\/legsedition.net\\\/public\\\/soussoule-guerrier\\\/#primaryimage\"},\"thumbnailUrl\":\"https:\\\/\\\/legsedition.net\\\/public\\\/wp-content\\\/uploads\\\/2018\\\/10\\\/soussoule_1_pic.jpg\",\"datePublished\":\"2018-10-04T14:11:40+00:00\",\"dateModified\":\"2023-04-07T20:33:39+00:00\",\"breadcrumb\":{\"@id\":\"https:\\\/\\\/legsedition.net\\\/public\\\/soussoule-guerrier\\\/#breadcrumb\"},\"inLanguage\":\"fr-FR\",\"potentialAction\":[{\"@type\":\"ReadAction\",\"target\":[\"https:\\\/\\\/legsedition.net\\\/public\\\/soussoule-guerrier\\\/\"]}]},{\"@type\":\"ImageObject\",\"inLanguage\":\"fr-FR\",\"@id\":\"https:\\\/\\\/legsedition.net\\\/public\\\/soussoule-guerrier\\\/#primaryimage\",\"url\":\"https:\\\/\\\/legsedition.net\\\/public\\\/wp-content\\\/uploads\\\/2018\\\/10\\\/soussoule_1_pic.jpg\",\"contentUrl\":\"https:\\\/\\\/legsedition.net\\\/public\\\/wp-content\\\/uploads\\\/2018\\\/10\\\/soussoule_1_pic.jpg\",\"width\":1627,\"height\":1944},{\"@type\":\"BreadcrumbList\",\"@id\":\"https:\\\/\\\/legsedition.net\\\/public\\\/soussoule-guerrier\\\/#breadcrumb\",\"itemListElement\":[{\"@type\":\"ListItem\",\"position\":1,\"name\":\"Home\",\"item\":\"https:\\\/\\\/legsedition.net\\\/public\\\/\"},{\"@type\":\"ListItem\",\"position\":2,\"name\":\"Soussoule Guerrier\"}]},{\"@type\":\"WebSite\",\"@id\":\"https:\\\/\\\/legsedition.net\\\/public\\\/#website\",\"url\":\"https:\\\/\\\/legsedition.net\\\/public\\\/\",\"name\":\"LEGS &Eacute;DITION\",\"description\":\"\",\"potentialAction\":[{\"@type\":\"SearchAction\",\"target\":{\"@type\":\"EntryPoint\",\"urlTemplate\":\"https:\\\/\\\/legsedition.net\\\/public\\\/?s={search_term_string}\"},\"query-input\":{\"@type\":\"PropertyValueSpecification\",\"valueRequired\":true,\"valueName\":\"search_term_string\"}}],\"inLanguage\":\"fr-FR\"}]}<\/script>\n<!-- \/ Yoast SEO plugin. -->","yoast_head_json":{"title":"Soussoule Guerrier | LEGS &Eacute;DITION","robots":{"index":"index","follow":"follow","max-snippet":"max-snippet:-1","max-image-preview":"max-image-preview:large","max-video-preview":"max-video-preview:-1"},"canonical":"https:\/\/legsedition.net\/public\/soussoule-guerrier\/","og_locale":"fr_FR","og_type":"article","og_title":"Soussoule Guerrier | LEGS &Eacute;DITION","og_description":"Soussoule Guerrier est n\u00e9e le 11 f\u00e9vrier 1991 \u00e0 Cavaillon dans le Sud d&rsquo;Ha\u00efti. Elle a fait des \u00e9tudes en Gestion et d&rsquo;Administration \u00e0 l&rsquo;Universit\u00e9 Cara\u00efbe. Passionn\u00e9e de litt\u00e9rature jeunesse,\u00a0Le voyage de Calou et autres histoires est son premier livre....","og_url":"https:\/\/legsedition.net\/public\/soussoule-guerrier\/","og_site_name":"LEGS &Eacute;DITION","article_publisher":"https:\/\/web.facebook.com\/LegsEtLitterature\/","article_modified_time":"2023-04-07T20:33:39+00:00","og_image":[{"url":"https:\/\/legsedition.net\/public\/wp-content\/uploads\/2018\/10\/soussoule_1_pic.jpg","type":"","width":"","height":""}],"twitter_card":"summary_large_image","schema":{"@context":"https:\/\/schema.org","@graph":[{"@type":"WebPage","@id":"https:\/\/legsedition.net\/public\/soussoule-guerrier\/","url":"https:\/\/legsedition.net\/public\/soussoule-guerrier\/","name":"Soussoule Guerrier | LEGS &Eacute;DITION","isPartOf":{"@id":"https:\/\/legsedition.net\/public\/#website"},"primaryImageOfPage":{"@id":"https:\/\/legsedition.net\/public\/soussoule-guerrier\/#primaryimage"},"image":{"@id":"https:\/\/legsedition.net\/public\/soussoule-guerrier\/#primaryimage"},"thumbnailUrl":"https:\/\/legsedition.net\/public\/wp-content\/uploads\/2018\/10\/soussoule_1_pic.jpg","datePublished":"2018-10-04T14:11:40+00:00","dateModified":"2023-04-07T20:33:39+00:00","breadcrumb":{"@id":"https:\/\/legsedition.net\/public\/soussoule-guerrier\/#breadcrumb"},"inLanguage":"fr-FR","potentialAction":[{"@type":"ReadAction","target":["https:\/\/legsedition.net\/public\/soussoule-guerrier\/"]}]},{"@type":"ImageObject","inLanguage":"fr-FR","@id":"https:\/\/legsedition.net\/public\/soussoule-guerrier\/#primaryimage","url":"https:\/\/legsedition.net\/public\/wp-content\/uploads\/2018\/10\/soussoule_1_pic.jpg","contentUrl":"https:\/\/legsedition.net\/public\/wp-content\/uploads\/2018\/10\/soussoule_1_pic.jpg","width":1627,"height":1944},{"@type":"BreadcrumbList","@id":"https:\/\/legsedition.net\/public\/soussoule-guerrier\/#breadcrumb","itemListElement":[{"@type":"ListItem","position":1,"name":"Home","item":"https:\/\/legsedition.net\/public\/"},{"@type":"ListItem","position":2,"name":"Soussoule Guerrier"}]},{"@type":"WebSite","@id":"https:\/\/legsedition.net\/public\/#website","url":"https:\/\/legsedition.net\/public\/","name":"LEGS &Eacute;DITION","description":"","potentialAction":[{"@type":"SearchAction","target":{"@type":"EntryPoint","urlTemplate":"https:\/\/legsedition.net\/public\/?s={search_term_string}"},"query-input":{"@type":"PropertyValueSpecification","valueRequired":true,"valueName":"search_term_string"}}],"inLanguage":"fr-FR"}]}},"_links":{"self":[{"href":"https:\/\/legsedition.net\/public\/wp-json\/wp\/v2\/pages\/1989","targetHints":{"allow":["GET"]}}],"collection":[{"href":"https:\/\/legsedition.net\/public\/wp-json\/wp\/v2\/pages"}],"about":[{"href":"https:\/\/legsedition.net\/public\/wp-json\/wp\/v2\/types\/page"}],"author":[{"embeddable":true,"href":"https:\/\/legsedition.net\/public\/wp-json\/wp\/v2\/users\/2"}],"replies":[{"embeddable":true,"href":"https:\/\/legsedition.net\/public\/wp-json\/wp\/v2\/comments?post=1989"}],"version-history":[{"count":2,"href":"https:\/\/legsedition.net\/public\/wp-json\/wp\/v2\/pages\/1989\/revisions"}],"predecessor-version":[{"id":5497,"href":"https:\/\/legsedition.net\/public\/wp-json\/wp\/v2\/pages\/1989\/revisions\/5497"}],"wp:attachment":[{"href":"https:\/\/legsedition.net\/public\/wp-json\/wp\/v2\/media?parent=1989"}],"curies":[{"name":"wp","href":"https:\/\/api.w.org\/{rel}","templated":true}]}}