{"id":2063,"date":"2018-11-06T16:04:17","date_gmt":"2018-11-06T16:04:17","guid":{"rendered":"http:\/\/legsedition.net\/public\/?page_id=2063"},"modified":"2025-05-09T10:37:25","modified_gmt":"2025-05-09T10:37:25","slug":"des-hommes-et-des-ombres","status":"publish","type":"page","link":"https:\/\/legsedition.net\/public\/des-hommes-et-des-ombres\/","title":{"rendered":"&#8230;des hommes et des ombres"},"content":{"rendered":"<p><strong><a href=\"https:\/\/legsedition.net\/public\/wp-content\/uploads\/2019\/06\/cover_1_le_pere.png\"><img decoding=\"async\" class=\"size-medium wp-image-2890 alignleft\" src=\"https:\/\/legsedition.net\/public\/wp-content\/uploads\/2019\/06\/cover_1_le_pere-154x300.png\" alt=\"\" width=\"154\" height=\"300\" srcset=\"https:\/\/legsedition.net\/public\/wp-content\/uploads\/2019\/06\/cover_1_le_pere-154x300.png 154w, https:\/\/legsedition.net\/public\/wp-content\/uploads\/2019\/06\/cover_1_le_pere-82x160.png 82w, https:\/\/legsedition.net\/public\/wp-content\/uploads\/2019\/06\/cover_1_le_pere.png 249w\" sizes=\"(max-width: 154px) 100vw, 154px\" \/><\/a>Auteur : <\/strong>Collectif (Textes r\u00e9unis et pr\u00e9sent\u00e9s par Dieulermesson Petit Fr\u00e8re)<\/p>\n<p><strong>Titres<\/strong> : <em>&#8230;des hommes et des ombres<\/em><\/p>\n<p><strong>Parution : <\/strong>\u00a031 octobre 2018<\/p>\n<p><strong>Collection : <\/strong>Textes Courts<\/p>\n<p><strong>ISBN : <\/strong>978-99970-86-37-2<\/p>\n<p><strong>Prix : <\/strong>&#8212; HTG ; 12,80 USD<\/p>\n<p>Per\u00e7u souvent comme le symbole de l\u2019autorit\u00e9, de l\u2019ordre et de la peur dans l\u2019imaginaire collectif, le p\u00e8re, quand il n\u2019est pas pr\u00e9sent\u00e9 comme un \u00ab\u00a0rat\u00e9\u00a0\u00bb ou un imposteur, il est un sujet quasiment effac\u00e9 du corpus litt\u00e9raire ha\u00eftien. Le fait est que les cr\u00e9ateurs n&rsquo;ont pas su s\u2019approprier son image pour en faire un (vrai) h\u00e9ros. Or, au m\u00eame titre que la m\u00e8re, le p\u00e8re tient, que l\u2019on veuille ou non, un r\u00f4le social, tant le d\u00e9veloppement de la personnalit\u00e9 que dans la construction de l\u2019identit\u00e9. De la premi\u00e8re moiti\u00e9 du 20\u00e8me si\u00e8cle \u00e0 nos jours, son appropriation varie d&rsquo;un \u00e9crivain \u00e0 un autre. Des romanciers r\u00e9alistes \u00e0 Roumain, sa figure appara\u00eet assez floue, d\u2019Alexis (p\u00e8re et fils) en passant par Marie Vieux-Chauvet \u00e0 \u00c9mile Ollivier, il surgit pour ensuite s\u2019estomper peu \u00e0 peu, et de Kettly Mars \u00e0 Gary Victor, la dynamique semble avoir acquis un autre statut.<\/p>\n<p>Dans <i>La lettre au p\u00e8re<\/i>, Franz Kafka fait le proc\u00e8s d\u2019un homme \u2013 un tyran \u2013 qui lui a inspir\u00e9 la terreur durant toute son enfance. Il a donc v\u00e9cu en reclus, ferm\u00e9 sur lui-m\u00eame, sans pouvoir vraiment s&rsquo;\u00e9panouir et profiter de la vie. Cette lettre, jamais remise \u00e0 son destinataire, traduit tout le regret et le d\u00e9sarroi d\u2019un fils dont l\u2019enfance est ruin\u00e9e pour avoir \u00e9t\u00e9 prisonnier d\u2019un sentiment d\u2019inf\u00e9riorit\u00e9 et de rejet de soi. Ce texte, d\u2019une violence rare, se pr\u00e9sente comme un r\u00e8glement de compte et raconte, sans fard, la douleur du fils et ses relations sulfureuses et orageuses avec le p\u00e8re. <i>\u2026des hommes et des ombres<\/i> ne s\u2019inscrit pas dans ce cadre-l\u00e0. Ce n\u2019est nullement un livre d\u2019\u00e9tude de comportements, ni de jugement de valeurs ou des rapports au sein de la structure familiale.<\/p>\n<p>Le pr\u00e9texte ici \u00e9tant de mettre en relief le rapport au p\u00e8re. (D)\u00c9crire le mode de filiation, la distance ou les liens, l\u2019h\u00e9ritage symbolique et la construction de soi \u00e0 travers la figure paternelle, tel est donc l&rsquo;objectif principal. Les correspondances, les liaisons et\/ou re-pr\u00e9sentations d\u00e9coul\u00e9es de l\u2019image v\u00e9hicul\u00e9e au sein de l\u2019univers parental sont souvent le produit d\u2019une certaine complexit\u00e9 constituant elle-m\u00eame une sorte d\u2019impasse du \u00ab\u00a0processus de subjectivation pubertaire\u00a0\u00bb. Lever le voile sur ce c\u00f4t\u00e9 cach\u00e9 de soi, voil\u00e0 de quoi revenir sur ce monde oubli\u00e9 pour mieux appr\u00e9hender l\u2019avenir. Nous avons tous entretenu un quelconque rapport avec le p\u00e8re \u2013 qu\u2019il soit affectif, conflictuel, autoritaire ou harmonieux. Ce sont ces petits moments de bonheur qui ont berc\u00e9 notre adolescence, ces instants de folies qui ont illumin\u00e9 nos matins et ces saisons douloureuses qui ont hant\u00e9 nos r\u00eaves en temps d\u2019enfance.<\/p>\n<p>Des \u00e9crivains racontent, (se) d\u00e9voilent et r\u00e9-inventent ici et l\u00e0 leur relation au p\u00e8re. <em>&#8230;des hommes et des ombres, <\/em>treize r\u00e9cits qui proposent de nouvelles formes de (r\u00e9)appropriation de l&rsquo;image paternelle dans la litt\u00e9rature ha\u00eftienne.<\/p>\n<p style=\"text-align: right;\">[<em>Extrait de l&rsquo;introduction<\/em>]<\/p>\n<p><strong>Les auteurs:\u00a0<\/strong>Franz Benjamin<span class=\"fontstyle0\">\u2015 <\/span>Jean Watson Charles\u00a0<span class=\"fontstyle0\">\u2015 Sybille Claude \u2015 Louis\u00ad-Philippe Dalembert\u00a0<\/span><strong>\u2015 <\/strong><span class=\"fontstyle0\">Marie-\u00adJos\u00e9e Desvignes \u2015 Yanick Lahens\u2015 Jean-\u00adRobert L\u00e9onidas \u2015 St\u00e9phane Martelly\u00a0<\/span><strong>\u2015 <\/strong><span class=\"fontstyle0\">Dieulermesson Petit Fr\u00e8re \u2015 Mirline Pierre\u00a0\u2015 Guy R\u00e9gis Jr \u2015 \u00c9velyne Trouillot \u2015 Gary Victor<\/span><\/p>\n<hr \/>\n<p><strong>Dans la presse :<\/strong><\/p>\n<p><a href=\"https:\/\/www.lenational.org\/post_article.php?cul=1297\" target=\"_blank\" rel=\"noopener\">\u00ab \u2026 des hommes et des ombres \u00bb : des r\u00e9cits pour dire le p\u00e8re \u00bb<\/a><a href=\"https:\/\/letempslitteraire.wordpress.com\/2023\/03\/10\/sans-pere-une-histoire-de-labsence\/\" target=\"_blank\" rel=\"noopener\">, <\/a>Jean-Lucas Saint-Jean,\u00a0<em>Le National,\u00a0<\/em>22 septembre 2023.\u00a0[<a href=\"https:\/\/legsedition.net\/public\/wp-content\/uploads\/2019\/02\/article_Le_National_des-hommes-et-des-ombres-2.pdf\" target=\"_blank\" rel=\"noopener\">Lire l&rsquo;article en PDF, ICI<\/a>]<\/p>\n<p><a href=\"https:\/\/letempslitteraire.wordpress.com\/2023\/03\/10\/sans-pere-une-histoire-de-labsence\/\" target=\"_blank\" rel=\"noopener\">\u00ab\u00a0Sans p\u00e8re :\u00a0une histoire de l\u2019absence\u00a0\u00bb<\/a>,\u00a0<em>Le Temps Litt\u00e9raire,\u00a0<\/em>Evens Dossous, 10 mars 2023.<\/p>\n<p><a href=\"https:\/\/www.lenational.org\/lenational_Admin_1804\/images-journal\/1546-lena-18.png\" target=\"_blank\" rel=\"noopener\">Au nom du p\u00e8re, du fils et des ombres<\/a>, La\u00efla Bien-Aim\u00e9,\u00a0<em>Le National, <\/em>16 novembre 2022 [<a href=\"https:\/\/legsedition.net\/public\/wp-content\/uploads\/2022\/11\/article_Le_National_des-hommes-et-des-ombres.pdf\" target=\"_blank\" rel=\"noopener\">Lire l&rsquo;article en PDF, ICI<\/a>]<\/p>\n","protected":false},"excerpt":{"rendered":"<p>Auteur : Collectif (Textes r\u00e9unis et pr\u00e9sent\u00e9s par Dieulermesson Petit Fr\u00e8re) Titres : &#8230;des hommes et des ombres Parution : \u00a031 octobre 2018 Collection : Textes Courts ISBN : 978-99970-86-37-2 Prix : &#8212; HTG ; 12,80 USD Per\u00e7u souvent comme&#8230;<\/p>\n","protected":false},"author":2,"featured_media":2890,"parent":0,"menu_order":0,"comment_status":"closed","ping_status":"closed","template":"","meta":{"footnotes":""},"class_list":["post-2063","page","type-page","status-publish","has-post-thumbnail","hentry"],"yoast_head":"<!-- This site is optimized with the Yoast SEO plugin v27.3 - https:\/\/yoast.com\/product\/yoast-seo-wordpress\/ -->\n<title>...des hommes et des ombres | LEGS &Eacute;DITION<\/title>\n<meta name=\"robots\" content=\"index, follow, max-snippet:-1, max-image-preview:large, max-video-preview:-1\" \/>\n<link rel=\"canonical\" href=\"https:\/\/legsedition.net\/public\/des-hommes-et-des-ombres\/\" \/>\n<meta property=\"og:locale\" content=\"fr_FR\" \/>\n<meta property=\"og:type\" content=\"article\" \/>\n<meta property=\"og:title\" content=\"...des hommes et des ombres | LEGS &Eacute;DITION\" \/>\n<meta property=\"og:description\" content=\"Auteur : Collectif (Textes r\u00e9unis et pr\u00e9sent\u00e9s par Dieulermesson Petit Fr\u00e8re) Titres : &#8230;des hommes et des ombres Parution : \u00a031 octobre 2018 Collection : Textes Courts ISBN : 978-99970-86-37-2 Prix : &#8212; HTG ; 12,80 USD Per\u00e7u souvent comme...\" \/>\n<meta property=\"og:url\" content=\"https:\/\/legsedition.net\/public\/des-hommes-et-des-ombres\/\" \/>\n<meta property=\"og:site_name\" content=\"LEGS &Eacute;DITION\" \/>\n<meta property=\"article:publisher\" content=\"https:\/\/web.facebook.com\/LegsEtLitterature\/\" \/>\n<meta property=\"article:modified_time\" content=\"2025-05-09T10:37:25+00:00\" \/>\n<meta property=\"og:image\" content=\"https:\/\/legsedition.net\/public\/wp-content\/uploads\/2019\/06\/cover_1_le_pere.png\" \/>\n\t<meta property=\"og:image:width\" content=\"249\" \/>\n\t<meta property=\"og:image:height\" content=\"486\" \/>\n\t<meta property=\"og:image:type\" content=\"image\/png\" \/>\n<meta name=\"twitter:card\" content=\"summary_large_image\" \/>\n<meta name=\"twitter:label1\" content=\"Dur\u00e9e de lecture estim\u00e9e\" \/>\n\t<meta name=\"twitter:data1\" content=\"4 minutes\" \/>\n<script type=\"application\/ld+json\" class=\"yoast-schema-graph\">{\"@context\":\"https:\\\/\\\/schema.org\",\"@graph\":[{\"@type\":\"WebPage\",\"@id\":\"https:\\\/\\\/legsedition.net\\\/public\\\/des-hommes-et-des-ombres\\\/\",\"url\":\"https:\\\/\\\/legsedition.net\\\/public\\\/des-hommes-et-des-ombres\\\/\",\"name\":\"...des hommes et des ombres | LEGS &Eacute;DITION\",\"isPartOf\":{\"@id\":\"https:\\\/\\\/legsedition.net\\\/public\\\/#website\"},\"primaryImageOfPage\":{\"@id\":\"https:\\\/\\\/legsedition.net\\\/public\\\/des-hommes-et-des-ombres\\\/#primaryimage\"},\"image\":{\"@id\":\"https:\\\/\\\/legsedition.net\\\/public\\\/des-hommes-et-des-ombres\\\/#primaryimage\"},\"thumbnailUrl\":\"https:\\\/\\\/legsedition.net\\\/public\\\/wp-content\\\/uploads\\\/2019\\\/06\\\/cover_1_le_pere.png\",\"datePublished\":\"2018-11-06T16:04:17+00:00\",\"dateModified\":\"2025-05-09T10:37:25+00:00\",\"breadcrumb\":{\"@id\":\"https:\\\/\\\/legsedition.net\\\/public\\\/des-hommes-et-des-ombres\\\/#breadcrumb\"},\"inLanguage\":\"fr-FR\",\"potentialAction\":[{\"@type\":\"ReadAction\",\"target\":[\"https:\\\/\\\/legsedition.net\\\/public\\\/des-hommes-et-des-ombres\\\/\"]}]},{\"@type\":\"ImageObject\",\"inLanguage\":\"fr-FR\",\"@id\":\"https:\\\/\\\/legsedition.net\\\/public\\\/des-hommes-et-des-ombres\\\/#primaryimage\",\"url\":\"https:\\\/\\\/legsedition.net\\\/public\\\/wp-content\\\/uploads\\\/2019\\\/06\\\/cover_1_le_pere.png\",\"contentUrl\":\"https:\\\/\\\/legsedition.net\\\/public\\\/wp-content\\\/uploads\\\/2019\\\/06\\\/cover_1_le_pere.png\",\"width\":249,\"height\":486},{\"@type\":\"BreadcrumbList\",\"@id\":\"https:\\\/\\\/legsedition.net\\\/public\\\/des-hommes-et-des-ombres\\\/#breadcrumb\",\"itemListElement\":[{\"@type\":\"ListItem\",\"position\":1,\"name\":\"Home\",\"item\":\"https:\\\/\\\/legsedition.net\\\/public\\\/\"},{\"@type\":\"ListItem\",\"position\":2,\"name\":\"&#8230;des hommes et des ombres\"}]},{\"@type\":\"WebSite\",\"@id\":\"https:\\\/\\\/legsedition.net\\\/public\\\/#website\",\"url\":\"https:\\\/\\\/legsedition.net\\\/public\\\/\",\"name\":\"LEGS &Eacute;DITION\",\"description\":\"\",\"potentialAction\":[{\"@type\":\"SearchAction\",\"target\":{\"@type\":\"EntryPoint\",\"urlTemplate\":\"https:\\\/\\\/legsedition.net\\\/public\\\/?s={search_term_string}\"},\"query-input\":{\"@type\":\"PropertyValueSpecification\",\"valueRequired\":true,\"valueName\":\"search_term_string\"}}],\"inLanguage\":\"fr-FR\"}]}<\/script>\n<!-- \/ Yoast SEO plugin. -->","yoast_head_json":{"title":"...des hommes et des ombres | LEGS &Eacute;DITION","robots":{"index":"index","follow":"follow","max-snippet":"max-snippet:-1","max-image-preview":"max-image-preview:large","max-video-preview":"max-video-preview:-1"},"canonical":"https:\/\/legsedition.net\/public\/des-hommes-et-des-ombres\/","og_locale":"fr_FR","og_type":"article","og_title":"...des hommes et des ombres | LEGS &Eacute;DITION","og_description":"Auteur : Collectif (Textes r\u00e9unis et pr\u00e9sent\u00e9s par Dieulermesson Petit Fr\u00e8re) Titres : &#8230;des hommes et des ombres Parution : \u00a031 octobre 2018 Collection : Textes Courts ISBN : 978-99970-86-37-2 Prix : &#8212; HTG ; 12,80 USD Per\u00e7u souvent comme...","og_url":"https:\/\/legsedition.net\/public\/des-hommes-et-des-ombres\/","og_site_name":"LEGS &Eacute;DITION","article_publisher":"https:\/\/web.facebook.com\/LegsEtLitterature\/","article_modified_time":"2025-05-09T10:37:25+00:00","og_image":[{"width":249,"height":486,"url":"https:\/\/legsedition.net\/public\/wp-content\/uploads\/2019\/06\/cover_1_le_pere.png","type":"image\/png"}],"twitter_card":"summary_large_image","twitter_misc":{"Dur\u00e9e de lecture estim\u00e9e":"4 minutes"},"schema":{"@context":"https:\/\/schema.org","@graph":[{"@type":"WebPage","@id":"https:\/\/legsedition.net\/public\/des-hommes-et-des-ombres\/","url":"https:\/\/legsedition.net\/public\/des-hommes-et-des-ombres\/","name":"...des hommes et des ombres | LEGS &Eacute;DITION","isPartOf":{"@id":"https:\/\/legsedition.net\/public\/#website"},"primaryImageOfPage":{"@id":"https:\/\/legsedition.net\/public\/des-hommes-et-des-ombres\/#primaryimage"},"image":{"@id":"https:\/\/legsedition.net\/public\/des-hommes-et-des-ombres\/#primaryimage"},"thumbnailUrl":"https:\/\/legsedition.net\/public\/wp-content\/uploads\/2019\/06\/cover_1_le_pere.png","datePublished":"2018-11-06T16:04:17+00:00","dateModified":"2025-05-09T10:37:25+00:00","breadcrumb":{"@id":"https:\/\/legsedition.net\/public\/des-hommes-et-des-ombres\/#breadcrumb"},"inLanguage":"fr-FR","potentialAction":[{"@type":"ReadAction","target":["https:\/\/legsedition.net\/public\/des-hommes-et-des-ombres\/"]}]},{"@type":"ImageObject","inLanguage":"fr-FR","@id":"https:\/\/legsedition.net\/public\/des-hommes-et-des-ombres\/#primaryimage","url":"https:\/\/legsedition.net\/public\/wp-content\/uploads\/2019\/06\/cover_1_le_pere.png","contentUrl":"https:\/\/legsedition.net\/public\/wp-content\/uploads\/2019\/06\/cover_1_le_pere.png","width":249,"height":486},{"@type":"BreadcrumbList","@id":"https:\/\/legsedition.net\/public\/des-hommes-et-des-ombres\/#breadcrumb","itemListElement":[{"@type":"ListItem","position":1,"name":"Home","item":"https:\/\/legsedition.net\/public\/"},{"@type":"ListItem","position":2,"name":"&#8230;des hommes et des ombres"}]},{"@type":"WebSite","@id":"https:\/\/legsedition.net\/public\/#website","url":"https:\/\/legsedition.net\/public\/","name":"LEGS &Eacute;DITION","description":"","potentialAction":[{"@type":"SearchAction","target":{"@type":"EntryPoint","urlTemplate":"https:\/\/legsedition.net\/public\/?s={search_term_string}"},"query-input":{"@type":"PropertyValueSpecification","valueRequired":true,"valueName":"search_term_string"}}],"inLanguage":"fr-FR"}]}},"_links":{"self":[{"href":"https:\/\/legsedition.net\/public\/wp-json\/wp\/v2\/pages\/2063","targetHints":{"allow":["GET"]}}],"collection":[{"href":"https:\/\/legsedition.net\/public\/wp-json\/wp\/v2\/pages"}],"about":[{"href":"https:\/\/legsedition.net\/public\/wp-json\/wp\/v2\/types\/page"}],"author":[{"embeddable":true,"href":"https:\/\/legsedition.net\/public\/wp-json\/wp\/v2\/users\/2"}],"replies":[{"embeddable":true,"href":"https:\/\/legsedition.net\/public\/wp-json\/wp\/v2\/comments?post=2063"}],"version-history":[{"count":16,"href":"https:\/\/legsedition.net\/public\/wp-json\/wp\/v2\/pages\/2063\/revisions"}],"predecessor-version":[{"id":8611,"href":"https:\/\/legsedition.net\/public\/wp-json\/wp\/v2\/pages\/2063\/revisions\/8611"}],"wp:featuredmedia":[{"embeddable":true,"href":"https:\/\/legsedition.net\/public\/wp-json\/wp\/v2\/media\/2890"}],"wp:attachment":[{"href":"https:\/\/legsedition.net\/public\/wp-json\/wp\/v2\/media?parent=2063"}],"curies":[{"name":"wp","href":"https:\/\/api.w.org\/{rel}","templated":true}]}}