{"id":2081,"date":"2018-11-08T16:18:40","date_gmt":"2018-11-08T16:18:40","guid":{"rendered":"http:\/\/legsedition.net\/public\/?page_id=2081"},"modified":"2023-04-07T20:31:14","modified_gmt":"2023-04-07T20:31:14","slug":"stephane-martelly","status":"publish","type":"page","link":"https:\/\/legsedition.net\/public\/stephane-martelly\/","title":{"rendered":"St\u00e9phane Martelly"},"content":{"rendered":"<p><a href=\"http:\/\/legsedition.net\/public\/wp-content\/uploads\/2018\/11\/stephane_martelly-1.jpg\"><img fetchpriority=\"high\" decoding=\"async\" class=\"alignleft wp-image-2080 \" src=\"https:\/\/legsedition.net\/public\/wp-content\/uploads\/2018\/11\/stephane_martelly-1.jpg\" alt=\"\" width=\"338\" height=\"225\" srcset=\"https:\/\/legsedition.net\/public\/wp-content\/uploads\/2018\/11\/stephane_martelly-1.jpg 640w, https:\/\/legsedition.net\/public\/wp-content\/uploads\/2018\/11\/stephane_martelly-1-600x399.jpg 600w, https:\/\/legsedition.net\/public\/wp-content\/uploads\/2018\/11\/stephane_martelly-1-300x200.jpg 300w, https:\/\/legsedition.net\/public\/wp-content\/uploads\/2018\/11\/stephane_martelly-1-240x160.jpg 240w, https:\/\/legsedition.net\/public\/wp-content\/uploads\/2018\/11\/stephane_martelly-1-272x182.jpg 272w\" sizes=\"(max-width: 338px) 100vw, 338px\" \/><\/a>N\u00e9e en 1974 en Ha\u00efti, St\u00e9phane Martelly vit au Canada depuis 2002. Elle y a fait des \u00e9tudes doctorales en \u00c9tudes fran\u00e7aises \u00e0 l&rsquo;Universit\u00e9 de Montr\u00e9al et m\u00e8ne une double carri\u00e8re de professeure et d&rsquo;\u00e9crivaine. Essayiste, po\u00e8te et peintre, elle est l&rsquo;auteur, entre autres de <em>La bo\u00eete noire<\/em> Suivi de <em>D\u00e9parts<\/em>\u00a0et <em>Inventaires<\/em>\u00bb (po\u00e8mes) et <em>Le sujet opaque<\/em>, <em>une lecture de l&rsquo;\u0153uvre po\u00e9tique de Magloire Saint-Aude<\/em>, un essai monumental sur l&rsquo;un des plus grands po\u00e8tes surr\u00e9alistes ha\u00eftiens du XXe si\u00e8cle.\u00a0[<a href=\"http:\/\/ile-en-ile.org\/martelly\/\" target=\"_blank\" rel=\"noopener\">Voir la page de pr\u00e9sentation de St\u00e9phane Martelly sur \u00cele en \u00cele<\/a>]<\/p>\n<p>&nbsp;<\/p>\n<p><strong>Publication chez LEGS \u00c9DITION<\/strong><\/p>\n<p><em><a href=\"http:\/\/legsedition.net\/public\/des-hommes-et-des-ombres\/\" target=\"_blank\" rel=\"noopener\">&#8230;des hommes et des ombres<\/a>,\u00a0<\/em>2018<\/p>\n<p><a href=\"http:\/\/legsedition.net\/public\/wp-content\/uploads\/2018\/08\/cover_1_le_pere.png\"><img decoding=\"async\" class=\"alignnone size-medium wp-image-1967\" src=\"http:\/\/legsedition.net\/public\/wp-content\/uploads\/2018\/08\/cover_1_le_pere-154x300.png\" alt=\"\" width=\"154\" height=\"300\" srcset=\"https:\/\/legsedition.net\/public\/wp-content\/uploads\/2018\/08\/cover_1_le_pere-154x300.png 154w, https:\/\/legsedition.net\/public\/wp-content\/uploads\/2018\/08\/cover_1_le_pere-82x160.png 82w, https:\/\/legsedition.net\/public\/wp-content\/uploads\/2018\/08\/cover_1_le_pere.png 249w\" sizes=\"(max-width: 154px) 100vw, 154px\" \/><\/a><\/p>\n","protected":false},"excerpt":{"rendered":"<p>N\u00e9e en 1974 en Ha\u00efti, St\u00e9phane Martelly vit au Canada depuis 2002. Elle y a fait des \u00e9tudes doctorales en \u00c9tudes fran\u00e7aises \u00e0 l&rsquo;Universit\u00e9 de Montr\u00e9al et m\u00e8ne une double carri\u00e8re de professeure et d&rsquo;\u00e9crivaine. Essayiste, po\u00e8te et peintre, elle&#8230;<\/p>\n","protected":false},"author":2,"featured_media":0,"parent":0,"menu_order":0,"comment_status":"closed","ping_status":"closed","template":"","meta":{"footnotes":""},"class_list":["post-2081","page","type-page","status-publish","hentry","no-post-thumbnail"],"yoast_head":"<!-- This site is optimized with the Yoast SEO plugin v27.3 - https:\/\/yoast.com\/product\/yoast-seo-wordpress\/ -->\n<title>St\u00e9phane Martelly | LEGS &Eacute;DITION<\/title>\n<meta name=\"robots\" content=\"index, follow, max-snippet:-1, max-image-preview:large, max-video-preview:-1\" \/>\n<link rel=\"canonical\" href=\"https:\/\/legsedition.net\/public\/stephane-martelly\/\" \/>\n<meta property=\"og:locale\" content=\"fr_FR\" \/>\n<meta property=\"og:type\" content=\"article\" \/>\n<meta property=\"og:title\" content=\"St\u00e9phane Martelly | LEGS &Eacute;DITION\" \/>\n<meta property=\"og:description\" content=\"N\u00e9e en 1974 en Ha\u00efti, St\u00e9phane Martelly vit au Canada depuis 2002. Elle y a fait des \u00e9tudes doctorales en \u00c9tudes fran\u00e7aises \u00e0 l&rsquo;Universit\u00e9 de Montr\u00e9al et m\u00e8ne une double carri\u00e8re de professeure et d&rsquo;\u00e9crivaine. Essayiste, po\u00e8te et peintre, elle...\" \/>\n<meta property=\"og:url\" content=\"https:\/\/legsedition.net\/public\/stephane-martelly\/\" \/>\n<meta property=\"og:site_name\" content=\"LEGS &Eacute;DITION\" \/>\n<meta property=\"article:publisher\" content=\"https:\/\/web.facebook.com\/LegsEtLitterature\/\" \/>\n<meta property=\"article:modified_time\" content=\"2023-04-07T20:31:14+00:00\" \/>\n<meta property=\"og:image\" content=\"https:\/\/legsedition.net\/public\/wp-content\/uploads\/2018\/11\/stephane_martelly-1.jpg\" \/>\n<meta name=\"twitter:card\" content=\"summary_large_image\" \/>\n<meta name=\"twitter:label1\" content=\"Dur\u00e9e de lecture estim\u00e9e\" \/>\n\t<meta name=\"twitter:data1\" content=\"1 minute\" \/>\n<script type=\"application\/ld+json\" class=\"yoast-schema-graph\">{\"@context\":\"https:\\\/\\\/schema.org\",\"@graph\":[{\"@type\":\"WebPage\",\"@id\":\"https:\\\/\\\/legsedition.net\\\/public\\\/stephane-martelly\\\/\",\"url\":\"https:\\\/\\\/legsedition.net\\\/public\\\/stephane-martelly\\\/\",\"name\":\"St\u00e9phane Martelly | LEGS &Eacute;DITION\",\"isPartOf\":{\"@id\":\"https:\\\/\\\/legsedition.net\\\/public\\\/#website\"},\"primaryImageOfPage\":{\"@id\":\"https:\\\/\\\/legsedition.net\\\/public\\\/stephane-martelly\\\/#primaryimage\"},\"image\":{\"@id\":\"https:\\\/\\\/legsedition.net\\\/public\\\/stephane-martelly\\\/#primaryimage\"},\"thumbnailUrl\":\"https:\\\/\\\/legsedition.net\\\/public\\\/wp-content\\\/uploads\\\/2018\\\/11\\\/stephane_martelly-1.jpg\",\"datePublished\":\"2018-11-08T16:18:40+00:00\",\"dateModified\":\"2023-04-07T20:31:14+00:00\",\"breadcrumb\":{\"@id\":\"https:\\\/\\\/legsedition.net\\\/public\\\/stephane-martelly\\\/#breadcrumb\"},\"inLanguage\":\"fr-FR\",\"potentialAction\":[{\"@type\":\"ReadAction\",\"target\":[\"https:\\\/\\\/legsedition.net\\\/public\\\/stephane-martelly\\\/\"]}]},{\"@type\":\"ImageObject\",\"inLanguage\":\"fr-FR\",\"@id\":\"https:\\\/\\\/legsedition.net\\\/public\\\/stephane-martelly\\\/#primaryimage\",\"url\":\"https:\\\/\\\/legsedition.net\\\/public\\\/wp-content\\\/uploads\\\/2018\\\/11\\\/stephane_martelly-1.jpg\",\"contentUrl\":\"https:\\\/\\\/legsedition.net\\\/public\\\/wp-content\\\/uploads\\\/2018\\\/11\\\/stephane_martelly-1.jpg\",\"width\":640,\"height\":426},{\"@type\":\"BreadcrumbList\",\"@id\":\"https:\\\/\\\/legsedition.net\\\/public\\\/stephane-martelly\\\/#breadcrumb\",\"itemListElement\":[{\"@type\":\"ListItem\",\"position\":1,\"name\":\"Home\",\"item\":\"https:\\\/\\\/legsedition.net\\\/public\\\/\"},{\"@type\":\"ListItem\",\"position\":2,\"name\":\"St\u00e9phane Martelly\"}]},{\"@type\":\"WebSite\",\"@id\":\"https:\\\/\\\/legsedition.net\\\/public\\\/#website\",\"url\":\"https:\\\/\\\/legsedition.net\\\/public\\\/\",\"name\":\"LEGS &Eacute;DITION\",\"description\":\"\",\"potentialAction\":[{\"@type\":\"SearchAction\",\"target\":{\"@type\":\"EntryPoint\",\"urlTemplate\":\"https:\\\/\\\/legsedition.net\\\/public\\\/?s={search_term_string}\"},\"query-input\":{\"@type\":\"PropertyValueSpecification\",\"valueRequired\":true,\"valueName\":\"search_term_string\"}}],\"inLanguage\":\"fr-FR\"}]}<\/script>\n<!-- \/ Yoast SEO plugin. -->","yoast_head_json":{"title":"St\u00e9phane Martelly | LEGS &Eacute;DITION","robots":{"index":"index","follow":"follow","max-snippet":"max-snippet:-1","max-image-preview":"max-image-preview:large","max-video-preview":"max-video-preview:-1"},"canonical":"https:\/\/legsedition.net\/public\/stephane-martelly\/","og_locale":"fr_FR","og_type":"article","og_title":"St\u00e9phane Martelly | LEGS &Eacute;DITION","og_description":"N\u00e9e en 1974 en Ha\u00efti, St\u00e9phane Martelly vit au Canada depuis 2002. Elle y a fait des \u00e9tudes doctorales en \u00c9tudes fran\u00e7aises \u00e0 l&rsquo;Universit\u00e9 de Montr\u00e9al et m\u00e8ne une double carri\u00e8re de professeure et d&rsquo;\u00e9crivaine. Essayiste, po\u00e8te et peintre, elle...","og_url":"https:\/\/legsedition.net\/public\/stephane-martelly\/","og_site_name":"LEGS &Eacute;DITION","article_publisher":"https:\/\/web.facebook.com\/LegsEtLitterature\/","article_modified_time":"2023-04-07T20:31:14+00:00","og_image":[{"url":"https:\/\/legsedition.net\/public\/wp-content\/uploads\/2018\/11\/stephane_martelly-1.jpg","type":"","width":"","height":""}],"twitter_card":"summary_large_image","twitter_misc":{"Dur\u00e9e de lecture estim\u00e9e":"1 minute"},"schema":{"@context":"https:\/\/schema.org","@graph":[{"@type":"WebPage","@id":"https:\/\/legsedition.net\/public\/stephane-martelly\/","url":"https:\/\/legsedition.net\/public\/stephane-martelly\/","name":"St\u00e9phane Martelly | LEGS &Eacute;DITION","isPartOf":{"@id":"https:\/\/legsedition.net\/public\/#website"},"primaryImageOfPage":{"@id":"https:\/\/legsedition.net\/public\/stephane-martelly\/#primaryimage"},"image":{"@id":"https:\/\/legsedition.net\/public\/stephane-martelly\/#primaryimage"},"thumbnailUrl":"https:\/\/legsedition.net\/public\/wp-content\/uploads\/2018\/11\/stephane_martelly-1.jpg","datePublished":"2018-11-08T16:18:40+00:00","dateModified":"2023-04-07T20:31:14+00:00","breadcrumb":{"@id":"https:\/\/legsedition.net\/public\/stephane-martelly\/#breadcrumb"},"inLanguage":"fr-FR","potentialAction":[{"@type":"ReadAction","target":["https:\/\/legsedition.net\/public\/stephane-martelly\/"]}]},{"@type":"ImageObject","inLanguage":"fr-FR","@id":"https:\/\/legsedition.net\/public\/stephane-martelly\/#primaryimage","url":"https:\/\/legsedition.net\/public\/wp-content\/uploads\/2018\/11\/stephane_martelly-1.jpg","contentUrl":"https:\/\/legsedition.net\/public\/wp-content\/uploads\/2018\/11\/stephane_martelly-1.jpg","width":640,"height":426},{"@type":"BreadcrumbList","@id":"https:\/\/legsedition.net\/public\/stephane-martelly\/#breadcrumb","itemListElement":[{"@type":"ListItem","position":1,"name":"Home","item":"https:\/\/legsedition.net\/public\/"},{"@type":"ListItem","position":2,"name":"St\u00e9phane Martelly"}]},{"@type":"WebSite","@id":"https:\/\/legsedition.net\/public\/#website","url":"https:\/\/legsedition.net\/public\/","name":"LEGS &Eacute;DITION","description":"","potentialAction":[{"@type":"SearchAction","target":{"@type":"EntryPoint","urlTemplate":"https:\/\/legsedition.net\/public\/?s={search_term_string}"},"query-input":{"@type":"PropertyValueSpecification","valueRequired":true,"valueName":"search_term_string"}}],"inLanguage":"fr-FR"}]}},"_links":{"self":[{"href":"https:\/\/legsedition.net\/public\/wp-json\/wp\/v2\/pages\/2081","targetHints":{"allow":["GET"]}}],"collection":[{"href":"https:\/\/legsedition.net\/public\/wp-json\/wp\/v2\/pages"}],"about":[{"href":"https:\/\/legsedition.net\/public\/wp-json\/wp\/v2\/types\/page"}],"author":[{"embeddable":true,"href":"https:\/\/legsedition.net\/public\/wp-json\/wp\/v2\/users\/2"}],"replies":[{"embeddable":true,"href":"https:\/\/legsedition.net\/public\/wp-json\/wp\/v2\/comments?post=2081"}],"version-history":[{"count":5,"href":"https:\/\/legsedition.net\/public\/wp-json\/wp\/v2\/pages\/2081\/revisions"}],"predecessor-version":[{"id":5495,"href":"https:\/\/legsedition.net\/public\/wp-json\/wp\/v2\/pages\/2081\/revisions\/5495"}],"wp:attachment":[{"href":"https:\/\/legsedition.net\/public\/wp-json\/wp\/v2\/media?parent=2081"}],"curies":[{"name":"wp","href":"https:\/\/api.w.org\/{rel}","templated":true}]}}