{"id":2094,"date":"2018-11-08T17:17:49","date_gmt":"2018-11-08T17:17:49","guid":{"rendered":"http:\/\/legsedition.net\/public\/?page_id=2094"},"modified":"2023-04-07T20:35:15","modified_gmt":"2023-04-07T20:35:15","slug":"marie-josee-desvignes","status":"publish","type":"page","link":"https:\/\/legsedition.net\/public\/marie-josee-desvignes\/","title":{"rendered":"Marie-Jos\u00e9e Desvignes"},"content":{"rendered":"<p><a href=\"http:\/\/legsedition.net\/public\/wp-content\/uploads\/2015\/10\/desvignes-marie-Josee2-1.png\"><img fetchpriority=\"high\" decoding=\"async\" class=\"alignleft wp-image-1232 \" src=\"https:\/\/legsedition.net\/public\/wp-content\/uploads\/2015\/10\/desvignes-marie-Josee2-1.png\" alt=\"\" width=\"267\" height=\"353\" srcset=\"https:\/\/legsedition.net\/public\/wp-content\/uploads\/2015\/10\/desvignes-marie-Josee2-1.png 500w, https:\/\/legsedition.net\/public\/wp-content\/uploads\/2015\/10\/desvignes-marie-Josee2-1-416x551.png 416w, https:\/\/legsedition.net\/public\/wp-content\/uploads\/2015\/10\/desvignes-marie-Josee2-1-227x300.png 227w, https:\/\/legsedition.net\/public\/wp-content\/uploads\/2015\/10\/desvignes-marie-Josee2-1-453x600.png 453w, https:\/\/legsedition.net\/public\/wp-content\/uploads\/2015\/10\/desvignes-marie-Josee2-1-121x160.png 121w\" sizes=\"(max-width: 267px) 100vw, 267px\" \/><\/a>Marie-Jos\u00e9e Desvignes est po\u00e8te, nouvelliste, romanci\u00e8re et peintre. D\u00e9tentrice d&rsquo;un DEA en Lettres modernes, et r\u00e9dactrice \u00e0 la revue <em>Legs et Litt\u00e9rature<\/em>, elle est l&rsquo;auteure de nombre d&rsquo;articles parus dans des journaux et en ligne, d&rsquo;un essai <em>La litt\u00e9rature \u00e0 la port\u00e9e des enfants<\/em> (2000), d&rsquo;un r\u00e9cit po\u00e9tique : <em>Requiem<\/em> (2013) et d&rsquo;un recueil de po\u00e8mes <em>Langue interdite, langue am\u00e8re<\/em> (2018). Chroniqueure litt\u00e9raire, elle a collabor\u00e9 \u00e0\u00a0<em>La Cause litt\u00e9raire, Le Club de M\u00e9diapart, Recours au po\u00e8me\u00a0<\/em>et publie nombre d&rsquo;articles sur son blog\u00a0<em><a href=\"https:\/\/mjdesvignes.wordpress.com\/\" target=\"_blank\" rel=\"noopener\">Voix et Silence<\/a><\/em>.<\/p>\n<p>&nbsp;<\/p>\n<p>&nbsp;<\/p>\n<p>&nbsp;<\/p>\n<p><strong>Publications chez LEGS \u00c9DITION<\/strong><\/p>\n<p><a href=\"https:\/\/legsedition.net\/public\/2021\/06\/30\/elderic-et-le-livre-des-mondes-2\/\" target=\"_blank\" rel=\"noopener\">Eld\u00e9ric et le Livre des Mondes<\/a>, tome 2, 2021<\/p>\n<p><a href=\"https:\/\/legsedition.net\/public\/wp-content\/uploads\/2021\/07\/Cover_elderic.png\"><img decoding=\"async\" class=\"alignnone wp-image-4064 size-medium\" src=\"https:\/\/legsedition.net\/public\/wp-content\/uploads\/2021\/07\/Cover_elderic-200x300.png\" alt=\"\" width=\"200\" height=\"300\" srcset=\"https:\/\/legsedition.net\/public\/wp-content\/uploads\/2021\/07\/Cover_elderic-200x300.png 200w, https:\/\/legsedition.net\/public\/wp-content\/uploads\/2021\/07\/Cover_elderic-106x160.png 106w, https:\/\/legsedition.net\/public\/wp-content\/uploads\/2021\/07\/Cover_elderic.png 302w\" sizes=\"(max-width: 200px) 100vw, 200px\" \/><\/a><\/p>\n<p><a href=\"https:\/\/legsedition.net\/public\/elderic-et-le-livre-des-mondes\/\" target=\"_blank\" rel=\"noopener\">Eld\u00e9ric et le Livre des Mondes<\/a>, 2019<\/p>\n<p><a href=\"https:\/\/legsedition.net\/public\/wp-content\/uploads\/2019\/04\/cover_elderic_et_le_livre_des_mondes_1.png\"><img decoding=\"async\" class=\"alignnone size-medium wp-image-2742\" src=\"https:\/\/legsedition.net\/public\/wp-content\/uploads\/2019\/04\/cover_elderic_et_le_livre_des_mondes_1-200x300.png\" alt=\"\" width=\"200\" height=\"300\" srcset=\"https:\/\/legsedition.net\/public\/wp-content\/uploads\/2019\/04\/cover_elderic_et_le_livre_des_mondes_1-200x300.png 200w, https:\/\/legsedition.net\/public\/wp-content\/uploads\/2019\/04\/cover_elderic_et_le_livre_des_mondes_1-106x160.png 106w, https:\/\/legsedition.net\/public\/wp-content\/uploads\/2019\/04\/cover_elderic_et_le_livre_des_mondes_1.png 336w\" sizes=\"(max-width: 200px) 100vw, 200px\" \/><\/a><\/p>\n<p><em>..<a href=\"http:\/\/legsedition.net\/public\/des-hommes-et-des-ombres\/\" target=\"_blank\" rel=\"noopener\">.des hommes et des ombres<\/a>,\u00a0<\/em>2018<\/p>\n<p><a href=\"http:\/\/legsedition.net\/public\/wp-content\/uploads\/2018\/08\/cover_1_le_pere.png\"><img loading=\"lazy\" decoding=\"async\" class=\"alignnone size-medium wp-image-1967\" src=\"http:\/\/legsedition.net\/public\/wp-content\/uploads\/2018\/08\/cover_1_le_pere-154x300.png\" alt=\"\" width=\"154\" height=\"300\" srcset=\"https:\/\/legsedition.net\/public\/wp-content\/uploads\/2018\/08\/cover_1_le_pere-154x300.png 154w, https:\/\/legsedition.net\/public\/wp-content\/uploads\/2018\/08\/cover_1_le_pere-82x160.png 82w, https:\/\/legsedition.net\/public\/wp-content\/uploads\/2018\/08\/cover_1_le_pere.png 249w\" sizes=\"(max-width: 154px) 100vw, 154px\" \/><\/a><\/p>\n","protected":false},"excerpt":{"rendered":"<p>Marie-Jos\u00e9e Desvignes est po\u00e8te, nouvelliste, romanci\u00e8re et peintre. D\u00e9tentrice d&rsquo;un DEA en Lettres modernes, et r\u00e9dactrice \u00e0 la revue Legs et Litt\u00e9rature, elle est l&rsquo;auteure de nombre d&rsquo;articles parus dans des journaux et en ligne, d&rsquo;un essai La litt\u00e9rature \u00e0&#8230;<\/p>\n","protected":false},"author":2,"featured_media":0,"parent":0,"menu_order":0,"comment_status":"closed","ping_status":"closed","template":"","meta":{"footnotes":""},"class_list":["post-2094","page","type-page","status-publish","hentry","no-post-thumbnail"],"yoast_head":"<!-- This site is optimized with the Yoast SEO plugin v27.3 - https:\/\/yoast.com\/product\/yoast-seo-wordpress\/ -->\n<title>Marie-Jos\u00e9e Desvignes | LEGS &Eacute;DITION<\/title>\n<meta name=\"robots\" content=\"index, follow, max-snippet:-1, max-image-preview:large, max-video-preview:-1\" \/>\n<link rel=\"canonical\" href=\"https:\/\/legsedition.net\/public\/marie-josee-desvignes\/\" \/>\n<meta property=\"og:locale\" content=\"fr_FR\" \/>\n<meta property=\"og:type\" content=\"article\" \/>\n<meta property=\"og:title\" content=\"Marie-Jos\u00e9e Desvignes | LEGS &Eacute;DITION\" \/>\n<meta property=\"og:description\" content=\"Marie-Jos\u00e9e Desvignes est po\u00e8te, nouvelliste, romanci\u00e8re et peintre. D\u00e9tentrice d&rsquo;un DEA en Lettres modernes, et r\u00e9dactrice \u00e0 la revue Legs et Litt\u00e9rature, elle est l&rsquo;auteure de nombre d&rsquo;articles parus dans des journaux et en ligne, d&rsquo;un essai La litt\u00e9rature \u00e0...\" \/>\n<meta property=\"og:url\" content=\"https:\/\/legsedition.net\/public\/marie-josee-desvignes\/\" \/>\n<meta property=\"og:site_name\" content=\"LEGS &Eacute;DITION\" \/>\n<meta property=\"article:publisher\" content=\"https:\/\/web.facebook.com\/LegsEtLitterature\/\" \/>\n<meta property=\"article:modified_time\" content=\"2023-04-07T20:35:15+00:00\" \/>\n<meta property=\"og:image\" content=\"https:\/\/legsedition.net\/public\/wp-content\/uploads\/2015\/10\/desvignes-marie-Josee2-1.png\" \/>\n<meta name=\"twitter:card\" content=\"summary_large_image\" \/>\n<meta name=\"twitter:label1\" content=\"Dur\u00e9e de lecture estim\u00e9e\" \/>\n\t<meta name=\"twitter:data1\" content=\"1 minute\" \/>\n<script type=\"application\/ld+json\" class=\"yoast-schema-graph\">{\"@context\":\"https:\\\/\\\/schema.org\",\"@graph\":[{\"@type\":\"WebPage\",\"@id\":\"https:\\\/\\\/legsedition.net\\\/public\\\/marie-josee-desvignes\\\/\",\"url\":\"https:\\\/\\\/legsedition.net\\\/public\\\/marie-josee-desvignes\\\/\",\"name\":\"Marie-Jos\u00e9e Desvignes | LEGS &Eacute;DITION\",\"isPartOf\":{\"@id\":\"https:\\\/\\\/legsedition.net\\\/public\\\/#website\"},\"primaryImageOfPage\":{\"@id\":\"https:\\\/\\\/legsedition.net\\\/public\\\/marie-josee-desvignes\\\/#primaryimage\"},\"image\":{\"@id\":\"https:\\\/\\\/legsedition.net\\\/public\\\/marie-josee-desvignes\\\/#primaryimage\"},\"thumbnailUrl\":\"https:\\\/\\\/legsedition.net\\\/public\\\/wp-content\\\/uploads\\\/2015\\\/10\\\/desvignes-marie-Josee2-1.png\",\"datePublished\":\"2018-11-08T17:17:49+00:00\",\"dateModified\":\"2023-04-07T20:35:15+00:00\",\"breadcrumb\":{\"@id\":\"https:\\\/\\\/legsedition.net\\\/public\\\/marie-josee-desvignes\\\/#breadcrumb\"},\"inLanguage\":\"fr-FR\",\"potentialAction\":[{\"@type\":\"ReadAction\",\"target\":[\"https:\\\/\\\/legsedition.net\\\/public\\\/marie-josee-desvignes\\\/\"]}]},{\"@type\":\"ImageObject\",\"inLanguage\":\"fr-FR\",\"@id\":\"https:\\\/\\\/legsedition.net\\\/public\\\/marie-josee-desvignes\\\/#primaryimage\",\"url\":\"https:\\\/\\\/legsedition.net\\\/public\\\/wp-content\\\/uploads\\\/2015\\\/10\\\/desvignes-marie-Josee2-1.png\",\"contentUrl\":\"https:\\\/\\\/legsedition.net\\\/public\\\/wp-content\\\/uploads\\\/2015\\\/10\\\/desvignes-marie-Josee2-1.png\",\"width\":500,\"height\":662},{\"@type\":\"BreadcrumbList\",\"@id\":\"https:\\\/\\\/legsedition.net\\\/public\\\/marie-josee-desvignes\\\/#breadcrumb\",\"itemListElement\":[{\"@type\":\"ListItem\",\"position\":1,\"name\":\"Home\",\"item\":\"https:\\\/\\\/legsedition.net\\\/public\\\/\"},{\"@type\":\"ListItem\",\"position\":2,\"name\":\"Marie-Jos\u00e9e Desvignes\"}]},{\"@type\":\"WebSite\",\"@id\":\"https:\\\/\\\/legsedition.net\\\/public\\\/#website\",\"url\":\"https:\\\/\\\/legsedition.net\\\/public\\\/\",\"name\":\"LEGS &Eacute;DITION\",\"description\":\"\",\"potentialAction\":[{\"@type\":\"SearchAction\",\"target\":{\"@type\":\"EntryPoint\",\"urlTemplate\":\"https:\\\/\\\/legsedition.net\\\/public\\\/?s={search_term_string}\"},\"query-input\":{\"@type\":\"PropertyValueSpecification\",\"valueRequired\":true,\"valueName\":\"search_term_string\"}}],\"inLanguage\":\"fr-FR\"}]}<\/script>\n<!-- \/ Yoast SEO plugin. -->","yoast_head_json":{"title":"Marie-Jos\u00e9e Desvignes | LEGS &Eacute;DITION","robots":{"index":"index","follow":"follow","max-snippet":"max-snippet:-1","max-image-preview":"max-image-preview:large","max-video-preview":"max-video-preview:-1"},"canonical":"https:\/\/legsedition.net\/public\/marie-josee-desvignes\/","og_locale":"fr_FR","og_type":"article","og_title":"Marie-Jos\u00e9e Desvignes | LEGS &Eacute;DITION","og_description":"Marie-Jos\u00e9e Desvignes est po\u00e8te, nouvelliste, romanci\u00e8re et peintre. D\u00e9tentrice d&rsquo;un DEA en Lettres modernes, et r\u00e9dactrice \u00e0 la revue Legs et Litt\u00e9rature, elle est l&rsquo;auteure de nombre d&rsquo;articles parus dans des journaux et en ligne, d&rsquo;un essai La litt\u00e9rature \u00e0...","og_url":"https:\/\/legsedition.net\/public\/marie-josee-desvignes\/","og_site_name":"LEGS &Eacute;DITION","article_publisher":"https:\/\/web.facebook.com\/LegsEtLitterature\/","article_modified_time":"2023-04-07T20:35:15+00:00","og_image":[{"url":"https:\/\/legsedition.net\/public\/wp-content\/uploads\/2015\/10\/desvignes-marie-Josee2-1.png","type":"","width":"","height":""}],"twitter_card":"summary_large_image","twitter_misc":{"Dur\u00e9e de lecture estim\u00e9e":"1 minute"},"schema":{"@context":"https:\/\/schema.org","@graph":[{"@type":"WebPage","@id":"https:\/\/legsedition.net\/public\/marie-josee-desvignes\/","url":"https:\/\/legsedition.net\/public\/marie-josee-desvignes\/","name":"Marie-Jos\u00e9e Desvignes | LEGS &Eacute;DITION","isPartOf":{"@id":"https:\/\/legsedition.net\/public\/#website"},"primaryImageOfPage":{"@id":"https:\/\/legsedition.net\/public\/marie-josee-desvignes\/#primaryimage"},"image":{"@id":"https:\/\/legsedition.net\/public\/marie-josee-desvignes\/#primaryimage"},"thumbnailUrl":"https:\/\/legsedition.net\/public\/wp-content\/uploads\/2015\/10\/desvignes-marie-Josee2-1.png","datePublished":"2018-11-08T17:17:49+00:00","dateModified":"2023-04-07T20:35:15+00:00","breadcrumb":{"@id":"https:\/\/legsedition.net\/public\/marie-josee-desvignes\/#breadcrumb"},"inLanguage":"fr-FR","potentialAction":[{"@type":"ReadAction","target":["https:\/\/legsedition.net\/public\/marie-josee-desvignes\/"]}]},{"@type":"ImageObject","inLanguage":"fr-FR","@id":"https:\/\/legsedition.net\/public\/marie-josee-desvignes\/#primaryimage","url":"https:\/\/legsedition.net\/public\/wp-content\/uploads\/2015\/10\/desvignes-marie-Josee2-1.png","contentUrl":"https:\/\/legsedition.net\/public\/wp-content\/uploads\/2015\/10\/desvignes-marie-Josee2-1.png","width":500,"height":662},{"@type":"BreadcrumbList","@id":"https:\/\/legsedition.net\/public\/marie-josee-desvignes\/#breadcrumb","itemListElement":[{"@type":"ListItem","position":1,"name":"Home","item":"https:\/\/legsedition.net\/public\/"},{"@type":"ListItem","position":2,"name":"Marie-Jos\u00e9e Desvignes"}]},{"@type":"WebSite","@id":"https:\/\/legsedition.net\/public\/#website","url":"https:\/\/legsedition.net\/public\/","name":"LEGS &Eacute;DITION","description":"","potentialAction":[{"@type":"SearchAction","target":{"@type":"EntryPoint","urlTemplate":"https:\/\/legsedition.net\/public\/?s={search_term_string}"},"query-input":{"@type":"PropertyValueSpecification","valueRequired":true,"valueName":"search_term_string"}}],"inLanguage":"fr-FR"}]}},"_links":{"self":[{"href":"https:\/\/legsedition.net\/public\/wp-json\/wp\/v2\/pages\/2094","targetHints":{"allow":["GET"]}}],"collection":[{"href":"https:\/\/legsedition.net\/public\/wp-json\/wp\/v2\/pages"}],"about":[{"href":"https:\/\/legsedition.net\/public\/wp-json\/wp\/v2\/types\/page"}],"author":[{"embeddable":true,"href":"https:\/\/legsedition.net\/public\/wp-json\/wp\/v2\/users\/2"}],"replies":[{"embeddable":true,"href":"https:\/\/legsedition.net\/public\/wp-json\/wp\/v2\/comments?post=2094"}],"version-history":[{"count":8,"href":"https:\/\/legsedition.net\/public\/wp-json\/wp\/v2\/pages\/2094\/revisions"}],"predecessor-version":[{"id":5498,"href":"https:\/\/legsedition.net\/public\/wp-json\/wp\/v2\/pages\/2094\/revisions\/5498"}],"wp:attachment":[{"href":"https:\/\/legsedition.net\/public\/wp-json\/wp\/v2\/media?parent=2094"}],"curies":[{"name":"wp","href":"https:\/\/api.w.org\/{rel}","templated":true}]}}