{"id":2120,"date":"2018-11-12T17:29:42","date_gmt":"2018-11-12T17:29:42","guid":{"rendered":"http:\/\/legsedition.net\/public\/?page_id=2120"},"modified":"2023-04-07T20:11:30","modified_gmt":"2023-04-07T20:11:30","slug":"jean-robert-leonidas","status":"publish","type":"page","link":"https:\/\/legsedition.net\/public\/jean-robert-leonidas\/","title":{"rendered":"Jean-Robert L\u00e9onidas"},"content":{"rendered":"<p><a href=\"http:\/\/legsedition.net\/public\/wp-content\/uploads\/2018\/11\/leonidas.jpg\"><img fetchpriority=\"high\" decoding=\"async\" class=\"alignleft wp-image-2118 \" src=\"https:\/\/legsedition.net\/public\/wp-content\/uploads\/2018\/11\/leonidas.jpg\" alt=\"\" width=\"235\" height=\"363\" srcset=\"https:\/\/legsedition.net\/public\/wp-content\/uploads\/2018\/11\/leonidas.jpg 1525w, https:\/\/legsedition.net\/public\/wp-content\/uploads\/2018\/11\/leonidas-600x926.jpg 600w, https:\/\/legsedition.net\/public\/wp-content\/uploads\/2018\/11\/leonidas-194x300.jpg 194w, https:\/\/legsedition.net\/public\/wp-content\/uploads\/2018\/11\/leonidas-768x1185.jpg 768w, https:\/\/legsedition.net\/public\/wp-content\/uploads\/2018\/11\/leonidas-664x1024.jpg 664w, https:\/\/legsedition.net\/public\/wp-content\/uploads\/2018\/11\/leonidas-389x600.jpg 389w, https:\/\/legsedition.net\/public\/wp-content\/uploads\/2018\/11\/leonidas-104x160.jpg 104w\" sizes=\"(max-width: 235px) 100vw, 235px\" \/><\/a><\/p>\n<p>Jean-Robert L\u00e9onidas est n\u00e9 en 1946 \u00e0 J\u00e9r\u00e9mie. Il a fait des \u00e9tudes m\u00e9dicales en Ha\u00efti et aux \u00c9tats-Unis et s&rsquo;est sp\u00e9cialis\u00e9 en Endocrinologie. Romancier, essayiste et po\u00e8te, son premier roman, <em>Les Camp\u00eaches de Versailles\u00a0<\/em>a paru en 2005 chez Cidihca. Il publie son premier essai en 1992,\u00a0<em>S\u00e9r\u00e9nade pour un pays,\u00a0<\/em>qui exprime sa nostalgie du pays natal. \u00a0Il a publi\u00e9 des articles scientifiques dans des revues m\u00e9dicales am\u00e9ricaines et europ\u00e9ennes telles <em>JAMA<\/em>, <em>American Journal of Medicine<\/em>, <em>NY State Journal of Medicine<\/em>, <em>Journal of the National Medical Association <\/em>et a aussi collabor\u00e9 \u00e0 la section Culture de l&rsquo;hebdomadaire\u00a0<em>Ha\u00efti-Progr\u00e8s.\u00a0<\/em>Il vit \u00e0 pr\u00e9sent \u00e0 J\u00e9r\u00e9mie.<\/p>\n<p>[<a href=\"http:\/\/ile-en-ile.org\/leonidas\/\" target=\"_blank\" rel=\"noopener\">Voir la page de pr\u00e9sentation de Jean-Robert L\u00e9onidas \u00cele en \u00cele<\/a>]<\/p>\n<p>&nbsp;<\/p>\n<p><strong>Publication chez LEGS \u00c9DITION<\/strong><\/p>\n<p><em><a href=\"http:\/\/legsedition.net\/public\/des-hommes-et-des-ombres\/\" target=\"_blank\" rel=\"noopener\">&#8230;des hommes et des ombres<\/a>,\u00a0<\/em>2018<\/p>\n<p><a href=\"http:\/\/legsedition.net\/public\/wp-content\/uploads\/2018\/08\/cover_1_le_pere.png\"><img decoding=\"async\" class=\"alignnone size-medium wp-image-1967\" src=\"http:\/\/legsedition.net\/public\/wp-content\/uploads\/2018\/08\/cover_1_le_pere-154x300.png\" alt=\"\" width=\"154\" height=\"300\" srcset=\"https:\/\/legsedition.net\/public\/wp-content\/uploads\/2018\/08\/cover_1_le_pere-154x300.png 154w, https:\/\/legsedition.net\/public\/wp-content\/uploads\/2018\/08\/cover_1_le_pere-82x160.png 82w, https:\/\/legsedition.net\/public\/wp-content\/uploads\/2018\/08\/cover_1_le_pere.png 249w\" sizes=\"(max-width: 154px) 100vw, 154px\" \/><\/a><\/p>\n","protected":false},"excerpt":{"rendered":"<p>Jean-Robert L\u00e9onidas est n\u00e9 en 1946 \u00e0 J\u00e9r\u00e9mie. Il a fait des \u00e9tudes m\u00e9dicales en Ha\u00efti et aux \u00c9tats-Unis et s&rsquo;est sp\u00e9cialis\u00e9 en Endocrinologie. Romancier, essayiste et po\u00e8te, son premier roman, Les Camp\u00eaches de Versailles\u00a0a paru en 2005 chez Cidihca&#8230;.<\/p>\n","protected":false},"author":2,"featured_media":0,"parent":0,"menu_order":0,"comment_status":"closed","ping_status":"closed","template":"","meta":{"footnotes":""},"class_list":["post-2120","page","type-page","status-publish","hentry","no-post-thumbnail"],"yoast_head":"<!-- This site is optimized with the Yoast SEO plugin v27.3 - https:\/\/yoast.com\/product\/yoast-seo-wordpress\/ -->\n<title>Jean-Robert L\u00e9onidas | LEGS &Eacute;DITION<\/title>\n<meta name=\"robots\" content=\"index, follow, max-snippet:-1, max-image-preview:large, max-video-preview:-1\" \/>\n<link rel=\"canonical\" href=\"https:\/\/legsedition.net\/public\/jean-robert-leonidas\/\" \/>\n<meta property=\"og:locale\" content=\"fr_FR\" \/>\n<meta property=\"og:type\" content=\"article\" \/>\n<meta property=\"og:title\" content=\"Jean-Robert L\u00e9onidas | LEGS &Eacute;DITION\" \/>\n<meta property=\"og:description\" content=\"Jean-Robert L\u00e9onidas est n\u00e9 en 1946 \u00e0 J\u00e9r\u00e9mie. Il a fait des \u00e9tudes m\u00e9dicales en Ha\u00efti et aux \u00c9tats-Unis et s&rsquo;est sp\u00e9cialis\u00e9 en Endocrinologie. Romancier, essayiste et po\u00e8te, son premier roman, Les Camp\u00eaches de Versailles\u00a0a paru en 2005 chez Cidihca....\" \/>\n<meta property=\"og:url\" content=\"https:\/\/legsedition.net\/public\/jean-robert-leonidas\/\" \/>\n<meta property=\"og:site_name\" content=\"LEGS &Eacute;DITION\" \/>\n<meta property=\"article:publisher\" content=\"https:\/\/web.facebook.com\/LegsEtLitterature\/\" \/>\n<meta property=\"article:modified_time\" content=\"2023-04-07T20:11:30+00:00\" \/>\n<meta property=\"og:image\" content=\"https:\/\/legsedition.net\/public\/wp-content\/uploads\/2018\/11\/leonidas.jpg\" \/>\n<meta name=\"twitter:card\" content=\"summary_large_image\" \/>\n<meta name=\"twitter:label1\" content=\"Dur\u00e9e de lecture estim\u00e9e\" \/>\n\t<meta name=\"twitter:data1\" content=\"1 minute\" \/>\n<script type=\"application\/ld+json\" class=\"yoast-schema-graph\">{\"@context\":\"https:\\\/\\\/schema.org\",\"@graph\":[{\"@type\":\"WebPage\",\"@id\":\"https:\\\/\\\/legsedition.net\\\/public\\\/jean-robert-leonidas\\\/\",\"url\":\"https:\\\/\\\/legsedition.net\\\/public\\\/jean-robert-leonidas\\\/\",\"name\":\"Jean-Robert L\u00e9onidas | LEGS &Eacute;DITION\",\"isPartOf\":{\"@id\":\"https:\\\/\\\/legsedition.net\\\/public\\\/#website\"},\"primaryImageOfPage\":{\"@id\":\"https:\\\/\\\/legsedition.net\\\/public\\\/jean-robert-leonidas\\\/#primaryimage\"},\"image\":{\"@id\":\"https:\\\/\\\/legsedition.net\\\/public\\\/jean-robert-leonidas\\\/#primaryimage\"},\"thumbnailUrl\":\"https:\\\/\\\/legsedition.net\\\/public\\\/wp-content\\\/uploads\\\/2018\\\/11\\\/leonidas.jpg\",\"datePublished\":\"2018-11-12T17:29:42+00:00\",\"dateModified\":\"2023-04-07T20:11:30+00:00\",\"breadcrumb\":{\"@id\":\"https:\\\/\\\/legsedition.net\\\/public\\\/jean-robert-leonidas\\\/#breadcrumb\"},\"inLanguage\":\"fr-FR\",\"potentialAction\":[{\"@type\":\"ReadAction\",\"target\":[\"https:\\\/\\\/legsedition.net\\\/public\\\/jean-robert-leonidas\\\/\"]}]},{\"@type\":\"ImageObject\",\"inLanguage\":\"fr-FR\",\"@id\":\"https:\\\/\\\/legsedition.net\\\/public\\\/jean-robert-leonidas\\\/#primaryimage\",\"url\":\"https:\\\/\\\/legsedition.net\\\/public\\\/wp-content\\\/uploads\\\/2018\\\/11\\\/leonidas.jpg\",\"contentUrl\":\"https:\\\/\\\/legsedition.net\\\/public\\\/wp-content\\\/uploads\\\/2018\\\/11\\\/leonidas.jpg\",\"width\":1525,\"height\":2353},{\"@type\":\"BreadcrumbList\",\"@id\":\"https:\\\/\\\/legsedition.net\\\/public\\\/jean-robert-leonidas\\\/#breadcrumb\",\"itemListElement\":[{\"@type\":\"ListItem\",\"position\":1,\"name\":\"Home\",\"item\":\"https:\\\/\\\/legsedition.net\\\/public\\\/\"},{\"@type\":\"ListItem\",\"position\":2,\"name\":\"Jean-Robert L\u00e9onidas\"}]},{\"@type\":\"WebSite\",\"@id\":\"https:\\\/\\\/legsedition.net\\\/public\\\/#website\",\"url\":\"https:\\\/\\\/legsedition.net\\\/public\\\/\",\"name\":\"LEGS &Eacute;DITION\",\"description\":\"\",\"potentialAction\":[{\"@type\":\"SearchAction\",\"target\":{\"@type\":\"EntryPoint\",\"urlTemplate\":\"https:\\\/\\\/legsedition.net\\\/public\\\/?s={search_term_string}\"},\"query-input\":{\"@type\":\"PropertyValueSpecification\",\"valueRequired\":true,\"valueName\":\"search_term_string\"}}],\"inLanguage\":\"fr-FR\"}]}<\/script>\n<!-- \/ Yoast SEO plugin. -->","yoast_head_json":{"title":"Jean-Robert L\u00e9onidas | LEGS &Eacute;DITION","robots":{"index":"index","follow":"follow","max-snippet":"max-snippet:-1","max-image-preview":"max-image-preview:large","max-video-preview":"max-video-preview:-1"},"canonical":"https:\/\/legsedition.net\/public\/jean-robert-leonidas\/","og_locale":"fr_FR","og_type":"article","og_title":"Jean-Robert L\u00e9onidas | LEGS &Eacute;DITION","og_description":"Jean-Robert L\u00e9onidas est n\u00e9 en 1946 \u00e0 J\u00e9r\u00e9mie. Il a fait des \u00e9tudes m\u00e9dicales en Ha\u00efti et aux \u00c9tats-Unis et s&rsquo;est sp\u00e9cialis\u00e9 en Endocrinologie. Romancier, essayiste et po\u00e8te, son premier roman, Les Camp\u00eaches de Versailles\u00a0a paru en 2005 chez Cidihca....","og_url":"https:\/\/legsedition.net\/public\/jean-robert-leonidas\/","og_site_name":"LEGS &Eacute;DITION","article_publisher":"https:\/\/web.facebook.com\/LegsEtLitterature\/","article_modified_time":"2023-04-07T20:11:30+00:00","og_image":[{"url":"https:\/\/legsedition.net\/public\/wp-content\/uploads\/2018\/11\/leonidas.jpg","type":"","width":"","height":""}],"twitter_card":"summary_large_image","twitter_misc":{"Dur\u00e9e de lecture estim\u00e9e":"1 minute"},"schema":{"@context":"https:\/\/schema.org","@graph":[{"@type":"WebPage","@id":"https:\/\/legsedition.net\/public\/jean-robert-leonidas\/","url":"https:\/\/legsedition.net\/public\/jean-robert-leonidas\/","name":"Jean-Robert L\u00e9onidas | LEGS &Eacute;DITION","isPartOf":{"@id":"https:\/\/legsedition.net\/public\/#website"},"primaryImageOfPage":{"@id":"https:\/\/legsedition.net\/public\/jean-robert-leonidas\/#primaryimage"},"image":{"@id":"https:\/\/legsedition.net\/public\/jean-robert-leonidas\/#primaryimage"},"thumbnailUrl":"https:\/\/legsedition.net\/public\/wp-content\/uploads\/2018\/11\/leonidas.jpg","datePublished":"2018-11-12T17:29:42+00:00","dateModified":"2023-04-07T20:11:30+00:00","breadcrumb":{"@id":"https:\/\/legsedition.net\/public\/jean-robert-leonidas\/#breadcrumb"},"inLanguage":"fr-FR","potentialAction":[{"@type":"ReadAction","target":["https:\/\/legsedition.net\/public\/jean-robert-leonidas\/"]}]},{"@type":"ImageObject","inLanguage":"fr-FR","@id":"https:\/\/legsedition.net\/public\/jean-robert-leonidas\/#primaryimage","url":"https:\/\/legsedition.net\/public\/wp-content\/uploads\/2018\/11\/leonidas.jpg","contentUrl":"https:\/\/legsedition.net\/public\/wp-content\/uploads\/2018\/11\/leonidas.jpg","width":1525,"height":2353},{"@type":"BreadcrumbList","@id":"https:\/\/legsedition.net\/public\/jean-robert-leonidas\/#breadcrumb","itemListElement":[{"@type":"ListItem","position":1,"name":"Home","item":"https:\/\/legsedition.net\/public\/"},{"@type":"ListItem","position":2,"name":"Jean-Robert L\u00e9onidas"}]},{"@type":"WebSite","@id":"https:\/\/legsedition.net\/public\/#website","url":"https:\/\/legsedition.net\/public\/","name":"LEGS &Eacute;DITION","description":"","potentialAction":[{"@type":"SearchAction","target":{"@type":"EntryPoint","urlTemplate":"https:\/\/legsedition.net\/public\/?s={search_term_string}"},"query-input":{"@type":"PropertyValueSpecification","valueRequired":true,"valueName":"search_term_string"}}],"inLanguage":"fr-FR"}]}},"_links":{"self":[{"href":"https:\/\/legsedition.net\/public\/wp-json\/wp\/v2\/pages\/2120","targetHints":{"allow":["GET"]}}],"collection":[{"href":"https:\/\/legsedition.net\/public\/wp-json\/wp\/v2\/pages"}],"about":[{"href":"https:\/\/legsedition.net\/public\/wp-json\/wp\/v2\/types\/page"}],"author":[{"embeddable":true,"href":"https:\/\/legsedition.net\/public\/wp-json\/wp\/v2\/users\/2"}],"replies":[{"embeddable":true,"href":"https:\/\/legsedition.net\/public\/wp-json\/wp\/v2\/comments?post=2120"}],"version-history":[{"count":4,"href":"https:\/\/legsedition.net\/public\/wp-json\/wp\/v2\/pages\/2120\/revisions"}],"predecessor-version":[{"id":5479,"href":"https:\/\/legsedition.net\/public\/wp-json\/wp\/v2\/pages\/2120\/revisions\/5479"}],"wp:attachment":[{"href":"https:\/\/legsedition.net\/public\/wp-json\/wp\/v2\/media?parent=2120"}],"curies":[{"name":"wp","href":"https:\/\/api.w.org\/{rel}","templated":true}]}}